{"id":12016,"date":"2024-09-20T13:55:25","date_gmt":"2024-09-20T13:55:25","guid":{"rendered":"https:\/\/botiga.saiga.es\/producte\/socle-de-prise-schuko-16-a-250v\/"},"modified":"2024-09-20T13:55:25","modified_gmt":"2024-09-20T13:55:25","slug":"socle-de-prise-schuko-16-a-250v","status":"publish","type":"product","link":"https:\/\/saiga.es\/fr\/produit\/socle-de-prise-schuko-16-a-250v\/","title":{"rendered":"Socle de prise Schuko 16 A 250V"},"content":{"rendered":"<p>Appartenant \u00e0 la gamme large et \u00e9tendue d&rsquo;articles de la s\u00e9rie Simon 75, nous trouvons cette base de prise schuko d&rsquo;une intensit\u00e9 de 16 A et 250V~. Le syst\u00e8me de fixation est une vis et fonctionne par insertion. Un aspect important du produit est que les couvercles incluent la fonction de protection des enfants. La section de c\u00e2ble support\u00e9e est de 2,5 mm et la bande de c\u00e2ble est de 13 mm. Pour l&rsquo;installer, il suffira de poser le socle de la prise en surface ou de l&rsquo;encastrer. Le mat\u00e9riau avec lequel il a \u00e9t\u00e9 fabriqu\u00e9 est \u00e0 base de composants m\u00e9talliques avec isolation thermoplastique sans halog\u00e8ne. Les mat\u00e9riaux utilis\u00e9s dans sa fabrication conf\u00e8rent au produit une r\u00e9sistance qui le rend capable de fonctionner parfaitement \u00e0 des temp\u00e9ratures allant de 5 \u00e0 40\u00ba, pouvant m\u00eame r\u00e9sister \u00e0 des temp\u00e9ratures maximales allant jusqu&rsquo;\u00e0 -25\u00baC minimum et 50\u00ba C maximum. Conforme \u00e0 tous les syst\u00e8mes de s\u00e9curit\u00e9 selon la r\u00e9glementation en vigueur.       <\/p>\n","protected":false},"excerpt":{"rendered":"<p>Faisant partie de la large et \u00e9tendue gamme d&rsquo;articles de la s\u00e9rie Simon 75, nous avons trouv\u00e9 ce socle de prise schuko d&rsquo;une intensit\u00e9 de 16 A et 250V~.<\/p>\n","protected":false},"featured_media":12014,"comment_status":"open","ping_status":"closed","template":"","meta":[],"product_brand":[],"product_cat":[1610],"product_tag":[1617,1611],"class_list":{"0":"post-12016","1":"product","2":"type-product","3":"status-publish","4":"has-post-thumbnail","6":"product_cat-simon-fr","7":"product_tag-base-schuko-fr","8":"product_tag-simon-fr","10":"first","11":"outofstock","12":"taxable","13":"shipping-taxable","14":"product-type-simple"},"yoast_head":"<!-- This site is optimized with the Yoast SEO plugin v27.4 - https:\/\/yoast.com\/product\/yoast-seo-wordpress\/ -->\n<title>Socle de prise Schuko 16 A 250V | SAIGA<\/title>\n<meta name=\"description\" content=\"Appartenant \u00e0 la gamme large et \u00e9tendue d&#039;articles de la s\u00e9rie Simon 75, nous trouvons cette base de prise schuko d&#039;une intensit\u00e9 de 16 A et 250V~.\" \/>\n<meta name=\"robots\" content=\"index, follow, max-snippet:-1, max-image-preview:large, max-video-preview:-1\" \/>\n<link rel=\"canonical\" href=\"https:\/\/saiga.es\/fr\/produit\/socle-de-prise-schuko-16-a-250v\/\" \/>\n<meta property=\"og:locale\" content=\"fr_FR\" \/>\n<meta property=\"og:type\" content=\"article\" \/>\n<meta property=\"og:title\" content=\"Socle de prise Schuko 16 A 250V | SAIGA\" \/>\n<meta property=\"og:description\" content=\"Appartenant \u00e0 la gamme large et \u00e9tendue d&#039;articles de la s\u00e9rie Simon 75, nous trouvons cette base de prise schuko d&#039;une intensit\u00e9 de 16 A et 250V~.\" \/>\n<meta property=\"og:url\" content=\"https:\/\/saiga.es\/fr\/produit\/socle-de-prise-schuko-16-a-250v\/\" \/>\n<meta property=\"og:site_name\" content=\"SAIGA\" \/>\n<meta property=\"og:image\" content=\"https:\/\/saiga.es\/wp-content\/uploads\/2024\/09\/2708735.jpg\" \/>\n\t<meta property=\"og:image:width\" content=\"1080\" \/>\n\t<meta property=\"og:image:height\" content=\"1080\" \/>\n\t<meta property=\"og:image:type\" content=\"image\/jpeg\" \/>\n<meta name=\"twitter:card\" content=\"summary_large_image\" \/>\n<meta name=\"twitter:site\" content=\"@saiga_agro\" \/>\n<meta name=\"twitter:label1\" content=\"Dur\u00e9e de lecture estim\u00e9e\" \/>\n\t<meta name=\"twitter:data1\" content=\"1 minute\" \/>\n<script type=\"application\/ld+json\" class=\"yoast-schema-graph\">{\"@context\":\"https:\\\/\\\/schema.org\",\"@graph\":[{\"@type\":\"WebPage\",\"@id\":\"https:\\\/\\\/saiga.es\\\/fr\\\/produit\\\/socle-de-prise-schuko-16-a-250v\\\/\",\"url\":\"https:\\\/\\\/saiga.es\\\/fr\\\/produit\\\/socle-de-prise-schuko-16-a-250v\\\/\",\"name\":\"Socle de prise Schuko 16 A 250V | SAIGA\",\"isPartOf\":{\"@id\":\"https:\\\/\\\/saiga.es\\\/fr\\\/#website\"},\"primaryImageOfPage\":{\"@id\":\"https:\\\/\\\/saiga.es\\\/fr\\\/produit\\\/socle-de-prise-schuko-16-a-250v\\\/#primaryimage\"},\"image\":{\"@id\":\"https:\\\/\\\/saiga.es\\\/fr\\\/produit\\\/socle-de-prise-schuko-16-a-250v\\\/#primaryimage\"},\"thumbnailUrl\":\"https:\\\/\\\/saiga.es\\\/wp-content\\\/uploads\\\/2024\\\/09\\\/2708735.jpg\",\"datePublished\":\"2024-09-20T13:55:25+00:00\",\"description\":\"Appartenant \u00e0 la gamme large et \u00e9tendue d'articles de la s\u00e9rie Simon 75, nous trouvons cette base de prise schuko d'une intensit\u00e9 de 16 A et 250V~.\",\"breadcrumb\":{\"@id\":\"https:\\\/\\\/saiga.es\\\/fr\\\/produit\\\/socle-de-prise-schuko-16-a-250v\\\/#breadcrumb\"},\"inLanguage\":\"fr-FR\",\"potentialAction\":[{\"@type\":\"ReadAction\",\"target\":[\"https:\\\/\\\/saiga.es\\\/fr\\\/produit\\\/socle-de-prise-schuko-16-a-250v\\\/\"]}]},{\"@type\":\"ImageObject\",\"inLanguage\":\"fr-FR\",\"@id\":\"https:\\\/\\\/saiga.es\\\/fr\\\/produit\\\/socle-de-prise-schuko-16-a-250v\\\/#primaryimage\",\"url\":\"https:\\\/\\\/saiga.es\\\/wp-content\\\/uploads\\\/2024\\\/09\\\/2708735.jpg\",\"contentUrl\":\"https:\\\/\\\/saiga.es\\\/wp-content\\\/uploads\\\/2024\\\/09\\\/2708735.jpg\",\"width\":1080,\"height\":1080,\"caption\":\"Base schuko\"},{\"@type\":\"BreadcrumbList\",\"@id\":\"https:\\\/\\\/saiga.es\\\/fr\\\/produit\\\/socle-de-prise-schuko-16-a-250v\\\/#breadcrumb\",\"itemListElement\":[{\"@type\":\"ListItem\",\"position\":1,\"name\":\"Inici\",\"item\":\"https:\\\/\\\/saiga.es\\\/fr\\\/\"},{\"@type\":\"ListItem\",\"position\":2,\"name\":\"boutique\",\"item\":\"https:\\\/\\\/saiga.es\\\/fr\\\/boutique\\\/\"},{\"@type\":\"ListItem\",\"position\":3,\"name\":\"Socle de prise Schuko 16 A 250V\"}]},{\"@type\":\"WebSite\",\"@id\":\"https:\\\/\\\/saiga.es\\\/fr\\\/#website\",\"url\":\"https:\\\/\\\/saiga.es\\\/fr\\\/\",\"name\":\"SAIGA\",\"description\":\"M\u00e9s de 50 anys al servei de la terra i treballant per a un \u00fas eficient de l\u2019aigua!\",\"publisher\":{\"@id\":\"https:\\\/\\\/saiga.es\\\/fr\\\/#organization\"},\"potentialAction\":[{\"@type\":\"SearchAction\",\"target\":{\"@type\":\"EntryPoint\",\"urlTemplate\":\"https:\\\/\\\/saiga.es\\\/fr\\\/?s={search_term_string}\"},\"query-input\":{\"@type\":\"PropertyValueSpecification\",\"valueRequired\":true,\"valueName\":\"search_term_string\"}}],\"inLanguage\":\"fr-FR\"},{\"@type\":\"Organization\",\"@id\":\"https:\\\/\\\/saiga.es\\\/fr\\\/#organization\",\"name\":\"SAIGA\",\"url\":\"https:\\\/\\\/saiga.es\\\/fr\\\/\",\"logo\":{\"@type\":\"ImageObject\",\"inLanguage\":\"fr-FR\",\"@id\":\"https:\\\/\\\/saiga.es\\\/fr\\\/#\\\/schema\\\/logo\\\/image\\\/\",\"url\":\"https:\\\/\\\/saiga.es\\\/wp-content\\\/uploads\\\/2025\\\/07\\\/logo_saiga_baseline_optimitzat.svg\",\"contentUrl\":\"https:\\\/\\\/saiga.es\\\/wp-content\\\/uploads\\\/2025\\\/07\\\/logo_saiga_baseline_optimitzat.svg\",\"caption\":\"SAIGA\"},\"image\":{\"@id\":\"https:\\\/\\\/saiga.es\\\/fr\\\/#\\\/schema\\\/logo\\\/image\\\/\"},\"sameAs\":[\"https:\\\/\\\/x.com\\\/saiga_agro\",\"https:\\\/\\\/www.instagram.com\\\/saiga_agro\\\/\"]}]}<\/script>\n<!-- \/ Yoast SEO plugin. -->","yoast_head_json":{"title":"Socle de prise Schuko 16 A 250V | SAIGA","description":"Appartenant \u00e0 la gamme large et \u00e9tendue d'articles de la s\u00e9rie Simon 75, nous trouvons cette base de prise schuko d'une intensit\u00e9 de 16 A et 250V~.","robots":{"index":"index","follow":"follow","max-snippet":"max-snippet:-1","max-image-preview":"max-image-preview:large","max-video-preview":"max-video-preview:-1"},"canonical":"https:\/\/saiga.es\/fr\/produit\/socle-de-prise-schuko-16-a-250v\/","og_locale":"fr_FR","og_type":"article","og_title":"Socle de prise Schuko 16 A 250V | SAIGA","og_description":"Appartenant \u00e0 la gamme large et \u00e9tendue d'articles de la s\u00e9rie Simon 75, nous trouvons cette base de prise schuko d'une intensit\u00e9 de 16 A et 250V~.","og_url":"https:\/\/saiga.es\/fr\/produit\/socle-de-prise-schuko-16-a-250v\/","og_site_name":"SAIGA","og_image":[{"width":1080,"height":1080,"url":"https:\/\/saiga.es\/wp-content\/uploads\/2024\/09\/2708735.jpg","type":"image\/jpeg"}],"twitter_card":"summary_large_image","twitter_site":"@saiga_agro","twitter_misc":{"Dur\u00e9e de lecture estim\u00e9e":"1 minute"},"schema":{"@context":"https:\/\/schema.org","@graph":[{"@type":"WebPage","@id":"https:\/\/saiga.es\/fr\/produit\/socle-de-prise-schuko-16-a-250v\/","url":"https:\/\/saiga.es\/fr\/produit\/socle-de-prise-schuko-16-a-250v\/","name":"Socle de prise Schuko 16 A 250V | SAIGA","isPartOf":{"@id":"https:\/\/saiga.es\/fr\/#website"},"primaryImageOfPage":{"@id":"https:\/\/saiga.es\/fr\/produit\/socle-de-prise-schuko-16-a-250v\/#primaryimage"},"image":{"@id":"https:\/\/saiga.es\/fr\/produit\/socle-de-prise-schuko-16-a-250v\/#primaryimage"},"thumbnailUrl":"https:\/\/saiga.es\/wp-content\/uploads\/2024\/09\/2708735.jpg","datePublished":"2024-09-20T13:55:25+00:00","description":"Appartenant \u00e0 la gamme large et \u00e9tendue d'articles de la s\u00e9rie Simon 75, nous trouvons cette base de prise schuko d'une intensit\u00e9 de 16 A et 250V~.","breadcrumb":{"@id":"https:\/\/saiga.es\/fr\/produit\/socle-de-prise-schuko-16-a-250v\/#breadcrumb"},"inLanguage":"fr-FR","potentialAction":[{"@type":"ReadAction","target":["https:\/\/saiga.es\/fr\/produit\/socle-de-prise-schuko-16-a-250v\/"]}]},{"@type":"ImageObject","inLanguage":"fr-FR","@id":"https:\/\/saiga.es\/fr\/produit\/socle-de-prise-schuko-16-a-250v\/#primaryimage","url":"https:\/\/saiga.es\/wp-content\/uploads\/2024\/09\/2708735.jpg","contentUrl":"https:\/\/saiga.es\/wp-content\/uploads\/2024\/09\/2708735.jpg","width":1080,"height":1080,"caption":"Base schuko"},{"@type":"BreadcrumbList","@id":"https:\/\/saiga.es\/fr\/produit\/socle-de-prise-schuko-16-a-250v\/#breadcrumb","itemListElement":[{"@type":"ListItem","position":1,"name":"Inici","item":"https:\/\/saiga.es\/fr\/"},{"@type":"ListItem","position":2,"name":"boutique","item":"https:\/\/saiga.es\/fr\/boutique\/"},{"@type":"ListItem","position":3,"name":"Socle de prise Schuko 16 A 250V"}]},{"@type":"WebSite","@id":"https:\/\/saiga.es\/fr\/#website","url":"https:\/\/saiga.es\/fr\/","name":"SAIGA","description":"M\u00e9s de 50 anys al servei de la terra i treballant per a un \u00fas eficient de l\u2019aigua!","publisher":{"@id":"https:\/\/saiga.es\/fr\/#organization"},"potentialAction":[{"@type":"SearchAction","target":{"@type":"EntryPoint","urlTemplate":"https:\/\/saiga.es\/fr\/?s={search_term_string}"},"query-input":{"@type":"PropertyValueSpecification","valueRequired":true,"valueName":"search_term_string"}}],"inLanguage":"fr-FR"},{"@type":"Organization","@id":"https:\/\/saiga.es\/fr\/#organization","name":"SAIGA","url":"https:\/\/saiga.es\/fr\/","logo":{"@type":"ImageObject","inLanguage":"fr-FR","@id":"https:\/\/saiga.es\/fr\/#\/schema\/logo\/image\/","url":"https:\/\/saiga.es\/wp-content\/uploads\/2025\/07\/logo_saiga_baseline_optimitzat.svg","contentUrl":"https:\/\/saiga.es\/wp-content\/uploads\/2025\/07\/logo_saiga_baseline_optimitzat.svg","caption":"SAIGA"},"image":{"@id":"https:\/\/saiga.es\/fr\/#\/schema\/logo\/image\/"},"sameAs":["https:\/\/x.com\/saiga_agro","https:\/\/www.instagram.com\/saiga_agro\/"]}]}},"_links":{"self":[{"href":"https:\/\/saiga.es\/fr\/wp-json\/wp\/v2\/product\/12016","targetHints":{"allow":["GET"]}}],"collection":[{"href":"https:\/\/saiga.es\/fr\/wp-json\/wp\/v2\/product"}],"about":[{"href":"https:\/\/saiga.es\/fr\/wp-json\/wp\/v2\/types\/product"}],"replies":[{"embeddable":true,"href":"https:\/\/saiga.es\/fr\/wp-json\/wp\/v2\/comments?post=12016"}],"wp:featuredmedia":[{"embeddable":true,"href":"https:\/\/saiga.es\/fr\/wp-json\/wp\/v2\/media\/12014"}],"wp:attachment":[{"href":"https:\/\/saiga.es\/fr\/wp-json\/wp\/v2\/media?parent=12016"}],"wp:term":[{"taxonomy":"product_brand","embeddable":true,"href":"https:\/\/saiga.es\/fr\/wp-json\/wp\/v2\/product_brand?post=12016"},{"taxonomy":"product_cat","embeddable":true,"href":"https:\/\/saiga.es\/fr\/wp-json\/wp\/v2\/product_cat?post=12016"},{"taxonomy":"product_tag","embeddable":true,"href":"https:\/\/saiga.es\/fr\/wp-json\/wp\/v2\/product_tag?post=12016"}],"curies":[{"name":"wp","href":"https:\/\/api.w.org\/{rel}","templated":true}]}}