{"id":12023,"date":"2024-09-23T08:24:07","date_gmt":"2024-09-23T08:24:07","guid":{"rendered":"https:\/\/botiga.saiga.es\/producte\/socle-de-prise-25a-pour-cuisines\/"},"modified":"2024-09-23T08:24:07","modified_gmt":"2024-09-23T08:24:07","slug":"socle-de-prise-25a-pour-cuisines","status":"publish","type":"product","link":"https:\/\/saiga.es\/fr\/produit\/socle-de-prise-25a-pour-cuisines\/","title":{"rendered":"Socle de prise 25A pour cuisines"},"content":{"rendered":"<p>Le socle de prise 25A pour cuisines \u00ab\u00a0Sense symbol Blanco &#8211; Divers\u00a0\u00bb est un composant \u00e9lectrique indispensable pour l&rsquo;installation de cuisines et d&rsquo;appareils grand public. Con\u00e7ue pour r\u00e9sister \u00e0 des courants \u00e9lev\u00e9s, cette embase offre une connexion s\u00fbre et fiable, avec une capacit\u00e9 maximale de 25 amp\u00e8res. Fabriqu\u00e9 avec des mat\u00e9riaux de qualit\u00e9, il pr\u00e9sente une finition blanche qui s&rsquo;int\u00e8gre parfaitement \u00e0 tout style de cuisine. Id\u00e9al pour les plaques de cuisson, fours et autres appareils n\u00e9cessitant une connexion puissante et durable, garantissant une installation optimale et des performances s\u00fbres.   <\/p>\n","protected":false},"excerpt":{"rendered":"<p>La prise de courant 25A pour cuisines \u00ab\u00a0Sans symbole blanc &#8211; Divers\u00a0\u00bb est un composant \u00e9lectrique indispensable \u00e0 l&rsquo;installation des cuisines et des appareils grand public.<\/p>\n","protected":false},"featured_media":12021,"comment_status":"closed","ping_status":"closed","template":"","meta":[],"product_brand":[],"product_cat":[1620],"product_tag":[1619,1621],"class_list":{"0":"post-12023","1":"product","2":"type-product","3":"status-publish","4":"has-post-thumbnail","6":"product_cat-niessen","7":"product_tag-niessen-fr","8":"product_tag-socle-de-fiche","10":"first","11":"instock","12":"taxable","13":"shipping-taxable","14":"purchasable","15":"product-type-simple"},"yoast_head":"<!-- This site is optimized with the Yoast SEO plugin v27.4 - https:\/\/yoast.com\/product\/yoast-seo-wordpress\/ -->\n<title>Socle de prise 25A pour cuisines | SAIGA<\/title>\n<meta name=\"description\" content=\"Le socle de prise 25A pour cuisines &quot;Sense symbol Blanco - Divers&quot; est un composant \u00e9lectrique indispensable pour l&#039;installation de cuisines et d&#039;appareils grand public.\" \/>\n<meta name=\"robots\" content=\"index, follow, max-snippet:-1, max-image-preview:large, max-video-preview:-1\" \/>\n<link rel=\"canonical\" href=\"https:\/\/saiga.es\/fr\/produit\/socle-de-prise-25a-pour-cuisines\/\" \/>\n<meta property=\"og:locale\" content=\"fr_FR\" \/>\n<meta property=\"og:type\" content=\"article\" \/>\n<meta property=\"og:title\" content=\"Socle de prise 25A pour cuisines | SAIGA\" \/>\n<meta property=\"og:description\" content=\"Le socle de prise 25A pour cuisines &quot;Sense symbol Blanco - Divers&quot; est un composant \u00e9lectrique indispensable pour l&#039;installation de cuisines et d&#039;appareils grand public.\" \/>\n<meta property=\"og:url\" content=\"https:\/\/saiga.es\/fr\/produit\/socle-de-prise-25a-pour-cuisines\/\" \/>\n<meta property=\"og:site_name\" content=\"SAIGA\" \/>\n<meta property=\"og:image\" content=\"https:\/\/saiga.es\/wp-content\/uploads\/2024\/09\/Endoll-cuines-RENIES6025.jpg\" \/>\n\t<meta property=\"og:image:width\" content=\"1080\" \/>\n\t<meta property=\"og:image:height\" content=\"1080\" \/>\n\t<meta property=\"og:image:type\" content=\"image\/jpeg\" \/>\n<meta name=\"twitter:card\" content=\"summary_large_image\" \/>\n<meta name=\"twitter:site\" content=\"@saiga_agro\" \/>\n<script type=\"application\/ld+json\" class=\"yoast-schema-graph\">{\"@context\":\"https:\\\/\\\/schema.org\",\"@graph\":[{\"@type\":\"WebPage\",\"@id\":\"https:\\\/\\\/saiga.es\\\/fr\\\/produit\\\/socle-de-prise-25a-pour-cuisines\\\/\",\"url\":\"https:\\\/\\\/saiga.es\\\/fr\\\/produit\\\/socle-de-prise-25a-pour-cuisines\\\/\",\"name\":\"Socle de prise 25A pour cuisines | SAIGA\",\"isPartOf\":{\"@id\":\"https:\\\/\\\/saiga.es\\\/fr\\\/#website\"},\"primaryImageOfPage\":{\"@id\":\"https:\\\/\\\/saiga.es\\\/fr\\\/produit\\\/socle-de-prise-25a-pour-cuisines\\\/#primaryimage\"},\"image\":{\"@id\":\"https:\\\/\\\/saiga.es\\\/fr\\\/produit\\\/socle-de-prise-25a-pour-cuisines\\\/#primaryimage\"},\"thumbnailUrl\":\"https:\\\/\\\/saiga.es\\\/wp-content\\\/uploads\\\/2024\\\/09\\\/Endoll-cuines-RENIES6025.jpg\",\"datePublished\":\"2024-09-23T08:24:07+00:00\",\"description\":\"Le socle de prise 25A pour cuisines \\\"Sense symbol Blanco - Divers\\\" est un composant \u00e9lectrique indispensable pour l'installation de cuisines et d'appareils grand public.\",\"breadcrumb\":{\"@id\":\"https:\\\/\\\/saiga.es\\\/fr\\\/produit\\\/socle-de-prise-25a-pour-cuisines\\\/#breadcrumb\"},\"inLanguage\":\"fr-FR\",\"potentialAction\":[{\"@type\":\"ReadAction\",\"target\":[\"https:\\\/\\\/saiga.es\\\/fr\\\/produit\\\/socle-de-prise-25a-pour-cuisines\\\/\"]}]},{\"@type\":\"ImageObject\",\"inLanguage\":\"fr-FR\",\"@id\":\"https:\\\/\\\/saiga.es\\\/fr\\\/produit\\\/socle-de-prise-25a-pour-cuisines\\\/#primaryimage\",\"url\":\"https:\\\/\\\/saiga.es\\\/wp-content\\\/uploads\\\/2024\\\/09\\\/Endoll-cuines-RENIES6025.jpg\",\"contentUrl\":\"https:\\\/\\\/saiga.es\\\/wp-content\\\/uploads\\\/2024\\\/09\\\/Endoll-cuines-RENIES6025.jpg\",\"width\":1080,\"height\":1080,\"caption\":\"Endoll per a cuines 6025\"},{\"@type\":\"BreadcrumbList\",\"@id\":\"https:\\\/\\\/saiga.es\\\/fr\\\/produit\\\/socle-de-prise-25a-pour-cuisines\\\/#breadcrumb\",\"itemListElement\":[{\"@type\":\"ListItem\",\"position\":1,\"name\":\"Inici\",\"item\":\"https:\\\/\\\/saiga.es\\\/fr\\\/\"},{\"@type\":\"ListItem\",\"position\":2,\"name\":\"boutique\",\"item\":\"https:\\\/\\\/saiga.es\\\/fr\\\/boutique\\\/\"},{\"@type\":\"ListItem\",\"position\":3,\"name\":\"Socle de prise 25A pour cuisines\"}]},{\"@type\":\"WebSite\",\"@id\":\"https:\\\/\\\/saiga.es\\\/fr\\\/#website\",\"url\":\"https:\\\/\\\/saiga.es\\\/fr\\\/\",\"name\":\"SAIGA\",\"description\":\"M\u00e9s de 50 anys al servei de la terra i treballant per a un \u00fas eficient de l\u2019aigua!\",\"publisher\":{\"@id\":\"https:\\\/\\\/saiga.es\\\/fr\\\/#organization\"},\"potentialAction\":[{\"@type\":\"SearchAction\",\"target\":{\"@type\":\"EntryPoint\",\"urlTemplate\":\"https:\\\/\\\/saiga.es\\\/fr\\\/?s={search_term_string}\"},\"query-input\":{\"@type\":\"PropertyValueSpecification\",\"valueRequired\":true,\"valueName\":\"search_term_string\"}}],\"inLanguage\":\"fr-FR\"},{\"@type\":\"Organization\",\"@id\":\"https:\\\/\\\/saiga.es\\\/fr\\\/#organization\",\"name\":\"SAIGA\",\"url\":\"https:\\\/\\\/saiga.es\\\/fr\\\/\",\"logo\":{\"@type\":\"ImageObject\",\"inLanguage\":\"fr-FR\",\"@id\":\"https:\\\/\\\/saiga.es\\\/fr\\\/#\\\/schema\\\/logo\\\/image\\\/\",\"url\":\"https:\\\/\\\/saiga.es\\\/wp-content\\\/uploads\\\/2025\\\/07\\\/logo_saiga_baseline_optimitzat.svg\",\"contentUrl\":\"https:\\\/\\\/saiga.es\\\/wp-content\\\/uploads\\\/2025\\\/07\\\/logo_saiga_baseline_optimitzat.svg\",\"caption\":\"SAIGA\"},\"image\":{\"@id\":\"https:\\\/\\\/saiga.es\\\/fr\\\/#\\\/schema\\\/logo\\\/image\\\/\"},\"sameAs\":[\"https:\\\/\\\/x.com\\\/saiga_agro\",\"https:\\\/\\\/www.instagram.com\\\/saiga_agro\\\/\"]}]}<\/script>\n<!-- \/ Yoast SEO plugin. -->","yoast_head_json":{"title":"Socle de prise 25A pour cuisines | SAIGA","description":"Le socle de prise 25A pour cuisines \"Sense symbol Blanco - Divers\" est un composant \u00e9lectrique indispensable pour l'installation de cuisines et d'appareils grand public.","robots":{"index":"index","follow":"follow","max-snippet":"max-snippet:-1","max-image-preview":"max-image-preview:large","max-video-preview":"max-video-preview:-1"},"canonical":"https:\/\/saiga.es\/fr\/produit\/socle-de-prise-25a-pour-cuisines\/","og_locale":"fr_FR","og_type":"article","og_title":"Socle de prise 25A pour cuisines | SAIGA","og_description":"Le socle de prise 25A pour cuisines \"Sense symbol Blanco - Divers\" est un composant \u00e9lectrique indispensable pour l'installation de cuisines et d'appareils grand public.","og_url":"https:\/\/saiga.es\/fr\/produit\/socle-de-prise-25a-pour-cuisines\/","og_site_name":"SAIGA","og_image":[{"width":1080,"height":1080,"url":"https:\/\/saiga.es\/wp-content\/uploads\/2024\/09\/Endoll-cuines-RENIES6025.jpg","type":"image\/jpeg"}],"twitter_card":"summary_large_image","twitter_site":"@saiga_agro","schema":{"@context":"https:\/\/schema.org","@graph":[{"@type":"WebPage","@id":"https:\/\/saiga.es\/fr\/produit\/socle-de-prise-25a-pour-cuisines\/","url":"https:\/\/saiga.es\/fr\/produit\/socle-de-prise-25a-pour-cuisines\/","name":"Socle de prise 25A pour cuisines | SAIGA","isPartOf":{"@id":"https:\/\/saiga.es\/fr\/#website"},"primaryImageOfPage":{"@id":"https:\/\/saiga.es\/fr\/produit\/socle-de-prise-25a-pour-cuisines\/#primaryimage"},"image":{"@id":"https:\/\/saiga.es\/fr\/produit\/socle-de-prise-25a-pour-cuisines\/#primaryimage"},"thumbnailUrl":"https:\/\/saiga.es\/wp-content\/uploads\/2024\/09\/Endoll-cuines-RENIES6025.jpg","datePublished":"2024-09-23T08:24:07+00:00","description":"Le socle de prise 25A pour cuisines \"Sense symbol Blanco - Divers\" est un composant \u00e9lectrique indispensable pour l'installation de cuisines et d'appareils grand public.","breadcrumb":{"@id":"https:\/\/saiga.es\/fr\/produit\/socle-de-prise-25a-pour-cuisines\/#breadcrumb"},"inLanguage":"fr-FR","potentialAction":[{"@type":"ReadAction","target":["https:\/\/saiga.es\/fr\/produit\/socle-de-prise-25a-pour-cuisines\/"]}]},{"@type":"ImageObject","inLanguage":"fr-FR","@id":"https:\/\/saiga.es\/fr\/produit\/socle-de-prise-25a-pour-cuisines\/#primaryimage","url":"https:\/\/saiga.es\/wp-content\/uploads\/2024\/09\/Endoll-cuines-RENIES6025.jpg","contentUrl":"https:\/\/saiga.es\/wp-content\/uploads\/2024\/09\/Endoll-cuines-RENIES6025.jpg","width":1080,"height":1080,"caption":"Endoll per a cuines 6025"},{"@type":"BreadcrumbList","@id":"https:\/\/saiga.es\/fr\/produit\/socle-de-prise-25a-pour-cuisines\/#breadcrumb","itemListElement":[{"@type":"ListItem","position":1,"name":"Inici","item":"https:\/\/saiga.es\/fr\/"},{"@type":"ListItem","position":2,"name":"boutique","item":"https:\/\/saiga.es\/fr\/boutique\/"},{"@type":"ListItem","position":3,"name":"Socle de prise 25A pour cuisines"}]},{"@type":"WebSite","@id":"https:\/\/saiga.es\/fr\/#website","url":"https:\/\/saiga.es\/fr\/","name":"SAIGA","description":"M\u00e9s de 50 anys al servei de la terra i treballant per a un \u00fas eficient de l\u2019aigua!","publisher":{"@id":"https:\/\/saiga.es\/fr\/#organization"},"potentialAction":[{"@type":"SearchAction","target":{"@type":"EntryPoint","urlTemplate":"https:\/\/saiga.es\/fr\/?s={search_term_string}"},"query-input":{"@type":"PropertyValueSpecification","valueRequired":true,"valueName":"search_term_string"}}],"inLanguage":"fr-FR"},{"@type":"Organization","@id":"https:\/\/saiga.es\/fr\/#organization","name":"SAIGA","url":"https:\/\/saiga.es\/fr\/","logo":{"@type":"ImageObject","inLanguage":"fr-FR","@id":"https:\/\/saiga.es\/fr\/#\/schema\/logo\/image\/","url":"https:\/\/saiga.es\/wp-content\/uploads\/2025\/07\/logo_saiga_baseline_optimitzat.svg","contentUrl":"https:\/\/saiga.es\/wp-content\/uploads\/2025\/07\/logo_saiga_baseline_optimitzat.svg","caption":"SAIGA"},"image":{"@id":"https:\/\/saiga.es\/fr\/#\/schema\/logo\/image\/"},"sameAs":["https:\/\/x.com\/saiga_agro","https:\/\/www.instagram.com\/saiga_agro\/"]}]}},"_links":{"self":[{"href":"https:\/\/saiga.es\/fr\/wp-json\/wp\/v2\/product\/12023","targetHints":{"allow":["GET"]}}],"collection":[{"href":"https:\/\/saiga.es\/fr\/wp-json\/wp\/v2\/product"}],"about":[{"href":"https:\/\/saiga.es\/fr\/wp-json\/wp\/v2\/types\/product"}],"replies":[{"embeddable":true,"href":"https:\/\/saiga.es\/fr\/wp-json\/wp\/v2\/comments?post=12023"}],"wp:featuredmedia":[{"embeddable":true,"href":"https:\/\/saiga.es\/fr\/wp-json\/wp\/v2\/media\/12021"}],"wp:attachment":[{"href":"https:\/\/saiga.es\/fr\/wp-json\/wp\/v2\/media?parent=12023"}],"wp:term":[{"taxonomy":"product_brand","embeddable":true,"href":"https:\/\/saiga.es\/fr\/wp-json\/wp\/v2\/product_brand?post=12023"},{"taxonomy":"product_cat","embeddable":true,"href":"https:\/\/saiga.es\/fr\/wp-json\/wp\/v2\/product_cat?post=12023"},{"taxonomy":"product_tag","embeddable":true,"href":"https:\/\/saiga.es\/fr\/wp-json\/wp\/v2\/product_tag?post=12023"}],"curies":[{"name":"wp","href":"https:\/\/api.w.org\/{rel}","templated":true}]}}