{"id":12029,"date":"2024-09-23T09:13:04","date_gmt":"2024-09-23T09:13:04","guid":{"rendered":"https:\/\/botiga.saiga.es\/producte\/cadre-2-elements-horizontaux-serie-olas\/"},"modified":"2024-09-23T09:13:04","modified_gmt":"2024-09-23T09:13:04","slug":"cadre-2-elements-horizontaux-serie-olas","status":"publish","type":"product","link":"https:\/\/saiga.es\/fr\/produit\/cadre-2-elements-horizontaux-serie-olas\/","title":{"rendered":"Cadre 2 \u00e9l\u00e9ments horizontaux S\u00e9rie Olas"},"content":{"rendered":"<p>Le cadre 2 \u00e9l\u00e9ments horizontaux de la s\u00e9rie Olas White Jasmine est un accessoire \u00e9l\u00e9gant au design minimaliste qui s&rsquo;int\u00e8gre parfaitement dans tout environnement moderne. Avec des finitions douces dans les tons de blanc jasmin et blanc cr\u00e8me, ce cadre offre un \u00e9quilibre entre fonctionnalit\u00e9 et esth\u00e9tique. Il comprend deux fen\u00eatres con\u00e7ues pour organiser les \u00e9l\u00e9ments de mani\u00e8re ordonn\u00e9e et accessible. Le motif \u00ab Waves \u00bb ajoute un d\u00e9tail d\u00e9coratif subtil qui ajoute de la personnalit\u00e9 sans surcharger l&rsquo;espace. Id\u00e9al pour les projets de d\u00e9coration int\u00e9rieure recherchant sophistication et harmonie visuelle, ce produit est durable et facile \u00e0 installer.    <\/p>\n","protected":false},"excerpt":{"rendered":"<p>Le cadre 2 \u00e9l\u00e9ments horizontaux de la s\u00e9rie Olas White Jasmine est un accessoire \u00e9l\u00e9gant au design minimaliste qui s&rsquo;int\u00e8gre parfaitement dans tout environnement moderne.<\/p>\n","protected":false},"featured_media":12027,"comment_status":"closed","ping_status":"closed","template":"","meta":[],"product_brand":[],"product_cat":[1620],"product_tag":[1626,1291,1619,1627],"class_list":{"0":"post-12029","1":"product","2":"type-product","3":"status-publish","4":"has-post-thumbnail","6":"product_cat-niessen","7":"product_tag-cadre","8":"product_tag-equipement-electrique","9":"product_tag-niessen-fr","10":"product_tag-olas-fr","12":"first","13":"instock","14":"taxable","15":"shipping-taxable","16":"purchasable","17":"product-type-simple"},"yoast_head":"<!-- This site is optimized with the Yoast SEO plugin v27.4 - https:\/\/yoast.com\/product\/yoast-seo-wordpress\/ -->\n<title>Cadre 2 \u00e9l\u00e9ments horizontaux S\u00e9rie Olas | SAIGA<\/title>\n<meta name=\"description\" content=\"Le cadre 2 \u00e9l\u00e9ments horizontaux de la s\u00e9rie Olas White Jasmine est un accessoire \u00e9l\u00e9gant au design minimaliste qui s&#039;int\u00e8gre parfaitement dans tout environnement moderne.\" \/>\n<meta name=\"robots\" content=\"index, follow, max-snippet:-1, max-image-preview:large, max-video-preview:-1\" \/>\n<link rel=\"canonical\" href=\"https:\/\/saiga.es\/fr\/produit\/cadre-2-elements-horizontaux-serie-olas\/\" \/>\n<meta property=\"og:locale\" content=\"fr_FR\" \/>\n<meta property=\"og:type\" content=\"article\" \/>\n<meta property=\"og:title\" content=\"Cadre 2 \u00e9l\u00e9ments horizontaux S\u00e9rie Olas | SAIGA\" \/>\n<meta property=\"og:description\" content=\"Le cadre 2 \u00e9l\u00e9ments horizontaux de la s\u00e9rie Olas White Jasmine est un accessoire \u00e9l\u00e9gant au design minimaliste qui s&#039;int\u00e8gre parfaitement dans tout environnement moderne.\" \/>\n<meta property=\"og:url\" content=\"https:\/\/saiga.es\/fr\/produit\/cadre-2-elements-horizontaux-serie-olas\/\" \/>\n<meta property=\"og:site_name\" content=\"SAIGA\" \/>\n<meta property=\"og:image\" content=\"https:\/\/saiga.es\/wp-content\/uploads\/2024\/09\/RENIES84721BL.jpg\" \/>\n\t<meta property=\"og:image:width\" content=\"1080\" \/>\n\t<meta property=\"og:image:height\" content=\"1080\" \/>\n\t<meta property=\"og:image:type\" content=\"image\/jpeg\" \/>\n<meta name=\"twitter:card\" content=\"summary_large_image\" \/>\n<meta name=\"twitter:site\" content=\"@saiga_agro\" \/>\n<meta name=\"twitter:label1\" content=\"Dur\u00e9e de lecture estim\u00e9e\" \/>\n\t<meta name=\"twitter:data1\" content=\"1 minute\" \/>\n<script type=\"application\/ld+json\" class=\"yoast-schema-graph\">{\"@context\":\"https:\\\/\\\/schema.org\",\"@graph\":[{\"@type\":\"WebPage\",\"@id\":\"https:\\\/\\\/saiga.es\\\/fr\\\/produit\\\/cadre-2-elements-horizontaux-serie-olas\\\/\",\"url\":\"https:\\\/\\\/saiga.es\\\/fr\\\/produit\\\/cadre-2-elements-horizontaux-serie-olas\\\/\",\"name\":\"Cadre 2 \u00e9l\u00e9ments horizontaux S\u00e9rie Olas | SAIGA\",\"isPartOf\":{\"@id\":\"https:\\\/\\\/saiga.es\\\/fr\\\/#website\"},\"primaryImageOfPage\":{\"@id\":\"https:\\\/\\\/saiga.es\\\/fr\\\/produit\\\/cadre-2-elements-horizontaux-serie-olas\\\/#primaryimage\"},\"image\":{\"@id\":\"https:\\\/\\\/saiga.es\\\/fr\\\/produit\\\/cadre-2-elements-horizontaux-serie-olas\\\/#primaryimage\"},\"thumbnailUrl\":\"https:\\\/\\\/saiga.es\\\/wp-content\\\/uploads\\\/2024\\\/09\\\/RENIES84721BL.jpg\",\"datePublished\":\"2024-09-23T09:13:04+00:00\",\"description\":\"Le cadre 2 \u00e9l\u00e9ments horizontaux de la s\u00e9rie Olas White Jasmine est un accessoire \u00e9l\u00e9gant au design minimaliste qui s'int\u00e8gre parfaitement dans tout environnement moderne.\",\"breadcrumb\":{\"@id\":\"https:\\\/\\\/saiga.es\\\/fr\\\/produit\\\/cadre-2-elements-horizontaux-serie-olas\\\/#breadcrumb\"},\"inLanguage\":\"fr-FR\",\"potentialAction\":[{\"@type\":\"ReadAction\",\"target\":[\"https:\\\/\\\/saiga.es\\\/fr\\\/produit\\\/cadre-2-elements-horizontaux-serie-olas\\\/\"]}]},{\"@type\":\"ImageObject\",\"inLanguage\":\"fr-FR\",\"@id\":\"https:\\\/\\\/saiga.es\\\/fr\\\/produit\\\/cadre-2-elements-horizontaux-serie-olas\\\/#primaryimage\",\"url\":\"https:\\\/\\\/saiga.es\\\/wp-content\\\/uploads\\\/2024\\\/09\\\/RENIES84721BL.jpg\",\"contentUrl\":\"https:\\\/\\\/saiga.es\\\/wp-content\\\/uploads\\\/2024\\\/09\\\/RENIES84721BL.jpg\",\"width\":1080,\"height\":1080,\"caption\":\"Cadre 2 \u00e9l\u00e9ments Blanc Niessen 84721BL\"},{\"@type\":\"BreadcrumbList\",\"@id\":\"https:\\\/\\\/saiga.es\\\/fr\\\/produit\\\/cadre-2-elements-horizontaux-serie-olas\\\/#breadcrumb\",\"itemListElement\":[{\"@type\":\"ListItem\",\"position\":1,\"name\":\"Inici\",\"item\":\"https:\\\/\\\/saiga.es\\\/fr\\\/\"},{\"@type\":\"ListItem\",\"position\":2,\"name\":\"boutique\",\"item\":\"https:\\\/\\\/saiga.es\\\/fr\\\/boutique\\\/\"},{\"@type\":\"ListItem\",\"position\":3,\"name\":\"Cadre 2 \u00e9l\u00e9ments horizontaux S\u00e9rie Olas\"}]},{\"@type\":\"WebSite\",\"@id\":\"https:\\\/\\\/saiga.es\\\/fr\\\/#website\",\"url\":\"https:\\\/\\\/saiga.es\\\/fr\\\/\",\"name\":\"SAIGA\",\"description\":\"M\u00e9s de 50 anys al servei de la terra i treballant per a un \u00fas eficient de l\u2019aigua!\",\"publisher\":{\"@id\":\"https:\\\/\\\/saiga.es\\\/fr\\\/#organization\"},\"potentialAction\":[{\"@type\":\"SearchAction\",\"target\":{\"@type\":\"EntryPoint\",\"urlTemplate\":\"https:\\\/\\\/saiga.es\\\/fr\\\/?s={search_term_string}\"},\"query-input\":{\"@type\":\"PropertyValueSpecification\",\"valueRequired\":true,\"valueName\":\"search_term_string\"}}],\"inLanguage\":\"fr-FR\"},{\"@type\":\"Organization\",\"@id\":\"https:\\\/\\\/saiga.es\\\/fr\\\/#organization\",\"name\":\"SAIGA\",\"url\":\"https:\\\/\\\/saiga.es\\\/fr\\\/\",\"logo\":{\"@type\":\"ImageObject\",\"inLanguage\":\"fr-FR\",\"@id\":\"https:\\\/\\\/saiga.es\\\/fr\\\/#\\\/schema\\\/logo\\\/image\\\/\",\"url\":\"https:\\\/\\\/saiga.es\\\/wp-content\\\/uploads\\\/2025\\\/07\\\/logo_saiga_baseline_optimitzat.svg\",\"contentUrl\":\"https:\\\/\\\/saiga.es\\\/wp-content\\\/uploads\\\/2025\\\/07\\\/logo_saiga_baseline_optimitzat.svg\",\"caption\":\"SAIGA\"},\"image\":{\"@id\":\"https:\\\/\\\/saiga.es\\\/fr\\\/#\\\/schema\\\/logo\\\/image\\\/\"},\"sameAs\":[\"https:\\\/\\\/x.com\\\/saiga_agro\",\"https:\\\/\\\/www.instagram.com\\\/saiga_agro\\\/\"]}]}<\/script>\n<!-- \/ Yoast SEO plugin. -->","yoast_head_json":{"title":"Cadre 2 \u00e9l\u00e9ments horizontaux S\u00e9rie Olas | SAIGA","description":"Le cadre 2 \u00e9l\u00e9ments horizontaux de la s\u00e9rie Olas White Jasmine est un accessoire \u00e9l\u00e9gant au design minimaliste qui s'int\u00e8gre parfaitement dans tout environnement moderne.","robots":{"index":"index","follow":"follow","max-snippet":"max-snippet:-1","max-image-preview":"max-image-preview:large","max-video-preview":"max-video-preview:-1"},"canonical":"https:\/\/saiga.es\/fr\/produit\/cadre-2-elements-horizontaux-serie-olas\/","og_locale":"fr_FR","og_type":"article","og_title":"Cadre 2 \u00e9l\u00e9ments horizontaux S\u00e9rie Olas | SAIGA","og_description":"Le cadre 2 \u00e9l\u00e9ments horizontaux de la s\u00e9rie Olas White Jasmine est un accessoire \u00e9l\u00e9gant au design minimaliste qui s'int\u00e8gre parfaitement dans tout environnement moderne.","og_url":"https:\/\/saiga.es\/fr\/produit\/cadre-2-elements-horizontaux-serie-olas\/","og_site_name":"SAIGA","og_image":[{"width":1080,"height":1080,"url":"https:\/\/saiga.es\/wp-content\/uploads\/2024\/09\/RENIES84721BL.jpg","type":"image\/jpeg"}],"twitter_card":"summary_large_image","twitter_site":"@saiga_agro","twitter_misc":{"Dur\u00e9e de lecture estim\u00e9e":"1 minute"},"schema":{"@context":"https:\/\/schema.org","@graph":[{"@type":"WebPage","@id":"https:\/\/saiga.es\/fr\/produit\/cadre-2-elements-horizontaux-serie-olas\/","url":"https:\/\/saiga.es\/fr\/produit\/cadre-2-elements-horizontaux-serie-olas\/","name":"Cadre 2 \u00e9l\u00e9ments horizontaux S\u00e9rie Olas | SAIGA","isPartOf":{"@id":"https:\/\/saiga.es\/fr\/#website"},"primaryImageOfPage":{"@id":"https:\/\/saiga.es\/fr\/produit\/cadre-2-elements-horizontaux-serie-olas\/#primaryimage"},"image":{"@id":"https:\/\/saiga.es\/fr\/produit\/cadre-2-elements-horizontaux-serie-olas\/#primaryimage"},"thumbnailUrl":"https:\/\/saiga.es\/wp-content\/uploads\/2024\/09\/RENIES84721BL.jpg","datePublished":"2024-09-23T09:13:04+00:00","description":"Le cadre 2 \u00e9l\u00e9ments horizontaux de la s\u00e9rie Olas White Jasmine est un accessoire \u00e9l\u00e9gant au design minimaliste qui s'int\u00e8gre parfaitement dans tout environnement moderne.","breadcrumb":{"@id":"https:\/\/saiga.es\/fr\/produit\/cadre-2-elements-horizontaux-serie-olas\/#breadcrumb"},"inLanguage":"fr-FR","potentialAction":[{"@type":"ReadAction","target":["https:\/\/saiga.es\/fr\/produit\/cadre-2-elements-horizontaux-serie-olas\/"]}]},{"@type":"ImageObject","inLanguage":"fr-FR","@id":"https:\/\/saiga.es\/fr\/produit\/cadre-2-elements-horizontaux-serie-olas\/#primaryimage","url":"https:\/\/saiga.es\/wp-content\/uploads\/2024\/09\/RENIES84721BL.jpg","contentUrl":"https:\/\/saiga.es\/wp-content\/uploads\/2024\/09\/RENIES84721BL.jpg","width":1080,"height":1080,"caption":"Cadre 2 \u00e9l\u00e9ments Blanc Niessen 84721BL"},{"@type":"BreadcrumbList","@id":"https:\/\/saiga.es\/fr\/produit\/cadre-2-elements-horizontaux-serie-olas\/#breadcrumb","itemListElement":[{"@type":"ListItem","position":1,"name":"Inici","item":"https:\/\/saiga.es\/fr\/"},{"@type":"ListItem","position":2,"name":"boutique","item":"https:\/\/saiga.es\/fr\/boutique\/"},{"@type":"ListItem","position":3,"name":"Cadre 2 \u00e9l\u00e9ments horizontaux S\u00e9rie Olas"}]},{"@type":"WebSite","@id":"https:\/\/saiga.es\/fr\/#website","url":"https:\/\/saiga.es\/fr\/","name":"SAIGA","description":"M\u00e9s de 50 anys al servei de la terra i treballant per a un \u00fas eficient de l\u2019aigua!","publisher":{"@id":"https:\/\/saiga.es\/fr\/#organization"},"potentialAction":[{"@type":"SearchAction","target":{"@type":"EntryPoint","urlTemplate":"https:\/\/saiga.es\/fr\/?s={search_term_string}"},"query-input":{"@type":"PropertyValueSpecification","valueRequired":true,"valueName":"search_term_string"}}],"inLanguage":"fr-FR"},{"@type":"Organization","@id":"https:\/\/saiga.es\/fr\/#organization","name":"SAIGA","url":"https:\/\/saiga.es\/fr\/","logo":{"@type":"ImageObject","inLanguage":"fr-FR","@id":"https:\/\/saiga.es\/fr\/#\/schema\/logo\/image\/","url":"https:\/\/saiga.es\/wp-content\/uploads\/2025\/07\/logo_saiga_baseline_optimitzat.svg","contentUrl":"https:\/\/saiga.es\/wp-content\/uploads\/2025\/07\/logo_saiga_baseline_optimitzat.svg","caption":"SAIGA"},"image":{"@id":"https:\/\/saiga.es\/fr\/#\/schema\/logo\/image\/"},"sameAs":["https:\/\/x.com\/saiga_agro","https:\/\/www.instagram.com\/saiga_agro\/"]}]}},"_links":{"self":[{"href":"https:\/\/saiga.es\/fr\/wp-json\/wp\/v2\/product\/12029","targetHints":{"allow":["GET"]}}],"collection":[{"href":"https:\/\/saiga.es\/fr\/wp-json\/wp\/v2\/product"}],"about":[{"href":"https:\/\/saiga.es\/fr\/wp-json\/wp\/v2\/types\/product"}],"replies":[{"embeddable":true,"href":"https:\/\/saiga.es\/fr\/wp-json\/wp\/v2\/comments?post=12029"}],"wp:featuredmedia":[{"embeddable":true,"href":"https:\/\/saiga.es\/fr\/wp-json\/wp\/v2\/media\/12027"}],"wp:attachment":[{"href":"https:\/\/saiga.es\/fr\/wp-json\/wp\/v2\/media?parent=12029"}],"wp:term":[{"taxonomy":"product_brand","embeddable":true,"href":"https:\/\/saiga.es\/fr\/wp-json\/wp\/v2\/product_brand?post=12029"},{"taxonomy":"product_cat","embeddable":true,"href":"https:\/\/saiga.es\/fr\/wp-json\/wp\/v2\/product_cat?post=12029"},{"taxonomy":"product_tag","embeddable":true,"href":"https:\/\/saiga.es\/fr\/wp-json\/wp\/v2\/product_tag?post=12029"}],"curies":[{"name":"wp","href":"https:\/\/api.w.org\/{rel}","templated":true}]}}