{"id":12035,"date":"2024-09-23T09:47:15","date_gmt":"2024-09-23T09:47:15","guid":{"rendered":"https:\/\/botiga.saiga.es\/producte\/cadre-1-element-serie-white-waves\/"},"modified":"2024-09-23T09:47:15","modified_gmt":"2024-09-23T09:47:15","slug":"cadre-1-element-serie-white-waves","status":"publish","type":"product","link":"https:\/\/saiga.es\/fr\/produit\/cadre-1-element-serie-white-waves\/","title":{"rendered":"Cadre 1 \u00e9l\u00e9ment S\u00e9rie White Waves"},"content":{"rendered":"<p>Le cadre 1 \u00e9l\u00e9ment Blanc S\u00e9rie Olas est un cadre pour installations \u00e9lectriques de la s\u00e9rie Olas de Niessen. Ce cadre est con\u00e7u pour encadrer un seul \u00e9l\u00e9ment, tel qu&rsquo;un interrupteur ou une prise, et est pr\u00e9sent\u00e9 en blanc, offrant un style moderne et \u00e9l\u00e9gant qui s&rsquo;adapte \u00e0 tout type de d\u00e9coration int\u00e9rieure. Fabriqu\u00e9 avec des mat\u00e9riaux durables et de qualit\u00e9, il permet une installation simple et s\u00e9curitaire. La s\u00e9rie Olas se caract\u00e9rise par un design doux aux lignes courbes, con\u00e7u pour allier fonctionnalit\u00e9 et esth\u00e9tique dans les espaces domestiques et commerciaux. Id\u00e9al pour les int\u00e9rieurs minimalistes et contemporains.    <\/p>\n","protected":false},"excerpt":{"rendered":"<p>Le cadre 1 \u00e9l\u00e9ment Blanc S\u00e9rie Olas est un cadre pour installations \u00e9lectriques de la s\u00e9rie Olas de Niessen. Ce cadre est con\u00e7u pour encadrer un seul \u00e9l\u00e9ment, tel qu&rsquo;un interrupteur ou une prise, et est pr\u00e9sent\u00e9 en blanc, offrant un style moderne et \u00e9l\u00e9gant qui s&rsquo;adapte \u00e0 tout type de d\u00e9coration int\u00e9rieure. <\/p>\n","protected":false},"featured_media":12033,"comment_status":"open","ping_status":"closed","template":"","meta":[],"product_brand":[],"product_cat":[1620],"product_tag":[1626,1291,1619],"class_list":{"0":"post-12035","1":"product","2":"type-product","3":"status-publish","4":"has-post-thumbnail","6":"product_cat-niessen","7":"product_tag-cadre","8":"product_tag-equipement-electrique","9":"product_tag-niessen-fr","11":"first","12":"instock","13":"taxable","14":"shipping-taxable","15":"purchasable","16":"product-type-simple"},"yoast_head":"<!-- This site is optimized with the Yoast SEO plugin v27.4 - https:\/\/yoast.com\/product\/yoast-seo-wordpress\/ -->\n<title>Cadre 1 \u00e9l\u00e9ment S\u00e9rie White Waves | SAIGA<\/title>\n<meta name=\"description\" content=\"Le cadre 1 \u00e9l\u00e9ment Blanc S\u00e9rie Olas est un cadre pour installations \u00e9lectriques de la s\u00e9rie Olas de Niessen. Ce cadre est con\u00e7u pour encadrer un seul \u00e9l\u00e9ment, tel qu&#039;un interrupteur ou une prise.\" \/>\n<meta name=\"robots\" content=\"index, follow, max-snippet:-1, max-image-preview:large, max-video-preview:-1\" \/>\n<link rel=\"canonical\" href=\"https:\/\/saiga.es\/fr\/produit\/cadre-1-element-serie-white-waves\/\" \/>\n<meta property=\"og:locale\" content=\"fr_FR\" \/>\n<meta property=\"og:type\" content=\"article\" \/>\n<meta property=\"og:title\" content=\"Cadre 1 \u00e9l\u00e9ment S\u00e9rie White Waves | SAIGA\" \/>\n<meta property=\"og:description\" content=\"Le cadre 1 \u00e9l\u00e9ment Blanc S\u00e9rie Olas est un cadre pour installations \u00e9lectriques de la s\u00e9rie Olas de Niessen. Ce cadre est con\u00e7u pour encadrer un seul \u00e9l\u00e9ment, tel qu&#039;un interrupteur ou une prise.\" \/>\n<meta property=\"og:url\" content=\"https:\/\/saiga.es\/fr\/produit\/cadre-1-element-serie-white-waves\/\" \/>\n<meta property=\"og:site_name\" content=\"SAIGA\" \/>\n<meta property=\"og:image\" content=\"https:\/\/saiga.es\/wp-content\/uploads\/2024\/09\/Marc-1-element.jpg\" \/>\n\t<meta property=\"og:image:width\" content=\"1080\" \/>\n\t<meta property=\"og:image:height\" content=\"1080\" \/>\n\t<meta property=\"og:image:type\" content=\"image\/jpeg\" \/>\n<meta name=\"twitter:card\" content=\"summary_large_image\" \/>\n<meta name=\"twitter:site\" content=\"@saiga_agro\" \/>\n<meta name=\"twitter:label1\" content=\"Dur\u00e9e de lecture estim\u00e9e\" \/>\n\t<meta name=\"twitter:data1\" content=\"1 minute\" \/>\n<script type=\"application\/ld+json\" class=\"yoast-schema-graph\">{\"@context\":\"https:\\\/\\\/schema.org\",\"@graph\":[{\"@type\":\"WebPage\",\"@id\":\"https:\\\/\\\/saiga.es\\\/fr\\\/produit\\\/cadre-1-element-serie-white-waves\\\/\",\"url\":\"https:\\\/\\\/saiga.es\\\/fr\\\/produit\\\/cadre-1-element-serie-white-waves\\\/\",\"name\":\"Cadre 1 \u00e9l\u00e9ment S\u00e9rie White Waves | SAIGA\",\"isPartOf\":{\"@id\":\"https:\\\/\\\/saiga.es\\\/fr\\\/#website\"},\"primaryImageOfPage\":{\"@id\":\"https:\\\/\\\/saiga.es\\\/fr\\\/produit\\\/cadre-1-element-serie-white-waves\\\/#primaryimage\"},\"image\":{\"@id\":\"https:\\\/\\\/saiga.es\\\/fr\\\/produit\\\/cadre-1-element-serie-white-waves\\\/#primaryimage\"},\"thumbnailUrl\":\"https:\\\/\\\/saiga.es\\\/wp-content\\\/uploads\\\/2024\\\/09\\\/Marc-1-element.jpg\",\"datePublished\":\"2024-09-23T09:47:15+00:00\",\"description\":\"Le cadre 1 \u00e9l\u00e9ment Blanc S\u00e9rie Olas est un cadre pour installations \u00e9lectriques de la s\u00e9rie Olas de Niessen. Ce cadre est con\u00e7u pour encadrer un seul \u00e9l\u00e9ment, tel qu'un interrupteur ou une prise.\",\"breadcrumb\":{\"@id\":\"https:\\\/\\\/saiga.es\\\/fr\\\/produit\\\/cadre-1-element-serie-white-waves\\\/#breadcrumb\"},\"inLanguage\":\"fr-FR\",\"potentialAction\":[{\"@type\":\"ReadAction\",\"target\":[\"https:\\\/\\\/saiga.es\\\/fr\\\/produit\\\/cadre-1-element-serie-white-waves\\\/\"]}]},{\"@type\":\"ImageObject\",\"inLanguage\":\"fr-FR\",\"@id\":\"https:\\\/\\\/saiga.es\\\/fr\\\/produit\\\/cadre-1-element-serie-white-waves\\\/#primaryimage\",\"url\":\"https:\\\/\\\/saiga.es\\\/wp-content\\\/uploads\\\/2024\\\/09\\\/Marc-1-element.jpg\",\"contentUrl\":\"https:\\\/\\\/saiga.es\\\/wp-content\\\/uploads\\\/2024\\\/09\\\/Marc-1-element.jpg\",\"width\":1080,\"height\":1080,\"caption\":\"Cadre 1 \u00e9l\u00e9ment RENIES8471BL\"},{\"@type\":\"BreadcrumbList\",\"@id\":\"https:\\\/\\\/saiga.es\\\/fr\\\/produit\\\/cadre-1-element-serie-white-waves\\\/#breadcrumb\",\"itemListElement\":[{\"@type\":\"ListItem\",\"position\":1,\"name\":\"Inici\",\"item\":\"https:\\\/\\\/saiga.es\\\/fr\\\/\"},{\"@type\":\"ListItem\",\"position\":2,\"name\":\"boutique\",\"item\":\"https:\\\/\\\/saiga.es\\\/fr\\\/boutique\\\/\"},{\"@type\":\"ListItem\",\"position\":3,\"name\":\"Cadre 1 \u00e9l\u00e9ment S\u00e9rie White Waves\"}]},{\"@type\":\"WebSite\",\"@id\":\"https:\\\/\\\/saiga.es\\\/fr\\\/#website\",\"url\":\"https:\\\/\\\/saiga.es\\\/fr\\\/\",\"name\":\"SAIGA\",\"description\":\"M\u00e9s de 50 anys al servei de la terra i treballant per a un \u00fas eficient de l\u2019aigua!\",\"publisher\":{\"@id\":\"https:\\\/\\\/saiga.es\\\/fr\\\/#organization\"},\"potentialAction\":[{\"@type\":\"SearchAction\",\"target\":{\"@type\":\"EntryPoint\",\"urlTemplate\":\"https:\\\/\\\/saiga.es\\\/fr\\\/?s={search_term_string}\"},\"query-input\":{\"@type\":\"PropertyValueSpecification\",\"valueRequired\":true,\"valueName\":\"search_term_string\"}}],\"inLanguage\":\"fr-FR\"},{\"@type\":\"Organization\",\"@id\":\"https:\\\/\\\/saiga.es\\\/fr\\\/#organization\",\"name\":\"SAIGA\",\"url\":\"https:\\\/\\\/saiga.es\\\/fr\\\/\",\"logo\":{\"@type\":\"ImageObject\",\"inLanguage\":\"fr-FR\",\"@id\":\"https:\\\/\\\/saiga.es\\\/fr\\\/#\\\/schema\\\/logo\\\/image\\\/\",\"url\":\"https:\\\/\\\/saiga.es\\\/wp-content\\\/uploads\\\/2025\\\/07\\\/logo_saiga_baseline_optimitzat.svg\",\"contentUrl\":\"https:\\\/\\\/saiga.es\\\/wp-content\\\/uploads\\\/2025\\\/07\\\/logo_saiga_baseline_optimitzat.svg\",\"caption\":\"SAIGA\"},\"image\":{\"@id\":\"https:\\\/\\\/saiga.es\\\/fr\\\/#\\\/schema\\\/logo\\\/image\\\/\"},\"sameAs\":[\"https:\\\/\\\/x.com\\\/saiga_agro\",\"https:\\\/\\\/www.instagram.com\\\/saiga_agro\\\/\"]}]}<\/script>\n<!-- \/ Yoast SEO plugin. -->","yoast_head_json":{"title":"Cadre 1 \u00e9l\u00e9ment S\u00e9rie White Waves | SAIGA","description":"Le cadre 1 \u00e9l\u00e9ment Blanc S\u00e9rie Olas est un cadre pour installations \u00e9lectriques de la s\u00e9rie Olas de Niessen. Ce cadre est con\u00e7u pour encadrer un seul \u00e9l\u00e9ment, tel qu'un interrupteur ou une prise.","robots":{"index":"index","follow":"follow","max-snippet":"max-snippet:-1","max-image-preview":"max-image-preview:large","max-video-preview":"max-video-preview:-1"},"canonical":"https:\/\/saiga.es\/fr\/produit\/cadre-1-element-serie-white-waves\/","og_locale":"fr_FR","og_type":"article","og_title":"Cadre 1 \u00e9l\u00e9ment S\u00e9rie White Waves | SAIGA","og_description":"Le cadre 1 \u00e9l\u00e9ment Blanc S\u00e9rie Olas est un cadre pour installations \u00e9lectriques de la s\u00e9rie Olas de Niessen. Ce cadre est con\u00e7u pour encadrer un seul \u00e9l\u00e9ment, tel qu'un interrupteur ou une prise.","og_url":"https:\/\/saiga.es\/fr\/produit\/cadre-1-element-serie-white-waves\/","og_site_name":"SAIGA","og_image":[{"width":1080,"height":1080,"url":"https:\/\/saiga.es\/wp-content\/uploads\/2024\/09\/Marc-1-element.jpg","type":"image\/jpeg"}],"twitter_card":"summary_large_image","twitter_site":"@saiga_agro","twitter_misc":{"Dur\u00e9e de lecture estim\u00e9e":"1 minute"},"schema":{"@context":"https:\/\/schema.org","@graph":[{"@type":"WebPage","@id":"https:\/\/saiga.es\/fr\/produit\/cadre-1-element-serie-white-waves\/","url":"https:\/\/saiga.es\/fr\/produit\/cadre-1-element-serie-white-waves\/","name":"Cadre 1 \u00e9l\u00e9ment S\u00e9rie White Waves | SAIGA","isPartOf":{"@id":"https:\/\/saiga.es\/fr\/#website"},"primaryImageOfPage":{"@id":"https:\/\/saiga.es\/fr\/produit\/cadre-1-element-serie-white-waves\/#primaryimage"},"image":{"@id":"https:\/\/saiga.es\/fr\/produit\/cadre-1-element-serie-white-waves\/#primaryimage"},"thumbnailUrl":"https:\/\/saiga.es\/wp-content\/uploads\/2024\/09\/Marc-1-element.jpg","datePublished":"2024-09-23T09:47:15+00:00","description":"Le cadre 1 \u00e9l\u00e9ment Blanc S\u00e9rie Olas est un cadre pour installations \u00e9lectriques de la s\u00e9rie Olas de Niessen. Ce cadre est con\u00e7u pour encadrer un seul \u00e9l\u00e9ment, tel qu'un interrupteur ou une prise.","breadcrumb":{"@id":"https:\/\/saiga.es\/fr\/produit\/cadre-1-element-serie-white-waves\/#breadcrumb"},"inLanguage":"fr-FR","potentialAction":[{"@type":"ReadAction","target":["https:\/\/saiga.es\/fr\/produit\/cadre-1-element-serie-white-waves\/"]}]},{"@type":"ImageObject","inLanguage":"fr-FR","@id":"https:\/\/saiga.es\/fr\/produit\/cadre-1-element-serie-white-waves\/#primaryimage","url":"https:\/\/saiga.es\/wp-content\/uploads\/2024\/09\/Marc-1-element.jpg","contentUrl":"https:\/\/saiga.es\/wp-content\/uploads\/2024\/09\/Marc-1-element.jpg","width":1080,"height":1080,"caption":"Cadre 1 \u00e9l\u00e9ment RENIES8471BL"},{"@type":"BreadcrumbList","@id":"https:\/\/saiga.es\/fr\/produit\/cadre-1-element-serie-white-waves\/#breadcrumb","itemListElement":[{"@type":"ListItem","position":1,"name":"Inici","item":"https:\/\/saiga.es\/fr\/"},{"@type":"ListItem","position":2,"name":"boutique","item":"https:\/\/saiga.es\/fr\/boutique\/"},{"@type":"ListItem","position":3,"name":"Cadre 1 \u00e9l\u00e9ment S\u00e9rie White Waves"}]},{"@type":"WebSite","@id":"https:\/\/saiga.es\/fr\/#website","url":"https:\/\/saiga.es\/fr\/","name":"SAIGA","description":"M\u00e9s de 50 anys al servei de la terra i treballant per a un \u00fas eficient de l\u2019aigua!","publisher":{"@id":"https:\/\/saiga.es\/fr\/#organization"},"potentialAction":[{"@type":"SearchAction","target":{"@type":"EntryPoint","urlTemplate":"https:\/\/saiga.es\/fr\/?s={search_term_string}"},"query-input":{"@type":"PropertyValueSpecification","valueRequired":true,"valueName":"search_term_string"}}],"inLanguage":"fr-FR"},{"@type":"Organization","@id":"https:\/\/saiga.es\/fr\/#organization","name":"SAIGA","url":"https:\/\/saiga.es\/fr\/","logo":{"@type":"ImageObject","inLanguage":"fr-FR","@id":"https:\/\/saiga.es\/fr\/#\/schema\/logo\/image\/","url":"https:\/\/saiga.es\/wp-content\/uploads\/2025\/07\/logo_saiga_baseline_optimitzat.svg","contentUrl":"https:\/\/saiga.es\/wp-content\/uploads\/2025\/07\/logo_saiga_baseline_optimitzat.svg","caption":"SAIGA"},"image":{"@id":"https:\/\/saiga.es\/fr\/#\/schema\/logo\/image\/"},"sameAs":["https:\/\/x.com\/saiga_agro","https:\/\/www.instagram.com\/saiga_agro\/"]}]}},"_links":{"self":[{"href":"https:\/\/saiga.es\/fr\/wp-json\/wp\/v2\/product\/12035","targetHints":{"allow":["GET"]}}],"collection":[{"href":"https:\/\/saiga.es\/fr\/wp-json\/wp\/v2\/product"}],"about":[{"href":"https:\/\/saiga.es\/fr\/wp-json\/wp\/v2\/types\/product"}],"replies":[{"embeddable":true,"href":"https:\/\/saiga.es\/fr\/wp-json\/wp\/v2\/comments?post=12035"}],"wp:featuredmedia":[{"embeddable":true,"href":"https:\/\/saiga.es\/fr\/wp-json\/wp\/v2\/media\/12033"}],"wp:attachment":[{"href":"https:\/\/saiga.es\/fr\/wp-json\/wp\/v2\/media?parent=12035"}],"wp:term":[{"taxonomy":"product_brand","embeddable":true,"href":"https:\/\/saiga.es\/fr\/wp-json\/wp\/v2\/product_brand?post=12035"},{"taxonomy":"product_cat","embeddable":true,"href":"https:\/\/saiga.es\/fr\/wp-json\/wp\/v2\/product_cat?post=12035"},{"taxonomy":"product_tag","embeddable":true,"href":"https:\/\/saiga.es\/fr\/wp-json\/wp\/v2\/product_tag?post=12035"}],"curies":[{"name":"wp","href":"https:\/\/api.w.org\/{rel}","templated":true}]}}