{"id":12048,"date":"2024-09-23T11:19:58","date_gmt":"2024-09-23T11:19:58","guid":{"rendered":"https:\/\/botiga.saiga.es\/producte\/cache-fenetre-1-connecteur-1-module-blanc\/"},"modified":"2024-09-23T11:19:58","modified_gmt":"2024-09-23T11:19:58","slug":"cache-fenetre-1-connecteur-1-module-blanc","status":"publish","type":"product","link":"https:\/\/saiga.es\/fr\/produit\/cache-fenetre-1-connecteur-1-module-blanc\/","title":{"rendered":"Cache fen\u00eatre 1 connecteur 1 module blanc"},"content":{"rendered":"<p>Ce produit est un cache de fen\u00eatre de connexion de module blanc. Con\u00e7u pour recouvrir et prot\u00e9ger un point de connexion, il offre une finition \u00e9pur\u00e9e et \u00e9l\u00e9gante aux installations \u00e9lectriques ou de communication. Compatible avec les syst\u00e8mes de connexion mono-module, il est facile \u00e0 installer et constitue une solution pratique pour conserver l\u2019esth\u00e9tique et la fonctionnalit\u00e9 des espaces. Son design minimaliste de couleur blanche s&rsquo;adapte \u00e0 n&rsquo;importe quel environnement, aussi bien domestique que commercial. Id\u00e9al pour les professionnels recherchant un produit de qualit\u00e9 pour la r\u00e9alisation de projets \u00e9lectriques.    <\/p>\n","protected":false},"excerpt":{"rendered":"<p>Ce produit est un cache de fen\u00eatre de connexion de module blanc. Con\u00e7u pour recouvrir et prot\u00e9ger un point de connexion, il offre une finition \u00e9pur\u00e9e et \u00e9l\u00e9gante aux installations \u00e9lectriques ou de communication. <\/p>\n","protected":false},"featured_media":12046,"comment_status":"closed","ping_status":"closed","template":"","meta":[],"product_brand":[],"product_cat":[1620],"product_tag":[1631,1291,1619],"class_list":{"0":"post-12048","1":"product","2":"type-product","3":"status-publish","4":"has-post-thumbnail","6":"product_cat-niessen","7":"product_tag-couverture-de-fenetre","8":"product_tag-equipement-electrique","9":"product_tag-niessen-fr","11":"first","12":"instock","13":"taxable","14":"shipping-taxable","15":"purchasable","16":"product-type-simple"},"yoast_head":"<!-- This site is optimized with the Yoast SEO plugin v27.4 - https:\/\/yoast.com\/product\/yoast-seo-wordpress\/ -->\n<title>Cache fen\u00eatre 1 connecteur 1 module blanc | SAIGA<\/title>\n<meta name=\"description\" content=\"Ce produit est un cache de fen\u00eatre de connexion de module blanc. Con\u00e7u pour recouvrir et prot\u00e9ger un point de connexion, il offre une finition \u00e9pur\u00e9e et \u00e9l\u00e9gante aux installations \u00e9lectriques ou de communication.\" \/>\n<meta name=\"robots\" content=\"index, follow, max-snippet:-1, max-image-preview:large, max-video-preview:-1\" \/>\n<link rel=\"canonical\" href=\"https:\/\/saiga.es\/fr\/produit\/cache-fenetre-1-connecteur-1-module-blanc\/\" \/>\n<meta property=\"og:locale\" content=\"fr_FR\" \/>\n<meta property=\"og:type\" content=\"article\" \/>\n<meta property=\"og:title\" content=\"Cache fen\u00eatre 1 connecteur 1 module blanc | SAIGA\" \/>\n<meta property=\"og:description\" content=\"Ce produit est un cache de fen\u00eatre de connexion de module blanc. Con\u00e7u pour recouvrir et prot\u00e9ger un point de connexion, il offre une finition \u00e9pur\u00e9e et \u00e9l\u00e9gante aux installations \u00e9lectriques ou de communication.\" \/>\n<meta property=\"og:url\" content=\"https:\/\/saiga.es\/fr\/produit\/cache-fenetre-1-connecteur-1-module-blanc\/\" \/>\n<meta property=\"og:site_name\" content=\"SAIGA\" \/>\n<meta property=\"og:image\" content=\"https:\/\/saiga.es\/wp-content\/uploads\/2024\/09\/n2118.1bl.jpg\" \/>\n\t<meta property=\"og:image:width\" content=\"1080\" \/>\n\t<meta property=\"og:image:height\" content=\"1080\" \/>\n\t<meta property=\"og:image:type\" content=\"image\/jpeg\" \/>\n<meta name=\"twitter:card\" content=\"summary_large_image\" \/>\n<meta name=\"twitter:site\" content=\"@saiga_agro\" \/>\n<script type=\"application\/ld+json\" class=\"yoast-schema-graph\">{\"@context\":\"https:\\\/\\\/schema.org\",\"@graph\":[{\"@type\":\"WebPage\",\"@id\":\"https:\\\/\\\/saiga.es\\\/fr\\\/produit\\\/cache-fenetre-1-connecteur-1-module-blanc\\\/\",\"url\":\"https:\\\/\\\/saiga.es\\\/fr\\\/produit\\\/cache-fenetre-1-connecteur-1-module-blanc\\\/\",\"name\":\"Cache fen\u00eatre 1 connecteur 1 module blanc | SAIGA\",\"isPartOf\":{\"@id\":\"https:\\\/\\\/saiga.es\\\/fr\\\/#website\"},\"primaryImageOfPage\":{\"@id\":\"https:\\\/\\\/saiga.es\\\/fr\\\/produit\\\/cache-fenetre-1-connecteur-1-module-blanc\\\/#primaryimage\"},\"image\":{\"@id\":\"https:\\\/\\\/saiga.es\\\/fr\\\/produit\\\/cache-fenetre-1-connecteur-1-module-blanc\\\/#primaryimage\"},\"thumbnailUrl\":\"https:\\\/\\\/saiga.es\\\/wp-content\\\/uploads\\\/2024\\\/09\\\/n2118.1bl.jpg\",\"datePublished\":\"2024-09-23T11:19:58+00:00\",\"description\":\"Ce produit est un cache de fen\u00eatre de connexion de module blanc. Con\u00e7u pour recouvrir et prot\u00e9ger un point de connexion, il offre une finition \u00e9pur\u00e9e et \u00e9l\u00e9gante aux installations \u00e9lectriques ou de communication.\",\"breadcrumb\":{\"@id\":\"https:\\\/\\\/saiga.es\\\/fr\\\/produit\\\/cache-fenetre-1-connecteur-1-module-blanc\\\/#breadcrumb\"},\"inLanguage\":\"fr-FR\",\"potentialAction\":[{\"@type\":\"ReadAction\",\"target\":[\"https:\\\/\\\/saiga.es\\\/fr\\\/produit\\\/cache-fenetre-1-connecteur-1-module-blanc\\\/\"]}]},{\"@type\":\"ImageObject\",\"inLanguage\":\"fr-FR\",\"@id\":\"https:\\\/\\\/saiga.es\\\/fr\\\/produit\\\/cache-fenetre-1-connecteur-1-module-blanc\\\/#primaryimage\",\"url\":\"https:\\\/\\\/saiga.es\\\/wp-content\\\/uploads\\\/2024\\\/09\\\/n2118.1bl.jpg\",\"contentUrl\":\"https:\\\/\\\/saiga.es\\\/wp-content\\\/uploads\\\/2024\\\/09\\\/n2118.1bl.jpg\",\"width\":1080,\"height\":1080,\"caption\":\"Cache fen\u00eatre 1 connecteur 2118.1 Bl\"},{\"@type\":\"BreadcrumbList\",\"@id\":\"https:\\\/\\\/saiga.es\\\/fr\\\/produit\\\/cache-fenetre-1-connecteur-1-module-blanc\\\/#breadcrumb\",\"itemListElement\":[{\"@type\":\"ListItem\",\"position\":1,\"name\":\"Inici\",\"item\":\"https:\\\/\\\/saiga.es\\\/fr\\\/\"},{\"@type\":\"ListItem\",\"position\":2,\"name\":\"boutique\",\"item\":\"https:\\\/\\\/saiga.es\\\/fr\\\/boutique\\\/\"},{\"@type\":\"ListItem\",\"position\":3,\"name\":\"Cache fen\u00eatre 1 connecteur 1 module blanc\"}]},{\"@type\":\"WebSite\",\"@id\":\"https:\\\/\\\/saiga.es\\\/fr\\\/#website\",\"url\":\"https:\\\/\\\/saiga.es\\\/fr\\\/\",\"name\":\"SAIGA\",\"description\":\"M\u00e9s de 50 anys al servei de la terra i treballant per a un \u00fas eficient de l\u2019aigua!\",\"publisher\":{\"@id\":\"https:\\\/\\\/saiga.es\\\/fr\\\/#organization\"},\"potentialAction\":[{\"@type\":\"SearchAction\",\"target\":{\"@type\":\"EntryPoint\",\"urlTemplate\":\"https:\\\/\\\/saiga.es\\\/fr\\\/?s={search_term_string}\"},\"query-input\":{\"@type\":\"PropertyValueSpecification\",\"valueRequired\":true,\"valueName\":\"search_term_string\"}}],\"inLanguage\":\"fr-FR\"},{\"@type\":\"Organization\",\"@id\":\"https:\\\/\\\/saiga.es\\\/fr\\\/#organization\",\"name\":\"SAIGA\",\"url\":\"https:\\\/\\\/saiga.es\\\/fr\\\/\",\"logo\":{\"@type\":\"ImageObject\",\"inLanguage\":\"fr-FR\",\"@id\":\"https:\\\/\\\/saiga.es\\\/fr\\\/#\\\/schema\\\/logo\\\/image\\\/\",\"url\":\"https:\\\/\\\/saiga.es\\\/wp-content\\\/uploads\\\/2025\\\/07\\\/logo_saiga_baseline_optimitzat.svg\",\"contentUrl\":\"https:\\\/\\\/saiga.es\\\/wp-content\\\/uploads\\\/2025\\\/07\\\/logo_saiga_baseline_optimitzat.svg\",\"caption\":\"SAIGA\"},\"image\":{\"@id\":\"https:\\\/\\\/saiga.es\\\/fr\\\/#\\\/schema\\\/logo\\\/image\\\/\"},\"sameAs\":[\"https:\\\/\\\/x.com\\\/saiga_agro\",\"https:\\\/\\\/www.instagram.com\\\/saiga_agro\\\/\"]}]}<\/script>\n<!-- \/ Yoast SEO plugin. -->","yoast_head_json":{"title":"Cache fen\u00eatre 1 connecteur 1 module blanc | SAIGA","description":"Ce produit est un cache de fen\u00eatre de connexion de module blanc. Con\u00e7u pour recouvrir et prot\u00e9ger un point de connexion, il offre une finition \u00e9pur\u00e9e et \u00e9l\u00e9gante aux installations \u00e9lectriques ou de communication.","robots":{"index":"index","follow":"follow","max-snippet":"max-snippet:-1","max-image-preview":"max-image-preview:large","max-video-preview":"max-video-preview:-1"},"canonical":"https:\/\/saiga.es\/fr\/produit\/cache-fenetre-1-connecteur-1-module-blanc\/","og_locale":"fr_FR","og_type":"article","og_title":"Cache fen\u00eatre 1 connecteur 1 module blanc | SAIGA","og_description":"Ce produit est un cache de fen\u00eatre de connexion de module blanc. Con\u00e7u pour recouvrir et prot\u00e9ger un point de connexion, il offre une finition \u00e9pur\u00e9e et \u00e9l\u00e9gante aux installations \u00e9lectriques ou de communication.","og_url":"https:\/\/saiga.es\/fr\/produit\/cache-fenetre-1-connecteur-1-module-blanc\/","og_site_name":"SAIGA","og_image":[{"width":1080,"height":1080,"url":"https:\/\/saiga.es\/wp-content\/uploads\/2024\/09\/n2118.1bl.jpg","type":"image\/jpeg"}],"twitter_card":"summary_large_image","twitter_site":"@saiga_agro","schema":{"@context":"https:\/\/schema.org","@graph":[{"@type":"WebPage","@id":"https:\/\/saiga.es\/fr\/produit\/cache-fenetre-1-connecteur-1-module-blanc\/","url":"https:\/\/saiga.es\/fr\/produit\/cache-fenetre-1-connecteur-1-module-blanc\/","name":"Cache fen\u00eatre 1 connecteur 1 module blanc | SAIGA","isPartOf":{"@id":"https:\/\/saiga.es\/fr\/#website"},"primaryImageOfPage":{"@id":"https:\/\/saiga.es\/fr\/produit\/cache-fenetre-1-connecteur-1-module-blanc\/#primaryimage"},"image":{"@id":"https:\/\/saiga.es\/fr\/produit\/cache-fenetre-1-connecteur-1-module-blanc\/#primaryimage"},"thumbnailUrl":"https:\/\/saiga.es\/wp-content\/uploads\/2024\/09\/n2118.1bl.jpg","datePublished":"2024-09-23T11:19:58+00:00","description":"Ce produit est un cache de fen\u00eatre de connexion de module blanc. Con\u00e7u pour recouvrir et prot\u00e9ger un point de connexion, il offre une finition \u00e9pur\u00e9e et \u00e9l\u00e9gante aux installations \u00e9lectriques ou de communication.","breadcrumb":{"@id":"https:\/\/saiga.es\/fr\/produit\/cache-fenetre-1-connecteur-1-module-blanc\/#breadcrumb"},"inLanguage":"fr-FR","potentialAction":[{"@type":"ReadAction","target":["https:\/\/saiga.es\/fr\/produit\/cache-fenetre-1-connecteur-1-module-blanc\/"]}]},{"@type":"ImageObject","inLanguage":"fr-FR","@id":"https:\/\/saiga.es\/fr\/produit\/cache-fenetre-1-connecteur-1-module-blanc\/#primaryimage","url":"https:\/\/saiga.es\/wp-content\/uploads\/2024\/09\/n2118.1bl.jpg","contentUrl":"https:\/\/saiga.es\/wp-content\/uploads\/2024\/09\/n2118.1bl.jpg","width":1080,"height":1080,"caption":"Cache fen\u00eatre 1 connecteur 2118.1 Bl"},{"@type":"BreadcrumbList","@id":"https:\/\/saiga.es\/fr\/produit\/cache-fenetre-1-connecteur-1-module-blanc\/#breadcrumb","itemListElement":[{"@type":"ListItem","position":1,"name":"Inici","item":"https:\/\/saiga.es\/fr\/"},{"@type":"ListItem","position":2,"name":"boutique","item":"https:\/\/saiga.es\/fr\/boutique\/"},{"@type":"ListItem","position":3,"name":"Cache fen\u00eatre 1 connecteur 1 module blanc"}]},{"@type":"WebSite","@id":"https:\/\/saiga.es\/fr\/#website","url":"https:\/\/saiga.es\/fr\/","name":"SAIGA","description":"M\u00e9s de 50 anys al servei de la terra i treballant per a un \u00fas eficient de l\u2019aigua!","publisher":{"@id":"https:\/\/saiga.es\/fr\/#organization"},"potentialAction":[{"@type":"SearchAction","target":{"@type":"EntryPoint","urlTemplate":"https:\/\/saiga.es\/fr\/?s={search_term_string}"},"query-input":{"@type":"PropertyValueSpecification","valueRequired":true,"valueName":"search_term_string"}}],"inLanguage":"fr-FR"},{"@type":"Organization","@id":"https:\/\/saiga.es\/fr\/#organization","name":"SAIGA","url":"https:\/\/saiga.es\/fr\/","logo":{"@type":"ImageObject","inLanguage":"fr-FR","@id":"https:\/\/saiga.es\/fr\/#\/schema\/logo\/image\/","url":"https:\/\/saiga.es\/wp-content\/uploads\/2025\/07\/logo_saiga_baseline_optimitzat.svg","contentUrl":"https:\/\/saiga.es\/wp-content\/uploads\/2025\/07\/logo_saiga_baseline_optimitzat.svg","caption":"SAIGA"},"image":{"@id":"https:\/\/saiga.es\/fr\/#\/schema\/logo\/image\/"},"sameAs":["https:\/\/x.com\/saiga_agro","https:\/\/www.instagram.com\/saiga_agro\/"]}]}},"_links":{"self":[{"href":"https:\/\/saiga.es\/fr\/wp-json\/wp\/v2\/product\/12048","targetHints":{"allow":["GET"]}}],"collection":[{"href":"https:\/\/saiga.es\/fr\/wp-json\/wp\/v2\/product"}],"about":[{"href":"https:\/\/saiga.es\/fr\/wp-json\/wp\/v2\/types\/product"}],"replies":[{"embeddable":true,"href":"https:\/\/saiga.es\/fr\/wp-json\/wp\/v2\/comments?post=12048"}],"wp:featuredmedia":[{"embeddable":true,"href":"https:\/\/saiga.es\/fr\/wp-json\/wp\/v2\/media\/12046"}],"wp:attachment":[{"href":"https:\/\/saiga.es\/fr\/wp-json\/wp\/v2\/media?parent=12048"}],"wp:term":[{"taxonomy":"product_brand","embeddable":true,"href":"https:\/\/saiga.es\/fr\/wp-json\/wp\/v2\/product_brand?post=12048"},{"taxonomy":"product_cat","embeddable":true,"href":"https:\/\/saiga.es\/fr\/wp-json\/wp\/v2\/product_cat?post=12048"},{"taxonomy":"product_tag","embeddable":true,"href":"https:\/\/saiga.es\/fr\/wp-json\/wp\/v2\/product_tag?post=12048"}],"curies":[{"name":"wp","href":"https:\/\/api.w.org\/{rel}","templated":true}]}}