{"id":12070,"date":"2024-09-23T13:40:43","date_gmt":"2024-09-23T13:40:43","guid":{"rendered":"https:\/\/botiga.saiga.es\/producte\/cultivateur-14cm-combysistem-gardena\/"},"modified":"2024-09-23T13:40:43","modified_gmt":"2024-09-23T13:40:43","slug":"cultivateur-14cm-combysistem-gardena","status":"publish","type":"product","link":"https:\/\/saiga.es\/fr\/produit\/cultivateur-14cm-combysistem-gardena\/","title":{"rendered":"Cultivateur 14cm combysistem gardena"},"content":{"rendered":"<p>Cultivateur 14 cm combysistem gardena Le cultivateur combisystem GARDENA, d&rsquo;une largeur de travail de 14 cm, ameublit le sol pour le pr\u00e9parer \u00e0 la plantation. Compatible avec toutes les poign\u00e9es combisystem, il offre une flexibilit\u00e9 avec des accessoires interchangeables. Les quatre roues \u00e9vas\u00e9es permettent d&rsquo;ameublir le sol de mani\u00e8re optimale pour le semis, et sa structure en acier avec rev\u00eatement Duroplast garantit durabilit\u00e9 et protection contre la corrosion. Comprend une garantie de 25 ans.    &nbsp;<\/p>\n<p>&nbsp;<\/p>\n","protected":false},"excerpt":{"rendered":"<p>&nbsp; Cultivateur 14cm combysistem gardena Le cultivateur combisystem GARDENA, d&rsquo;une largeur de travail de 14 cm, ameublit le sol pour le pr\u00e9parer \u00e0 la plantation. Compatible avec toutes les poign\u00e9es combisystem, il offre une flexibilit\u00e9 avec des accessoires interchangeables. Les quatre roues \u00e9vas\u00e9es permettent d&rsquo;ameublir le sol de mani\u00e8re optimale pour le semis, et sa structure en acier avec rev\u00eatement Duroplast garantit durabilit\u00e9 et protection contre la corrosion. Comprend une garantie de 25 ans.    &nbsp;<\/p>\n<p>&nbsp;<\/p>\n","protected":false},"featured_media":12073,"comment_status":"open","ping_status":"closed","template":"","meta":[],"product_brand":[],"product_cat":[1635],"product_tag":[],"class_list":{"0":"post-12070","1":"product","2":"type-product","3":"status-publish","4":"has-post-thumbnail","6":"product_cat-autres","8":"first","9":"instock","10":"taxable","11":"shipping-taxable","12":"purchasable","13":"product-type-simple"},"yoast_head":"<!-- This site is optimized with the Yoast SEO plugin v27.3 - https:\/\/yoast.com\/product\/yoast-seo-wordpress\/ -->\n<title>Cultivateur 14cm combysistem gardena | SAIGA<\/title>\n<meta name=\"description\" content=\"Le cultivateur combisystem de GARDENA ameublit le sol des massifs de fleurs pour les pr\u00e9parer \u00e0 la plantation, gr\u00e2ce \u00e0 ses roues en forme d&#039;\u00e9toile.\" \/>\n<meta name=\"robots\" content=\"index, follow, max-snippet:-1, max-image-preview:large, max-video-preview:-1\" \/>\n<link rel=\"canonical\" href=\"https:\/\/saiga.es\/fr\/produit\/cultivateur-14cm-combysistem-gardena\/\" \/>\n<meta property=\"og:locale\" content=\"fr_FR\" \/>\n<meta property=\"og:type\" content=\"article\" \/>\n<meta property=\"og:title\" content=\"Cultivateur 14cm combysistem gardena | SAIGA\" \/>\n<meta property=\"og:description\" content=\"Le cultivateur combisystem de GARDENA ameublit le sol des massifs de fleurs pour les pr\u00e9parer \u00e0 la plantation, gr\u00e2ce \u00e0 ses roues en forme d&#039;\u00e9toile.\" \/>\n<meta property=\"og:url\" content=\"https:\/\/saiga.es\/fr\/produit\/cultivateur-14cm-combysistem-gardena\/\" \/>\n<meta property=\"og:site_name\" content=\"SAIGA\" \/>\n<meta property=\"og:image\" content=\"https:\/\/saiga.es\/wp-content\/uploads\/2024\/09\/Desterronador.jpg\" \/>\n\t<meta property=\"og:image:width\" content=\"1080\" \/>\n\t<meta property=\"og:image:height\" content=\"1080\" \/>\n\t<meta property=\"og:image:type\" content=\"image\/jpeg\" \/>\n<meta name=\"twitter:card\" content=\"summary_large_image\" \/>\n<meta name=\"twitter:site\" content=\"@saiga_agro\" \/>\n<script type=\"application\/ld+json\" class=\"yoast-schema-graph\">{\"@context\":\"https:\\\/\\\/schema.org\",\"@graph\":[{\"@type\":\"WebPage\",\"@id\":\"https:\\\/\\\/saiga.es\\\/fr\\\/produit\\\/cultivateur-14cm-combysistem-gardena\\\/\",\"url\":\"https:\\\/\\\/saiga.es\\\/fr\\\/produit\\\/cultivateur-14cm-combysistem-gardena\\\/\",\"name\":\"Cultivateur 14cm combysistem gardena | SAIGA\",\"isPartOf\":{\"@id\":\"https:\\\/\\\/saiga.es\\\/fr\\\/#website\"},\"primaryImageOfPage\":{\"@id\":\"https:\\\/\\\/saiga.es\\\/fr\\\/produit\\\/cultivateur-14cm-combysistem-gardena\\\/#primaryimage\"},\"image\":{\"@id\":\"https:\\\/\\\/saiga.es\\\/fr\\\/produit\\\/cultivateur-14cm-combysistem-gardena\\\/#primaryimage\"},\"thumbnailUrl\":\"https:\\\/\\\/saiga.es\\\/wp-content\\\/uploads\\\/2024\\\/09\\\/Desterronador.jpg\",\"datePublished\":\"2024-09-23T13:40:43+00:00\",\"description\":\"Le cultivateur combisystem de GARDENA ameublit le sol des massifs de fleurs pour les pr\u00e9parer \u00e0 la plantation, gr\u00e2ce \u00e0 ses roues en forme d'\u00e9toile.\",\"breadcrumb\":{\"@id\":\"https:\\\/\\\/saiga.es\\\/fr\\\/produit\\\/cultivateur-14cm-combysistem-gardena\\\/#breadcrumb\"},\"inLanguage\":\"fr-FR\",\"potentialAction\":[{\"@type\":\"ReadAction\",\"target\":[\"https:\\\/\\\/saiga.es\\\/fr\\\/produit\\\/cultivateur-14cm-combysistem-gardena\\\/\"]}]},{\"@type\":\"ImageObject\",\"inLanguage\":\"fr-FR\",\"@id\":\"https:\\\/\\\/saiga.es\\\/fr\\\/produit\\\/cultivateur-14cm-combysistem-gardena\\\/#primaryimage\",\"url\":\"https:\\\/\\\/saiga.es\\\/wp-content\\\/uploads\\\/2024\\\/09\\\/Desterronador.jpg\",\"contentUrl\":\"https:\\\/\\\/saiga.es\\\/wp-content\\\/uploads\\\/2024\\\/09\\\/Desterronador.jpg\",\"width\":1080,\"height\":1080,\"caption\":\"Desterronador\"},{\"@type\":\"BreadcrumbList\",\"@id\":\"https:\\\/\\\/saiga.es\\\/fr\\\/produit\\\/cultivateur-14cm-combysistem-gardena\\\/#breadcrumb\",\"itemListElement\":[{\"@type\":\"ListItem\",\"position\":1,\"name\":\"Inici\",\"item\":\"https:\\\/\\\/saiga.es\\\/fr\\\/\"},{\"@type\":\"ListItem\",\"position\":2,\"name\":\"boutique\",\"item\":\"https:\\\/\\\/saiga.es\\\/fr\\\/boutique\\\/\"},{\"@type\":\"ListItem\",\"position\":3,\"name\":\"Cultivateur 14cm combysistem gardena\"}]},{\"@type\":\"WebSite\",\"@id\":\"https:\\\/\\\/saiga.es\\\/fr\\\/#website\",\"url\":\"https:\\\/\\\/saiga.es\\\/fr\\\/\",\"name\":\"SAIGA\",\"description\":\"M\u00e9s de 50 anys al servei de la terra i treballant per a un \u00fas eficient de l\u2019aigua!\",\"publisher\":{\"@id\":\"https:\\\/\\\/saiga.es\\\/fr\\\/#organization\"},\"potentialAction\":[{\"@type\":\"SearchAction\",\"target\":{\"@type\":\"EntryPoint\",\"urlTemplate\":\"https:\\\/\\\/saiga.es\\\/fr\\\/?s={search_term_string}\"},\"query-input\":{\"@type\":\"PropertyValueSpecification\",\"valueRequired\":true,\"valueName\":\"search_term_string\"}}],\"inLanguage\":\"fr-FR\"},{\"@type\":\"Organization\",\"@id\":\"https:\\\/\\\/saiga.es\\\/fr\\\/#organization\",\"name\":\"SAIGA\",\"url\":\"https:\\\/\\\/saiga.es\\\/fr\\\/\",\"logo\":{\"@type\":\"ImageObject\",\"inLanguage\":\"fr-FR\",\"@id\":\"https:\\\/\\\/saiga.es\\\/fr\\\/#\\\/schema\\\/logo\\\/image\\\/\",\"url\":\"https:\\\/\\\/saiga.es\\\/wp-content\\\/uploads\\\/2025\\\/07\\\/logo_saiga_baseline_optimitzat.svg\",\"contentUrl\":\"https:\\\/\\\/saiga.es\\\/wp-content\\\/uploads\\\/2025\\\/07\\\/logo_saiga_baseline_optimitzat.svg\",\"caption\":\"SAIGA\"},\"image\":{\"@id\":\"https:\\\/\\\/saiga.es\\\/fr\\\/#\\\/schema\\\/logo\\\/image\\\/\"},\"sameAs\":[\"https:\\\/\\\/x.com\\\/saiga_agro\",\"https:\\\/\\\/www.instagram.com\\\/saiga_agro\\\/\"]}]}<\/script>\n<!-- \/ Yoast SEO plugin. -->","yoast_head_json":{"title":"Cultivateur 14cm combysistem gardena | SAIGA","description":"Le cultivateur combisystem de GARDENA ameublit le sol des massifs de fleurs pour les pr\u00e9parer \u00e0 la plantation, gr\u00e2ce \u00e0 ses roues en forme d'\u00e9toile.","robots":{"index":"index","follow":"follow","max-snippet":"max-snippet:-1","max-image-preview":"max-image-preview:large","max-video-preview":"max-video-preview:-1"},"canonical":"https:\/\/saiga.es\/fr\/produit\/cultivateur-14cm-combysistem-gardena\/","og_locale":"fr_FR","og_type":"article","og_title":"Cultivateur 14cm combysistem gardena | SAIGA","og_description":"Le cultivateur combisystem de GARDENA ameublit le sol des massifs de fleurs pour les pr\u00e9parer \u00e0 la plantation, gr\u00e2ce \u00e0 ses roues en forme d'\u00e9toile.","og_url":"https:\/\/saiga.es\/fr\/produit\/cultivateur-14cm-combysistem-gardena\/","og_site_name":"SAIGA","og_image":[{"width":1080,"height":1080,"url":"https:\/\/saiga.es\/wp-content\/uploads\/2024\/09\/Desterronador.jpg","type":"image\/jpeg"}],"twitter_card":"summary_large_image","twitter_site":"@saiga_agro","schema":{"@context":"https:\/\/schema.org","@graph":[{"@type":"WebPage","@id":"https:\/\/saiga.es\/fr\/produit\/cultivateur-14cm-combysistem-gardena\/","url":"https:\/\/saiga.es\/fr\/produit\/cultivateur-14cm-combysistem-gardena\/","name":"Cultivateur 14cm combysistem gardena | SAIGA","isPartOf":{"@id":"https:\/\/saiga.es\/fr\/#website"},"primaryImageOfPage":{"@id":"https:\/\/saiga.es\/fr\/produit\/cultivateur-14cm-combysistem-gardena\/#primaryimage"},"image":{"@id":"https:\/\/saiga.es\/fr\/produit\/cultivateur-14cm-combysistem-gardena\/#primaryimage"},"thumbnailUrl":"https:\/\/saiga.es\/wp-content\/uploads\/2024\/09\/Desterronador.jpg","datePublished":"2024-09-23T13:40:43+00:00","description":"Le cultivateur combisystem de GARDENA ameublit le sol des massifs de fleurs pour les pr\u00e9parer \u00e0 la plantation, gr\u00e2ce \u00e0 ses roues en forme d'\u00e9toile.","breadcrumb":{"@id":"https:\/\/saiga.es\/fr\/produit\/cultivateur-14cm-combysistem-gardena\/#breadcrumb"},"inLanguage":"fr-FR","potentialAction":[{"@type":"ReadAction","target":["https:\/\/saiga.es\/fr\/produit\/cultivateur-14cm-combysistem-gardena\/"]}]},{"@type":"ImageObject","inLanguage":"fr-FR","@id":"https:\/\/saiga.es\/fr\/produit\/cultivateur-14cm-combysistem-gardena\/#primaryimage","url":"https:\/\/saiga.es\/wp-content\/uploads\/2024\/09\/Desterronador.jpg","contentUrl":"https:\/\/saiga.es\/wp-content\/uploads\/2024\/09\/Desterronador.jpg","width":1080,"height":1080,"caption":"Desterronador"},{"@type":"BreadcrumbList","@id":"https:\/\/saiga.es\/fr\/produit\/cultivateur-14cm-combysistem-gardena\/#breadcrumb","itemListElement":[{"@type":"ListItem","position":1,"name":"Inici","item":"https:\/\/saiga.es\/fr\/"},{"@type":"ListItem","position":2,"name":"boutique","item":"https:\/\/saiga.es\/fr\/boutique\/"},{"@type":"ListItem","position":3,"name":"Cultivateur 14cm combysistem gardena"}]},{"@type":"WebSite","@id":"https:\/\/saiga.es\/fr\/#website","url":"https:\/\/saiga.es\/fr\/","name":"SAIGA","description":"M\u00e9s de 50 anys al servei de la terra i treballant per a un \u00fas eficient de l\u2019aigua!","publisher":{"@id":"https:\/\/saiga.es\/fr\/#organization"},"potentialAction":[{"@type":"SearchAction","target":{"@type":"EntryPoint","urlTemplate":"https:\/\/saiga.es\/fr\/?s={search_term_string}"},"query-input":{"@type":"PropertyValueSpecification","valueRequired":true,"valueName":"search_term_string"}}],"inLanguage":"fr-FR"},{"@type":"Organization","@id":"https:\/\/saiga.es\/fr\/#organization","name":"SAIGA","url":"https:\/\/saiga.es\/fr\/","logo":{"@type":"ImageObject","inLanguage":"fr-FR","@id":"https:\/\/saiga.es\/fr\/#\/schema\/logo\/image\/","url":"https:\/\/saiga.es\/wp-content\/uploads\/2025\/07\/logo_saiga_baseline_optimitzat.svg","contentUrl":"https:\/\/saiga.es\/wp-content\/uploads\/2025\/07\/logo_saiga_baseline_optimitzat.svg","caption":"SAIGA"},"image":{"@id":"https:\/\/saiga.es\/fr\/#\/schema\/logo\/image\/"},"sameAs":["https:\/\/x.com\/saiga_agro","https:\/\/www.instagram.com\/saiga_agro\/"]}]}},"_links":{"self":[{"href":"https:\/\/saiga.es\/fr\/wp-json\/wp\/v2\/product\/12070","targetHints":{"allow":["GET"]}}],"collection":[{"href":"https:\/\/saiga.es\/fr\/wp-json\/wp\/v2\/product"}],"about":[{"href":"https:\/\/saiga.es\/fr\/wp-json\/wp\/v2\/types\/product"}],"replies":[{"embeddable":true,"href":"https:\/\/saiga.es\/fr\/wp-json\/wp\/v2\/comments?post=12070"}],"wp:featuredmedia":[{"embeddable":true,"href":"https:\/\/saiga.es\/fr\/wp-json\/wp\/v2\/media\/12073"}],"wp:attachment":[{"href":"https:\/\/saiga.es\/fr\/wp-json\/wp\/v2\/media?parent=12070"}],"wp:term":[{"taxonomy":"product_brand","embeddable":true,"href":"https:\/\/saiga.es\/fr\/wp-json\/wp\/v2\/product_brand?post=12070"},{"taxonomy":"product_cat","embeddable":true,"href":"https:\/\/saiga.es\/fr\/wp-json\/wp\/v2\/product_cat?post=12070"},{"taxonomy":"product_tag","embeddable":true,"href":"https:\/\/saiga.es\/fr\/wp-json\/wp\/v2\/product_tag?post=12070"}],"curies":[{"name":"wp","href":"https:\/\/api.w.org\/{rel}","templated":true}]}}