{"id":12085,"date":"2024-09-24T13:41:42","date_gmt":"2024-09-24T13:41:42","guid":{"rendered":"https:\/\/botiga.saiga.es\/producte\/cadre-2-elements-serie-rehabitat-gris-vegetal\/"},"modified":"2024-09-24T13:41:42","modified_gmt":"2024-09-24T13:41:42","slug":"cadre-2-elements-serie-rehabitat-gris-vegetal","status":"publish","type":"product","link":"https:\/\/saiga.es\/fr\/produit\/cadre-2-elements-serie-rehabitat-gris-vegetal\/","title":{"rendered":"Cadre 2 \u00e9l\u00e9ments s\u00e9rie Rehabitat gris v\u00e9g\u00e9tal"},"content":{"rendered":"<p>Le cadre BJC 2 Modules Re-H\u00e0bitat Gris Argent\u00e9 est un accessoire design \u00e9l\u00e9gant et fonctionnel pour l&rsquo;installation \u00e9lectrique dans les habitations ou les bureaux. Avec une finition gris argent\u00e9, il apporte une touche moderne et sophistiqu\u00e9e aux espaces. Con\u00e7u pour s&rsquo;int\u00e9grer aux autres \u00e9l\u00e9ments de la s\u00e9rie Re-H\u00e0bitat, il permet de placer jusqu&rsquo;\u00e0 deux m\u00e9canismes (prises, interrupteurs, etc.) dans un seul cadre. Sa structure est r\u00e9sistante et facile \u00e0 installer, avec des mat\u00e9riaux de haute qualit\u00e9 qui garantissent la durabilit\u00e9. Id\u00e9al pour ceux qui recherchent fonctionnalit\u00e9 et esth\u00e9tique dans un seul produit. Compatible avec la s\u00e9rie modulaire BJC.     <\/p>\n","protected":false},"excerpt":{"rendered":"<p>Le cadre BJC 2 Modules Re-H\u00e0bitat Gris Argent\u00e9 est un accessoire design \u00e9l\u00e9gant et fonctionnel pour l&rsquo;installation \u00e9lectrique dans les habitations ou les bureaux. Avec une finition gris argent\u00e9, il apporte une touche moderne et sophistiqu\u00e9e aux espaces. <\/p>\n","protected":false},"featured_media":12083,"comment_status":"closed","ping_status":"closed","template":"","meta":[],"product_brand":[],"product_cat":[1643],"product_tag":[1644,1626,1648],"class_list":{"0":"post-12085","1":"product","2":"type-product","3":"status-publish","4":"has-post-thumbnail","6":"product_cat-bjc-fr","7":"product_tag-bjc-fr","8":"product_tag-cadre","9":"product_tag-material-electrics-fr","11":"first","12":"instock","13":"taxable","14":"shipping-taxable","15":"purchasable","16":"product-type-simple"},"yoast_head":"<!-- This site is optimized with the Yoast SEO plugin v27.4 - https:\/\/yoast.com\/product\/yoast-seo-wordpress\/ -->\n<title>Cadre 2 \u00e9l\u00e9ments s\u00e9rie Rehabitat gris v\u00e9g\u00e9tal | SAIGA<\/title>\n<meta name=\"description\" content=\"Le cadre BJC 2 Modules Re-H\u00e0bitat Gris Argent\u00e9 est un accessoire design \u00e9l\u00e9gant et fonctionnel pour l&#039;installation \u00e9lectrique dans les habitations ou les bureaux. Avec une finition gris argent\u00e9, il apporte une touche moderne et sophistiqu\u00e9e aux espaces.\" \/>\n<meta name=\"robots\" content=\"index, follow, max-snippet:-1, max-image-preview:large, max-video-preview:-1\" \/>\n<link rel=\"canonical\" href=\"https:\/\/saiga.es\/fr\/produit\/cadre-2-elements-serie-rehabitat-gris-vegetal\/\" \/>\n<meta property=\"og:locale\" content=\"fr_FR\" \/>\n<meta property=\"og:type\" content=\"article\" \/>\n<meta property=\"og:title\" content=\"Cadre 2 \u00e9l\u00e9ments s\u00e9rie Rehabitat gris v\u00e9g\u00e9tal | SAIGA\" \/>\n<meta property=\"og:description\" content=\"Le cadre BJC 2 Modules Re-H\u00e0bitat Gris Argent\u00e9 est un accessoire design \u00e9l\u00e9gant et fonctionnel pour l&#039;installation \u00e9lectrique dans les habitations ou les bureaux. Avec une finition gris argent\u00e9, il apporte une touche moderne et sophistiqu\u00e9e aux espaces.\" \/>\n<meta property=\"og:url\" content=\"https:\/\/saiga.es\/fr\/produit\/cadre-2-elements-serie-rehabitat-gris-vegetal\/\" \/>\n<meta property=\"og:site_name\" content=\"SAIGA\" \/>\n<meta property=\"og:image\" content=\"https:\/\/saiga.es\/wp-content\/uploads\/2024\/09\/BJC-1-1.jpg\" \/>\n\t<meta property=\"og:image:width\" content=\"1080\" \/>\n\t<meta property=\"og:image:height\" content=\"1080\" \/>\n\t<meta property=\"og:image:type\" content=\"image\/jpeg\" \/>\n<meta name=\"twitter:card\" content=\"summary_large_image\" \/>\n<meta name=\"twitter:site\" content=\"@saiga_agro\" \/>\n<meta name=\"twitter:label1\" content=\"Dur\u00e9e de lecture estim\u00e9e\" \/>\n\t<meta name=\"twitter:data1\" content=\"1 minute\" \/>\n<script type=\"application\/ld+json\" class=\"yoast-schema-graph\">{\"@context\":\"https:\\\/\\\/schema.org\",\"@graph\":[{\"@type\":\"WebPage\",\"@id\":\"https:\\\/\\\/saiga.es\\\/fr\\\/produit\\\/cadre-2-elements-serie-rehabitat-gris-vegetal\\\/\",\"url\":\"https:\\\/\\\/saiga.es\\\/fr\\\/produit\\\/cadre-2-elements-serie-rehabitat-gris-vegetal\\\/\",\"name\":\"Cadre 2 \u00e9l\u00e9ments s\u00e9rie Rehabitat gris v\u00e9g\u00e9tal | SAIGA\",\"isPartOf\":{\"@id\":\"https:\\\/\\\/saiga.es\\\/fr\\\/#website\"},\"primaryImageOfPage\":{\"@id\":\"https:\\\/\\\/saiga.es\\\/fr\\\/produit\\\/cadre-2-elements-serie-rehabitat-gris-vegetal\\\/#primaryimage\"},\"image\":{\"@id\":\"https:\\\/\\\/saiga.es\\\/fr\\\/produit\\\/cadre-2-elements-serie-rehabitat-gris-vegetal\\\/#primaryimage\"},\"thumbnailUrl\":\"https:\\\/\\\/saiga.es\\\/wp-content\\\/uploads\\\/2024\\\/09\\\/BJC-1-1.jpg\",\"datePublished\":\"2024-09-24T13:41:42+00:00\",\"description\":\"Le cadre BJC 2 Modules Re-H\u00e0bitat Gris Argent\u00e9 est un accessoire design \u00e9l\u00e9gant et fonctionnel pour l'installation \u00e9lectrique dans les habitations ou les bureaux. Avec une finition gris argent\u00e9, il apporte une touche moderne et sophistiqu\u00e9e aux espaces.\",\"breadcrumb\":{\"@id\":\"https:\\\/\\\/saiga.es\\\/fr\\\/produit\\\/cadre-2-elements-serie-rehabitat-gris-vegetal\\\/#breadcrumb\"},\"inLanguage\":\"fr-FR\",\"potentialAction\":[{\"@type\":\"ReadAction\",\"target\":[\"https:\\\/\\\/saiga.es\\\/fr\\\/produit\\\/cadre-2-elements-serie-rehabitat-gris-vegetal\\\/\"]}]},{\"@type\":\"ImageObject\",\"inLanguage\":\"fr-FR\",\"@id\":\"https:\\\/\\\/saiga.es\\\/fr\\\/produit\\\/cadre-2-elements-serie-rehabitat-gris-vegetal\\\/#primaryimage\",\"url\":\"https:\\\/\\\/saiga.es\\\/wp-content\\\/uploads\\\/2024\\\/09\\\/BJC-1-1.jpg\",\"contentUrl\":\"https:\\\/\\\/saiga.es\\\/wp-content\\\/uploads\\\/2024\\\/09\\\/BJC-1-1.jpg\",\"width\":1080,\"height\":1080,\"caption\":\"BJC\"},{\"@type\":\"BreadcrumbList\",\"@id\":\"https:\\\/\\\/saiga.es\\\/fr\\\/produit\\\/cadre-2-elements-serie-rehabitat-gris-vegetal\\\/#breadcrumb\",\"itemListElement\":[{\"@type\":\"ListItem\",\"position\":1,\"name\":\"Inici\",\"item\":\"https:\\\/\\\/saiga.es\\\/fr\\\/\"},{\"@type\":\"ListItem\",\"position\":2,\"name\":\"boutique\",\"item\":\"https:\\\/\\\/saiga.es\\\/fr\\\/boutique\\\/\"},{\"@type\":\"ListItem\",\"position\":3,\"name\":\"Cadre 2 \u00e9l\u00e9ments s\u00e9rie Rehabitat gris v\u00e9g\u00e9tal\"}]},{\"@type\":\"WebSite\",\"@id\":\"https:\\\/\\\/saiga.es\\\/fr\\\/#website\",\"url\":\"https:\\\/\\\/saiga.es\\\/fr\\\/\",\"name\":\"SAIGA\",\"description\":\"M\u00e9s de 50 anys al servei de la terra i treballant per a un \u00fas eficient de l\u2019aigua!\",\"publisher\":{\"@id\":\"https:\\\/\\\/saiga.es\\\/fr\\\/#organization\"},\"potentialAction\":[{\"@type\":\"SearchAction\",\"target\":{\"@type\":\"EntryPoint\",\"urlTemplate\":\"https:\\\/\\\/saiga.es\\\/fr\\\/?s={search_term_string}\"},\"query-input\":{\"@type\":\"PropertyValueSpecification\",\"valueRequired\":true,\"valueName\":\"search_term_string\"}}],\"inLanguage\":\"fr-FR\"},{\"@type\":\"Organization\",\"@id\":\"https:\\\/\\\/saiga.es\\\/fr\\\/#organization\",\"name\":\"SAIGA\",\"url\":\"https:\\\/\\\/saiga.es\\\/fr\\\/\",\"logo\":{\"@type\":\"ImageObject\",\"inLanguage\":\"fr-FR\",\"@id\":\"https:\\\/\\\/saiga.es\\\/fr\\\/#\\\/schema\\\/logo\\\/image\\\/\",\"url\":\"https:\\\/\\\/saiga.es\\\/wp-content\\\/uploads\\\/2025\\\/07\\\/logo_saiga_baseline_optimitzat.svg\",\"contentUrl\":\"https:\\\/\\\/saiga.es\\\/wp-content\\\/uploads\\\/2025\\\/07\\\/logo_saiga_baseline_optimitzat.svg\",\"caption\":\"SAIGA\"},\"image\":{\"@id\":\"https:\\\/\\\/saiga.es\\\/fr\\\/#\\\/schema\\\/logo\\\/image\\\/\"},\"sameAs\":[\"https:\\\/\\\/x.com\\\/saiga_agro\",\"https:\\\/\\\/www.instagram.com\\\/saiga_agro\\\/\"]}]}<\/script>\n<!-- \/ Yoast SEO plugin. -->","yoast_head_json":{"title":"Cadre 2 \u00e9l\u00e9ments s\u00e9rie Rehabitat gris v\u00e9g\u00e9tal | SAIGA","description":"Le cadre BJC 2 Modules Re-H\u00e0bitat Gris Argent\u00e9 est un accessoire design \u00e9l\u00e9gant et fonctionnel pour l'installation \u00e9lectrique dans les habitations ou les bureaux. Avec une finition gris argent\u00e9, il apporte une touche moderne et sophistiqu\u00e9e aux espaces.","robots":{"index":"index","follow":"follow","max-snippet":"max-snippet:-1","max-image-preview":"max-image-preview:large","max-video-preview":"max-video-preview:-1"},"canonical":"https:\/\/saiga.es\/fr\/produit\/cadre-2-elements-serie-rehabitat-gris-vegetal\/","og_locale":"fr_FR","og_type":"article","og_title":"Cadre 2 \u00e9l\u00e9ments s\u00e9rie Rehabitat gris v\u00e9g\u00e9tal | SAIGA","og_description":"Le cadre BJC 2 Modules Re-H\u00e0bitat Gris Argent\u00e9 est un accessoire design \u00e9l\u00e9gant et fonctionnel pour l'installation \u00e9lectrique dans les habitations ou les bureaux. Avec une finition gris argent\u00e9, il apporte une touche moderne et sophistiqu\u00e9e aux espaces.","og_url":"https:\/\/saiga.es\/fr\/produit\/cadre-2-elements-serie-rehabitat-gris-vegetal\/","og_site_name":"SAIGA","og_image":[{"width":1080,"height":1080,"url":"https:\/\/saiga.es\/wp-content\/uploads\/2024\/09\/BJC-1-1.jpg","type":"image\/jpeg"}],"twitter_card":"summary_large_image","twitter_site":"@saiga_agro","twitter_misc":{"Dur\u00e9e de lecture estim\u00e9e":"1 minute"},"schema":{"@context":"https:\/\/schema.org","@graph":[{"@type":"WebPage","@id":"https:\/\/saiga.es\/fr\/produit\/cadre-2-elements-serie-rehabitat-gris-vegetal\/","url":"https:\/\/saiga.es\/fr\/produit\/cadre-2-elements-serie-rehabitat-gris-vegetal\/","name":"Cadre 2 \u00e9l\u00e9ments s\u00e9rie Rehabitat gris v\u00e9g\u00e9tal | SAIGA","isPartOf":{"@id":"https:\/\/saiga.es\/fr\/#website"},"primaryImageOfPage":{"@id":"https:\/\/saiga.es\/fr\/produit\/cadre-2-elements-serie-rehabitat-gris-vegetal\/#primaryimage"},"image":{"@id":"https:\/\/saiga.es\/fr\/produit\/cadre-2-elements-serie-rehabitat-gris-vegetal\/#primaryimage"},"thumbnailUrl":"https:\/\/saiga.es\/wp-content\/uploads\/2024\/09\/BJC-1-1.jpg","datePublished":"2024-09-24T13:41:42+00:00","description":"Le cadre BJC 2 Modules Re-H\u00e0bitat Gris Argent\u00e9 est un accessoire design \u00e9l\u00e9gant et fonctionnel pour l'installation \u00e9lectrique dans les habitations ou les bureaux. Avec une finition gris argent\u00e9, il apporte une touche moderne et sophistiqu\u00e9e aux espaces.","breadcrumb":{"@id":"https:\/\/saiga.es\/fr\/produit\/cadre-2-elements-serie-rehabitat-gris-vegetal\/#breadcrumb"},"inLanguage":"fr-FR","potentialAction":[{"@type":"ReadAction","target":["https:\/\/saiga.es\/fr\/produit\/cadre-2-elements-serie-rehabitat-gris-vegetal\/"]}]},{"@type":"ImageObject","inLanguage":"fr-FR","@id":"https:\/\/saiga.es\/fr\/produit\/cadre-2-elements-serie-rehabitat-gris-vegetal\/#primaryimage","url":"https:\/\/saiga.es\/wp-content\/uploads\/2024\/09\/BJC-1-1.jpg","contentUrl":"https:\/\/saiga.es\/wp-content\/uploads\/2024\/09\/BJC-1-1.jpg","width":1080,"height":1080,"caption":"BJC"},{"@type":"BreadcrumbList","@id":"https:\/\/saiga.es\/fr\/produit\/cadre-2-elements-serie-rehabitat-gris-vegetal\/#breadcrumb","itemListElement":[{"@type":"ListItem","position":1,"name":"Inici","item":"https:\/\/saiga.es\/fr\/"},{"@type":"ListItem","position":2,"name":"boutique","item":"https:\/\/saiga.es\/fr\/boutique\/"},{"@type":"ListItem","position":3,"name":"Cadre 2 \u00e9l\u00e9ments s\u00e9rie Rehabitat gris v\u00e9g\u00e9tal"}]},{"@type":"WebSite","@id":"https:\/\/saiga.es\/fr\/#website","url":"https:\/\/saiga.es\/fr\/","name":"SAIGA","description":"M\u00e9s de 50 anys al servei de la terra i treballant per a un \u00fas eficient de l\u2019aigua!","publisher":{"@id":"https:\/\/saiga.es\/fr\/#organization"},"potentialAction":[{"@type":"SearchAction","target":{"@type":"EntryPoint","urlTemplate":"https:\/\/saiga.es\/fr\/?s={search_term_string}"},"query-input":{"@type":"PropertyValueSpecification","valueRequired":true,"valueName":"search_term_string"}}],"inLanguage":"fr-FR"},{"@type":"Organization","@id":"https:\/\/saiga.es\/fr\/#organization","name":"SAIGA","url":"https:\/\/saiga.es\/fr\/","logo":{"@type":"ImageObject","inLanguage":"fr-FR","@id":"https:\/\/saiga.es\/fr\/#\/schema\/logo\/image\/","url":"https:\/\/saiga.es\/wp-content\/uploads\/2025\/07\/logo_saiga_baseline_optimitzat.svg","contentUrl":"https:\/\/saiga.es\/wp-content\/uploads\/2025\/07\/logo_saiga_baseline_optimitzat.svg","caption":"SAIGA"},"image":{"@id":"https:\/\/saiga.es\/fr\/#\/schema\/logo\/image\/"},"sameAs":["https:\/\/x.com\/saiga_agro","https:\/\/www.instagram.com\/saiga_agro\/"]}]}},"_links":{"self":[{"href":"https:\/\/saiga.es\/fr\/wp-json\/wp\/v2\/product\/12085","targetHints":{"allow":["GET"]}}],"collection":[{"href":"https:\/\/saiga.es\/fr\/wp-json\/wp\/v2\/product"}],"about":[{"href":"https:\/\/saiga.es\/fr\/wp-json\/wp\/v2\/types\/product"}],"replies":[{"embeddable":true,"href":"https:\/\/saiga.es\/fr\/wp-json\/wp\/v2\/comments?post=12085"}],"wp:featuredmedia":[{"embeddable":true,"href":"https:\/\/saiga.es\/fr\/wp-json\/wp\/v2\/media\/12083"}],"wp:attachment":[{"href":"https:\/\/saiga.es\/fr\/wp-json\/wp\/v2\/media?parent=12085"}],"wp:term":[{"taxonomy":"product_brand","embeddable":true,"href":"https:\/\/saiga.es\/fr\/wp-json\/wp\/v2\/product_brand?post=12085"},{"taxonomy":"product_cat","embeddable":true,"href":"https:\/\/saiga.es\/fr\/wp-json\/wp\/v2\/product_cat?post=12085"},{"taxonomy":"product_tag","embeddable":true,"href":"https:\/\/saiga.es\/fr\/wp-json\/wp\/v2\/product_tag?post=12085"}],"curies":[{"name":"wp","href":"https:\/\/api.w.org\/{rel}","templated":true}]}}