{"id":12092,"date":"2024-09-25T09:18:37","date_gmt":"2024-09-25T09:18:37","guid":{"rendered":"https:\/\/botiga.saiga.es\/producte\/traversee-8110-niessen-serie-olas\/"},"modified":"2024-09-25T09:18:37","modified_gmt":"2024-09-25T09:18:37","slug":"traversee-8110-niessen-serie-olas","status":"publish","type":"product","link":"https:\/\/saiga.es\/fr\/produit\/traversee-8110-niessen-serie-olas\/","title":{"rendered":"Travers\u00e9e 8110 Niessen S\u00e9rie Olas"},"content":{"rendered":"<p>Niessen Olas Series Crossover Model 8110 est un commutateur crois\u00e9 de la s\u00e9rie Olas con\u00e7u par Niessen, une marque bien connue dans l&rsquo;industrie \u00e9lectrique. Cet interrupteur permet de contr\u00f4ler la m\u00eame source de lumi\u00e8re \u00e0 partir de trois points diff\u00e9rents ou plus, offrant flexibilit\u00e9 et confort dans les grands espaces ou avec des acc\u00e8s multiples. Avec un design moderne et minimaliste, il s&rsquo;int\u00e8gre parfaitement dans tout environnement d\u00e9coratif. Fabriqu\u00e9 avec des mat\u00e9riaux de haute qualit\u00e9, il garantit durabilit\u00e9 et s\u00e9curit\u00e9 au quotidien. C&rsquo;est un choix id\u00e9al pour les installations r\u00e9sidentielles et commerciales, maintenant un \u00e9quilibre entre fonctionnalit\u00e9 et style.    <\/p>\n","protected":false},"excerpt":{"rendered":"<p>Niessen Olas Series Crossover Model 8110 est un commutateur crois\u00e9 de la s\u00e9rie Olas con\u00e7u par Niessen, une marque bien connue dans l&rsquo;industrie \u00e9lectrique.Niessen Olas Series Crossover Model 8110 est un commutateur crois\u00e9 de la s\u00e9rie Olas con\u00e7u par Niessen, une marque bien connue dans l&rsquo;industrie \u00e9lectrique.<\/p>\n","protected":false},"featured_media":12089,"comment_status":"closed","ping_status":"closed","template":"","meta":[],"product_brand":[],"product_cat":[1620],"product_tag":[1291,1619],"class_list":{"0":"post-12092","1":"product","2":"type-product","3":"status-publish","4":"has-post-thumbnail","6":"product_cat-niessen","7":"product_tag-equipement-electrique","8":"product_tag-niessen-fr","10":"first","11":"instock","12":"taxable","13":"shipping-taxable","14":"purchasable","15":"product-type-simple"},"yoast_head":"<!-- This site is optimized with the Yoast SEO plugin v27.4 - https:\/\/yoast.com\/product\/yoast-seo-wordpress\/ -->\n<title>Travers\u00e9e 8110 Niessen S\u00e9rie Olas | SAIGA<\/title>\n<meta name=\"description\" content=\"Niessen Olas Series Crossover Model 8110 est un commutateur crois\u00e9 de la s\u00e9rie Olas con\u00e7u par Niessen, une marque bien connue dans l&#039;industrie \u00e9lectrique.\" \/>\n<meta name=\"robots\" content=\"index, follow, max-snippet:-1, max-image-preview:large, max-video-preview:-1\" \/>\n<link rel=\"canonical\" href=\"https:\/\/saiga.es\/fr\/produit\/traversee-8110-niessen-serie-olas\/\" \/>\n<meta property=\"og:locale\" content=\"fr_FR\" \/>\n<meta property=\"og:type\" content=\"article\" \/>\n<meta property=\"og:title\" content=\"Travers\u00e9e 8110 Niessen S\u00e9rie Olas | SAIGA\" \/>\n<meta property=\"og:description\" content=\"Niessen Olas Series Crossover Model 8110 est un commutateur crois\u00e9 de la s\u00e9rie Olas con\u00e7u par Niessen, une marque bien connue dans l&#039;industrie \u00e9lectrique.\" \/>\n<meta property=\"og:url\" content=\"https:\/\/saiga.es\/fr\/produit\/traversee-8110-niessen-serie-olas\/\" \/>\n<meta property=\"og:site_name\" content=\"SAIGA\" \/>\n<meta property=\"og:image\" content=\"https:\/\/saiga.es\/wp-content\/uploads\/2024\/09\/Niessen-8110.jpg\" \/>\n\t<meta property=\"og:image:width\" content=\"1080\" \/>\n\t<meta property=\"og:image:height\" content=\"1080\" \/>\n\t<meta property=\"og:image:type\" content=\"image\/jpeg\" \/>\n<meta name=\"twitter:card\" content=\"summary_large_image\" \/>\n<meta name=\"twitter:site\" content=\"@saiga_agro\" \/>\n<meta name=\"twitter:label1\" content=\"Dur\u00e9e de lecture estim\u00e9e\" \/>\n\t<meta name=\"twitter:data1\" content=\"1 minute\" \/>\n<script type=\"application\/ld+json\" class=\"yoast-schema-graph\">{\"@context\":\"https:\\\/\\\/schema.org\",\"@graph\":[{\"@type\":\"WebPage\",\"@id\":\"https:\\\/\\\/saiga.es\\\/fr\\\/produit\\\/traversee-8110-niessen-serie-olas\\\/\",\"url\":\"https:\\\/\\\/saiga.es\\\/fr\\\/produit\\\/traversee-8110-niessen-serie-olas\\\/\",\"name\":\"Travers\u00e9e 8110 Niessen S\u00e9rie Olas | SAIGA\",\"isPartOf\":{\"@id\":\"https:\\\/\\\/saiga.es\\\/fr\\\/#website\"},\"primaryImageOfPage\":{\"@id\":\"https:\\\/\\\/saiga.es\\\/fr\\\/produit\\\/traversee-8110-niessen-serie-olas\\\/#primaryimage\"},\"image\":{\"@id\":\"https:\\\/\\\/saiga.es\\\/fr\\\/produit\\\/traversee-8110-niessen-serie-olas\\\/#primaryimage\"},\"thumbnailUrl\":\"https:\\\/\\\/saiga.es\\\/wp-content\\\/uploads\\\/2024\\\/09\\\/Niessen-8110.jpg\",\"datePublished\":\"2024-09-25T09:18:37+00:00\",\"description\":\"Niessen Olas Series Crossover Model 8110 est un commutateur crois\u00e9 de la s\u00e9rie Olas con\u00e7u par Niessen, une marque bien connue dans l'industrie \u00e9lectrique.\",\"breadcrumb\":{\"@id\":\"https:\\\/\\\/saiga.es\\\/fr\\\/produit\\\/traversee-8110-niessen-serie-olas\\\/#breadcrumb\"},\"inLanguage\":\"fr-FR\",\"potentialAction\":[{\"@type\":\"ReadAction\",\"target\":[\"https:\\\/\\\/saiga.es\\\/fr\\\/produit\\\/traversee-8110-niessen-serie-olas\\\/\"]}]},{\"@type\":\"ImageObject\",\"inLanguage\":\"fr-FR\",\"@id\":\"https:\\\/\\\/saiga.es\\\/fr\\\/produit\\\/traversee-8110-niessen-serie-olas\\\/#primaryimage\",\"url\":\"https:\\\/\\\/saiga.es\\\/wp-content\\\/uploads\\\/2024\\\/09\\\/Niessen-8110.jpg\",\"contentUrl\":\"https:\\\/\\\/saiga.es\\\/wp-content\\\/uploads\\\/2024\\\/09\\\/Niessen-8110.jpg\",\"width\":1080,\"height\":1080,\"caption\":\"Niessen 8110\"},{\"@type\":\"BreadcrumbList\",\"@id\":\"https:\\\/\\\/saiga.es\\\/fr\\\/produit\\\/traversee-8110-niessen-serie-olas\\\/#breadcrumb\",\"itemListElement\":[{\"@type\":\"ListItem\",\"position\":1,\"name\":\"Inici\",\"item\":\"https:\\\/\\\/saiga.es\\\/fr\\\/\"},{\"@type\":\"ListItem\",\"position\":2,\"name\":\"boutique\",\"item\":\"https:\\\/\\\/saiga.es\\\/fr\\\/boutique\\\/\"},{\"@type\":\"ListItem\",\"position\":3,\"name\":\"Travers\u00e9e 8110 Niessen S\u00e9rie Olas\"}]},{\"@type\":\"WebSite\",\"@id\":\"https:\\\/\\\/saiga.es\\\/fr\\\/#website\",\"url\":\"https:\\\/\\\/saiga.es\\\/fr\\\/\",\"name\":\"SAIGA\",\"description\":\"M\u00e9s de 50 anys al servei de la terra i treballant per a un \u00fas eficient de l\u2019aigua!\",\"publisher\":{\"@id\":\"https:\\\/\\\/saiga.es\\\/fr\\\/#organization\"},\"potentialAction\":[{\"@type\":\"SearchAction\",\"target\":{\"@type\":\"EntryPoint\",\"urlTemplate\":\"https:\\\/\\\/saiga.es\\\/fr\\\/?s={search_term_string}\"},\"query-input\":{\"@type\":\"PropertyValueSpecification\",\"valueRequired\":true,\"valueName\":\"search_term_string\"}}],\"inLanguage\":\"fr-FR\"},{\"@type\":\"Organization\",\"@id\":\"https:\\\/\\\/saiga.es\\\/fr\\\/#organization\",\"name\":\"SAIGA\",\"url\":\"https:\\\/\\\/saiga.es\\\/fr\\\/\",\"logo\":{\"@type\":\"ImageObject\",\"inLanguage\":\"fr-FR\",\"@id\":\"https:\\\/\\\/saiga.es\\\/fr\\\/#\\\/schema\\\/logo\\\/image\\\/\",\"url\":\"https:\\\/\\\/saiga.es\\\/wp-content\\\/uploads\\\/2025\\\/07\\\/logo_saiga_baseline_optimitzat.svg\",\"contentUrl\":\"https:\\\/\\\/saiga.es\\\/wp-content\\\/uploads\\\/2025\\\/07\\\/logo_saiga_baseline_optimitzat.svg\",\"caption\":\"SAIGA\"},\"image\":{\"@id\":\"https:\\\/\\\/saiga.es\\\/fr\\\/#\\\/schema\\\/logo\\\/image\\\/\"},\"sameAs\":[\"https:\\\/\\\/x.com\\\/saiga_agro\",\"https:\\\/\\\/www.instagram.com\\\/saiga_agro\\\/\"]}]}<\/script>\n<!-- \/ Yoast SEO plugin. -->","yoast_head_json":{"title":"Travers\u00e9e 8110 Niessen S\u00e9rie Olas | SAIGA","description":"Niessen Olas Series Crossover Model 8110 est un commutateur crois\u00e9 de la s\u00e9rie Olas con\u00e7u par Niessen, une marque bien connue dans l'industrie \u00e9lectrique.","robots":{"index":"index","follow":"follow","max-snippet":"max-snippet:-1","max-image-preview":"max-image-preview:large","max-video-preview":"max-video-preview:-1"},"canonical":"https:\/\/saiga.es\/fr\/produit\/traversee-8110-niessen-serie-olas\/","og_locale":"fr_FR","og_type":"article","og_title":"Travers\u00e9e 8110 Niessen S\u00e9rie Olas | SAIGA","og_description":"Niessen Olas Series Crossover Model 8110 est un commutateur crois\u00e9 de la s\u00e9rie Olas con\u00e7u par Niessen, une marque bien connue dans l'industrie \u00e9lectrique.","og_url":"https:\/\/saiga.es\/fr\/produit\/traversee-8110-niessen-serie-olas\/","og_site_name":"SAIGA","og_image":[{"width":1080,"height":1080,"url":"https:\/\/saiga.es\/wp-content\/uploads\/2024\/09\/Niessen-8110.jpg","type":"image\/jpeg"}],"twitter_card":"summary_large_image","twitter_site":"@saiga_agro","twitter_misc":{"Dur\u00e9e de lecture estim\u00e9e":"1 minute"},"schema":{"@context":"https:\/\/schema.org","@graph":[{"@type":"WebPage","@id":"https:\/\/saiga.es\/fr\/produit\/traversee-8110-niessen-serie-olas\/","url":"https:\/\/saiga.es\/fr\/produit\/traversee-8110-niessen-serie-olas\/","name":"Travers\u00e9e 8110 Niessen S\u00e9rie Olas | SAIGA","isPartOf":{"@id":"https:\/\/saiga.es\/fr\/#website"},"primaryImageOfPage":{"@id":"https:\/\/saiga.es\/fr\/produit\/traversee-8110-niessen-serie-olas\/#primaryimage"},"image":{"@id":"https:\/\/saiga.es\/fr\/produit\/traversee-8110-niessen-serie-olas\/#primaryimage"},"thumbnailUrl":"https:\/\/saiga.es\/wp-content\/uploads\/2024\/09\/Niessen-8110.jpg","datePublished":"2024-09-25T09:18:37+00:00","description":"Niessen Olas Series Crossover Model 8110 est un commutateur crois\u00e9 de la s\u00e9rie Olas con\u00e7u par Niessen, une marque bien connue dans l'industrie \u00e9lectrique.","breadcrumb":{"@id":"https:\/\/saiga.es\/fr\/produit\/traversee-8110-niessen-serie-olas\/#breadcrumb"},"inLanguage":"fr-FR","potentialAction":[{"@type":"ReadAction","target":["https:\/\/saiga.es\/fr\/produit\/traversee-8110-niessen-serie-olas\/"]}]},{"@type":"ImageObject","inLanguage":"fr-FR","@id":"https:\/\/saiga.es\/fr\/produit\/traversee-8110-niessen-serie-olas\/#primaryimage","url":"https:\/\/saiga.es\/wp-content\/uploads\/2024\/09\/Niessen-8110.jpg","contentUrl":"https:\/\/saiga.es\/wp-content\/uploads\/2024\/09\/Niessen-8110.jpg","width":1080,"height":1080,"caption":"Niessen 8110"},{"@type":"BreadcrumbList","@id":"https:\/\/saiga.es\/fr\/produit\/traversee-8110-niessen-serie-olas\/#breadcrumb","itemListElement":[{"@type":"ListItem","position":1,"name":"Inici","item":"https:\/\/saiga.es\/fr\/"},{"@type":"ListItem","position":2,"name":"boutique","item":"https:\/\/saiga.es\/fr\/boutique\/"},{"@type":"ListItem","position":3,"name":"Travers\u00e9e 8110 Niessen S\u00e9rie Olas"}]},{"@type":"WebSite","@id":"https:\/\/saiga.es\/fr\/#website","url":"https:\/\/saiga.es\/fr\/","name":"SAIGA","description":"M\u00e9s de 50 anys al servei de la terra i treballant per a un \u00fas eficient de l\u2019aigua!","publisher":{"@id":"https:\/\/saiga.es\/fr\/#organization"},"potentialAction":[{"@type":"SearchAction","target":{"@type":"EntryPoint","urlTemplate":"https:\/\/saiga.es\/fr\/?s={search_term_string}"},"query-input":{"@type":"PropertyValueSpecification","valueRequired":true,"valueName":"search_term_string"}}],"inLanguage":"fr-FR"},{"@type":"Organization","@id":"https:\/\/saiga.es\/fr\/#organization","name":"SAIGA","url":"https:\/\/saiga.es\/fr\/","logo":{"@type":"ImageObject","inLanguage":"fr-FR","@id":"https:\/\/saiga.es\/fr\/#\/schema\/logo\/image\/","url":"https:\/\/saiga.es\/wp-content\/uploads\/2025\/07\/logo_saiga_baseline_optimitzat.svg","contentUrl":"https:\/\/saiga.es\/wp-content\/uploads\/2025\/07\/logo_saiga_baseline_optimitzat.svg","caption":"SAIGA"},"image":{"@id":"https:\/\/saiga.es\/fr\/#\/schema\/logo\/image\/"},"sameAs":["https:\/\/x.com\/saiga_agro","https:\/\/www.instagram.com\/saiga_agro\/"]}]}},"_links":{"self":[{"href":"https:\/\/saiga.es\/fr\/wp-json\/wp\/v2\/product\/12092","targetHints":{"allow":["GET"]}}],"collection":[{"href":"https:\/\/saiga.es\/fr\/wp-json\/wp\/v2\/product"}],"about":[{"href":"https:\/\/saiga.es\/fr\/wp-json\/wp\/v2\/types\/product"}],"replies":[{"embeddable":true,"href":"https:\/\/saiga.es\/fr\/wp-json\/wp\/v2\/comments?post=12092"}],"wp:featuredmedia":[{"embeddable":true,"href":"https:\/\/saiga.es\/fr\/wp-json\/wp\/v2\/media\/12089"}],"wp:attachment":[{"href":"https:\/\/saiga.es\/fr\/wp-json\/wp\/v2\/media?parent=12092"}],"wp:term":[{"taxonomy":"product_brand","embeddable":true,"href":"https:\/\/saiga.es\/fr\/wp-json\/wp\/v2\/product_brand?post=12092"},{"taxonomy":"product_cat","embeddable":true,"href":"https:\/\/saiga.es\/fr\/wp-json\/wp\/v2\/product_cat?post=12092"},{"taxonomy":"product_tag","embeddable":true,"href":"https:\/\/saiga.es\/fr\/wp-json\/wp\/v2\/product_tag?post=12092"}],"curies":[{"name":"wp","href":"https:\/\/api.w.org\/{rel}","templated":true}]}}