{"id":12117,"date":"2024-09-27T12:52:52","date_gmt":"2024-09-27T12:52:52","guid":{"rendered":"https:\/\/botiga.saiga.es\/producte\/cisaille-en-acier-inoxydable-stocker\/"},"modified":"2024-09-27T12:52:52","modified_gmt":"2024-09-27T12:52:52","slug":"cisaille-en-acier-inoxydable-stocker","status":"publish","type":"product","link":"https:\/\/saiga.es\/fr\/produit\/cisaille-en-acier-inoxydable-stocker\/","title":{"rendered":"Cisaille en acier inoxydable Stocker"},"content":{"rendered":"<p>La cisaille en acier inoxydable Stocker mod\u00e8le 332 de 19 cm est un outil de haute qualit\u00e9 con\u00e7u pour le jardinage et un usage domestique. Fabriqu\u00e9s en acier inoxydable r\u00e9sistant \u00e0 la corrosion, ils offrent une longue durabilit\u00e9 et maintiennent le bord tranchant pendant longtemps. Sa conception ergonomique offre une prise en main confortable et s\u00fbre, r\u00e9duisant ainsi la fatigue lors d&rsquo;une utilisation prolong\u00e9e. Ils sont id\u00e9aux pour les t\u00e2ches d\u2019\u00e9lagage, la coupe des plantes, les fils et autres mat\u00e9riaux l\u00e9gers. Avec une ouverture pr\u00e9cise et un syst\u00e8me de fermeture s\u00e9curis\u00e9, ces cisailles sont un choix fiable pour les amateurs et les professionnels du jardinage.    <\/p>\n","protected":false},"excerpt":{"rendered":"<p>La cisaille Stocker mod\u00e8le 332 en acier inoxydable de 19 cm est un outil de haute qualit\u00e9 con\u00e7u pour le jardinage et l&rsquo;usage domestique.La cisaille en acier inoxydable Stocker mod\u00e8le 332 de 19 cm est un outil de haute qualit\u00e9 con\u00e7u pour le jardinage et un usage domestique.<\/p>\n","protected":false},"featured_media":12115,"comment_status":"closed","ping_status":"closed","template":"","meta":[],"product_brand":[],"product_cat":[433],"product_tag":[1654,1651,548],"class_list":{"0":"post-12117","1":"product","2":"type-product","3":"status-publish","4":"has-post-thumbnail","6":"product_cat-secateurs","7":"product_tag-secateur-fr-2","8":"product_tag-stocker-fr","9":"product_tag-taille-fr","11":"first","12":"instock","13":"taxable","14":"shipping-taxable","15":"purchasable","16":"product-type-simple"},"yoast_head":"<!-- This site is optimized with the Yoast SEO plugin v27.4 - https:\/\/yoast.com\/product\/yoast-seo-wordpress\/ -->\n<title>Cisaille en acier inoxydable Stocker | SAIGA<\/title>\n<meta name=\"description\" content=\"La cisaille en acier inoxydable Stocker mod\u00e8le 332 de 19 cm est un outil de haute qualit\u00e9 con\u00e7u pour le jardinage et un usage domestique.\" \/>\n<meta name=\"robots\" content=\"index, follow, max-snippet:-1, max-image-preview:large, max-video-preview:-1\" \/>\n<link rel=\"canonical\" href=\"https:\/\/saiga.es\/fr\/produit\/cisaille-en-acier-inoxydable-stocker\/\" \/>\n<meta property=\"og:locale\" content=\"fr_FR\" \/>\n<meta property=\"og:type\" content=\"article\" \/>\n<meta property=\"og:title\" content=\"Cisaille en acier inoxydable Stocker | SAIGA\" \/>\n<meta property=\"og:description\" content=\"La cisaille en acier inoxydable Stocker mod\u00e8le 332 de 19 cm est un outil de haute qualit\u00e9 con\u00e7u pour le jardinage et un usage domestique.\" \/>\n<meta property=\"og:url\" content=\"https:\/\/saiga.es\/fr\/produit\/cisaille-en-acier-inoxydable-stocker\/\" \/>\n<meta property=\"og:site_name\" content=\"SAIGA\" \/>\n<meta property=\"og:image\" content=\"https:\/\/saiga.es\/wp-content\/uploads\/2024\/09\/Tisora-Stocker-332.jpg\" \/>\n\t<meta property=\"og:image:width\" content=\"1080\" \/>\n\t<meta property=\"og:image:height\" content=\"1080\" \/>\n\t<meta property=\"og:image:type\" content=\"image\/jpeg\" \/>\n<meta name=\"twitter:card\" content=\"summary_large_image\" \/>\n<meta name=\"twitter:site\" content=\"@saiga_agro\" \/>\n<meta name=\"twitter:label1\" content=\"Dur\u00e9e de lecture estim\u00e9e\" \/>\n\t<meta name=\"twitter:data1\" content=\"1 minute\" \/>\n<script type=\"application\/ld+json\" class=\"yoast-schema-graph\">{\"@context\":\"https:\\\/\\\/schema.org\",\"@graph\":[{\"@type\":\"WebPage\",\"@id\":\"https:\\\/\\\/saiga.es\\\/fr\\\/produit\\\/cisaille-en-acier-inoxydable-stocker\\\/\",\"url\":\"https:\\\/\\\/saiga.es\\\/fr\\\/produit\\\/cisaille-en-acier-inoxydable-stocker\\\/\",\"name\":\"Cisaille en acier inoxydable Stocker | SAIGA\",\"isPartOf\":{\"@id\":\"https:\\\/\\\/saiga.es\\\/fr\\\/#website\"},\"primaryImageOfPage\":{\"@id\":\"https:\\\/\\\/saiga.es\\\/fr\\\/produit\\\/cisaille-en-acier-inoxydable-stocker\\\/#primaryimage\"},\"image\":{\"@id\":\"https:\\\/\\\/saiga.es\\\/fr\\\/produit\\\/cisaille-en-acier-inoxydable-stocker\\\/#primaryimage\"},\"thumbnailUrl\":\"https:\\\/\\\/saiga.es\\\/wp-content\\\/uploads\\\/2024\\\/09\\\/Tisora-Stocker-332.jpg\",\"datePublished\":\"2024-09-27T12:52:52+00:00\",\"description\":\"La cisaille en acier inoxydable Stocker mod\u00e8le 332 de 19 cm est un outil de haute qualit\u00e9 con\u00e7u pour le jardinage et un usage domestique.\",\"breadcrumb\":{\"@id\":\"https:\\\/\\\/saiga.es\\\/fr\\\/produit\\\/cisaille-en-acier-inoxydable-stocker\\\/#breadcrumb\"},\"inLanguage\":\"fr-FR\",\"potentialAction\":[{\"@type\":\"ReadAction\",\"target\":[\"https:\\\/\\\/saiga.es\\\/fr\\\/produit\\\/cisaille-en-acier-inoxydable-stocker\\\/\"]}]},{\"@type\":\"ImageObject\",\"inLanguage\":\"fr-FR\",\"@id\":\"https:\\\/\\\/saiga.es\\\/fr\\\/produit\\\/cisaille-en-acier-inoxydable-stocker\\\/#primaryimage\",\"url\":\"https:\\\/\\\/saiga.es\\\/wp-content\\\/uploads\\\/2024\\\/09\\\/Tisora-Stocker-332.jpg\",\"contentUrl\":\"https:\\\/\\\/saiga.es\\\/wp-content\\\/uploads\\\/2024\\\/09\\\/Tisora-Stocker-332.jpg\",\"width\":1080,\"height\":1080,\"caption\":\"S\u00e9cateur Inox Stocker\"},{\"@type\":\"BreadcrumbList\",\"@id\":\"https:\\\/\\\/saiga.es\\\/fr\\\/produit\\\/cisaille-en-acier-inoxydable-stocker\\\/#breadcrumb\",\"itemListElement\":[{\"@type\":\"ListItem\",\"position\":1,\"name\":\"Inici\",\"item\":\"https:\\\/\\\/saiga.es\\\/fr\\\/\"},{\"@type\":\"ListItem\",\"position\":2,\"name\":\"boutique\",\"item\":\"https:\\\/\\\/saiga.es\\\/fr\\\/boutique\\\/\"},{\"@type\":\"ListItem\",\"position\":3,\"name\":\"Cisaille en acier inoxydable Stocker\"}]},{\"@type\":\"WebSite\",\"@id\":\"https:\\\/\\\/saiga.es\\\/fr\\\/#website\",\"url\":\"https:\\\/\\\/saiga.es\\\/fr\\\/\",\"name\":\"SAIGA\",\"description\":\"M\u00e9s de 50 anys al servei de la terra i treballant per a un \u00fas eficient de l\u2019aigua!\",\"publisher\":{\"@id\":\"https:\\\/\\\/saiga.es\\\/fr\\\/#organization\"},\"potentialAction\":[{\"@type\":\"SearchAction\",\"target\":{\"@type\":\"EntryPoint\",\"urlTemplate\":\"https:\\\/\\\/saiga.es\\\/fr\\\/?s={search_term_string}\"},\"query-input\":{\"@type\":\"PropertyValueSpecification\",\"valueRequired\":true,\"valueName\":\"search_term_string\"}}],\"inLanguage\":\"fr-FR\"},{\"@type\":\"Organization\",\"@id\":\"https:\\\/\\\/saiga.es\\\/fr\\\/#organization\",\"name\":\"SAIGA\",\"url\":\"https:\\\/\\\/saiga.es\\\/fr\\\/\",\"logo\":{\"@type\":\"ImageObject\",\"inLanguage\":\"fr-FR\",\"@id\":\"https:\\\/\\\/saiga.es\\\/fr\\\/#\\\/schema\\\/logo\\\/image\\\/\",\"url\":\"https:\\\/\\\/saiga.es\\\/wp-content\\\/uploads\\\/2025\\\/07\\\/logo_saiga_baseline_optimitzat.svg\",\"contentUrl\":\"https:\\\/\\\/saiga.es\\\/wp-content\\\/uploads\\\/2025\\\/07\\\/logo_saiga_baseline_optimitzat.svg\",\"caption\":\"SAIGA\"},\"image\":{\"@id\":\"https:\\\/\\\/saiga.es\\\/fr\\\/#\\\/schema\\\/logo\\\/image\\\/\"},\"sameAs\":[\"https:\\\/\\\/x.com\\\/saiga_agro\",\"https:\\\/\\\/www.instagram.com\\\/saiga_agro\\\/\"]}]}<\/script>\n<!-- \/ Yoast SEO plugin. -->","yoast_head_json":{"title":"Cisaille en acier inoxydable Stocker | SAIGA","description":"La cisaille en acier inoxydable Stocker mod\u00e8le 332 de 19 cm est un outil de haute qualit\u00e9 con\u00e7u pour le jardinage et un usage domestique.","robots":{"index":"index","follow":"follow","max-snippet":"max-snippet:-1","max-image-preview":"max-image-preview:large","max-video-preview":"max-video-preview:-1"},"canonical":"https:\/\/saiga.es\/fr\/produit\/cisaille-en-acier-inoxydable-stocker\/","og_locale":"fr_FR","og_type":"article","og_title":"Cisaille en acier inoxydable Stocker | SAIGA","og_description":"La cisaille en acier inoxydable Stocker mod\u00e8le 332 de 19 cm est un outil de haute qualit\u00e9 con\u00e7u pour le jardinage et un usage domestique.","og_url":"https:\/\/saiga.es\/fr\/produit\/cisaille-en-acier-inoxydable-stocker\/","og_site_name":"SAIGA","og_image":[{"width":1080,"height":1080,"url":"https:\/\/saiga.es\/wp-content\/uploads\/2024\/09\/Tisora-Stocker-332.jpg","type":"image\/jpeg"}],"twitter_card":"summary_large_image","twitter_site":"@saiga_agro","twitter_misc":{"Dur\u00e9e de lecture estim\u00e9e":"1 minute"},"schema":{"@context":"https:\/\/schema.org","@graph":[{"@type":"WebPage","@id":"https:\/\/saiga.es\/fr\/produit\/cisaille-en-acier-inoxydable-stocker\/","url":"https:\/\/saiga.es\/fr\/produit\/cisaille-en-acier-inoxydable-stocker\/","name":"Cisaille en acier inoxydable Stocker | SAIGA","isPartOf":{"@id":"https:\/\/saiga.es\/fr\/#website"},"primaryImageOfPage":{"@id":"https:\/\/saiga.es\/fr\/produit\/cisaille-en-acier-inoxydable-stocker\/#primaryimage"},"image":{"@id":"https:\/\/saiga.es\/fr\/produit\/cisaille-en-acier-inoxydable-stocker\/#primaryimage"},"thumbnailUrl":"https:\/\/saiga.es\/wp-content\/uploads\/2024\/09\/Tisora-Stocker-332.jpg","datePublished":"2024-09-27T12:52:52+00:00","description":"La cisaille en acier inoxydable Stocker mod\u00e8le 332 de 19 cm est un outil de haute qualit\u00e9 con\u00e7u pour le jardinage et un usage domestique.","breadcrumb":{"@id":"https:\/\/saiga.es\/fr\/produit\/cisaille-en-acier-inoxydable-stocker\/#breadcrumb"},"inLanguage":"fr-FR","potentialAction":[{"@type":"ReadAction","target":["https:\/\/saiga.es\/fr\/produit\/cisaille-en-acier-inoxydable-stocker\/"]}]},{"@type":"ImageObject","inLanguage":"fr-FR","@id":"https:\/\/saiga.es\/fr\/produit\/cisaille-en-acier-inoxydable-stocker\/#primaryimage","url":"https:\/\/saiga.es\/wp-content\/uploads\/2024\/09\/Tisora-Stocker-332.jpg","contentUrl":"https:\/\/saiga.es\/wp-content\/uploads\/2024\/09\/Tisora-Stocker-332.jpg","width":1080,"height":1080,"caption":"S\u00e9cateur Inox Stocker"},{"@type":"BreadcrumbList","@id":"https:\/\/saiga.es\/fr\/produit\/cisaille-en-acier-inoxydable-stocker\/#breadcrumb","itemListElement":[{"@type":"ListItem","position":1,"name":"Inici","item":"https:\/\/saiga.es\/fr\/"},{"@type":"ListItem","position":2,"name":"boutique","item":"https:\/\/saiga.es\/fr\/boutique\/"},{"@type":"ListItem","position":3,"name":"Cisaille en acier inoxydable Stocker"}]},{"@type":"WebSite","@id":"https:\/\/saiga.es\/fr\/#website","url":"https:\/\/saiga.es\/fr\/","name":"SAIGA","description":"M\u00e9s de 50 anys al servei de la terra i treballant per a un \u00fas eficient de l\u2019aigua!","publisher":{"@id":"https:\/\/saiga.es\/fr\/#organization"},"potentialAction":[{"@type":"SearchAction","target":{"@type":"EntryPoint","urlTemplate":"https:\/\/saiga.es\/fr\/?s={search_term_string}"},"query-input":{"@type":"PropertyValueSpecification","valueRequired":true,"valueName":"search_term_string"}}],"inLanguage":"fr-FR"},{"@type":"Organization","@id":"https:\/\/saiga.es\/fr\/#organization","name":"SAIGA","url":"https:\/\/saiga.es\/fr\/","logo":{"@type":"ImageObject","inLanguage":"fr-FR","@id":"https:\/\/saiga.es\/fr\/#\/schema\/logo\/image\/","url":"https:\/\/saiga.es\/wp-content\/uploads\/2025\/07\/logo_saiga_baseline_optimitzat.svg","contentUrl":"https:\/\/saiga.es\/wp-content\/uploads\/2025\/07\/logo_saiga_baseline_optimitzat.svg","caption":"SAIGA"},"image":{"@id":"https:\/\/saiga.es\/fr\/#\/schema\/logo\/image\/"},"sameAs":["https:\/\/x.com\/saiga_agro","https:\/\/www.instagram.com\/saiga_agro\/"]}]}},"_links":{"self":[{"href":"https:\/\/saiga.es\/fr\/wp-json\/wp\/v2\/product\/12117","targetHints":{"allow":["GET"]}}],"collection":[{"href":"https:\/\/saiga.es\/fr\/wp-json\/wp\/v2\/product"}],"about":[{"href":"https:\/\/saiga.es\/fr\/wp-json\/wp\/v2\/types\/product"}],"replies":[{"embeddable":true,"href":"https:\/\/saiga.es\/fr\/wp-json\/wp\/v2\/comments?post=12117"}],"wp:featuredmedia":[{"embeddable":true,"href":"https:\/\/saiga.es\/fr\/wp-json\/wp\/v2\/media\/12115"}],"wp:attachment":[{"href":"https:\/\/saiga.es\/fr\/wp-json\/wp\/v2\/media?parent=12117"}],"wp:term":[{"taxonomy":"product_brand","embeddable":true,"href":"https:\/\/saiga.es\/fr\/wp-json\/wp\/v2\/product_brand?post=12117"},{"taxonomy":"product_cat","embeddable":true,"href":"https:\/\/saiga.es\/fr\/wp-json\/wp\/v2\/product_cat?post=12117"},{"taxonomy":"product_tag","embeddable":true,"href":"https:\/\/saiga.es\/fr\/wp-json\/wp\/v2\/product_tag?post=12117"}],"curies":[{"name":"wp","href":"https:\/\/api.w.org\/{rel}","templated":true}]}}