{"id":12123,"date":"2024-09-27T13:07:58","date_gmt":"2024-09-27T13:07:58","guid":{"rendered":"https:\/\/botiga.saiga.es\/producte\/ciseaux-de-taille-profi-22-stocker\/"},"modified":"2024-09-27T13:07:58","modified_gmt":"2024-09-27T13:07:58","slug":"ciseaux-de-taille-profi-22-stocker","status":"publish","type":"product","link":"https:\/\/saiga.es\/fr\/produit\/ciseaux-de-taille-profi-22-stocker\/","title":{"rendered":"Ciseaux de taille PROFI 22 Stocker"},"content":{"rendered":"<p>Le s\u00e9cateur Stocker Profi Bypass 22 est un outil professionnel de haute qualit\u00e9 con\u00e7u pour la taille pr\u00e9cise des plantes et des arbres. Ils sont dot\u00e9s de lames en acier inoxydable avec un rev\u00eatement antiadh\u00e9sif qui facilite une coupe nette et pr\u00e9cise, minimisant ainsi les dommages aux branches. Son design ergonomique avec poign\u00e9es antid\u00e9rapantes offre un confort sup\u00e9rieur, m\u00eame lors d&rsquo;une utilisation prolong\u00e9e. Ces cisailles sont id\u00e9ales pour le jardinage, la viticulture et l&rsquo;arboriculture, gr\u00e2ce \u00e0 leur capacit\u00e9 \u00e0 couper facilement des branches jusqu&rsquo;\u00e0 22 mm de diam\u00e8tre. Un outil indispensable pour les professionnels et amateurs exigeants.    <\/p>\n","protected":false},"excerpt":{"rendered":"<p>Le s\u00e9cateur Stocker Profi Bypass 22 est un outil professionnel de haute qualit\u00e9 con\u00e7u pour la taille pr\u00e9cise des plantes et des arbres.<\/p>\n","protected":false},"featured_media":12121,"comment_status":"closed","ping_status":"closed","template":"","meta":[],"product_brand":[],"product_cat":[433],"product_tag":[1654,1651,548],"class_list":{"0":"post-12123","1":"product","2":"type-product","3":"status-publish","4":"has-post-thumbnail","6":"product_cat-secateurs","7":"product_tag-secateur-fr-2","8":"product_tag-stocker-fr","9":"product_tag-taille-fr","11":"first","12":"instock","13":"taxable","14":"shipping-taxable","15":"purchasable","16":"product-type-simple"},"yoast_head":"<!-- This site is optimized with the Yoast SEO plugin v27.3 - https:\/\/yoast.com\/product\/yoast-seo-wordpress\/ -->\n<title>Ciseaux de taille PROFI 22 Stocker | SAIGA<\/title>\n<meta name=\"description\" content=\"Le s\u00e9cateur Stocker Profi Bypass 22 est un outil professionnel de haute qualit\u00e9 con\u00e7u pour la taille pr\u00e9cise des plantes et des arbres.\" \/>\n<meta name=\"robots\" content=\"index, follow, max-snippet:-1, max-image-preview:large, max-video-preview:-1\" \/>\n<link rel=\"canonical\" href=\"https:\/\/saiga.es\/fr\/produit\/ciseaux-de-taille-profi-22-stocker\/\" \/>\n<meta property=\"og:locale\" content=\"fr_FR\" \/>\n<meta property=\"og:type\" content=\"article\" \/>\n<meta property=\"og:title\" content=\"Ciseaux de taille PROFI 22 Stocker | SAIGA\" \/>\n<meta property=\"og:description\" content=\"Le s\u00e9cateur Stocker Profi Bypass 22 est un outil professionnel de haute qualit\u00e9 con\u00e7u pour la taille pr\u00e9cise des plantes et des arbres.\" \/>\n<meta property=\"og:url\" content=\"https:\/\/saiga.es\/fr\/produit\/ciseaux-de-taille-profi-22-stocker\/\" \/>\n<meta property=\"og:site_name\" content=\"SAIGA\" \/>\n<meta property=\"og:image\" content=\"https:\/\/saiga.es\/wp-content\/uploads\/2024\/09\/Tisora-de-podar-Stocker-343.jpg\" \/>\n\t<meta property=\"og:image:width\" content=\"1080\" \/>\n\t<meta property=\"og:image:height\" content=\"1080\" \/>\n\t<meta property=\"og:image:type\" content=\"image\/jpeg\" \/>\n<meta name=\"twitter:card\" content=\"summary_large_image\" \/>\n<meta name=\"twitter:site\" content=\"@saiga_agro\" \/>\n<meta name=\"twitter:label1\" content=\"Dur\u00e9e de lecture estim\u00e9e\" \/>\n\t<meta name=\"twitter:data1\" content=\"1 minute\" \/>\n<script type=\"application\/ld+json\" class=\"yoast-schema-graph\">{\"@context\":\"https:\\\/\\\/schema.org\",\"@graph\":[{\"@type\":\"WebPage\",\"@id\":\"https:\\\/\\\/saiga.es\\\/fr\\\/produit\\\/ciseaux-de-taille-profi-22-stocker\\\/\",\"url\":\"https:\\\/\\\/saiga.es\\\/fr\\\/produit\\\/ciseaux-de-taille-profi-22-stocker\\\/\",\"name\":\"Ciseaux de taille PROFI 22 Stocker | SAIGA\",\"isPartOf\":{\"@id\":\"https:\\\/\\\/saiga.es\\\/fr\\\/#website\"},\"primaryImageOfPage\":{\"@id\":\"https:\\\/\\\/saiga.es\\\/fr\\\/produit\\\/ciseaux-de-taille-profi-22-stocker\\\/#primaryimage\"},\"image\":{\"@id\":\"https:\\\/\\\/saiga.es\\\/fr\\\/produit\\\/ciseaux-de-taille-profi-22-stocker\\\/#primaryimage\"},\"thumbnailUrl\":\"https:\\\/\\\/saiga.es\\\/wp-content\\\/uploads\\\/2024\\\/09\\\/Tisora-de-podar-Stocker-343.jpg\",\"datePublished\":\"2024-09-27T13:07:58+00:00\",\"description\":\"Le s\u00e9cateur Stocker Profi Bypass 22 est un outil professionnel de haute qualit\u00e9 con\u00e7u pour la taille pr\u00e9cise des plantes et des arbres.\",\"breadcrumb\":{\"@id\":\"https:\\\/\\\/saiga.es\\\/fr\\\/produit\\\/ciseaux-de-taille-profi-22-stocker\\\/#breadcrumb\"},\"inLanguage\":\"fr-FR\",\"potentialAction\":[{\"@type\":\"ReadAction\",\"target\":[\"https:\\\/\\\/saiga.es\\\/fr\\\/produit\\\/ciseaux-de-taille-profi-22-stocker\\\/\"]}]},{\"@type\":\"ImageObject\",\"inLanguage\":\"fr-FR\",\"@id\":\"https:\\\/\\\/saiga.es\\\/fr\\\/produit\\\/ciseaux-de-taille-profi-22-stocker\\\/#primaryimage\",\"url\":\"https:\\\/\\\/saiga.es\\\/wp-content\\\/uploads\\\/2024\\\/09\\\/Tisora-de-podar-Stocker-343.jpg\",\"contentUrl\":\"https:\\\/\\\/saiga.es\\\/wp-content\\\/uploads\\\/2024\\\/09\\\/Tisora-de-podar-Stocker-343.jpg\",\"width\":1080,\"height\":1080,\"caption\":\"S\u00e9cateur Stocker 343\"},{\"@type\":\"BreadcrumbList\",\"@id\":\"https:\\\/\\\/saiga.es\\\/fr\\\/produit\\\/ciseaux-de-taille-profi-22-stocker\\\/#breadcrumb\",\"itemListElement\":[{\"@type\":\"ListItem\",\"position\":1,\"name\":\"Inici\",\"item\":\"https:\\\/\\\/saiga.es\\\/fr\\\/\"},{\"@type\":\"ListItem\",\"position\":2,\"name\":\"boutique\",\"item\":\"https:\\\/\\\/saiga.es\\\/fr\\\/boutique\\\/\"},{\"@type\":\"ListItem\",\"position\":3,\"name\":\"Ciseaux de taille PROFI 22 Stocker\"}]},{\"@type\":\"WebSite\",\"@id\":\"https:\\\/\\\/saiga.es\\\/fr\\\/#website\",\"url\":\"https:\\\/\\\/saiga.es\\\/fr\\\/\",\"name\":\"SAIGA\",\"description\":\"M\u00e9s de 50 anys al servei de la terra i treballant per a un \u00fas eficient de l\u2019aigua!\",\"publisher\":{\"@id\":\"https:\\\/\\\/saiga.es\\\/fr\\\/#organization\"},\"potentialAction\":[{\"@type\":\"SearchAction\",\"target\":{\"@type\":\"EntryPoint\",\"urlTemplate\":\"https:\\\/\\\/saiga.es\\\/fr\\\/?s={search_term_string}\"},\"query-input\":{\"@type\":\"PropertyValueSpecification\",\"valueRequired\":true,\"valueName\":\"search_term_string\"}}],\"inLanguage\":\"fr-FR\"},{\"@type\":\"Organization\",\"@id\":\"https:\\\/\\\/saiga.es\\\/fr\\\/#organization\",\"name\":\"SAIGA\",\"url\":\"https:\\\/\\\/saiga.es\\\/fr\\\/\",\"logo\":{\"@type\":\"ImageObject\",\"inLanguage\":\"fr-FR\",\"@id\":\"https:\\\/\\\/saiga.es\\\/fr\\\/#\\\/schema\\\/logo\\\/image\\\/\",\"url\":\"https:\\\/\\\/saiga.es\\\/wp-content\\\/uploads\\\/2025\\\/07\\\/logo_saiga_baseline_optimitzat.svg\",\"contentUrl\":\"https:\\\/\\\/saiga.es\\\/wp-content\\\/uploads\\\/2025\\\/07\\\/logo_saiga_baseline_optimitzat.svg\",\"caption\":\"SAIGA\"},\"image\":{\"@id\":\"https:\\\/\\\/saiga.es\\\/fr\\\/#\\\/schema\\\/logo\\\/image\\\/\"},\"sameAs\":[\"https:\\\/\\\/x.com\\\/saiga_agro\",\"https:\\\/\\\/www.instagram.com\\\/saiga_agro\\\/\"]}]}<\/script>\n<!-- \/ Yoast SEO plugin. -->","yoast_head_json":{"title":"Ciseaux de taille PROFI 22 Stocker | SAIGA","description":"Le s\u00e9cateur Stocker Profi Bypass 22 est un outil professionnel de haute qualit\u00e9 con\u00e7u pour la taille pr\u00e9cise des plantes et des arbres.","robots":{"index":"index","follow":"follow","max-snippet":"max-snippet:-1","max-image-preview":"max-image-preview:large","max-video-preview":"max-video-preview:-1"},"canonical":"https:\/\/saiga.es\/fr\/produit\/ciseaux-de-taille-profi-22-stocker\/","og_locale":"fr_FR","og_type":"article","og_title":"Ciseaux de taille PROFI 22 Stocker | SAIGA","og_description":"Le s\u00e9cateur Stocker Profi Bypass 22 est un outil professionnel de haute qualit\u00e9 con\u00e7u pour la taille pr\u00e9cise des plantes et des arbres.","og_url":"https:\/\/saiga.es\/fr\/produit\/ciseaux-de-taille-profi-22-stocker\/","og_site_name":"SAIGA","og_image":[{"width":1080,"height":1080,"url":"https:\/\/saiga.es\/wp-content\/uploads\/2024\/09\/Tisora-de-podar-Stocker-343.jpg","type":"image\/jpeg"}],"twitter_card":"summary_large_image","twitter_site":"@saiga_agro","twitter_misc":{"Dur\u00e9e de lecture estim\u00e9e":"1 minute"},"schema":{"@context":"https:\/\/schema.org","@graph":[{"@type":"WebPage","@id":"https:\/\/saiga.es\/fr\/produit\/ciseaux-de-taille-profi-22-stocker\/","url":"https:\/\/saiga.es\/fr\/produit\/ciseaux-de-taille-profi-22-stocker\/","name":"Ciseaux de taille PROFI 22 Stocker | SAIGA","isPartOf":{"@id":"https:\/\/saiga.es\/fr\/#website"},"primaryImageOfPage":{"@id":"https:\/\/saiga.es\/fr\/produit\/ciseaux-de-taille-profi-22-stocker\/#primaryimage"},"image":{"@id":"https:\/\/saiga.es\/fr\/produit\/ciseaux-de-taille-profi-22-stocker\/#primaryimage"},"thumbnailUrl":"https:\/\/saiga.es\/wp-content\/uploads\/2024\/09\/Tisora-de-podar-Stocker-343.jpg","datePublished":"2024-09-27T13:07:58+00:00","description":"Le s\u00e9cateur Stocker Profi Bypass 22 est un outil professionnel de haute qualit\u00e9 con\u00e7u pour la taille pr\u00e9cise des plantes et des arbres.","breadcrumb":{"@id":"https:\/\/saiga.es\/fr\/produit\/ciseaux-de-taille-profi-22-stocker\/#breadcrumb"},"inLanguage":"fr-FR","potentialAction":[{"@type":"ReadAction","target":["https:\/\/saiga.es\/fr\/produit\/ciseaux-de-taille-profi-22-stocker\/"]}]},{"@type":"ImageObject","inLanguage":"fr-FR","@id":"https:\/\/saiga.es\/fr\/produit\/ciseaux-de-taille-profi-22-stocker\/#primaryimage","url":"https:\/\/saiga.es\/wp-content\/uploads\/2024\/09\/Tisora-de-podar-Stocker-343.jpg","contentUrl":"https:\/\/saiga.es\/wp-content\/uploads\/2024\/09\/Tisora-de-podar-Stocker-343.jpg","width":1080,"height":1080,"caption":"S\u00e9cateur Stocker 343"},{"@type":"BreadcrumbList","@id":"https:\/\/saiga.es\/fr\/produit\/ciseaux-de-taille-profi-22-stocker\/#breadcrumb","itemListElement":[{"@type":"ListItem","position":1,"name":"Inici","item":"https:\/\/saiga.es\/fr\/"},{"@type":"ListItem","position":2,"name":"boutique","item":"https:\/\/saiga.es\/fr\/boutique\/"},{"@type":"ListItem","position":3,"name":"Ciseaux de taille PROFI 22 Stocker"}]},{"@type":"WebSite","@id":"https:\/\/saiga.es\/fr\/#website","url":"https:\/\/saiga.es\/fr\/","name":"SAIGA","description":"M\u00e9s de 50 anys al servei de la terra i treballant per a un \u00fas eficient de l\u2019aigua!","publisher":{"@id":"https:\/\/saiga.es\/fr\/#organization"},"potentialAction":[{"@type":"SearchAction","target":{"@type":"EntryPoint","urlTemplate":"https:\/\/saiga.es\/fr\/?s={search_term_string}"},"query-input":{"@type":"PropertyValueSpecification","valueRequired":true,"valueName":"search_term_string"}}],"inLanguage":"fr-FR"},{"@type":"Organization","@id":"https:\/\/saiga.es\/fr\/#organization","name":"SAIGA","url":"https:\/\/saiga.es\/fr\/","logo":{"@type":"ImageObject","inLanguage":"fr-FR","@id":"https:\/\/saiga.es\/fr\/#\/schema\/logo\/image\/","url":"https:\/\/saiga.es\/wp-content\/uploads\/2025\/07\/logo_saiga_baseline_optimitzat.svg","contentUrl":"https:\/\/saiga.es\/wp-content\/uploads\/2025\/07\/logo_saiga_baseline_optimitzat.svg","caption":"SAIGA"},"image":{"@id":"https:\/\/saiga.es\/fr\/#\/schema\/logo\/image\/"},"sameAs":["https:\/\/x.com\/saiga_agro","https:\/\/www.instagram.com\/saiga_agro\/"]}]}},"_links":{"self":[{"href":"https:\/\/saiga.es\/fr\/wp-json\/wp\/v2\/product\/12123","targetHints":{"allow":["GET"]}}],"collection":[{"href":"https:\/\/saiga.es\/fr\/wp-json\/wp\/v2\/product"}],"about":[{"href":"https:\/\/saiga.es\/fr\/wp-json\/wp\/v2\/types\/product"}],"replies":[{"embeddable":true,"href":"https:\/\/saiga.es\/fr\/wp-json\/wp\/v2\/comments?post=12123"}],"wp:featuredmedia":[{"embeddable":true,"href":"https:\/\/saiga.es\/fr\/wp-json\/wp\/v2\/media\/12121"}],"wp:attachment":[{"href":"https:\/\/saiga.es\/fr\/wp-json\/wp\/v2\/media?parent=12123"}],"wp:term":[{"taxonomy":"product_brand","embeddable":true,"href":"https:\/\/saiga.es\/fr\/wp-json\/wp\/v2\/product_brand?post=12123"},{"taxonomy":"product_cat","embeddable":true,"href":"https:\/\/saiga.es\/fr\/wp-json\/wp\/v2\/product_cat?post=12123"},{"taxonomy":"product_tag","embeddable":true,"href":"https:\/\/saiga.es\/fr\/wp-json\/wp\/v2\/product_tag?post=12123"}],"curies":[{"name":"wp","href":"https:\/\/api.w.org\/{rel}","templated":true}]}}