{"id":12166,"date":"2024-09-30T13:45:38","date_gmt":"2024-09-30T13:45:38","guid":{"rendered":"https:\/\/botiga.saiga.es\/producte\/secateur-bacho-p3-23-f\/"},"modified":"2024-10-01T11:14:47","modified_gmt":"2024-10-01T11:14:47","slug":"secateur-bacho-p3-23-f","status":"publish","type":"product","link":"https:\/\/saiga.es\/fr\/produit\/secateur-bacho-p3-23-f\/","title":{"rendered":"Tisora de podar Bahco P3-23-F"},"content":{"rendered":"<p>Le s\u00e9cateur professionnel Bahco P3-23-F est un outil de haute qualit\u00e9 con\u00e7u pour les travaux d&rsquo;\u00e9lagage exigeants. Id\u00e9ales pour le jardinage, l&rsquo;horticulture et les vignes, ces cisailles sont dot\u00e9es de lames de pr\u00e9cision et d&rsquo;une conception ergonomique qui offrent un plus grand confort et une plus grande efficacit\u00e9 lors d&rsquo;une utilisation prolong\u00e9e. Il est fabriqu\u00e9 en acier de qualit\u00e9, r\u00e9sistant \u00e0 l&rsquo;usure, et ses poign\u00e9es ergonomiques avec rev\u00eatement antid\u00e9rapant assurent une prise en main confortable et s\u00fbre. Avec une coupe nette et pr\u00e9cise, le Bahco P3-23-F garantit une taille optimale sur des branches et des plantes de diff\u00e9rentes tailles, maximisant les performances et la durabilit\u00e9 dans le travail professionnel.   <\/p>\n","protected":false},"excerpt":{"rendered":"<p>Le s\u00e9cateur professionnel Bahco P-20-F est con\u00e7u pour une utilisation intensive dans les t\u00e2ches de jardinage et agricoles.<\/p>\n","protected":false},"featured_media":12154,"comment_status":"closed","ping_status":"closed","template":"","meta":[],"product_brand":[],"product_cat":[1794],"product_tag":[1657,548],"class_list":{"0":"post-12166","1":"product","2":"type-product","3":"status-publish","4":"has-post-thumbnail","6":"product_cat-bahco-fr","7":"product_tag-bahco-fr","8":"product_tag-taille-fr","10":"first","11":"instock","12":"taxable","13":"shipping-taxable","14":"purchasable","15":"product-type-simple"},"yoast_head":"<!-- This site is optimized with the Yoast SEO plugin v27.4 - https:\/\/yoast.com\/product\/yoast-seo-wordpress\/ -->\n<title>Tisora de podar Bahco P3-23-F | SAIGA<\/title>\n<meta name=\"description\" content=\"Le s\u00e9cateur professionnel Bahco P-20-F est con\u00e7u pour une utilisation intensive dans les t\u00e2ches de jardinage et agricoles.\" \/>\n<meta name=\"robots\" content=\"index, follow, max-snippet:-1, max-image-preview:large, max-video-preview:-1\" \/>\n<link rel=\"canonical\" href=\"https:\/\/saiga.es\/fr\/produit\/secateur-bacho-p3-23-f\/\" \/>\n<meta property=\"og:locale\" content=\"fr_FR\" \/>\n<meta property=\"og:type\" content=\"article\" \/>\n<meta property=\"og:title\" content=\"Tisora de podar Bahco P3-23-F | SAIGA\" \/>\n<meta property=\"og:description\" content=\"Le s\u00e9cateur professionnel Bahco P-20-F est con\u00e7u pour une utilisation intensive dans les t\u00e2ches de jardinage et agricoles.\" \/>\n<meta property=\"og:url\" content=\"https:\/\/saiga.es\/fr\/produit\/secateur-bacho-p3-23-f\/\" \/>\n<meta property=\"og:site_name\" content=\"SAIGA\" \/>\n<meta property=\"article:modified_time\" content=\"2024-10-01T11:14:47+00:00\" \/>\n<meta property=\"og:image\" content=\"https:\/\/saiga.es\/wp-content\/uploads\/2024\/09\/Bahco-P3-23-F.jpg\" \/>\n\t<meta property=\"og:image:width\" content=\"1080\" \/>\n\t<meta property=\"og:image:height\" content=\"1080\" \/>\n\t<meta property=\"og:image:type\" content=\"image\/jpeg\" \/>\n<meta name=\"twitter:card\" content=\"summary_large_image\" \/>\n<meta name=\"twitter:site\" content=\"@saiga_agro\" \/>\n<meta name=\"twitter:label1\" content=\"Dur\u00e9e de lecture estim\u00e9e\" \/>\n\t<meta name=\"twitter:data1\" content=\"1 minute\" \/>\n<script type=\"application\/ld+json\" class=\"yoast-schema-graph\">{\"@context\":\"https:\\\/\\\/schema.org\",\"@graph\":[{\"@type\":\"WebPage\",\"@id\":\"https:\\\/\\\/saiga.es\\\/fr\\\/produit\\\/secateur-bacho-p3-23-f\\\/\",\"url\":\"https:\\\/\\\/saiga.es\\\/fr\\\/produit\\\/secateur-bacho-p3-23-f\\\/\",\"name\":\"Tisora de podar Bahco P3-23-F | SAIGA\",\"isPartOf\":{\"@id\":\"https:\\\/\\\/saiga.es\\\/fr\\\/#website\"},\"primaryImageOfPage\":{\"@id\":\"https:\\\/\\\/saiga.es\\\/fr\\\/produit\\\/secateur-bacho-p3-23-f\\\/#primaryimage\"},\"image\":{\"@id\":\"https:\\\/\\\/saiga.es\\\/fr\\\/produit\\\/secateur-bacho-p3-23-f\\\/#primaryimage\"},\"thumbnailUrl\":\"https:\\\/\\\/saiga.es\\\/wp-content\\\/uploads\\\/2024\\\/09\\\/Bahco-P3-23-F.jpg\",\"datePublished\":\"2024-09-30T13:45:38+00:00\",\"dateModified\":\"2024-10-01T11:14:47+00:00\",\"description\":\"Le s\u00e9cateur professionnel Bahco P-20-F est con\u00e7u pour une utilisation intensive dans les t\u00e2ches de jardinage et agricoles.\",\"breadcrumb\":{\"@id\":\"https:\\\/\\\/saiga.es\\\/fr\\\/produit\\\/secateur-bacho-p3-23-f\\\/#breadcrumb\"},\"inLanguage\":\"fr-FR\",\"potentialAction\":[{\"@type\":\"ReadAction\",\"target\":[\"https:\\\/\\\/saiga.es\\\/fr\\\/produit\\\/secateur-bacho-p3-23-f\\\/\"]}]},{\"@type\":\"ImageObject\",\"inLanguage\":\"fr-FR\",\"@id\":\"https:\\\/\\\/saiga.es\\\/fr\\\/produit\\\/secateur-bacho-p3-23-f\\\/#primaryimage\",\"url\":\"https:\\\/\\\/saiga.es\\\/wp-content\\\/uploads\\\/2024\\\/09\\\/Bahco-P3-23-F.jpg\",\"contentUrl\":\"https:\\\/\\\/saiga.es\\\/wp-content\\\/uploads\\\/2024\\\/09\\\/Bahco-P3-23-F.jpg\",\"width\":1080,\"height\":1080,\"caption\":\"P3-23-F\"},{\"@type\":\"BreadcrumbList\",\"@id\":\"https:\\\/\\\/saiga.es\\\/fr\\\/produit\\\/secateur-bacho-p3-23-f\\\/#breadcrumb\",\"itemListElement\":[{\"@type\":\"ListItem\",\"position\":1,\"name\":\"Inici\",\"item\":\"https:\\\/\\\/saiga.es\\\/fr\\\/\"},{\"@type\":\"ListItem\",\"position\":2,\"name\":\"boutique\",\"item\":\"https:\\\/\\\/saiga.es\\\/fr\\\/boutique\\\/\"},{\"@type\":\"ListItem\",\"position\":3,\"name\":\"Tisora de podar Bahco P3-23-F\"}]},{\"@type\":\"WebSite\",\"@id\":\"https:\\\/\\\/saiga.es\\\/fr\\\/#website\",\"url\":\"https:\\\/\\\/saiga.es\\\/fr\\\/\",\"name\":\"SAIGA\",\"description\":\"M\u00e9s de 50 anys al servei de la terra i treballant per a un \u00fas eficient de l\u2019aigua!\",\"publisher\":{\"@id\":\"https:\\\/\\\/saiga.es\\\/fr\\\/#organization\"},\"potentialAction\":[{\"@type\":\"SearchAction\",\"target\":{\"@type\":\"EntryPoint\",\"urlTemplate\":\"https:\\\/\\\/saiga.es\\\/fr\\\/?s={search_term_string}\"},\"query-input\":{\"@type\":\"PropertyValueSpecification\",\"valueRequired\":true,\"valueName\":\"search_term_string\"}}],\"inLanguage\":\"fr-FR\"},{\"@type\":\"Organization\",\"@id\":\"https:\\\/\\\/saiga.es\\\/fr\\\/#organization\",\"name\":\"SAIGA\",\"url\":\"https:\\\/\\\/saiga.es\\\/fr\\\/\",\"logo\":{\"@type\":\"ImageObject\",\"inLanguage\":\"fr-FR\",\"@id\":\"https:\\\/\\\/saiga.es\\\/fr\\\/#\\\/schema\\\/logo\\\/image\\\/\",\"url\":\"https:\\\/\\\/saiga.es\\\/wp-content\\\/uploads\\\/2025\\\/07\\\/logo_saiga_baseline_optimitzat.svg\",\"contentUrl\":\"https:\\\/\\\/saiga.es\\\/wp-content\\\/uploads\\\/2025\\\/07\\\/logo_saiga_baseline_optimitzat.svg\",\"caption\":\"SAIGA\"},\"image\":{\"@id\":\"https:\\\/\\\/saiga.es\\\/fr\\\/#\\\/schema\\\/logo\\\/image\\\/\"},\"sameAs\":[\"https:\\\/\\\/x.com\\\/saiga_agro\",\"https:\\\/\\\/www.instagram.com\\\/saiga_agro\\\/\"]}]}<\/script>\n<!-- \/ Yoast SEO plugin. -->","yoast_head_json":{"title":"Tisora de podar Bahco P3-23-F | SAIGA","description":"Le s\u00e9cateur professionnel Bahco P-20-F est con\u00e7u pour une utilisation intensive dans les t\u00e2ches de jardinage et agricoles.","robots":{"index":"index","follow":"follow","max-snippet":"max-snippet:-1","max-image-preview":"max-image-preview:large","max-video-preview":"max-video-preview:-1"},"canonical":"https:\/\/saiga.es\/fr\/produit\/secateur-bacho-p3-23-f\/","og_locale":"fr_FR","og_type":"article","og_title":"Tisora de podar Bahco P3-23-F | SAIGA","og_description":"Le s\u00e9cateur professionnel Bahco P-20-F est con\u00e7u pour une utilisation intensive dans les t\u00e2ches de jardinage et agricoles.","og_url":"https:\/\/saiga.es\/fr\/produit\/secateur-bacho-p3-23-f\/","og_site_name":"SAIGA","article_modified_time":"2024-10-01T11:14:47+00:00","og_image":[{"width":1080,"height":1080,"url":"https:\/\/saiga.es\/wp-content\/uploads\/2024\/09\/Bahco-P3-23-F.jpg","type":"image\/jpeg"}],"twitter_card":"summary_large_image","twitter_site":"@saiga_agro","twitter_misc":{"Dur\u00e9e de lecture estim\u00e9e":"1 minute"},"schema":{"@context":"https:\/\/schema.org","@graph":[{"@type":"WebPage","@id":"https:\/\/saiga.es\/fr\/produit\/secateur-bacho-p3-23-f\/","url":"https:\/\/saiga.es\/fr\/produit\/secateur-bacho-p3-23-f\/","name":"Tisora de podar Bahco P3-23-F | SAIGA","isPartOf":{"@id":"https:\/\/saiga.es\/fr\/#website"},"primaryImageOfPage":{"@id":"https:\/\/saiga.es\/fr\/produit\/secateur-bacho-p3-23-f\/#primaryimage"},"image":{"@id":"https:\/\/saiga.es\/fr\/produit\/secateur-bacho-p3-23-f\/#primaryimage"},"thumbnailUrl":"https:\/\/saiga.es\/wp-content\/uploads\/2024\/09\/Bahco-P3-23-F.jpg","datePublished":"2024-09-30T13:45:38+00:00","dateModified":"2024-10-01T11:14:47+00:00","description":"Le s\u00e9cateur professionnel Bahco P-20-F est con\u00e7u pour une utilisation intensive dans les t\u00e2ches de jardinage et agricoles.","breadcrumb":{"@id":"https:\/\/saiga.es\/fr\/produit\/secateur-bacho-p3-23-f\/#breadcrumb"},"inLanguage":"fr-FR","potentialAction":[{"@type":"ReadAction","target":["https:\/\/saiga.es\/fr\/produit\/secateur-bacho-p3-23-f\/"]}]},{"@type":"ImageObject","inLanguage":"fr-FR","@id":"https:\/\/saiga.es\/fr\/produit\/secateur-bacho-p3-23-f\/#primaryimage","url":"https:\/\/saiga.es\/wp-content\/uploads\/2024\/09\/Bahco-P3-23-F.jpg","contentUrl":"https:\/\/saiga.es\/wp-content\/uploads\/2024\/09\/Bahco-P3-23-F.jpg","width":1080,"height":1080,"caption":"P3-23-F"},{"@type":"BreadcrumbList","@id":"https:\/\/saiga.es\/fr\/produit\/secateur-bacho-p3-23-f\/#breadcrumb","itemListElement":[{"@type":"ListItem","position":1,"name":"Inici","item":"https:\/\/saiga.es\/fr\/"},{"@type":"ListItem","position":2,"name":"boutique","item":"https:\/\/saiga.es\/fr\/boutique\/"},{"@type":"ListItem","position":3,"name":"Tisora de podar Bahco P3-23-F"}]},{"@type":"WebSite","@id":"https:\/\/saiga.es\/fr\/#website","url":"https:\/\/saiga.es\/fr\/","name":"SAIGA","description":"M\u00e9s de 50 anys al servei de la terra i treballant per a un \u00fas eficient de l\u2019aigua!","publisher":{"@id":"https:\/\/saiga.es\/fr\/#organization"},"potentialAction":[{"@type":"SearchAction","target":{"@type":"EntryPoint","urlTemplate":"https:\/\/saiga.es\/fr\/?s={search_term_string}"},"query-input":{"@type":"PropertyValueSpecification","valueRequired":true,"valueName":"search_term_string"}}],"inLanguage":"fr-FR"},{"@type":"Organization","@id":"https:\/\/saiga.es\/fr\/#organization","name":"SAIGA","url":"https:\/\/saiga.es\/fr\/","logo":{"@type":"ImageObject","inLanguage":"fr-FR","@id":"https:\/\/saiga.es\/fr\/#\/schema\/logo\/image\/","url":"https:\/\/saiga.es\/wp-content\/uploads\/2025\/07\/logo_saiga_baseline_optimitzat.svg","contentUrl":"https:\/\/saiga.es\/wp-content\/uploads\/2025\/07\/logo_saiga_baseline_optimitzat.svg","caption":"SAIGA"},"image":{"@id":"https:\/\/saiga.es\/fr\/#\/schema\/logo\/image\/"},"sameAs":["https:\/\/x.com\/saiga_agro","https:\/\/www.instagram.com\/saiga_agro\/"]}]}},"_links":{"self":[{"href":"https:\/\/saiga.es\/fr\/wp-json\/wp\/v2\/product\/12166","targetHints":{"allow":["GET"]}}],"collection":[{"href":"https:\/\/saiga.es\/fr\/wp-json\/wp\/v2\/product"}],"about":[{"href":"https:\/\/saiga.es\/fr\/wp-json\/wp\/v2\/types\/product"}],"replies":[{"embeddable":true,"href":"https:\/\/saiga.es\/fr\/wp-json\/wp\/v2\/comments?post=12166"}],"wp:featuredmedia":[{"embeddable":true,"href":"https:\/\/saiga.es\/fr\/wp-json\/wp\/v2\/media\/12154"}],"wp:attachment":[{"href":"https:\/\/saiga.es\/fr\/wp-json\/wp\/v2\/media?parent=12166"}],"wp:term":[{"taxonomy":"product_brand","embeddable":true,"href":"https:\/\/saiga.es\/fr\/wp-json\/wp\/v2\/product_brand?post=12166"},{"taxonomy":"product_cat","embeddable":true,"href":"https:\/\/saiga.es\/fr\/wp-json\/wp\/v2\/product_cat?post=12166"},{"taxonomy":"product_tag","embeddable":true,"href":"https:\/\/saiga.es\/fr\/wp-json\/wp\/v2\/product_tag?post=12166"}],"curies":[{"name":"wp","href":"https:\/\/api.w.org\/{rel}","templated":true}]}}