{"id":12183,"date":"2024-10-01T08:12:41","date_gmt":"2024-10-01T08:12:41","guid":{"rendered":"https:\/\/botiga.saiga.es\/producte\/secateur-bacho-p121-23-f\/"},"modified":"2024-10-01T10:57:57","modified_gmt":"2024-10-01T10:57:57","slug":"secateur-bacho-p121-23-f","status":"publish","type":"product","link":"https:\/\/saiga.es\/fr\/produit\/secateur-bacho-p121-23-f\/","title":{"rendered":"Tisora de podar Bahco P121-23-F"},"content":{"rendered":"<p>Le s\u00e9cateur Bahco P121-23-F est un outil ergonomique et r\u00e9sistant, con\u00e7u pour les travaux d&rsquo;\u00e9lagage dans les jardins et espaces verts. D&rsquo;une longueur de 230 mm, ces ciseaux offrent une grande pr\u00e9cision de coupe gr\u00e2ce \u00e0 leurs lames en acier r\u00e9sistant, aff\u00fbt\u00e9es pour garantir des coupes nettes et rapides. Sa poign\u00e9e est con\u00e7ue pour offrir un confort lors d&rsquo;une utilisation prolong\u00e9e, r\u00e9duisant ainsi la fatigue des mains. Id\u00e9ales pour la taille des plantes et des arbustes, ces cisailles sont l\u00e9g\u00e8res et faciles \u00e0 manipuler, ce qui en fait un excellent choix pour les professionnels et les amateurs.   <\/p>\n","protected":false},"excerpt":{"rendered":"<p>Le s\u00e9cateur Bahco P121-23-F est un outil ergonomique et r\u00e9sistant, con\u00e7u pour les travaux d&rsquo;\u00e9lagage dans les jardins et espaces verts.<\/p>\n","protected":false},"featured_media":12180,"comment_status":"closed","ping_status":"closed","template":"","meta":[],"product_brand":[],"product_cat":[1794,433],"product_tag":[1657,1654,546],"class_list":{"0":"post-12183","1":"product","2":"type-product","3":"status-publish","4":"has-post-thumbnail","6":"product_cat-bahco-fr","7":"product_cat-secateurs","8":"product_tag-bahco-fr","9":"product_tag-secateur-fr-2","10":"product_tag-taille","12":"first","13":"instock","14":"taxable","15":"shipping-taxable","16":"purchasable","17":"product-type-simple"},"yoast_head":"<!-- This site is optimized with the Yoast SEO plugin v27.4 - https:\/\/yoast.com\/product\/yoast-seo-wordpress\/ -->\n<title>Tisora de podar Bahco P121-23-F | SAIGA<\/title>\n<meta name=\"description\" content=\"Le s\u00e9cateur Bahco P121-23-F est un outil ergonomique et r\u00e9sistant, con\u00e7u pour les travaux d&#039;\u00e9lagage dans les jardins et espaces verts.\" \/>\n<meta name=\"robots\" content=\"index, follow, max-snippet:-1, max-image-preview:large, max-video-preview:-1\" \/>\n<link rel=\"canonical\" href=\"https:\/\/saiga.es\/fr\/produit\/secateur-bacho-p121-23-f\/\" \/>\n<meta property=\"og:locale\" content=\"fr_FR\" \/>\n<meta property=\"og:type\" content=\"article\" \/>\n<meta property=\"og:title\" content=\"Tisora de podar Bahco P121-23-F | SAIGA\" \/>\n<meta property=\"og:description\" content=\"Le s\u00e9cateur Bahco P121-23-F est un outil ergonomique et r\u00e9sistant, con\u00e7u pour les travaux d&#039;\u00e9lagage dans les jardins et espaces verts.\" \/>\n<meta property=\"og:url\" content=\"https:\/\/saiga.es\/fr\/produit\/secateur-bacho-p121-23-f\/\" \/>\n<meta property=\"og:site_name\" content=\"SAIGA\" \/>\n<meta property=\"article:modified_time\" content=\"2024-10-01T10:57:57+00:00\" \/>\n<meta property=\"og:image\" content=\"https:\/\/saiga.es\/wp-content\/uploads\/2024\/10\/P121-23-F.jpg\" \/>\n\t<meta property=\"og:image:width\" content=\"1080\" \/>\n\t<meta property=\"og:image:height\" content=\"1080\" \/>\n\t<meta property=\"og:image:type\" content=\"image\/jpeg\" \/>\n<meta name=\"twitter:card\" content=\"summary_large_image\" \/>\n<meta name=\"twitter:site\" content=\"@saiga_agro\" \/>\n<meta name=\"twitter:label1\" content=\"Dur\u00e9e de lecture estim\u00e9e\" \/>\n\t<meta name=\"twitter:data1\" content=\"1 minute\" \/>\n<script type=\"application\/ld+json\" class=\"yoast-schema-graph\">{\"@context\":\"https:\\\/\\\/schema.org\",\"@graph\":[{\"@type\":\"WebPage\",\"@id\":\"https:\\\/\\\/saiga.es\\\/fr\\\/produit\\\/secateur-bacho-p121-23-f\\\/\",\"url\":\"https:\\\/\\\/saiga.es\\\/fr\\\/produit\\\/secateur-bacho-p121-23-f\\\/\",\"name\":\"Tisora de podar Bahco P121-23-F | SAIGA\",\"isPartOf\":{\"@id\":\"https:\\\/\\\/saiga.es\\\/fr\\\/#website\"},\"primaryImageOfPage\":{\"@id\":\"https:\\\/\\\/saiga.es\\\/fr\\\/produit\\\/secateur-bacho-p121-23-f\\\/#primaryimage\"},\"image\":{\"@id\":\"https:\\\/\\\/saiga.es\\\/fr\\\/produit\\\/secateur-bacho-p121-23-f\\\/#primaryimage\"},\"thumbnailUrl\":\"https:\\\/\\\/saiga.es\\\/wp-content\\\/uploads\\\/2024\\\/10\\\/P121-23-F.jpg\",\"datePublished\":\"2024-10-01T08:12:41+00:00\",\"dateModified\":\"2024-10-01T10:57:57+00:00\",\"description\":\"Le s\u00e9cateur Bahco P121-23-F est un outil ergonomique et r\u00e9sistant, con\u00e7u pour les travaux d'\u00e9lagage dans les jardins et espaces verts.\",\"breadcrumb\":{\"@id\":\"https:\\\/\\\/saiga.es\\\/fr\\\/produit\\\/secateur-bacho-p121-23-f\\\/#breadcrumb\"},\"inLanguage\":\"fr-FR\",\"potentialAction\":[{\"@type\":\"ReadAction\",\"target\":[\"https:\\\/\\\/saiga.es\\\/fr\\\/produit\\\/secateur-bacho-p121-23-f\\\/\"]}]},{\"@type\":\"ImageObject\",\"inLanguage\":\"fr-FR\",\"@id\":\"https:\\\/\\\/saiga.es\\\/fr\\\/produit\\\/secateur-bacho-p121-23-f\\\/#primaryimage\",\"url\":\"https:\\\/\\\/saiga.es\\\/wp-content\\\/uploads\\\/2024\\\/10\\\/P121-23-F.jpg\",\"contentUrl\":\"https:\\\/\\\/saiga.es\\\/wp-content\\\/uploads\\\/2024\\\/10\\\/P121-23-F.jpg\",\"width\":1080,\"height\":1080},{\"@type\":\"BreadcrumbList\",\"@id\":\"https:\\\/\\\/saiga.es\\\/fr\\\/produit\\\/secateur-bacho-p121-23-f\\\/#breadcrumb\",\"itemListElement\":[{\"@type\":\"ListItem\",\"position\":1,\"name\":\"Inici\",\"item\":\"https:\\\/\\\/saiga.es\\\/fr\\\/\"},{\"@type\":\"ListItem\",\"position\":2,\"name\":\"boutique\",\"item\":\"https:\\\/\\\/saiga.es\\\/fr\\\/boutique\\\/\"},{\"@type\":\"ListItem\",\"position\":3,\"name\":\"Tisora de podar Bahco P121-23-F\"}]},{\"@type\":\"WebSite\",\"@id\":\"https:\\\/\\\/saiga.es\\\/fr\\\/#website\",\"url\":\"https:\\\/\\\/saiga.es\\\/fr\\\/\",\"name\":\"SAIGA\",\"description\":\"M\u00e9s de 50 anys al servei de la terra i treballant per a un \u00fas eficient de l\u2019aigua!\",\"publisher\":{\"@id\":\"https:\\\/\\\/saiga.es\\\/fr\\\/#organization\"},\"potentialAction\":[{\"@type\":\"SearchAction\",\"target\":{\"@type\":\"EntryPoint\",\"urlTemplate\":\"https:\\\/\\\/saiga.es\\\/fr\\\/?s={search_term_string}\"},\"query-input\":{\"@type\":\"PropertyValueSpecification\",\"valueRequired\":true,\"valueName\":\"search_term_string\"}}],\"inLanguage\":\"fr-FR\"},{\"@type\":\"Organization\",\"@id\":\"https:\\\/\\\/saiga.es\\\/fr\\\/#organization\",\"name\":\"SAIGA\",\"url\":\"https:\\\/\\\/saiga.es\\\/fr\\\/\",\"logo\":{\"@type\":\"ImageObject\",\"inLanguage\":\"fr-FR\",\"@id\":\"https:\\\/\\\/saiga.es\\\/fr\\\/#\\\/schema\\\/logo\\\/image\\\/\",\"url\":\"https:\\\/\\\/saiga.es\\\/wp-content\\\/uploads\\\/2025\\\/07\\\/logo_saiga_baseline_optimitzat.svg\",\"contentUrl\":\"https:\\\/\\\/saiga.es\\\/wp-content\\\/uploads\\\/2025\\\/07\\\/logo_saiga_baseline_optimitzat.svg\",\"caption\":\"SAIGA\"},\"image\":{\"@id\":\"https:\\\/\\\/saiga.es\\\/fr\\\/#\\\/schema\\\/logo\\\/image\\\/\"},\"sameAs\":[\"https:\\\/\\\/x.com\\\/saiga_agro\",\"https:\\\/\\\/www.instagram.com\\\/saiga_agro\\\/\"]}]}<\/script>\n<!-- \/ Yoast SEO plugin. -->","yoast_head_json":{"title":"Tisora de podar Bahco P121-23-F | SAIGA","description":"Le s\u00e9cateur Bahco P121-23-F est un outil ergonomique et r\u00e9sistant, con\u00e7u pour les travaux d'\u00e9lagage dans les jardins et espaces verts.","robots":{"index":"index","follow":"follow","max-snippet":"max-snippet:-1","max-image-preview":"max-image-preview:large","max-video-preview":"max-video-preview:-1"},"canonical":"https:\/\/saiga.es\/fr\/produit\/secateur-bacho-p121-23-f\/","og_locale":"fr_FR","og_type":"article","og_title":"Tisora de podar Bahco P121-23-F | SAIGA","og_description":"Le s\u00e9cateur Bahco P121-23-F est un outil ergonomique et r\u00e9sistant, con\u00e7u pour les travaux d'\u00e9lagage dans les jardins et espaces verts.","og_url":"https:\/\/saiga.es\/fr\/produit\/secateur-bacho-p121-23-f\/","og_site_name":"SAIGA","article_modified_time":"2024-10-01T10:57:57+00:00","og_image":[{"width":1080,"height":1080,"url":"https:\/\/saiga.es\/wp-content\/uploads\/2024\/10\/P121-23-F.jpg","type":"image\/jpeg"}],"twitter_card":"summary_large_image","twitter_site":"@saiga_agro","twitter_misc":{"Dur\u00e9e de lecture estim\u00e9e":"1 minute"},"schema":{"@context":"https:\/\/schema.org","@graph":[{"@type":"WebPage","@id":"https:\/\/saiga.es\/fr\/produit\/secateur-bacho-p121-23-f\/","url":"https:\/\/saiga.es\/fr\/produit\/secateur-bacho-p121-23-f\/","name":"Tisora de podar Bahco P121-23-F | SAIGA","isPartOf":{"@id":"https:\/\/saiga.es\/fr\/#website"},"primaryImageOfPage":{"@id":"https:\/\/saiga.es\/fr\/produit\/secateur-bacho-p121-23-f\/#primaryimage"},"image":{"@id":"https:\/\/saiga.es\/fr\/produit\/secateur-bacho-p121-23-f\/#primaryimage"},"thumbnailUrl":"https:\/\/saiga.es\/wp-content\/uploads\/2024\/10\/P121-23-F.jpg","datePublished":"2024-10-01T08:12:41+00:00","dateModified":"2024-10-01T10:57:57+00:00","description":"Le s\u00e9cateur Bahco P121-23-F est un outil ergonomique et r\u00e9sistant, con\u00e7u pour les travaux d'\u00e9lagage dans les jardins et espaces verts.","breadcrumb":{"@id":"https:\/\/saiga.es\/fr\/produit\/secateur-bacho-p121-23-f\/#breadcrumb"},"inLanguage":"fr-FR","potentialAction":[{"@type":"ReadAction","target":["https:\/\/saiga.es\/fr\/produit\/secateur-bacho-p121-23-f\/"]}]},{"@type":"ImageObject","inLanguage":"fr-FR","@id":"https:\/\/saiga.es\/fr\/produit\/secateur-bacho-p121-23-f\/#primaryimage","url":"https:\/\/saiga.es\/wp-content\/uploads\/2024\/10\/P121-23-F.jpg","contentUrl":"https:\/\/saiga.es\/wp-content\/uploads\/2024\/10\/P121-23-F.jpg","width":1080,"height":1080},{"@type":"BreadcrumbList","@id":"https:\/\/saiga.es\/fr\/produit\/secateur-bacho-p121-23-f\/#breadcrumb","itemListElement":[{"@type":"ListItem","position":1,"name":"Inici","item":"https:\/\/saiga.es\/fr\/"},{"@type":"ListItem","position":2,"name":"boutique","item":"https:\/\/saiga.es\/fr\/boutique\/"},{"@type":"ListItem","position":3,"name":"Tisora de podar Bahco P121-23-F"}]},{"@type":"WebSite","@id":"https:\/\/saiga.es\/fr\/#website","url":"https:\/\/saiga.es\/fr\/","name":"SAIGA","description":"M\u00e9s de 50 anys al servei de la terra i treballant per a un \u00fas eficient de l\u2019aigua!","publisher":{"@id":"https:\/\/saiga.es\/fr\/#organization"},"potentialAction":[{"@type":"SearchAction","target":{"@type":"EntryPoint","urlTemplate":"https:\/\/saiga.es\/fr\/?s={search_term_string}"},"query-input":{"@type":"PropertyValueSpecification","valueRequired":true,"valueName":"search_term_string"}}],"inLanguage":"fr-FR"},{"@type":"Organization","@id":"https:\/\/saiga.es\/fr\/#organization","name":"SAIGA","url":"https:\/\/saiga.es\/fr\/","logo":{"@type":"ImageObject","inLanguage":"fr-FR","@id":"https:\/\/saiga.es\/fr\/#\/schema\/logo\/image\/","url":"https:\/\/saiga.es\/wp-content\/uploads\/2025\/07\/logo_saiga_baseline_optimitzat.svg","contentUrl":"https:\/\/saiga.es\/wp-content\/uploads\/2025\/07\/logo_saiga_baseline_optimitzat.svg","caption":"SAIGA"},"image":{"@id":"https:\/\/saiga.es\/fr\/#\/schema\/logo\/image\/"},"sameAs":["https:\/\/x.com\/saiga_agro","https:\/\/www.instagram.com\/saiga_agro\/"]}]}},"_links":{"self":[{"href":"https:\/\/saiga.es\/fr\/wp-json\/wp\/v2\/product\/12183","targetHints":{"allow":["GET"]}}],"collection":[{"href":"https:\/\/saiga.es\/fr\/wp-json\/wp\/v2\/product"}],"about":[{"href":"https:\/\/saiga.es\/fr\/wp-json\/wp\/v2\/types\/product"}],"replies":[{"embeddable":true,"href":"https:\/\/saiga.es\/fr\/wp-json\/wp\/v2\/comments?post=12183"}],"wp:featuredmedia":[{"embeddable":true,"href":"https:\/\/saiga.es\/fr\/wp-json\/wp\/v2\/media\/12180"}],"wp:attachment":[{"href":"https:\/\/saiga.es\/fr\/wp-json\/wp\/v2\/media?parent=12183"}],"wp:term":[{"taxonomy":"product_brand","embeddable":true,"href":"https:\/\/saiga.es\/fr\/wp-json\/wp\/v2\/product_brand?post=12183"},{"taxonomy":"product_cat","embeddable":true,"href":"https:\/\/saiga.es\/fr\/wp-json\/wp\/v2\/product_cat?post=12183"},{"taxonomy":"product_tag","embeddable":true,"href":"https:\/\/saiga.es\/fr\/wp-json\/wp\/v2\/product_tag?post=12183"}],"curies":[{"name":"wp","href":"https:\/\/api.w.org\/{rel}","templated":true}]}}