{"id":12190,"date":"2024-10-01T10:15:32","date_gmt":"2024-10-01T10:15:32","guid":{"rendered":"https:\/\/botiga.saiga.es\/producte\/secateur-bacho-p110-23-f\/"},"modified":"2024-10-01T10:15:32","modified_gmt":"2024-10-01T10:15:32","slug":"secateur-bacho-p110-23-f","status":"publish","type":"product","link":"https:\/\/saiga.es\/fr\/produit\/secateur-bacho-p110-23-f\/","title":{"rendered":"S\u00e9cateur Bacho P110-23-F"},"content":{"rendered":"<p>Le s\u00e9cateur Bahco P110-23-F est un outil d&rsquo;\u00e9lagage de haute qualit\u00e9, con\u00e7u pour les travaux de jardinage et l&rsquo;entretien des arbres et arbustes. Il est dot\u00e9 de lames en acier solides et tranchantes, qui permettent une coupe nette et pr\u00e9cise, id\u00e9ale pour les branches jusqu&rsquo;\u00e0 25 mm de diam\u00e8tre. Sa poign\u00e9e ergonomique en plastique offre une prise confortable et s\u00fbre, minimisant la fatigue lors d&rsquo;une utilisation prolong\u00e9e. De plus, cette cisaille se distingue par sa robustesse et sa durabilit\u00e9, ce qui la rend parfaite aussi bien pour les professionnels que pour les amateurs de jardinage \u00e0 la recherche d&rsquo;outils efficaces et durables pour leurs travaux.   <\/p>\n","protected":false},"excerpt":{"rendered":"<p>Le s\u00e9cateur Bahco P110-23-F est un outil d&rsquo;\u00e9lagage de haute qualit\u00e9, con\u00e7u pour les travaux de jardinage et l&rsquo;entretien des arbres et arbustes.<\/p>\n","protected":false},"featured_media":12188,"comment_status":"closed","ping_status":"closed","template":"","meta":[],"product_brand":[],"product_cat":[1794],"product_tag":[1657,1654,548],"class_list":{"0":"post-12190","1":"product","2":"type-product","3":"status-publish","4":"has-post-thumbnail","6":"product_cat-bahco-fr","7":"product_tag-bahco-fr","8":"product_tag-secateur-fr-2","9":"product_tag-taille-fr","11":"first","12":"instock","13":"taxable","14":"shipping-taxable","15":"purchasable","16":"product-type-simple"},"yoast_head":"<!-- This site is optimized with the Yoast SEO plugin v27.4 - https:\/\/yoast.com\/product\/yoast-seo-wordpress\/ -->\n<title>S\u00e9cateur Bacho P110-23-F | SAIGA<\/title>\n<meta name=\"description\" content=\"Le s\u00e9cateur Bahco P110-23-F est un outil d&#039;\u00e9lagage de haute qualit\u00e9, con\u00e7u pour les travaux de jardinage et l&#039;entretien des arbres et arbustes.\" \/>\n<meta name=\"robots\" content=\"index, follow, max-snippet:-1, max-image-preview:large, max-video-preview:-1\" \/>\n<link rel=\"canonical\" href=\"https:\/\/saiga.es\/fr\/produit\/secateur-bacho-p110-23-f\/\" \/>\n<meta property=\"og:locale\" content=\"fr_FR\" \/>\n<meta property=\"og:type\" content=\"article\" \/>\n<meta property=\"og:title\" content=\"S\u00e9cateur Bacho P110-23-F | SAIGA\" \/>\n<meta property=\"og:description\" content=\"Le s\u00e9cateur Bahco P110-23-F est un outil d&#039;\u00e9lagage de haute qualit\u00e9, con\u00e7u pour les travaux de jardinage et l&#039;entretien des arbres et arbustes.\" \/>\n<meta property=\"og:url\" content=\"https:\/\/saiga.es\/fr\/produit\/secateur-bacho-p110-23-f\/\" \/>\n<meta property=\"og:site_name\" content=\"SAIGA\" \/>\n<meta property=\"og:image\" content=\"https:\/\/saiga.es\/wp-content\/uploads\/2024\/10\/P110-23.jpg\" \/>\n\t<meta property=\"og:image:width\" content=\"1080\" \/>\n\t<meta property=\"og:image:height\" content=\"1080\" \/>\n\t<meta property=\"og:image:type\" content=\"image\/jpeg\" \/>\n<meta name=\"twitter:card\" content=\"summary_large_image\" \/>\n<meta name=\"twitter:site\" content=\"@saiga_agro\" \/>\n<meta name=\"twitter:label1\" content=\"Dur\u00e9e de lecture estim\u00e9e\" \/>\n\t<meta name=\"twitter:data1\" content=\"1 minute\" \/>\n<script type=\"application\/ld+json\" class=\"yoast-schema-graph\">{\"@context\":\"https:\\\/\\\/schema.org\",\"@graph\":[{\"@type\":\"WebPage\",\"@id\":\"https:\\\/\\\/saiga.es\\\/fr\\\/produit\\\/secateur-bacho-p110-23-f\\\/\",\"url\":\"https:\\\/\\\/saiga.es\\\/fr\\\/produit\\\/secateur-bacho-p110-23-f\\\/\",\"name\":\"S\u00e9cateur Bacho P110-23-F | SAIGA\",\"isPartOf\":{\"@id\":\"https:\\\/\\\/saiga.es\\\/fr\\\/#website\"},\"primaryImageOfPage\":{\"@id\":\"https:\\\/\\\/saiga.es\\\/fr\\\/produit\\\/secateur-bacho-p110-23-f\\\/#primaryimage\"},\"image\":{\"@id\":\"https:\\\/\\\/saiga.es\\\/fr\\\/produit\\\/secateur-bacho-p110-23-f\\\/#primaryimage\"},\"thumbnailUrl\":\"https:\\\/\\\/saiga.es\\\/wp-content\\\/uploads\\\/2024\\\/10\\\/P110-23.jpg\",\"datePublished\":\"2024-10-01T10:15:32+00:00\",\"description\":\"Le s\u00e9cateur Bahco P110-23-F est un outil d'\u00e9lagage de haute qualit\u00e9, con\u00e7u pour les travaux de jardinage et l'entretien des arbres et arbustes.\",\"breadcrumb\":{\"@id\":\"https:\\\/\\\/saiga.es\\\/fr\\\/produit\\\/secateur-bacho-p110-23-f\\\/#breadcrumb\"},\"inLanguage\":\"fr-FR\",\"potentialAction\":[{\"@type\":\"ReadAction\",\"target\":[\"https:\\\/\\\/saiga.es\\\/fr\\\/produit\\\/secateur-bacho-p110-23-f\\\/\"]}]},{\"@type\":\"ImageObject\",\"inLanguage\":\"fr-FR\",\"@id\":\"https:\\\/\\\/saiga.es\\\/fr\\\/produit\\\/secateur-bacho-p110-23-f\\\/#primaryimage\",\"url\":\"https:\\\/\\\/saiga.es\\\/wp-content\\\/uploads\\\/2024\\\/10\\\/P110-23.jpg\",\"contentUrl\":\"https:\\\/\\\/saiga.es\\\/wp-content\\\/uploads\\\/2024\\\/10\\\/P110-23.jpg\",\"width\":1080,\"height\":1080,\"caption\":\"S\u00e9cateur P110-23-F Bahco\"},{\"@type\":\"BreadcrumbList\",\"@id\":\"https:\\\/\\\/saiga.es\\\/fr\\\/produit\\\/secateur-bacho-p110-23-f\\\/#breadcrumb\",\"itemListElement\":[{\"@type\":\"ListItem\",\"position\":1,\"name\":\"Inici\",\"item\":\"https:\\\/\\\/saiga.es\\\/fr\\\/\"},{\"@type\":\"ListItem\",\"position\":2,\"name\":\"boutique\",\"item\":\"https:\\\/\\\/saiga.es\\\/fr\\\/boutique\\\/\"},{\"@type\":\"ListItem\",\"position\":3,\"name\":\"S\u00e9cateur Bacho P110-23-F\"}]},{\"@type\":\"WebSite\",\"@id\":\"https:\\\/\\\/saiga.es\\\/fr\\\/#website\",\"url\":\"https:\\\/\\\/saiga.es\\\/fr\\\/\",\"name\":\"SAIGA\",\"description\":\"M\u00e9s de 50 anys al servei de la terra i treballant per a un \u00fas eficient de l\u2019aigua!\",\"publisher\":{\"@id\":\"https:\\\/\\\/saiga.es\\\/fr\\\/#organization\"},\"potentialAction\":[{\"@type\":\"SearchAction\",\"target\":{\"@type\":\"EntryPoint\",\"urlTemplate\":\"https:\\\/\\\/saiga.es\\\/fr\\\/?s={search_term_string}\"},\"query-input\":{\"@type\":\"PropertyValueSpecification\",\"valueRequired\":true,\"valueName\":\"search_term_string\"}}],\"inLanguage\":\"fr-FR\"},{\"@type\":\"Organization\",\"@id\":\"https:\\\/\\\/saiga.es\\\/fr\\\/#organization\",\"name\":\"SAIGA\",\"url\":\"https:\\\/\\\/saiga.es\\\/fr\\\/\",\"logo\":{\"@type\":\"ImageObject\",\"inLanguage\":\"fr-FR\",\"@id\":\"https:\\\/\\\/saiga.es\\\/fr\\\/#\\\/schema\\\/logo\\\/image\\\/\",\"url\":\"https:\\\/\\\/saiga.es\\\/wp-content\\\/uploads\\\/2025\\\/07\\\/logo_saiga_baseline_optimitzat.svg\",\"contentUrl\":\"https:\\\/\\\/saiga.es\\\/wp-content\\\/uploads\\\/2025\\\/07\\\/logo_saiga_baseline_optimitzat.svg\",\"caption\":\"SAIGA\"},\"image\":{\"@id\":\"https:\\\/\\\/saiga.es\\\/fr\\\/#\\\/schema\\\/logo\\\/image\\\/\"},\"sameAs\":[\"https:\\\/\\\/x.com\\\/saiga_agro\",\"https:\\\/\\\/www.instagram.com\\\/saiga_agro\\\/\"]}]}<\/script>\n<!-- \/ Yoast SEO plugin. -->","yoast_head_json":{"title":"S\u00e9cateur Bacho P110-23-F | SAIGA","description":"Le s\u00e9cateur Bahco P110-23-F est un outil d'\u00e9lagage de haute qualit\u00e9, con\u00e7u pour les travaux de jardinage et l'entretien des arbres et arbustes.","robots":{"index":"index","follow":"follow","max-snippet":"max-snippet:-1","max-image-preview":"max-image-preview:large","max-video-preview":"max-video-preview:-1"},"canonical":"https:\/\/saiga.es\/fr\/produit\/secateur-bacho-p110-23-f\/","og_locale":"fr_FR","og_type":"article","og_title":"S\u00e9cateur Bacho P110-23-F | SAIGA","og_description":"Le s\u00e9cateur Bahco P110-23-F est un outil d'\u00e9lagage de haute qualit\u00e9, con\u00e7u pour les travaux de jardinage et l'entretien des arbres et arbustes.","og_url":"https:\/\/saiga.es\/fr\/produit\/secateur-bacho-p110-23-f\/","og_site_name":"SAIGA","og_image":[{"width":1080,"height":1080,"url":"https:\/\/saiga.es\/wp-content\/uploads\/2024\/10\/P110-23.jpg","type":"image\/jpeg"}],"twitter_card":"summary_large_image","twitter_site":"@saiga_agro","twitter_misc":{"Dur\u00e9e de lecture estim\u00e9e":"1 minute"},"schema":{"@context":"https:\/\/schema.org","@graph":[{"@type":"WebPage","@id":"https:\/\/saiga.es\/fr\/produit\/secateur-bacho-p110-23-f\/","url":"https:\/\/saiga.es\/fr\/produit\/secateur-bacho-p110-23-f\/","name":"S\u00e9cateur Bacho P110-23-F | SAIGA","isPartOf":{"@id":"https:\/\/saiga.es\/fr\/#website"},"primaryImageOfPage":{"@id":"https:\/\/saiga.es\/fr\/produit\/secateur-bacho-p110-23-f\/#primaryimage"},"image":{"@id":"https:\/\/saiga.es\/fr\/produit\/secateur-bacho-p110-23-f\/#primaryimage"},"thumbnailUrl":"https:\/\/saiga.es\/wp-content\/uploads\/2024\/10\/P110-23.jpg","datePublished":"2024-10-01T10:15:32+00:00","description":"Le s\u00e9cateur Bahco P110-23-F est un outil d'\u00e9lagage de haute qualit\u00e9, con\u00e7u pour les travaux de jardinage et l'entretien des arbres et arbustes.","breadcrumb":{"@id":"https:\/\/saiga.es\/fr\/produit\/secateur-bacho-p110-23-f\/#breadcrumb"},"inLanguage":"fr-FR","potentialAction":[{"@type":"ReadAction","target":["https:\/\/saiga.es\/fr\/produit\/secateur-bacho-p110-23-f\/"]}]},{"@type":"ImageObject","inLanguage":"fr-FR","@id":"https:\/\/saiga.es\/fr\/produit\/secateur-bacho-p110-23-f\/#primaryimage","url":"https:\/\/saiga.es\/wp-content\/uploads\/2024\/10\/P110-23.jpg","contentUrl":"https:\/\/saiga.es\/wp-content\/uploads\/2024\/10\/P110-23.jpg","width":1080,"height":1080,"caption":"S\u00e9cateur P110-23-F Bahco"},{"@type":"BreadcrumbList","@id":"https:\/\/saiga.es\/fr\/produit\/secateur-bacho-p110-23-f\/#breadcrumb","itemListElement":[{"@type":"ListItem","position":1,"name":"Inici","item":"https:\/\/saiga.es\/fr\/"},{"@type":"ListItem","position":2,"name":"boutique","item":"https:\/\/saiga.es\/fr\/boutique\/"},{"@type":"ListItem","position":3,"name":"S\u00e9cateur Bacho P110-23-F"}]},{"@type":"WebSite","@id":"https:\/\/saiga.es\/fr\/#website","url":"https:\/\/saiga.es\/fr\/","name":"SAIGA","description":"M\u00e9s de 50 anys al servei de la terra i treballant per a un \u00fas eficient de l\u2019aigua!","publisher":{"@id":"https:\/\/saiga.es\/fr\/#organization"},"potentialAction":[{"@type":"SearchAction","target":{"@type":"EntryPoint","urlTemplate":"https:\/\/saiga.es\/fr\/?s={search_term_string}"},"query-input":{"@type":"PropertyValueSpecification","valueRequired":true,"valueName":"search_term_string"}}],"inLanguage":"fr-FR"},{"@type":"Organization","@id":"https:\/\/saiga.es\/fr\/#organization","name":"SAIGA","url":"https:\/\/saiga.es\/fr\/","logo":{"@type":"ImageObject","inLanguage":"fr-FR","@id":"https:\/\/saiga.es\/fr\/#\/schema\/logo\/image\/","url":"https:\/\/saiga.es\/wp-content\/uploads\/2025\/07\/logo_saiga_baseline_optimitzat.svg","contentUrl":"https:\/\/saiga.es\/wp-content\/uploads\/2025\/07\/logo_saiga_baseline_optimitzat.svg","caption":"SAIGA"},"image":{"@id":"https:\/\/saiga.es\/fr\/#\/schema\/logo\/image\/"},"sameAs":["https:\/\/x.com\/saiga_agro","https:\/\/www.instagram.com\/saiga_agro\/"]}]}},"_links":{"self":[{"href":"https:\/\/saiga.es\/fr\/wp-json\/wp\/v2\/product\/12190","targetHints":{"allow":["GET"]}}],"collection":[{"href":"https:\/\/saiga.es\/fr\/wp-json\/wp\/v2\/product"}],"about":[{"href":"https:\/\/saiga.es\/fr\/wp-json\/wp\/v2\/types\/product"}],"replies":[{"embeddable":true,"href":"https:\/\/saiga.es\/fr\/wp-json\/wp\/v2\/comments?post=12190"}],"wp:featuredmedia":[{"embeddable":true,"href":"https:\/\/saiga.es\/fr\/wp-json\/wp\/v2\/media\/12188"}],"wp:attachment":[{"href":"https:\/\/saiga.es\/fr\/wp-json\/wp\/v2\/media?parent=12190"}],"wp:term":[{"taxonomy":"product_brand","embeddable":true,"href":"https:\/\/saiga.es\/fr\/wp-json\/wp\/v2\/product_brand?post=12190"},{"taxonomy":"product_cat","embeddable":true,"href":"https:\/\/saiga.es\/fr\/wp-json\/wp\/v2\/product_cat?post=12190"},{"taxonomy":"product_tag","embeddable":true,"href":"https:\/\/saiga.es\/fr\/wp-json\/wp\/v2\/product_tag?post=12190"}],"curies":[{"name":"wp","href":"https:\/\/api.w.org\/{rel}","templated":true}]}}