{"id":12196,"date":"2024-10-01T10:39:22","date_gmt":"2024-10-01T10:39:22","guid":{"rendered":"https:\/\/botiga.saiga.es\/producte\/secateur-bahco-p110-20-f\/"},"modified":"2025-12-22T10:16:53","modified_gmt":"2025-12-22T10:16:53","slug":"secateur-bahco-p110-20-f","status":"publish","type":"product","link":"https:\/\/saiga.es\/fr\/produit\/secateur-bahco-p110-20-f\/","title":{"rendered":"S\u00e9cateur Bahco P110-20-F"},"content":{"rendered":"<p>Le s\u00e9cateur Bahco P110-20-F est un outil manuel de haute qualit\u00e9, con\u00e7u pour la taille pr\u00e9cise des branches et des plantes de taille moyenne. Dot\u00e9 de lames en acier durables et tranchantes, il offre une grande capacit\u00e9 de coupe jusqu&rsquo;\u00e0 20 mm de diam\u00e8tre. Sa conception ergonomique avec des manches en fibre renforc\u00e9e offre un confort et minimise l&rsquo;effort lors d&rsquo;une utilisation prolong\u00e9e. De plus, le s\u00e9cateur comprend un m\u00e9canisme de fermeture s\u00e9curis\u00e9 pour un rangement facile. Id\u00e9al pour les professionnels comme pour les amateurs de jardinage qui recherchent un outil efficace et fiable.    <\/p>\n","protected":false},"excerpt":{"rendered":"<p>Le s\u00e9cateur Bahco P110-20-F est un outil manuel de haute qualit\u00e9, con\u00e7u pour la taille pr\u00e9cise des branches et des plantes de taille moyenne.<\/p>\n","protected":false},"featured_media":12194,"comment_status":"closed","ping_status":"closed","template":"","meta":[],"product_brand":[],"product_cat":[1794],"product_tag":[1657,1661,548],"class_list":{"0":"post-12196","1":"product","2":"type-product","3":"status-publish","4":"has-post-thumbnail","6":"product_cat-bahco-fr","7":"product_tag-bahco-fr","8":"product_tag-ciseaux-de-taille","9":"product_tag-taille-fr","11":"first","12":"instock","13":"taxable","14":"shipping-taxable","15":"purchasable","16":"product-type-simple"},"yoast_head":"<!-- This site is optimized with the Yoast SEO plugin v27.4 - https:\/\/yoast.com\/product\/yoast-seo-wordpress\/ -->\n<title>S\u00e9cateur Bahco P110-20-F | SAIGA<\/title>\n<meta name=\"description\" content=\"Le s\u00e9cateur Bahco P110-20-F est un outil manuel de haute qualit\u00e9, con\u00e7u pour la taille pr\u00e9cise des branches et des plantes de taille moyenne.\" \/>\n<meta name=\"robots\" content=\"index, follow, max-snippet:-1, max-image-preview:large, max-video-preview:-1\" \/>\n<link rel=\"canonical\" href=\"https:\/\/saiga.es\/fr\/produit\/secateur-bahco-p110-20-f\/\" \/>\n<meta property=\"og:locale\" content=\"fr_FR\" \/>\n<meta property=\"og:type\" content=\"article\" \/>\n<meta property=\"og:title\" content=\"S\u00e9cateur Bahco P110-20-F | SAIGA\" \/>\n<meta property=\"og:description\" content=\"Le s\u00e9cateur Bahco P110-20-F est un outil manuel de haute qualit\u00e9, con\u00e7u pour la taille pr\u00e9cise des branches et des plantes de taille moyenne.\" \/>\n<meta property=\"og:url\" content=\"https:\/\/saiga.es\/fr\/produit\/secateur-bahco-p110-20-f\/\" \/>\n<meta property=\"og:site_name\" content=\"SAIGA\" \/>\n<meta property=\"article:modified_time\" content=\"2025-12-22T10:16:53+00:00\" \/>\n<meta property=\"og:image\" content=\"https:\/\/saiga.es\/wp-content\/uploads\/2024\/10\/P110-20-F.jpg\" \/>\n\t<meta property=\"og:image:width\" content=\"1080\" \/>\n\t<meta property=\"og:image:height\" content=\"1080\" \/>\n\t<meta property=\"og:image:type\" content=\"image\/jpeg\" \/>\n<meta name=\"twitter:card\" content=\"summary_large_image\" \/>\n<meta name=\"twitter:site\" content=\"@saiga_agro\" \/>\n<meta name=\"twitter:label1\" content=\"Dur\u00e9e de lecture estim\u00e9e\" \/>\n\t<meta name=\"twitter:data1\" content=\"1 minute\" \/>\n<script type=\"application\/ld+json\" class=\"yoast-schema-graph\">{\"@context\":\"https:\\\/\\\/schema.org\",\"@graph\":[{\"@type\":\"WebPage\",\"@id\":\"https:\\\/\\\/saiga.es\\\/fr\\\/produit\\\/secateur-bahco-p110-20-f\\\/\",\"url\":\"https:\\\/\\\/saiga.es\\\/fr\\\/produit\\\/secateur-bahco-p110-20-f\\\/\",\"name\":\"S\u00e9cateur Bahco P110-20-F | SAIGA\",\"isPartOf\":{\"@id\":\"https:\\\/\\\/saiga.es\\\/fr\\\/#website\"},\"primaryImageOfPage\":{\"@id\":\"https:\\\/\\\/saiga.es\\\/fr\\\/produit\\\/secateur-bahco-p110-20-f\\\/#primaryimage\"},\"image\":{\"@id\":\"https:\\\/\\\/saiga.es\\\/fr\\\/produit\\\/secateur-bahco-p110-20-f\\\/#primaryimage\"},\"thumbnailUrl\":\"https:\\\/\\\/saiga.es\\\/wp-content\\\/uploads\\\/2024\\\/10\\\/P110-20-F.jpg\",\"datePublished\":\"2024-10-01T10:39:22+00:00\",\"dateModified\":\"2025-12-22T10:16:53+00:00\",\"description\":\"Le s\u00e9cateur Bahco P110-20-F est un outil manuel de haute qualit\u00e9, con\u00e7u pour la taille pr\u00e9cise des branches et des plantes de taille moyenne.\",\"breadcrumb\":{\"@id\":\"https:\\\/\\\/saiga.es\\\/fr\\\/produit\\\/secateur-bahco-p110-20-f\\\/#breadcrumb\"},\"inLanguage\":\"fr-FR\",\"potentialAction\":[{\"@type\":\"ReadAction\",\"target\":[\"https:\\\/\\\/saiga.es\\\/fr\\\/produit\\\/secateur-bahco-p110-20-f\\\/\"]}]},{\"@type\":\"ImageObject\",\"inLanguage\":\"fr-FR\",\"@id\":\"https:\\\/\\\/saiga.es\\\/fr\\\/produit\\\/secateur-bahco-p110-20-f\\\/#primaryimage\",\"url\":\"https:\\\/\\\/saiga.es\\\/wp-content\\\/uploads\\\/2024\\\/10\\\/P110-20-F.jpg\",\"contentUrl\":\"https:\\\/\\\/saiga.es\\\/wp-content\\\/uploads\\\/2024\\\/10\\\/P110-20-F.jpg\",\"width\":1080,\"height\":1080,\"caption\":\"S\u00e9cateur 110-20-F\"},{\"@type\":\"BreadcrumbList\",\"@id\":\"https:\\\/\\\/saiga.es\\\/fr\\\/produit\\\/secateur-bahco-p110-20-f\\\/#breadcrumb\",\"itemListElement\":[{\"@type\":\"ListItem\",\"position\":1,\"name\":\"Inici\",\"item\":\"https:\\\/\\\/saiga.es\\\/fr\\\/\"},{\"@type\":\"ListItem\",\"position\":2,\"name\":\"boutique\",\"item\":\"https:\\\/\\\/saiga.es\\\/fr\\\/boutique\\\/\"},{\"@type\":\"ListItem\",\"position\":3,\"name\":\"S\u00e9cateur Bahco P110-20-F\"}]},{\"@type\":\"WebSite\",\"@id\":\"https:\\\/\\\/saiga.es\\\/fr\\\/#website\",\"url\":\"https:\\\/\\\/saiga.es\\\/fr\\\/\",\"name\":\"SAIGA\",\"description\":\"M\u00e9s de 50 anys al servei de la terra i treballant per a un \u00fas eficient de l\u2019aigua!\",\"publisher\":{\"@id\":\"https:\\\/\\\/saiga.es\\\/fr\\\/#organization\"},\"potentialAction\":[{\"@type\":\"SearchAction\",\"target\":{\"@type\":\"EntryPoint\",\"urlTemplate\":\"https:\\\/\\\/saiga.es\\\/fr\\\/?s={search_term_string}\"},\"query-input\":{\"@type\":\"PropertyValueSpecification\",\"valueRequired\":true,\"valueName\":\"search_term_string\"}}],\"inLanguage\":\"fr-FR\"},{\"@type\":\"Organization\",\"@id\":\"https:\\\/\\\/saiga.es\\\/fr\\\/#organization\",\"name\":\"SAIGA\",\"url\":\"https:\\\/\\\/saiga.es\\\/fr\\\/\",\"logo\":{\"@type\":\"ImageObject\",\"inLanguage\":\"fr-FR\",\"@id\":\"https:\\\/\\\/saiga.es\\\/fr\\\/#\\\/schema\\\/logo\\\/image\\\/\",\"url\":\"https:\\\/\\\/saiga.es\\\/wp-content\\\/uploads\\\/2025\\\/07\\\/logo_saiga_baseline_optimitzat.svg\",\"contentUrl\":\"https:\\\/\\\/saiga.es\\\/wp-content\\\/uploads\\\/2025\\\/07\\\/logo_saiga_baseline_optimitzat.svg\",\"caption\":\"SAIGA\"},\"image\":{\"@id\":\"https:\\\/\\\/saiga.es\\\/fr\\\/#\\\/schema\\\/logo\\\/image\\\/\"},\"sameAs\":[\"https:\\\/\\\/x.com\\\/saiga_agro\",\"https:\\\/\\\/www.instagram.com\\\/saiga_agro\\\/\"]}]}<\/script>\n<!-- \/ Yoast SEO plugin. -->","yoast_head_json":{"title":"S\u00e9cateur Bahco P110-20-F | SAIGA","description":"Le s\u00e9cateur Bahco P110-20-F est un outil manuel de haute qualit\u00e9, con\u00e7u pour la taille pr\u00e9cise des branches et des plantes de taille moyenne.","robots":{"index":"index","follow":"follow","max-snippet":"max-snippet:-1","max-image-preview":"max-image-preview:large","max-video-preview":"max-video-preview:-1"},"canonical":"https:\/\/saiga.es\/fr\/produit\/secateur-bahco-p110-20-f\/","og_locale":"fr_FR","og_type":"article","og_title":"S\u00e9cateur Bahco P110-20-F | SAIGA","og_description":"Le s\u00e9cateur Bahco P110-20-F est un outil manuel de haute qualit\u00e9, con\u00e7u pour la taille pr\u00e9cise des branches et des plantes de taille moyenne.","og_url":"https:\/\/saiga.es\/fr\/produit\/secateur-bahco-p110-20-f\/","og_site_name":"SAIGA","article_modified_time":"2025-12-22T10:16:53+00:00","og_image":[{"width":1080,"height":1080,"url":"https:\/\/saiga.es\/wp-content\/uploads\/2024\/10\/P110-20-F.jpg","type":"image\/jpeg"}],"twitter_card":"summary_large_image","twitter_site":"@saiga_agro","twitter_misc":{"Dur\u00e9e de lecture estim\u00e9e":"1 minute"},"schema":{"@context":"https:\/\/schema.org","@graph":[{"@type":"WebPage","@id":"https:\/\/saiga.es\/fr\/produit\/secateur-bahco-p110-20-f\/","url":"https:\/\/saiga.es\/fr\/produit\/secateur-bahco-p110-20-f\/","name":"S\u00e9cateur Bahco P110-20-F | SAIGA","isPartOf":{"@id":"https:\/\/saiga.es\/fr\/#website"},"primaryImageOfPage":{"@id":"https:\/\/saiga.es\/fr\/produit\/secateur-bahco-p110-20-f\/#primaryimage"},"image":{"@id":"https:\/\/saiga.es\/fr\/produit\/secateur-bahco-p110-20-f\/#primaryimage"},"thumbnailUrl":"https:\/\/saiga.es\/wp-content\/uploads\/2024\/10\/P110-20-F.jpg","datePublished":"2024-10-01T10:39:22+00:00","dateModified":"2025-12-22T10:16:53+00:00","description":"Le s\u00e9cateur Bahco P110-20-F est un outil manuel de haute qualit\u00e9, con\u00e7u pour la taille pr\u00e9cise des branches et des plantes de taille moyenne.","breadcrumb":{"@id":"https:\/\/saiga.es\/fr\/produit\/secateur-bahco-p110-20-f\/#breadcrumb"},"inLanguage":"fr-FR","potentialAction":[{"@type":"ReadAction","target":["https:\/\/saiga.es\/fr\/produit\/secateur-bahco-p110-20-f\/"]}]},{"@type":"ImageObject","inLanguage":"fr-FR","@id":"https:\/\/saiga.es\/fr\/produit\/secateur-bahco-p110-20-f\/#primaryimage","url":"https:\/\/saiga.es\/wp-content\/uploads\/2024\/10\/P110-20-F.jpg","contentUrl":"https:\/\/saiga.es\/wp-content\/uploads\/2024\/10\/P110-20-F.jpg","width":1080,"height":1080,"caption":"S\u00e9cateur 110-20-F"},{"@type":"BreadcrumbList","@id":"https:\/\/saiga.es\/fr\/produit\/secateur-bahco-p110-20-f\/#breadcrumb","itemListElement":[{"@type":"ListItem","position":1,"name":"Inici","item":"https:\/\/saiga.es\/fr\/"},{"@type":"ListItem","position":2,"name":"boutique","item":"https:\/\/saiga.es\/fr\/boutique\/"},{"@type":"ListItem","position":3,"name":"S\u00e9cateur Bahco P110-20-F"}]},{"@type":"WebSite","@id":"https:\/\/saiga.es\/fr\/#website","url":"https:\/\/saiga.es\/fr\/","name":"SAIGA","description":"M\u00e9s de 50 anys al servei de la terra i treballant per a un \u00fas eficient de l\u2019aigua!","publisher":{"@id":"https:\/\/saiga.es\/fr\/#organization"},"potentialAction":[{"@type":"SearchAction","target":{"@type":"EntryPoint","urlTemplate":"https:\/\/saiga.es\/fr\/?s={search_term_string}"},"query-input":{"@type":"PropertyValueSpecification","valueRequired":true,"valueName":"search_term_string"}}],"inLanguage":"fr-FR"},{"@type":"Organization","@id":"https:\/\/saiga.es\/fr\/#organization","name":"SAIGA","url":"https:\/\/saiga.es\/fr\/","logo":{"@type":"ImageObject","inLanguage":"fr-FR","@id":"https:\/\/saiga.es\/fr\/#\/schema\/logo\/image\/","url":"https:\/\/saiga.es\/wp-content\/uploads\/2025\/07\/logo_saiga_baseline_optimitzat.svg","contentUrl":"https:\/\/saiga.es\/wp-content\/uploads\/2025\/07\/logo_saiga_baseline_optimitzat.svg","caption":"SAIGA"},"image":{"@id":"https:\/\/saiga.es\/fr\/#\/schema\/logo\/image\/"},"sameAs":["https:\/\/x.com\/saiga_agro","https:\/\/www.instagram.com\/saiga_agro\/"]}]}},"_links":{"self":[{"href":"https:\/\/saiga.es\/fr\/wp-json\/wp\/v2\/product\/12196","targetHints":{"allow":["GET"]}}],"collection":[{"href":"https:\/\/saiga.es\/fr\/wp-json\/wp\/v2\/product"}],"about":[{"href":"https:\/\/saiga.es\/fr\/wp-json\/wp\/v2\/types\/product"}],"replies":[{"embeddable":true,"href":"https:\/\/saiga.es\/fr\/wp-json\/wp\/v2\/comments?post=12196"}],"wp:featuredmedia":[{"embeddable":true,"href":"https:\/\/saiga.es\/fr\/wp-json\/wp\/v2\/media\/12194"}],"wp:attachment":[{"href":"https:\/\/saiga.es\/fr\/wp-json\/wp\/v2\/media?parent=12196"}],"wp:term":[{"taxonomy":"product_brand","embeddable":true,"href":"https:\/\/saiga.es\/fr\/wp-json\/wp\/v2\/product_brand?post=12196"},{"taxonomy":"product_cat","embeddable":true,"href":"https:\/\/saiga.es\/fr\/wp-json\/wp\/v2\/product_cat?post=12196"},{"taxonomy":"product_tag","embeddable":true,"href":"https:\/\/saiga.es\/fr\/wp-json\/wp\/v2\/product_tag?post=12196"}],"curies":[{"name":"wp","href":"https:\/\/api.w.org\/{rel}","templated":true}]}}