{"id":12198,"date":"2024-09-30T10:25:59","date_gmt":"2024-09-30T10:25:59","guid":{"rendered":"https:\/\/botiga.saiga.es\/producte\/secateur-bahco-p1-23\/"},"modified":"2024-09-30T10:25:59","modified_gmt":"2024-09-30T10:25:59","slug":"secateur-bahco-p1-23","status":"publish","type":"product","link":"https:\/\/saiga.es\/fr\/produit\/secateur-bahco-p1-23\/","title":{"rendered":"S\u00e9cateur Bahco P1-23"},"content":{"rendered":"<p>Le s\u00e9cateur professionnel Bahco P-23 est un outil robuste et efficace, con\u00e7u pour les travaux d&rsquo;\u00e9lagage intensifs. Il se distingue par sa lame de coupe de pr\u00e9cision, fabriqu\u00e9e en acier de haute qualit\u00e9, qui garantit une coupe nette et rapide. Sa conception ergonomique permet une manipulation confortable, minimisant la fatigue de l&rsquo;utilisateur pendant les longues journ\u00e9es de travail. De plus, il dispose d&rsquo;un syst\u00e8me de verrouillage de s\u00e9curit\u00e9 pour une utilisation plus s\u00fbre. Ces cisailles sont id\u00e9ales pour les professionnels du jardinage et de l\u2019agriculture qui recherchent durabilit\u00e9, pr\u00e9cision et commodit\u00e9 dans un outil d\u2019\u00e9lagage portatif.    <\/p>\n","protected":false},"excerpt":{"rendered":"<p>Le s\u00e9cateur professionnel Bahco P-23 est un outil robuste et efficace, con\u00e7u pour les travaux d&rsquo;\u00e9lagage intensifs.<\/p>\n","protected":false},"featured_media":12137,"comment_status":"closed","ping_status":"closed","template":"","meta":[],"product_brand":[],"product_cat":[1794],"product_tag":[1657,548],"class_list":{"0":"post-12198","1":"product","2":"type-product","3":"status-publish","4":"has-post-thumbnail","6":"product_cat-bahco-fr","7":"product_tag-bahco-fr","8":"product_tag-taille-fr","10":"first","11":"instock","12":"taxable","13":"shipping-taxable","14":"purchasable","15":"product-type-simple"},"yoast_head":"<!-- This site is optimized with the Yoast SEO plugin v27.4 - https:\/\/yoast.com\/product\/yoast-seo-wordpress\/ -->\n<title>S\u00e9cateur Bahco P1-23 | SAIGA<\/title>\n<meta name=\"description\" content=\"Le s\u00e9cateur professionnel Bahco P-23 est un outil robuste et efficace, con\u00e7u pour les travaux d&#039;\u00e9lagage intensifs.\" \/>\n<meta name=\"robots\" content=\"index, follow, max-snippet:-1, max-image-preview:large, max-video-preview:-1\" \/>\n<link rel=\"canonical\" href=\"https:\/\/saiga.es\/fr\/produit\/secateur-bahco-p1-23\/\" \/>\n<meta property=\"og:locale\" content=\"fr_FR\" \/>\n<meta property=\"og:type\" content=\"article\" \/>\n<meta property=\"og:title\" content=\"S\u00e9cateur Bahco P1-23 | SAIGA\" \/>\n<meta property=\"og:description\" content=\"Le s\u00e9cateur professionnel Bahco P-23 est un outil robuste et efficace, con\u00e7u pour les travaux d&#039;\u00e9lagage intensifs.\" \/>\n<meta property=\"og:url\" content=\"https:\/\/saiga.es\/fr\/produit\/secateur-bahco-p1-23\/\" \/>\n<meta property=\"og:site_name\" content=\"SAIGA\" \/>\n<meta property=\"og:image\" content=\"https:\/\/saiga.es\/wp-content\/uploads\/2024\/09\/Tisora-de-podar-P1-Bacho-1.jpg\" \/>\n\t<meta property=\"og:image:width\" content=\"1080\" \/>\n\t<meta property=\"og:image:height\" content=\"1080\" \/>\n\t<meta property=\"og:image:type\" content=\"image\/jpeg\" \/>\n<meta name=\"twitter:card\" content=\"summary_large_image\" \/>\n<meta name=\"twitter:site\" content=\"@saiga_agro\" \/>\n<meta name=\"twitter:label1\" content=\"Dur\u00e9e de lecture estim\u00e9e\" \/>\n\t<meta name=\"twitter:data1\" content=\"1 minute\" \/>\n<script type=\"application\/ld+json\" class=\"yoast-schema-graph\">{\"@context\":\"https:\\\/\\\/schema.org\",\"@graph\":[{\"@type\":\"WebPage\",\"@id\":\"https:\\\/\\\/saiga.es\\\/fr\\\/produit\\\/secateur-bahco-p1-23\\\/\",\"url\":\"https:\\\/\\\/saiga.es\\\/fr\\\/produit\\\/secateur-bahco-p1-23\\\/\",\"name\":\"S\u00e9cateur Bahco P1-23 | SAIGA\",\"isPartOf\":{\"@id\":\"https:\\\/\\\/saiga.es\\\/fr\\\/#website\"},\"primaryImageOfPage\":{\"@id\":\"https:\\\/\\\/saiga.es\\\/fr\\\/produit\\\/secateur-bahco-p1-23\\\/#primaryimage\"},\"image\":{\"@id\":\"https:\\\/\\\/saiga.es\\\/fr\\\/produit\\\/secateur-bahco-p1-23\\\/#primaryimage\"},\"thumbnailUrl\":\"https:\\\/\\\/saiga.es\\\/wp-content\\\/uploads\\\/2024\\\/09\\\/Tisora-de-podar-P1-Bacho-1.jpg\",\"datePublished\":\"2024-09-30T10:25:59+00:00\",\"description\":\"Le s\u00e9cateur professionnel Bahco P-23 est un outil robuste et efficace, con\u00e7u pour les travaux d'\u00e9lagage intensifs.\",\"breadcrumb\":{\"@id\":\"https:\\\/\\\/saiga.es\\\/fr\\\/produit\\\/secateur-bahco-p1-23\\\/#breadcrumb\"},\"inLanguage\":\"fr-FR\",\"potentialAction\":[{\"@type\":\"ReadAction\",\"target\":[\"https:\\\/\\\/saiga.es\\\/fr\\\/produit\\\/secateur-bahco-p1-23\\\/\"]}]},{\"@type\":\"ImageObject\",\"inLanguage\":\"fr-FR\",\"@id\":\"https:\\\/\\\/saiga.es\\\/fr\\\/produit\\\/secateur-bahco-p1-23\\\/#primaryimage\",\"url\":\"https:\\\/\\\/saiga.es\\\/wp-content\\\/uploads\\\/2024\\\/09\\\/Tisora-de-podar-P1-Bacho-1.jpg\",\"contentUrl\":\"https:\\\/\\\/saiga.es\\\/wp-content\\\/uploads\\\/2024\\\/09\\\/Tisora-de-podar-P1-Bacho-1.jpg\",\"width\":1080,\"height\":1080,\"caption\":\"Ciseaux Bahco P1-23\"},{\"@type\":\"BreadcrumbList\",\"@id\":\"https:\\\/\\\/saiga.es\\\/fr\\\/produit\\\/secateur-bahco-p1-23\\\/#breadcrumb\",\"itemListElement\":[{\"@type\":\"ListItem\",\"position\":1,\"name\":\"Inici\",\"item\":\"https:\\\/\\\/saiga.es\\\/fr\\\/\"},{\"@type\":\"ListItem\",\"position\":2,\"name\":\"boutique\",\"item\":\"https:\\\/\\\/saiga.es\\\/fr\\\/boutique\\\/\"},{\"@type\":\"ListItem\",\"position\":3,\"name\":\"S\u00e9cateur Bahco P1-23\"}]},{\"@type\":\"WebSite\",\"@id\":\"https:\\\/\\\/saiga.es\\\/fr\\\/#website\",\"url\":\"https:\\\/\\\/saiga.es\\\/fr\\\/\",\"name\":\"SAIGA\",\"description\":\"M\u00e9s de 50 anys al servei de la terra i treballant per a un \u00fas eficient de l\u2019aigua!\",\"publisher\":{\"@id\":\"https:\\\/\\\/saiga.es\\\/fr\\\/#organization\"},\"potentialAction\":[{\"@type\":\"SearchAction\",\"target\":{\"@type\":\"EntryPoint\",\"urlTemplate\":\"https:\\\/\\\/saiga.es\\\/fr\\\/?s={search_term_string}\"},\"query-input\":{\"@type\":\"PropertyValueSpecification\",\"valueRequired\":true,\"valueName\":\"search_term_string\"}}],\"inLanguage\":\"fr-FR\"},{\"@type\":\"Organization\",\"@id\":\"https:\\\/\\\/saiga.es\\\/fr\\\/#organization\",\"name\":\"SAIGA\",\"url\":\"https:\\\/\\\/saiga.es\\\/fr\\\/\",\"logo\":{\"@type\":\"ImageObject\",\"inLanguage\":\"fr-FR\",\"@id\":\"https:\\\/\\\/saiga.es\\\/fr\\\/#\\\/schema\\\/logo\\\/image\\\/\",\"url\":\"https:\\\/\\\/saiga.es\\\/wp-content\\\/uploads\\\/2025\\\/07\\\/logo_saiga_baseline_optimitzat.svg\",\"contentUrl\":\"https:\\\/\\\/saiga.es\\\/wp-content\\\/uploads\\\/2025\\\/07\\\/logo_saiga_baseline_optimitzat.svg\",\"caption\":\"SAIGA\"},\"image\":{\"@id\":\"https:\\\/\\\/saiga.es\\\/fr\\\/#\\\/schema\\\/logo\\\/image\\\/\"},\"sameAs\":[\"https:\\\/\\\/x.com\\\/saiga_agro\",\"https:\\\/\\\/www.instagram.com\\\/saiga_agro\\\/\"]}]}<\/script>\n<!-- \/ Yoast SEO plugin. -->","yoast_head_json":{"title":"S\u00e9cateur Bahco P1-23 | SAIGA","description":"Le s\u00e9cateur professionnel Bahco P-23 est un outil robuste et efficace, con\u00e7u pour les travaux d'\u00e9lagage intensifs.","robots":{"index":"index","follow":"follow","max-snippet":"max-snippet:-1","max-image-preview":"max-image-preview:large","max-video-preview":"max-video-preview:-1"},"canonical":"https:\/\/saiga.es\/fr\/produit\/secateur-bahco-p1-23\/","og_locale":"fr_FR","og_type":"article","og_title":"S\u00e9cateur Bahco P1-23 | SAIGA","og_description":"Le s\u00e9cateur professionnel Bahco P-23 est un outil robuste et efficace, con\u00e7u pour les travaux d'\u00e9lagage intensifs.","og_url":"https:\/\/saiga.es\/fr\/produit\/secateur-bahco-p1-23\/","og_site_name":"SAIGA","og_image":[{"width":1080,"height":1080,"url":"https:\/\/saiga.es\/wp-content\/uploads\/2024\/09\/Tisora-de-podar-P1-Bacho-1.jpg","type":"image\/jpeg"}],"twitter_card":"summary_large_image","twitter_site":"@saiga_agro","twitter_misc":{"Dur\u00e9e de lecture estim\u00e9e":"1 minute"},"schema":{"@context":"https:\/\/schema.org","@graph":[{"@type":"WebPage","@id":"https:\/\/saiga.es\/fr\/produit\/secateur-bahco-p1-23\/","url":"https:\/\/saiga.es\/fr\/produit\/secateur-bahco-p1-23\/","name":"S\u00e9cateur Bahco P1-23 | SAIGA","isPartOf":{"@id":"https:\/\/saiga.es\/fr\/#website"},"primaryImageOfPage":{"@id":"https:\/\/saiga.es\/fr\/produit\/secateur-bahco-p1-23\/#primaryimage"},"image":{"@id":"https:\/\/saiga.es\/fr\/produit\/secateur-bahco-p1-23\/#primaryimage"},"thumbnailUrl":"https:\/\/saiga.es\/wp-content\/uploads\/2024\/09\/Tisora-de-podar-P1-Bacho-1.jpg","datePublished":"2024-09-30T10:25:59+00:00","description":"Le s\u00e9cateur professionnel Bahco P-23 est un outil robuste et efficace, con\u00e7u pour les travaux d'\u00e9lagage intensifs.","breadcrumb":{"@id":"https:\/\/saiga.es\/fr\/produit\/secateur-bahco-p1-23\/#breadcrumb"},"inLanguage":"fr-FR","potentialAction":[{"@type":"ReadAction","target":["https:\/\/saiga.es\/fr\/produit\/secateur-bahco-p1-23\/"]}]},{"@type":"ImageObject","inLanguage":"fr-FR","@id":"https:\/\/saiga.es\/fr\/produit\/secateur-bahco-p1-23\/#primaryimage","url":"https:\/\/saiga.es\/wp-content\/uploads\/2024\/09\/Tisora-de-podar-P1-Bacho-1.jpg","contentUrl":"https:\/\/saiga.es\/wp-content\/uploads\/2024\/09\/Tisora-de-podar-P1-Bacho-1.jpg","width":1080,"height":1080,"caption":"Ciseaux Bahco P1-23"},{"@type":"BreadcrumbList","@id":"https:\/\/saiga.es\/fr\/produit\/secateur-bahco-p1-23\/#breadcrumb","itemListElement":[{"@type":"ListItem","position":1,"name":"Inici","item":"https:\/\/saiga.es\/fr\/"},{"@type":"ListItem","position":2,"name":"boutique","item":"https:\/\/saiga.es\/fr\/boutique\/"},{"@type":"ListItem","position":3,"name":"S\u00e9cateur Bahco P1-23"}]},{"@type":"WebSite","@id":"https:\/\/saiga.es\/fr\/#website","url":"https:\/\/saiga.es\/fr\/","name":"SAIGA","description":"M\u00e9s de 50 anys al servei de la terra i treballant per a un \u00fas eficient de l\u2019aigua!","publisher":{"@id":"https:\/\/saiga.es\/fr\/#organization"},"potentialAction":[{"@type":"SearchAction","target":{"@type":"EntryPoint","urlTemplate":"https:\/\/saiga.es\/fr\/?s={search_term_string}"},"query-input":{"@type":"PropertyValueSpecification","valueRequired":true,"valueName":"search_term_string"}}],"inLanguage":"fr-FR"},{"@type":"Organization","@id":"https:\/\/saiga.es\/fr\/#organization","name":"SAIGA","url":"https:\/\/saiga.es\/fr\/","logo":{"@type":"ImageObject","inLanguage":"fr-FR","@id":"https:\/\/saiga.es\/fr\/#\/schema\/logo\/image\/","url":"https:\/\/saiga.es\/wp-content\/uploads\/2025\/07\/logo_saiga_baseline_optimitzat.svg","contentUrl":"https:\/\/saiga.es\/wp-content\/uploads\/2025\/07\/logo_saiga_baseline_optimitzat.svg","caption":"SAIGA"},"image":{"@id":"https:\/\/saiga.es\/fr\/#\/schema\/logo\/image\/"},"sameAs":["https:\/\/x.com\/saiga_agro","https:\/\/www.instagram.com\/saiga_agro\/"]}]}},"_links":{"self":[{"href":"https:\/\/saiga.es\/fr\/wp-json\/wp\/v2\/product\/12198","targetHints":{"allow":["GET"]}}],"collection":[{"href":"https:\/\/saiga.es\/fr\/wp-json\/wp\/v2\/product"}],"about":[{"href":"https:\/\/saiga.es\/fr\/wp-json\/wp\/v2\/types\/product"}],"replies":[{"embeddable":true,"href":"https:\/\/saiga.es\/fr\/wp-json\/wp\/v2\/comments?post=12198"}],"wp:featuredmedia":[{"embeddable":true,"href":"https:\/\/saiga.es\/fr\/wp-json\/wp\/v2\/media\/12137"}],"wp:attachment":[{"href":"https:\/\/saiga.es\/fr\/wp-json\/wp\/v2\/media?parent=12198"}],"wp:term":[{"taxonomy":"product_brand","embeddable":true,"href":"https:\/\/saiga.es\/fr\/wp-json\/wp\/v2\/product_brand?post=12198"},{"taxonomy":"product_cat","embeddable":true,"href":"https:\/\/saiga.es\/fr\/wp-json\/wp\/v2\/product_cat?post=12198"},{"taxonomy":"product_tag","embeddable":true,"href":"https:\/\/saiga.es\/fr\/wp-json\/wp\/v2\/product_tag?post=12198"}],"curies":[{"name":"wp","href":"https:\/\/api.w.org\/{rel}","templated":true}]}}