{"id":12214,"date":"2024-10-03T10:59:25","date_gmt":"2024-10-03T10:59:25","guid":{"rendered":"https:\/\/botiga.saiga.es\/producte\/tronconneuse-cs-310-es-35\/"},"modified":"2024-10-03T10:59:25","modified_gmt":"2024-10-03T10:59:25","slug":"tronconneuse-cs-310-es-35","status":"publish","type":"product","link":"https:\/\/saiga.es\/fr\/produit\/tronconneuse-cs-310-es-35\/","title":{"rendered":"Tron\u00e7onneuse CS 310 ES \/35"},"content":{"rendered":"<p>La tron\u00e7onneuse ECHO CS-310 ES est un outil l\u00e9ger et polyvalent, id\u00e9al pour couper du bois et effectuer des t\u00e2ches d&rsquo;\u00e9lagage aussi bien dans le domaine domestique que professionnel. Dot\u00e9 d&rsquo;un puissant moteur de 30,5 cm3, il offre un excellent rapport puissance\/consommation de carburant. Il comprend le syst\u00e8me ES (Easy Start) pour faciliter le d\u00e9marrage, id\u00e9al pour les utilisateurs \u00e0 la recherche de confort et d&rsquo;efficacit\u00e9. Dot\u00e9e d&rsquo;une lame de 35 cm, cette tron\u00e7onneuse r\u00e9alise des coupes pr\u00e9cises et nettes. Sa conception ergonomique et son faible niveau de vibration garantissent une exp\u00e9rience de coupe confortable et s\u00fbre. Parfait pour le jardinage, l\u2019\u00e9lagage des arbres et l\u2019entretien ext\u00e9rieur.     <\/p>\n","protected":false},"excerpt":{"rendered":"<p>La tron\u00e7onneuse ECHO CS-310 ES est un outil l\u00e9ger et polyvalent, id\u00e9al pour couper du bois et effectuer des t\u00e2ches d&rsquo;\u00e9lagage aussi bien dans le domaine domestique que professionnel.<\/p>\n","protected":false},"featured_media":12211,"comment_status":"open","ping_status":"closed","template":"","meta":[],"product_brand":[],"product_cat":[1688],"product_tag":[1667,777,548,1668],"class_list":{"0":"post-12214","1":"product","2":"type-product","3":"status-publish","4":"has-post-thumbnail","6":"product_cat-tronconneuses","7":"product_tag-echo-fr","8":"product_tag-jardinage","9":"product_tag-taille-fr","10":"product_tag-tronconneuse","12":"first","13":"instock","14":"sale","15":"taxable","16":"shipping-taxable","17":"purchasable","18":"product-type-simple"},"yoast_head":"<!-- This site is optimized with the Yoast SEO plugin v27.3 - https:\/\/yoast.com\/product\/yoast-seo-wordpress\/ -->\n<title>Tron\u00e7onneuse CS 310 ES \/35 | SAIGA<\/title>\n<meta name=\"description\" content=\"La tron\u00e7onneuse ECHO CS-310 ES est un outil l\u00e9ger et polyvalent, id\u00e9al pour couper du bois et effectuer des t\u00e2ches d&#039;\u00e9lagage aussi bien dans le domaine domestique que professionnel.\" \/>\n<meta name=\"robots\" content=\"index, follow, max-snippet:-1, max-image-preview:large, max-video-preview:-1\" \/>\n<link rel=\"canonical\" href=\"https:\/\/saiga.es\/fr\/produit\/tronconneuse-cs-310-es-35\/\" \/>\n<meta property=\"og:locale\" content=\"fr_FR\" \/>\n<meta property=\"og:type\" content=\"article\" \/>\n<meta property=\"og:title\" content=\"Tron\u00e7onneuse CS 310 ES \/35 | SAIGA\" \/>\n<meta property=\"og:description\" content=\"La tron\u00e7onneuse ECHO CS-310 ES est un outil l\u00e9ger et polyvalent, id\u00e9al pour couper du bois et effectuer des t\u00e2ches d&#039;\u00e9lagage aussi bien dans le domaine domestique que professionnel.\" \/>\n<meta property=\"og:url\" content=\"https:\/\/saiga.es\/fr\/produit\/tronconneuse-cs-310-es-35\/\" \/>\n<meta property=\"og:site_name\" content=\"SAIGA\" \/>\n<meta property=\"og:image\" content=\"https:\/\/saiga.es\/wp-content\/uploads\/2024\/10\/Motoserra-CS-310ES.jpg\" \/>\n\t<meta property=\"og:image:width\" content=\"1080\" \/>\n\t<meta property=\"og:image:height\" content=\"1080\" \/>\n\t<meta property=\"og:image:type\" content=\"image\/jpeg\" \/>\n<meta name=\"twitter:card\" content=\"summary_large_image\" \/>\n<meta name=\"twitter:site\" content=\"@saiga_agro\" \/>\n<meta name=\"twitter:label1\" content=\"Dur\u00e9e de lecture estim\u00e9e\" \/>\n\t<meta name=\"twitter:data1\" content=\"1 minute\" \/>\n<script type=\"application\/ld+json\" class=\"yoast-schema-graph\">{\"@context\":\"https:\\\/\\\/schema.org\",\"@graph\":[{\"@type\":\"WebPage\",\"@id\":\"https:\\\/\\\/saiga.es\\\/fr\\\/produit\\\/tronconneuse-cs-310-es-35\\\/\",\"url\":\"https:\\\/\\\/saiga.es\\\/fr\\\/produit\\\/tronconneuse-cs-310-es-35\\\/\",\"name\":\"Tron\u00e7onneuse CS 310 ES \\\/35 | SAIGA\",\"isPartOf\":{\"@id\":\"https:\\\/\\\/saiga.es\\\/fr\\\/#website\"},\"primaryImageOfPage\":{\"@id\":\"https:\\\/\\\/saiga.es\\\/fr\\\/produit\\\/tronconneuse-cs-310-es-35\\\/#primaryimage\"},\"image\":{\"@id\":\"https:\\\/\\\/saiga.es\\\/fr\\\/produit\\\/tronconneuse-cs-310-es-35\\\/#primaryimage\"},\"thumbnailUrl\":\"https:\\\/\\\/saiga.es\\\/wp-content\\\/uploads\\\/2024\\\/10\\\/Motoserra-CS-310ES.jpg\",\"datePublished\":\"2024-10-03T10:59:25+00:00\",\"description\":\"La tron\u00e7onneuse ECHO CS-310 ES est un outil l\u00e9ger et polyvalent, id\u00e9al pour couper du bois et effectuer des t\u00e2ches d'\u00e9lagage aussi bien dans le domaine domestique que professionnel.\",\"breadcrumb\":{\"@id\":\"https:\\\/\\\/saiga.es\\\/fr\\\/produit\\\/tronconneuse-cs-310-es-35\\\/#breadcrumb\"},\"inLanguage\":\"fr-FR\",\"potentialAction\":[{\"@type\":\"ReadAction\",\"target\":[\"https:\\\/\\\/saiga.es\\\/fr\\\/produit\\\/tronconneuse-cs-310-es-35\\\/\"]}]},{\"@type\":\"ImageObject\",\"inLanguage\":\"fr-FR\",\"@id\":\"https:\\\/\\\/saiga.es\\\/fr\\\/produit\\\/tronconneuse-cs-310-es-35\\\/#primaryimage\",\"url\":\"https:\\\/\\\/saiga.es\\\/wp-content\\\/uploads\\\/2024\\\/10\\\/Motoserra-CS-310ES.jpg\",\"contentUrl\":\"https:\\\/\\\/saiga.es\\\/wp-content\\\/uploads\\\/2024\\\/10\\\/Motoserra-CS-310ES.jpg\",\"width\":1080,\"height\":1080,\"caption\":\"Tron\u00e7onneuse CS 310 ES \\\/35\"},{\"@type\":\"BreadcrumbList\",\"@id\":\"https:\\\/\\\/saiga.es\\\/fr\\\/produit\\\/tronconneuse-cs-310-es-35\\\/#breadcrumb\",\"itemListElement\":[{\"@type\":\"ListItem\",\"position\":1,\"name\":\"Inici\",\"item\":\"https:\\\/\\\/saiga.es\\\/fr\\\/\"},{\"@type\":\"ListItem\",\"position\":2,\"name\":\"boutique\",\"item\":\"https:\\\/\\\/saiga.es\\\/fr\\\/boutique\\\/\"},{\"@type\":\"ListItem\",\"position\":3,\"name\":\"Tron\u00e7onneuse CS 310 ES \\\/35\"}]},{\"@type\":\"WebSite\",\"@id\":\"https:\\\/\\\/saiga.es\\\/fr\\\/#website\",\"url\":\"https:\\\/\\\/saiga.es\\\/fr\\\/\",\"name\":\"SAIGA\",\"description\":\"M\u00e9s de 50 anys al servei de la terra i treballant per a un \u00fas eficient de l\u2019aigua!\",\"publisher\":{\"@id\":\"https:\\\/\\\/saiga.es\\\/fr\\\/#organization\"},\"potentialAction\":[{\"@type\":\"SearchAction\",\"target\":{\"@type\":\"EntryPoint\",\"urlTemplate\":\"https:\\\/\\\/saiga.es\\\/fr\\\/?s={search_term_string}\"},\"query-input\":{\"@type\":\"PropertyValueSpecification\",\"valueRequired\":true,\"valueName\":\"search_term_string\"}}],\"inLanguage\":\"fr-FR\"},{\"@type\":\"Organization\",\"@id\":\"https:\\\/\\\/saiga.es\\\/fr\\\/#organization\",\"name\":\"SAIGA\",\"url\":\"https:\\\/\\\/saiga.es\\\/fr\\\/\",\"logo\":{\"@type\":\"ImageObject\",\"inLanguage\":\"fr-FR\",\"@id\":\"https:\\\/\\\/saiga.es\\\/fr\\\/#\\\/schema\\\/logo\\\/image\\\/\",\"url\":\"https:\\\/\\\/saiga.es\\\/wp-content\\\/uploads\\\/2025\\\/07\\\/logo_saiga_baseline_optimitzat.svg\",\"contentUrl\":\"https:\\\/\\\/saiga.es\\\/wp-content\\\/uploads\\\/2025\\\/07\\\/logo_saiga_baseline_optimitzat.svg\",\"caption\":\"SAIGA\"},\"image\":{\"@id\":\"https:\\\/\\\/saiga.es\\\/fr\\\/#\\\/schema\\\/logo\\\/image\\\/\"},\"sameAs\":[\"https:\\\/\\\/x.com\\\/saiga_agro\",\"https:\\\/\\\/www.instagram.com\\\/saiga_agro\\\/\"]}]}<\/script>\n<!-- \/ Yoast SEO plugin. -->","yoast_head_json":{"title":"Tron\u00e7onneuse CS 310 ES \/35 | SAIGA","description":"La tron\u00e7onneuse ECHO CS-310 ES est un outil l\u00e9ger et polyvalent, id\u00e9al pour couper du bois et effectuer des t\u00e2ches d'\u00e9lagage aussi bien dans le domaine domestique que professionnel.","robots":{"index":"index","follow":"follow","max-snippet":"max-snippet:-1","max-image-preview":"max-image-preview:large","max-video-preview":"max-video-preview:-1"},"canonical":"https:\/\/saiga.es\/fr\/produit\/tronconneuse-cs-310-es-35\/","og_locale":"fr_FR","og_type":"article","og_title":"Tron\u00e7onneuse CS 310 ES \/35 | SAIGA","og_description":"La tron\u00e7onneuse ECHO CS-310 ES est un outil l\u00e9ger et polyvalent, id\u00e9al pour couper du bois et effectuer des t\u00e2ches d'\u00e9lagage aussi bien dans le domaine domestique que professionnel.","og_url":"https:\/\/saiga.es\/fr\/produit\/tronconneuse-cs-310-es-35\/","og_site_name":"SAIGA","og_image":[{"width":1080,"height":1080,"url":"https:\/\/saiga.es\/wp-content\/uploads\/2024\/10\/Motoserra-CS-310ES.jpg","type":"image\/jpeg"}],"twitter_card":"summary_large_image","twitter_site":"@saiga_agro","twitter_misc":{"Dur\u00e9e de lecture estim\u00e9e":"1 minute"},"schema":{"@context":"https:\/\/schema.org","@graph":[{"@type":"WebPage","@id":"https:\/\/saiga.es\/fr\/produit\/tronconneuse-cs-310-es-35\/","url":"https:\/\/saiga.es\/fr\/produit\/tronconneuse-cs-310-es-35\/","name":"Tron\u00e7onneuse CS 310 ES \/35 | SAIGA","isPartOf":{"@id":"https:\/\/saiga.es\/fr\/#website"},"primaryImageOfPage":{"@id":"https:\/\/saiga.es\/fr\/produit\/tronconneuse-cs-310-es-35\/#primaryimage"},"image":{"@id":"https:\/\/saiga.es\/fr\/produit\/tronconneuse-cs-310-es-35\/#primaryimage"},"thumbnailUrl":"https:\/\/saiga.es\/wp-content\/uploads\/2024\/10\/Motoserra-CS-310ES.jpg","datePublished":"2024-10-03T10:59:25+00:00","description":"La tron\u00e7onneuse ECHO CS-310 ES est un outil l\u00e9ger et polyvalent, id\u00e9al pour couper du bois et effectuer des t\u00e2ches d'\u00e9lagage aussi bien dans le domaine domestique que professionnel.","breadcrumb":{"@id":"https:\/\/saiga.es\/fr\/produit\/tronconneuse-cs-310-es-35\/#breadcrumb"},"inLanguage":"fr-FR","potentialAction":[{"@type":"ReadAction","target":["https:\/\/saiga.es\/fr\/produit\/tronconneuse-cs-310-es-35\/"]}]},{"@type":"ImageObject","inLanguage":"fr-FR","@id":"https:\/\/saiga.es\/fr\/produit\/tronconneuse-cs-310-es-35\/#primaryimage","url":"https:\/\/saiga.es\/wp-content\/uploads\/2024\/10\/Motoserra-CS-310ES.jpg","contentUrl":"https:\/\/saiga.es\/wp-content\/uploads\/2024\/10\/Motoserra-CS-310ES.jpg","width":1080,"height":1080,"caption":"Tron\u00e7onneuse CS 310 ES \/35"},{"@type":"BreadcrumbList","@id":"https:\/\/saiga.es\/fr\/produit\/tronconneuse-cs-310-es-35\/#breadcrumb","itemListElement":[{"@type":"ListItem","position":1,"name":"Inici","item":"https:\/\/saiga.es\/fr\/"},{"@type":"ListItem","position":2,"name":"boutique","item":"https:\/\/saiga.es\/fr\/boutique\/"},{"@type":"ListItem","position":3,"name":"Tron\u00e7onneuse CS 310 ES \/35"}]},{"@type":"WebSite","@id":"https:\/\/saiga.es\/fr\/#website","url":"https:\/\/saiga.es\/fr\/","name":"SAIGA","description":"M\u00e9s de 50 anys al servei de la terra i treballant per a un \u00fas eficient de l\u2019aigua!","publisher":{"@id":"https:\/\/saiga.es\/fr\/#organization"},"potentialAction":[{"@type":"SearchAction","target":{"@type":"EntryPoint","urlTemplate":"https:\/\/saiga.es\/fr\/?s={search_term_string}"},"query-input":{"@type":"PropertyValueSpecification","valueRequired":true,"valueName":"search_term_string"}}],"inLanguage":"fr-FR"},{"@type":"Organization","@id":"https:\/\/saiga.es\/fr\/#organization","name":"SAIGA","url":"https:\/\/saiga.es\/fr\/","logo":{"@type":"ImageObject","inLanguage":"fr-FR","@id":"https:\/\/saiga.es\/fr\/#\/schema\/logo\/image\/","url":"https:\/\/saiga.es\/wp-content\/uploads\/2025\/07\/logo_saiga_baseline_optimitzat.svg","contentUrl":"https:\/\/saiga.es\/wp-content\/uploads\/2025\/07\/logo_saiga_baseline_optimitzat.svg","caption":"SAIGA"},"image":{"@id":"https:\/\/saiga.es\/fr\/#\/schema\/logo\/image\/"},"sameAs":["https:\/\/x.com\/saiga_agro","https:\/\/www.instagram.com\/saiga_agro\/"]}]}},"_links":{"self":[{"href":"https:\/\/saiga.es\/fr\/wp-json\/wp\/v2\/product\/12214","targetHints":{"allow":["GET"]}}],"collection":[{"href":"https:\/\/saiga.es\/fr\/wp-json\/wp\/v2\/product"}],"about":[{"href":"https:\/\/saiga.es\/fr\/wp-json\/wp\/v2\/types\/product"}],"replies":[{"embeddable":true,"href":"https:\/\/saiga.es\/fr\/wp-json\/wp\/v2\/comments?post=12214"}],"wp:featuredmedia":[{"embeddable":true,"href":"https:\/\/saiga.es\/fr\/wp-json\/wp\/v2\/media\/12211"}],"wp:attachment":[{"href":"https:\/\/saiga.es\/fr\/wp-json\/wp\/v2\/media?parent=12214"}],"wp:term":[{"taxonomy":"product_brand","embeddable":true,"href":"https:\/\/saiga.es\/fr\/wp-json\/wp\/v2\/product_brand?post=12214"},{"taxonomy":"product_cat","embeddable":true,"href":"https:\/\/saiga.es\/fr\/wp-json\/wp\/v2\/product_cat?post=12214"},{"taxonomy":"product_tag","embeddable":true,"href":"https:\/\/saiga.es\/fr\/wp-json\/wp\/v2\/product_tag?post=12214"}],"curies":[{"name":"wp","href":"https:\/\/api.w.org\/{rel}","templated":true}]}}