{"id":12245,"date":"2024-10-03T13:27:52","date_gmt":"2024-10-03T13:27:52","guid":{"rendered":"https:\/\/botiga.saiga.es\/producte\/taille-haie-hc-2020\/"},"modified":"2024-10-03T13:27:52","modified_gmt":"2024-10-03T13:27:52","slug":"taille-haie-hc-2020","status":"publish","type":"product","link":"https:\/\/saiga.es\/fr\/produit\/taille-haie-hc-2020\/","title":{"rendered":"Taille-haie HC-2020"},"content":{"rendered":"<p>Le taille-haie HC 2020 de la marque ECHO est une machine puissante et l\u00e9g\u00e8re, id\u00e9ale pour l&rsquo;entretien des haies et des buissons. Ce taille-haie professionnel poss\u00e8de une double lame de 534 mm, fabriqu\u00e9e en acier de haute qualit\u00e9, qui garantit des coupes pr\u00e9cises et nettes. Son moteur de 21,2 cm3 offre une excellente puissance avec de faibles \u00e9missions, ce qui le rend efficace et respectueux de l&rsquo;environnement. La conception ergonomique avec poign\u00e9e rotative vous permet de travailler confortablement plus longtemps, r\u00e9duisant ainsi la fatigue. Le Cortasetos ECHO HC 2020 est parfait pour les professionnels du jardinage \u00e0 la recherche de performance et de durabilit\u00e9.    <\/p>\n","protected":false},"excerpt":{"rendered":"<p>Le taille-haie HC 2020 de la marque ECHO est une machine puissante et l\u00e9g\u00e8re, id\u00e9ale pour l&rsquo;entretien des haies et des buissons.<\/p>\n","protected":false},"featured_media":12237,"comment_status":"closed","ping_status":"closed","template":"","meta":[],"product_brand":[],"product_cat":[1710],"product_tag":[1671,1667,777],"class_list":{"0":"post-12245","1":"product","2":"type-product","3":"status-publish","4":"has-post-thumbnail","6":"product_cat-taille-haie","7":"product_tag-coupeurs-de-cloture","8":"product_tag-echo-fr","9":"product_tag-jardinage","11":"first","12":"instock","13":"sale","14":"taxable","15":"shipping-taxable","16":"purchasable","17":"product-type-simple"},"yoast_head":"<!-- This site is optimized with the Yoast SEO plugin v27.4 - https:\/\/yoast.com\/product\/yoast-seo-wordpress\/ -->\n<title>Taille-haie HC-2020 | SAIGA<\/title>\n<meta name=\"description\" content=\"Le taille-haie HC 2020 de la marque ECHO est une machine puissante et l\u00e9g\u00e8re, id\u00e9ale pour l&#039;entretien des haies et des buissons.\" \/>\n<meta name=\"robots\" content=\"index, follow, max-snippet:-1, max-image-preview:large, max-video-preview:-1\" \/>\n<link rel=\"canonical\" href=\"https:\/\/saiga.es\/fr\/produit\/taille-haie-hc-2020\/\" \/>\n<meta property=\"og:locale\" content=\"fr_FR\" \/>\n<meta property=\"og:type\" content=\"article\" \/>\n<meta property=\"og:title\" content=\"Taille-haie HC-2020 | SAIGA\" \/>\n<meta property=\"og:description\" content=\"Le taille-haie HC 2020 de la marque ECHO est une machine puissante et l\u00e9g\u00e8re, id\u00e9ale pour l&#039;entretien des haies et des buissons.\" \/>\n<meta property=\"og:url\" content=\"https:\/\/saiga.es\/fr\/produit\/taille-haie-hc-2020\/\" \/>\n<meta property=\"og:site_name\" content=\"SAIGA\" \/>\n<meta property=\"og:image\" content=\"https:\/\/saiga.es\/wp-content\/uploads\/2024\/10\/cortasetos-hc-2020.png\" \/>\n\t<meta property=\"og:image:width\" content=\"500\" \/>\n\t<meta property=\"og:image:height\" content=\"500\" \/>\n\t<meta property=\"og:image:type\" content=\"image\/png\" \/>\n<meta name=\"twitter:card\" content=\"summary_large_image\" \/>\n<meta name=\"twitter:site\" content=\"@saiga_agro\" \/>\n<meta name=\"twitter:label1\" content=\"Dur\u00e9e de lecture estim\u00e9e\" \/>\n\t<meta name=\"twitter:data1\" content=\"1 minute\" \/>\n<script type=\"application\/ld+json\" class=\"yoast-schema-graph\">{\"@context\":\"https:\\\/\\\/schema.org\",\"@graph\":[{\"@type\":\"WebPage\",\"@id\":\"https:\\\/\\\/saiga.es\\\/fr\\\/produit\\\/taille-haie-hc-2020\\\/\",\"url\":\"https:\\\/\\\/saiga.es\\\/fr\\\/produit\\\/taille-haie-hc-2020\\\/\",\"name\":\"Taille-haie HC-2020 | SAIGA\",\"isPartOf\":{\"@id\":\"https:\\\/\\\/saiga.es\\\/fr\\\/#website\"},\"primaryImageOfPage\":{\"@id\":\"https:\\\/\\\/saiga.es\\\/fr\\\/produit\\\/taille-haie-hc-2020\\\/#primaryimage\"},\"image\":{\"@id\":\"https:\\\/\\\/saiga.es\\\/fr\\\/produit\\\/taille-haie-hc-2020\\\/#primaryimage\"},\"thumbnailUrl\":\"https:\\\/\\\/saiga.es\\\/wp-content\\\/uploads\\\/2024\\\/10\\\/cortasetos-hc-2020.png\",\"datePublished\":\"2024-10-03T13:27:52+00:00\",\"description\":\"Le taille-haie HC 2020 de la marque ECHO est une machine puissante et l\u00e9g\u00e8re, id\u00e9ale pour l'entretien des haies et des buissons.\",\"breadcrumb\":{\"@id\":\"https:\\\/\\\/saiga.es\\\/fr\\\/produit\\\/taille-haie-hc-2020\\\/#breadcrumb\"},\"inLanguage\":\"fr-FR\",\"potentialAction\":[{\"@type\":\"ReadAction\",\"target\":[\"https:\\\/\\\/saiga.es\\\/fr\\\/produit\\\/taille-haie-hc-2020\\\/\"]}]},{\"@type\":\"ImageObject\",\"inLanguage\":\"fr-FR\",\"@id\":\"https:\\\/\\\/saiga.es\\\/fr\\\/produit\\\/taille-haie-hc-2020\\\/#primaryimage\",\"url\":\"https:\\\/\\\/saiga.es\\\/wp-content\\\/uploads\\\/2024\\\/10\\\/cortasetos-hc-2020.png\",\"contentUrl\":\"https:\\\/\\\/saiga.es\\\/wp-content\\\/uploads\\\/2024\\\/10\\\/cortasetos-hc-2020.png\",\"width\":500,\"height\":500,\"caption\":\"Taille-haie HC-2020\"},{\"@type\":\"BreadcrumbList\",\"@id\":\"https:\\\/\\\/saiga.es\\\/fr\\\/produit\\\/taille-haie-hc-2020\\\/#breadcrumb\",\"itemListElement\":[{\"@type\":\"ListItem\",\"position\":1,\"name\":\"Inici\",\"item\":\"https:\\\/\\\/saiga.es\\\/fr\\\/\"},{\"@type\":\"ListItem\",\"position\":2,\"name\":\"boutique\",\"item\":\"https:\\\/\\\/saiga.es\\\/fr\\\/boutique\\\/\"},{\"@type\":\"ListItem\",\"position\":3,\"name\":\"Taille-haie HC-2020\"}]},{\"@type\":\"WebSite\",\"@id\":\"https:\\\/\\\/saiga.es\\\/fr\\\/#website\",\"url\":\"https:\\\/\\\/saiga.es\\\/fr\\\/\",\"name\":\"SAIGA\",\"description\":\"M\u00e9s de 50 anys al servei de la terra i treballant per a un \u00fas eficient de l\u2019aigua!\",\"publisher\":{\"@id\":\"https:\\\/\\\/saiga.es\\\/fr\\\/#organization\"},\"potentialAction\":[{\"@type\":\"SearchAction\",\"target\":{\"@type\":\"EntryPoint\",\"urlTemplate\":\"https:\\\/\\\/saiga.es\\\/fr\\\/?s={search_term_string}\"},\"query-input\":{\"@type\":\"PropertyValueSpecification\",\"valueRequired\":true,\"valueName\":\"search_term_string\"}}],\"inLanguage\":\"fr-FR\"},{\"@type\":\"Organization\",\"@id\":\"https:\\\/\\\/saiga.es\\\/fr\\\/#organization\",\"name\":\"SAIGA\",\"url\":\"https:\\\/\\\/saiga.es\\\/fr\\\/\",\"logo\":{\"@type\":\"ImageObject\",\"inLanguage\":\"fr-FR\",\"@id\":\"https:\\\/\\\/saiga.es\\\/fr\\\/#\\\/schema\\\/logo\\\/image\\\/\",\"url\":\"https:\\\/\\\/saiga.es\\\/wp-content\\\/uploads\\\/2025\\\/07\\\/logo_saiga_baseline_optimitzat.svg\",\"contentUrl\":\"https:\\\/\\\/saiga.es\\\/wp-content\\\/uploads\\\/2025\\\/07\\\/logo_saiga_baseline_optimitzat.svg\",\"caption\":\"SAIGA\"},\"image\":{\"@id\":\"https:\\\/\\\/saiga.es\\\/fr\\\/#\\\/schema\\\/logo\\\/image\\\/\"},\"sameAs\":[\"https:\\\/\\\/x.com\\\/saiga_agro\",\"https:\\\/\\\/www.instagram.com\\\/saiga_agro\\\/\"]}]}<\/script>\n<!-- \/ Yoast SEO plugin. -->","yoast_head_json":{"title":"Taille-haie HC-2020 | SAIGA","description":"Le taille-haie HC 2020 de la marque ECHO est une machine puissante et l\u00e9g\u00e8re, id\u00e9ale pour l'entretien des haies et des buissons.","robots":{"index":"index","follow":"follow","max-snippet":"max-snippet:-1","max-image-preview":"max-image-preview:large","max-video-preview":"max-video-preview:-1"},"canonical":"https:\/\/saiga.es\/fr\/produit\/taille-haie-hc-2020\/","og_locale":"fr_FR","og_type":"article","og_title":"Taille-haie HC-2020 | SAIGA","og_description":"Le taille-haie HC 2020 de la marque ECHO est une machine puissante et l\u00e9g\u00e8re, id\u00e9ale pour l'entretien des haies et des buissons.","og_url":"https:\/\/saiga.es\/fr\/produit\/taille-haie-hc-2020\/","og_site_name":"SAIGA","og_image":[{"width":500,"height":500,"url":"https:\/\/saiga.es\/wp-content\/uploads\/2024\/10\/cortasetos-hc-2020.png","type":"image\/png"}],"twitter_card":"summary_large_image","twitter_site":"@saiga_agro","twitter_misc":{"Dur\u00e9e de lecture estim\u00e9e":"1 minute"},"schema":{"@context":"https:\/\/schema.org","@graph":[{"@type":"WebPage","@id":"https:\/\/saiga.es\/fr\/produit\/taille-haie-hc-2020\/","url":"https:\/\/saiga.es\/fr\/produit\/taille-haie-hc-2020\/","name":"Taille-haie HC-2020 | SAIGA","isPartOf":{"@id":"https:\/\/saiga.es\/fr\/#website"},"primaryImageOfPage":{"@id":"https:\/\/saiga.es\/fr\/produit\/taille-haie-hc-2020\/#primaryimage"},"image":{"@id":"https:\/\/saiga.es\/fr\/produit\/taille-haie-hc-2020\/#primaryimage"},"thumbnailUrl":"https:\/\/saiga.es\/wp-content\/uploads\/2024\/10\/cortasetos-hc-2020.png","datePublished":"2024-10-03T13:27:52+00:00","description":"Le taille-haie HC 2020 de la marque ECHO est une machine puissante et l\u00e9g\u00e8re, id\u00e9ale pour l'entretien des haies et des buissons.","breadcrumb":{"@id":"https:\/\/saiga.es\/fr\/produit\/taille-haie-hc-2020\/#breadcrumb"},"inLanguage":"fr-FR","potentialAction":[{"@type":"ReadAction","target":["https:\/\/saiga.es\/fr\/produit\/taille-haie-hc-2020\/"]}]},{"@type":"ImageObject","inLanguage":"fr-FR","@id":"https:\/\/saiga.es\/fr\/produit\/taille-haie-hc-2020\/#primaryimage","url":"https:\/\/saiga.es\/wp-content\/uploads\/2024\/10\/cortasetos-hc-2020.png","contentUrl":"https:\/\/saiga.es\/wp-content\/uploads\/2024\/10\/cortasetos-hc-2020.png","width":500,"height":500,"caption":"Taille-haie HC-2020"},{"@type":"BreadcrumbList","@id":"https:\/\/saiga.es\/fr\/produit\/taille-haie-hc-2020\/#breadcrumb","itemListElement":[{"@type":"ListItem","position":1,"name":"Inici","item":"https:\/\/saiga.es\/fr\/"},{"@type":"ListItem","position":2,"name":"boutique","item":"https:\/\/saiga.es\/fr\/boutique\/"},{"@type":"ListItem","position":3,"name":"Taille-haie HC-2020"}]},{"@type":"WebSite","@id":"https:\/\/saiga.es\/fr\/#website","url":"https:\/\/saiga.es\/fr\/","name":"SAIGA","description":"M\u00e9s de 50 anys al servei de la terra i treballant per a un \u00fas eficient de l\u2019aigua!","publisher":{"@id":"https:\/\/saiga.es\/fr\/#organization"},"potentialAction":[{"@type":"SearchAction","target":{"@type":"EntryPoint","urlTemplate":"https:\/\/saiga.es\/fr\/?s={search_term_string}"},"query-input":{"@type":"PropertyValueSpecification","valueRequired":true,"valueName":"search_term_string"}}],"inLanguage":"fr-FR"},{"@type":"Organization","@id":"https:\/\/saiga.es\/fr\/#organization","name":"SAIGA","url":"https:\/\/saiga.es\/fr\/","logo":{"@type":"ImageObject","inLanguage":"fr-FR","@id":"https:\/\/saiga.es\/fr\/#\/schema\/logo\/image\/","url":"https:\/\/saiga.es\/wp-content\/uploads\/2025\/07\/logo_saiga_baseline_optimitzat.svg","contentUrl":"https:\/\/saiga.es\/wp-content\/uploads\/2025\/07\/logo_saiga_baseline_optimitzat.svg","caption":"SAIGA"},"image":{"@id":"https:\/\/saiga.es\/fr\/#\/schema\/logo\/image\/"},"sameAs":["https:\/\/x.com\/saiga_agro","https:\/\/www.instagram.com\/saiga_agro\/"]}]}},"_links":{"self":[{"href":"https:\/\/saiga.es\/fr\/wp-json\/wp\/v2\/product\/12245","targetHints":{"allow":["GET"]}}],"collection":[{"href":"https:\/\/saiga.es\/fr\/wp-json\/wp\/v2\/product"}],"about":[{"href":"https:\/\/saiga.es\/fr\/wp-json\/wp\/v2\/types\/product"}],"replies":[{"embeddable":true,"href":"https:\/\/saiga.es\/fr\/wp-json\/wp\/v2\/comments?post=12245"}],"wp:featuredmedia":[{"embeddable":true,"href":"https:\/\/saiga.es\/fr\/wp-json\/wp\/v2\/media\/12237"}],"wp:attachment":[{"href":"https:\/\/saiga.es\/fr\/wp-json\/wp\/v2\/media?parent=12245"}],"wp:term":[{"taxonomy":"product_brand","embeddable":true,"href":"https:\/\/saiga.es\/fr\/wp-json\/wp\/v2\/product_brand?post=12245"},{"taxonomy":"product_cat","embeddable":true,"href":"https:\/\/saiga.es\/fr\/wp-json\/wp\/v2\/product_cat?post=12245"},{"taxonomy":"product_tag","embeddable":true,"href":"https:\/\/saiga.es\/fr\/wp-json\/wp\/v2\/product_tag?post=12245"}],"curies":[{"name":"wp","href":"https:\/\/api.w.org\/{rel}","templated":true}]}}