{"id":12266,"date":"2024-10-07T09:58:14","date_gmt":"2024-10-07T09:58:14","guid":{"rendered":"https:\/\/botiga.saiga.es\/producte\/souffleur-pb-2520\/"},"modified":"2024-10-07T09:58:14","modified_gmt":"2024-10-07T09:58:14","slug":"souffleur-pb-2520","status":"publish","type":"product","link":"https:\/\/saiga.es\/fr\/produit\/souffleur-pb-2520\/","title":{"rendered":"Souffleur PB-2520"},"content":{"rendered":"<p>Le souffleur \u00e0 main ECHO PB 2520 est une option \u00e9conomique et puissante, con\u00e7ue pour offrir des performances \u00e9lev\u00e9es avec un grand confort. L\u00e9ger et maniable, il int\u00e8gre un tube excentrique anti-rotation qui \u00e9vite les mouvements ind\u00e9sirables lors de l&rsquo;utilisation. Il dispose \u00e9galement d&rsquo;un ancrage s\u00e9curis\u00e9 et d&rsquo;un verrouillage de l&rsquo;acc\u00e9l\u00e9rateur pour garantir un contr\u00f4le optimal. Equip\u00e9 du syst\u00e8me d&rsquo;allumage \u00e9lectronique CDI, il assure un d\u00e9marrage rapide et efficace. Certifi\u00e9 EUST5, ce souffleur r\u00e9pond \u00e0 des r\u00e9glementations strictes en mati\u00e8re d&rsquo;\u00e9missions, offrant une option durable et puissante pour les t\u00e2ches de nettoyage ext\u00e9rieur.    <\/p>\n","protected":false},"excerpt":{"rendered":"<p>Le souffleur \u00e0 main ECHO PB 2520 est une option \u00e9conomique et puissante, con\u00e7ue pour offrir des performances \u00e9lev\u00e9es avec un grand confort. L\u00e9ger et maniable, il int\u00e8gre un tube excentrique anti-rotation qui \u00e9vite les mouvements ind\u00e9sirables lors de l&rsquo;utilisation. <\/p>\n","protected":false},"featured_media":12264,"comment_status":"open","ping_status":"closed","template":"","meta":[],"product_brand":[],"product_cat":[1686],"product_tag":[1667,777,1674,1675],"class_list":{"0":"post-12266","1":"product","2":"type-product","3":"status-publish","4":"has-post-thumbnail","6":"product_cat-souffleur","7":"product_tag-echo-fr","8":"product_tag-jardinage","9":"product_tag-machinerie","10":"product_tag-souffleur","12":"first","13":"instock","14":"sale","15":"taxable","16":"shipping-taxable","17":"purchasable","18":"product-type-simple"},"yoast_head":"<!-- This site is optimized with the Yoast SEO plugin v27.4 - https:\/\/yoast.com\/product\/yoast-seo-wordpress\/ -->\n<title>Souffleur PB-2520 | SAIGA<\/title>\n<meta name=\"description\" content=\"Le souffleur \u00e0 main ECHO PB 2520 est une option \u00e9conomique et puissante, con\u00e7ue pour offrir des performances \u00e9lev\u00e9es avec un grand confort. L\u00e9ger et maniable, il int\u00e8gre un tube excentrique anti-rotation qui \u00e9vite les mouvements ind\u00e9sirables lors de l&#039;utilisation.\" \/>\n<meta name=\"robots\" content=\"index, follow, max-snippet:-1, max-image-preview:large, max-video-preview:-1\" \/>\n<link rel=\"canonical\" href=\"https:\/\/saiga.es\/fr\/produit\/souffleur-pb-2520\/\" \/>\n<meta property=\"og:locale\" content=\"fr_FR\" \/>\n<meta property=\"og:type\" content=\"article\" \/>\n<meta property=\"og:title\" content=\"Souffleur PB-2520 | SAIGA\" \/>\n<meta property=\"og:description\" content=\"Le souffleur \u00e0 main ECHO PB 2520 est une option \u00e9conomique et puissante, con\u00e7ue pour offrir des performances \u00e9lev\u00e9es avec un grand confort. L\u00e9ger et maniable, il int\u00e8gre un tube excentrique anti-rotation qui \u00e9vite les mouvements ind\u00e9sirables lors de l&#039;utilisation.\" \/>\n<meta property=\"og:url\" content=\"https:\/\/saiga.es\/fr\/produit\/souffleur-pb-2520\/\" \/>\n<meta property=\"og:site_name\" content=\"SAIGA\" \/>\n<meta property=\"og:image\" content=\"https:\/\/saiga.es\/wp-content\/uploads\/2024\/10\/Bufador-PB-2520.jpg\" \/>\n\t<meta property=\"og:image:width\" content=\"1080\" \/>\n\t<meta property=\"og:image:height\" content=\"1080\" \/>\n\t<meta property=\"og:image:type\" content=\"image\/jpeg\" \/>\n<meta name=\"twitter:card\" content=\"summary_large_image\" \/>\n<meta name=\"twitter:site\" content=\"@saiga_agro\" \/>\n<meta name=\"twitter:label1\" content=\"Dur\u00e9e de lecture estim\u00e9e\" \/>\n\t<meta name=\"twitter:data1\" content=\"1 minute\" \/>\n<script type=\"application\/ld+json\" class=\"yoast-schema-graph\">{\"@context\":\"https:\\\/\\\/schema.org\",\"@graph\":[{\"@type\":\"WebPage\",\"@id\":\"https:\\\/\\\/saiga.es\\\/fr\\\/produit\\\/souffleur-pb-2520\\\/\",\"url\":\"https:\\\/\\\/saiga.es\\\/fr\\\/produit\\\/souffleur-pb-2520\\\/\",\"name\":\"Souffleur PB-2520 | SAIGA\",\"isPartOf\":{\"@id\":\"https:\\\/\\\/saiga.es\\\/fr\\\/#website\"},\"primaryImageOfPage\":{\"@id\":\"https:\\\/\\\/saiga.es\\\/fr\\\/produit\\\/souffleur-pb-2520\\\/#primaryimage\"},\"image\":{\"@id\":\"https:\\\/\\\/saiga.es\\\/fr\\\/produit\\\/souffleur-pb-2520\\\/#primaryimage\"},\"thumbnailUrl\":\"https:\\\/\\\/saiga.es\\\/wp-content\\\/uploads\\\/2024\\\/10\\\/Bufador-PB-2520.jpg\",\"datePublished\":\"2024-10-07T09:58:14+00:00\",\"description\":\"Le souffleur \u00e0 main ECHO PB 2520 est une option \u00e9conomique et puissante, con\u00e7ue pour offrir des performances \u00e9lev\u00e9es avec un grand confort. L\u00e9ger et maniable, il int\u00e8gre un tube excentrique anti-rotation qui \u00e9vite les mouvements ind\u00e9sirables lors de l'utilisation.\",\"breadcrumb\":{\"@id\":\"https:\\\/\\\/saiga.es\\\/fr\\\/produit\\\/souffleur-pb-2520\\\/#breadcrumb\"},\"inLanguage\":\"fr-FR\",\"potentialAction\":[{\"@type\":\"ReadAction\",\"target\":[\"https:\\\/\\\/saiga.es\\\/fr\\\/produit\\\/souffleur-pb-2520\\\/\"]}]},{\"@type\":\"ImageObject\",\"inLanguage\":\"fr-FR\",\"@id\":\"https:\\\/\\\/saiga.es\\\/fr\\\/produit\\\/souffleur-pb-2520\\\/#primaryimage\",\"url\":\"https:\\\/\\\/saiga.es\\\/wp-content\\\/uploads\\\/2024\\\/10\\\/Bufador-PB-2520.jpg\",\"contentUrl\":\"https:\\\/\\\/saiga.es\\\/wp-content\\\/uploads\\\/2024\\\/10\\\/Bufador-PB-2520.jpg\",\"width\":1080,\"height\":1080,\"caption\":\"Souffleur PB-2520\"},{\"@type\":\"BreadcrumbList\",\"@id\":\"https:\\\/\\\/saiga.es\\\/fr\\\/produit\\\/souffleur-pb-2520\\\/#breadcrumb\",\"itemListElement\":[{\"@type\":\"ListItem\",\"position\":1,\"name\":\"Inici\",\"item\":\"https:\\\/\\\/saiga.es\\\/fr\\\/\"},{\"@type\":\"ListItem\",\"position\":2,\"name\":\"boutique\",\"item\":\"https:\\\/\\\/saiga.es\\\/fr\\\/boutique\\\/\"},{\"@type\":\"ListItem\",\"position\":3,\"name\":\"Souffleur PB-2520\"}]},{\"@type\":\"WebSite\",\"@id\":\"https:\\\/\\\/saiga.es\\\/fr\\\/#website\",\"url\":\"https:\\\/\\\/saiga.es\\\/fr\\\/\",\"name\":\"SAIGA\",\"description\":\"M\u00e9s de 50 anys al servei de la terra i treballant per a un \u00fas eficient de l\u2019aigua!\",\"publisher\":{\"@id\":\"https:\\\/\\\/saiga.es\\\/fr\\\/#organization\"},\"potentialAction\":[{\"@type\":\"SearchAction\",\"target\":{\"@type\":\"EntryPoint\",\"urlTemplate\":\"https:\\\/\\\/saiga.es\\\/fr\\\/?s={search_term_string}\"},\"query-input\":{\"@type\":\"PropertyValueSpecification\",\"valueRequired\":true,\"valueName\":\"search_term_string\"}}],\"inLanguage\":\"fr-FR\"},{\"@type\":\"Organization\",\"@id\":\"https:\\\/\\\/saiga.es\\\/fr\\\/#organization\",\"name\":\"SAIGA\",\"url\":\"https:\\\/\\\/saiga.es\\\/fr\\\/\",\"logo\":{\"@type\":\"ImageObject\",\"inLanguage\":\"fr-FR\",\"@id\":\"https:\\\/\\\/saiga.es\\\/fr\\\/#\\\/schema\\\/logo\\\/image\\\/\",\"url\":\"https:\\\/\\\/saiga.es\\\/wp-content\\\/uploads\\\/2025\\\/07\\\/logo_saiga_baseline_optimitzat.svg\",\"contentUrl\":\"https:\\\/\\\/saiga.es\\\/wp-content\\\/uploads\\\/2025\\\/07\\\/logo_saiga_baseline_optimitzat.svg\",\"caption\":\"SAIGA\"},\"image\":{\"@id\":\"https:\\\/\\\/saiga.es\\\/fr\\\/#\\\/schema\\\/logo\\\/image\\\/\"},\"sameAs\":[\"https:\\\/\\\/x.com\\\/saiga_agro\",\"https:\\\/\\\/www.instagram.com\\\/saiga_agro\\\/\"]}]}<\/script>\n<!-- \/ Yoast SEO plugin. -->","yoast_head_json":{"title":"Souffleur PB-2520 | SAIGA","description":"Le souffleur \u00e0 main ECHO PB 2520 est une option \u00e9conomique et puissante, con\u00e7ue pour offrir des performances \u00e9lev\u00e9es avec un grand confort. L\u00e9ger et maniable, il int\u00e8gre un tube excentrique anti-rotation qui \u00e9vite les mouvements ind\u00e9sirables lors de l'utilisation.","robots":{"index":"index","follow":"follow","max-snippet":"max-snippet:-1","max-image-preview":"max-image-preview:large","max-video-preview":"max-video-preview:-1"},"canonical":"https:\/\/saiga.es\/fr\/produit\/souffleur-pb-2520\/","og_locale":"fr_FR","og_type":"article","og_title":"Souffleur PB-2520 | SAIGA","og_description":"Le souffleur \u00e0 main ECHO PB 2520 est une option \u00e9conomique et puissante, con\u00e7ue pour offrir des performances \u00e9lev\u00e9es avec un grand confort. L\u00e9ger et maniable, il int\u00e8gre un tube excentrique anti-rotation qui \u00e9vite les mouvements ind\u00e9sirables lors de l'utilisation.","og_url":"https:\/\/saiga.es\/fr\/produit\/souffleur-pb-2520\/","og_site_name":"SAIGA","og_image":[{"width":1080,"height":1080,"url":"https:\/\/saiga.es\/wp-content\/uploads\/2024\/10\/Bufador-PB-2520.jpg","type":"image\/jpeg"}],"twitter_card":"summary_large_image","twitter_site":"@saiga_agro","twitter_misc":{"Dur\u00e9e de lecture estim\u00e9e":"1 minute"},"schema":{"@context":"https:\/\/schema.org","@graph":[{"@type":"WebPage","@id":"https:\/\/saiga.es\/fr\/produit\/souffleur-pb-2520\/","url":"https:\/\/saiga.es\/fr\/produit\/souffleur-pb-2520\/","name":"Souffleur PB-2520 | SAIGA","isPartOf":{"@id":"https:\/\/saiga.es\/fr\/#website"},"primaryImageOfPage":{"@id":"https:\/\/saiga.es\/fr\/produit\/souffleur-pb-2520\/#primaryimage"},"image":{"@id":"https:\/\/saiga.es\/fr\/produit\/souffleur-pb-2520\/#primaryimage"},"thumbnailUrl":"https:\/\/saiga.es\/wp-content\/uploads\/2024\/10\/Bufador-PB-2520.jpg","datePublished":"2024-10-07T09:58:14+00:00","description":"Le souffleur \u00e0 main ECHO PB 2520 est une option \u00e9conomique et puissante, con\u00e7ue pour offrir des performances \u00e9lev\u00e9es avec un grand confort. L\u00e9ger et maniable, il int\u00e8gre un tube excentrique anti-rotation qui \u00e9vite les mouvements ind\u00e9sirables lors de l'utilisation.","breadcrumb":{"@id":"https:\/\/saiga.es\/fr\/produit\/souffleur-pb-2520\/#breadcrumb"},"inLanguage":"fr-FR","potentialAction":[{"@type":"ReadAction","target":["https:\/\/saiga.es\/fr\/produit\/souffleur-pb-2520\/"]}]},{"@type":"ImageObject","inLanguage":"fr-FR","@id":"https:\/\/saiga.es\/fr\/produit\/souffleur-pb-2520\/#primaryimage","url":"https:\/\/saiga.es\/wp-content\/uploads\/2024\/10\/Bufador-PB-2520.jpg","contentUrl":"https:\/\/saiga.es\/wp-content\/uploads\/2024\/10\/Bufador-PB-2520.jpg","width":1080,"height":1080,"caption":"Souffleur PB-2520"},{"@type":"BreadcrumbList","@id":"https:\/\/saiga.es\/fr\/produit\/souffleur-pb-2520\/#breadcrumb","itemListElement":[{"@type":"ListItem","position":1,"name":"Inici","item":"https:\/\/saiga.es\/fr\/"},{"@type":"ListItem","position":2,"name":"boutique","item":"https:\/\/saiga.es\/fr\/boutique\/"},{"@type":"ListItem","position":3,"name":"Souffleur PB-2520"}]},{"@type":"WebSite","@id":"https:\/\/saiga.es\/fr\/#website","url":"https:\/\/saiga.es\/fr\/","name":"SAIGA","description":"M\u00e9s de 50 anys al servei de la terra i treballant per a un \u00fas eficient de l\u2019aigua!","publisher":{"@id":"https:\/\/saiga.es\/fr\/#organization"},"potentialAction":[{"@type":"SearchAction","target":{"@type":"EntryPoint","urlTemplate":"https:\/\/saiga.es\/fr\/?s={search_term_string}"},"query-input":{"@type":"PropertyValueSpecification","valueRequired":true,"valueName":"search_term_string"}}],"inLanguage":"fr-FR"},{"@type":"Organization","@id":"https:\/\/saiga.es\/fr\/#organization","name":"SAIGA","url":"https:\/\/saiga.es\/fr\/","logo":{"@type":"ImageObject","inLanguage":"fr-FR","@id":"https:\/\/saiga.es\/fr\/#\/schema\/logo\/image\/","url":"https:\/\/saiga.es\/wp-content\/uploads\/2025\/07\/logo_saiga_baseline_optimitzat.svg","contentUrl":"https:\/\/saiga.es\/wp-content\/uploads\/2025\/07\/logo_saiga_baseline_optimitzat.svg","caption":"SAIGA"},"image":{"@id":"https:\/\/saiga.es\/fr\/#\/schema\/logo\/image\/"},"sameAs":["https:\/\/x.com\/saiga_agro","https:\/\/www.instagram.com\/saiga_agro\/"]}]}},"_links":{"self":[{"href":"https:\/\/saiga.es\/fr\/wp-json\/wp\/v2\/product\/12266","targetHints":{"allow":["GET"]}}],"collection":[{"href":"https:\/\/saiga.es\/fr\/wp-json\/wp\/v2\/product"}],"about":[{"href":"https:\/\/saiga.es\/fr\/wp-json\/wp\/v2\/types\/product"}],"replies":[{"embeddable":true,"href":"https:\/\/saiga.es\/fr\/wp-json\/wp\/v2\/comments?post=12266"}],"wp:featuredmedia":[{"embeddable":true,"href":"https:\/\/saiga.es\/fr\/wp-json\/wp\/v2\/media\/12264"}],"wp:attachment":[{"href":"https:\/\/saiga.es\/fr\/wp-json\/wp\/v2\/media?parent=12266"}],"wp:term":[{"taxonomy":"product_brand","embeddable":true,"href":"https:\/\/saiga.es\/fr\/wp-json\/wp\/v2\/product_brand?post=12266"},{"taxonomy":"product_cat","embeddable":true,"href":"https:\/\/saiga.es\/fr\/wp-json\/wp\/v2\/product_cat?post=12266"},{"taxonomy":"product_tag","embeddable":true,"href":"https:\/\/saiga.es\/fr\/wp-json\/wp\/v2\/product_tag?post=12266"}],"curies":[{"name":"wp","href":"https:\/\/api.w.org\/{rel}","templated":true}]}}