{"id":12327,"date":"2024-10-09T12:13:42","date_gmt":"2024-10-09T12:13:42","guid":{"rendered":"https:\/\/botiga.saiga.es\/producte\/souffleur-arvipo-bl37-3-bat\/"},"modified":"2024-10-09T12:13:42","modified_gmt":"2024-10-09T12:13:42","slug":"souffleur-arvipo-bl37-3-bat","status":"publish","type":"product","link":"https:\/\/saiga.es\/fr\/produit\/souffleur-arvipo-bl37-3-bat\/","title":{"rendered":"souffleur Arvipo BL37 + 3 Bat"},"content":{"rendered":"<p>Le souffleur ARVIPO BL37 est l&rsquo;outil id\u00e9al pour les professionnels de l&rsquo;entretien ext\u00e9rieur. Avec une technologie avanc\u00e9e, une conception ergonomique et une puissance r\u00e9glable, il offre une solution efficace pour une grande vari\u00e9t\u00e9 de t\u00e2ches. Son ventilateur axial fournit un flux d&rsquo;air puissant et pr\u00e9cis, avec 4 vitesses r\u00e9glables et une fonction turbo qui atteint jusqu&rsquo;\u00e0 198 km\/h. Avec un d\u00e9bit maximum de 560 m\u00b3\/h, il assure une haute performance dans le nettoyage des feuilles et des d\u00e9chets. Disponible avec 3 batteries de 5Ah, il peut \u00eatre utilis\u00e9 avec un harnais pour plus de confort et d&rsquo;autonomie lors de travaux intensifs (harnais vendu s\u00e9par\u00e9ment).    <\/p>\n","protected":false},"excerpt":{"rendered":"<p>Le souffleur ARVIPO BL37 est l&rsquo;outil id\u00e9al pour les professionnels de l&rsquo;entretien ext\u00e9rieur. Avec une technologie avanc\u00e9e, un design ergonomique et une puissance r\u00e9glable. <\/p>\n","protected":false},"featured_media":12325,"comment_status":"closed","ping_status":"closed","template":"","meta":[],"product_brand":[],"product_cat":[1686],"product_tag":[858,1675],"class_list":{"0":"post-12327","1":"product","2":"type-product","3":"status-publish","4":"has-post-thumbnail","6":"product_cat-souffleur","7":"product_tag-arvipo-fr","8":"product_tag-souffleur","10":"first","11":"instock","12":"taxable","13":"shipping-taxable","14":"purchasable","15":"product-type-simple"},"yoast_head":"<!-- This site is optimized with the Yoast SEO plugin v27.3 - https:\/\/yoast.com\/product\/yoast-seo-wordpress\/ -->\n<title>souffleur Arvipo BL37 + 3 Bat | SAIGA<\/title>\n<meta name=\"description\" content=\"Le souffleur ARVIPO BL37 est l&#039;outil id\u00e9al pour les professionnels de l&#039;entretien ext\u00e9rieur. Avec une technologie avanc\u00e9e, un design ergonomique et une puissance r\u00e9glable.\" \/>\n<meta name=\"robots\" content=\"index, follow, max-snippet:-1, max-image-preview:large, max-video-preview:-1\" \/>\n<link rel=\"canonical\" href=\"https:\/\/saiga.es\/fr\/produit\/souffleur-arvipo-bl37-3-bat\/\" \/>\n<meta property=\"og:locale\" content=\"fr_FR\" \/>\n<meta property=\"og:type\" content=\"article\" \/>\n<meta property=\"og:title\" content=\"souffleur Arvipo BL37 + 3 Bat | SAIGA\" \/>\n<meta property=\"og:description\" content=\"Le souffleur ARVIPO BL37 est l&#039;outil id\u00e9al pour les professionnels de l&#039;entretien ext\u00e9rieur. Avec une technologie avanc\u00e9e, un design ergonomique et une puissance r\u00e9glable.\" \/>\n<meta property=\"og:url\" content=\"https:\/\/saiga.es\/fr\/produit\/souffleur-arvipo-bl37-3-bat\/\" \/>\n<meta property=\"og:site_name\" content=\"SAIGA\" \/>\n<meta property=\"og:image\" content=\"https:\/\/saiga.es\/wp-content\/uploads\/2024\/10\/Bufador-BL37.jpg\" \/>\n\t<meta property=\"og:image:width\" content=\"1080\" \/>\n\t<meta property=\"og:image:height\" content=\"1080\" \/>\n\t<meta property=\"og:image:type\" content=\"image\/jpeg\" \/>\n<meta name=\"twitter:card\" content=\"summary_large_image\" \/>\n<meta name=\"twitter:site\" content=\"@saiga_agro\" \/>\n<meta name=\"twitter:label1\" content=\"Dur\u00e9e de lecture estim\u00e9e\" \/>\n\t<meta name=\"twitter:data1\" content=\"1 minute\" \/>\n<script type=\"application\/ld+json\" class=\"yoast-schema-graph\">{\"@context\":\"https:\\\/\\\/schema.org\",\"@graph\":[{\"@type\":\"WebPage\",\"@id\":\"https:\\\/\\\/saiga.es\\\/fr\\\/produit\\\/souffleur-arvipo-bl37-3-bat\\\/\",\"url\":\"https:\\\/\\\/saiga.es\\\/fr\\\/produit\\\/souffleur-arvipo-bl37-3-bat\\\/\",\"name\":\"souffleur Arvipo BL37 + 3 Bat | SAIGA\",\"isPartOf\":{\"@id\":\"https:\\\/\\\/saiga.es\\\/fr\\\/#website\"},\"primaryImageOfPage\":{\"@id\":\"https:\\\/\\\/saiga.es\\\/fr\\\/produit\\\/souffleur-arvipo-bl37-3-bat\\\/#primaryimage\"},\"image\":{\"@id\":\"https:\\\/\\\/saiga.es\\\/fr\\\/produit\\\/souffleur-arvipo-bl37-3-bat\\\/#primaryimage\"},\"thumbnailUrl\":\"https:\\\/\\\/saiga.es\\\/wp-content\\\/uploads\\\/2024\\\/10\\\/Bufador-BL37.jpg\",\"datePublished\":\"2024-10-09T12:13:42+00:00\",\"description\":\"Le souffleur ARVIPO BL37 est l'outil id\u00e9al pour les professionnels de l'entretien ext\u00e9rieur. Avec une technologie avanc\u00e9e, un design ergonomique et une puissance r\u00e9glable.\",\"breadcrumb\":{\"@id\":\"https:\\\/\\\/saiga.es\\\/fr\\\/produit\\\/souffleur-arvipo-bl37-3-bat\\\/#breadcrumb\"},\"inLanguage\":\"fr-FR\",\"potentialAction\":[{\"@type\":\"ReadAction\",\"target\":[\"https:\\\/\\\/saiga.es\\\/fr\\\/produit\\\/souffleur-arvipo-bl37-3-bat\\\/\"]}]},{\"@type\":\"ImageObject\",\"inLanguage\":\"fr-FR\",\"@id\":\"https:\\\/\\\/saiga.es\\\/fr\\\/produit\\\/souffleur-arvipo-bl37-3-bat\\\/#primaryimage\",\"url\":\"https:\\\/\\\/saiga.es\\\/wp-content\\\/uploads\\\/2024\\\/10\\\/Bufador-BL37.jpg\",\"contentUrl\":\"https:\\\/\\\/saiga.es\\\/wp-content\\\/uploads\\\/2024\\\/10\\\/Bufador-BL37.jpg\",\"width\":1080,\"height\":1080,\"caption\":\"Souffleur BL37\"},{\"@type\":\"BreadcrumbList\",\"@id\":\"https:\\\/\\\/saiga.es\\\/fr\\\/produit\\\/souffleur-arvipo-bl37-3-bat\\\/#breadcrumb\",\"itemListElement\":[{\"@type\":\"ListItem\",\"position\":1,\"name\":\"Inici\",\"item\":\"https:\\\/\\\/saiga.es\\\/fr\\\/\"},{\"@type\":\"ListItem\",\"position\":2,\"name\":\"boutique\",\"item\":\"https:\\\/\\\/saiga.es\\\/fr\\\/boutique\\\/\"},{\"@type\":\"ListItem\",\"position\":3,\"name\":\"souffleur Arvipo BL37 + 3 Bat\"}]},{\"@type\":\"WebSite\",\"@id\":\"https:\\\/\\\/saiga.es\\\/fr\\\/#website\",\"url\":\"https:\\\/\\\/saiga.es\\\/fr\\\/\",\"name\":\"SAIGA\",\"description\":\"M\u00e9s de 50 anys al servei de la terra i treballant per a un \u00fas eficient de l\u2019aigua!\",\"publisher\":{\"@id\":\"https:\\\/\\\/saiga.es\\\/fr\\\/#organization\"},\"potentialAction\":[{\"@type\":\"SearchAction\",\"target\":{\"@type\":\"EntryPoint\",\"urlTemplate\":\"https:\\\/\\\/saiga.es\\\/fr\\\/?s={search_term_string}\"},\"query-input\":{\"@type\":\"PropertyValueSpecification\",\"valueRequired\":true,\"valueName\":\"search_term_string\"}}],\"inLanguage\":\"fr-FR\"},{\"@type\":\"Organization\",\"@id\":\"https:\\\/\\\/saiga.es\\\/fr\\\/#organization\",\"name\":\"SAIGA\",\"url\":\"https:\\\/\\\/saiga.es\\\/fr\\\/\",\"logo\":{\"@type\":\"ImageObject\",\"inLanguage\":\"fr-FR\",\"@id\":\"https:\\\/\\\/saiga.es\\\/fr\\\/#\\\/schema\\\/logo\\\/image\\\/\",\"url\":\"https:\\\/\\\/saiga.es\\\/wp-content\\\/uploads\\\/2025\\\/07\\\/logo_saiga_baseline_optimitzat.svg\",\"contentUrl\":\"https:\\\/\\\/saiga.es\\\/wp-content\\\/uploads\\\/2025\\\/07\\\/logo_saiga_baseline_optimitzat.svg\",\"caption\":\"SAIGA\"},\"image\":{\"@id\":\"https:\\\/\\\/saiga.es\\\/fr\\\/#\\\/schema\\\/logo\\\/image\\\/\"},\"sameAs\":[\"https:\\\/\\\/x.com\\\/saiga_agro\",\"https:\\\/\\\/www.instagram.com\\\/saiga_agro\\\/\"]}]}<\/script>\n<!-- \/ Yoast SEO plugin. -->","yoast_head_json":{"title":"souffleur Arvipo BL37 + 3 Bat | SAIGA","description":"Le souffleur ARVIPO BL37 est l'outil id\u00e9al pour les professionnels de l'entretien ext\u00e9rieur. Avec une technologie avanc\u00e9e, un design ergonomique et une puissance r\u00e9glable.","robots":{"index":"index","follow":"follow","max-snippet":"max-snippet:-1","max-image-preview":"max-image-preview:large","max-video-preview":"max-video-preview:-1"},"canonical":"https:\/\/saiga.es\/fr\/produit\/souffleur-arvipo-bl37-3-bat\/","og_locale":"fr_FR","og_type":"article","og_title":"souffleur Arvipo BL37 + 3 Bat | SAIGA","og_description":"Le souffleur ARVIPO BL37 est l'outil id\u00e9al pour les professionnels de l'entretien ext\u00e9rieur. Avec une technologie avanc\u00e9e, un design ergonomique et une puissance r\u00e9glable.","og_url":"https:\/\/saiga.es\/fr\/produit\/souffleur-arvipo-bl37-3-bat\/","og_site_name":"SAIGA","og_image":[{"width":1080,"height":1080,"url":"https:\/\/saiga.es\/wp-content\/uploads\/2024\/10\/Bufador-BL37.jpg","type":"image\/jpeg"}],"twitter_card":"summary_large_image","twitter_site":"@saiga_agro","twitter_misc":{"Dur\u00e9e de lecture estim\u00e9e":"1 minute"},"schema":{"@context":"https:\/\/schema.org","@graph":[{"@type":"WebPage","@id":"https:\/\/saiga.es\/fr\/produit\/souffleur-arvipo-bl37-3-bat\/","url":"https:\/\/saiga.es\/fr\/produit\/souffleur-arvipo-bl37-3-bat\/","name":"souffleur Arvipo BL37 + 3 Bat | SAIGA","isPartOf":{"@id":"https:\/\/saiga.es\/fr\/#website"},"primaryImageOfPage":{"@id":"https:\/\/saiga.es\/fr\/produit\/souffleur-arvipo-bl37-3-bat\/#primaryimage"},"image":{"@id":"https:\/\/saiga.es\/fr\/produit\/souffleur-arvipo-bl37-3-bat\/#primaryimage"},"thumbnailUrl":"https:\/\/saiga.es\/wp-content\/uploads\/2024\/10\/Bufador-BL37.jpg","datePublished":"2024-10-09T12:13:42+00:00","description":"Le souffleur ARVIPO BL37 est l'outil id\u00e9al pour les professionnels de l'entretien ext\u00e9rieur. Avec une technologie avanc\u00e9e, un design ergonomique et une puissance r\u00e9glable.","breadcrumb":{"@id":"https:\/\/saiga.es\/fr\/produit\/souffleur-arvipo-bl37-3-bat\/#breadcrumb"},"inLanguage":"fr-FR","potentialAction":[{"@type":"ReadAction","target":["https:\/\/saiga.es\/fr\/produit\/souffleur-arvipo-bl37-3-bat\/"]}]},{"@type":"ImageObject","inLanguage":"fr-FR","@id":"https:\/\/saiga.es\/fr\/produit\/souffleur-arvipo-bl37-3-bat\/#primaryimage","url":"https:\/\/saiga.es\/wp-content\/uploads\/2024\/10\/Bufador-BL37.jpg","contentUrl":"https:\/\/saiga.es\/wp-content\/uploads\/2024\/10\/Bufador-BL37.jpg","width":1080,"height":1080,"caption":"Souffleur BL37"},{"@type":"BreadcrumbList","@id":"https:\/\/saiga.es\/fr\/produit\/souffleur-arvipo-bl37-3-bat\/#breadcrumb","itemListElement":[{"@type":"ListItem","position":1,"name":"Inici","item":"https:\/\/saiga.es\/fr\/"},{"@type":"ListItem","position":2,"name":"boutique","item":"https:\/\/saiga.es\/fr\/boutique\/"},{"@type":"ListItem","position":3,"name":"souffleur Arvipo BL37 + 3 Bat"}]},{"@type":"WebSite","@id":"https:\/\/saiga.es\/fr\/#website","url":"https:\/\/saiga.es\/fr\/","name":"SAIGA","description":"M\u00e9s de 50 anys al servei de la terra i treballant per a un \u00fas eficient de l\u2019aigua!","publisher":{"@id":"https:\/\/saiga.es\/fr\/#organization"},"potentialAction":[{"@type":"SearchAction","target":{"@type":"EntryPoint","urlTemplate":"https:\/\/saiga.es\/fr\/?s={search_term_string}"},"query-input":{"@type":"PropertyValueSpecification","valueRequired":true,"valueName":"search_term_string"}}],"inLanguage":"fr-FR"},{"@type":"Organization","@id":"https:\/\/saiga.es\/fr\/#organization","name":"SAIGA","url":"https:\/\/saiga.es\/fr\/","logo":{"@type":"ImageObject","inLanguage":"fr-FR","@id":"https:\/\/saiga.es\/fr\/#\/schema\/logo\/image\/","url":"https:\/\/saiga.es\/wp-content\/uploads\/2025\/07\/logo_saiga_baseline_optimitzat.svg","contentUrl":"https:\/\/saiga.es\/wp-content\/uploads\/2025\/07\/logo_saiga_baseline_optimitzat.svg","caption":"SAIGA"},"image":{"@id":"https:\/\/saiga.es\/fr\/#\/schema\/logo\/image\/"},"sameAs":["https:\/\/x.com\/saiga_agro","https:\/\/www.instagram.com\/saiga_agro\/"]}]}},"_links":{"self":[{"href":"https:\/\/saiga.es\/fr\/wp-json\/wp\/v2\/product\/12327","targetHints":{"allow":["GET"]}}],"collection":[{"href":"https:\/\/saiga.es\/fr\/wp-json\/wp\/v2\/product"}],"about":[{"href":"https:\/\/saiga.es\/fr\/wp-json\/wp\/v2\/types\/product"}],"replies":[{"embeddable":true,"href":"https:\/\/saiga.es\/fr\/wp-json\/wp\/v2\/comments?post=12327"}],"wp:featuredmedia":[{"embeddable":true,"href":"https:\/\/saiga.es\/fr\/wp-json\/wp\/v2\/media\/12325"}],"wp:attachment":[{"href":"https:\/\/saiga.es\/fr\/wp-json\/wp\/v2\/media?parent=12327"}],"wp:term":[{"taxonomy":"product_brand","embeddable":true,"href":"https:\/\/saiga.es\/fr\/wp-json\/wp\/v2\/product_brand?post=12327"},{"taxonomy":"product_cat","embeddable":true,"href":"https:\/\/saiga.es\/fr\/wp-json\/wp\/v2\/product_cat?post=12327"},{"taxonomy":"product_tag","embeddable":true,"href":"https:\/\/saiga.es\/fr\/wp-json\/wp\/v2\/product_tag?post=12327"}],"curies":[{"name":"wp","href":"https:\/\/api.w.org\/{rel}","templated":true}]}}