{"id":12382,"date":"2024-10-10T13:39:09","date_gmt":"2024-10-10T13:39:09","guid":{"rendered":"https:\/\/botiga.saiga.es\/producte\/taille-a-la-tronconneuse-echo-cs-2511-tes\/"},"modified":"2024-10-10T13:39:09","modified_gmt":"2024-10-10T13:39:09","slug":"taille-a-la-tronconneuse-echo-cs-2511-tes","status":"publish","type":"product","link":"https:\/\/saiga.es\/fr\/produit\/taille-a-la-tronconneuse-echo-cs-2511-tes\/","title":{"rendered":"Taille \u00e0 la tron\u00e7onneuse ECHO CS 2511 TES"},"content":{"rendered":"<p>Tron\u00e7onneuse d&rsquo;\u00e9lagage professionnelle ultral\u00e9g\u00e8re ECHO CS 2511 TES avec un rapport poids\/puissance imbattable. Certification EUST5. D\u00e9marrage facile ES-Start. La tron\u00e7onneuse ECHO CS 2511 TES est le mod\u00e8le d&rsquo;\u00e9lagage le plus l\u00e9ger du march\u00e9 (seulement 2,3 Kg) et le plus puissant de sa cat\u00e9gorie, avec un rapport poids\/puissance imbattable. Le syst\u00e8me d&rsquo;allumage num\u00e9rique CDI am\u00e9liore le comportement de la machine \u00e0 n&rsquo;importe quel r\u00e9gime moteur et s&rsquo;adapte parfaitement \u00e0 chaque condition de travail. La certification EUST5 (Directive 2016\/1628\/CE) signifie, en plus de r\u00e9duire les \u00e9missions, une \u00e9conomie significative sur la facture de carburant. Avec d\u00e9marrage facile ES-Start et syst\u00e8me anti-vibration efficace par ressorts.      <\/p>\n","protected":false},"excerpt":{"rendered":"<p>Tron\u00e7onneuse d&rsquo;\u00e9lagage professionnelle ultral\u00e9g\u00e8re ECHO CS 2511 TES avec un rapport poids\/puissance imbattable. Certification EUST5. <\/p>\n","protected":false},"featured_media":12380,"comment_status":"closed","ping_status":"closed","template":"","meta":[],"product_brand":[],"product_cat":[1688],"product_tag":[1667,548,1668],"class_list":{"0":"post-12382","1":"product","2":"type-product","3":"status-publish","4":"has-post-thumbnail","6":"product_cat-tronconneuses","7":"product_tag-echo-fr","8":"product_tag-taille-fr","9":"product_tag-tronconneuse","11":"first","12":"instock","13":"taxable","14":"shipping-taxable","15":"purchasable","16":"product-type-simple"},"yoast_head":"<!-- This site is optimized with the Yoast SEO plugin v27.3 - https:\/\/yoast.com\/product\/yoast-seo-wordpress\/ -->\n<title>Taille \u00e0 la tron\u00e7onneuse ECHO CS 2511 TES | SAIGA<\/title>\n<meta name=\"description\" content=\"Tron\u00e7onneuse d&#039;\u00e9lagage professionnelle ultral\u00e9g\u00e8re ECHO CS 2511 TES avec un rapport poids\/puissance imbattable. Certification EUST5.\" \/>\n<meta name=\"robots\" content=\"index, follow, max-snippet:-1, max-image-preview:large, max-video-preview:-1\" \/>\n<link rel=\"canonical\" href=\"https:\/\/saiga.es\/fr\/produit\/taille-a-la-tronconneuse-echo-cs-2511-tes\/\" \/>\n<meta property=\"og:locale\" content=\"fr_FR\" \/>\n<meta property=\"og:type\" content=\"article\" \/>\n<meta property=\"og:title\" content=\"Taille \u00e0 la tron\u00e7onneuse ECHO CS 2511 TES | SAIGA\" \/>\n<meta property=\"og:description\" content=\"Tron\u00e7onneuse d&#039;\u00e9lagage professionnelle ultral\u00e9g\u00e8re ECHO CS 2511 TES avec un rapport poids\/puissance imbattable. Certification EUST5.\" \/>\n<meta property=\"og:url\" content=\"https:\/\/saiga.es\/fr\/produit\/taille-a-la-tronconneuse-echo-cs-2511-tes\/\" \/>\n<meta property=\"og:site_name\" content=\"SAIGA\" \/>\n<meta property=\"og:image\" content=\"https:\/\/saiga.es\/wp-content\/uploads\/2024\/10\/Motoserra-CS-2511TES.jpg\" \/>\n\t<meta property=\"og:image:width\" content=\"1080\" \/>\n\t<meta property=\"og:image:height\" content=\"1080\" \/>\n\t<meta property=\"og:image:type\" content=\"image\/jpeg\" \/>\n<meta name=\"twitter:card\" content=\"summary_large_image\" \/>\n<meta name=\"twitter:site\" content=\"@saiga_agro\" \/>\n<meta name=\"twitter:label1\" content=\"Dur\u00e9e de lecture estim\u00e9e\" \/>\n\t<meta name=\"twitter:data1\" content=\"1 minute\" \/>\n<script type=\"application\/ld+json\" class=\"yoast-schema-graph\">{\"@context\":\"https:\\\/\\\/schema.org\",\"@graph\":[{\"@type\":\"WebPage\",\"@id\":\"https:\\\/\\\/saiga.es\\\/fr\\\/produit\\\/taille-a-la-tronconneuse-echo-cs-2511-tes\\\/\",\"url\":\"https:\\\/\\\/saiga.es\\\/fr\\\/produit\\\/taille-a-la-tronconneuse-echo-cs-2511-tes\\\/\",\"name\":\"Taille \u00e0 la tron\u00e7onneuse ECHO CS 2511 TES | SAIGA\",\"isPartOf\":{\"@id\":\"https:\\\/\\\/saiga.es\\\/fr\\\/#website\"},\"primaryImageOfPage\":{\"@id\":\"https:\\\/\\\/saiga.es\\\/fr\\\/produit\\\/taille-a-la-tronconneuse-echo-cs-2511-tes\\\/#primaryimage\"},\"image\":{\"@id\":\"https:\\\/\\\/saiga.es\\\/fr\\\/produit\\\/taille-a-la-tronconneuse-echo-cs-2511-tes\\\/#primaryimage\"},\"thumbnailUrl\":\"https:\\\/\\\/saiga.es\\\/wp-content\\\/uploads\\\/2024\\\/10\\\/Motoserra-CS-2511TES.jpg\",\"datePublished\":\"2024-10-10T13:39:09+00:00\",\"description\":\"Tron\u00e7onneuse d'\u00e9lagage professionnelle ultral\u00e9g\u00e8re ECHO CS 2511 TES avec un rapport poids\\\/puissance imbattable. Certification EUST5.\",\"breadcrumb\":{\"@id\":\"https:\\\/\\\/saiga.es\\\/fr\\\/produit\\\/taille-a-la-tronconneuse-echo-cs-2511-tes\\\/#breadcrumb\"},\"inLanguage\":\"fr-FR\",\"potentialAction\":[{\"@type\":\"ReadAction\",\"target\":[\"https:\\\/\\\/saiga.es\\\/fr\\\/produit\\\/taille-a-la-tronconneuse-echo-cs-2511-tes\\\/\"]}]},{\"@type\":\"ImageObject\",\"inLanguage\":\"fr-FR\",\"@id\":\"https:\\\/\\\/saiga.es\\\/fr\\\/produit\\\/taille-a-la-tronconneuse-echo-cs-2511-tes\\\/#primaryimage\",\"url\":\"https:\\\/\\\/saiga.es\\\/wp-content\\\/uploads\\\/2024\\\/10\\\/Motoserra-CS-2511TES.jpg\",\"contentUrl\":\"https:\\\/\\\/saiga.es\\\/wp-content\\\/uploads\\\/2024\\\/10\\\/Motoserra-CS-2511TES.jpg\",\"width\":1080,\"height\":1080,\"caption\":\"Tron\u00e7onneuses CS-2511TES\"},{\"@type\":\"BreadcrumbList\",\"@id\":\"https:\\\/\\\/saiga.es\\\/fr\\\/produit\\\/taille-a-la-tronconneuse-echo-cs-2511-tes\\\/#breadcrumb\",\"itemListElement\":[{\"@type\":\"ListItem\",\"position\":1,\"name\":\"Inici\",\"item\":\"https:\\\/\\\/saiga.es\\\/fr\\\/\"},{\"@type\":\"ListItem\",\"position\":2,\"name\":\"boutique\",\"item\":\"https:\\\/\\\/saiga.es\\\/fr\\\/boutique\\\/\"},{\"@type\":\"ListItem\",\"position\":3,\"name\":\"Taille \u00e0 la tron\u00e7onneuse ECHO CS 2511 TES\"}]},{\"@type\":\"WebSite\",\"@id\":\"https:\\\/\\\/saiga.es\\\/fr\\\/#website\",\"url\":\"https:\\\/\\\/saiga.es\\\/fr\\\/\",\"name\":\"SAIGA\",\"description\":\"M\u00e9s de 50 anys al servei de la terra i treballant per a un \u00fas eficient de l\u2019aigua!\",\"publisher\":{\"@id\":\"https:\\\/\\\/saiga.es\\\/fr\\\/#organization\"},\"potentialAction\":[{\"@type\":\"SearchAction\",\"target\":{\"@type\":\"EntryPoint\",\"urlTemplate\":\"https:\\\/\\\/saiga.es\\\/fr\\\/?s={search_term_string}\"},\"query-input\":{\"@type\":\"PropertyValueSpecification\",\"valueRequired\":true,\"valueName\":\"search_term_string\"}}],\"inLanguage\":\"fr-FR\"},{\"@type\":\"Organization\",\"@id\":\"https:\\\/\\\/saiga.es\\\/fr\\\/#organization\",\"name\":\"SAIGA\",\"url\":\"https:\\\/\\\/saiga.es\\\/fr\\\/\",\"logo\":{\"@type\":\"ImageObject\",\"inLanguage\":\"fr-FR\",\"@id\":\"https:\\\/\\\/saiga.es\\\/fr\\\/#\\\/schema\\\/logo\\\/image\\\/\",\"url\":\"https:\\\/\\\/saiga.es\\\/wp-content\\\/uploads\\\/2025\\\/07\\\/logo_saiga_baseline_optimitzat.svg\",\"contentUrl\":\"https:\\\/\\\/saiga.es\\\/wp-content\\\/uploads\\\/2025\\\/07\\\/logo_saiga_baseline_optimitzat.svg\",\"caption\":\"SAIGA\"},\"image\":{\"@id\":\"https:\\\/\\\/saiga.es\\\/fr\\\/#\\\/schema\\\/logo\\\/image\\\/\"},\"sameAs\":[\"https:\\\/\\\/x.com\\\/saiga_agro\",\"https:\\\/\\\/www.instagram.com\\\/saiga_agro\\\/\"]}]}<\/script>\n<!-- \/ Yoast SEO plugin. -->","yoast_head_json":{"title":"Taille \u00e0 la tron\u00e7onneuse ECHO CS 2511 TES | SAIGA","description":"Tron\u00e7onneuse d'\u00e9lagage professionnelle ultral\u00e9g\u00e8re ECHO CS 2511 TES avec un rapport poids\/puissance imbattable. Certification EUST5.","robots":{"index":"index","follow":"follow","max-snippet":"max-snippet:-1","max-image-preview":"max-image-preview:large","max-video-preview":"max-video-preview:-1"},"canonical":"https:\/\/saiga.es\/fr\/produit\/taille-a-la-tronconneuse-echo-cs-2511-tes\/","og_locale":"fr_FR","og_type":"article","og_title":"Taille \u00e0 la tron\u00e7onneuse ECHO CS 2511 TES | SAIGA","og_description":"Tron\u00e7onneuse d'\u00e9lagage professionnelle ultral\u00e9g\u00e8re ECHO CS 2511 TES avec un rapport poids\/puissance imbattable. Certification EUST5.","og_url":"https:\/\/saiga.es\/fr\/produit\/taille-a-la-tronconneuse-echo-cs-2511-tes\/","og_site_name":"SAIGA","og_image":[{"width":1080,"height":1080,"url":"https:\/\/saiga.es\/wp-content\/uploads\/2024\/10\/Motoserra-CS-2511TES.jpg","type":"image\/jpeg"}],"twitter_card":"summary_large_image","twitter_site":"@saiga_agro","twitter_misc":{"Dur\u00e9e de lecture estim\u00e9e":"1 minute"},"schema":{"@context":"https:\/\/schema.org","@graph":[{"@type":"WebPage","@id":"https:\/\/saiga.es\/fr\/produit\/taille-a-la-tronconneuse-echo-cs-2511-tes\/","url":"https:\/\/saiga.es\/fr\/produit\/taille-a-la-tronconneuse-echo-cs-2511-tes\/","name":"Taille \u00e0 la tron\u00e7onneuse ECHO CS 2511 TES | SAIGA","isPartOf":{"@id":"https:\/\/saiga.es\/fr\/#website"},"primaryImageOfPage":{"@id":"https:\/\/saiga.es\/fr\/produit\/taille-a-la-tronconneuse-echo-cs-2511-tes\/#primaryimage"},"image":{"@id":"https:\/\/saiga.es\/fr\/produit\/taille-a-la-tronconneuse-echo-cs-2511-tes\/#primaryimage"},"thumbnailUrl":"https:\/\/saiga.es\/wp-content\/uploads\/2024\/10\/Motoserra-CS-2511TES.jpg","datePublished":"2024-10-10T13:39:09+00:00","description":"Tron\u00e7onneuse d'\u00e9lagage professionnelle ultral\u00e9g\u00e8re ECHO CS 2511 TES avec un rapport poids\/puissance imbattable. Certification EUST5.","breadcrumb":{"@id":"https:\/\/saiga.es\/fr\/produit\/taille-a-la-tronconneuse-echo-cs-2511-tes\/#breadcrumb"},"inLanguage":"fr-FR","potentialAction":[{"@type":"ReadAction","target":["https:\/\/saiga.es\/fr\/produit\/taille-a-la-tronconneuse-echo-cs-2511-tes\/"]}]},{"@type":"ImageObject","inLanguage":"fr-FR","@id":"https:\/\/saiga.es\/fr\/produit\/taille-a-la-tronconneuse-echo-cs-2511-tes\/#primaryimage","url":"https:\/\/saiga.es\/wp-content\/uploads\/2024\/10\/Motoserra-CS-2511TES.jpg","contentUrl":"https:\/\/saiga.es\/wp-content\/uploads\/2024\/10\/Motoserra-CS-2511TES.jpg","width":1080,"height":1080,"caption":"Tron\u00e7onneuses CS-2511TES"},{"@type":"BreadcrumbList","@id":"https:\/\/saiga.es\/fr\/produit\/taille-a-la-tronconneuse-echo-cs-2511-tes\/#breadcrumb","itemListElement":[{"@type":"ListItem","position":1,"name":"Inici","item":"https:\/\/saiga.es\/fr\/"},{"@type":"ListItem","position":2,"name":"boutique","item":"https:\/\/saiga.es\/fr\/boutique\/"},{"@type":"ListItem","position":3,"name":"Taille \u00e0 la tron\u00e7onneuse ECHO CS 2511 TES"}]},{"@type":"WebSite","@id":"https:\/\/saiga.es\/fr\/#website","url":"https:\/\/saiga.es\/fr\/","name":"SAIGA","description":"M\u00e9s de 50 anys al servei de la terra i treballant per a un \u00fas eficient de l\u2019aigua!","publisher":{"@id":"https:\/\/saiga.es\/fr\/#organization"},"potentialAction":[{"@type":"SearchAction","target":{"@type":"EntryPoint","urlTemplate":"https:\/\/saiga.es\/fr\/?s={search_term_string}"},"query-input":{"@type":"PropertyValueSpecification","valueRequired":true,"valueName":"search_term_string"}}],"inLanguage":"fr-FR"},{"@type":"Organization","@id":"https:\/\/saiga.es\/fr\/#organization","name":"SAIGA","url":"https:\/\/saiga.es\/fr\/","logo":{"@type":"ImageObject","inLanguage":"fr-FR","@id":"https:\/\/saiga.es\/fr\/#\/schema\/logo\/image\/","url":"https:\/\/saiga.es\/wp-content\/uploads\/2025\/07\/logo_saiga_baseline_optimitzat.svg","contentUrl":"https:\/\/saiga.es\/wp-content\/uploads\/2025\/07\/logo_saiga_baseline_optimitzat.svg","caption":"SAIGA"},"image":{"@id":"https:\/\/saiga.es\/fr\/#\/schema\/logo\/image\/"},"sameAs":["https:\/\/x.com\/saiga_agro","https:\/\/www.instagram.com\/saiga_agro\/"]}]}},"_links":{"self":[{"href":"https:\/\/saiga.es\/fr\/wp-json\/wp\/v2\/product\/12382","targetHints":{"allow":["GET"]}}],"collection":[{"href":"https:\/\/saiga.es\/fr\/wp-json\/wp\/v2\/product"}],"about":[{"href":"https:\/\/saiga.es\/fr\/wp-json\/wp\/v2\/types\/product"}],"replies":[{"embeddable":true,"href":"https:\/\/saiga.es\/fr\/wp-json\/wp\/v2\/comments?post=12382"}],"wp:featuredmedia":[{"embeddable":true,"href":"https:\/\/saiga.es\/fr\/wp-json\/wp\/v2\/media\/12380"}],"wp:attachment":[{"href":"https:\/\/saiga.es\/fr\/wp-json\/wp\/v2\/media?parent=12382"}],"wp:term":[{"taxonomy":"product_brand","embeddable":true,"href":"https:\/\/saiga.es\/fr\/wp-json\/wp\/v2\/product_brand?post=12382"},{"taxonomy":"product_cat","embeddable":true,"href":"https:\/\/saiga.es\/fr\/wp-json\/wp\/v2\/product_cat?post=12382"},{"taxonomy":"product_tag","embeddable":true,"href":"https:\/\/saiga.es\/fr\/wp-json\/wp\/v2\/product_tag?post=12382"}],"curies":[{"name":"wp","href":"https:\/\/api.w.org\/{rel}","templated":true}]}}