{"id":12404,"date":"2024-10-09T13:54:40","date_gmt":"2024-10-09T13:54:40","guid":{"rendered":"https:\/\/botiga.saiga.es\/producte\/taille-haie-arvipo-tt37-3-bateries-5ah\/"},"modified":"2024-10-09T13:54:40","modified_gmt":"2024-10-09T13:54:40","slug":"taille-haie-arvipo-tt37-3-bateries-5ah","status":"publish","type":"product","link":"https:\/\/saiga.es\/fr\/produit\/taille-haie-arvipo-tt37-3-bateries-5ah\/","title":{"rendered":"Taille-haie Arvipo TT37 + 3 Bateries 5Ah"},"content":{"rendered":"<p>Le taille-haie Arvipo ARVIPO TT37 est le premier taille-haie en hauteur de la famille 25,2V. Aussi bien pour tailler des haies hautes et des arbustes de jardin que pour les travaux de taille en vert pour les cultures extensives en agriculture. La t\u00eate avec angle de coupe r\u00e9glable par \u00e9tapes dans une plage totale de -90\u00ba \u00e0 +90\u00ba vous permet de l&rsquo;adapter \u00e0 la position la plus appropri\u00e9e pour le travail et la poign\u00e9e extensible vous permet d&rsquo;acqu\u00e9rir la bonne hauteur pour atteindre les points les plus \u00e9lev\u00e9s et inaccessibles.  <\/p>\n","protected":false},"excerpt":{"rendered":"<p>Le taille-haie Arvipo ARVIPO TT37 est le premier taille-haie en hauteur de la famille 25,2V. Aussi bien pour tailler des haies hautes et des arbustes de jardin que pour les travaux de taille en vert pour les cultures extensives en agriculture. <\/p>\n","protected":false},"featured_media":12334,"comment_status":"closed","ping_status":"closed","template":"","meta":[],"product_brand":[],"product_cat":[1710],"product_tag":[858,1671],"class_list":{"0":"post-12404","1":"product","2":"type-product","3":"status-publish","4":"has-post-thumbnail","6":"product_cat-taille-haie","7":"product_tag-arvipo-fr","8":"product_tag-coupeurs-de-cloture","10":"first","11":"instock","12":"taxable","13":"shipping-taxable","14":"purchasable","15":"product-type-variable"},"yoast_head":"<!-- This site is optimized with the Yoast SEO plugin v27.4 - https:\/\/yoast.com\/product\/yoast-seo-wordpress\/ -->\n<title>Taille-haie Arvipo TT37 + 3 Bateries 5Ah | SAIGA<\/title>\n<meta name=\"description\" content=\"Le taille-haie Arvipo ARVIPO TT37 est le premier taille-haie en hauteur de la famille 25,2V.\" \/>\n<meta name=\"robots\" content=\"index, follow, max-snippet:-1, max-image-preview:large, max-video-preview:-1\" \/>\n<link rel=\"canonical\" href=\"https:\/\/saiga.es\/fr\/produit\/taille-haie-arvipo-tt37-3-bateries-5ah\/\" \/>\n<meta property=\"og:locale\" content=\"fr_FR\" \/>\n<meta property=\"og:type\" content=\"article\" \/>\n<meta property=\"og:title\" content=\"Taille-haie Arvipo TT37 + 3 Bateries 5Ah | SAIGA\" \/>\n<meta property=\"og:description\" content=\"Le taille-haie Arvipo ARVIPO TT37 est le premier taille-haie en hauteur de la famille 25,2V.\" \/>\n<meta property=\"og:url\" content=\"https:\/\/saiga.es\/fr\/produit\/taille-haie-arvipo-tt37-3-bateries-5ah\/\" \/>\n<meta property=\"og:site_name\" content=\"SAIGA\" \/>\n<meta property=\"og:image\" content=\"https:\/\/saiga.es\/wp-content\/uploads\/2024\/10\/Tallatanques-Arvipo.jpg\" \/>\n\t<meta property=\"og:image:width\" content=\"1080\" \/>\n\t<meta property=\"og:image:height\" content=\"1080\" \/>\n\t<meta property=\"og:image:type\" content=\"image\/jpeg\" \/>\n<meta name=\"twitter:card\" content=\"summary_large_image\" \/>\n<meta name=\"twitter:site\" content=\"@saiga_agro\" \/>\n<script type=\"application\/ld+json\" class=\"yoast-schema-graph\">{\"@context\":\"https:\\\/\\\/schema.org\",\"@graph\":[{\"@type\":\"WebPage\",\"@id\":\"https:\\\/\\\/saiga.es\\\/fr\\\/produit\\\/taille-haie-arvipo-tt37-3-bateries-5ah\\\/\",\"url\":\"https:\\\/\\\/saiga.es\\\/fr\\\/produit\\\/taille-haie-arvipo-tt37-3-bateries-5ah\\\/\",\"name\":\"Taille-haie Arvipo TT37 + 3 Bateries 5Ah | SAIGA\",\"isPartOf\":{\"@id\":\"https:\\\/\\\/saiga.es\\\/fr\\\/#website\"},\"primaryImageOfPage\":{\"@id\":\"https:\\\/\\\/saiga.es\\\/fr\\\/produit\\\/taille-haie-arvipo-tt37-3-bateries-5ah\\\/#primaryimage\"},\"image\":{\"@id\":\"https:\\\/\\\/saiga.es\\\/fr\\\/produit\\\/taille-haie-arvipo-tt37-3-bateries-5ah\\\/#primaryimage\"},\"thumbnailUrl\":\"https:\\\/\\\/saiga.es\\\/wp-content\\\/uploads\\\/2024\\\/10\\\/Tallatanques-Arvipo.jpg\",\"datePublished\":\"2024-10-09T13:54:40+00:00\",\"description\":\"Le taille-haie Arvipo ARVIPO TT37 est le premier taille-haie en hauteur de la famille 25,2V.\",\"breadcrumb\":{\"@id\":\"https:\\\/\\\/saiga.es\\\/fr\\\/produit\\\/taille-haie-arvipo-tt37-3-bateries-5ah\\\/#breadcrumb\"},\"inLanguage\":\"fr-FR\",\"potentialAction\":[{\"@type\":\"ReadAction\",\"target\":[\"https:\\\/\\\/saiga.es\\\/fr\\\/produit\\\/taille-haie-arvipo-tt37-3-bateries-5ah\\\/\"]}]},{\"@type\":\"ImageObject\",\"inLanguage\":\"fr-FR\",\"@id\":\"https:\\\/\\\/saiga.es\\\/fr\\\/produit\\\/taille-haie-arvipo-tt37-3-bateries-5ah\\\/#primaryimage\",\"url\":\"https:\\\/\\\/saiga.es\\\/wp-content\\\/uploads\\\/2024\\\/10\\\/Tallatanques-Arvipo.jpg\",\"contentUrl\":\"https:\\\/\\\/saiga.es\\\/wp-content\\\/uploads\\\/2024\\\/10\\\/Tallatanques-Arvipo.jpg\",\"width\":1080,\"height\":1080,\"caption\":\"coupeurs de cl\u00f4ture\"},{\"@type\":\"BreadcrumbList\",\"@id\":\"https:\\\/\\\/saiga.es\\\/fr\\\/produit\\\/taille-haie-arvipo-tt37-3-bateries-5ah\\\/#breadcrumb\",\"itemListElement\":[{\"@type\":\"ListItem\",\"position\":1,\"name\":\"Inici\",\"item\":\"https:\\\/\\\/saiga.es\\\/fr\\\/\"},{\"@type\":\"ListItem\",\"position\":2,\"name\":\"boutique\",\"item\":\"https:\\\/\\\/saiga.es\\\/fr\\\/boutique\\\/\"},{\"@type\":\"ListItem\",\"position\":3,\"name\":\"Taille-haie Arvipo TT37 + 3 Bateries 5Ah\"}]},{\"@type\":\"WebSite\",\"@id\":\"https:\\\/\\\/saiga.es\\\/fr\\\/#website\",\"url\":\"https:\\\/\\\/saiga.es\\\/fr\\\/\",\"name\":\"SAIGA\",\"description\":\"M\u00e9s de 50 anys al servei de la terra i treballant per a un \u00fas eficient de l\u2019aigua!\",\"publisher\":{\"@id\":\"https:\\\/\\\/saiga.es\\\/fr\\\/#organization\"},\"potentialAction\":[{\"@type\":\"SearchAction\",\"target\":{\"@type\":\"EntryPoint\",\"urlTemplate\":\"https:\\\/\\\/saiga.es\\\/fr\\\/?s={search_term_string}\"},\"query-input\":{\"@type\":\"PropertyValueSpecification\",\"valueRequired\":true,\"valueName\":\"search_term_string\"}}],\"inLanguage\":\"fr-FR\"},{\"@type\":\"Organization\",\"@id\":\"https:\\\/\\\/saiga.es\\\/fr\\\/#organization\",\"name\":\"SAIGA\",\"url\":\"https:\\\/\\\/saiga.es\\\/fr\\\/\",\"logo\":{\"@type\":\"ImageObject\",\"inLanguage\":\"fr-FR\",\"@id\":\"https:\\\/\\\/saiga.es\\\/fr\\\/#\\\/schema\\\/logo\\\/image\\\/\",\"url\":\"https:\\\/\\\/saiga.es\\\/wp-content\\\/uploads\\\/2025\\\/07\\\/logo_saiga_baseline_optimitzat.svg\",\"contentUrl\":\"https:\\\/\\\/saiga.es\\\/wp-content\\\/uploads\\\/2025\\\/07\\\/logo_saiga_baseline_optimitzat.svg\",\"caption\":\"SAIGA\"},\"image\":{\"@id\":\"https:\\\/\\\/saiga.es\\\/fr\\\/#\\\/schema\\\/logo\\\/image\\\/\"},\"sameAs\":[\"https:\\\/\\\/x.com\\\/saiga_agro\",\"https:\\\/\\\/www.instagram.com\\\/saiga_agro\\\/\"]}]}<\/script>\n<!-- \/ Yoast SEO plugin. -->","yoast_head_json":{"title":"Taille-haie Arvipo TT37 + 3 Bateries 5Ah | SAIGA","description":"Le taille-haie Arvipo ARVIPO TT37 est le premier taille-haie en hauteur de la famille 25,2V.","robots":{"index":"index","follow":"follow","max-snippet":"max-snippet:-1","max-image-preview":"max-image-preview:large","max-video-preview":"max-video-preview:-1"},"canonical":"https:\/\/saiga.es\/fr\/produit\/taille-haie-arvipo-tt37-3-bateries-5ah\/","og_locale":"fr_FR","og_type":"article","og_title":"Taille-haie Arvipo TT37 + 3 Bateries 5Ah | SAIGA","og_description":"Le taille-haie Arvipo ARVIPO TT37 est le premier taille-haie en hauteur de la famille 25,2V.","og_url":"https:\/\/saiga.es\/fr\/produit\/taille-haie-arvipo-tt37-3-bateries-5ah\/","og_site_name":"SAIGA","og_image":[{"width":1080,"height":1080,"url":"https:\/\/saiga.es\/wp-content\/uploads\/2024\/10\/Tallatanques-Arvipo.jpg","type":"image\/jpeg"}],"twitter_card":"summary_large_image","twitter_site":"@saiga_agro","schema":{"@context":"https:\/\/schema.org","@graph":[{"@type":"WebPage","@id":"https:\/\/saiga.es\/fr\/produit\/taille-haie-arvipo-tt37-3-bateries-5ah\/","url":"https:\/\/saiga.es\/fr\/produit\/taille-haie-arvipo-tt37-3-bateries-5ah\/","name":"Taille-haie Arvipo TT37 + 3 Bateries 5Ah | SAIGA","isPartOf":{"@id":"https:\/\/saiga.es\/fr\/#website"},"primaryImageOfPage":{"@id":"https:\/\/saiga.es\/fr\/produit\/taille-haie-arvipo-tt37-3-bateries-5ah\/#primaryimage"},"image":{"@id":"https:\/\/saiga.es\/fr\/produit\/taille-haie-arvipo-tt37-3-bateries-5ah\/#primaryimage"},"thumbnailUrl":"https:\/\/saiga.es\/wp-content\/uploads\/2024\/10\/Tallatanques-Arvipo.jpg","datePublished":"2024-10-09T13:54:40+00:00","description":"Le taille-haie Arvipo ARVIPO TT37 est le premier taille-haie en hauteur de la famille 25,2V.","breadcrumb":{"@id":"https:\/\/saiga.es\/fr\/produit\/taille-haie-arvipo-tt37-3-bateries-5ah\/#breadcrumb"},"inLanguage":"fr-FR","potentialAction":[{"@type":"ReadAction","target":["https:\/\/saiga.es\/fr\/produit\/taille-haie-arvipo-tt37-3-bateries-5ah\/"]}]},{"@type":"ImageObject","inLanguage":"fr-FR","@id":"https:\/\/saiga.es\/fr\/produit\/taille-haie-arvipo-tt37-3-bateries-5ah\/#primaryimage","url":"https:\/\/saiga.es\/wp-content\/uploads\/2024\/10\/Tallatanques-Arvipo.jpg","contentUrl":"https:\/\/saiga.es\/wp-content\/uploads\/2024\/10\/Tallatanques-Arvipo.jpg","width":1080,"height":1080,"caption":"coupeurs de cl\u00f4ture"},{"@type":"BreadcrumbList","@id":"https:\/\/saiga.es\/fr\/produit\/taille-haie-arvipo-tt37-3-bateries-5ah\/#breadcrumb","itemListElement":[{"@type":"ListItem","position":1,"name":"Inici","item":"https:\/\/saiga.es\/fr\/"},{"@type":"ListItem","position":2,"name":"boutique","item":"https:\/\/saiga.es\/fr\/boutique\/"},{"@type":"ListItem","position":3,"name":"Taille-haie Arvipo TT37 + 3 Bateries 5Ah"}]},{"@type":"WebSite","@id":"https:\/\/saiga.es\/fr\/#website","url":"https:\/\/saiga.es\/fr\/","name":"SAIGA","description":"M\u00e9s de 50 anys al servei de la terra i treballant per a un \u00fas eficient de l\u2019aigua!","publisher":{"@id":"https:\/\/saiga.es\/fr\/#organization"},"potentialAction":[{"@type":"SearchAction","target":{"@type":"EntryPoint","urlTemplate":"https:\/\/saiga.es\/fr\/?s={search_term_string}"},"query-input":{"@type":"PropertyValueSpecification","valueRequired":true,"valueName":"search_term_string"}}],"inLanguage":"fr-FR"},{"@type":"Organization","@id":"https:\/\/saiga.es\/fr\/#organization","name":"SAIGA","url":"https:\/\/saiga.es\/fr\/","logo":{"@type":"ImageObject","inLanguage":"fr-FR","@id":"https:\/\/saiga.es\/fr\/#\/schema\/logo\/image\/","url":"https:\/\/saiga.es\/wp-content\/uploads\/2025\/07\/logo_saiga_baseline_optimitzat.svg","contentUrl":"https:\/\/saiga.es\/wp-content\/uploads\/2025\/07\/logo_saiga_baseline_optimitzat.svg","caption":"SAIGA"},"image":{"@id":"https:\/\/saiga.es\/fr\/#\/schema\/logo\/image\/"},"sameAs":["https:\/\/x.com\/saiga_agro","https:\/\/www.instagram.com\/saiga_agro\/"]}]}},"_links":{"self":[{"href":"https:\/\/saiga.es\/fr\/wp-json\/wp\/v2\/product\/12404","targetHints":{"allow":["GET"]}}],"collection":[{"href":"https:\/\/saiga.es\/fr\/wp-json\/wp\/v2\/product"}],"about":[{"href":"https:\/\/saiga.es\/fr\/wp-json\/wp\/v2\/types\/product"}],"replies":[{"embeddable":true,"href":"https:\/\/saiga.es\/fr\/wp-json\/wp\/v2\/comments?post=12404"}],"wp:featuredmedia":[{"embeddable":true,"href":"https:\/\/saiga.es\/fr\/wp-json\/wp\/v2\/media\/12334"}],"wp:attachment":[{"href":"https:\/\/saiga.es\/fr\/wp-json\/wp\/v2\/media?parent=12404"}],"wp:term":[{"taxonomy":"product_brand","embeddable":true,"href":"https:\/\/saiga.es\/fr\/wp-json\/wp\/v2\/product_brand?post=12404"},{"taxonomy":"product_cat","embeddable":true,"href":"https:\/\/saiga.es\/fr\/wp-json\/wp\/v2\/product_cat?post=12404"},{"taxonomy":"product_tag","embeddable":true,"href":"https:\/\/saiga.es\/fr\/wp-json\/wp\/v2\/product_tag?post=12404"}],"curies":[{"name":"wp","href":"https:\/\/api.w.org\/{rel}","templated":true}]}}