{"id":12437,"date":"2024-10-24T12:55:09","date_gmt":"2024-10-24T12:55:09","guid":{"rendered":"https:\/\/botiga.saiga.es\/producte\/secateur-a-une-main-km-5-forjat-kamikaze\/"},"modified":"2025-10-27T07:53:59","modified_gmt":"2025-10-27T07:53:59","slug":"secateur-a-une-main-km-5-forjat-kamikaze","status":"publish","type":"product","link":"https:\/\/saiga.es\/fr\/produit\/secateur-a-une-main-km-5-forjat-kamikaze\/","title":{"rendered":"S\u00e9cateur \u00e0 une main KM-5 Forjat Kamikaze"},"content":{"rendered":"<p>Les poign\u00e9es en aluminium recouvertes de P.V.C. antid\u00e9rapants les rendent tr\u00e8s confortables pour la main, m\u00eame sans l&rsquo;utilisation de gants. L&rsquo;aluminium est un mat\u00e9riau l\u00e9ger mais r\u00e9sistant qui garantit un travail acharn\u00e9 tout au long de la dur\u00e9e de vie des ciseaux. Crampons en caoutchouc pour amortir le coup en fin de coupe. Lame et contre-lame en acier tremp\u00e9 SK-5. La lame comprend un coupe-fil. La contre-lame est dot\u00e9e d&rsquo;un grattoir. Le remplacement de toutes les pi\u00e8ces est garanti.      <\/p>\n","protected":false},"excerpt":{"rendered":"<p>Les poign\u00e9es en aluminium recouvertes de P.V.C. antid\u00e9rapants les rendent tr\u00e8s confortables pour la main, m\u00eame sans l&rsquo;utilisation de gants.<\/p>\n","protected":false},"featured_media":12435,"comment_status":"closed","ping_status":"closed","template":"","meta":[],"product_brand":[],"product_cat":[1733,433],"product_tag":[1713,851],"class_list":{"0":"post-12437","1":"product","2":"type-product","3":"status-publish","4":"has-post-thumbnail","6":"product_cat-kamikaze-fr","7":"product_cat-secateurs","8":"product_tag-kamikaze-fr","9":"product_tag-secateur-fr","11":"first","12":"instock","13":"taxable","14":"shipping-taxable","15":"purchasable","16":"product-type-simple"},"yoast_head":"<!-- This site is optimized with the Yoast SEO plugin v27.3 - https:\/\/yoast.com\/product\/yoast-seo-wordpress\/ -->\n<title>S\u00e9cateur \u00e0 une main KM-5 Forjat Kamikaze | SAIGA<\/title>\n<meta name=\"description\" content=\"Les poign\u00e9es en aluminium recouvertes de P.V.C. antid\u00e9rapants les rendent tr\u00e8s confortables pour la main, m\u00eame sans l&#039;utilisation de gants.\" \/>\n<meta name=\"robots\" content=\"index, follow, max-snippet:-1, max-image-preview:large, max-video-preview:-1\" \/>\n<link rel=\"canonical\" href=\"https:\/\/saiga.es\/fr\/produit\/secateur-a-une-main-km-5-forjat-kamikaze\/\" \/>\n<meta property=\"og:locale\" content=\"fr_FR\" \/>\n<meta property=\"og:type\" content=\"article\" \/>\n<meta property=\"og:title\" content=\"S\u00e9cateur \u00e0 une main KM-5 Forjat Kamikaze | SAIGA\" \/>\n<meta property=\"og:description\" content=\"Les poign\u00e9es en aluminium recouvertes de P.V.C. antid\u00e9rapants les rendent tr\u00e8s confortables pour la main, m\u00eame sans l&#039;utilisation de gants.\" \/>\n<meta property=\"og:url\" content=\"https:\/\/saiga.es\/fr\/produit\/secateur-a-une-main-km-5-forjat-kamikaze\/\" \/>\n<meta property=\"og:site_name\" content=\"SAIGA\" \/>\n<meta property=\"article:modified_time\" content=\"2025-10-27T07:53:59+00:00\" \/>\n<meta property=\"og:image\" content=\"https:\/\/saiga.es\/wp-content\/uploads\/2024\/10\/tijera-poda-una-mano-kamikaze-km5-forged-classic-con-funda.jpg\" \/>\n\t<meta property=\"og:image:width\" content=\"800\" \/>\n\t<meta property=\"og:image:height\" content=\"800\" \/>\n\t<meta property=\"og:image:type\" content=\"image\/jpeg\" \/>\n<meta name=\"twitter:card\" content=\"summary_large_image\" \/>\n<meta name=\"twitter:site\" content=\"@saiga_agro\" \/>\n<script type=\"application\/ld+json\" class=\"yoast-schema-graph\">{\"@context\":\"https:\\\/\\\/schema.org\",\"@graph\":[{\"@type\":\"WebPage\",\"@id\":\"https:\\\/\\\/saiga.es\\\/fr\\\/produit\\\/secateur-a-une-main-km-5-forjat-kamikaze\\\/\",\"url\":\"https:\\\/\\\/saiga.es\\\/fr\\\/produit\\\/secateur-a-une-main-km-5-forjat-kamikaze\\\/\",\"name\":\"S\u00e9cateur \u00e0 une main KM-5 Forjat Kamikaze | SAIGA\",\"isPartOf\":{\"@id\":\"https:\\\/\\\/saiga.es\\\/fr\\\/#website\"},\"primaryImageOfPage\":{\"@id\":\"https:\\\/\\\/saiga.es\\\/fr\\\/produit\\\/secateur-a-une-main-km-5-forjat-kamikaze\\\/#primaryimage\"},\"image\":{\"@id\":\"https:\\\/\\\/saiga.es\\\/fr\\\/produit\\\/secateur-a-une-main-km-5-forjat-kamikaze\\\/#primaryimage\"},\"thumbnailUrl\":\"https:\\\/\\\/saiga.es\\\/wp-content\\\/uploads\\\/2024\\\/10\\\/tijera-poda-una-mano-kamikaze-km5-forged-classic-con-funda.jpg\",\"datePublished\":\"2024-10-24T12:55:09+00:00\",\"dateModified\":\"2025-10-27T07:53:59+00:00\",\"description\":\"Les poign\u00e9es en aluminium recouvertes de P.V.C. antid\u00e9rapants les rendent tr\u00e8s confortables pour la main, m\u00eame sans l'utilisation de gants.\",\"breadcrumb\":{\"@id\":\"https:\\\/\\\/saiga.es\\\/fr\\\/produit\\\/secateur-a-une-main-km-5-forjat-kamikaze\\\/#breadcrumb\"},\"inLanguage\":\"fr-FR\",\"potentialAction\":[{\"@type\":\"ReadAction\",\"target\":[\"https:\\\/\\\/saiga.es\\\/fr\\\/produit\\\/secateur-a-une-main-km-5-forjat-kamikaze\\\/\"]}]},{\"@type\":\"ImageObject\",\"inLanguage\":\"fr-FR\",\"@id\":\"https:\\\/\\\/saiga.es\\\/fr\\\/produit\\\/secateur-a-une-main-km-5-forjat-kamikaze\\\/#primaryimage\",\"url\":\"https:\\\/\\\/saiga.es\\\/wp-content\\\/uploads\\\/2024\\\/10\\\/tijera-poda-una-mano-kamikaze-km5-forged-classic-con-funda.jpg\",\"contentUrl\":\"https:\\\/\\\/saiga.es\\\/wp-content\\\/uploads\\\/2024\\\/10\\\/tijera-poda-una-mano-kamikaze-km5-forged-classic-con-funda.jpg\",\"width\":800,\"height\":800,\"caption\":\"KM-5 Forge\"},{\"@type\":\"BreadcrumbList\",\"@id\":\"https:\\\/\\\/saiga.es\\\/fr\\\/produit\\\/secateur-a-une-main-km-5-forjat-kamikaze\\\/#breadcrumb\",\"itemListElement\":[{\"@type\":\"ListItem\",\"position\":1,\"name\":\"Inici\",\"item\":\"https:\\\/\\\/saiga.es\\\/fr\\\/\"},{\"@type\":\"ListItem\",\"position\":2,\"name\":\"boutique\",\"item\":\"https:\\\/\\\/saiga.es\\\/fr\\\/boutique\\\/\"},{\"@type\":\"ListItem\",\"position\":3,\"name\":\"S\u00e9cateur \u00e0 une main KM-5 Forjat Kamikaze\"}]},{\"@type\":\"WebSite\",\"@id\":\"https:\\\/\\\/saiga.es\\\/fr\\\/#website\",\"url\":\"https:\\\/\\\/saiga.es\\\/fr\\\/\",\"name\":\"SAIGA\",\"description\":\"M\u00e9s de 50 anys al servei de la terra i treballant per a un \u00fas eficient de l\u2019aigua!\",\"publisher\":{\"@id\":\"https:\\\/\\\/saiga.es\\\/fr\\\/#organization\"},\"potentialAction\":[{\"@type\":\"SearchAction\",\"target\":{\"@type\":\"EntryPoint\",\"urlTemplate\":\"https:\\\/\\\/saiga.es\\\/fr\\\/?s={search_term_string}\"},\"query-input\":{\"@type\":\"PropertyValueSpecification\",\"valueRequired\":true,\"valueName\":\"search_term_string\"}}],\"inLanguage\":\"fr-FR\"},{\"@type\":\"Organization\",\"@id\":\"https:\\\/\\\/saiga.es\\\/fr\\\/#organization\",\"name\":\"SAIGA\",\"url\":\"https:\\\/\\\/saiga.es\\\/fr\\\/\",\"logo\":{\"@type\":\"ImageObject\",\"inLanguage\":\"fr-FR\",\"@id\":\"https:\\\/\\\/saiga.es\\\/fr\\\/#\\\/schema\\\/logo\\\/image\\\/\",\"url\":\"https:\\\/\\\/saiga.es\\\/wp-content\\\/uploads\\\/2025\\\/07\\\/logo_saiga_baseline_optimitzat.svg\",\"contentUrl\":\"https:\\\/\\\/saiga.es\\\/wp-content\\\/uploads\\\/2025\\\/07\\\/logo_saiga_baseline_optimitzat.svg\",\"caption\":\"SAIGA\"},\"image\":{\"@id\":\"https:\\\/\\\/saiga.es\\\/fr\\\/#\\\/schema\\\/logo\\\/image\\\/\"},\"sameAs\":[\"https:\\\/\\\/x.com\\\/saiga_agro\",\"https:\\\/\\\/www.instagram.com\\\/saiga_agro\\\/\"]}]}<\/script>\n<!-- \/ Yoast SEO plugin. -->","yoast_head_json":{"title":"S\u00e9cateur \u00e0 une main KM-5 Forjat Kamikaze | SAIGA","description":"Les poign\u00e9es en aluminium recouvertes de P.V.C. antid\u00e9rapants les rendent tr\u00e8s confortables pour la main, m\u00eame sans l'utilisation de gants.","robots":{"index":"index","follow":"follow","max-snippet":"max-snippet:-1","max-image-preview":"max-image-preview:large","max-video-preview":"max-video-preview:-1"},"canonical":"https:\/\/saiga.es\/fr\/produit\/secateur-a-une-main-km-5-forjat-kamikaze\/","og_locale":"fr_FR","og_type":"article","og_title":"S\u00e9cateur \u00e0 une main KM-5 Forjat Kamikaze | SAIGA","og_description":"Les poign\u00e9es en aluminium recouvertes de P.V.C. antid\u00e9rapants les rendent tr\u00e8s confortables pour la main, m\u00eame sans l'utilisation de gants.","og_url":"https:\/\/saiga.es\/fr\/produit\/secateur-a-une-main-km-5-forjat-kamikaze\/","og_site_name":"SAIGA","article_modified_time":"2025-10-27T07:53:59+00:00","og_image":[{"width":800,"height":800,"url":"https:\/\/saiga.es\/wp-content\/uploads\/2024\/10\/tijera-poda-una-mano-kamikaze-km5-forged-classic-con-funda.jpg","type":"image\/jpeg"}],"twitter_card":"summary_large_image","twitter_site":"@saiga_agro","schema":{"@context":"https:\/\/schema.org","@graph":[{"@type":"WebPage","@id":"https:\/\/saiga.es\/fr\/produit\/secateur-a-une-main-km-5-forjat-kamikaze\/","url":"https:\/\/saiga.es\/fr\/produit\/secateur-a-une-main-km-5-forjat-kamikaze\/","name":"S\u00e9cateur \u00e0 une main KM-5 Forjat Kamikaze | SAIGA","isPartOf":{"@id":"https:\/\/saiga.es\/fr\/#website"},"primaryImageOfPage":{"@id":"https:\/\/saiga.es\/fr\/produit\/secateur-a-une-main-km-5-forjat-kamikaze\/#primaryimage"},"image":{"@id":"https:\/\/saiga.es\/fr\/produit\/secateur-a-une-main-km-5-forjat-kamikaze\/#primaryimage"},"thumbnailUrl":"https:\/\/saiga.es\/wp-content\/uploads\/2024\/10\/tijera-poda-una-mano-kamikaze-km5-forged-classic-con-funda.jpg","datePublished":"2024-10-24T12:55:09+00:00","dateModified":"2025-10-27T07:53:59+00:00","description":"Les poign\u00e9es en aluminium recouvertes de P.V.C. antid\u00e9rapants les rendent tr\u00e8s confortables pour la main, m\u00eame sans l'utilisation de gants.","breadcrumb":{"@id":"https:\/\/saiga.es\/fr\/produit\/secateur-a-une-main-km-5-forjat-kamikaze\/#breadcrumb"},"inLanguage":"fr-FR","potentialAction":[{"@type":"ReadAction","target":["https:\/\/saiga.es\/fr\/produit\/secateur-a-une-main-km-5-forjat-kamikaze\/"]}]},{"@type":"ImageObject","inLanguage":"fr-FR","@id":"https:\/\/saiga.es\/fr\/produit\/secateur-a-une-main-km-5-forjat-kamikaze\/#primaryimage","url":"https:\/\/saiga.es\/wp-content\/uploads\/2024\/10\/tijera-poda-una-mano-kamikaze-km5-forged-classic-con-funda.jpg","contentUrl":"https:\/\/saiga.es\/wp-content\/uploads\/2024\/10\/tijera-poda-una-mano-kamikaze-km5-forged-classic-con-funda.jpg","width":800,"height":800,"caption":"KM-5 Forge"},{"@type":"BreadcrumbList","@id":"https:\/\/saiga.es\/fr\/produit\/secateur-a-une-main-km-5-forjat-kamikaze\/#breadcrumb","itemListElement":[{"@type":"ListItem","position":1,"name":"Inici","item":"https:\/\/saiga.es\/fr\/"},{"@type":"ListItem","position":2,"name":"boutique","item":"https:\/\/saiga.es\/fr\/boutique\/"},{"@type":"ListItem","position":3,"name":"S\u00e9cateur \u00e0 une main KM-5 Forjat Kamikaze"}]},{"@type":"WebSite","@id":"https:\/\/saiga.es\/fr\/#website","url":"https:\/\/saiga.es\/fr\/","name":"SAIGA","description":"M\u00e9s de 50 anys al servei de la terra i treballant per a un \u00fas eficient de l\u2019aigua!","publisher":{"@id":"https:\/\/saiga.es\/fr\/#organization"},"potentialAction":[{"@type":"SearchAction","target":{"@type":"EntryPoint","urlTemplate":"https:\/\/saiga.es\/fr\/?s={search_term_string}"},"query-input":{"@type":"PropertyValueSpecification","valueRequired":true,"valueName":"search_term_string"}}],"inLanguage":"fr-FR"},{"@type":"Organization","@id":"https:\/\/saiga.es\/fr\/#organization","name":"SAIGA","url":"https:\/\/saiga.es\/fr\/","logo":{"@type":"ImageObject","inLanguage":"fr-FR","@id":"https:\/\/saiga.es\/fr\/#\/schema\/logo\/image\/","url":"https:\/\/saiga.es\/wp-content\/uploads\/2025\/07\/logo_saiga_baseline_optimitzat.svg","contentUrl":"https:\/\/saiga.es\/wp-content\/uploads\/2025\/07\/logo_saiga_baseline_optimitzat.svg","caption":"SAIGA"},"image":{"@id":"https:\/\/saiga.es\/fr\/#\/schema\/logo\/image\/"},"sameAs":["https:\/\/x.com\/saiga_agro","https:\/\/www.instagram.com\/saiga_agro\/"]}]}},"_links":{"self":[{"href":"https:\/\/saiga.es\/fr\/wp-json\/wp\/v2\/product\/12437","targetHints":{"allow":["GET"]}}],"collection":[{"href":"https:\/\/saiga.es\/fr\/wp-json\/wp\/v2\/product"}],"about":[{"href":"https:\/\/saiga.es\/fr\/wp-json\/wp\/v2\/types\/product"}],"replies":[{"embeddable":true,"href":"https:\/\/saiga.es\/fr\/wp-json\/wp\/v2\/comments?post=12437"}],"wp:featuredmedia":[{"embeddable":true,"href":"https:\/\/saiga.es\/fr\/wp-json\/wp\/v2\/media\/12435"}],"wp:attachment":[{"href":"https:\/\/saiga.es\/fr\/wp-json\/wp\/v2\/media?parent=12437"}],"wp:term":[{"taxonomy":"product_brand","embeddable":true,"href":"https:\/\/saiga.es\/fr\/wp-json\/wp\/v2\/product_brand?post=12437"},{"taxonomy":"product_cat","embeddable":true,"href":"https:\/\/saiga.es\/fr\/wp-json\/wp\/v2\/product_cat?post=12437"},{"taxonomy":"product_tag","embeddable":true,"href":"https:\/\/saiga.es\/fr\/wp-json\/wp\/v2\/product_tag?post=12437"}],"curies":[{"name":"wp","href":"https:\/\/api.w.org\/{rel}","templated":true}]}}