{"id":12462,"date":"2024-10-28T12:19:57","date_gmt":"2024-10-28T12:19:57","guid":{"rendered":"https:\/\/botiga.saiga.es\/producte\/taille-haie-p51-f-bahco\/"},"modified":"2025-02-04T11:00:16","modified_gmt":"2025-02-04T11:00:16","slug":"taille-haie-p51-f-bahco","status":"publish","type":"product","link":"https:\/\/saiga.es\/fr\/produit\/taille-haie-p51-f-bahco\/","title":{"rendered":"taille-haie P51 F Bahco"},"content":{"rendered":"<p>Le taille-haie Bahco P51-F est un outil robuste et efficace pour la taille de haie. Il poss\u00e8de une lame en acier enti\u00e8rement tremp\u00e9, avec une section de coupe partiellement dentel\u00e9e qui permet de couper des branches jusqu&rsquo;\u00e0 10 mm d&rsquo;\u00e9paisseur.  Les poign\u00e9es en acier offrent une prise confortable et s\u00fbre, tandis que les amortisseurs en caoutchouc r\u00e9duisent les impacts pour r\u00e9duire la fatigue lors de l&rsquo;utilisation. Les lames aff\u00fbt\u00e9es et aff\u00fbt\u00e9es avec pr\u00e9cision garantissent une coupe nette et continue. Le syst\u00e8me de verrouillage centralis\u00e9 maintient les lames align\u00e9es et des pi\u00e8ces de rechange sont disponibles pour un entretien facile et prolong\u00e9.  <\/p>\n","protected":false},"excerpt":{"rendered":"<p>Le taille-haie Bahco P51-F est un outil robuste et efficace pour la taille de haie. Il poss\u00e8de une lame en acier enti\u00e8rement tremp\u00e9, avec une section de coupe partiellement dentel\u00e9e qui permet de couper des branches jusqu&rsquo;\u00e0 10 mm d&rsquo;\u00e9paisseur. <\/p>\n","protected":false},"featured_media":12460,"comment_status":"closed","ping_status":"closed","template":"","meta":[],"product_brand":[],"product_cat":[1794,433],"product_tag":[1657,1671,1716],"class_list":{"0":"post-12462","1":"product","2":"type-product","3":"status-publish","4":"has-post-thumbnail","6":"product_cat-bahco-fr","7":"product_cat-secateurs","8":"product_tag-bahco-fr","9":"product_tag-coupeurs-de-cloture","10":"product_tag-secateurs","12":"first","13":"instock","14":"taxable","15":"shipping-taxable","16":"purchasable","17":"product-type-simple"},"yoast_head":"<!-- This site is optimized with the Yoast SEO plugin v27.4 - https:\/\/yoast.com\/product\/yoast-seo-wordpress\/ -->\n<title>taille-haie P51 F Bahco | SAIGA<\/title>\n<meta name=\"description\" content=\"Le taille-haie Bahco P51-F est un outil robuste et efficace pour la taille de haie. Il poss\u00e8de une lame en acier enti\u00e8rement tremp\u00e9, avec une section de coupe partiellement dentel\u00e9e qui permet de couper des branches jusqu&#039;\u00e0 10 mm d&#039;\u00e9paisseur.\" \/>\n<meta name=\"robots\" content=\"index, follow, max-snippet:-1, max-image-preview:large, max-video-preview:-1\" \/>\n<link rel=\"canonical\" href=\"https:\/\/saiga.es\/fr\/produit\/taille-haie-p51-f-bahco\/\" \/>\n<meta property=\"og:locale\" content=\"fr_FR\" \/>\n<meta property=\"og:type\" content=\"article\" \/>\n<meta property=\"og:title\" content=\"taille-haie P51 F Bahco | SAIGA\" \/>\n<meta property=\"og:description\" content=\"Le taille-haie Bahco P51-F est un outil robuste et efficace pour la taille de haie. Il poss\u00e8de une lame en acier enti\u00e8rement tremp\u00e9, avec une section de coupe partiellement dentel\u00e9e qui permet de couper des branches jusqu&#039;\u00e0 10 mm d&#039;\u00e9paisseur.\" \/>\n<meta property=\"og:url\" content=\"https:\/\/saiga.es\/fr\/produit\/taille-haie-p51-f-bahco\/\" \/>\n<meta property=\"og:site_name\" content=\"SAIGA\" \/>\n<meta property=\"article:modified_time\" content=\"2025-02-04T11:00:16+00:00\" \/>\n<meta property=\"og:image\" content=\"https:\/\/saiga.es\/wp-content\/uploads\/2024\/10\/Tallatanques-P51-F.jpg\" \/>\n\t<meta property=\"og:image:width\" content=\"1080\" \/>\n\t<meta property=\"og:image:height\" content=\"1080\" \/>\n\t<meta property=\"og:image:type\" content=\"image\/jpeg\" \/>\n<meta name=\"twitter:card\" content=\"summary_large_image\" \/>\n<meta name=\"twitter:site\" content=\"@saiga_agro\" \/>\n<meta name=\"twitter:label1\" content=\"Dur\u00e9e de lecture estim\u00e9e\" \/>\n\t<meta name=\"twitter:data1\" content=\"1 minute\" \/>\n<script type=\"application\/ld+json\" class=\"yoast-schema-graph\">{\"@context\":\"https:\\\/\\\/schema.org\",\"@graph\":[{\"@type\":\"WebPage\",\"@id\":\"https:\\\/\\\/saiga.es\\\/fr\\\/produit\\\/taille-haie-p51-f-bahco\\\/\",\"url\":\"https:\\\/\\\/saiga.es\\\/fr\\\/produit\\\/taille-haie-p51-f-bahco\\\/\",\"name\":\"taille-haie P51 F Bahco | SAIGA\",\"isPartOf\":{\"@id\":\"https:\\\/\\\/saiga.es\\\/fr\\\/#website\"},\"primaryImageOfPage\":{\"@id\":\"https:\\\/\\\/saiga.es\\\/fr\\\/produit\\\/taille-haie-p51-f-bahco\\\/#primaryimage\"},\"image\":{\"@id\":\"https:\\\/\\\/saiga.es\\\/fr\\\/produit\\\/taille-haie-p51-f-bahco\\\/#primaryimage\"},\"thumbnailUrl\":\"https:\\\/\\\/saiga.es\\\/wp-content\\\/uploads\\\/2024\\\/10\\\/Tallatanques-P51-F.jpg\",\"datePublished\":\"2024-10-28T12:19:57+00:00\",\"dateModified\":\"2025-02-04T11:00:16+00:00\",\"description\":\"Le taille-haie Bahco P51-F est un outil robuste et efficace pour la taille de haie. Il poss\u00e8de une lame en acier enti\u00e8rement tremp\u00e9, avec une section de coupe partiellement dentel\u00e9e qui permet de couper des branches jusqu'\u00e0 10 mm d'\u00e9paisseur.\",\"breadcrumb\":{\"@id\":\"https:\\\/\\\/saiga.es\\\/fr\\\/produit\\\/taille-haie-p51-f-bahco\\\/#breadcrumb\"},\"inLanguage\":\"fr-FR\",\"potentialAction\":[{\"@type\":\"ReadAction\",\"target\":[\"https:\\\/\\\/saiga.es\\\/fr\\\/produit\\\/taille-haie-p51-f-bahco\\\/\"]}]},{\"@type\":\"ImageObject\",\"inLanguage\":\"fr-FR\",\"@id\":\"https:\\\/\\\/saiga.es\\\/fr\\\/produit\\\/taille-haie-p51-f-bahco\\\/#primaryimage\",\"url\":\"https:\\\/\\\/saiga.es\\\/wp-content\\\/uploads\\\/2024\\\/10\\\/Tallatanques-P51-F.jpg\",\"contentUrl\":\"https:\\\/\\\/saiga.es\\\/wp-content\\\/uploads\\\/2024\\\/10\\\/Tallatanques-P51-F.jpg\",\"width\":1080,\"height\":1080,\"caption\":\"P51 F Bahco\"},{\"@type\":\"BreadcrumbList\",\"@id\":\"https:\\\/\\\/saiga.es\\\/fr\\\/produit\\\/taille-haie-p51-f-bahco\\\/#breadcrumb\",\"itemListElement\":[{\"@type\":\"ListItem\",\"position\":1,\"name\":\"Inici\",\"item\":\"https:\\\/\\\/saiga.es\\\/fr\\\/\"},{\"@type\":\"ListItem\",\"position\":2,\"name\":\"boutique\",\"item\":\"https:\\\/\\\/saiga.es\\\/fr\\\/boutique\\\/\"},{\"@type\":\"ListItem\",\"position\":3,\"name\":\"taille-haie P51 F Bahco\"}]},{\"@type\":\"WebSite\",\"@id\":\"https:\\\/\\\/saiga.es\\\/fr\\\/#website\",\"url\":\"https:\\\/\\\/saiga.es\\\/fr\\\/\",\"name\":\"SAIGA\",\"description\":\"M\u00e9s de 50 anys al servei de la terra i treballant per a un \u00fas eficient de l\u2019aigua!\",\"publisher\":{\"@id\":\"https:\\\/\\\/saiga.es\\\/fr\\\/#organization\"},\"potentialAction\":[{\"@type\":\"SearchAction\",\"target\":{\"@type\":\"EntryPoint\",\"urlTemplate\":\"https:\\\/\\\/saiga.es\\\/fr\\\/?s={search_term_string}\"},\"query-input\":{\"@type\":\"PropertyValueSpecification\",\"valueRequired\":true,\"valueName\":\"search_term_string\"}}],\"inLanguage\":\"fr-FR\"},{\"@type\":\"Organization\",\"@id\":\"https:\\\/\\\/saiga.es\\\/fr\\\/#organization\",\"name\":\"SAIGA\",\"url\":\"https:\\\/\\\/saiga.es\\\/fr\\\/\",\"logo\":{\"@type\":\"ImageObject\",\"inLanguage\":\"fr-FR\",\"@id\":\"https:\\\/\\\/saiga.es\\\/fr\\\/#\\\/schema\\\/logo\\\/image\\\/\",\"url\":\"https:\\\/\\\/saiga.es\\\/wp-content\\\/uploads\\\/2025\\\/07\\\/logo_saiga_baseline_optimitzat.svg\",\"contentUrl\":\"https:\\\/\\\/saiga.es\\\/wp-content\\\/uploads\\\/2025\\\/07\\\/logo_saiga_baseline_optimitzat.svg\",\"caption\":\"SAIGA\"},\"image\":{\"@id\":\"https:\\\/\\\/saiga.es\\\/fr\\\/#\\\/schema\\\/logo\\\/image\\\/\"},\"sameAs\":[\"https:\\\/\\\/x.com\\\/saiga_agro\",\"https:\\\/\\\/www.instagram.com\\\/saiga_agro\\\/\"]}]}<\/script>\n<!-- \/ Yoast SEO plugin. -->","yoast_head_json":{"title":"taille-haie P51 F Bahco | SAIGA","description":"Le taille-haie Bahco P51-F est un outil robuste et efficace pour la taille de haie. Il poss\u00e8de une lame en acier enti\u00e8rement tremp\u00e9, avec une section de coupe partiellement dentel\u00e9e qui permet de couper des branches jusqu'\u00e0 10 mm d'\u00e9paisseur.","robots":{"index":"index","follow":"follow","max-snippet":"max-snippet:-1","max-image-preview":"max-image-preview:large","max-video-preview":"max-video-preview:-1"},"canonical":"https:\/\/saiga.es\/fr\/produit\/taille-haie-p51-f-bahco\/","og_locale":"fr_FR","og_type":"article","og_title":"taille-haie P51 F Bahco | SAIGA","og_description":"Le taille-haie Bahco P51-F est un outil robuste et efficace pour la taille de haie. Il poss\u00e8de une lame en acier enti\u00e8rement tremp\u00e9, avec une section de coupe partiellement dentel\u00e9e qui permet de couper des branches jusqu'\u00e0 10 mm d'\u00e9paisseur.","og_url":"https:\/\/saiga.es\/fr\/produit\/taille-haie-p51-f-bahco\/","og_site_name":"SAIGA","article_modified_time":"2025-02-04T11:00:16+00:00","og_image":[{"width":1080,"height":1080,"url":"https:\/\/saiga.es\/wp-content\/uploads\/2024\/10\/Tallatanques-P51-F.jpg","type":"image\/jpeg"}],"twitter_card":"summary_large_image","twitter_site":"@saiga_agro","twitter_misc":{"Dur\u00e9e de lecture estim\u00e9e":"1 minute"},"schema":{"@context":"https:\/\/schema.org","@graph":[{"@type":"WebPage","@id":"https:\/\/saiga.es\/fr\/produit\/taille-haie-p51-f-bahco\/","url":"https:\/\/saiga.es\/fr\/produit\/taille-haie-p51-f-bahco\/","name":"taille-haie P51 F Bahco | SAIGA","isPartOf":{"@id":"https:\/\/saiga.es\/fr\/#website"},"primaryImageOfPage":{"@id":"https:\/\/saiga.es\/fr\/produit\/taille-haie-p51-f-bahco\/#primaryimage"},"image":{"@id":"https:\/\/saiga.es\/fr\/produit\/taille-haie-p51-f-bahco\/#primaryimage"},"thumbnailUrl":"https:\/\/saiga.es\/wp-content\/uploads\/2024\/10\/Tallatanques-P51-F.jpg","datePublished":"2024-10-28T12:19:57+00:00","dateModified":"2025-02-04T11:00:16+00:00","description":"Le taille-haie Bahco P51-F est un outil robuste et efficace pour la taille de haie. Il poss\u00e8de une lame en acier enti\u00e8rement tremp\u00e9, avec une section de coupe partiellement dentel\u00e9e qui permet de couper des branches jusqu'\u00e0 10 mm d'\u00e9paisseur.","breadcrumb":{"@id":"https:\/\/saiga.es\/fr\/produit\/taille-haie-p51-f-bahco\/#breadcrumb"},"inLanguage":"fr-FR","potentialAction":[{"@type":"ReadAction","target":["https:\/\/saiga.es\/fr\/produit\/taille-haie-p51-f-bahco\/"]}]},{"@type":"ImageObject","inLanguage":"fr-FR","@id":"https:\/\/saiga.es\/fr\/produit\/taille-haie-p51-f-bahco\/#primaryimage","url":"https:\/\/saiga.es\/wp-content\/uploads\/2024\/10\/Tallatanques-P51-F.jpg","contentUrl":"https:\/\/saiga.es\/wp-content\/uploads\/2024\/10\/Tallatanques-P51-F.jpg","width":1080,"height":1080,"caption":"P51 F Bahco"},{"@type":"BreadcrumbList","@id":"https:\/\/saiga.es\/fr\/produit\/taille-haie-p51-f-bahco\/#breadcrumb","itemListElement":[{"@type":"ListItem","position":1,"name":"Inici","item":"https:\/\/saiga.es\/fr\/"},{"@type":"ListItem","position":2,"name":"boutique","item":"https:\/\/saiga.es\/fr\/boutique\/"},{"@type":"ListItem","position":3,"name":"taille-haie P51 F Bahco"}]},{"@type":"WebSite","@id":"https:\/\/saiga.es\/fr\/#website","url":"https:\/\/saiga.es\/fr\/","name":"SAIGA","description":"M\u00e9s de 50 anys al servei de la terra i treballant per a un \u00fas eficient de l\u2019aigua!","publisher":{"@id":"https:\/\/saiga.es\/fr\/#organization"},"potentialAction":[{"@type":"SearchAction","target":{"@type":"EntryPoint","urlTemplate":"https:\/\/saiga.es\/fr\/?s={search_term_string}"},"query-input":{"@type":"PropertyValueSpecification","valueRequired":true,"valueName":"search_term_string"}}],"inLanguage":"fr-FR"},{"@type":"Organization","@id":"https:\/\/saiga.es\/fr\/#organization","name":"SAIGA","url":"https:\/\/saiga.es\/fr\/","logo":{"@type":"ImageObject","inLanguage":"fr-FR","@id":"https:\/\/saiga.es\/fr\/#\/schema\/logo\/image\/","url":"https:\/\/saiga.es\/wp-content\/uploads\/2025\/07\/logo_saiga_baseline_optimitzat.svg","contentUrl":"https:\/\/saiga.es\/wp-content\/uploads\/2025\/07\/logo_saiga_baseline_optimitzat.svg","caption":"SAIGA"},"image":{"@id":"https:\/\/saiga.es\/fr\/#\/schema\/logo\/image\/"},"sameAs":["https:\/\/x.com\/saiga_agro","https:\/\/www.instagram.com\/saiga_agro\/"]}]}},"_links":{"self":[{"href":"https:\/\/saiga.es\/fr\/wp-json\/wp\/v2\/product\/12462","targetHints":{"allow":["GET"]}}],"collection":[{"href":"https:\/\/saiga.es\/fr\/wp-json\/wp\/v2\/product"}],"about":[{"href":"https:\/\/saiga.es\/fr\/wp-json\/wp\/v2\/types\/product"}],"replies":[{"embeddable":true,"href":"https:\/\/saiga.es\/fr\/wp-json\/wp\/v2\/comments?post=12462"}],"wp:featuredmedia":[{"embeddable":true,"href":"https:\/\/saiga.es\/fr\/wp-json\/wp\/v2\/media\/12460"}],"wp:attachment":[{"href":"https:\/\/saiga.es\/fr\/wp-json\/wp\/v2\/media?parent=12462"}],"wp:term":[{"taxonomy":"product_brand","embeddable":true,"href":"https:\/\/saiga.es\/fr\/wp-json\/wp\/v2\/product_brand?post=12462"},{"taxonomy":"product_cat","embeddable":true,"href":"https:\/\/saiga.es\/fr\/wp-json\/wp\/v2\/product_cat?post=12462"},{"taxonomy":"product_tag","embeddable":true,"href":"https:\/\/saiga.es\/fr\/wp-json\/wp\/v2\/product_tag?post=12462"}],"curies":[{"name":"wp","href":"https:\/\/api.w.org\/{rel}","templated":true}]}}