{"id":12478,"date":"2024-11-05T11:41:36","date_gmt":"2024-11-05T11:41:36","guid":{"rendered":"https:\/\/botiga.saiga.es\/producte\/secateur-a-une-main-felco-5\/"},"modified":"2024-11-05T11:41:36","modified_gmt":"2024-11-05T11:41:36","slug":"secateur-a-une-main-felco-5","status":"publish","type":"product","link":"https:\/\/saiga.es\/fr\/produit\/secateur-a-une-main-felco-5\/","title":{"rendered":"S\u00e9cateur \u00e0 une main Felco 5"},"content":{"rendered":"<p>Le s\u00e9cateur manuel FELCO 5 est l&rsquo;outil indispensable pour tout jardinier recherchant qualit\u00e9, durabilit\u00e9 et pr\u00e9cision. Dot\u00e9 de lames en acier haute performance, ce s\u00e9cateur assure des coupes nettes et efficaces sur des branches jusqu&rsquo;\u00e0 25 mm. Sa conception ergonomique offre un grand confort, m\u00eame lors de travaux prolong\u00e9s, r\u00e9duisant ainsi la fatigue. Le FELCO 5 est durable et facile \u00e0 entretenir, id\u00e9al pour les t\u00e2ches de jardinage professionnelles et domestiques. Gr\u00e2ce \u00e0 sa fiabilit\u00e9 suisse et ses composants de haute qualit\u00e9, ce s\u00e9cateur devient l&rsquo;alli\u00e9 parfait pour une coupe pr\u00e9cise et durable. Parfait pour la taille de pr\u00e9cision des arbres et arbustes.     <\/p>\n","protected":false},"excerpt":{"rendered":"<p>Le s\u00e9cateur manuel FELCO 5 est l&rsquo;outil indispensable pour tout jardinier recherchant qualit\u00e9, durabilit\u00e9 et pr\u00e9cision.<\/p>\n","protected":false},"featured_media":12476,"comment_status":"closed","ping_status":"closed","template":"","meta":[],"product_brand":[],"product_cat":[442],"product_tag":[1719,1716,548],"class_list":{"0":"post-12478","1":"product","2":"type-product","3":"status-publish","4":"has-post-thumbnail","6":"product_cat-non-classe","7":"product_tag-felco-fr","8":"product_tag-secateurs","9":"product_tag-taille-fr","11":"first","12":"instock","13":"taxable","14":"shipping-taxable","15":"purchasable","16":"product-type-simple"},"yoast_head":"<!-- This site is optimized with the Yoast SEO plugin v27.3 - https:\/\/yoast.com\/product\/yoast-seo-wordpress\/ -->\n<title>S\u00e9cateur \u00e0 une main Felco 5 | SAIGA<\/title>\n<meta name=\"description\" content=\"Le s\u00e9cateur manuel FELCO 5 est l&#039;outil indispensable pour tout jardinier recherchant qualit\u00e9, durabilit\u00e9 et pr\u00e9cision.\" \/>\n<meta name=\"robots\" content=\"index, follow, max-snippet:-1, max-image-preview:large, max-video-preview:-1\" \/>\n<link rel=\"canonical\" href=\"https:\/\/saiga.es\/fr\/produit\/secateur-a-une-main-felco-5\/\" \/>\n<meta property=\"og:locale\" content=\"fr_FR\" \/>\n<meta property=\"og:type\" content=\"article\" \/>\n<meta property=\"og:title\" content=\"S\u00e9cateur \u00e0 une main Felco 5 | SAIGA\" \/>\n<meta property=\"og:description\" content=\"Le s\u00e9cateur manuel FELCO 5 est l&#039;outil indispensable pour tout jardinier recherchant qualit\u00e9, durabilit\u00e9 et pr\u00e9cision.\" \/>\n<meta property=\"og:url\" content=\"https:\/\/saiga.es\/fr\/produit\/secateur-a-une-main-felco-5\/\" \/>\n<meta property=\"og:site_name\" content=\"SAIGA\" \/>\n<meta property=\"og:image\" content=\"https:\/\/saiga.es\/wp-content\/uploads\/2024\/11\/Felco-5.jpg\" \/>\n\t<meta property=\"og:image:width\" content=\"1080\" \/>\n\t<meta property=\"og:image:height\" content=\"1080\" \/>\n\t<meta property=\"og:image:type\" content=\"image\/jpeg\" \/>\n<meta name=\"twitter:card\" content=\"summary_large_image\" \/>\n<meta name=\"twitter:site\" content=\"@saiga_agro\" \/>\n<meta name=\"twitter:label1\" content=\"Dur\u00e9e de lecture estim\u00e9e\" \/>\n\t<meta name=\"twitter:data1\" content=\"1 minute\" \/>\n<script type=\"application\/ld+json\" class=\"yoast-schema-graph\">{\"@context\":\"https:\\\/\\\/schema.org\",\"@graph\":[{\"@type\":\"WebPage\",\"@id\":\"https:\\\/\\\/saiga.es\\\/fr\\\/produit\\\/secateur-a-une-main-felco-5\\\/\",\"url\":\"https:\\\/\\\/saiga.es\\\/fr\\\/produit\\\/secateur-a-une-main-felco-5\\\/\",\"name\":\"S\u00e9cateur \u00e0 une main Felco 5 | SAIGA\",\"isPartOf\":{\"@id\":\"https:\\\/\\\/saiga.es\\\/fr\\\/#website\"},\"primaryImageOfPage\":{\"@id\":\"https:\\\/\\\/saiga.es\\\/fr\\\/produit\\\/secateur-a-une-main-felco-5\\\/#primaryimage\"},\"image\":{\"@id\":\"https:\\\/\\\/saiga.es\\\/fr\\\/produit\\\/secateur-a-une-main-felco-5\\\/#primaryimage\"},\"thumbnailUrl\":\"https:\\\/\\\/saiga.es\\\/wp-content\\\/uploads\\\/2024\\\/11\\\/Felco-5.jpg\",\"datePublished\":\"2024-11-05T11:41:36+00:00\",\"description\":\"Le s\u00e9cateur manuel FELCO 5 est l'outil indispensable pour tout jardinier recherchant qualit\u00e9, durabilit\u00e9 et pr\u00e9cision.\",\"breadcrumb\":{\"@id\":\"https:\\\/\\\/saiga.es\\\/fr\\\/produit\\\/secateur-a-une-main-felco-5\\\/#breadcrumb\"},\"inLanguage\":\"fr-FR\",\"potentialAction\":[{\"@type\":\"ReadAction\",\"target\":[\"https:\\\/\\\/saiga.es\\\/fr\\\/produit\\\/secateur-a-une-main-felco-5\\\/\"]}]},{\"@type\":\"ImageObject\",\"inLanguage\":\"fr-FR\",\"@id\":\"https:\\\/\\\/saiga.es\\\/fr\\\/produit\\\/secateur-a-une-main-felco-5\\\/#primaryimage\",\"url\":\"https:\\\/\\\/saiga.es\\\/wp-content\\\/uploads\\\/2024\\\/11\\\/Felco-5.jpg\",\"contentUrl\":\"https:\\\/\\\/saiga.es\\\/wp-content\\\/uploads\\\/2024\\\/11\\\/Felco-5.jpg\",\"width\":1080,\"height\":1080,\"caption\":\"S\u00e9cateur \u00e0 une main Felco 5\"},{\"@type\":\"BreadcrumbList\",\"@id\":\"https:\\\/\\\/saiga.es\\\/fr\\\/produit\\\/secateur-a-une-main-felco-5\\\/#breadcrumb\",\"itemListElement\":[{\"@type\":\"ListItem\",\"position\":1,\"name\":\"Inici\",\"item\":\"https:\\\/\\\/saiga.es\\\/fr\\\/\"},{\"@type\":\"ListItem\",\"position\":2,\"name\":\"boutique\",\"item\":\"https:\\\/\\\/saiga.es\\\/fr\\\/boutique\\\/\"},{\"@type\":\"ListItem\",\"position\":3,\"name\":\"S\u00e9cateur \u00e0 une main Felco 5\"}]},{\"@type\":\"WebSite\",\"@id\":\"https:\\\/\\\/saiga.es\\\/fr\\\/#website\",\"url\":\"https:\\\/\\\/saiga.es\\\/fr\\\/\",\"name\":\"SAIGA\",\"description\":\"M\u00e9s de 50 anys al servei de la terra i treballant per a un \u00fas eficient de l\u2019aigua!\",\"publisher\":{\"@id\":\"https:\\\/\\\/saiga.es\\\/fr\\\/#organization\"},\"potentialAction\":[{\"@type\":\"SearchAction\",\"target\":{\"@type\":\"EntryPoint\",\"urlTemplate\":\"https:\\\/\\\/saiga.es\\\/fr\\\/?s={search_term_string}\"},\"query-input\":{\"@type\":\"PropertyValueSpecification\",\"valueRequired\":true,\"valueName\":\"search_term_string\"}}],\"inLanguage\":\"fr-FR\"},{\"@type\":\"Organization\",\"@id\":\"https:\\\/\\\/saiga.es\\\/fr\\\/#organization\",\"name\":\"SAIGA\",\"url\":\"https:\\\/\\\/saiga.es\\\/fr\\\/\",\"logo\":{\"@type\":\"ImageObject\",\"inLanguage\":\"fr-FR\",\"@id\":\"https:\\\/\\\/saiga.es\\\/fr\\\/#\\\/schema\\\/logo\\\/image\\\/\",\"url\":\"https:\\\/\\\/saiga.es\\\/wp-content\\\/uploads\\\/2025\\\/07\\\/logo_saiga_baseline_optimitzat.svg\",\"contentUrl\":\"https:\\\/\\\/saiga.es\\\/wp-content\\\/uploads\\\/2025\\\/07\\\/logo_saiga_baseline_optimitzat.svg\",\"caption\":\"SAIGA\"},\"image\":{\"@id\":\"https:\\\/\\\/saiga.es\\\/fr\\\/#\\\/schema\\\/logo\\\/image\\\/\"},\"sameAs\":[\"https:\\\/\\\/x.com\\\/saiga_agro\",\"https:\\\/\\\/www.instagram.com\\\/saiga_agro\\\/\"]}]}<\/script>\n<!-- \/ Yoast SEO plugin. -->","yoast_head_json":{"title":"S\u00e9cateur \u00e0 une main Felco 5 | SAIGA","description":"Le s\u00e9cateur manuel FELCO 5 est l'outil indispensable pour tout jardinier recherchant qualit\u00e9, durabilit\u00e9 et pr\u00e9cision.","robots":{"index":"index","follow":"follow","max-snippet":"max-snippet:-1","max-image-preview":"max-image-preview:large","max-video-preview":"max-video-preview:-1"},"canonical":"https:\/\/saiga.es\/fr\/produit\/secateur-a-une-main-felco-5\/","og_locale":"fr_FR","og_type":"article","og_title":"S\u00e9cateur \u00e0 une main Felco 5 | SAIGA","og_description":"Le s\u00e9cateur manuel FELCO 5 est l'outil indispensable pour tout jardinier recherchant qualit\u00e9, durabilit\u00e9 et pr\u00e9cision.","og_url":"https:\/\/saiga.es\/fr\/produit\/secateur-a-une-main-felco-5\/","og_site_name":"SAIGA","og_image":[{"width":1080,"height":1080,"url":"https:\/\/saiga.es\/wp-content\/uploads\/2024\/11\/Felco-5.jpg","type":"image\/jpeg"}],"twitter_card":"summary_large_image","twitter_site":"@saiga_agro","twitter_misc":{"Dur\u00e9e de lecture estim\u00e9e":"1 minute"},"schema":{"@context":"https:\/\/schema.org","@graph":[{"@type":"WebPage","@id":"https:\/\/saiga.es\/fr\/produit\/secateur-a-une-main-felco-5\/","url":"https:\/\/saiga.es\/fr\/produit\/secateur-a-une-main-felco-5\/","name":"S\u00e9cateur \u00e0 une main Felco 5 | SAIGA","isPartOf":{"@id":"https:\/\/saiga.es\/fr\/#website"},"primaryImageOfPage":{"@id":"https:\/\/saiga.es\/fr\/produit\/secateur-a-une-main-felco-5\/#primaryimage"},"image":{"@id":"https:\/\/saiga.es\/fr\/produit\/secateur-a-une-main-felco-5\/#primaryimage"},"thumbnailUrl":"https:\/\/saiga.es\/wp-content\/uploads\/2024\/11\/Felco-5.jpg","datePublished":"2024-11-05T11:41:36+00:00","description":"Le s\u00e9cateur manuel FELCO 5 est l'outil indispensable pour tout jardinier recherchant qualit\u00e9, durabilit\u00e9 et pr\u00e9cision.","breadcrumb":{"@id":"https:\/\/saiga.es\/fr\/produit\/secateur-a-une-main-felco-5\/#breadcrumb"},"inLanguage":"fr-FR","potentialAction":[{"@type":"ReadAction","target":["https:\/\/saiga.es\/fr\/produit\/secateur-a-une-main-felco-5\/"]}]},{"@type":"ImageObject","inLanguage":"fr-FR","@id":"https:\/\/saiga.es\/fr\/produit\/secateur-a-une-main-felco-5\/#primaryimage","url":"https:\/\/saiga.es\/wp-content\/uploads\/2024\/11\/Felco-5.jpg","contentUrl":"https:\/\/saiga.es\/wp-content\/uploads\/2024\/11\/Felco-5.jpg","width":1080,"height":1080,"caption":"S\u00e9cateur \u00e0 une main Felco 5"},{"@type":"BreadcrumbList","@id":"https:\/\/saiga.es\/fr\/produit\/secateur-a-une-main-felco-5\/#breadcrumb","itemListElement":[{"@type":"ListItem","position":1,"name":"Inici","item":"https:\/\/saiga.es\/fr\/"},{"@type":"ListItem","position":2,"name":"boutique","item":"https:\/\/saiga.es\/fr\/boutique\/"},{"@type":"ListItem","position":3,"name":"S\u00e9cateur \u00e0 une main Felco 5"}]},{"@type":"WebSite","@id":"https:\/\/saiga.es\/fr\/#website","url":"https:\/\/saiga.es\/fr\/","name":"SAIGA","description":"M\u00e9s de 50 anys al servei de la terra i treballant per a un \u00fas eficient de l\u2019aigua!","publisher":{"@id":"https:\/\/saiga.es\/fr\/#organization"},"potentialAction":[{"@type":"SearchAction","target":{"@type":"EntryPoint","urlTemplate":"https:\/\/saiga.es\/fr\/?s={search_term_string}"},"query-input":{"@type":"PropertyValueSpecification","valueRequired":true,"valueName":"search_term_string"}}],"inLanguage":"fr-FR"},{"@type":"Organization","@id":"https:\/\/saiga.es\/fr\/#organization","name":"SAIGA","url":"https:\/\/saiga.es\/fr\/","logo":{"@type":"ImageObject","inLanguage":"fr-FR","@id":"https:\/\/saiga.es\/fr\/#\/schema\/logo\/image\/","url":"https:\/\/saiga.es\/wp-content\/uploads\/2025\/07\/logo_saiga_baseline_optimitzat.svg","contentUrl":"https:\/\/saiga.es\/wp-content\/uploads\/2025\/07\/logo_saiga_baseline_optimitzat.svg","caption":"SAIGA"},"image":{"@id":"https:\/\/saiga.es\/fr\/#\/schema\/logo\/image\/"},"sameAs":["https:\/\/x.com\/saiga_agro","https:\/\/www.instagram.com\/saiga_agro\/"]}]}},"_links":{"self":[{"href":"https:\/\/saiga.es\/fr\/wp-json\/wp\/v2\/product\/12478","targetHints":{"allow":["GET"]}}],"collection":[{"href":"https:\/\/saiga.es\/fr\/wp-json\/wp\/v2\/product"}],"about":[{"href":"https:\/\/saiga.es\/fr\/wp-json\/wp\/v2\/types\/product"}],"replies":[{"embeddable":true,"href":"https:\/\/saiga.es\/fr\/wp-json\/wp\/v2\/comments?post=12478"}],"wp:featuredmedia":[{"embeddable":true,"href":"https:\/\/saiga.es\/fr\/wp-json\/wp\/v2\/media\/12476"}],"wp:attachment":[{"href":"https:\/\/saiga.es\/fr\/wp-json\/wp\/v2\/media?parent=12478"}],"wp:term":[{"taxonomy":"product_brand","embeddable":true,"href":"https:\/\/saiga.es\/fr\/wp-json\/wp\/v2\/product_brand?post=12478"},{"taxonomy":"product_cat","embeddable":true,"href":"https:\/\/saiga.es\/fr\/wp-json\/wp\/v2\/product_cat?post=12478"},{"taxonomy":"product_tag","embeddable":true,"href":"https:\/\/saiga.es\/fr\/wp-json\/wp\/v2\/product_tag?post=12478"}],"curies":[{"name":"wp","href":"https:\/\/api.w.org\/{rel}","templated":true}]}}