{"id":12484,"date":"2024-11-05T12:09:47","date_gmt":"2024-11-05T12:09:47","guid":{"rendered":"https:\/\/botiga.saiga.es\/producte\/secateur-a-une-main-felco-6\/"},"modified":"2024-11-05T12:09:47","modified_gmt":"2024-11-05T12:09:47","slug":"secateur-a-une-main-felco-6","status":"publish","type":"product","link":"https:\/\/saiga.es\/fr\/produit\/secateur-a-une-main-felco-6\/","title":{"rendered":"S\u00e9cateur \u00e0 une main Felco 6"},"content":{"rendered":"<p>Le FELCO 6 est un s\u00e9cateur manuel con\u00e7u sp\u00e9cialement pour ceux qui recherchent une coupe pr\u00e9cise et ergonomique en jardinage et en viticulture. Ce s\u00e9cateur se distingue par sa l\u00e9g\u00e8ret\u00e9, id\u00e9ale pour les petites mains, garantissant confort et facilit\u00e9 d&rsquo;utilisation. Fabriqu\u00e9 avec des mat\u00e9riaux durables et r\u00e9sistants, il offre une longue dur\u00e9e de vie et des performances exceptionnelles. Le FELCO 6 est dot\u00e9 de lames de haute qualit\u00e9 qui assurent une coupe nette, r\u00e9duisant ainsi le risque d&rsquo;endommagement des plantes. Parfait pour un usage professionnel ou domestique, cet outil suisse est une valeur s\u00fbre pour ceux qui privil\u00e9gient l&rsquo;efficacit\u00e9 et la qualit\u00e9 dans l&rsquo;entretien de leur jardin ou de leur vignoble.    <\/p>\n","protected":false},"excerpt":{"rendered":"<p>Le FELCO 6 est un s\u00e9cateur manuel con\u00e7u sp\u00e9cialement pour ceux qui recherchent une coupe pr\u00e9cise et ergonomique en jardinage et en viticulture.<\/p>\n","protected":false},"featured_media":12482,"comment_status":"closed","ping_status":"closed","template":"","meta":[],"product_brand":[],"product_cat":[442],"product_tag":[1719,851,1722],"class_list":{"0":"post-12484","1":"product","2":"type-product","3":"status-publish","4":"has-post-thumbnail","6":"product_cat-non-classe","7":"product_tag-felco-fr","8":"product_tag-secateur-fr","9":"product_tag-secateur-a-une-main","11":"first","12":"instock","13":"taxable","14":"shipping-taxable","15":"purchasable","16":"product-type-simple"},"yoast_head":"<!-- This site is optimized with the Yoast SEO plugin v27.4 - https:\/\/yoast.com\/product\/yoast-seo-wordpress\/ -->\n<title>S\u00e9cateur \u00e0 une main Felco 6 | SAIGA<\/title>\n<meta name=\"description\" content=\"Le FELCO 6 est un s\u00e9cateur manuel con\u00e7u sp\u00e9cialement pour ceux qui recherchent une coupe pr\u00e9cise et ergonomique en jardinage et en viticulture.\" \/>\n<meta name=\"robots\" content=\"index, follow, max-snippet:-1, max-image-preview:large, max-video-preview:-1\" \/>\n<link rel=\"canonical\" href=\"https:\/\/saiga.es\/fr\/produit\/secateur-a-une-main-felco-6\/\" \/>\n<meta property=\"og:locale\" content=\"fr_FR\" \/>\n<meta property=\"og:type\" content=\"article\" \/>\n<meta property=\"og:title\" content=\"S\u00e9cateur \u00e0 une main Felco 6 | SAIGA\" \/>\n<meta property=\"og:description\" content=\"Le FELCO 6 est un s\u00e9cateur manuel con\u00e7u sp\u00e9cialement pour ceux qui recherchent une coupe pr\u00e9cise et ergonomique en jardinage et en viticulture.\" \/>\n<meta property=\"og:url\" content=\"https:\/\/saiga.es\/fr\/produit\/secateur-a-une-main-felco-6\/\" \/>\n<meta property=\"og:site_name\" content=\"SAIGA\" \/>\n<meta property=\"og:image\" content=\"https:\/\/saiga.es\/wp-content\/uploads\/2024\/11\/Felco-6.jpg\" \/>\n\t<meta property=\"og:image:width\" content=\"1080\" \/>\n\t<meta property=\"og:image:height\" content=\"1080\" \/>\n\t<meta property=\"og:image:type\" content=\"image\/jpeg\" \/>\n<meta name=\"twitter:card\" content=\"summary_large_image\" \/>\n<meta name=\"twitter:site\" content=\"@saiga_agro\" \/>\n<meta name=\"twitter:label1\" content=\"Dur\u00e9e de lecture estim\u00e9e\" \/>\n\t<meta name=\"twitter:data1\" content=\"1 minute\" \/>\n<script type=\"application\/ld+json\" class=\"yoast-schema-graph\">{\"@context\":\"https:\\\/\\\/schema.org\",\"@graph\":[{\"@type\":\"WebPage\",\"@id\":\"https:\\\/\\\/saiga.es\\\/fr\\\/produit\\\/secateur-a-une-main-felco-6\\\/\",\"url\":\"https:\\\/\\\/saiga.es\\\/fr\\\/produit\\\/secateur-a-une-main-felco-6\\\/\",\"name\":\"S\u00e9cateur \u00e0 une main Felco 6 | SAIGA\",\"isPartOf\":{\"@id\":\"https:\\\/\\\/saiga.es\\\/fr\\\/#website\"},\"primaryImageOfPage\":{\"@id\":\"https:\\\/\\\/saiga.es\\\/fr\\\/produit\\\/secateur-a-une-main-felco-6\\\/#primaryimage\"},\"image\":{\"@id\":\"https:\\\/\\\/saiga.es\\\/fr\\\/produit\\\/secateur-a-une-main-felco-6\\\/#primaryimage\"},\"thumbnailUrl\":\"https:\\\/\\\/saiga.es\\\/wp-content\\\/uploads\\\/2024\\\/11\\\/Felco-6.jpg\",\"datePublished\":\"2024-11-05T12:09:47+00:00\",\"description\":\"Le FELCO 6 est un s\u00e9cateur manuel con\u00e7u sp\u00e9cialement pour ceux qui recherchent une coupe pr\u00e9cise et ergonomique en jardinage et en viticulture.\",\"breadcrumb\":{\"@id\":\"https:\\\/\\\/saiga.es\\\/fr\\\/produit\\\/secateur-a-une-main-felco-6\\\/#breadcrumb\"},\"inLanguage\":\"fr-FR\",\"potentialAction\":[{\"@type\":\"ReadAction\",\"target\":[\"https:\\\/\\\/saiga.es\\\/fr\\\/produit\\\/secateur-a-une-main-felco-6\\\/\"]}]},{\"@type\":\"ImageObject\",\"inLanguage\":\"fr-FR\",\"@id\":\"https:\\\/\\\/saiga.es\\\/fr\\\/produit\\\/secateur-a-une-main-felco-6\\\/#primaryimage\",\"url\":\"https:\\\/\\\/saiga.es\\\/wp-content\\\/uploads\\\/2024\\\/11\\\/Felco-6.jpg\",\"contentUrl\":\"https:\\\/\\\/saiga.es\\\/wp-content\\\/uploads\\\/2024\\\/11\\\/Felco-6.jpg\",\"width\":1080,\"height\":1080,\"caption\":\"s\u00e9cateur \u00e0 une main Felco\"},{\"@type\":\"BreadcrumbList\",\"@id\":\"https:\\\/\\\/saiga.es\\\/fr\\\/produit\\\/secateur-a-une-main-felco-6\\\/#breadcrumb\",\"itemListElement\":[{\"@type\":\"ListItem\",\"position\":1,\"name\":\"Inici\",\"item\":\"https:\\\/\\\/saiga.es\\\/fr\\\/\"},{\"@type\":\"ListItem\",\"position\":2,\"name\":\"boutique\",\"item\":\"https:\\\/\\\/saiga.es\\\/fr\\\/boutique\\\/\"},{\"@type\":\"ListItem\",\"position\":3,\"name\":\"S\u00e9cateur \u00e0 une main Felco 6\"}]},{\"@type\":\"WebSite\",\"@id\":\"https:\\\/\\\/saiga.es\\\/fr\\\/#website\",\"url\":\"https:\\\/\\\/saiga.es\\\/fr\\\/\",\"name\":\"SAIGA\",\"description\":\"M\u00e9s de 50 anys al servei de la terra i treballant per a un \u00fas eficient de l\u2019aigua!\",\"publisher\":{\"@id\":\"https:\\\/\\\/saiga.es\\\/fr\\\/#organization\"},\"potentialAction\":[{\"@type\":\"SearchAction\",\"target\":{\"@type\":\"EntryPoint\",\"urlTemplate\":\"https:\\\/\\\/saiga.es\\\/fr\\\/?s={search_term_string}\"},\"query-input\":{\"@type\":\"PropertyValueSpecification\",\"valueRequired\":true,\"valueName\":\"search_term_string\"}}],\"inLanguage\":\"fr-FR\"},{\"@type\":\"Organization\",\"@id\":\"https:\\\/\\\/saiga.es\\\/fr\\\/#organization\",\"name\":\"SAIGA\",\"url\":\"https:\\\/\\\/saiga.es\\\/fr\\\/\",\"logo\":{\"@type\":\"ImageObject\",\"inLanguage\":\"fr-FR\",\"@id\":\"https:\\\/\\\/saiga.es\\\/fr\\\/#\\\/schema\\\/logo\\\/image\\\/\",\"url\":\"https:\\\/\\\/saiga.es\\\/wp-content\\\/uploads\\\/2025\\\/07\\\/logo_saiga_baseline_optimitzat.svg\",\"contentUrl\":\"https:\\\/\\\/saiga.es\\\/wp-content\\\/uploads\\\/2025\\\/07\\\/logo_saiga_baseline_optimitzat.svg\",\"caption\":\"SAIGA\"},\"image\":{\"@id\":\"https:\\\/\\\/saiga.es\\\/fr\\\/#\\\/schema\\\/logo\\\/image\\\/\"},\"sameAs\":[\"https:\\\/\\\/x.com\\\/saiga_agro\",\"https:\\\/\\\/www.instagram.com\\\/saiga_agro\\\/\"]}]}<\/script>\n<!-- \/ Yoast SEO plugin. -->","yoast_head_json":{"title":"S\u00e9cateur \u00e0 une main Felco 6 | SAIGA","description":"Le FELCO 6 est un s\u00e9cateur manuel con\u00e7u sp\u00e9cialement pour ceux qui recherchent une coupe pr\u00e9cise et ergonomique en jardinage et en viticulture.","robots":{"index":"index","follow":"follow","max-snippet":"max-snippet:-1","max-image-preview":"max-image-preview:large","max-video-preview":"max-video-preview:-1"},"canonical":"https:\/\/saiga.es\/fr\/produit\/secateur-a-une-main-felco-6\/","og_locale":"fr_FR","og_type":"article","og_title":"S\u00e9cateur \u00e0 une main Felco 6 | SAIGA","og_description":"Le FELCO 6 est un s\u00e9cateur manuel con\u00e7u sp\u00e9cialement pour ceux qui recherchent une coupe pr\u00e9cise et ergonomique en jardinage et en viticulture.","og_url":"https:\/\/saiga.es\/fr\/produit\/secateur-a-une-main-felco-6\/","og_site_name":"SAIGA","og_image":[{"width":1080,"height":1080,"url":"https:\/\/saiga.es\/wp-content\/uploads\/2024\/11\/Felco-6.jpg","type":"image\/jpeg"}],"twitter_card":"summary_large_image","twitter_site":"@saiga_agro","twitter_misc":{"Dur\u00e9e de lecture estim\u00e9e":"1 minute"},"schema":{"@context":"https:\/\/schema.org","@graph":[{"@type":"WebPage","@id":"https:\/\/saiga.es\/fr\/produit\/secateur-a-une-main-felco-6\/","url":"https:\/\/saiga.es\/fr\/produit\/secateur-a-une-main-felco-6\/","name":"S\u00e9cateur \u00e0 une main Felco 6 | SAIGA","isPartOf":{"@id":"https:\/\/saiga.es\/fr\/#website"},"primaryImageOfPage":{"@id":"https:\/\/saiga.es\/fr\/produit\/secateur-a-une-main-felco-6\/#primaryimage"},"image":{"@id":"https:\/\/saiga.es\/fr\/produit\/secateur-a-une-main-felco-6\/#primaryimage"},"thumbnailUrl":"https:\/\/saiga.es\/wp-content\/uploads\/2024\/11\/Felco-6.jpg","datePublished":"2024-11-05T12:09:47+00:00","description":"Le FELCO 6 est un s\u00e9cateur manuel con\u00e7u sp\u00e9cialement pour ceux qui recherchent une coupe pr\u00e9cise et ergonomique en jardinage et en viticulture.","breadcrumb":{"@id":"https:\/\/saiga.es\/fr\/produit\/secateur-a-une-main-felco-6\/#breadcrumb"},"inLanguage":"fr-FR","potentialAction":[{"@type":"ReadAction","target":["https:\/\/saiga.es\/fr\/produit\/secateur-a-une-main-felco-6\/"]}]},{"@type":"ImageObject","inLanguage":"fr-FR","@id":"https:\/\/saiga.es\/fr\/produit\/secateur-a-une-main-felco-6\/#primaryimage","url":"https:\/\/saiga.es\/wp-content\/uploads\/2024\/11\/Felco-6.jpg","contentUrl":"https:\/\/saiga.es\/wp-content\/uploads\/2024\/11\/Felco-6.jpg","width":1080,"height":1080,"caption":"s\u00e9cateur \u00e0 une main Felco"},{"@type":"BreadcrumbList","@id":"https:\/\/saiga.es\/fr\/produit\/secateur-a-une-main-felco-6\/#breadcrumb","itemListElement":[{"@type":"ListItem","position":1,"name":"Inici","item":"https:\/\/saiga.es\/fr\/"},{"@type":"ListItem","position":2,"name":"boutique","item":"https:\/\/saiga.es\/fr\/boutique\/"},{"@type":"ListItem","position":3,"name":"S\u00e9cateur \u00e0 une main Felco 6"}]},{"@type":"WebSite","@id":"https:\/\/saiga.es\/fr\/#website","url":"https:\/\/saiga.es\/fr\/","name":"SAIGA","description":"M\u00e9s de 50 anys al servei de la terra i treballant per a un \u00fas eficient de l\u2019aigua!","publisher":{"@id":"https:\/\/saiga.es\/fr\/#organization"},"potentialAction":[{"@type":"SearchAction","target":{"@type":"EntryPoint","urlTemplate":"https:\/\/saiga.es\/fr\/?s={search_term_string}"},"query-input":{"@type":"PropertyValueSpecification","valueRequired":true,"valueName":"search_term_string"}}],"inLanguage":"fr-FR"},{"@type":"Organization","@id":"https:\/\/saiga.es\/fr\/#organization","name":"SAIGA","url":"https:\/\/saiga.es\/fr\/","logo":{"@type":"ImageObject","inLanguage":"fr-FR","@id":"https:\/\/saiga.es\/fr\/#\/schema\/logo\/image\/","url":"https:\/\/saiga.es\/wp-content\/uploads\/2025\/07\/logo_saiga_baseline_optimitzat.svg","contentUrl":"https:\/\/saiga.es\/wp-content\/uploads\/2025\/07\/logo_saiga_baseline_optimitzat.svg","caption":"SAIGA"},"image":{"@id":"https:\/\/saiga.es\/fr\/#\/schema\/logo\/image\/"},"sameAs":["https:\/\/x.com\/saiga_agro","https:\/\/www.instagram.com\/saiga_agro\/"]}]}},"_links":{"self":[{"href":"https:\/\/saiga.es\/fr\/wp-json\/wp\/v2\/product\/12484","targetHints":{"allow":["GET"]}}],"collection":[{"href":"https:\/\/saiga.es\/fr\/wp-json\/wp\/v2\/product"}],"about":[{"href":"https:\/\/saiga.es\/fr\/wp-json\/wp\/v2\/types\/product"}],"replies":[{"embeddable":true,"href":"https:\/\/saiga.es\/fr\/wp-json\/wp\/v2\/comments?post=12484"}],"wp:featuredmedia":[{"embeddable":true,"href":"https:\/\/saiga.es\/fr\/wp-json\/wp\/v2\/media\/12482"}],"wp:attachment":[{"href":"https:\/\/saiga.es\/fr\/wp-json\/wp\/v2\/media?parent=12484"}],"wp:term":[{"taxonomy":"product_brand","embeddable":true,"href":"https:\/\/saiga.es\/fr\/wp-json\/wp\/v2\/product_brand?post=12484"},{"taxonomy":"product_cat","embeddable":true,"href":"https:\/\/saiga.es\/fr\/wp-json\/wp\/v2\/product_cat?post=12484"},{"taxonomy":"product_tag","embeddable":true,"href":"https:\/\/saiga.es\/fr\/wp-json\/wp\/v2\/product_tag?post=12484"}],"curies":[{"name":"wp","href":"https:\/\/api.w.org\/{rel}","templated":true}]}}