{"id":12525,"date":"2024-11-14T11:05:51","date_gmt":"2024-11-14T11:05:51","guid":{"rendered":"https:\/\/botiga.saiga.es\/producte\/couteau-pliant-c-180-kamikaze-lame-courbee\/"},"modified":"2024-11-14T11:05:51","modified_gmt":"2024-11-14T11:05:51","slug":"couteau-pliant-c-180-kamikaze-lame-courbee","status":"publish","type":"product","link":"https:\/\/saiga.es\/fr\/produit\/couteau-pliant-c-180-kamikaze-lame-courbee\/","title":{"rendered":"Couteau pliant C-180 Kamikaze lame courb\u00e9e"},"content":{"rendered":"<p>Couteau pliant \u00e0 lame courb\u00e9e de 180 mm. Sa lame est aff\u00fbt\u00e9e avec des dents du syst\u00e8me japonais, ce qui permet une coupe par traction, r\u00e9duisant l&rsquo;effort et \u00e9vitant la torsion. L&rsquo;aff\u00fbtage \u00ab Hollow Ground \u00bb et la lame conique assurent une coupe douce et sans blocage. Avec des dents durcies par impulsion, le bavardage offre une longue dur\u00e9e de vie. Fabriqu\u00e9 en acier SK-4 \u00e0 haute teneur en carbone, avec des lames chrom\u00e9es qui emp\u00eachent la corrosion et facilitent le nettoyage. Il poss\u00e8de une poign\u00e9e ergonomique en plastique avec du caoutchouc et est facile \u00e0 plier et \u00e0 ranger. Comprend des lames de rechange disponibles.      <\/p>\n","protected":false},"excerpt":{"rendered":"<p>Couteau pliant \u00e0 lame courb\u00e9e de 180 mm. Sa lame est aff\u00fbt\u00e9e avec des dents du syst\u00e8me japonais, ce qui permet une coupe par traction, r\u00e9duisant l&rsquo;effort et \u00e9vitant la torsion. L&rsquo;aff\u00fbtage \u00ab Hollow Ground \u00bb et la lame conique assurent une coupe douce et sans blocage. Avec des dents durcies par impulsion, le bavardage offre une longue dur\u00e9e de vie. Fabriqu\u00e9 en acier SK-4 \u00e0 haute teneur en carbone, avec des lames chrom\u00e9es qui emp\u00eachent la corrosion et facilitent le nettoyage. Il poss\u00e8de une poign\u00e9e ergonomique en plastique avec du caoutchouc et est facile \u00e0 plier et \u00e0 ranger. Comprend des lames de rechange disponibles.      <\/p>\n","protected":false},"featured_media":12520,"comment_status":"closed","ping_status":"closed","template":"","meta":[],"product_brand":[],"product_cat":[437],"product_tag":[1713,539],"class_list":{"0":"post-12525","1":"product","2":"type-product","3":"status-publish","4":"has-post-thumbnail","6":"product_cat-scies","7":"product_tag-kamikaze-fr","8":"product_tag-scie","10":"first","11":"instock","12":"taxable","13":"shipping-taxable","14":"purchasable","15":"product-type-simple"},"yoast_head":"<!-- This site is optimized with the Yoast SEO plugin v27.4 - https:\/\/yoast.com\/product\/yoast-seo-wordpress\/ -->\n<title>Couteau pliant C-180 Kamikaze lame courb\u00e9e | SAIGA<\/title>\n<meta name=\"description\" content=\"Couteau pliant \u00e0 lame courb\u00e9e de 180 mm. Sa lame est aff\u00fbt\u00e9e avec des dents du syst\u00e8me japonais, ce qui permet une coupe par traction, r\u00e9duisant l&#039;effort et \u00e9vitant la torsion.\" \/>\n<meta name=\"robots\" content=\"index, follow, max-snippet:-1, max-image-preview:large, max-video-preview:-1\" \/>\n<link rel=\"canonical\" href=\"https:\/\/saiga.es\/fr\/produit\/couteau-pliant-c-180-kamikaze-lame-courbee\/\" \/>\n<meta property=\"og:locale\" content=\"fr_FR\" \/>\n<meta property=\"og:type\" content=\"article\" \/>\n<meta property=\"og:title\" content=\"Couteau pliant C-180 Kamikaze lame courb\u00e9e | SAIGA\" \/>\n<meta property=\"og:description\" content=\"Couteau pliant \u00e0 lame courb\u00e9e de 180 mm. Sa lame est aff\u00fbt\u00e9e avec des dents du syst\u00e8me japonais, ce qui permet une coupe par traction, r\u00e9duisant l&#039;effort et \u00e9vitant la torsion.\" \/>\n<meta property=\"og:url\" content=\"https:\/\/saiga.es\/fr\/produit\/couteau-pliant-c-180-kamikaze-lame-courbee\/\" \/>\n<meta property=\"og:site_name\" content=\"SAIGA\" \/>\n<meta property=\"og:image\" content=\"https:\/\/saiga.es\/wp-content\/uploads\/2024\/11\/Xerrac-C-180H.webp\" \/>\n\t<meta property=\"og:image:width\" content=\"555\" \/>\n\t<meta property=\"og:image:height\" content=\"555\" \/>\n\t<meta property=\"og:image:type\" content=\"image\/webp\" \/>\n<meta name=\"twitter:card\" content=\"summary_large_image\" \/>\n<meta name=\"twitter:site\" content=\"@saiga_agro\" \/>\n<meta name=\"twitter:label1\" content=\"Dur\u00e9e de lecture estim\u00e9e\" \/>\n\t<meta name=\"twitter:data1\" content=\"1 minute\" \/>\n<script type=\"application\/ld+json\" class=\"yoast-schema-graph\">{\"@context\":\"https:\\\/\\\/schema.org\",\"@graph\":[{\"@type\":\"WebPage\",\"@id\":\"https:\\\/\\\/saiga.es\\\/fr\\\/produit\\\/couteau-pliant-c-180-kamikaze-lame-courbee\\\/\",\"url\":\"https:\\\/\\\/saiga.es\\\/fr\\\/produit\\\/couteau-pliant-c-180-kamikaze-lame-courbee\\\/\",\"name\":\"Couteau pliant C-180 Kamikaze lame courb\u00e9e | SAIGA\",\"isPartOf\":{\"@id\":\"https:\\\/\\\/saiga.es\\\/fr\\\/#website\"},\"primaryImageOfPage\":{\"@id\":\"https:\\\/\\\/saiga.es\\\/fr\\\/produit\\\/couteau-pliant-c-180-kamikaze-lame-courbee\\\/#primaryimage\"},\"image\":{\"@id\":\"https:\\\/\\\/saiga.es\\\/fr\\\/produit\\\/couteau-pliant-c-180-kamikaze-lame-courbee\\\/#primaryimage\"},\"thumbnailUrl\":\"https:\\\/\\\/saiga.es\\\/wp-content\\\/uploads\\\/2024\\\/11\\\/Xerrac-C-180H.webp\",\"datePublished\":\"2024-11-14T11:05:51+00:00\",\"description\":\"Couteau pliant \u00e0 lame courb\u00e9e de 180 mm. Sa lame est aff\u00fbt\u00e9e avec des dents du syst\u00e8me japonais, ce qui permet une coupe par traction, r\u00e9duisant l'effort et \u00e9vitant la torsion.\",\"breadcrumb\":{\"@id\":\"https:\\\/\\\/saiga.es\\\/fr\\\/produit\\\/couteau-pliant-c-180-kamikaze-lame-courbee\\\/#breadcrumb\"},\"inLanguage\":\"fr-FR\",\"potentialAction\":[{\"@type\":\"ReadAction\",\"target\":[\"https:\\\/\\\/saiga.es\\\/fr\\\/produit\\\/couteau-pliant-c-180-kamikaze-lame-courbee\\\/\"]}]},{\"@type\":\"ImageObject\",\"inLanguage\":\"fr-FR\",\"@id\":\"https:\\\/\\\/saiga.es\\\/fr\\\/produit\\\/couteau-pliant-c-180-kamikaze-lame-courbee\\\/#primaryimage\",\"url\":\"https:\\\/\\\/saiga.es\\\/wp-content\\\/uploads\\\/2024\\\/11\\\/Xerrac-C-180H.webp\",\"contentUrl\":\"https:\\\/\\\/saiga.es\\\/wp-content\\\/uploads\\\/2024\\\/11\\\/Xerrac-C-180H.webp\",\"width\":555,\"height\":555,\"caption\":\"Couteau C-180H\"},{\"@type\":\"BreadcrumbList\",\"@id\":\"https:\\\/\\\/saiga.es\\\/fr\\\/produit\\\/couteau-pliant-c-180-kamikaze-lame-courbee\\\/#breadcrumb\",\"itemListElement\":[{\"@type\":\"ListItem\",\"position\":1,\"name\":\"Inici\",\"item\":\"https:\\\/\\\/saiga.es\\\/fr\\\/\"},{\"@type\":\"ListItem\",\"position\":2,\"name\":\"boutique\",\"item\":\"https:\\\/\\\/saiga.es\\\/fr\\\/boutique\\\/\"},{\"@type\":\"ListItem\",\"position\":3,\"name\":\"Couteau pliant C-180 Kamikaze lame courb\u00e9e\"}]},{\"@type\":\"WebSite\",\"@id\":\"https:\\\/\\\/saiga.es\\\/fr\\\/#website\",\"url\":\"https:\\\/\\\/saiga.es\\\/fr\\\/\",\"name\":\"SAIGA\",\"description\":\"M\u00e9s de 50 anys al servei de la terra i treballant per a un \u00fas eficient de l\u2019aigua!\",\"publisher\":{\"@id\":\"https:\\\/\\\/saiga.es\\\/fr\\\/#organization\"},\"potentialAction\":[{\"@type\":\"SearchAction\",\"target\":{\"@type\":\"EntryPoint\",\"urlTemplate\":\"https:\\\/\\\/saiga.es\\\/fr\\\/?s={search_term_string}\"},\"query-input\":{\"@type\":\"PropertyValueSpecification\",\"valueRequired\":true,\"valueName\":\"search_term_string\"}}],\"inLanguage\":\"fr-FR\"},{\"@type\":\"Organization\",\"@id\":\"https:\\\/\\\/saiga.es\\\/fr\\\/#organization\",\"name\":\"SAIGA\",\"url\":\"https:\\\/\\\/saiga.es\\\/fr\\\/\",\"logo\":{\"@type\":\"ImageObject\",\"inLanguage\":\"fr-FR\",\"@id\":\"https:\\\/\\\/saiga.es\\\/fr\\\/#\\\/schema\\\/logo\\\/image\\\/\",\"url\":\"https:\\\/\\\/saiga.es\\\/wp-content\\\/uploads\\\/2025\\\/07\\\/logo_saiga_baseline_optimitzat.svg\",\"contentUrl\":\"https:\\\/\\\/saiga.es\\\/wp-content\\\/uploads\\\/2025\\\/07\\\/logo_saiga_baseline_optimitzat.svg\",\"caption\":\"SAIGA\"},\"image\":{\"@id\":\"https:\\\/\\\/saiga.es\\\/fr\\\/#\\\/schema\\\/logo\\\/image\\\/\"},\"sameAs\":[\"https:\\\/\\\/x.com\\\/saiga_agro\",\"https:\\\/\\\/www.instagram.com\\\/saiga_agro\\\/\"]}]}<\/script>\n<!-- \/ Yoast SEO plugin. -->","yoast_head_json":{"title":"Couteau pliant C-180 Kamikaze lame courb\u00e9e | SAIGA","description":"Couteau pliant \u00e0 lame courb\u00e9e de 180 mm. Sa lame est aff\u00fbt\u00e9e avec des dents du syst\u00e8me japonais, ce qui permet une coupe par traction, r\u00e9duisant l'effort et \u00e9vitant la torsion.","robots":{"index":"index","follow":"follow","max-snippet":"max-snippet:-1","max-image-preview":"max-image-preview:large","max-video-preview":"max-video-preview:-1"},"canonical":"https:\/\/saiga.es\/fr\/produit\/couteau-pliant-c-180-kamikaze-lame-courbee\/","og_locale":"fr_FR","og_type":"article","og_title":"Couteau pliant C-180 Kamikaze lame courb\u00e9e | SAIGA","og_description":"Couteau pliant \u00e0 lame courb\u00e9e de 180 mm. Sa lame est aff\u00fbt\u00e9e avec des dents du syst\u00e8me japonais, ce qui permet une coupe par traction, r\u00e9duisant l'effort et \u00e9vitant la torsion.","og_url":"https:\/\/saiga.es\/fr\/produit\/couteau-pliant-c-180-kamikaze-lame-courbee\/","og_site_name":"SAIGA","og_image":[{"width":555,"height":555,"url":"https:\/\/saiga.es\/wp-content\/uploads\/2024\/11\/Xerrac-C-180H.webp","type":"image\/webp"}],"twitter_card":"summary_large_image","twitter_site":"@saiga_agro","twitter_misc":{"Dur\u00e9e de lecture estim\u00e9e":"1 minute"},"schema":{"@context":"https:\/\/schema.org","@graph":[{"@type":"WebPage","@id":"https:\/\/saiga.es\/fr\/produit\/couteau-pliant-c-180-kamikaze-lame-courbee\/","url":"https:\/\/saiga.es\/fr\/produit\/couteau-pliant-c-180-kamikaze-lame-courbee\/","name":"Couteau pliant C-180 Kamikaze lame courb\u00e9e | SAIGA","isPartOf":{"@id":"https:\/\/saiga.es\/fr\/#website"},"primaryImageOfPage":{"@id":"https:\/\/saiga.es\/fr\/produit\/couteau-pliant-c-180-kamikaze-lame-courbee\/#primaryimage"},"image":{"@id":"https:\/\/saiga.es\/fr\/produit\/couteau-pliant-c-180-kamikaze-lame-courbee\/#primaryimage"},"thumbnailUrl":"https:\/\/saiga.es\/wp-content\/uploads\/2024\/11\/Xerrac-C-180H.webp","datePublished":"2024-11-14T11:05:51+00:00","description":"Couteau pliant \u00e0 lame courb\u00e9e de 180 mm. Sa lame est aff\u00fbt\u00e9e avec des dents du syst\u00e8me japonais, ce qui permet une coupe par traction, r\u00e9duisant l'effort et \u00e9vitant la torsion.","breadcrumb":{"@id":"https:\/\/saiga.es\/fr\/produit\/couteau-pliant-c-180-kamikaze-lame-courbee\/#breadcrumb"},"inLanguage":"fr-FR","potentialAction":[{"@type":"ReadAction","target":["https:\/\/saiga.es\/fr\/produit\/couteau-pliant-c-180-kamikaze-lame-courbee\/"]}]},{"@type":"ImageObject","inLanguage":"fr-FR","@id":"https:\/\/saiga.es\/fr\/produit\/couteau-pliant-c-180-kamikaze-lame-courbee\/#primaryimage","url":"https:\/\/saiga.es\/wp-content\/uploads\/2024\/11\/Xerrac-C-180H.webp","contentUrl":"https:\/\/saiga.es\/wp-content\/uploads\/2024\/11\/Xerrac-C-180H.webp","width":555,"height":555,"caption":"Couteau C-180H"},{"@type":"BreadcrumbList","@id":"https:\/\/saiga.es\/fr\/produit\/couteau-pliant-c-180-kamikaze-lame-courbee\/#breadcrumb","itemListElement":[{"@type":"ListItem","position":1,"name":"Inici","item":"https:\/\/saiga.es\/fr\/"},{"@type":"ListItem","position":2,"name":"boutique","item":"https:\/\/saiga.es\/fr\/boutique\/"},{"@type":"ListItem","position":3,"name":"Couteau pliant C-180 Kamikaze lame courb\u00e9e"}]},{"@type":"WebSite","@id":"https:\/\/saiga.es\/fr\/#website","url":"https:\/\/saiga.es\/fr\/","name":"SAIGA","description":"M\u00e9s de 50 anys al servei de la terra i treballant per a un \u00fas eficient de l\u2019aigua!","publisher":{"@id":"https:\/\/saiga.es\/fr\/#organization"},"potentialAction":[{"@type":"SearchAction","target":{"@type":"EntryPoint","urlTemplate":"https:\/\/saiga.es\/fr\/?s={search_term_string}"},"query-input":{"@type":"PropertyValueSpecification","valueRequired":true,"valueName":"search_term_string"}}],"inLanguage":"fr-FR"},{"@type":"Organization","@id":"https:\/\/saiga.es\/fr\/#organization","name":"SAIGA","url":"https:\/\/saiga.es\/fr\/","logo":{"@type":"ImageObject","inLanguage":"fr-FR","@id":"https:\/\/saiga.es\/fr\/#\/schema\/logo\/image\/","url":"https:\/\/saiga.es\/wp-content\/uploads\/2025\/07\/logo_saiga_baseline_optimitzat.svg","contentUrl":"https:\/\/saiga.es\/wp-content\/uploads\/2025\/07\/logo_saiga_baseline_optimitzat.svg","caption":"SAIGA"},"image":{"@id":"https:\/\/saiga.es\/fr\/#\/schema\/logo\/image\/"},"sameAs":["https:\/\/x.com\/saiga_agro","https:\/\/www.instagram.com\/saiga_agro\/"]}]}},"_links":{"self":[{"href":"https:\/\/saiga.es\/fr\/wp-json\/wp\/v2\/product\/12525","targetHints":{"allow":["GET"]}}],"collection":[{"href":"https:\/\/saiga.es\/fr\/wp-json\/wp\/v2\/product"}],"about":[{"href":"https:\/\/saiga.es\/fr\/wp-json\/wp\/v2\/types\/product"}],"replies":[{"embeddable":true,"href":"https:\/\/saiga.es\/fr\/wp-json\/wp\/v2\/comments?post=12525"}],"wp:featuredmedia":[{"embeddable":true,"href":"https:\/\/saiga.es\/fr\/wp-json\/wp\/v2\/media\/12520"}],"wp:attachment":[{"href":"https:\/\/saiga.es\/fr\/wp-json\/wp\/v2\/media?parent=12525"}],"wp:term":[{"taxonomy":"product_brand","embeddable":true,"href":"https:\/\/saiga.es\/fr\/wp-json\/wp\/v2\/product_brand?post=12525"},{"taxonomy":"product_cat","embeddable":true,"href":"https:\/\/saiga.es\/fr\/wp-json\/wp\/v2\/product_cat?post=12525"},{"taxonomy":"product_tag","embeddable":true,"href":"https:\/\/saiga.es\/fr\/wp-json\/wp\/v2\/product_tag?post=12525"}],"curies":[{"name":"wp","href":"https:\/\/api.w.org\/{rel}","templated":true}]}}