{"id":13061,"date":"2024-10-24T07:15:50","date_gmt":"2024-10-24T07:15:50","guid":{"rendered":"https:\/\/botiga.saiga.es\/producte\/ecofire-home-1l\/"},"modified":"2025-10-24T14:54:01","modified_gmt":"2025-10-24T14:54:01","slug":"ecofire-home-1l","status":"publish","type":"product","link":"https:\/\/saiga.es\/fr\/produit\/ecofire-home-1l\/","title":{"rendered":"Ecofire home 1L"},"content":{"rendered":"<p>Ecofire home 1L ECOFIRE \u00e9s una soluci\u00f3 de productes naturals en aigua, creada per extingir i prevenir incendis. \u00c9s fins a 30 o 40 vegades m\u00e9s efectiva que l&rsquo;aigua sola i gaireb\u00e9 elimina completament el risc per als bombers i les persones afectades. Totalment ecol\u00f2gic i amb propietats higrosc\u00f2piques. Els principals avantatges s\u00f3n: seguretat, respecte pel medi ambient i gran efic\u00e0cia. Amb ECOFIRE, res no pot cremar.<\/p>\n","protected":false},"excerpt":{"rendered":"<p>Ecofire home 1L ECOFIRE \u00e9s una soluci\u00f3 de productes naturals en aigua, creada per extingir i prevenir incendis. \u00c9s fins a 30 o 40 vegades m\u00e9s efectiva que l&rsquo;aigua sola i gaireb\u00e9 elimina completament el risc per als bombers i les persones afectades. Totalment ecol\u00f2gic i amb propietats higrosc\u00f2piques. Els principals avantatges s\u00f3n: seguretat, respecte pel medi ambient i gran efic\u00e0cia. Amb ECOFIRE, res no pot cremar.<\/p>\n","protected":false},"featured_media":12418,"comment_status":"open","ping_status":"closed","template":"","meta":[],"product_brand":[],"product_cat":[263],"product_tag":[],"class_list":{"0":"post-13061","1":"product","2":"type-product","3":"status-publish","4":"has-post-thumbnail","6":"product_cat-climatitzacio","8":"first","9":"outofstock","10":"taxable","11":"shipping-taxable","12":"purchasable","13":"product-type-simple"},"yoast_head":"<!-- This site is optimized with the Yoast SEO plugin v27.4 - https:\/\/yoast.com\/product\/yoast-seo-wordpress\/ -->\n<title>Ecofire home 1L | SAIGA<\/title>\n<meta name=\"description\" content=\"ECOFIRE es una soluci\u00f3n natural y ecol\u00f3gica para extinguir y prevenir incendios, con una eficacia de hasta 40 veces superior al agua.\" \/>\n<meta name=\"robots\" content=\"index, follow, max-snippet:-1, max-image-preview:large, max-video-preview:-1\" \/>\n<link rel=\"canonical\" href=\"https:\/\/saiga.es\/fr\/produit\/ecofire-home-1l\/\" \/>\n<meta property=\"og:locale\" content=\"fr_FR\" \/>\n<meta property=\"og:type\" content=\"article\" \/>\n<meta property=\"og:title\" content=\"Ecofire home 1L | SAIGA\" \/>\n<meta property=\"og:description\" content=\"ECOFIRE es una soluci\u00f3n natural y ecol\u00f3gica para extinguir y prevenir incendios, con una eficacia de hasta 40 veces superior al agua.\" \/>\n<meta property=\"og:url\" content=\"https:\/\/saiga.es\/fr\/produit\/ecofire-home-1l\/\" \/>\n<meta property=\"og:site_name\" content=\"SAIGA\" \/>\n<meta property=\"article:modified_time\" content=\"2025-10-24T14:54:01+00:00\" \/>\n<meta property=\"og:image\" content=\"https:\/\/saiga.es\/wp-content\/uploads\/2024\/10\/ECOFIREHOME1L.jpg\" \/>\n\t<meta property=\"og:image:width\" content=\"600\" \/>\n\t<meta property=\"og:image:height\" content=\"600\" \/>\n\t<meta property=\"og:image:type\" content=\"image\/jpeg\" \/>\n<meta name=\"twitter:card\" content=\"summary_large_image\" \/>\n<meta name=\"twitter:site\" content=\"@saiga_agro\" \/>\n<meta name=\"twitter:label1\" content=\"Dur\u00e9e de lecture estim\u00e9e\" \/>\n\t<meta name=\"twitter:data1\" content=\"1 minute\" \/>\n<script type=\"application\/ld+json\" class=\"yoast-schema-graph\">{\"@context\":\"https:\\\/\\\/schema.org\",\"@graph\":[{\"@type\":\"WebPage\",\"@id\":\"https:\\\/\\\/saiga.es\\\/fr\\\/produit\\\/ecofire-home-1l\\\/\",\"url\":\"https:\\\/\\\/saiga.es\\\/fr\\\/produit\\\/ecofire-home-1l\\\/\",\"name\":\"Ecofire home 1L | SAIGA\",\"isPartOf\":{\"@id\":\"https:\\\/\\\/saiga.es\\\/fr\\\/#website\"},\"primaryImageOfPage\":{\"@id\":\"https:\\\/\\\/saiga.es\\\/fr\\\/produit\\\/ecofire-home-1l\\\/#primaryimage\"},\"image\":{\"@id\":\"https:\\\/\\\/saiga.es\\\/fr\\\/produit\\\/ecofire-home-1l\\\/#primaryimage\"},\"thumbnailUrl\":\"https:\\\/\\\/saiga.es\\\/wp-content\\\/uploads\\\/2024\\\/10\\\/ECOFIREHOME1L.jpg\",\"datePublished\":\"2024-10-24T07:15:50+00:00\",\"dateModified\":\"2025-10-24T14:54:01+00:00\",\"description\":\"ECOFIRE es una soluci\u00f3n natural y ecol\u00f3gica para extinguir y prevenir incendios, con una eficacia de hasta 40 veces superior al agua.\",\"breadcrumb\":{\"@id\":\"https:\\\/\\\/saiga.es\\\/fr\\\/produit\\\/ecofire-home-1l\\\/#breadcrumb\"},\"inLanguage\":\"fr-FR\",\"potentialAction\":[{\"@type\":\"ReadAction\",\"target\":[\"https:\\\/\\\/saiga.es\\\/fr\\\/produit\\\/ecofire-home-1l\\\/\"]}]},{\"@type\":\"ImageObject\",\"inLanguage\":\"fr-FR\",\"@id\":\"https:\\\/\\\/saiga.es\\\/fr\\\/produit\\\/ecofire-home-1l\\\/#primaryimage\",\"url\":\"https:\\\/\\\/saiga.es\\\/wp-content\\\/uploads\\\/2024\\\/10\\\/ECOFIREHOME1L.jpg\",\"contentUrl\":\"https:\\\/\\\/saiga.es\\\/wp-content\\\/uploads\\\/2024\\\/10\\\/ECOFIREHOME1L.jpg\",\"width\":600,\"height\":600},{\"@type\":\"BreadcrumbList\",\"@id\":\"https:\\\/\\\/saiga.es\\\/fr\\\/produit\\\/ecofire-home-1l\\\/#breadcrumb\",\"itemListElement\":[{\"@type\":\"ListItem\",\"position\":1,\"name\":\"Inici\",\"item\":\"https:\\\/\\\/saiga.es\\\/fr\\\/\"},{\"@type\":\"ListItem\",\"position\":2,\"name\":\"boutique\",\"item\":\"https:\\\/\\\/saiga.es\\\/fr\\\/boutique\\\/\"},{\"@type\":\"ListItem\",\"position\":3,\"name\":\"Ecofire home 1L\"}]},{\"@type\":\"WebSite\",\"@id\":\"https:\\\/\\\/saiga.es\\\/fr\\\/#website\",\"url\":\"https:\\\/\\\/saiga.es\\\/fr\\\/\",\"name\":\"SAIGA\",\"description\":\"M\u00e9s de 50 anys al servei de la terra i treballant per a un \u00fas eficient de l\u2019aigua!\",\"publisher\":{\"@id\":\"https:\\\/\\\/saiga.es\\\/fr\\\/#organization\"},\"potentialAction\":[{\"@type\":\"SearchAction\",\"target\":{\"@type\":\"EntryPoint\",\"urlTemplate\":\"https:\\\/\\\/saiga.es\\\/fr\\\/?s={search_term_string}\"},\"query-input\":{\"@type\":\"PropertyValueSpecification\",\"valueRequired\":true,\"valueName\":\"search_term_string\"}}],\"inLanguage\":\"fr-FR\"},{\"@type\":\"Organization\",\"@id\":\"https:\\\/\\\/saiga.es\\\/fr\\\/#organization\",\"name\":\"SAIGA\",\"url\":\"https:\\\/\\\/saiga.es\\\/fr\\\/\",\"logo\":{\"@type\":\"ImageObject\",\"inLanguage\":\"fr-FR\",\"@id\":\"https:\\\/\\\/saiga.es\\\/fr\\\/#\\\/schema\\\/logo\\\/image\\\/\",\"url\":\"https:\\\/\\\/saiga.es\\\/wp-content\\\/uploads\\\/2025\\\/07\\\/logo_saiga_baseline_optimitzat.svg\",\"contentUrl\":\"https:\\\/\\\/saiga.es\\\/wp-content\\\/uploads\\\/2025\\\/07\\\/logo_saiga_baseline_optimitzat.svg\",\"caption\":\"SAIGA\"},\"image\":{\"@id\":\"https:\\\/\\\/saiga.es\\\/fr\\\/#\\\/schema\\\/logo\\\/image\\\/\"},\"sameAs\":[\"https:\\\/\\\/x.com\\\/saiga_agro\",\"https:\\\/\\\/www.instagram.com\\\/saiga_agro\\\/\"]}]}<\/script>\n<!-- \/ Yoast SEO plugin. -->","yoast_head_json":{"title":"Ecofire home 1L | SAIGA","description":"ECOFIRE es una soluci\u00f3n natural y ecol\u00f3gica para extinguir y prevenir incendios, con una eficacia de hasta 40 veces superior al agua.","robots":{"index":"index","follow":"follow","max-snippet":"max-snippet:-1","max-image-preview":"max-image-preview:large","max-video-preview":"max-video-preview:-1"},"canonical":"https:\/\/saiga.es\/fr\/produit\/ecofire-home-1l\/","og_locale":"fr_FR","og_type":"article","og_title":"Ecofire home 1L | SAIGA","og_description":"ECOFIRE es una soluci\u00f3n natural y ecol\u00f3gica para extinguir y prevenir incendios, con una eficacia de hasta 40 veces superior al agua.","og_url":"https:\/\/saiga.es\/fr\/produit\/ecofire-home-1l\/","og_site_name":"SAIGA","article_modified_time":"2025-10-24T14:54:01+00:00","og_image":[{"width":600,"height":600,"url":"https:\/\/saiga.es\/wp-content\/uploads\/2024\/10\/ECOFIREHOME1L.jpg","type":"image\/jpeg"}],"twitter_card":"summary_large_image","twitter_site":"@saiga_agro","twitter_misc":{"Dur\u00e9e de lecture estim\u00e9e":"1 minute"},"schema":{"@context":"https:\/\/schema.org","@graph":[{"@type":"WebPage","@id":"https:\/\/saiga.es\/fr\/produit\/ecofire-home-1l\/","url":"https:\/\/saiga.es\/fr\/produit\/ecofire-home-1l\/","name":"Ecofire home 1L | SAIGA","isPartOf":{"@id":"https:\/\/saiga.es\/fr\/#website"},"primaryImageOfPage":{"@id":"https:\/\/saiga.es\/fr\/produit\/ecofire-home-1l\/#primaryimage"},"image":{"@id":"https:\/\/saiga.es\/fr\/produit\/ecofire-home-1l\/#primaryimage"},"thumbnailUrl":"https:\/\/saiga.es\/wp-content\/uploads\/2024\/10\/ECOFIREHOME1L.jpg","datePublished":"2024-10-24T07:15:50+00:00","dateModified":"2025-10-24T14:54:01+00:00","description":"ECOFIRE es una soluci\u00f3n natural y ecol\u00f3gica para extinguir y prevenir incendios, con una eficacia de hasta 40 veces superior al agua.","breadcrumb":{"@id":"https:\/\/saiga.es\/fr\/produit\/ecofire-home-1l\/#breadcrumb"},"inLanguage":"fr-FR","potentialAction":[{"@type":"ReadAction","target":["https:\/\/saiga.es\/fr\/produit\/ecofire-home-1l\/"]}]},{"@type":"ImageObject","inLanguage":"fr-FR","@id":"https:\/\/saiga.es\/fr\/produit\/ecofire-home-1l\/#primaryimage","url":"https:\/\/saiga.es\/wp-content\/uploads\/2024\/10\/ECOFIREHOME1L.jpg","contentUrl":"https:\/\/saiga.es\/wp-content\/uploads\/2024\/10\/ECOFIREHOME1L.jpg","width":600,"height":600},{"@type":"BreadcrumbList","@id":"https:\/\/saiga.es\/fr\/produit\/ecofire-home-1l\/#breadcrumb","itemListElement":[{"@type":"ListItem","position":1,"name":"Inici","item":"https:\/\/saiga.es\/fr\/"},{"@type":"ListItem","position":2,"name":"boutique","item":"https:\/\/saiga.es\/fr\/boutique\/"},{"@type":"ListItem","position":3,"name":"Ecofire home 1L"}]},{"@type":"WebSite","@id":"https:\/\/saiga.es\/fr\/#website","url":"https:\/\/saiga.es\/fr\/","name":"SAIGA","description":"M\u00e9s de 50 anys al servei de la terra i treballant per a un \u00fas eficient de l\u2019aigua!","publisher":{"@id":"https:\/\/saiga.es\/fr\/#organization"},"potentialAction":[{"@type":"SearchAction","target":{"@type":"EntryPoint","urlTemplate":"https:\/\/saiga.es\/fr\/?s={search_term_string}"},"query-input":{"@type":"PropertyValueSpecification","valueRequired":true,"valueName":"search_term_string"}}],"inLanguage":"fr-FR"},{"@type":"Organization","@id":"https:\/\/saiga.es\/fr\/#organization","name":"SAIGA","url":"https:\/\/saiga.es\/fr\/","logo":{"@type":"ImageObject","inLanguage":"fr-FR","@id":"https:\/\/saiga.es\/fr\/#\/schema\/logo\/image\/","url":"https:\/\/saiga.es\/wp-content\/uploads\/2025\/07\/logo_saiga_baseline_optimitzat.svg","contentUrl":"https:\/\/saiga.es\/wp-content\/uploads\/2025\/07\/logo_saiga_baseline_optimitzat.svg","caption":"SAIGA"},"image":{"@id":"https:\/\/saiga.es\/fr\/#\/schema\/logo\/image\/"},"sameAs":["https:\/\/x.com\/saiga_agro","https:\/\/www.instagram.com\/saiga_agro\/"]}]}},"_links":{"self":[{"href":"https:\/\/saiga.es\/fr\/wp-json\/wp\/v2\/product\/13061","targetHints":{"allow":["GET"]}}],"collection":[{"href":"https:\/\/saiga.es\/fr\/wp-json\/wp\/v2\/product"}],"about":[{"href":"https:\/\/saiga.es\/fr\/wp-json\/wp\/v2\/types\/product"}],"replies":[{"embeddable":true,"href":"https:\/\/saiga.es\/fr\/wp-json\/wp\/v2\/comments?post=13061"}],"wp:featuredmedia":[{"embeddable":true,"href":"https:\/\/saiga.es\/fr\/wp-json\/wp\/v2\/media\/12418"}],"wp:attachment":[{"href":"https:\/\/saiga.es\/fr\/wp-json\/wp\/v2\/media?parent=13061"}],"wp:term":[{"taxonomy":"product_brand","embeddable":true,"href":"https:\/\/saiga.es\/fr\/wp-json\/wp\/v2\/product_brand?post=13061"},{"taxonomy":"product_cat","embeddable":true,"href":"https:\/\/saiga.es\/fr\/wp-json\/wp\/v2\/product_cat?post=13061"},{"taxonomy":"product_tag","embeddable":true,"href":"https:\/\/saiga.es\/fr\/wp-json\/wp\/v2\/product_tag?post=13061"}],"curies":[{"name":"wp","href":"https:\/\/api.w.org\/{rel}","templated":true}]}}