{"id":13063,"date":"2023-11-24T13:32:08","date_gmt":"2023-11-24T13:32:08","guid":{"rendered":"https:\/\/botiga.saiga.es\/producte\/linterna-led-de-trabajo-7w\/"},"modified":"2024-12-02T09:59:35","modified_gmt":"2024-12-02T09:59:35","slug":"linterna-led-de-trabajo-7w","status":"publish","type":"product","link":"https:\/\/saiga.es\/fr\/produit\/linterna-led-de-trabajo-7w\/","title":{"rendered":"Lampe de poche de travail \u00e0 LED 7W"},"content":{"rendered":"<p>Lampe de travail LED 7W avec base. Lampe frontale 7w, lampe de poche sup\u00e9rieure 3w et UV.<br \/>\nLa lampe de poche de travail \u00e0 LED 7W poss\u00e8de une lumi\u00e8re ultraviolette, c&rsquo;est un type de rayonnement \u00e9lectromagn\u00e9tique avec des ondes plus courtes que la lumi\u00e8re per\u00e7ue par l&rsquo;\u0153il humain, ce qui signifie que gr\u00e2ce \u00e0 elle, nous d\u00e9tectons des choses que nous ne pouvons pas d\u00e9tecter avec la lumi\u00e8re naturelle, comme les taches. , marques ou restes de particules que l\u2019on ne peut pas voir \u00e0 l\u2019\u0153il nu. Caract\u00e9ristiques : Lumens : 800Lm Batterie : 2&#215;18650, 3.7V 4000 mA Alimentation : 5VDC &#8211; 1A Autonomie : 5h \u00e0 100% Temps de charge : 4h Indicateur de charge Charge USB type C Porte-manteau Base magn\u00e9tique + aimant au dos. Dimensions : 230x55x30 mm (lanterne), 87x84x24 mm (base). Poids : 360g <\/p>\n<p>&nbsp;<\/p>\n<p>&nbsp;<\/p>\n","protected":false},"excerpt":{"rendered":"<p>Lampe de travail LED 7w avec base. Lampe frontale 7w, lampe de poche sup\u00e9rieure 3w et UV. <\/p>\n","protected":false},"featured_media":13064,"comment_status":"closed","ping_status":"closed","template":"","meta":[],"product_brand":[],"product_cat":[467],"product_tag":[],"class_list":{"0":"post-13063","1":"product","2":"type-product","3":"status-publish","4":"has-post-thumbnail","6":"product_cat-lampes-de-travail","8":"first","9":"instock","10":"sale","11":"taxable","12":"shipping-taxable","13":"purchasable","14":"product-type-simple"},"yoast_head":"<!-- This site is optimized with the Yoast SEO plugin v27.4 - https:\/\/yoast.com\/product\/yoast-seo-wordpress\/ -->\n<title>Lampe de poche de travail \u00e0 LED 7W | SAIGA<\/title>\n<meta name=\"description\" content=\"Lampe de travail LED 7w avec base. Lampe frontale 7w, lampe frontale 3w et lumi\u00e8re ultraviolette avec des ondes plus courtes que la lumi\u00e8re per\u00e7ue par l&#039;\u0153il humain.\" \/>\n<meta name=\"robots\" content=\"index, follow, max-snippet:-1, max-image-preview:large, max-video-preview:-1\" \/>\n<link rel=\"canonical\" href=\"https:\/\/saiga.es\/fr\/produit\/linterna-led-de-trabajo-7w\/\" \/>\n<meta property=\"og:locale\" content=\"fr_FR\" \/>\n<meta property=\"og:type\" content=\"article\" \/>\n<meta property=\"og:title\" content=\"Lampe de poche de travail \u00e0 LED 7W | SAIGA\" \/>\n<meta property=\"og:description\" content=\"Lampe de travail LED 7w avec base. Lampe frontale 7w, lampe frontale 3w et lumi\u00e8re ultraviolette avec des ondes plus courtes que la lumi\u00e8re per\u00e7ue par l&#039;\u0153il humain.\" \/>\n<meta property=\"og:url\" content=\"https:\/\/saiga.es\/fr\/produit\/linterna-led-de-trabajo-7w\/\" \/>\n<meta property=\"og:site_name\" content=\"SAIGA\" \/>\n<meta property=\"article:modified_time\" content=\"2024-12-02T09:59:35+00:00\" \/>\n<meta property=\"og:image\" content=\"https:\/\/saiga.es\/wp-content\/uploads\/2023\/11\/IMG_9437.jpg\" \/>\n\t<meta property=\"og:image:width\" content=\"1512\" \/>\n\t<meta property=\"og:image:height\" content=\"2016\" \/>\n\t<meta property=\"og:image:type\" content=\"image\/jpeg\" \/>\n<meta name=\"twitter:card\" content=\"summary_large_image\" \/>\n<meta name=\"twitter:site\" content=\"@saiga_agro\" \/>\n<meta name=\"twitter:label1\" content=\"Dur\u00e9e de lecture estim\u00e9e\" \/>\n\t<meta name=\"twitter:data1\" content=\"1 minute\" \/>\n<script type=\"application\/ld+json\" class=\"yoast-schema-graph\">{\"@context\":\"https:\\\/\\\/schema.org\",\"@graph\":[{\"@type\":\"WebPage\",\"@id\":\"https:\\\/\\\/saiga.es\\\/fr\\\/produit\\\/linterna-led-de-trabajo-7w\\\/\",\"url\":\"https:\\\/\\\/saiga.es\\\/fr\\\/produit\\\/linterna-led-de-trabajo-7w\\\/\",\"name\":\"Lampe de poche de travail \u00e0 LED 7W | SAIGA\",\"isPartOf\":{\"@id\":\"https:\\\/\\\/saiga.es\\\/fr\\\/#website\"},\"primaryImageOfPage\":{\"@id\":\"https:\\\/\\\/saiga.es\\\/fr\\\/produit\\\/linterna-led-de-trabajo-7w\\\/#primaryimage\"},\"image\":{\"@id\":\"https:\\\/\\\/saiga.es\\\/fr\\\/produit\\\/linterna-led-de-trabajo-7w\\\/#primaryimage\"},\"thumbnailUrl\":\"https:\\\/\\\/saiga.es\\\/wp-content\\\/uploads\\\/2023\\\/11\\\/IMG_9437.jpg\",\"datePublished\":\"2023-11-24T13:32:08+00:00\",\"dateModified\":\"2024-12-02T09:59:35+00:00\",\"description\":\"Lampe de travail LED 7w avec base. Lampe frontale 7w, lampe frontale 3w et lumi\u00e8re ultraviolette avec des ondes plus courtes que la lumi\u00e8re per\u00e7ue par l'\u0153il humain.\",\"breadcrumb\":{\"@id\":\"https:\\\/\\\/saiga.es\\\/fr\\\/produit\\\/linterna-led-de-trabajo-7w\\\/#breadcrumb\"},\"inLanguage\":\"fr-FR\",\"potentialAction\":[{\"@type\":\"ReadAction\",\"target\":[\"https:\\\/\\\/saiga.es\\\/fr\\\/produit\\\/linterna-led-de-trabajo-7w\\\/\"]}]},{\"@type\":\"ImageObject\",\"inLanguage\":\"fr-FR\",\"@id\":\"https:\\\/\\\/saiga.es\\\/fr\\\/produit\\\/linterna-led-de-trabajo-7w\\\/#primaryimage\",\"url\":\"https:\\\/\\\/saiga.es\\\/wp-content\\\/uploads\\\/2023\\\/11\\\/IMG_9437.jpg\",\"contentUrl\":\"https:\\\/\\\/saiga.es\\\/wp-content\\\/uploads\\\/2023\\\/11\\\/IMG_9437.jpg\",\"width\":1512,\"height\":2016,\"caption\":\"Llinterna Led de treball 7W\"},{\"@type\":\"BreadcrumbList\",\"@id\":\"https:\\\/\\\/saiga.es\\\/fr\\\/produit\\\/linterna-led-de-trabajo-7w\\\/#breadcrumb\",\"itemListElement\":[{\"@type\":\"ListItem\",\"position\":1,\"name\":\"Inici\",\"item\":\"https:\\\/\\\/saiga.es\\\/fr\\\/\"},{\"@type\":\"ListItem\",\"position\":2,\"name\":\"boutique\",\"item\":\"https:\\\/\\\/saiga.es\\\/fr\\\/boutique\\\/\"},{\"@type\":\"ListItem\",\"position\":3,\"name\":\"Lampe de poche de travail \u00e0 LED 7W\"}]},{\"@type\":\"WebSite\",\"@id\":\"https:\\\/\\\/saiga.es\\\/fr\\\/#website\",\"url\":\"https:\\\/\\\/saiga.es\\\/fr\\\/\",\"name\":\"SAIGA\",\"description\":\"M\u00e9s de 50 anys al servei de la terra i treballant per a un \u00fas eficient de l\u2019aigua!\",\"publisher\":{\"@id\":\"https:\\\/\\\/saiga.es\\\/fr\\\/#organization\"},\"potentialAction\":[{\"@type\":\"SearchAction\",\"target\":{\"@type\":\"EntryPoint\",\"urlTemplate\":\"https:\\\/\\\/saiga.es\\\/fr\\\/?s={search_term_string}\"},\"query-input\":{\"@type\":\"PropertyValueSpecification\",\"valueRequired\":true,\"valueName\":\"search_term_string\"}}],\"inLanguage\":\"fr-FR\"},{\"@type\":\"Organization\",\"@id\":\"https:\\\/\\\/saiga.es\\\/fr\\\/#organization\",\"name\":\"SAIGA\",\"url\":\"https:\\\/\\\/saiga.es\\\/fr\\\/\",\"logo\":{\"@type\":\"ImageObject\",\"inLanguage\":\"fr-FR\",\"@id\":\"https:\\\/\\\/saiga.es\\\/fr\\\/#\\\/schema\\\/logo\\\/image\\\/\",\"url\":\"https:\\\/\\\/saiga.es\\\/wp-content\\\/uploads\\\/2025\\\/07\\\/logo_saiga_baseline_optimitzat.svg\",\"contentUrl\":\"https:\\\/\\\/saiga.es\\\/wp-content\\\/uploads\\\/2025\\\/07\\\/logo_saiga_baseline_optimitzat.svg\",\"caption\":\"SAIGA\"},\"image\":{\"@id\":\"https:\\\/\\\/saiga.es\\\/fr\\\/#\\\/schema\\\/logo\\\/image\\\/\"},\"sameAs\":[\"https:\\\/\\\/x.com\\\/saiga_agro\",\"https:\\\/\\\/www.instagram.com\\\/saiga_agro\\\/\"]}]}<\/script>\n<!-- \/ Yoast SEO plugin. -->","yoast_head_json":{"title":"Lampe de poche de travail \u00e0 LED 7W | SAIGA","description":"Lampe de travail LED 7w avec base. Lampe frontale 7w, lampe frontale 3w et lumi\u00e8re ultraviolette avec des ondes plus courtes que la lumi\u00e8re per\u00e7ue par l'\u0153il humain.","robots":{"index":"index","follow":"follow","max-snippet":"max-snippet:-1","max-image-preview":"max-image-preview:large","max-video-preview":"max-video-preview:-1"},"canonical":"https:\/\/saiga.es\/fr\/produit\/linterna-led-de-trabajo-7w\/","og_locale":"fr_FR","og_type":"article","og_title":"Lampe de poche de travail \u00e0 LED 7W | SAIGA","og_description":"Lampe de travail LED 7w avec base. Lampe frontale 7w, lampe frontale 3w et lumi\u00e8re ultraviolette avec des ondes plus courtes que la lumi\u00e8re per\u00e7ue par l'\u0153il humain.","og_url":"https:\/\/saiga.es\/fr\/produit\/linterna-led-de-trabajo-7w\/","og_site_name":"SAIGA","article_modified_time":"2024-12-02T09:59:35+00:00","og_image":[{"width":1512,"height":2016,"url":"https:\/\/saiga.es\/wp-content\/uploads\/2023\/11\/IMG_9437.jpg","type":"image\/jpeg"}],"twitter_card":"summary_large_image","twitter_site":"@saiga_agro","twitter_misc":{"Dur\u00e9e de lecture estim\u00e9e":"1 minute"},"schema":{"@context":"https:\/\/schema.org","@graph":[{"@type":"WebPage","@id":"https:\/\/saiga.es\/fr\/produit\/linterna-led-de-trabajo-7w\/","url":"https:\/\/saiga.es\/fr\/produit\/linterna-led-de-trabajo-7w\/","name":"Lampe de poche de travail \u00e0 LED 7W | SAIGA","isPartOf":{"@id":"https:\/\/saiga.es\/fr\/#website"},"primaryImageOfPage":{"@id":"https:\/\/saiga.es\/fr\/produit\/linterna-led-de-trabajo-7w\/#primaryimage"},"image":{"@id":"https:\/\/saiga.es\/fr\/produit\/linterna-led-de-trabajo-7w\/#primaryimage"},"thumbnailUrl":"https:\/\/saiga.es\/wp-content\/uploads\/2023\/11\/IMG_9437.jpg","datePublished":"2023-11-24T13:32:08+00:00","dateModified":"2024-12-02T09:59:35+00:00","description":"Lampe de travail LED 7w avec base. Lampe frontale 7w, lampe frontale 3w et lumi\u00e8re ultraviolette avec des ondes plus courtes que la lumi\u00e8re per\u00e7ue par l'\u0153il humain.","breadcrumb":{"@id":"https:\/\/saiga.es\/fr\/produit\/linterna-led-de-trabajo-7w\/#breadcrumb"},"inLanguage":"fr-FR","potentialAction":[{"@type":"ReadAction","target":["https:\/\/saiga.es\/fr\/produit\/linterna-led-de-trabajo-7w\/"]}]},{"@type":"ImageObject","inLanguage":"fr-FR","@id":"https:\/\/saiga.es\/fr\/produit\/linterna-led-de-trabajo-7w\/#primaryimage","url":"https:\/\/saiga.es\/wp-content\/uploads\/2023\/11\/IMG_9437.jpg","contentUrl":"https:\/\/saiga.es\/wp-content\/uploads\/2023\/11\/IMG_9437.jpg","width":1512,"height":2016,"caption":"Llinterna Led de treball 7W"},{"@type":"BreadcrumbList","@id":"https:\/\/saiga.es\/fr\/produit\/linterna-led-de-trabajo-7w\/#breadcrumb","itemListElement":[{"@type":"ListItem","position":1,"name":"Inici","item":"https:\/\/saiga.es\/fr\/"},{"@type":"ListItem","position":2,"name":"boutique","item":"https:\/\/saiga.es\/fr\/boutique\/"},{"@type":"ListItem","position":3,"name":"Lampe de poche de travail \u00e0 LED 7W"}]},{"@type":"WebSite","@id":"https:\/\/saiga.es\/fr\/#website","url":"https:\/\/saiga.es\/fr\/","name":"SAIGA","description":"M\u00e9s de 50 anys al servei de la terra i treballant per a un \u00fas eficient de l\u2019aigua!","publisher":{"@id":"https:\/\/saiga.es\/fr\/#organization"},"potentialAction":[{"@type":"SearchAction","target":{"@type":"EntryPoint","urlTemplate":"https:\/\/saiga.es\/fr\/?s={search_term_string}"},"query-input":{"@type":"PropertyValueSpecification","valueRequired":true,"valueName":"search_term_string"}}],"inLanguage":"fr-FR"},{"@type":"Organization","@id":"https:\/\/saiga.es\/fr\/#organization","name":"SAIGA","url":"https:\/\/saiga.es\/fr\/","logo":{"@type":"ImageObject","inLanguage":"fr-FR","@id":"https:\/\/saiga.es\/fr\/#\/schema\/logo\/image\/","url":"https:\/\/saiga.es\/wp-content\/uploads\/2025\/07\/logo_saiga_baseline_optimitzat.svg","contentUrl":"https:\/\/saiga.es\/wp-content\/uploads\/2025\/07\/logo_saiga_baseline_optimitzat.svg","caption":"SAIGA"},"image":{"@id":"https:\/\/saiga.es\/fr\/#\/schema\/logo\/image\/"},"sameAs":["https:\/\/x.com\/saiga_agro","https:\/\/www.instagram.com\/saiga_agro\/"]}]}},"_links":{"self":[{"href":"https:\/\/saiga.es\/fr\/wp-json\/wp\/v2\/product\/13063","targetHints":{"allow":["GET"]}}],"collection":[{"href":"https:\/\/saiga.es\/fr\/wp-json\/wp\/v2\/product"}],"about":[{"href":"https:\/\/saiga.es\/fr\/wp-json\/wp\/v2\/types\/product"}],"replies":[{"embeddable":true,"href":"https:\/\/saiga.es\/fr\/wp-json\/wp\/v2\/comments?post=13063"}],"wp:featuredmedia":[{"embeddable":true,"href":"https:\/\/saiga.es\/fr\/wp-json\/wp\/v2\/media\/13064"}],"wp:attachment":[{"href":"https:\/\/saiga.es\/fr\/wp-json\/wp\/v2\/media?parent=13063"}],"wp:term":[{"taxonomy":"product_brand","embeddable":true,"href":"https:\/\/saiga.es\/fr\/wp-json\/wp\/v2\/product_brand?post=13063"},{"taxonomy":"product_cat","embeddable":true,"href":"https:\/\/saiga.es\/fr\/wp-json\/wp\/v2\/product_cat?post=13063"},{"taxonomy":"product_tag","embeddable":true,"href":"https:\/\/saiga.es\/fr\/wp-json\/wp\/v2\/product_tag?post=13063"}],"curies":[{"name":"wp","href":"https:\/\/api.w.org\/{rel}","templated":true}]}}