{"id":13068,"date":"2023-12-07T12:54:17","date_gmt":"2023-12-07T12:54:17","guid":{"rendered":"https:\/\/botiga.saiga.es\/producte\/lampe-de-travail-rechargeable-luceco\/"},"modified":"2023-12-07T12:54:17","modified_gmt":"2023-12-07T12:54:17","slug":"lampe-de-travail-rechargeable-luceco","status":"publish","type":"product","link":"https:\/\/saiga.es\/fr\/produit\/lampe-de-travail-rechargeable-luceco\/","title":{"rendered":"Lampe de travail rechargeable LUCECO"},"content":{"rendered":"<p>La lampe de travail rechargeable LUCECO est un projecteur de dimensions r\u00e9duites (130,5 x 61,5 mm) qui se recharge gr\u00e2ce \u00e0 un c\u00e2ble USB. Le spot dispose d&rsquo;un support et d&rsquo;un aimant pour pouvoir l&rsquo;accrocher sur diff\u00e9rentes surfaces. Caract\u00e9ristiques : Batterie : 3,7 V Li-Ion Capacit\u00e9 : 4000 mAh Tension de charge : 5 V Temps de charge : 3 heures Temps de travail -100 % &#8211; 3 heures Temps de travail -50 % &#8211; 10 heures <\/p>\n","protected":false},"excerpt":{"rendered":"<p>La lampe de travail rechargeable LUCECO est un projecteur de dimensions r\u00e9duites (130,5 x 61,5 mm) qui se recharge gr\u00e2ce \u00e0 un c\u00e2ble USB. Le spot dispose d&rsquo;un support et d&rsquo;un aimant pour pouvoir l&rsquo;accrocher sur diff\u00e9rentes surfaces. <\/p>\n","protected":false},"featured_media":13069,"comment_status":"closed","ping_status":"closed","template":"","meta":[],"product_brand":[],"product_cat":[467],"product_tag":[1739,1735,1738,1736,1737],"class_list":{"0":"post-13068","1":"product","2":"type-product","3":"status-publish","4":"has-post-thumbnail","6":"product_cat-lampes-de-travail","7":"product_tag-concentration-sur-le-travail","8":"product_tag-eclairage","9":"product_tag-foucs-fr","10":"product_tag-lampe-de-travail","11":"product_tag-luceco-fr","13":"first","14":"instock","15":"sale","16":"taxable","17":"shipping-taxable","18":"purchasable","19":"product-type-simple"},"yoast_head":"<!-- This site is optimized with the Yoast SEO plugin v27.4 - https:\/\/yoast.com\/product\/yoast-seo-wordpress\/ -->\n<title>Lampe de travail rechargeable LUCECO | SAIGA<\/title>\n<meta name=\"description\" content=\"La lampe de travail LED rechargeable LUCECO est un petit projecteur qui se recharge avec un c\u00e2ble USB pour travailler en int\u00e9rieur comme en ext\u00e9rieur.\" \/>\n<meta name=\"robots\" content=\"index, follow, max-snippet:-1, max-image-preview:large, max-video-preview:-1\" \/>\n<link rel=\"canonical\" href=\"https:\/\/saiga.es\/fr\/produit\/lampe-de-travail-rechargeable-luceco\/\" \/>\n<meta property=\"og:locale\" content=\"fr_FR\" \/>\n<meta property=\"og:type\" content=\"article\" \/>\n<meta property=\"og:title\" content=\"Lampe de travail rechargeable LUCECO | SAIGA\" \/>\n<meta property=\"og:description\" content=\"La lampe de travail LED rechargeable LUCECO est un petit projecteur qui se recharge avec un c\u00e2ble USB pour travailler en int\u00e9rieur comme en ext\u00e9rieur.\" \/>\n<meta property=\"og:url\" content=\"https:\/\/saiga.es\/fr\/produit\/lampe-de-travail-rechargeable-luceco\/\" \/>\n<meta property=\"og:site_name\" content=\"SAIGA\" \/>\n<meta property=\"og:image\" content=\"https:\/\/saiga.es\/wp-content\/uploads\/2023\/12\/Focus--rotated.jpg\" \/>\n\t<meta property=\"og:image:width\" content=\"1512\" \/>\n\t<meta property=\"og:image:height\" content=\"2016\" \/>\n\t<meta property=\"og:image:type\" content=\"image\/jpeg\" \/>\n<meta name=\"twitter:card\" content=\"summary_large_image\" \/>\n<meta name=\"twitter:site\" content=\"@saiga_agro\" \/>\n<script type=\"application\/ld+json\" class=\"yoast-schema-graph\">{\"@context\":\"https:\\\/\\\/schema.org\",\"@graph\":[{\"@type\":\"WebPage\",\"@id\":\"https:\\\/\\\/saiga.es\\\/fr\\\/produit\\\/lampe-de-travail-rechargeable-luceco\\\/\",\"url\":\"https:\\\/\\\/saiga.es\\\/fr\\\/produit\\\/lampe-de-travail-rechargeable-luceco\\\/\",\"name\":\"Lampe de travail rechargeable LUCECO | SAIGA\",\"isPartOf\":{\"@id\":\"https:\\\/\\\/saiga.es\\\/fr\\\/#website\"},\"primaryImageOfPage\":{\"@id\":\"https:\\\/\\\/saiga.es\\\/fr\\\/produit\\\/lampe-de-travail-rechargeable-luceco\\\/#primaryimage\"},\"image\":{\"@id\":\"https:\\\/\\\/saiga.es\\\/fr\\\/produit\\\/lampe-de-travail-rechargeable-luceco\\\/#primaryimage\"},\"thumbnailUrl\":\"https:\\\/\\\/saiga.es\\\/wp-content\\\/uploads\\\/2023\\\/12\\\/Focus--rotated.jpg\",\"datePublished\":\"2023-12-07T12:54:17+00:00\",\"description\":\"La lampe de travail LED rechargeable LUCECO est un petit projecteur qui se recharge avec un c\u00e2ble USB pour travailler en int\u00e9rieur comme en ext\u00e9rieur.\",\"breadcrumb\":{\"@id\":\"https:\\\/\\\/saiga.es\\\/fr\\\/produit\\\/lampe-de-travail-rechargeable-luceco\\\/#breadcrumb\"},\"inLanguage\":\"fr-FR\",\"potentialAction\":[{\"@type\":\"ReadAction\",\"target\":[\"https:\\\/\\\/saiga.es\\\/fr\\\/produit\\\/lampe-de-travail-rechargeable-luceco\\\/\"]}]},{\"@type\":\"ImageObject\",\"inLanguage\":\"fr-FR\",\"@id\":\"https:\\\/\\\/saiga.es\\\/fr\\\/produit\\\/lampe-de-travail-rechargeable-luceco\\\/#primaryimage\",\"url\":\"https:\\\/\\\/saiga.es\\\/wp-content\\\/uploads\\\/2023\\\/12\\\/Focus--rotated.jpg\",\"contentUrl\":\"https:\\\/\\\/saiga.es\\\/wp-content\\\/uploads\\\/2023\\\/12\\\/Focus--rotated.jpg\",\"width\":1512,\"height\":2016},{\"@type\":\"BreadcrumbList\",\"@id\":\"https:\\\/\\\/saiga.es\\\/fr\\\/produit\\\/lampe-de-travail-rechargeable-luceco\\\/#breadcrumb\",\"itemListElement\":[{\"@type\":\"ListItem\",\"position\":1,\"name\":\"Inici\",\"item\":\"https:\\\/\\\/saiga.es\\\/fr\\\/\"},{\"@type\":\"ListItem\",\"position\":2,\"name\":\"boutique\",\"item\":\"https:\\\/\\\/saiga.es\\\/fr\\\/boutique\\\/\"},{\"@type\":\"ListItem\",\"position\":3,\"name\":\"Lampe de travail rechargeable LUCECO\"}]},{\"@type\":\"WebSite\",\"@id\":\"https:\\\/\\\/saiga.es\\\/fr\\\/#website\",\"url\":\"https:\\\/\\\/saiga.es\\\/fr\\\/\",\"name\":\"SAIGA\",\"description\":\"M\u00e9s de 50 anys al servei de la terra i treballant per a un \u00fas eficient de l\u2019aigua!\",\"publisher\":{\"@id\":\"https:\\\/\\\/saiga.es\\\/fr\\\/#organization\"},\"potentialAction\":[{\"@type\":\"SearchAction\",\"target\":{\"@type\":\"EntryPoint\",\"urlTemplate\":\"https:\\\/\\\/saiga.es\\\/fr\\\/?s={search_term_string}\"},\"query-input\":{\"@type\":\"PropertyValueSpecification\",\"valueRequired\":true,\"valueName\":\"search_term_string\"}}],\"inLanguage\":\"fr-FR\"},{\"@type\":\"Organization\",\"@id\":\"https:\\\/\\\/saiga.es\\\/fr\\\/#organization\",\"name\":\"SAIGA\",\"url\":\"https:\\\/\\\/saiga.es\\\/fr\\\/\",\"logo\":{\"@type\":\"ImageObject\",\"inLanguage\":\"fr-FR\",\"@id\":\"https:\\\/\\\/saiga.es\\\/fr\\\/#\\\/schema\\\/logo\\\/image\\\/\",\"url\":\"https:\\\/\\\/saiga.es\\\/wp-content\\\/uploads\\\/2025\\\/07\\\/logo_saiga_baseline_optimitzat.svg\",\"contentUrl\":\"https:\\\/\\\/saiga.es\\\/wp-content\\\/uploads\\\/2025\\\/07\\\/logo_saiga_baseline_optimitzat.svg\",\"caption\":\"SAIGA\"},\"image\":{\"@id\":\"https:\\\/\\\/saiga.es\\\/fr\\\/#\\\/schema\\\/logo\\\/image\\\/\"},\"sameAs\":[\"https:\\\/\\\/x.com\\\/saiga_agro\",\"https:\\\/\\\/www.instagram.com\\\/saiga_agro\\\/\"]}]}<\/script>\n<!-- \/ Yoast SEO plugin. -->","yoast_head_json":{"title":"Lampe de travail rechargeable LUCECO | SAIGA","description":"La lampe de travail LED rechargeable LUCECO est un petit projecteur qui se recharge avec un c\u00e2ble USB pour travailler en int\u00e9rieur comme en ext\u00e9rieur.","robots":{"index":"index","follow":"follow","max-snippet":"max-snippet:-1","max-image-preview":"max-image-preview:large","max-video-preview":"max-video-preview:-1"},"canonical":"https:\/\/saiga.es\/fr\/produit\/lampe-de-travail-rechargeable-luceco\/","og_locale":"fr_FR","og_type":"article","og_title":"Lampe de travail rechargeable LUCECO | SAIGA","og_description":"La lampe de travail LED rechargeable LUCECO est un petit projecteur qui se recharge avec un c\u00e2ble USB pour travailler en int\u00e9rieur comme en ext\u00e9rieur.","og_url":"https:\/\/saiga.es\/fr\/produit\/lampe-de-travail-rechargeable-luceco\/","og_site_name":"SAIGA","og_image":[{"width":1512,"height":2016,"url":"https:\/\/saiga.es\/wp-content\/uploads\/2023\/12\/Focus--rotated.jpg","type":"image\/jpeg"}],"twitter_card":"summary_large_image","twitter_site":"@saiga_agro","schema":{"@context":"https:\/\/schema.org","@graph":[{"@type":"WebPage","@id":"https:\/\/saiga.es\/fr\/produit\/lampe-de-travail-rechargeable-luceco\/","url":"https:\/\/saiga.es\/fr\/produit\/lampe-de-travail-rechargeable-luceco\/","name":"Lampe de travail rechargeable LUCECO | SAIGA","isPartOf":{"@id":"https:\/\/saiga.es\/fr\/#website"},"primaryImageOfPage":{"@id":"https:\/\/saiga.es\/fr\/produit\/lampe-de-travail-rechargeable-luceco\/#primaryimage"},"image":{"@id":"https:\/\/saiga.es\/fr\/produit\/lampe-de-travail-rechargeable-luceco\/#primaryimage"},"thumbnailUrl":"https:\/\/saiga.es\/wp-content\/uploads\/2023\/12\/Focus--rotated.jpg","datePublished":"2023-12-07T12:54:17+00:00","description":"La lampe de travail LED rechargeable LUCECO est un petit projecteur qui se recharge avec un c\u00e2ble USB pour travailler en int\u00e9rieur comme en ext\u00e9rieur.","breadcrumb":{"@id":"https:\/\/saiga.es\/fr\/produit\/lampe-de-travail-rechargeable-luceco\/#breadcrumb"},"inLanguage":"fr-FR","potentialAction":[{"@type":"ReadAction","target":["https:\/\/saiga.es\/fr\/produit\/lampe-de-travail-rechargeable-luceco\/"]}]},{"@type":"ImageObject","inLanguage":"fr-FR","@id":"https:\/\/saiga.es\/fr\/produit\/lampe-de-travail-rechargeable-luceco\/#primaryimage","url":"https:\/\/saiga.es\/wp-content\/uploads\/2023\/12\/Focus--rotated.jpg","contentUrl":"https:\/\/saiga.es\/wp-content\/uploads\/2023\/12\/Focus--rotated.jpg","width":1512,"height":2016},{"@type":"BreadcrumbList","@id":"https:\/\/saiga.es\/fr\/produit\/lampe-de-travail-rechargeable-luceco\/#breadcrumb","itemListElement":[{"@type":"ListItem","position":1,"name":"Inici","item":"https:\/\/saiga.es\/fr\/"},{"@type":"ListItem","position":2,"name":"boutique","item":"https:\/\/saiga.es\/fr\/boutique\/"},{"@type":"ListItem","position":3,"name":"Lampe de travail rechargeable LUCECO"}]},{"@type":"WebSite","@id":"https:\/\/saiga.es\/fr\/#website","url":"https:\/\/saiga.es\/fr\/","name":"SAIGA","description":"M\u00e9s de 50 anys al servei de la terra i treballant per a un \u00fas eficient de l\u2019aigua!","publisher":{"@id":"https:\/\/saiga.es\/fr\/#organization"},"potentialAction":[{"@type":"SearchAction","target":{"@type":"EntryPoint","urlTemplate":"https:\/\/saiga.es\/fr\/?s={search_term_string}"},"query-input":{"@type":"PropertyValueSpecification","valueRequired":true,"valueName":"search_term_string"}}],"inLanguage":"fr-FR"},{"@type":"Organization","@id":"https:\/\/saiga.es\/fr\/#organization","name":"SAIGA","url":"https:\/\/saiga.es\/fr\/","logo":{"@type":"ImageObject","inLanguage":"fr-FR","@id":"https:\/\/saiga.es\/fr\/#\/schema\/logo\/image\/","url":"https:\/\/saiga.es\/wp-content\/uploads\/2025\/07\/logo_saiga_baseline_optimitzat.svg","contentUrl":"https:\/\/saiga.es\/wp-content\/uploads\/2025\/07\/logo_saiga_baseline_optimitzat.svg","caption":"SAIGA"},"image":{"@id":"https:\/\/saiga.es\/fr\/#\/schema\/logo\/image\/"},"sameAs":["https:\/\/x.com\/saiga_agro","https:\/\/www.instagram.com\/saiga_agro\/"]}]}},"_links":{"self":[{"href":"https:\/\/saiga.es\/fr\/wp-json\/wp\/v2\/product\/13068","targetHints":{"allow":["GET"]}}],"collection":[{"href":"https:\/\/saiga.es\/fr\/wp-json\/wp\/v2\/product"}],"about":[{"href":"https:\/\/saiga.es\/fr\/wp-json\/wp\/v2\/types\/product"}],"replies":[{"embeddable":true,"href":"https:\/\/saiga.es\/fr\/wp-json\/wp\/v2\/comments?post=13068"}],"wp:featuredmedia":[{"embeddable":true,"href":"https:\/\/saiga.es\/fr\/wp-json\/wp\/v2\/media\/13069"}],"wp:attachment":[{"href":"https:\/\/saiga.es\/fr\/wp-json\/wp\/v2\/media?parent=13068"}],"wp:term":[{"taxonomy":"product_brand","embeddable":true,"href":"https:\/\/saiga.es\/fr\/wp-json\/wp\/v2\/product_brand?post=13068"},{"taxonomy":"product_cat","embeddable":true,"href":"https:\/\/saiga.es\/fr\/wp-json\/wp\/v2\/product_cat?post=13068"},{"taxonomy":"product_tag","embeddable":true,"href":"https:\/\/saiga.es\/fr\/wp-json\/wp\/v2\/product_tag?post=13068"}],"curies":[{"name":"wp","href":"https:\/\/api.w.org\/{rel}","templated":true}]}}