{"id":13073,"date":"2023-12-07T13:54:33","date_gmt":"2023-12-07T13:54:33","guid":{"rendered":"https:\/\/botiga.saiga.es\/producte\/mini-lampe-de-poche-rechargeable-luceco\/"},"modified":"2023-12-07T13:54:33","modified_gmt":"2023-12-07T13:54:33","slug":"mini-lampe-de-poche-rechargeable-luceco","status":"publish","type":"product","link":"https:\/\/saiga.es\/fr\/produit\/mini-lampe-de-poche-rechargeable-luceco\/","title":{"rendered":"Mini lampe de poche rechargeable LUCECO"},"content":{"rendered":"<p>La mini lampe de poche rechargeable LUCECO dispose de deux types de lumi\u00e8re dans un bo\u00eetier durable, d&rsquo;une fixation accessible avec une base magn\u00e9tique inclinable \u00e0 180\u00ba, d&rsquo;une protection contre la surcharge de la batterie et comprend un c\u00e2ble USB. Il se recharge avec un c\u00e2ble USB. La temp\u00e9rature de couleur est de 6 500 K de lumi\u00e8re froide. Il dure jusqu&rsquo;\u00e0 deux heures \u00e0 puissance maximale et, \u00e0 la base, on trouve un aimant de haute puissance pour le maintenir. La mini lampe de poche rechargeable LUCECO a plusieurs positions. Tr\u00e8s utile \u00e0 emporter en voiture ou en camping. Sur le c\u00f4t\u00e9 de la torche se trouve un clip pour la maintenir qui est \u00e9galement aimant\u00e9. \u00c9galement \u00e0 la base de la lanterne vous trouverez un aimant qui vous permettra de la coller sur n&rsquo;importe quelle surface m\u00e9tallique. La multiposition est une autre option qui apporte de la polyvalence \u00e0 la lampe torche.   <\/p>\n<p>&nbsp;<\/p>\n","protected":false},"excerpt":{"rendered":"<p>La mini lampe de poche rechargeable LUCECO dispose de deux types de lumi\u00e8re dans un bo\u00eetier durable, d&rsquo;une fixation accessible avec une base magn\u00e9tique inclinable \u00e0 180\u00ba, d&rsquo;une protection contre la surcharge de la batterie et comprend un c\u00e2ble USB.<\/p>\n","protected":false},"featured_media":13074,"comment_status":"closed","ping_status":"closed","template":"","meta":[],"product_brand":[],"product_cat":[451,467],"product_tag":[1735,1741,1737,1740],"class_list":{"0":"post-13073","1":"product","2":"type-product","3":"status-publish","4":"has-post-thumbnail","6":"product_cat-eclairage-pour-la-maison","7":"product_cat-lampes-de-travail","8":"product_tag-eclairage","9":"product_tag-llanterna-fr","10":"product_tag-luceco-fr","11":"product_tag-lumiere","13":"first","14":"instock","15":"sale","16":"taxable","17":"shipping-taxable","18":"purchasable","19":"product-type-simple"},"yoast_head":"<!-- This site is optimized with the Yoast SEO plugin v27.4 - https:\/\/yoast.com\/product\/yoast-seo-wordpress\/ -->\n<title>Mini lampe de poche rechargeable LUCECO | SAIGA<\/title>\n<meta name=\"description\" content=\"La mini lampe de poche rechargeable LUCECO dispose de deux types de lumi\u00e8re, d&#039;un bo\u00eetier durable, d&#039;une base magn\u00e9tique inclinable \u00e0 180\u00ba et comprend un c\u00e2ble USB.\" \/>\n<meta name=\"robots\" content=\"index, follow, max-snippet:-1, max-image-preview:large, max-video-preview:-1\" \/>\n<link rel=\"canonical\" href=\"https:\/\/saiga.es\/fr\/produit\/mini-lampe-de-poche-rechargeable-luceco\/\" \/>\n<meta property=\"og:locale\" content=\"fr_FR\" \/>\n<meta property=\"og:type\" content=\"article\" \/>\n<meta property=\"og:title\" content=\"Mini lampe de poche rechargeable LUCECO | SAIGA\" \/>\n<meta property=\"og:description\" content=\"La mini lampe de poche rechargeable LUCECO dispose de deux types de lumi\u00e8re, d&#039;un bo\u00eetier durable, d&#039;une base magn\u00e9tique inclinable \u00e0 180\u00ba et comprend un c\u00e2ble USB.\" \/>\n<meta property=\"og:url\" content=\"https:\/\/saiga.es\/fr\/produit\/mini-lampe-de-poche-rechargeable-luceco\/\" \/>\n<meta property=\"og:site_name\" content=\"SAIGA\" \/>\n<meta property=\"og:image\" content=\"https:\/\/saiga.es\/wp-content\/uploads\/2023\/12\/Led-recarregable-torch-rotated.jpg\" \/>\n\t<meta property=\"og:image:width\" content=\"1512\" \/>\n\t<meta property=\"og:image:height\" content=\"2016\" \/>\n\t<meta property=\"og:image:type\" content=\"image\/jpeg\" \/>\n<meta name=\"twitter:card\" content=\"summary_large_image\" \/>\n<meta name=\"twitter:site\" content=\"@saiga_agro\" \/>\n<meta name=\"twitter:label1\" content=\"Dur\u00e9e de lecture estim\u00e9e\" \/>\n\t<meta name=\"twitter:data1\" content=\"1 minute\" \/>\n<script type=\"application\/ld+json\" class=\"yoast-schema-graph\">{\"@context\":\"https:\\\/\\\/schema.org\",\"@graph\":[{\"@type\":\"WebPage\",\"@id\":\"https:\\\/\\\/saiga.es\\\/fr\\\/produit\\\/mini-lampe-de-poche-rechargeable-luceco\\\/\",\"url\":\"https:\\\/\\\/saiga.es\\\/fr\\\/produit\\\/mini-lampe-de-poche-rechargeable-luceco\\\/\",\"name\":\"Mini lampe de poche rechargeable LUCECO | SAIGA\",\"isPartOf\":{\"@id\":\"https:\\\/\\\/saiga.es\\\/fr\\\/#website\"},\"primaryImageOfPage\":{\"@id\":\"https:\\\/\\\/saiga.es\\\/fr\\\/produit\\\/mini-lampe-de-poche-rechargeable-luceco\\\/#primaryimage\"},\"image\":{\"@id\":\"https:\\\/\\\/saiga.es\\\/fr\\\/produit\\\/mini-lampe-de-poche-rechargeable-luceco\\\/#primaryimage\"},\"thumbnailUrl\":\"https:\\\/\\\/saiga.es\\\/wp-content\\\/uploads\\\/2023\\\/12\\\/Led-recarregable-torch-rotated.jpg\",\"datePublished\":\"2023-12-07T13:54:33+00:00\",\"description\":\"La mini lampe de poche rechargeable LUCECO dispose de deux types de lumi\u00e8re, d'un bo\u00eetier durable, d'une base magn\u00e9tique inclinable \u00e0 180\u00ba et comprend un c\u00e2ble USB.\",\"breadcrumb\":{\"@id\":\"https:\\\/\\\/saiga.es\\\/fr\\\/produit\\\/mini-lampe-de-poche-rechargeable-luceco\\\/#breadcrumb\"},\"inLanguage\":\"fr-FR\",\"potentialAction\":[{\"@type\":\"ReadAction\",\"target\":[\"https:\\\/\\\/saiga.es\\\/fr\\\/produit\\\/mini-lampe-de-poche-rechargeable-luceco\\\/\"]}]},{\"@type\":\"ImageObject\",\"inLanguage\":\"fr-FR\",\"@id\":\"https:\\\/\\\/saiga.es\\\/fr\\\/produit\\\/mini-lampe-de-poche-rechargeable-luceco\\\/#primaryimage\",\"url\":\"https:\\\/\\\/saiga.es\\\/wp-content\\\/uploads\\\/2023\\\/12\\\/Led-recarregable-torch-rotated.jpg\",\"contentUrl\":\"https:\\\/\\\/saiga.es\\\/wp-content\\\/uploads\\\/2023\\\/12\\\/Led-recarregable-torch-rotated.jpg\",\"width\":1512,\"height\":2016},{\"@type\":\"BreadcrumbList\",\"@id\":\"https:\\\/\\\/saiga.es\\\/fr\\\/produit\\\/mini-lampe-de-poche-rechargeable-luceco\\\/#breadcrumb\",\"itemListElement\":[{\"@type\":\"ListItem\",\"position\":1,\"name\":\"Inici\",\"item\":\"https:\\\/\\\/saiga.es\\\/fr\\\/\"},{\"@type\":\"ListItem\",\"position\":2,\"name\":\"boutique\",\"item\":\"https:\\\/\\\/saiga.es\\\/fr\\\/boutique\\\/\"},{\"@type\":\"ListItem\",\"position\":3,\"name\":\"Mini lampe de poche rechargeable LUCECO\"}]},{\"@type\":\"WebSite\",\"@id\":\"https:\\\/\\\/saiga.es\\\/fr\\\/#website\",\"url\":\"https:\\\/\\\/saiga.es\\\/fr\\\/\",\"name\":\"SAIGA\",\"description\":\"M\u00e9s de 50 anys al servei de la terra i treballant per a un \u00fas eficient de l\u2019aigua!\",\"publisher\":{\"@id\":\"https:\\\/\\\/saiga.es\\\/fr\\\/#organization\"},\"potentialAction\":[{\"@type\":\"SearchAction\",\"target\":{\"@type\":\"EntryPoint\",\"urlTemplate\":\"https:\\\/\\\/saiga.es\\\/fr\\\/?s={search_term_string}\"},\"query-input\":{\"@type\":\"PropertyValueSpecification\",\"valueRequired\":true,\"valueName\":\"search_term_string\"}}],\"inLanguage\":\"fr-FR\"},{\"@type\":\"Organization\",\"@id\":\"https:\\\/\\\/saiga.es\\\/fr\\\/#organization\",\"name\":\"SAIGA\",\"url\":\"https:\\\/\\\/saiga.es\\\/fr\\\/\",\"logo\":{\"@type\":\"ImageObject\",\"inLanguage\":\"fr-FR\",\"@id\":\"https:\\\/\\\/saiga.es\\\/fr\\\/#\\\/schema\\\/logo\\\/image\\\/\",\"url\":\"https:\\\/\\\/saiga.es\\\/wp-content\\\/uploads\\\/2025\\\/07\\\/logo_saiga_baseline_optimitzat.svg\",\"contentUrl\":\"https:\\\/\\\/saiga.es\\\/wp-content\\\/uploads\\\/2025\\\/07\\\/logo_saiga_baseline_optimitzat.svg\",\"caption\":\"SAIGA\"},\"image\":{\"@id\":\"https:\\\/\\\/saiga.es\\\/fr\\\/#\\\/schema\\\/logo\\\/image\\\/\"},\"sameAs\":[\"https:\\\/\\\/x.com\\\/saiga_agro\",\"https:\\\/\\\/www.instagram.com\\\/saiga_agro\\\/\"]}]}<\/script>\n<!-- \/ Yoast SEO plugin. -->","yoast_head_json":{"title":"Mini lampe de poche rechargeable LUCECO | SAIGA","description":"La mini lampe de poche rechargeable LUCECO dispose de deux types de lumi\u00e8re, d'un bo\u00eetier durable, d'une base magn\u00e9tique inclinable \u00e0 180\u00ba et comprend un c\u00e2ble USB.","robots":{"index":"index","follow":"follow","max-snippet":"max-snippet:-1","max-image-preview":"max-image-preview:large","max-video-preview":"max-video-preview:-1"},"canonical":"https:\/\/saiga.es\/fr\/produit\/mini-lampe-de-poche-rechargeable-luceco\/","og_locale":"fr_FR","og_type":"article","og_title":"Mini lampe de poche rechargeable LUCECO | SAIGA","og_description":"La mini lampe de poche rechargeable LUCECO dispose de deux types de lumi\u00e8re, d'un bo\u00eetier durable, d'une base magn\u00e9tique inclinable \u00e0 180\u00ba et comprend un c\u00e2ble USB.","og_url":"https:\/\/saiga.es\/fr\/produit\/mini-lampe-de-poche-rechargeable-luceco\/","og_site_name":"SAIGA","og_image":[{"width":1512,"height":2016,"url":"https:\/\/saiga.es\/wp-content\/uploads\/2023\/12\/Led-recarregable-torch-rotated.jpg","type":"image\/jpeg"}],"twitter_card":"summary_large_image","twitter_site":"@saiga_agro","twitter_misc":{"Dur\u00e9e de lecture estim\u00e9e":"1 minute"},"schema":{"@context":"https:\/\/schema.org","@graph":[{"@type":"WebPage","@id":"https:\/\/saiga.es\/fr\/produit\/mini-lampe-de-poche-rechargeable-luceco\/","url":"https:\/\/saiga.es\/fr\/produit\/mini-lampe-de-poche-rechargeable-luceco\/","name":"Mini lampe de poche rechargeable LUCECO | SAIGA","isPartOf":{"@id":"https:\/\/saiga.es\/fr\/#website"},"primaryImageOfPage":{"@id":"https:\/\/saiga.es\/fr\/produit\/mini-lampe-de-poche-rechargeable-luceco\/#primaryimage"},"image":{"@id":"https:\/\/saiga.es\/fr\/produit\/mini-lampe-de-poche-rechargeable-luceco\/#primaryimage"},"thumbnailUrl":"https:\/\/saiga.es\/wp-content\/uploads\/2023\/12\/Led-recarregable-torch-rotated.jpg","datePublished":"2023-12-07T13:54:33+00:00","description":"La mini lampe de poche rechargeable LUCECO dispose de deux types de lumi\u00e8re, d'un bo\u00eetier durable, d'une base magn\u00e9tique inclinable \u00e0 180\u00ba et comprend un c\u00e2ble USB.","breadcrumb":{"@id":"https:\/\/saiga.es\/fr\/produit\/mini-lampe-de-poche-rechargeable-luceco\/#breadcrumb"},"inLanguage":"fr-FR","potentialAction":[{"@type":"ReadAction","target":["https:\/\/saiga.es\/fr\/produit\/mini-lampe-de-poche-rechargeable-luceco\/"]}]},{"@type":"ImageObject","inLanguage":"fr-FR","@id":"https:\/\/saiga.es\/fr\/produit\/mini-lampe-de-poche-rechargeable-luceco\/#primaryimage","url":"https:\/\/saiga.es\/wp-content\/uploads\/2023\/12\/Led-recarregable-torch-rotated.jpg","contentUrl":"https:\/\/saiga.es\/wp-content\/uploads\/2023\/12\/Led-recarregable-torch-rotated.jpg","width":1512,"height":2016},{"@type":"BreadcrumbList","@id":"https:\/\/saiga.es\/fr\/produit\/mini-lampe-de-poche-rechargeable-luceco\/#breadcrumb","itemListElement":[{"@type":"ListItem","position":1,"name":"Inici","item":"https:\/\/saiga.es\/fr\/"},{"@type":"ListItem","position":2,"name":"boutique","item":"https:\/\/saiga.es\/fr\/boutique\/"},{"@type":"ListItem","position":3,"name":"Mini lampe de poche rechargeable LUCECO"}]},{"@type":"WebSite","@id":"https:\/\/saiga.es\/fr\/#website","url":"https:\/\/saiga.es\/fr\/","name":"SAIGA","description":"M\u00e9s de 50 anys al servei de la terra i treballant per a un \u00fas eficient de l\u2019aigua!","publisher":{"@id":"https:\/\/saiga.es\/fr\/#organization"},"potentialAction":[{"@type":"SearchAction","target":{"@type":"EntryPoint","urlTemplate":"https:\/\/saiga.es\/fr\/?s={search_term_string}"},"query-input":{"@type":"PropertyValueSpecification","valueRequired":true,"valueName":"search_term_string"}}],"inLanguage":"fr-FR"},{"@type":"Organization","@id":"https:\/\/saiga.es\/fr\/#organization","name":"SAIGA","url":"https:\/\/saiga.es\/fr\/","logo":{"@type":"ImageObject","inLanguage":"fr-FR","@id":"https:\/\/saiga.es\/fr\/#\/schema\/logo\/image\/","url":"https:\/\/saiga.es\/wp-content\/uploads\/2025\/07\/logo_saiga_baseline_optimitzat.svg","contentUrl":"https:\/\/saiga.es\/wp-content\/uploads\/2025\/07\/logo_saiga_baseline_optimitzat.svg","caption":"SAIGA"},"image":{"@id":"https:\/\/saiga.es\/fr\/#\/schema\/logo\/image\/"},"sameAs":["https:\/\/x.com\/saiga_agro","https:\/\/www.instagram.com\/saiga_agro\/"]}]}},"_links":{"self":[{"href":"https:\/\/saiga.es\/fr\/wp-json\/wp\/v2\/product\/13073","targetHints":{"allow":["GET"]}}],"collection":[{"href":"https:\/\/saiga.es\/fr\/wp-json\/wp\/v2\/product"}],"about":[{"href":"https:\/\/saiga.es\/fr\/wp-json\/wp\/v2\/types\/product"}],"replies":[{"embeddable":true,"href":"https:\/\/saiga.es\/fr\/wp-json\/wp\/v2\/comments?post=13073"}],"wp:featuredmedia":[{"embeddable":true,"href":"https:\/\/saiga.es\/fr\/wp-json\/wp\/v2\/media\/13074"}],"wp:attachment":[{"href":"https:\/\/saiga.es\/fr\/wp-json\/wp\/v2\/media?parent=13073"}],"wp:term":[{"taxonomy":"product_brand","embeddable":true,"href":"https:\/\/saiga.es\/fr\/wp-json\/wp\/v2\/product_brand?post=13073"},{"taxonomy":"product_cat","embeddable":true,"href":"https:\/\/saiga.es\/fr\/wp-json\/wp\/v2\/product_cat?post=13073"},{"taxonomy":"product_tag","embeddable":true,"href":"https:\/\/saiga.es\/fr\/wp-json\/wp\/v2\/product_tag?post=13073"}],"curies":[{"name":"wp","href":"https:\/\/api.w.org\/{rel}","templated":true}]}}