{"id":13119,"date":"2024-12-03T13:50:15","date_gmt":"2024-12-03T13:50:15","guid":{"rendered":"https:\/\/botiga.saiga.es\/producte\/pulverisateur-matabi-evolution-12\/"},"modified":"2025-10-27T07:54:01","modified_gmt":"2025-10-27T07:54:01","slug":"pulverisateur-matabi-evolution-12","status":"publish","type":"product","link":"https:\/\/saiga.es\/fr\/produit\/pulverisateur-matabi-evolution-12\/","title":{"rendered":"Pulv\u00e9risateur Matabi Evolution 12"},"content":{"rendered":"<p>Pulv\u00e9risateur manuel \u00e0 dos polyvalent d&rsquo;une capacit\u00e9 de 12 litres, adapt\u00e9 pour une utilisation sur des surfaces inf\u00e9rieures \u00e0 400 m\u00b2. La poign\u00e9e en acier inoxydable assure un fonctionnement fiable et durable. Il comprend une s\u00e9lection de filtres qui vous permettent de r\u00e9aliser diff\u00e9rents types d&rsquo;applications.  <\/p>\n<p>Avantages : Plus grandes performances et r\u00e9sistance aux produits agrochimiques gr\u00e2ce \u00e0 la robustesse de la r\u00e9tention et du manche INOX. Entretien sans outils. Possibilit\u00e9 de m\u00e9langer \u00e0 l&rsquo;int\u00e9rieur de la cuve gr\u00e2ce \u00e0 la vue lat\u00e9rale translucide. Homog\u00e9n\u00e9it\u00e9 du traitement gr\u00e2ce au r\u00e9gulateur de pression. Ambidextre et l\u00e9ger tout en conservant l&rsquo;ergonomie. Convient pour l&rsquo;application de produits d&rsquo;origine naturelle (acide p\u00e9largonique, ac\u00e9tique&#8230;).     <\/p>\n","protected":false},"excerpt":{"rendered":"<p>Pulv\u00e9risateur manuel \u00e0 dos polyvalent d&rsquo;une capacit\u00e9 de 12 litres, adapt\u00e9 pour une utilisation sur des surfaces inf\u00e9rieures \u00e0 400 m\u00b2. La poign\u00e9e en acier inoxydable assure un fonctionnement fiable et durable. Il comprend une s\u00e9lection de filtres qui vous permettent de r\u00e9aliser diff\u00e9rents types d&rsquo;applications.  <\/p>\n","protected":false},"featured_media":13116,"comment_status":"closed","ping_status":"closed","template":"","meta":[],"product_brand":[],"product_cat":[1744],"product_tag":[1637,1745],"class_list":{"0":"post-13119","1":"product","2":"type-product","3":"status-publish","4":"has-post-thumbnail","6":"product_cat-pulverisateurs","7":"product_tag-matabi-fr","8":"product_tag-pulverisateur-fr-2","10":"first","11":"instock","12":"taxable","13":"shipping-taxable","14":"purchasable","15":"product-type-simple"},"yoast_head":"<!-- This site is optimized with the Yoast SEO plugin v27.4 - https:\/\/yoast.com\/product\/yoast-seo-wordpress\/ -->\n<title>Pulv\u00e9risateur Matabi Evolution 12 | SAIGA<\/title>\n<meta name=\"description\" content=\"Pulv\u00e9risateur manuel \u00e0 dos polyvalent d&#039;une capacit\u00e9 de 12 litres, adapt\u00e9 pour une utilisation sur des surfaces inf\u00e9rieures \u00e0 400 m\u00b2. La poign\u00e9e en acier inoxydable assure un fonctionnement fiable et durable. Il comprend une s\u00e9lection de filtres qui vous permettent de r\u00e9aliser diff\u00e9rents types d&#039;applications.\" \/>\n<meta name=\"robots\" content=\"index, follow, max-snippet:-1, max-image-preview:large, max-video-preview:-1\" \/>\n<link rel=\"canonical\" href=\"https:\/\/saiga.es\/fr\/produit\/pulverisateur-matabi-evolution-12\/\" \/>\n<meta property=\"og:locale\" content=\"fr_FR\" \/>\n<meta property=\"og:type\" content=\"article\" \/>\n<meta property=\"og:title\" content=\"Pulv\u00e9risateur Matabi Evolution 12 | SAIGA\" \/>\n<meta property=\"og:description\" content=\"Pulv\u00e9risateur manuel \u00e0 dos polyvalent d&#039;une capacit\u00e9 de 12 litres, adapt\u00e9 pour une utilisation sur des surfaces inf\u00e9rieures \u00e0 400 m\u00b2. La poign\u00e9e en acier inoxydable assure un fonctionnement fiable et durable. Il comprend une s\u00e9lection de filtres qui vous permettent de r\u00e9aliser diff\u00e9rents types d&#039;applications.\" \/>\n<meta property=\"og:url\" content=\"https:\/\/saiga.es\/fr\/produit\/pulverisateur-matabi-evolution-12\/\" \/>\n<meta property=\"og:site_name\" content=\"SAIGA\" \/>\n<meta property=\"article:modified_time\" content=\"2025-10-27T07:54:01+00:00\" \/>\n<meta property=\"og:image\" content=\"https:\/\/saiga.es\/wp-content\/uploads\/2024\/12\/Matabi-evolution-12.jpg\" \/>\n\t<meta property=\"og:image:width\" content=\"1080\" \/>\n\t<meta property=\"og:image:height\" content=\"1080\" \/>\n\t<meta property=\"og:image:type\" content=\"image\/jpeg\" \/>\n<meta name=\"twitter:card\" content=\"summary_large_image\" \/>\n<meta name=\"twitter:site\" content=\"@saiga_agro\" \/>\n<meta name=\"twitter:label1\" content=\"Dur\u00e9e de lecture estim\u00e9e\" \/>\n\t<meta name=\"twitter:data1\" content=\"1 minute\" \/>\n<script type=\"application\/ld+json\" class=\"yoast-schema-graph\">{\"@context\":\"https:\\\/\\\/schema.org\",\"@graph\":[{\"@type\":\"WebPage\",\"@id\":\"https:\\\/\\\/saiga.es\\\/fr\\\/produit\\\/pulverisateur-matabi-evolution-12\\\/\",\"url\":\"https:\\\/\\\/saiga.es\\\/fr\\\/produit\\\/pulverisateur-matabi-evolution-12\\\/\",\"name\":\"Pulv\u00e9risateur Matabi Evolution 12 | SAIGA\",\"isPartOf\":{\"@id\":\"https:\\\/\\\/saiga.es\\\/fr\\\/#website\"},\"primaryImageOfPage\":{\"@id\":\"https:\\\/\\\/saiga.es\\\/fr\\\/produit\\\/pulverisateur-matabi-evolution-12\\\/#primaryimage\"},\"image\":{\"@id\":\"https:\\\/\\\/saiga.es\\\/fr\\\/produit\\\/pulverisateur-matabi-evolution-12\\\/#primaryimage\"},\"thumbnailUrl\":\"https:\\\/\\\/saiga.es\\\/wp-content\\\/uploads\\\/2024\\\/12\\\/Matabi-evolution-12.jpg\",\"datePublished\":\"2024-12-03T13:50:15+00:00\",\"dateModified\":\"2025-10-27T07:54:01+00:00\",\"description\":\"Pulv\u00e9risateur manuel \u00e0 dos polyvalent d'une capacit\u00e9 de 12 litres, adapt\u00e9 pour une utilisation sur des surfaces inf\u00e9rieures \u00e0 400 m\u00b2. La poign\u00e9e en acier inoxydable assure un fonctionnement fiable et durable. Il comprend une s\u00e9lection de filtres qui vous permettent de r\u00e9aliser diff\u00e9rents types d'applications.\",\"breadcrumb\":{\"@id\":\"https:\\\/\\\/saiga.es\\\/fr\\\/produit\\\/pulverisateur-matabi-evolution-12\\\/#breadcrumb\"},\"inLanguage\":\"fr-FR\",\"potentialAction\":[{\"@type\":\"ReadAction\",\"target\":[\"https:\\\/\\\/saiga.es\\\/fr\\\/produit\\\/pulverisateur-matabi-evolution-12\\\/\"]}]},{\"@type\":\"ImageObject\",\"inLanguage\":\"fr-FR\",\"@id\":\"https:\\\/\\\/saiga.es\\\/fr\\\/produit\\\/pulverisateur-matabi-evolution-12\\\/#primaryimage\",\"url\":\"https:\\\/\\\/saiga.es\\\/wp-content\\\/uploads\\\/2024\\\/12\\\/Matabi-evolution-12.jpg\",\"contentUrl\":\"https:\\\/\\\/saiga.es\\\/wp-content\\\/uploads\\\/2024\\\/12\\\/Matabi-evolution-12.jpg\",\"width\":1080,\"height\":1080,\"caption\":\"Polvoritzador Evolution 12\"},{\"@type\":\"BreadcrumbList\",\"@id\":\"https:\\\/\\\/saiga.es\\\/fr\\\/produit\\\/pulverisateur-matabi-evolution-12\\\/#breadcrumb\",\"itemListElement\":[{\"@type\":\"ListItem\",\"position\":1,\"name\":\"Inici\",\"item\":\"https:\\\/\\\/saiga.es\\\/fr\\\/\"},{\"@type\":\"ListItem\",\"position\":2,\"name\":\"boutique\",\"item\":\"https:\\\/\\\/saiga.es\\\/fr\\\/boutique\\\/\"},{\"@type\":\"ListItem\",\"position\":3,\"name\":\"Pulv\u00e9risateur Matabi Evolution 12\"}]},{\"@type\":\"WebSite\",\"@id\":\"https:\\\/\\\/saiga.es\\\/fr\\\/#website\",\"url\":\"https:\\\/\\\/saiga.es\\\/fr\\\/\",\"name\":\"SAIGA\",\"description\":\"M\u00e9s de 50 anys al servei de la terra i treballant per a un \u00fas eficient de l\u2019aigua!\",\"publisher\":{\"@id\":\"https:\\\/\\\/saiga.es\\\/fr\\\/#organization\"},\"potentialAction\":[{\"@type\":\"SearchAction\",\"target\":{\"@type\":\"EntryPoint\",\"urlTemplate\":\"https:\\\/\\\/saiga.es\\\/fr\\\/?s={search_term_string}\"},\"query-input\":{\"@type\":\"PropertyValueSpecification\",\"valueRequired\":true,\"valueName\":\"search_term_string\"}}],\"inLanguage\":\"fr-FR\"},{\"@type\":\"Organization\",\"@id\":\"https:\\\/\\\/saiga.es\\\/fr\\\/#organization\",\"name\":\"SAIGA\",\"url\":\"https:\\\/\\\/saiga.es\\\/fr\\\/\",\"logo\":{\"@type\":\"ImageObject\",\"inLanguage\":\"fr-FR\",\"@id\":\"https:\\\/\\\/saiga.es\\\/fr\\\/#\\\/schema\\\/logo\\\/image\\\/\",\"url\":\"https:\\\/\\\/saiga.es\\\/wp-content\\\/uploads\\\/2025\\\/07\\\/logo_saiga_baseline_optimitzat.svg\",\"contentUrl\":\"https:\\\/\\\/saiga.es\\\/wp-content\\\/uploads\\\/2025\\\/07\\\/logo_saiga_baseline_optimitzat.svg\",\"caption\":\"SAIGA\"},\"image\":{\"@id\":\"https:\\\/\\\/saiga.es\\\/fr\\\/#\\\/schema\\\/logo\\\/image\\\/\"},\"sameAs\":[\"https:\\\/\\\/x.com\\\/saiga_agro\",\"https:\\\/\\\/www.instagram.com\\\/saiga_agro\\\/\"]}]}<\/script>\n<!-- \/ Yoast SEO plugin. -->","yoast_head_json":{"title":"Pulv\u00e9risateur Matabi Evolution 12 | SAIGA","description":"Pulv\u00e9risateur manuel \u00e0 dos polyvalent d'une capacit\u00e9 de 12 litres, adapt\u00e9 pour une utilisation sur des surfaces inf\u00e9rieures \u00e0 400 m\u00b2. La poign\u00e9e en acier inoxydable assure un fonctionnement fiable et durable. Il comprend une s\u00e9lection de filtres qui vous permettent de r\u00e9aliser diff\u00e9rents types d'applications.","robots":{"index":"index","follow":"follow","max-snippet":"max-snippet:-1","max-image-preview":"max-image-preview:large","max-video-preview":"max-video-preview:-1"},"canonical":"https:\/\/saiga.es\/fr\/produit\/pulverisateur-matabi-evolution-12\/","og_locale":"fr_FR","og_type":"article","og_title":"Pulv\u00e9risateur Matabi Evolution 12 | SAIGA","og_description":"Pulv\u00e9risateur manuel \u00e0 dos polyvalent d'une capacit\u00e9 de 12 litres, adapt\u00e9 pour une utilisation sur des surfaces inf\u00e9rieures \u00e0 400 m\u00b2. La poign\u00e9e en acier inoxydable assure un fonctionnement fiable et durable. Il comprend une s\u00e9lection de filtres qui vous permettent de r\u00e9aliser diff\u00e9rents types d'applications.","og_url":"https:\/\/saiga.es\/fr\/produit\/pulverisateur-matabi-evolution-12\/","og_site_name":"SAIGA","article_modified_time":"2025-10-27T07:54:01+00:00","og_image":[{"width":1080,"height":1080,"url":"https:\/\/saiga.es\/wp-content\/uploads\/2024\/12\/Matabi-evolution-12.jpg","type":"image\/jpeg"}],"twitter_card":"summary_large_image","twitter_site":"@saiga_agro","twitter_misc":{"Dur\u00e9e de lecture estim\u00e9e":"1 minute"},"schema":{"@context":"https:\/\/schema.org","@graph":[{"@type":"WebPage","@id":"https:\/\/saiga.es\/fr\/produit\/pulverisateur-matabi-evolution-12\/","url":"https:\/\/saiga.es\/fr\/produit\/pulverisateur-matabi-evolution-12\/","name":"Pulv\u00e9risateur Matabi Evolution 12 | SAIGA","isPartOf":{"@id":"https:\/\/saiga.es\/fr\/#website"},"primaryImageOfPage":{"@id":"https:\/\/saiga.es\/fr\/produit\/pulverisateur-matabi-evolution-12\/#primaryimage"},"image":{"@id":"https:\/\/saiga.es\/fr\/produit\/pulverisateur-matabi-evolution-12\/#primaryimage"},"thumbnailUrl":"https:\/\/saiga.es\/wp-content\/uploads\/2024\/12\/Matabi-evolution-12.jpg","datePublished":"2024-12-03T13:50:15+00:00","dateModified":"2025-10-27T07:54:01+00:00","description":"Pulv\u00e9risateur manuel \u00e0 dos polyvalent d'une capacit\u00e9 de 12 litres, adapt\u00e9 pour une utilisation sur des surfaces inf\u00e9rieures \u00e0 400 m\u00b2. La poign\u00e9e en acier inoxydable assure un fonctionnement fiable et durable. Il comprend une s\u00e9lection de filtres qui vous permettent de r\u00e9aliser diff\u00e9rents types d'applications.","breadcrumb":{"@id":"https:\/\/saiga.es\/fr\/produit\/pulverisateur-matabi-evolution-12\/#breadcrumb"},"inLanguage":"fr-FR","potentialAction":[{"@type":"ReadAction","target":["https:\/\/saiga.es\/fr\/produit\/pulverisateur-matabi-evolution-12\/"]}]},{"@type":"ImageObject","inLanguage":"fr-FR","@id":"https:\/\/saiga.es\/fr\/produit\/pulverisateur-matabi-evolution-12\/#primaryimage","url":"https:\/\/saiga.es\/wp-content\/uploads\/2024\/12\/Matabi-evolution-12.jpg","contentUrl":"https:\/\/saiga.es\/wp-content\/uploads\/2024\/12\/Matabi-evolution-12.jpg","width":1080,"height":1080,"caption":"Polvoritzador Evolution 12"},{"@type":"BreadcrumbList","@id":"https:\/\/saiga.es\/fr\/produit\/pulverisateur-matabi-evolution-12\/#breadcrumb","itemListElement":[{"@type":"ListItem","position":1,"name":"Inici","item":"https:\/\/saiga.es\/fr\/"},{"@type":"ListItem","position":2,"name":"boutique","item":"https:\/\/saiga.es\/fr\/boutique\/"},{"@type":"ListItem","position":3,"name":"Pulv\u00e9risateur Matabi Evolution 12"}]},{"@type":"WebSite","@id":"https:\/\/saiga.es\/fr\/#website","url":"https:\/\/saiga.es\/fr\/","name":"SAIGA","description":"M\u00e9s de 50 anys al servei de la terra i treballant per a un \u00fas eficient de l\u2019aigua!","publisher":{"@id":"https:\/\/saiga.es\/fr\/#organization"},"potentialAction":[{"@type":"SearchAction","target":{"@type":"EntryPoint","urlTemplate":"https:\/\/saiga.es\/fr\/?s={search_term_string}"},"query-input":{"@type":"PropertyValueSpecification","valueRequired":true,"valueName":"search_term_string"}}],"inLanguage":"fr-FR"},{"@type":"Organization","@id":"https:\/\/saiga.es\/fr\/#organization","name":"SAIGA","url":"https:\/\/saiga.es\/fr\/","logo":{"@type":"ImageObject","inLanguage":"fr-FR","@id":"https:\/\/saiga.es\/fr\/#\/schema\/logo\/image\/","url":"https:\/\/saiga.es\/wp-content\/uploads\/2025\/07\/logo_saiga_baseline_optimitzat.svg","contentUrl":"https:\/\/saiga.es\/wp-content\/uploads\/2025\/07\/logo_saiga_baseline_optimitzat.svg","caption":"SAIGA"},"image":{"@id":"https:\/\/saiga.es\/fr\/#\/schema\/logo\/image\/"},"sameAs":["https:\/\/x.com\/saiga_agro","https:\/\/www.instagram.com\/saiga_agro\/"]}]}},"_links":{"self":[{"href":"https:\/\/saiga.es\/fr\/wp-json\/wp\/v2\/product\/13119","targetHints":{"allow":["GET"]}}],"collection":[{"href":"https:\/\/saiga.es\/fr\/wp-json\/wp\/v2\/product"}],"about":[{"href":"https:\/\/saiga.es\/fr\/wp-json\/wp\/v2\/types\/product"}],"replies":[{"embeddable":true,"href":"https:\/\/saiga.es\/fr\/wp-json\/wp\/v2\/comments?post=13119"}],"wp:featuredmedia":[{"embeddable":true,"href":"https:\/\/saiga.es\/fr\/wp-json\/wp\/v2\/media\/13116"}],"wp:attachment":[{"href":"https:\/\/saiga.es\/fr\/wp-json\/wp\/v2\/media?parent=13119"}],"wp:term":[{"taxonomy":"product_brand","embeddable":true,"href":"https:\/\/saiga.es\/fr\/wp-json\/wp\/v2\/product_brand?post=13119"},{"taxonomy":"product_cat","embeddable":true,"href":"https:\/\/saiga.es\/fr\/wp-json\/wp\/v2\/product_cat?post=13119"},{"taxonomy":"product_tag","embeddable":true,"href":"https:\/\/saiga.es\/fr\/wp-json\/wp\/v2\/product_tag?post=13119"}],"curies":[{"name":"wp","href":"https:\/\/api.w.org\/{rel}","templated":true}]}}