{"id":13138,"date":"2024-12-03T14:50:38","date_gmt":"2024-12-03T14:50:38","guid":{"rendered":"https:\/\/botiga.saiga.es\/producte\/pulverisateur-sirfran-ml-2\/"},"modified":"2024-12-03T14:50:38","modified_gmt":"2024-12-03T14:50:38","slug":"pulverisateur-sirfran-ml-2","status":"publish","type":"product","link":"https:\/\/saiga.es\/fr\/produit\/pulverisateur-sirfran-ml-2\/","title":{"rendered":"Pulv\u00e9risateur Sirfran ML-2"},"content":{"rendered":"<p>Le pulv\u00e9risateur d&rsquo;une capacit\u00e9 de 2 litres est le choix id\u00e9al pour ceux qui recherchent un \u00e9quipement compact, efficace et facile \u00e0 manipuler pour les petits projets. Gr\u00e2ce \u00e0 ses capacit\u00e9s am\u00e9lior\u00e9es, il est id\u00e9al pour accomplir une vari\u00e9t\u00e9 de t\u00e2ches d\u00e9taill\u00e9es avec confort et efficacit\u00e9. <\/p>\n","protected":false},"excerpt":{"rendered":"<p>Le pulv\u00e9risateur d&rsquo;une capacit\u00e9 de 2 litres est le choix id\u00e9al pour ceux qui recherchent un \u00e9quipement compact, efficace et facile \u00e0 manipuler pour les petits projets. Gr\u00e2ce \u00e0 ses capacit\u00e9s am\u00e9lior\u00e9es, il est id\u00e9al pour accomplir une vari\u00e9t\u00e9 de t\u00e2ches d\u00e9taill\u00e9es avec confort et efficacit\u00e9. <\/p>\n","protected":false},"featured_media":13136,"comment_status":"closed","ping_status":"closed","template":"","meta":[],"product_brand":[],"product_cat":[1744],"product_tag":[1745,1749],"class_list":{"0":"post-13138","1":"product","2":"type-product","3":"status-publish","4":"has-post-thumbnail","6":"product_cat-pulverisateurs","7":"product_tag-pulverisateur-fr-2","8":"product_tag-sirfran-fr","10":"first","11":"instock","12":"taxable","13":"shipping-taxable","14":"purchasable","15":"product-type-simple"},"yoast_head":"<!-- This site is optimized with the Yoast SEO plugin v27.4 - https:\/\/yoast.com\/product\/yoast-seo-wordpress\/ -->\n<title>Pulv\u00e9risateur Sirfran ML-2 | SAIGA<\/title>\n<meta name=\"description\" content=\"Le pulv\u00e9risateur d&#039;une capacit\u00e9 de 2 litres est le choix id\u00e9al pour ceux qui recherchent un \u00e9quipement compact, efficace et facile \u00e0 manipuler pour les petits projets.\" \/>\n<meta name=\"robots\" content=\"index, follow, max-snippet:-1, max-image-preview:large, max-video-preview:-1\" \/>\n<link rel=\"canonical\" href=\"https:\/\/saiga.es\/fr\/produit\/pulverisateur-sirfran-ml-2\/\" \/>\n<meta property=\"og:locale\" content=\"fr_FR\" \/>\n<meta property=\"og:type\" content=\"article\" \/>\n<meta property=\"og:title\" content=\"Pulv\u00e9risateur Sirfran ML-2 | SAIGA\" \/>\n<meta property=\"og:description\" content=\"Le pulv\u00e9risateur d&#039;une capacit\u00e9 de 2 litres est le choix id\u00e9al pour ceux qui recherchent un \u00e9quipement compact, efficace et facile \u00e0 manipuler pour les petits projets.\" \/>\n<meta property=\"og:url\" content=\"https:\/\/saiga.es\/fr\/produit\/pulverisateur-sirfran-ml-2\/\" \/>\n<meta property=\"og:site_name\" content=\"SAIGA\" \/>\n<meta property=\"og:image\" content=\"https:\/\/saiga.es\/wp-content\/uploads\/2024\/12\/Polvoritzador-ML-2-Sirfran-.jpg\" \/>\n\t<meta property=\"og:image:width\" content=\"1080\" \/>\n\t<meta property=\"og:image:height\" content=\"1080\" \/>\n\t<meta property=\"og:image:type\" content=\"image\/jpeg\" \/>\n<meta name=\"twitter:card\" content=\"summary_large_image\" \/>\n<meta name=\"twitter:site\" content=\"@saiga_agro\" \/>\n<script type=\"application\/ld+json\" class=\"yoast-schema-graph\">{\"@context\":\"https:\\\/\\\/schema.org\",\"@graph\":[{\"@type\":\"WebPage\",\"@id\":\"https:\\\/\\\/saiga.es\\\/fr\\\/produit\\\/pulverisateur-sirfran-ml-2\\\/\",\"url\":\"https:\\\/\\\/saiga.es\\\/fr\\\/produit\\\/pulverisateur-sirfran-ml-2\\\/\",\"name\":\"Pulv\u00e9risateur Sirfran ML-2 | SAIGA\",\"isPartOf\":{\"@id\":\"https:\\\/\\\/saiga.es\\\/fr\\\/#website\"},\"primaryImageOfPage\":{\"@id\":\"https:\\\/\\\/saiga.es\\\/fr\\\/produit\\\/pulverisateur-sirfran-ml-2\\\/#primaryimage\"},\"image\":{\"@id\":\"https:\\\/\\\/saiga.es\\\/fr\\\/produit\\\/pulverisateur-sirfran-ml-2\\\/#primaryimage\"},\"thumbnailUrl\":\"https:\\\/\\\/saiga.es\\\/wp-content\\\/uploads\\\/2024\\\/12\\\/Polvoritzador-ML-2-Sirfran-.jpg\",\"datePublished\":\"2024-12-03T14:50:38+00:00\",\"description\":\"Le pulv\u00e9risateur d'une capacit\u00e9 de 2 litres est le choix id\u00e9al pour ceux qui recherchent un \u00e9quipement compact, efficace et facile \u00e0 manipuler pour les petits projets.\",\"breadcrumb\":{\"@id\":\"https:\\\/\\\/saiga.es\\\/fr\\\/produit\\\/pulverisateur-sirfran-ml-2\\\/#breadcrumb\"},\"inLanguage\":\"fr-FR\",\"potentialAction\":[{\"@type\":\"ReadAction\",\"target\":[\"https:\\\/\\\/saiga.es\\\/fr\\\/produit\\\/pulverisateur-sirfran-ml-2\\\/\"]}]},{\"@type\":\"ImageObject\",\"inLanguage\":\"fr-FR\",\"@id\":\"https:\\\/\\\/saiga.es\\\/fr\\\/produit\\\/pulverisateur-sirfran-ml-2\\\/#primaryimage\",\"url\":\"https:\\\/\\\/saiga.es\\\/wp-content\\\/uploads\\\/2024\\\/12\\\/Polvoritzador-ML-2-Sirfran-.jpg\",\"contentUrl\":\"https:\\\/\\\/saiga.es\\\/wp-content\\\/uploads\\\/2024\\\/12\\\/Polvoritzador-ML-2-Sirfran-.jpg\",\"width\":1080,\"height\":1080,\"caption\":\"Pulv\u00e9risateur ML-2 Sirfran\"},{\"@type\":\"BreadcrumbList\",\"@id\":\"https:\\\/\\\/saiga.es\\\/fr\\\/produit\\\/pulverisateur-sirfran-ml-2\\\/#breadcrumb\",\"itemListElement\":[{\"@type\":\"ListItem\",\"position\":1,\"name\":\"Inici\",\"item\":\"https:\\\/\\\/saiga.es\\\/fr\\\/\"},{\"@type\":\"ListItem\",\"position\":2,\"name\":\"boutique\",\"item\":\"https:\\\/\\\/saiga.es\\\/fr\\\/boutique\\\/\"},{\"@type\":\"ListItem\",\"position\":3,\"name\":\"Pulv\u00e9risateur Sirfran ML-2\"}]},{\"@type\":\"WebSite\",\"@id\":\"https:\\\/\\\/saiga.es\\\/fr\\\/#website\",\"url\":\"https:\\\/\\\/saiga.es\\\/fr\\\/\",\"name\":\"SAIGA\",\"description\":\"M\u00e9s de 50 anys al servei de la terra i treballant per a un \u00fas eficient de l\u2019aigua!\",\"publisher\":{\"@id\":\"https:\\\/\\\/saiga.es\\\/fr\\\/#organization\"},\"potentialAction\":[{\"@type\":\"SearchAction\",\"target\":{\"@type\":\"EntryPoint\",\"urlTemplate\":\"https:\\\/\\\/saiga.es\\\/fr\\\/?s={search_term_string}\"},\"query-input\":{\"@type\":\"PropertyValueSpecification\",\"valueRequired\":true,\"valueName\":\"search_term_string\"}}],\"inLanguage\":\"fr-FR\"},{\"@type\":\"Organization\",\"@id\":\"https:\\\/\\\/saiga.es\\\/fr\\\/#organization\",\"name\":\"SAIGA\",\"url\":\"https:\\\/\\\/saiga.es\\\/fr\\\/\",\"logo\":{\"@type\":\"ImageObject\",\"inLanguage\":\"fr-FR\",\"@id\":\"https:\\\/\\\/saiga.es\\\/fr\\\/#\\\/schema\\\/logo\\\/image\\\/\",\"url\":\"https:\\\/\\\/saiga.es\\\/wp-content\\\/uploads\\\/2025\\\/07\\\/logo_saiga_baseline_optimitzat.svg\",\"contentUrl\":\"https:\\\/\\\/saiga.es\\\/wp-content\\\/uploads\\\/2025\\\/07\\\/logo_saiga_baseline_optimitzat.svg\",\"caption\":\"SAIGA\"},\"image\":{\"@id\":\"https:\\\/\\\/saiga.es\\\/fr\\\/#\\\/schema\\\/logo\\\/image\\\/\"},\"sameAs\":[\"https:\\\/\\\/x.com\\\/saiga_agro\",\"https:\\\/\\\/www.instagram.com\\\/saiga_agro\\\/\"]}]}<\/script>\n<!-- \/ Yoast SEO plugin. -->","yoast_head_json":{"title":"Pulv\u00e9risateur Sirfran ML-2 | SAIGA","description":"Le pulv\u00e9risateur d'une capacit\u00e9 de 2 litres est le choix id\u00e9al pour ceux qui recherchent un \u00e9quipement compact, efficace et facile \u00e0 manipuler pour les petits projets.","robots":{"index":"index","follow":"follow","max-snippet":"max-snippet:-1","max-image-preview":"max-image-preview:large","max-video-preview":"max-video-preview:-1"},"canonical":"https:\/\/saiga.es\/fr\/produit\/pulverisateur-sirfran-ml-2\/","og_locale":"fr_FR","og_type":"article","og_title":"Pulv\u00e9risateur Sirfran ML-2 | SAIGA","og_description":"Le pulv\u00e9risateur d'une capacit\u00e9 de 2 litres est le choix id\u00e9al pour ceux qui recherchent un \u00e9quipement compact, efficace et facile \u00e0 manipuler pour les petits projets.","og_url":"https:\/\/saiga.es\/fr\/produit\/pulverisateur-sirfran-ml-2\/","og_site_name":"SAIGA","og_image":[{"width":1080,"height":1080,"url":"https:\/\/saiga.es\/wp-content\/uploads\/2024\/12\/Polvoritzador-ML-2-Sirfran-.jpg","type":"image\/jpeg"}],"twitter_card":"summary_large_image","twitter_site":"@saiga_agro","schema":{"@context":"https:\/\/schema.org","@graph":[{"@type":"WebPage","@id":"https:\/\/saiga.es\/fr\/produit\/pulverisateur-sirfran-ml-2\/","url":"https:\/\/saiga.es\/fr\/produit\/pulverisateur-sirfran-ml-2\/","name":"Pulv\u00e9risateur Sirfran ML-2 | SAIGA","isPartOf":{"@id":"https:\/\/saiga.es\/fr\/#website"},"primaryImageOfPage":{"@id":"https:\/\/saiga.es\/fr\/produit\/pulverisateur-sirfran-ml-2\/#primaryimage"},"image":{"@id":"https:\/\/saiga.es\/fr\/produit\/pulverisateur-sirfran-ml-2\/#primaryimage"},"thumbnailUrl":"https:\/\/saiga.es\/wp-content\/uploads\/2024\/12\/Polvoritzador-ML-2-Sirfran-.jpg","datePublished":"2024-12-03T14:50:38+00:00","description":"Le pulv\u00e9risateur d'une capacit\u00e9 de 2 litres est le choix id\u00e9al pour ceux qui recherchent un \u00e9quipement compact, efficace et facile \u00e0 manipuler pour les petits projets.","breadcrumb":{"@id":"https:\/\/saiga.es\/fr\/produit\/pulverisateur-sirfran-ml-2\/#breadcrumb"},"inLanguage":"fr-FR","potentialAction":[{"@type":"ReadAction","target":["https:\/\/saiga.es\/fr\/produit\/pulverisateur-sirfran-ml-2\/"]}]},{"@type":"ImageObject","inLanguage":"fr-FR","@id":"https:\/\/saiga.es\/fr\/produit\/pulverisateur-sirfran-ml-2\/#primaryimage","url":"https:\/\/saiga.es\/wp-content\/uploads\/2024\/12\/Polvoritzador-ML-2-Sirfran-.jpg","contentUrl":"https:\/\/saiga.es\/wp-content\/uploads\/2024\/12\/Polvoritzador-ML-2-Sirfran-.jpg","width":1080,"height":1080,"caption":"Pulv\u00e9risateur ML-2 Sirfran"},{"@type":"BreadcrumbList","@id":"https:\/\/saiga.es\/fr\/produit\/pulverisateur-sirfran-ml-2\/#breadcrumb","itemListElement":[{"@type":"ListItem","position":1,"name":"Inici","item":"https:\/\/saiga.es\/fr\/"},{"@type":"ListItem","position":2,"name":"boutique","item":"https:\/\/saiga.es\/fr\/boutique\/"},{"@type":"ListItem","position":3,"name":"Pulv\u00e9risateur Sirfran ML-2"}]},{"@type":"WebSite","@id":"https:\/\/saiga.es\/fr\/#website","url":"https:\/\/saiga.es\/fr\/","name":"SAIGA","description":"M\u00e9s de 50 anys al servei de la terra i treballant per a un \u00fas eficient de l\u2019aigua!","publisher":{"@id":"https:\/\/saiga.es\/fr\/#organization"},"potentialAction":[{"@type":"SearchAction","target":{"@type":"EntryPoint","urlTemplate":"https:\/\/saiga.es\/fr\/?s={search_term_string}"},"query-input":{"@type":"PropertyValueSpecification","valueRequired":true,"valueName":"search_term_string"}}],"inLanguage":"fr-FR"},{"@type":"Organization","@id":"https:\/\/saiga.es\/fr\/#organization","name":"SAIGA","url":"https:\/\/saiga.es\/fr\/","logo":{"@type":"ImageObject","inLanguage":"fr-FR","@id":"https:\/\/saiga.es\/fr\/#\/schema\/logo\/image\/","url":"https:\/\/saiga.es\/wp-content\/uploads\/2025\/07\/logo_saiga_baseline_optimitzat.svg","contentUrl":"https:\/\/saiga.es\/wp-content\/uploads\/2025\/07\/logo_saiga_baseline_optimitzat.svg","caption":"SAIGA"},"image":{"@id":"https:\/\/saiga.es\/fr\/#\/schema\/logo\/image\/"},"sameAs":["https:\/\/x.com\/saiga_agro","https:\/\/www.instagram.com\/saiga_agro\/"]}]}},"_links":{"self":[{"href":"https:\/\/saiga.es\/fr\/wp-json\/wp\/v2\/product\/13138","targetHints":{"allow":["GET"]}}],"collection":[{"href":"https:\/\/saiga.es\/fr\/wp-json\/wp\/v2\/product"}],"about":[{"href":"https:\/\/saiga.es\/fr\/wp-json\/wp\/v2\/types\/product"}],"replies":[{"embeddable":true,"href":"https:\/\/saiga.es\/fr\/wp-json\/wp\/v2\/comments?post=13138"}],"wp:featuredmedia":[{"embeddable":true,"href":"https:\/\/saiga.es\/fr\/wp-json\/wp\/v2\/media\/13136"}],"wp:attachment":[{"href":"https:\/\/saiga.es\/fr\/wp-json\/wp\/v2\/media?parent=13138"}],"wp:term":[{"taxonomy":"product_brand","embeddable":true,"href":"https:\/\/saiga.es\/fr\/wp-json\/wp\/v2\/product_brand?post=13138"},{"taxonomy":"product_cat","embeddable":true,"href":"https:\/\/saiga.es\/fr\/wp-json\/wp\/v2\/product_cat?post=13138"},{"taxonomy":"product_tag","embeddable":true,"href":"https:\/\/saiga.es\/fr\/wp-json\/wp\/v2\/product_tag?post=13138"}],"curies":[{"name":"wp","href":"https:\/\/api.w.org\/{rel}","templated":true}]}}