{"id":13148,"date":"2024-12-04T09:22:42","date_gmt":"2024-12-04T09:22:42","guid":{"rendered":"https:\/\/botiga.saiga.es\/producte\/5l-dhuile-de-chaine\/"},"modified":"2024-12-04T09:22:42","modified_gmt":"2024-12-04T09:22:42","slug":"5l-dhuile-de-chaine","status":"publish","type":"product","link":"https:\/\/saiga.es\/fr\/produit\/5l-dhuile-de-chaine\/","title":{"rendered":"5L d&rsquo;huile de cha\u00eene"},"content":{"rendered":"<p>L&rsquo;huile de cha\u00eene de 5 L est un lubrifiant \u00e0 haute adh\u00e9rence pour les barres et les cha\u00eenes de tron\u00e7onneuse. Optimisez les performances et la durabilit\u00e9 de votre tron\u00e7onneuse avec cette huile lubrifiante de haute qualit\u00e9, sp\u00e9cialement con\u00e7ue pour les cha\u00eenes et les barbes de tron\u00e7onneuse. Dot\u00e9 d&rsquo;une formule anti-usure, anti-corrosion et anti-r\u00e9sinification, ce lubrifiant hautement raffin\u00e9 offre une viscosit\u00e9 sup\u00e9rieure et une excellente adh\u00e9rence aux surfaces, m\u00eame dans les conditions les plus exigeantes. Le bidon de 5 litres est parfait pour un usage professionnel ou domestique, assurant une lubrification optimale et une protection longue dur\u00e9e \u00e0 votre tron\u00e7onneuse. Gr\u00e2ce \u00e0 ses propri\u00e9t\u00e9s avanc\u00e9es, cette huile pour cha\u00eene de tron\u00e7onneuse r\u00e9duit l&rsquo;usure, emp\u00eache l&rsquo;accumulation de r\u00e9sidus et assure un fonctionnement fluide et efficace.<\/p>\n<p>&nbsp;<\/p>\n","protected":false},"excerpt":{"rendered":"<p>L&rsquo;huile de cha\u00eene de 5 L est un lubrifiant \u00e0 haute adh\u00e9rence pour les barres et les cha\u00eenes de tron\u00e7onneuse. Optimisez les performances et la durabilit\u00e9 de votre tron\u00e7onneuse avec cette huile lubrifiante de haute qualit\u00e9, sp\u00e9cialement con\u00e7ue pour les cha\u00eenes et les barbes de tron\u00e7onneuse. Dot\u00e9 d&rsquo;une formule anti-usure, anti-corrosion et anti-r\u00e9sinification, ce lubrifiant hautement raffin\u00e9 offre une viscosit\u00e9 sup\u00e9rieure et une excellente adh\u00e9rence aux surfaces, m\u00eame dans les conditions les plus exigeantes.<\/p>\n","protected":false},"featured_media":13146,"comment_status":"closed","ping_status":"closed","template":"","meta":[],"product_brand":[],"product_cat":[1754],"product_tag":[1082,1756,1668],"class_list":{"0":"post-13148","1":"product","2":"type-product","3":"status-publish","4":"has-post-thumbnail","6":"product_cat-lubricants-fr","7":"product_tag-accessoires","8":"product_tag-lubrifiant","9":"product_tag-tronconneuse","11":"first","12":"instock","13":"taxable","14":"shipping-taxable","15":"purchasable","16":"product-type-variable"},"yoast_head":"<!-- This site is optimized with the Yoast SEO plugin v27.4 - https:\/\/yoast.com\/product\/yoast-seo-wordpress\/ -->\n<title>5L d&#039;huile de cha\u00eene | SAIGA<\/title>\n<meta name=\"description\" content=\"L&#039;huile de cha\u00eene 5L est un lubrifiant \u00e0 haute adh\u00e9rence pour les lames et les cha\u00eenes de tron\u00e7onneuses.\" \/>\n<meta name=\"robots\" content=\"index, follow, max-snippet:-1, max-image-preview:large, max-video-preview:-1\" \/>\n<link rel=\"canonical\" href=\"https:\/\/saiga.es\/fr\/produit\/5l-dhuile-de-chaine\/\" \/>\n<meta property=\"og:locale\" content=\"fr_FR\" \/>\n<meta property=\"og:type\" content=\"article\" \/>\n<meta property=\"og:title\" content=\"5L d&#039;huile de cha\u00eene | SAIGA\" \/>\n<meta property=\"og:description\" content=\"L&#039;huile de cha\u00eene 5L est un lubrifiant \u00e0 haute adh\u00e9rence pour les lames et les cha\u00eenes de tron\u00e7onneuses.\" \/>\n<meta property=\"og:url\" content=\"https:\/\/saiga.es\/fr\/produit\/5l-dhuile-de-chaine\/\" \/>\n<meta property=\"og:site_name\" content=\"SAIGA\" \/>\n<meta property=\"og:image\" content=\"https:\/\/saiga.es\/wp-content\/uploads\/2024\/12\/Oli-cadena.jpg\" \/>\n\t<meta property=\"og:image:width\" content=\"1080\" \/>\n\t<meta property=\"og:image:height\" content=\"1080\" \/>\n\t<meta property=\"og:image:type\" content=\"image\/jpeg\" \/>\n<meta name=\"twitter:card\" content=\"summary_large_image\" \/>\n<meta name=\"twitter:site\" content=\"@saiga_agro\" \/>\n<meta name=\"twitter:label1\" content=\"Dur\u00e9e de lecture estim\u00e9e\" \/>\n\t<meta name=\"twitter:data1\" content=\"1 minute\" \/>\n<script type=\"application\/ld+json\" class=\"yoast-schema-graph\">{\"@context\":\"https:\\\/\\\/schema.org\",\"@graph\":[{\"@type\":\"WebPage\",\"@id\":\"https:\\\/\\\/saiga.es\\\/fr\\\/produit\\\/5l-dhuile-de-chaine\\\/\",\"url\":\"https:\\\/\\\/saiga.es\\\/fr\\\/produit\\\/5l-dhuile-de-chaine\\\/\",\"name\":\"5L d'huile de cha\u00eene | SAIGA\",\"isPartOf\":{\"@id\":\"https:\\\/\\\/saiga.es\\\/fr\\\/#website\"},\"primaryImageOfPage\":{\"@id\":\"https:\\\/\\\/saiga.es\\\/fr\\\/produit\\\/5l-dhuile-de-chaine\\\/#primaryimage\"},\"image\":{\"@id\":\"https:\\\/\\\/saiga.es\\\/fr\\\/produit\\\/5l-dhuile-de-chaine\\\/#primaryimage\"},\"thumbnailUrl\":\"https:\\\/\\\/saiga.es\\\/wp-content\\\/uploads\\\/2024\\\/12\\\/Oli-cadena.jpg\",\"datePublished\":\"2024-12-04T09:22:42+00:00\",\"description\":\"L'huile de cha\u00eene 5L est un lubrifiant \u00e0 haute adh\u00e9rence pour les lames et les cha\u00eenes de tron\u00e7onneuses.\",\"breadcrumb\":{\"@id\":\"https:\\\/\\\/saiga.es\\\/fr\\\/produit\\\/5l-dhuile-de-chaine\\\/#breadcrumb\"},\"inLanguage\":\"fr-FR\",\"potentialAction\":[{\"@type\":\"ReadAction\",\"target\":[\"https:\\\/\\\/saiga.es\\\/fr\\\/produit\\\/5l-dhuile-de-chaine\\\/\"]}]},{\"@type\":\"ImageObject\",\"inLanguage\":\"fr-FR\",\"@id\":\"https:\\\/\\\/saiga.es\\\/fr\\\/produit\\\/5l-dhuile-de-chaine\\\/#primaryimage\",\"url\":\"https:\\\/\\\/saiga.es\\\/wp-content\\\/uploads\\\/2024\\\/12\\\/Oli-cadena.jpg\",\"contentUrl\":\"https:\\\/\\\/saiga.es\\\/wp-content\\\/uploads\\\/2024\\\/12\\\/Oli-cadena.jpg\",\"width\":1080,\"height\":1080,\"caption\":\"huile de cha\u00eene\"},{\"@type\":\"BreadcrumbList\",\"@id\":\"https:\\\/\\\/saiga.es\\\/fr\\\/produit\\\/5l-dhuile-de-chaine\\\/#breadcrumb\",\"itemListElement\":[{\"@type\":\"ListItem\",\"position\":1,\"name\":\"Inici\",\"item\":\"https:\\\/\\\/saiga.es\\\/fr\\\/\"},{\"@type\":\"ListItem\",\"position\":2,\"name\":\"boutique\",\"item\":\"https:\\\/\\\/saiga.es\\\/fr\\\/boutique\\\/\"},{\"@type\":\"ListItem\",\"position\":3,\"name\":\"5L d&#8217;huile de cha\u00eene\"}]},{\"@type\":\"WebSite\",\"@id\":\"https:\\\/\\\/saiga.es\\\/fr\\\/#website\",\"url\":\"https:\\\/\\\/saiga.es\\\/fr\\\/\",\"name\":\"SAIGA\",\"description\":\"M\u00e9s de 50 anys al servei de la terra i treballant per a un \u00fas eficient de l\u2019aigua!\",\"publisher\":{\"@id\":\"https:\\\/\\\/saiga.es\\\/fr\\\/#organization\"},\"potentialAction\":[{\"@type\":\"SearchAction\",\"target\":{\"@type\":\"EntryPoint\",\"urlTemplate\":\"https:\\\/\\\/saiga.es\\\/fr\\\/?s={search_term_string}\"},\"query-input\":{\"@type\":\"PropertyValueSpecification\",\"valueRequired\":true,\"valueName\":\"search_term_string\"}}],\"inLanguage\":\"fr-FR\"},{\"@type\":\"Organization\",\"@id\":\"https:\\\/\\\/saiga.es\\\/fr\\\/#organization\",\"name\":\"SAIGA\",\"url\":\"https:\\\/\\\/saiga.es\\\/fr\\\/\",\"logo\":{\"@type\":\"ImageObject\",\"inLanguage\":\"fr-FR\",\"@id\":\"https:\\\/\\\/saiga.es\\\/fr\\\/#\\\/schema\\\/logo\\\/image\\\/\",\"url\":\"https:\\\/\\\/saiga.es\\\/wp-content\\\/uploads\\\/2025\\\/07\\\/logo_saiga_baseline_optimitzat.svg\",\"contentUrl\":\"https:\\\/\\\/saiga.es\\\/wp-content\\\/uploads\\\/2025\\\/07\\\/logo_saiga_baseline_optimitzat.svg\",\"caption\":\"SAIGA\"},\"image\":{\"@id\":\"https:\\\/\\\/saiga.es\\\/fr\\\/#\\\/schema\\\/logo\\\/image\\\/\"},\"sameAs\":[\"https:\\\/\\\/x.com\\\/saiga_agro\",\"https:\\\/\\\/www.instagram.com\\\/saiga_agro\\\/\"]}]}<\/script>\n<!-- \/ Yoast SEO plugin. -->","yoast_head_json":{"title":"5L d'huile de cha\u00eene | SAIGA","description":"L'huile de cha\u00eene 5L est un lubrifiant \u00e0 haute adh\u00e9rence pour les lames et les cha\u00eenes de tron\u00e7onneuses.","robots":{"index":"index","follow":"follow","max-snippet":"max-snippet:-1","max-image-preview":"max-image-preview:large","max-video-preview":"max-video-preview:-1"},"canonical":"https:\/\/saiga.es\/fr\/produit\/5l-dhuile-de-chaine\/","og_locale":"fr_FR","og_type":"article","og_title":"5L d'huile de cha\u00eene | SAIGA","og_description":"L'huile de cha\u00eene 5L est un lubrifiant \u00e0 haute adh\u00e9rence pour les lames et les cha\u00eenes de tron\u00e7onneuses.","og_url":"https:\/\/saiga.es\/fr\/produit\/5l-dhuile-de-chaine\/","og_site_name":"SAIGA","og_image":[{"width":1080,"height":1080,"url":"https:\/\/saiga.es\/wp-content\/uploads\/2024\/12\/Oli-cadena.jpg","type":"image\/jpeg"}],"twitter_card":"summary_large_image","twitter_site":"@saiga_agro","twitter_misc":{"Dur\u00e9e de lecture estim\u00e9e":"1 minute"},"schema":{"@context":"https:\/\/schema.org","@graph":[{"@type":"WebPage","@id":"https:\/\/saiga.es\/fr\/produit\/5l-dhuile-de-chaine\/","url":"https:\/\/saiga.es\/fr\/produit\/5l-dhuile-de-chaine\/","name":"5L d'huile de cha\u00eene | SAIGA","isPartOf":{"@id":"https:\/\/saiga.es\/fr\/#website"},"primaryImageOfPage":{"@id":"https:\/\/saiga.es\/fr\/produit\/5l-dhuile-de-chaine\/#primaryimage"},"image":{"@id":"https:\/\/saiga.es\/fr\/produit\/5l-dhuile-de-chaine\/#primaryimage"},"thumbnailUrl":"https:\/\/saiga.es\/wp-content\/uploads\/2024\/12\/Oli-cadena.jpg","datePublished":"2024-12-04T09:22:42+00:00","description":"L'huile de cha\u00eene 5L est un lubrifiant \u00e0 haute adh\u00e9rence pour les lames et les cha\u00eenes de tron\u00e7onneuses.","breadcrumb":{"@id":"https:\/\/saiga.es\/fr\/produit\/5l-dhuile-de-chaine\/#breadcrumb"},"inLanguage":"fr-FR","potentialAction":[{"@type":"ReadAction","target":["https:\/\/saiga.es\/fr\/produit\/5l-dhuile-de-chaine\/"]}]},{"@type":"ImageObject","inLanguage":"fr-FR","@id":"https:\/\/saiga.es\/fr\/produit\/5l-dhuile-de-chaine\/#primaryimage","url":"https:\/\/saiga.es\/wp-content\/uploads\/2024\/12\/Oli-cadena.jpg","contentUrl":"https:\/\/saiga.es\/wp-content\/uploads\/2024\/12\/Oli-cadena.jpg","width":1080,"height":1080,"caption":"huile de cha\u00eene"},{"@type":"BreadcrumbList","@id":"https:\/\/saiga.es\/fr\/produit\/5l-dhuile-de-chaine\/#breadcrumb","itemListElement":[{"@type":"ListItem","position":1,"name":"Inici","item":"https:\/\/saiga.es\/fr\/"},{"@type":"ListItem","position":2,"name":"boutique","item":"https:\/\/saiga.es\/fr\/boutique\/"},{"@type":"ListItem","position":3,"name":"5L d&#8217;huile de cha\u00eene"}]},{"@type":"WebSite","@id":"https:\/\/saiga.es\/fr\/#website","url":"https:\/\/saiga.es\/fr\/","name":"SAIGA","description":"M\u00e9s de 50 anys al servei de la terra i treballant per a un \u00fas eficient de l\u2019aigua!","publisher":{"@id":"https:\/\/saiga.es\/fr\/#organization"},"potentialAction":[{"@type":"SearchAction","target":{"@type":"EntryPoint","urlTemplate":"https:\/\/saiga.es\/fr\/?s={search_term_string}"},"query-input":{"@type":"PropertyValueSpecification","valueRequired":true,"valueName":"search_term_string"}}],"inLanguage":"fr-FR"},{"@type":"Organization","@id":"https:\/\/saiga.es\/fr\/#organization","name":"SAIGA","url":"https:\/\/saiga.es\/fr\/","logo":{"@type":"ImageObject","inLanguage":"fr-FR","@id":"https:\/\/saiga.es\/fr\/#\/schema\/logo\/image\/","url":"https:\/\/saiga.es\/wp-content\/uploads\/2025\/07\/logo_saiga_baseline_optimitzat.svg","contentUrl":"https:\/\/saiga.es\/wp-content\/uploads\/2025\/07\/logo_saiga_baseline_optimitzat.svg","caption":"SAIGA"},"image":{"@id":"https:\/\/saiga.es\/fr\/#\/schema\/logo\/image\/"},"sameAs":["https:\/\/x.com\/saiga_agro","https:\/\/www.instagram.com\/saiga_agro\/"]}]}},"_links":{"self":[{"href":"https:\/\/saiga.es\/fr\/wp-json\/wp\/v2\/product\/13148","targetHints":{"allow":["GET"]}}],"collection":[{"href":"https:\/\/saiga.es\/fr\/wp-json\/wp\/v2\/product"}],"about":[{"href":"https:\/\/saiga.es\/fr\/wp-json\/wp\/v2\/types\/product"}],"replies":[{"embeddable":true,"href":"https:\/\/saiga.es\/fr\/wp-json\/wp\/v2\/comments?post=13148"}],"wp:featuredmedia":[{"embeddable":true,"href":"https:\/\/saiga.es\/fr\/wp-json\/wp\/v2\/media\/13146"}],"wp:attachment":[{"href":"https:\/\/saiga.es\/fr\/wp-json\/wp\/v2\/media?parent=13148"}],"wp:term":[{"taxonomy":"product_brand","embeddable":true,"href":"https:\/\/saiga.es\/fr\/wp-json\/wp\/v2\/product_brand?post=13148"},{"taxonomy":"product_cat","embeddable":true,"href":"https:\/\/saiga.es\/fr\/wp-json\/wp\/v2\/product_cat?post=13148"},{"taxonomy":"product_tag","embeddable":true,"href":"https:\/\/saiga.es\/fr\/wp-json\/wp\/v2\/product_tag?post=13148"}],"curies":[{"name":"wp","href":"https:\/\/api.w.org\/{rel}","templated":true}]}}