{"id":13163,"date":"2024-12-04T10:05:36","date_gmt":"2024-12-04T10:05:36","guid":{"rendered":"https:\/\/botiga.saiga.es\/producte\/huile-synthetique-2t\/"},"modified":"2024-12-04T10:05:36","modified_gmt":"2024-12-04T10:05:36","slug":"huile-synthetique-2t","status":"publish","type":"product","link":"https:\/\/saiga.es\/fr\/produit\/huile-synthetique-2t\/","title":{"rendered":"Huile Synth\u00e9tique 2T"},"content":{"rendered":"<p>Huile synth\u00e9tique 2T en bidon de 5 litres, id\u00e9ale pour pr\u00e9parer jusqu&rsquo;\u00e0 250 litres de m\u00e9lange. Ce lubrifiant de haute qualit\u00e9 est formul\u00e9 avec une technologie de synth\u00e8se avanc\u00e9e, particuli\u00e8rement recommand\u00e9 pour les moteurs \u00e0 deux temps des \u00e9quipements de jardinage et des machines foresti\u00e8res. Optimise les performances et la dur\u00e9e de vie des machines ECHO 2T, garantissant une lubrification efficace et une combustion propre. Avantages cl\u00e9s :  <\/p>\n<ul>\n<li>Lubrification Premium : Prot\u00e8ge le moteur contre l\u2019usure et la corrosion.<\/li>\n<li>Efficacit\u00e9 et propret\u00e9 : r\u00e9duit les d\u00e9chets et les fum\u00e9es, favorisant des performances optimales.<\/li>\n<li>Polyvalence : convient \u00e0 tous types d&rsquo;engins de jardinage et forestiers \u00e9quip\u00e9s de moteurs 2T.<\/li>\n<li>Grandes performances : un r\u00e9cipient de 5 litres couvre jusqu&rsquo;\u00e0 250 litres de m\u00e9lange.<\/li>\n<\/ul>\n<p>&nbsp;<\/p>\n","protected":false},"excerpt":{"rendered":"<p>Huile synth\u00e9tique 2T en bidon de 5 litres, id\u00e9ale pour pr\u00e9parer jusqu&rsquo;\u00e0 250 litres de m\u00e9lange. Ce lubrifiant de haute qualit\u00e9 est formul\u00e9 avec une technologie de synth\u00e8se avanc\u00e9e, particuli\u00e8rement recommand\u00e9 pour les moteurs \u00e0 deux temps des \u00e9quipements de jardinage et des machines foresti\u00e8res. <\/p>\n","protected":false},"featured_media":13161,"comment_status":"closed","ping_status":"closed","template":"","meta":[],"product_brand":[],"product_cat":[1754],"product_tag":[1667,1763,1762],"class_list":{"0":"post-13163","1":"product","2":"type-product","3":"status-publish","4":"has-post-thumbnail","6":"product_cat-lubricants-fr","7":"product_tag-echo-fr","8":"product_tag-huile-de-chaine","9":"product_tag-lubrifiants","11":"first","12":"instock","13":"taxable","14":"shipping-taxable","15":"purchasable","16":"product-type-simple"},"yoast_head":"<!-- This site is optimized with the Yoast SEO plugin v27.4 - https:\/\/yoast.com\/product\/yoast-seo-wordpress\/ -->\n<title>Huile Synth\u00e9tique 2T | SAIGA<\/title>\n<meta name=\"description\" content=\"Huile Synth\u00e9tique 2T en bidon de 5 litres, id\u00e9ale pour pr\u00e9parer jusqu&#039;\u00e0 250 litres de m\u00e9lange.\" \/>\n<meta name=\"robots\" content=\"index, follow, max-snippet:-1, max-image-preview:large, max-video-preview:-1\" \/>\n<link rel=\"canonical\" href=\"https:\/\/saiga.es\/fr\/produit\/huile-synthetique-2t\/\" \/>\n<meta property=\"og:locale\" content=\"fr_FR\" \/>\n<meta property=\"og:type\" content=\"article\" \/>\n<meta property=\"og:title\" content=\"Huile Synth\u00e9tique 2T | SAIGA\" \/>\n<meta property=\"og:description\" content=\"Huile Synth\u00e9tique 2T en bidon de 5 litres, id\u00e9ale pour pr\u00e9parer jusqu&#039;\u00e0 250 litres de m\u00e9lange.\" \/>\n<meta property=\"og:url\" content=\"https:\/\/saiga.es\/fr\/produit\/huile-synthetique-2t\/\" \/>\n<meta property=\"og:site_name\" content=\"SAIGA\" \/>\n<meta property=\"og:image\" content=\"https:\/\/saiga.es\/wp-content\/uploads\/2024\/12\/Oli-cadena-2T.jpg\" \/>\n\t<meta property=\"og:image:width\" content=\"1080\" \/>\n\t<meta property=\"og:image:height\" content=\"1080\" \/>\n\t<meta property=\"og:image:type\" content=\"image\/jpeg\" \/>\n<meta name=\"twitter:card\" content=\"summary_large_image\" \/>\n<meta name=\"twitter:site\" content=\"@saiga_agro\" \/>\n<meta name=\"twitter:label1\" content=\"Dur\u00e9e de lecture estim\u00e9e\" \/>\n\t<meta name=\"twitter:data1\" content=\"1 minute\" \/>\n<script type=\"application\/ld+json\" class=\"yoast-schema-graph\">{\"@context\":\"https:\\\/\\\/schema.org\",\"@graph\":[{\"@type\":\"WebPage\",\"@id\":\"https:\\\/\\\/saiga.es\\\/fr\\\/produit\\\/huile-synthetique-2t\\\/\",\"url\":\"https:\\\/\\\/saiga.es\\\/fr\\\/produit\\\/huile-synthetique-2t\\\/\",\"name\":\"Huile Synth\u00e9tique 2T | SAIGA\",\"isPartOf\":{\"@id\":\"https:\\\/\\\/saiga.es\\\/fr\\\/#website\"},\"primaryImageOfPage\":{\"@id\":\"https:\\\/\\\/saiga.es\\\/fr\\\/produit\\\/huile-synthetique-2t\\\/#primaryimage\"},\"image\":{\"@id\":\"https:\\\/\\\/saiga.es\\\/fr\\\/produit\\\/huile-synthetique-2t\\\/#primaryimage\"},\"thumbnailUrl\":\"https:\\\/\\\/saiga.es\\\/wp-content\\\/uploads\\\/2024\\\/12\\\/Oli-cadena-2T.jpg\",\"datePublished\":\"2024-12-04T10:05:36+00:00\",\"description\":\"Huile Synth\u00e9tique 2T en bidon de 5 litres, id\u00e9ale pour pr\u00e9parer jusqu'\u00e0 250 litres de m\u00e9lange.\",\"breadcrumb\":{\"@id\":\"https:\\\/\\\/saiga.es\\\/fr\\\/produit\\\/huile-synthetique-2t\\\/#breadcrumb\"},\"inLanguage\":\"fr-FR\",\"potentialAction\":[{\"@type\":\"ReadAction\",\"target\":[\"https:\\\/\\\/saiga.es\\\/fr\\\/produit\\\/huile-synthetique-2t\\\/\"]}]},{\"@type\":\"ImageObject\",\"inLanguage\":\"fr-FR\",\"@id\":\"https:\\\/\\\/saiga.es\\\/fr\\\/produit\\\/huile-synthetique-2t\\\/#primaryimage\",\"url\":\"https:\\\/\\\/saiga.es\\\/wp-content\\\/uploads\\\/2024\\\/12\\\/Oli-cadena-2T.jpg\",\"contentUrl\":\"https:\\\/\\\/saiga.es\\\/wp-content\\\/uploads\\\/2024\\\/12\\\/Oli-cadena-2T.jpg\",\"width\":1080,\"height\":1080,\"caption\":\"Huile de cha\u00eene 2 T\"},{\"@type\":\"BreadcrumbList\",\"@id\":\"https:\\\/\\\/saiga.es\\\/fr\\\/produit\\\/huile-synthetique-2t\\\/#breadcrumb\",\"itemListElement\":[{\"@type\":\"ListItem\",\"position\":1,\"name\":\"Inici\",\"item\":\"https:\\\/\\\/saiga.es\\\/fr\\\/\"},{\"@type\":\"ListItem\",\"position\":2,\"name\":\"boutique\",\"item\":\"https:\\\/\\\/saiga.es\\\/fr\\\/boutique\\\/\"},{\"@type\":\"ListItem\",\"position\":3,\"name\":\"Huile Synth\u00e9tique 2T\"}]},{\"@type\":\"WebSite\",\"@id\":\"https:\\\/\\\/saiga.es\\\/fr\\\/#website\",\"url\":\"https:\\\/\\\/saiga.es\\\/fr\\\/\",\"name\":\"SAIGA\",\"description\":\"M\u00e9s de 50 anys al servei de la terra i treballant per a un \u00fas eficient de l\u2019aigua!\",\"publisher\":{\"@id\":\"https:\\\/\\\/saiga.es\\\/fr\\\/#organization\"},\"potentialAction\":[{\"@type\":\"SearchAction\",\"target\":{\"@type\":\"EntryPoint\",\"urlTemplate\":\"https:\\\/\\\/saiga.es\\\/fr\\\/?s={search_term_string}\"},\"query-input\":{\"@type\":\"PropertyValueSpecification\",\"valueRequired\":true,\"valueName\":\"search_term_string\"}}],\"inLanguage\":\"fr-FR\"},{\"@type\":\"Organization\",\"@id\":\"https:\\\/\\\/saiga.es\\\/fr\\\/#organization\",\"name\":\"SAIGA\",\"url\":\"https:\\\/\\\/saiga.es\\\/fr\\\/\",\"logo\":{\"@type\":\"ImageObject\",\"inLanguage\":\"fr-FR\",\"@id\":\"https:\\\/\\\/saiga.es\\\/fr\\\/#\\\/schema\\\/logo\\\/image\\\/\",\"url\":\"https:\\\/\\\/saiga.es\\\/wp-content\\\/uploads\\\/2025\\\/07\\\/logo_saiga_baseline_optimitzat.svg\",\"contentUrl\":\"https:\\\/\\\/saiga.es\\\/wp-content\\\/uploads\\\/2025\\\/07\\\/logo_saiga_baseline_optimitzat.svg\",\"caption\":\"SAIGA\"},\"image\":{\"@id\":\"https:\\\/\\\/saiga.es\\\/fr\\\/#\\\/schema\\\/logo\\\/image\\\/\"},\"sameAs\":[\"https:\\\/\\\/x.com\\\/saiga_agro\",\"https:\\\/\\\/www.instagram.com\\\/saiga_agro\\\/\"]}]}<\/script>\n<!-- \/ Yoast SEO plugin. -->","yoast_head_json":{"title":"Huile Synth\u00e9tique 2T | SAIGA","description":"Huile Synth\u00e9tique 2T en bidon de 5 litres, id\u00e9ale pour pr\u00e9parer jusqu'\u00e0 250 litres de m\u00e9lange.","robots":{"index":"index","follow":"follow","max-snippet":"max-snippet:-1","max-image-preview":"max-image-preview:large","max-video-preview":"max-video-preview:-1"},"canonical":"https:\/\/saiga.es\/fr\/produit\/huile-synthetique-2t\/","og_locale":"fr_FR","og_type":"article","og_title":"Huile Synth\u00e9tique 2T | SAIGA","og_description":"Huile Synth\u00e9tique 2T en bidon de 5 litres, id\u00e9ale pour pr\u00e9parer jusqu'\u00e0 250 litres de m\u00e9lange.","og_url":"https:\/\/saiga.es\/fr\/produit\/huile-synthetique-2t\/","og_site_name":"SAIGA","og_image":[{"width":1080,"height":1080,"url":"https:\/\/saiga.es\/wp-content\/uploads\/2024\/12\/Oli-cadena-2T.jpg","type":"image\/jpeg"}],"twitter_card":"summary_large_image","twitter_site":"@saiga_agro","twitter_misc":{"Dur\u00e9e de lecture estim\u00e9e":"1 minute"},"schema":{"@context":"https:\/\/schema.org","@graph":[{"@type":"WebPage","@id":"https:\/\/saiga.es\/fr\/produit\/huile-synthetique-2t\/","url":"https:\/\/saiga.es\/fr\/produit\/huile-synthetique-2t\/","name":"Huile Synth\u00e9tique 2T | SAIGA","isPartOf":{"@id":"https:\/\/saiga.es\/fr\/#website"},"primaryImageOfPage":{"@id":"https:\/\/saiga.es\/fr\/produit\/huile-synthetique-2t\/#primaryimage"},"image":{"@id":"https:\/\/saiga.es\/fr\/produit\/huile-synthetique-2t\/#primaryimage"},"thumbnailUrl":"https:\/\/saiga.es\/wp-content\/uploads\/2024\/12\/Oli-cadena-2T.jpg","datePublished":"2024-12-04T10:05:36+00:00","description":"Huile Synth\u00e9tique 2T en bidon de 5 litres, id\u00e9ale pour pr\u00e9parer jusqu'\u00e0 250 litres de m\u00e9lange.","breadcrumb":{"@id":"https:\/\/saiga.es\/fr\/produit\/huile-synthetique-2t\/#breadcrumb"},"inLanguage":"fr-FR","potentialAction":[{"@type":"ReadAction","target":["https:\/\/saiga.es\/fr\/produit\/huile-synthetique-2t\/"]}]},{"@type":"ImageObject","inLanguage":"fr-FR","@id":"https:\/\/saiga.es\/fr\/produit\/huile-synthetique-2t\/#primaryimage","url":"https:\/\/saiga.es\/wp-content\/uploads\/2024\/12\/Oli-cadena-2T.jpg","contentUrl":"https:\/\/saiga.es\/wp-content\/uploads\/2024\/12\/Oli-cadena-2T.jpg","width":1080,"height":1080,"caption":"Huile de cha\u00eene 2 T"},{"@type":"BreadcrumbList","@id":"https:\/\/saiga.es\/fr\/produit\/huile-synthetique-2t\/#breadcrumb","itemListElement":[{"@type":"ListItem","position":1,"name":"Inici","item":"https:\/\/saiga.es\/fr\/"},{"@type":"ListItem","position":2,"name":"boutique","item":"https:\/\/saiga.es\/fr\/boutique\/"},{"@type":"ListItem","position":3,"name":"Huile Synth\u00e9tique 2T"}]},{"@type":"WebSite","@id":"https:\/\/saiga.es\/fr\/#website","url":"https:\/\/saiga.es\/fr\/","name":"SAIGA","description":"M\u00e9s de 50 anys al servei de la terra i treballant per a un \u00fas eficient de l\u2019aigua!","publisher":{"@id":"https:\/\/saiga.es\/fr\/#organization"},"potentialAction":[{"@type":"SearchAction","target":{"@type":"EntryPoint","urlTemplate":"https:\/\/saiga.es\/fr\/?s={search_term_string}"},"query-input":{"@type":"PropertyValueSpecification","valueRequired":true,"valueName":"search_term_string"}}],"inLanguage":"fr-FR"},{"@type":"Organization","@id":"https:\/\/saiga.es\/fr\/#organization","name":"SAIGA","url":"https:\/\/saiga.es\/fr\/","logo":{"@type":"ImageObject","inLanguage":"fr-FR","@id":"https:\/\/saiga.es\/fr\/#\/schema\/logo\/image\/","url":"https:\/\/saiga.es\/wp-content\/uploads\/2025\/07\/logo_saiga_baseline_optimitzat.svg","contentUrl":"https:\/\/saiga.es\/wp-content\/uploads\/2025\/07\/logo_saiga_baseline_optimitzat.svg","caption":"SAIGA"},"image":{"@id":"https:\/\/saiga.es\/fr\/#\/schema\/logo\/image\/"},"sameAs":["https:\/\/x.com\/saiga_agro","https:\/\/www.instagram.com\/saiga_agro\/"]}]}},"_links":{"self":[{"href":"https:\/\/saiga.es\/fr\/wp-json\/wp\/v2\/product\/13163","targetHints":{"allow":["GET"]}}],"collection":[{"href":"https:\/\/saiga.es\/fr\/wp-json\/wp\/v2\/product"}],"about":[{"href":"https:\/\/saiga.es\/fr\/wp-json\/wp\/v2\/types\/product"}],"replies":[{"embeddable":true,"href":"https:\/\/saiga.es\/fr\/wp-json\/wp\/v2\/comments?post=13163"}],"wp:featuredmedia":[{"embeddable":true,"href":"https:\/\/saiga.es\/fr\/wp-json\/wp\/v2\/media\/13161"}],"wp:attachment":[{"href":"https:\/\/saiga.es\/fr\/wp-json\/wp\/v2\/media?parent=13163"}],"wp:term":[{"taxonomy":"product_brand","embeddable":true,"href":"https:\/\/saiga.es\/fr\/wp-json\/wp\/v2\/product_brand?post=13163"},{"taxonomy":"product_cat","embeddable":true,"href":"https:\/\/saiga.es\/fr\/wp-json\/wp\/v2\/product_cat?post=13163"},{"taxonomy":"product_tag","embeddable":true,"href":"https:\/\/saiga.es\/fr\/wp-json\/wp\/v2\/product_tag?post=13163"}],"curies":[{"name":"wp","href":"https:\/\/api.w.org\/{rel}","templated":true}]}}