{"id":13169,"date":"2024-12-04T10:40:04","date_gmt":"2024-12-04T10:40:04","guid":{"rendered":"https:\/\/botiga.saiga.es\/producte\/huile-synthetique-honda-supermultigrade-4t-15w40\/"},"modified":"2024-12-04T10:40:04","modified_gmt":"2024-12-04T10:40:04","slug":"huile-synthetique-honda-supermultigrade-4t-15w40","status":"publish","type":"product","link":"https:\/\/saiga.es\/fr\/produit\/huile-synthetique-honda-supermultigrade-4t-15w40\/","title":{"rendered":"Huile synth\u00e9tique Honda Supermultigrade 4T 15W40"},"content":{"rendered":"<p>L&rsquo;huile synth\u00e9tique Honda SUPERMULTIGRADO 4T 15W40, disponible en bidons de 5 litres, est formul\u00e9e avec une technologie synth\u00e9tique de la plus haute qualit\u00e9 pour les moteurs \u00e0 essence \u00e0 quatre temps. Con\u00e7u pour fournir une lubrification professionnelle, ce lubrifiant est extr\u00eamement r\u00e9sistant \u00e0 la d\u00e9gradation, pr\u00e9vient l&rsquo;usure et assure une durabilit\u00e9 exceptionnelle du moteur m\u00eame dans des conditions d\u00e9favorables. Id\u00e9al pour une utilisation g\u00e9n\u00e9rale dans les machines de jardin, les v\u00e9hicules et les \u00e9quipements utilisant des moteurs 4T. Avantages cl\u00e9s :  <\/p>\n<ul>\n<li>Haute r\u00e9sistance : formul\u00e9 pour r\u00e9sister \u00e0 des conditions extr\u00eames sans perdre en efficacit\u00e9.<\/li>\n<li>Protection avanc\u00e9e : minimise l\u2019usure interne du moteur et prolonge la dur\u00e9e de vie du moteur.<\/li>\n<li>Efficacit\u00e9 am\u00e9lior\u00e9e : technologie de synth\u00e8se qui assure une lubrification constante et fiable.<\/li>\n<li>Polyvalence d&rsquo;utilisation : convient aux moteurs \u00e0 essence \u00e0 quatre temps dans les \u00e9quipements professionnels et domestiques.<\/li>\n<\/ul>\n<p>&nbsp;<\/p>\n","protected":false},"excerpt":{"rendered":"<p>L&rsquo;huile synth\u00e9tique Honda SUPERMULTIGRADO 4T 15W40, disponible en f\u00fbts de 5 litres, est formul\u00e9e avec la technologie synth\u00e9tique de la plus haute qualit\u00e9 pour les moteurs \u00e0 essence \u00e0 quatre temps.<\/p>\n","protected":false},"featured_media":13167,"comment_status":"closed","ping_status":"closed","template":"","meta":[],"product_brand":[],"product_cat":[1754],"product_tag":[1233,1762],"class_list":{"0":"post-13169","1":"product","2":"type-product","3":"status-publish","4":"has-post-thumbnail","6":"product_cat-lubricants-fr","7":"product_tag-honda-fr","8":"product_tag-lubrifiants","10":"first","11":"instock","12":"taxable","13":"shipping-taxable","14":"purchasable","15":"product-type-simple"},"yoast_head":"<!-- This site is optimized with the Yoast SEO plugin v27.4 - https:\/\/yoast.com\/product\/yoast-seo-wordpress\/ -->\n<title>Huile synth\u00e9tique Honda Supermultigrade 4T 15W40 | SAIGA<\/title>\n<meta name=\"description\" content=\"L&#039;huile synth\u00e9tique Honda SUPERMULTIGRADO 4T 15W40, disponible en bidons de 5 litres, est formul\u00e9e avec une technologie synth\u00e9tique de la plus haute qualit\u00e9 pour les moteurs \u00e0 essence \u00e0 quatre temps.\" \/>\n<meta name=\"robots\" content=\"index, follow, max-snippet:-1, max-image-preview:large, max-video-preview:-1\" \/>\n<link rel=\"canonical\" href=\"https:\/\/saiga.es\/fr\/produit\/huile-synthetique-honda-supermultigrade-4t-15w40\/\" \/>\n<meta property=\"og:locale\" content=\"fr_FR\" \/>\n<meta property=\"og:type\" content=\"article\" \/>\n<meta property=\"og:title\" content=\"Huile synth\u00e9tique Honda Supermultigrade 4T 15W40 | SAIGA\" \/>\n<meta property=\"og:description\" content=\"L&#039;huile synth\u00e9tique Honda SUPERMULTIGRADO 4T 15W40, disponible en bidons de 5 litres, est formul\u00e9e avec une technologie synth\u00e9tique de la plus haute qualit\u00e9 pour les moteurs \u00e0 essence \u00e0 quatre temps.\" \/>\n<meta property=\"og:url\" content=\"https:\/\/saiga.es\/fr\/produit\/huile-synthetique-honda-supermultigrade-4t-15w40\/\" \/>\n<meta property=\"og:site_name\" content=\"SAIGA\" \/>\n<meta property=\"og:image\" content=\"https:\/\/saiga.es\/wp-content\/uploads\/2024\/12\/Supermultigrado-4T.jpg\" \/>\n\t<meta property=\"og:image:width\" content=\"1080\" \/>\n\t<meta property=\"og:image:height\" content=\"1080\" \/>\n\t<meta property=\"og:image:type\" content=\"image\/jpeg\" \/>\n<meta name=\"twitter:card\" content=\"summary_large_image\" \/>\n<meta name=\"twitter:site\" content=\"@saiga_agro\" \/>\n<meta name=\"twitter:label1\" content=\"Dur\u00e9e de lecture estim\u00e9e\" \/>\n\t<meta name=\"twitter:data1\" content=\"1 minute\" \/>\n<script type=\"application\/ld+json\" class=\"yoast-schema-graph\">{\"@context\":\"https:\\\/\\\/schema.org\",\"@graph\":[{\"@type\":\"WebPage\",\"@id\":\"https:\\\/\\\/saiga.es\\\/fr\\\/produit\\\/huile-synthetique-honda-supermultigrade-4t-15w40\\\/\",\"url\":\"https:\\\/\\\/saiga.es\\\/fr\\\/produit\\\/huile-synthetique-honda-supermultigrade-4t-15w40\\\/\",\"name\":\"Huile synth\u00e9tique Honda Supermultigrade 4T 15W40 | SAIGA\",\"isPartOf\":{\"@id\":\"https:\\\/\\\/saiga.es\\\/fr\\\/#website\"},\"primaryImageOfPage\":{\"@id\":\"https:\\\/\\\/saiga.es\\\/fr\\\/produit\\\/huile-synthetique-honda-supermultigrade-4t-15w40\\\/#primaryimage\"},\"image\":{\"@id\":\"https:\\\/\\\/saiga.es\\\/fr\\\/produit\\\/huile-synthetique-honda-supermultigrade-4t-15w40\\\/#primaryimage\"},\"thumbnailUrl\":\"https:\\\/\\\/saiga.es\\\/wp-content\\\/uploads\\\/2024\\\/12\\\/Supermultigrado-4T.jpg\",\"datePublished\":\"2024-12-04T10:40:04+00:00\",\"description\":\"L'huile synth\u00e9tique Honda SUPERMULTIGRADO 4T 15W40, disponible en bidons de 5 litres, est formul\u00e9e avec une technologie synth\u00e9tique de la plus haute qualit\u00e9 pour les moteurs \u00e0 essence \u00e0 quatre temps.\",\"breadcrumb\":{\"@id\":\"https:\\\/\\\/saiga.es\\\/fr\\\/produit\\\/huile-synthetique-honda-supermultigrade-4t-15w40\\\/#breadcrumb\"},\"inLanguage\":\"fr-FR\",\"potentialAction\":[{\"@type\":\"ReadAction\",\"target\":[\"https:\\\/\\\/saiga.es\\\/fr\\\/produit\\\/huile-synthetique-honda-supermultigrade-4t-15w40\\\/\"]}]},{\"@type\":\"ImageObject\",\"inLanguage\":\"fr-FR\",\"@id\":\"https:\\\/\\\/saiga.es\\\/fr\\\/produit\\\/huile-synthetique-honda-supermultigrade-4t-15w40\\\/#primaryimage\",\"url\":\"https:\\\/\\\/saiga.es\\\/wp-content\\\/uploads\\\/2024\\\/12\\\/Supermultigrado-4T.jpg\",\"contentUrl\":\"https:\\\/\\\/saiga.es\\\/wp-content\\\/uploads\\\/2024\\\/12\\\/Supermultigrado-4T.jpg\",\"width\":1080,\"height\":1080,\"caption\":\"Supermultigrado Honda\"},{\"@type\":\"BreadcrumbList\",\"@id\":\"https:\\\/\\\/saiga.es\\\/fr\\\/produit\\\/huile-synthetique-honda-supermultigrade-4t-15w40\\\/#breadcrumb\",\"itemListElement\":[{\"@type\":\"ListItem\",\"position\":1,\"name\":\"Inici\",\"item\":\"https:\\\/\\\/saiga.es\\\/fr\\\/\"},{\"@type\":\"ListItem\",\"position\":2,\"name\":\"boutique\",\"item\":\"https:\\\/\\\/saiga.es\\\/fr\\\/boutique\\\/\"},{\"@type\":\"ListItem\",\"position\":3,\"name\":\"Huile synth\u00e9tique Honda Supermultigrade 4T 15W40\"}]},{\"@type\":\"WebSite\",\"@id\":\"https:\\\/\\\/saiga.es\\\/fr\\\/#website\",\"url\":\"https:\\\/\\\/saiga.es\\\/fr\\\/\",\"name\":\"SAIGA\",\"description\":\"M\u00e9s de 50 anys al servei de la terra i treballant per a un \u00fas eficient de l\u2019aigua!\",\"publisher\":{\"@id\":\"https:\\\/\\\/saiga.es\\\/fr\\\/#organization\"},\"potentialAction\":[{\"@type\":\"SearchAction\",\"target\":{\"@type\":\"EntryPoint\",\"urlTemplate\":\"https:\\\/\\\/saiga.es\\\/fr\\\/?s={search_term_string}\"},\"query-input\":{\"@type\":\"PropertyValueSpecification\",\"valueRequired\":true,\"valueName\":\"search_term_string\"}}],\"inLanguage\":\"fr-FR\"},{\"@type\":\"Organization\",\"@id\":\"https:\\\/\\\/saiga.es\\\/fr\\\/#organization\",\"name\":\"SAIGA\",\"url\":\"https:\\\/\\\/saiga.es\\\/fr\\\/\",\"logo\":{\"@type\":\"ImageObject\",\"inLanguage\":\"fr-FR\",\"@id\":\"https:\\\/\\\/saiga.es\\\/fr\\\/#\\\/schema\\\/logo\\\/image\\\/\",\"url\":\"https:\\\/\\\/saiga.es\\\/wp-content\\\/uploads\\\/2025\\\/07\\\/logo_saiga_baseline_optimitzat.svg\",\"contentUrl\":\"https:\\\/\\\/saiga.es\\\/wp-content\\\/uploads\\\/2025\\\/07\\\/logo_saiga_baseline_optimitzat.svg\",\"caption\":\"SAIGA\"},\"image\":{\"@id\":\"https:\\\/\\\/saiga.es\\\/fr\\\/#\\\/schema\\\/logo\\\/image\\\/\"},\"sameAs\":[\"https:\\\/\\\/x.com\\\/saiga_agro\",\"https:\\\/\\\/www.instagram.com\\\/saiga_agro\\\/\"]}]}<\/script>\n<!-- \/ Yoast SEO plugin. -->","yoast_head_json":{"title":"Huile synth\u00e9tique Honda Supermultigrade 4T 15W40 | SAIGA","description":"L'huile synth\u00e9tique Honda SUPERMULTIGRADO 4T 15W40, disponible en bidons de 5 litres, est formul\u00e9e avec une technologie synth\u00e9tique de la plus haute qualit\u00e9 pour les moteurs \u00e0 essence \u00e0 quatre temps.","robots":{"index":"index","follow":"follow","max-snippet":"max-snippet:-1","max-image-preview":"max-image-preview:large","max-video-preview":"max-video-preview:-1"},"canonical":"https:\/\/saiga.es\/fr\/produit\/huile-synthetique-honda-supermultigrade-4t-15w40\/","og_locale":"fr_FR","og_type":"article","og_title":"Huile synth\u00e9tique Honda Supermultigrade 4T 15W40 | SAIGA","og_description":"L'huile synth\u00e9tique Honda SUPERMULTIGRADO 4T 15W40, disponible en bidons de 5 litres, est formul\u00e9e avec une technologie synth\u00e9tique de la plus haute qualit\u00e9 pour les moteurs \u00e0 essence \u00e0 quatre temps.","og_url":"https:\/\/saiga.es\/fr\/produit\/huile-synthetique-honda-supermultigrade-4t-15w40\/","og_site_name":"SAIGA","og_image":[{"width":1080,"height":1080,"url":"https:\/\/saiga.es\/wp-content\/uploads\/2024\/12\/Supermultigrado-4T.jpg","type":"image\/jpeg"}],"twitter_card":"summary_large_image","twitter_site":"@saiga_agro","twitter_misc":{"Dur\u00e9e de lecture estim\u00e9e":"1 minute"},"schema":{"@context":"https:\/\/schema.org","@graph":[{"@type":"WebPage","@id":"https:\/\/saiga.es\/fr\/produit\/huile-synthetique-honda-supermultigrade-4t-15w40\/","url":"https:\/\/saiga.es\/fr\/produit\/huile-synthetique-honda-supermultigrade-4t-15w40\/","name":"Huile synth\u00e9tique Honda Supermultigrade 4T 15W40 | SAIGA","isPartOf":{"@id":"https:\/\/saiga.es\/fr\/#website"},"primaryImageOfPage":{"@id":"https:\/\/saiga.es\/fr\/produit\/huile-synthetique-honda-supermultigrade-4t-15w40\/#primaryimage"},"image":{"@id":"https:\/\/saiga.es\/fr\/produit\/huile-synthetique-honda-supermultigrade-4t-15w40\/#primaryimage"},"thumbnailUrl":"https:\/\/saiga.es\/wp-content\/uploads\/2024\/12\/Supermultigrado-4T.jpg","datePublished":"2024-12-04T10:40:04+00:00","description":"L'huile synth\u00e9tique Honda SUPERMULTIGRADO 4T 15W40, disponible en bidons de 5 litres, est formul\u00e9e avec une technologie synth\u00e9tique de la plus haute qualit\u00e9 pour les moteurs \u00e0 essence \u00e0 quatre temps.","breadcrumb":{"@id":"https:\/\/saiga.es\/fr\/produit\/huile-synthetique-honda-supermultigrade-4t-15w40\/#breadcrumb"},"inLanguage":"fr-FR","potentialAction":[{"@type":"ReadAction","target":["https:\/\/saiga.es\/fr\/produit\/huile-synthetique-honda-supermultigrade-4t-15w40\/"]}]},{"@type":"ImageObject","inLanguage":"fr-FR","@id":"https:\/\/saiga.es\/fr\/produit\/huile-synthetique-honda-supermultigrade-4t-15w40\/#primaryimage","url":"https:\/\/saiga.es\/wp-content\/uploads\/2024\/12\/Supermultigrado-4T.jpg","contentUrl":"https:\/\/saiga.es\/wp-content\/uploads\/2024\/12\/Supermultigrado-4T.jpg","width":1080,"height":1080,"caption":"Supermultigrado Honda"},{"@type":"BreadcrumbList","@id":"https:\/\/saiga.es\/fr\/produit\/huile-synthetique-honda-supermultigrade-4t-15w40\/#breadcrumb","itemListElement":[{"@type":"ListItem","position":1,"name":"Inici","item":"https:\/\/saiga.es\/fr\/"},{"@type":"ListItem","position":2,"name":"boutique","item":"https:\/\/saiga.es\/fr\/boutique\/"},{"@type":"ListItem","position":3,"name":"Huile synth\u00e9tique Honda Supermultigrade 4T 15W40"}]},{"@type":"WebSite","@id":"https:\/\/saiga.es\/fr\/#website","url":"https:\/\/saiga.es\/fr\/","name":"SAIGA","description":"M\u00e9s de 50 anys al servei de la terra i treballant per a un \u00fas eficient de l\u2019aigua!","publisher":{"@id":"https:\/\/saiga.es\/fr\/#organization"},"potentialAction":[{"@type":"SearchAction","target":{"@type":"EntryPoint","urlTemplate":"https:\/\/saiga.es\/fr\/?s={search_term_string}"},"query-input":{"@type":"PropertyValueSpecification","valueRequired":true,"valueName":"search_term_string"}}],"inLanguage":"fr-FR"},{"@type":"Organization","@id":"https:\/\/saiga.es\/fr\/#organization","name":"SAIGA","url":"https:\/\/saiga.es\/fr\/","logo":{"@type":"ImageObject","inLanguage":"fr-FR","@id":"https:\/\/saiga.es\/fr\/#\/schema\/logo\/image\/","url":"https:\/\/saiga.es\/wp-content\/uploads\/2025\/07\/logo_saiga_baseline_optimitzat.svg","contentUrl":"https:\/\/saiga.es\/wp-content\/uploads\/2025\/07\/logo_saiga_baseline_optimitzat.svg","caption":"SAIGA"},"image":{"@id":"https:\/\/saiga.es\/fr\/#\/schema\/logo\/image\/"},"sameAs":["https:\/\/x.com\/saiga_agro","https:\/\/www.instagram.com\/saiga_agro\/"]}]}},"_links":{"self":[{"href":"https:\/\/saiga.es\/fr\/wp-json\/wp\/v2\/product\/13169","targetHints":{"allow":["GET"]}}],"collection":[{"href":"https:\/\/saiga.es\/fr\/wp-json\/wp\/v2\/product"}],"about":[{"href":"https:\/\/saiga.es\/fr\/wp-json\/wp\/v2\/types\/product"}],"replies":[{"embeddable":true,"href":"https:\/\/saiga.es\/fr\/wp-json\/wp\/v2\/comments?post=13169"}],"wp:featuredmedia":[{"embeddable":true,"href":"https:\/\/saiga.es\/fr\/wp-json\/wp\/v2\/media\/13167"}],"wp:attachment":[{"href":"https:\/\/saiga.es\/fr\/wp-json\/wp\/v2\/media?parent=13169"}],"wp:term":[{"taxonomy":"product_brand","embeddable":true,"href":"https:\/\/saiga.es\/fr\/wp-json\/wp\/v2\/product_brand?post=13169"},{"taxonomy":"product_cat","embeddable":true,"href":"https:\/\/saiga.es\/fr\/wp-json\/wp\/v2\/product_cat?post=13169"},{"taxonomy":"product_tag","embeddable":true,"href":"https:\/\/saiga.es\/fr\/wp-json\/wp\/v2\/product_tag?post=13169"}],"curies":[{"name":"wp","href":"https:\/\/api.w.org\/{rel}","templated":true}]}}