{"id":13181,"date":"2024-12-04T11:33:16","date_gmt":"2024-12-04T11:33:16","guid":{"rendered":"https:\/\/botiga.saiga.es\/producte\/graisse-liquide-adhesive-en-spray-lubrification-pour-secateur\/"},"modified":"2024-12-04T11:33:16","modified_gmt":"2024-12-04T11:33:16","slug":"graisse-liquide-adhesive-en-spray-lubrification-pour-secateur","status":"publish","type":"product","link":"https:\/\/saiga.es\/fr\/produit\/graisse-liquide-adhesive-en-spray-lubrification-pour-secateur\/","title":{"rendered":"Graisse liquide adh\u00e9sive en spray &#8211; Lubrification pour s\u00e9cateur"},"content":{"rendered":"<p>Graisse liquide adh\u00e9sive au format spray Arvipo, parfaite pour la lubrification et le graissage des syst\u00e8mes m\u00e9caniques ouverts. Sa formulation sp\u00e9cifique facilite une application pr\u00e9cise et cr\u00e9e une couche protectrice durable, id\u00e9ale pour la lame et la lame arri\u00e8re du s\u00e9cateur. Ce lubrifiant am\u00e9liore les performances, r\u00e9duit l&rsquo;usure et prolonge la dur\u00e9e de vie des outils. Recommand\u00e9 pour les professionnels et les passionn\u00e9s de jardinage.   <\/p>\n","protected":false},"excerpt":{"rendered":"<p>Graisse liquide adh\u00e9sive au format spray Arvipo, parfaite pour la lubrification et le graissage des syst\u00e8mes m\u00e9caniques ouverts.<\/p>\n","protected":false},"featured_media":13179,"comment_status":"closed","ping_status":"closed","template":"","meta":[],"product_brand":[],"product_cat":[1754],"product_tag":[858,1769],"class_list":{"0":"post-13181","1":"product","2":"type-product","3":"status-publish","4":"has-post-thumbnail","6":"product_cat-lubricants-fr","7":"product_tag-arvipo-fr","8":"product_tag-graisse","10":"first","11":"instock","12":"taxable","13":"shipping-taxable","14":"purchasable","15":"product-type-simple"},"yoast_head":"<!-- This site is optimized with the Yoast SEO plugin v27.3 - https:\/\/yoast.com\/product\/yoast-seo-wordpress\/ -->\n<title>Graisse liquide adh\u00e9sive en spray - Lubrification pour s\u00e9cateur | SAIGA<\/title>\n<meta name=\"description\" content=\"Graisse liquide adh\u00e9sive en spray, id\u00e9ale pour la lubrification et le graissage des syst\u00e8mes m\u00e9caniques ouverts.\" \/>\n<meta name=\"robots\" content=\"index, follow, max-snippet:-1, max-image-preview:large, max-video-preview:-1\" \/>\n<link rel=\"canonical\" href=\"https:\/\/saiga.es\/fr\/produit\/graisse-liquide-adhesive-en-spray-lubrification-pour-secateur\/\" \/>\n<meta property=\"og:locale\" content=\"fr_FR\" \/>\n<meta property=\"og:type\" content=\"article\" \/>\n<meta property=\"og:title\" content=\"Graisse liquide adh\u00e9sive en spray - Lubrification pour s\u00e9cateur | SAIGA\" \/>\n<meta property=\"og:description\" content=\"Graisse liquide adh\u00e9sive en spray, id\u00e9ale pour la lubrification et le graissage des syst\u00e8mes m\u00e9caniques ouverts.\" \/>\n<meta property=\"og:url\" content=\"https:\/\/saiga.es\/fr\/produit\/graisse-liquide-adhesive-en-spray-lubrification-pour-secateur\/\" \/>\n<meta property=\"og:site_name\" content=\"SAIGA\" \/>\n<meta property=\"og:image\" content=\"https:\/\/saiga.es\/wp-content\/uploads\/2024\/12\/Grassa-Arvipo.jpg\" \/>\n\t<meta property=\"og:image:width\" content=\"1080\" \/>\n\t<meta property=\"og:image:height\" content=\"1080\" \/>\n\t<meta property=\"og:image:type\" content=\"image\/jpeg\" \/>\n<meta name=\"twitter:card\" content=\"summary_large_image\" \/>\n<meta name=\"twitter:site\" content=\"@saiga_agro\" \/>\n<script type=\"application\/ld+json\" class=\"yoast-schema-graph\">{\"@context\":\"https:\\\/\\\/schema.org\",\"@graph\":[{\"@type\":\"WebPage\",\"@id\":\"https:\\\/\\\/saiga.es\\\/fr\\\/produit\\\/graisse-liquide-adhesive-en-spray-lubrification-pour-secateur\\\/\",\"url\":\"https:\\\/\\\/saiga.es\\\/fr\\\/produit\\\/graisse-liquide-adhesive-en-spray-lubrification-pour-secateur\\\/\",\"name\":\"Graisse liquide adh\u00e9sive en spray - Lubrification pour s\u00e9cateur | SAIGA\",\"isPartOf\":{\"@id\":\"https:\\\/\\\/saiga.es\\\/fr\\\/#website\"},\"primaryImageOfPage\":{\"@id\":\"https:\\\/\\\/saiga.es\\\/fr\\\/produit\\\/graisse-liquide-adhesive-en-spray-lubrification-pour-secateur\\\/#primaryimage\"},\"image\":{\"@id\":\"https:\\\/\\\/saiga.es\\\/fr\\\/produit\\\/graisse-liquide-adhesive-en-spray-lubrification-pour-secateur\\\/#primaryimage\"},\"thumbnailUrl\":\"https:\\\/\\\/saiga.es\\\/wp-content\\\/uploads\\\/2024\\\/12\\\/Grassa-Arvipo.jpg\",\"datePublished\":\"2024-12-04T11:33:16+00:00\",\"description\":\"Graisse liquide adh\u00e9sive en spray, id\u00e9ale pour la lubrification et le graissage des syst\u00e8mes m\u00e9caniques ouverts.\",\"breadcrumb\":{\"@id\":\"https:\\\/\\\/saiga.es\\\/fr\\\/produit\\\/graisse-liquide-adhesive-en-spray-lubrification-pour-secateur\\\/#breadcrumb\"},\"inLanguage\":\"fr-FR\",\"potentialAction\":[{\"@type\":\"ReadAction\",\"target\":[\"https:\\\/\\\/saiga.es\\\/fr\\\/produit\\\/graisse-liquide-adhesive-en-spray-lubrification-pour-secateur\\\/\"]}]},{\"@type\":\"ImageObject\",\"inLanguage\":\"fr-FR\",\"@id\":\"https:\\\/\\\/saiga.es\\\/fr\\\/produit\\\/graisse-liquide-adhesive-en-spray-lubrification-pour-secateur\\\/#primaryimage\",\"url\":\"https:\\\/\\\/saiga.es\\\/wp-content\\\/uploads\\\/2024\\\/12\\\/Grassa-Arvipo.jpg\",\"contentUrl\":\"https:\\\/\\\/saiga.es\\\/wp-content\\\/uploads\\\/2024\\\/12\\\/Grassa-Arvipo.jpg\",\"width\":1080,\"height\":1080,\"caption\":\"Graisse adh\u00e9sive Arvipo\"},{\"@type\":\"BreadcrumbList\",\"@id\":\"https:\\\/\\\/saiga.es\\\/fr\\\/produit\\\/graisse-liquide-adhesive-en-spray-lubrification-pour-secateur\\\/#breadcrumb\",\"itemListElement\":[{\"@type\":\"ListItem\",\"position\":1,\"name\":\"Inici\",\"item\":\"https:\\\/\\\/saiga.es\\\/fr\\\/\"},{\"@type\":\"ListItem\",\"position\":2,\"name\":\"boutique\",\"item\":\"https:\\\/\\\/saiga.es\\\/fr\\\/boutique\\\/\"},{\"@type\":\"ListItem\",\"position\":3,\"name\":\"Graisse liquide adh\u00e9sive en spray &#8211; Lubrification pour s\u00e9cateur\"}]},{\"@type\":\"WebSite\",\"@id\":\"https:\\\/\\\/saiga.es\\\/fr\\\/#website\",\"url\":\"https:\\\/\\\/saiga.es\\\/fr\\\/\",\"name\":\"SAIGA\",\"description\":\"M\u00e9s de 50 anys al servei de la terra i treballant per a un \u00fas eficient de l\u2019aigua!\",\"publisher\":{\"@id\":\"https:\\\/\\\/saiga.es\\\/fr\\\/#organization\"},\"potentialAction\":[{\"@type\":\"SearchAction\",\"target\":{\"@type\":\"EntryPoint\",\"urlTemplate\":\"https:\\\/\\\/saiga.es\\\/fr\\\/?s={search_term_string}\"},\"query-input\":{\"@type\":\"PropertyValueSpecification\",\"valueRequired\":true,\"valueName\":\"search_term_string\"}}],\"inLanguage\":\"fr-FR\"},{\"@type\":\"Organization\",\"@id\":\"https:\\\/\\\/saiga.es\\\/fr\\\/#organization\",\"name\":\"SAIGA\",\"url\":\"https:\\\/\\\/saiga.es\\\/fr\\\/\",\"logo\":{\"@type\":\"ImageObject\",\"inLanguage\":\"fr-FR\",\"@id\":\"https:\\\/\\\/saiga.es\\\/fr\\\/#\\\/schema\\\/logo\\\/image\\\/\",\"url\":\"https:\\\/\\\/saiga.es\\\/wp-content\\\/uploads\\\/2025\\\/07\\\/logo_saiga_baseline_optimitzat.svg\",\"contentUrl\":\"https:\\\/\\\/saiga.es\\\/wp-content\\\/uploads\\\/2025\\\/07\\\/logo_saiga_baseline_optimitzat.svg\",\"caption\":\"SAIGA\"},\"image\":{\"@id\":\"https:\\\/\\\/saiga.es\\\/fr\\\/#\\\/schema\\\/logo\\\/image\\\/\"},\"sameAs\":[\"https:\\\/\\\/x.com\\\/saiga_agro\",\"https:\\\/\\\/www.instagram.com\\\/saiga_agro\\\/\"]}]}<\/script>\n<!-- \/ Yoast SEO plugin. -->","yoast_head_json":{"title":"Graisse liquide adh\u00e9sive en spray - Lubrification pour s\u00e9cateur | SAIGA","description":"Graisse liquide adh\u00e9sive en spray, id\u00e9ale pour la lubrification et le graissage des syst\u00e8mes m\u00e9caniques ouverts.","robots":{"index":"index","follow":"follow","max-snippet":"max-snippet:-1","max-image-preview":"max-image-preview:large","max-video-preview":"max-video-preview:-1"},"canonical":"https:\/\/saiga.es\/fr\/produit\/graisse-liquide-adhesive-en-spray-lubrification-pour-secateur\/","og_locale":"fr_FR","og_type":"article","og_title":"Graisse liquide adh\u00e9sive en spray - Lubrification pour s\u00e9cateur | SAIGA","og_description":"Graisse liquide adh\u00e9sive en spray, id\u00e9ale pour la lubrification et le graissage des syst\u00e8mes m\u00e9caniques ouverts.","og_url":"https:\/\/saiga.es\/fr\/produit\/graisse-liquide-adhesive-en-spray-lubrification-pour-secateur\/","og_site_name":"SAIGA","og_image":[{"width":1080,"height":1080,"url":"https:\/\/saiga.es\/wp-content\/uploads\/2024\/12\/Grassa-Arvipo.jpg","type":"image\/jpeg"}],"twitter_card":"summary_large_image","twitter_site":"@saiga_agro","schema":{"@context":"https:\/\/schema.org","@graph":[{"@type":"WebPage","@id":"https:\/\/saiga.es\/fr\/produit\/graisse-liquide-adhesive-en-spray-lubrification-pour-secateur\/","url":"https:\/\/saiga.es\/fr\/produit\/graisse-liquide-adhesive-en-spray-lubrification-pour-secateur\/","name":"Graisse liquide adh\u00e9sive en spray - Lubrification pour s\u00e9cateur | SAIGA","isPartOf":{"@id":"https:\/\/saiga.es\/fr\/#website"},"primaryImageOfPage":{"@id":"https:\/\/saiga.es\/fr\/produit\/graisse-liquide-adhesive-en-spray-lubrification-pour-secateur\/#primaryimage"},"image":{"@id":"https:\/\/saiga.es\/fr\/produit\/graisse-liquide-adhesive-en-spray-lubrification-pour-secateur\/#primaryimage"},"thumbnailUrl":"https:\/\/saiga.es\/wp-content\/uploads\/2024\/12\/Grassa-Arvipo.jpg","datePublished":"2024-12-04T11:33:16+00:00","description":"Graisse liquide adh\u00e9sive en spray, id\u00e9ale pour la lubrification et le graissage des syst\u00e8mes m\u00e9caniques ouverts.","breadcrumb":{"@id":"https:\/\/saiga.es\/fr\/produit\/graisse-liquide-adhesive-en-spray-lubrification-pour-secateur\/#breadcrumb"},"inLanguage":"fr-FR","potentialAction":[{"@type":"ReadAction","target":["https:\/\/saiga.es\/fr\/produit\/graisse-liquide-adhesive-en-spray-lubrification-pour-secateur\/"]}]},{"@type":"ImageObject","inLanguage":"fr-FR","@id":"https:\/\/saiga.es\/fr\/produit\/graisse-liquide-adhesive-en-spray-lubrification-pour-secateur\/#primaryimage","url":"https:\/\/saiga.es\/wp-content\/uploads\/2024\/12\/Grassa-Arvipo.jpg","contentUrl":"https:\/\/saiga.es\/wp-content\/uploads\/2024\/12\/Grassa-Arvipo.jpg","width":1080,"height":1080,"caption":"Graisse adh\u00e9sive Arvipo"},{"@type":"BreadcrumbList","@id":"https:\/\/saiga.es\/fr\/produit\/graisse-liquide-adhesive-en-spray-lubrification-pour-secateur\/#breadcrumb","itemListElement":[{"@type":"ListItem","position":1,"name":"Inici","item":"https:\/\/saiga.es\/fr\/"},{"@type":"ListItem","position":2,"name":"boutique","item":"https:\/\/saiga.es\/fr\/boutique\/"},{"@type":"ListItem","position":3,"name":"Graisse liquide adh\u00e9sive en spray &#8211; Lubrification pour s\u00e9cateur"}]},{"@type":"WebSite","@id":"https:\/\/saiga.es\/fr\/#website","url":"https:\/\/saiga.es\/fr\/","name":"SAIGA","description":"M\u00e9s de 50 anys al servei de la terra i treballant per a un \u00fas eficient de l\u2019aigua!","publisher":{"@id":"https:\/\/saiga.es\/fr\/#organization"},"potentialAction":[{"@type":"SearchAction","target":{"@type":"EntryPoint","urlTemplate":"https:\/\/saiga.es\/fr\/?s={search_term_string}"},"query-input":{"@type":"PropertyValueSpecification","valueRequired":true,"valueName":"search_term_string"}}],"inLanguage":"fr-FR"},{"@type":"Organization","@id":"https:\/\/saiga.es\/fr\/#organization","name":"SAIGA","url":"https:\/\/saiga.es\/fr\/","logo":{"@type":"ImageObject","inLanguage":"fr-FR","@id":"https:\/\/saiga.es\/fr\/#\/schema\/logo\/image\/","url":"https:\/\/saiga.es\/wp-content\/uploads\/2025\/07\/logo_saiga_baseline_optimitzat.svg","contentUrl":"https:\/\/saiga.es\/wp-content\/uploads\/2025\/07\/logo_saiga_baseline_optimitzat.svg","caption":"SAIGA"},"image":{"@id":"https:\/\/saiga.es\/fr\/#\/schema\/logo\/image\/"},"sameAs":["https:\/\/x.com\/saiga_agro","https:\/\/www.instagram.com\/saiga_agro\/"]}]}},"_links":{"self":[{"href":"https:\/\/saiga.es\/fr\/wp-json\/wp\/v2\/product\/13181","targetHints":{"allow":["GET"]}}],"collection":[{"href":"https:\/\/saiga.es\/fr\/wp-json\/wp\/v2\/product"}],"about":[{"href":"https:\/\/saiga.es\/fr\/wp-json\/wp\/v2\/types\/product"}],"replies":[{"embeddable":true,"href":"https:\/\/saiga.es\/fr\/wp-json\/wp\/v2\/comments?post=13181"}],"wp:featuredmedia":[{"embeddable":true,"href":"https:\/\/saiga.es\/fr\/wp-json\/wp\/v2\/media\/13179"}],"wp:attachment":[{"href":"https:\/\/saiga.es\/fr\/wp-json\/wp\/v2\/media?parent=13181"}],"wp:term":[{"taxonomy":"product_brand","embeddable":true,"href":"https:\/\/saiga.es\/fr\/wp-json\/wp\/v2\/product_brand?post=13181"},{"taxonomy":"product_cat","embeddable":true,"href":"https:\/\/saiga.es\/fr\/wp-json\/wp\/v2\/product_cat?post=13181"},{"taxonomy":"product_tag","embeddable":true,"href":"https:\/\/saiga.es\/fr\/wp-json\/wp\/v2\/product_tag?post=13181"}],"curies":[{"name":"wp","href":"https:\/\/api.w.org\/{rel}","templated":true}]}}