{"id":13194,"date":"2024-12-05T09:15:24","date_gmt":"2024-12-05T09:15:24","guid":{"rendered":"https:\/\/botiga.saiga.es\/producte\/gants-de-travail-avec-protection-anti-coupure-echo\/"},"modified":"2024-12-05T09:15:24","modified_gmt":"2024-12-05T09:15:24","slug":"gants-de-travail-avec-protection-anti-coupure-echo","status":"publish","type":"product","link":"https:\/\/saiga.es\/fr\/produit\/gants-de-travail-avec-protection-anti-coupure-echo\/","title":{"rendered":"Gants de travail avec protection anti-coupure ECHO"},"content":{"rendered":"<p>Gants de travail avec protection anti-coupure ECHO : r\u00e9sistance, confort et durabilit\u00e9 D\u00e9couvrez les gants de travail de base avec protection anti-coupure ECHO, con\u00e7us pour offrir un maximum de s\u00e9curit\u00e9 et de confort lors de vos t\u00e2ches quotidiennes. Fabriqu\u00e9s \u00e0 partir de mat\u00e9riaux solides et durables, ces gants s&rsquo;adaptent parfaitement \u00e0 la main, assurant une grande libert\u00e9 de mouvement et un ajustement ergonomique. Id\u00e9al pour les travaux de construction, le jardinage, le bricolage ou les industries n\u00e9cessitant une protection suppl\u00e9mentaire contre les coupures.<\/p>\n<ul>\n<li>Protection fiable contre le piratage.<\/li>\n<li>Mat\u00e9riaux de qualit\u00e9 pour une longue dur\u00e9e de vie.<\/li>\n<li>Disponible en diff\u00e9rentes tailles pour r\u00e9pondre \u00e0 vos besoins.<\/li>\n<\/ul>\n<p>Optimisez votre s\u00e9curit\u00e9 et profitez d&rsquo;une exp\u00e9rience confortable avec les gants de travail ECHO, parfaits pour les professionnels les plus exigeants. Achetez maintenant et prot\u00e9gez vos mains avec style et efficacit\u00e9 ! <\/p>\n","protected":false},"excerpt":{"rendered":"<p>Gants de travail avec protection anti-coupure ECHO : r\u00e9sistance, confort et durabilit\u00e9. D\u00e9couvrez les gants de travail ECHO basic avec protection anti-coupure, con\u00e7us pour offrir un maximum de s\u00e9curit\u00e9 et de confort lors de vos t\u00e2ches quotidiennes. <\/p>\n","protected":false},"featured_media":13189,"comment_status":"closed","ping_status":"closed","template":"","meta":[],"product_brand":[],"product_cat":[483,1771],"product_tag":[1667],"class_list":{"0":"post-13194","1":"product","2":"type-product","3":"status-publish","4":"has-post-thumbnail","6":"product_cat-gants","7":"product_cat-vetements-de-travail","8":"product_tag-echo-fr","10":"first","11":"instock","12":"taxable","13":"shipping-taxable","14":"purchasable","15":"product-type-variable"},"yoast_head":"<!-- This site is optimized with the Yoast SEO plugin v27.3 - https:\/\/yoast.com\/product\/yoast-seo-wordpress\/ -->\n<title>Gants de travail avec protection anti-coupure ECHO | SAIGA<\/title>\n<meta name=\"description\" content=\"Gants de travail avec protection anti-coupure ECHO : r\u00e9sistance, confort et durabilit\u00e9\" \/>\n<meta name=\"robots\" content=\"index, follow, max-snippet:-1, max-image-preview:large, max-video-preview:-1\" \/>\n<link rel=\"canonical\" href=\"https:\/\/saiga.es\/fr\/produit\/gants-de-travail-avec-protection-anti-coupure-echo\/\" \/>\n<meta property=\"og:locale\" content=\"fr_FR\" \/>\n<meta property=\"og:type\" content=\"article\" \/>\n<meta property=\"og:title\" content=\"Gants de travail avec protection anti-coupure ECHO | SAIGA\" \/>\n<meta property=\"og:description\" content=\"Gants de travail avec protection anti-coupure ECHO : r\u00e9sistance, confort et durabilit\u00e9\" \/>\n<meta property=\"og:url\" content=\"https:\/\/saiga.es\/fr\/produit\/gants-de-travail-avec-protection-anti-coupure-echo\/\" \/>\n<meta property=\"og:site_name\" content=\"SAIGA\" \/>\n<meta property=\"og:image\" content=\"https:\/\/saiga.es\/wp-content\/uploads\/2024\/12\/Guants-antitall.jpg\" \/>\n\t<meta property=\"og:image:width\" content=\"1080\" \/>\n\t<meta property=\"og:image:height\" content=\"1080\" \/>\n\t<meta property=\"og:image:type\" content=\"image\/jpeg\" \/>\n<meta name=\"twitter:card\" content=\"summary_large_image\" \/>\n<meta name=\"twitter:site\" content=\"@saiga_agro\" \/>\n<meta name=\"twitter:label1\" content=\"Dur\u00e9e de lecture estim\u00e9e\" \/>\n\t<meta name=\"twitter:data1\" content=\"1 minute\" \/>\n<script type=\"application\/ld+json\" class=\"yoast-schema-graph\">{\"@context\":\"https:\\\/\\\/schema.org\",\"@graph\":[{\"@type\":\"WebPage\",\"@id\":\"https:\\\/\\\/saiga.es\\\/fr\\\/produit\\\/gants-de-travail-avec-protection-anti-coupure-echo\\\/\",\"url\":\"https:\\\/\\\/saiga.es\\\/fr\\\/produit\\\/gants-de-travail-avec-protection-anti-coupure-echo\\\/\",\"name\":\"Gants de travail avec protection anti-coupure ECHO | SAIGA\",\"isPartOf\":{\"@id\":\"https:\\\/\\\/saiga.es\\\/fr\\\/#website\"},\"primaryImageOfPage\":{\"@id\":\"https:\\\/\\\/saiga.es\\\/fr\\\/produit\\\/gants-de-travail-avec-protection-anti-coupure-echo\\\/#primaryimage\"},\"image\":{\"@id\":\"https:\\\/\\\/saiga.es\\\/fr\\\/produit\\\/gants-de-travail-avec-protection-anti-coupure-echo\\\/#primaryimage\"},\"thumbnailUrl\":\"https:\\\/\\\/saiga.es\\\/wp-content\\\/uploads\\\/2024\\\/12\\\/Guants-antitall.jpg\",\"datePublished\":\"2024-12-05T09:15:24+00:00\",\"description\":\"Gants de travail avec protection anti-coupure ECHO : r\u00e9sistance, confort et durabilit\u00e9\",\"breadcrumb\":{\"@id\":\"https:\\\/\\\/saiga.es\\\/fr\\\/produit\\\/gants-de-travail-avec-protection-anti-coupure-echo\\\/#breadcrumb\"},\"inLanguage\":\"fr-FR\",\"potentialAction\":[{\"@type\":\"ReadAction\",\"target\":[\"https:\\\/\\\/saiga.es\\\/fr\\\/produit\\\/gants-de-travail-avec-protection-anti-coupure-echo\\\/\"]}]},{\"@type\":\"ImageObject\",\"inLanguage\":\"fr-FR\",\"@id\":\"https:\\\/\\\/saiga.es\\\/fr\\\/produit\\\/gants-de-travail-avec-protection-anti-coupure-echo\\\/#primaryimage\",\"url\":\"https:\\\/\\\/saiga.es\\\/wp-content\\\/uploads\\\/2024\\\/12\\\/Guants-antitall.jpg\",\"contentUrl\":\"https:\\\/\\\/saiga.es\\\/wp-content\\\/uploads\\\/2024\\\/12\\\/Guants-antitall.jpg\",\"width\":1080,\"height\":1080,\"caption\":\"Gants anti-coupure Echo\"},{\"@type\":\"BreadcrumbList\",\"@id\":\"https:\\\/\\\/saiga.es\\\/fr\\\/produit\\\/gants-de-travail-avec-protection-anti-coupure-echo\\\/#breadcrumb\",\"itemListElement\":[{\"@type\":\"ListItem\",\"position\":1,\"name\":\"Inici\",\"item\":\"https:\\\/\\\/saiga.es\\\/fr\\\/\"},{\"@type\":\"ListItem\",\"position\":2,\"name\":\"boutique\",\"item\":\"https:\\\/\\\/saiga.es\\\/fr\\\/boutique\\\/\"},{\"@type\":\"ListItem\",\"position\":3,\"name\":\"Gants de travail avec protection anti-coupure ECHO\"}]},{\"@type\":\"WebSite\",\"@id\":\"https:\\\/\\\/saiga.es\\\/fr\\\/#website\",\"url\":\"https:\\\/\\\/saiga.es\\\/fr\\\/\",\"name\":\"SAIGA\",\"description\":\"M\u00e9s de 50 anys al servei de la terra i treballant per a un \u00fas eficient de l\u2019aigua!\",\"publisher\":{\"@id\":\"https:\\\/\\\/saiga.es\\\/fr\\\/#organization\"},\"potentialAction\":[{\"@type\":\"SearchAction\",\"target\":{\"@type\":\"EntryPoint\",\"urlTemplate\":\"https:\\\/\\\/saiga.es\\\/fr\\\/?s={search_term_string}\"},\"query-input\":{\"@type\":\"PropertyValueSpecification\",\"valueRequired\":true,\"valueName\":\"search_term_string\"}}],\"inLanguage\":\"fr-FR\"},{\"@type\":\"Organization\",\"@id\":\"https:\\\/\\\/saiga.es\\\/fr\\\/#organization\",\"name\":\"SAIGA\",\"url\":\"https:\\\/\\\/saiga.es\\\/fr\\\/\",\"logo\":{\"@type\":\"ImageObject\",\"inLanguage\":\"fr-FR\",\"@id\":\"https:\\\/\\\/saiga.es\\\/fr\\\/#\\\/schema\\\/logo\\\/image\\\/\",\"url\":\"https:\\\/\\\/saiga.es\\\/wp-content\\\/uploads\\\/2025\\\/07\\\/logo_saiga_baseline_optimitzat.svg\",\"contentUrl\":\"https:\\\/\\\/saiga.es\\\/wp-content\\\/uploads\\\/2025\\\/07\\\/logo_saiga_baseline_optimitzat.svg\",\"caption\":\"SAIGA\"},\"image\":{\"@id\":\"https:\\\/\\\/saiga.es\\\/fr\\\/#\\\/schema\\\/logo\\\/image\\\/\"},\"sameAs\":[\"https:\\\/\\\/x.com\\\/saiga_agro\",\"https:\\\/\\\/www.instagram.com\\\/saiga_agro\\\/\"]}]}<\/script>\n<!-- \/ Yoast SEO plugin. -->","yoast_head_json":{"title":"Gants de travail avec protection anti-coupure ECHO | SAIGA","description":"Gants de travail avec protection anti-coupure ECHO : r\u00e9sistance, confort et durabilit\u00e9","robots":{"index":"index","follow":"follow","max-snippet":"max-snippet:-1","max-image-preview":"max-image-preview:large","max-video-preview":"max-video-preview:-1"},"canonical":"https:\/\/saiga.es\/fr\/produit\/gants-de-travail-avec-protection-anti-coupure-echo\/","og_locale":"fr_FR","og_type":"article","og_title":"Gants de travail avec protection anti-coupure ECHO | SAIGA","og_description":"Gants de travail avec protection anti-coupure ECHO : r\u00e9sistance, confort et durabilit\u00e9","og_url":"https:\/\/saiga.es\/fr\/produit\/gants-de-travail-avec-protection-anti-coupure-echo\/","og_site_name":"SAIGA","og_image":[{"width":1080,"height":1080,"url":"https:\/\/saiga.es\/wp-content\/uploads\/2024\/12\/Guants-antitall.jpg","type":"image\/jpeg"}],"twitter_card":"summary_large_image","twitter_site":"@saiga_agro","twitter_misc":{"Dur\u00e9e de lecture estim\u00e9e":"1 minute"},"schema":{"@context":"https:\/\/schema.org","@graph":[{"@type":"WebPage","@id":"https:\/\/saiga.es\/fr\/produit\/gants-de-travail-avec-protection-anti-coupure-echo\/","url":"https:\/\/saiga.es\/fr\/produit\/gants-de-travail-avec-protection-anti-coupure-echo\/","name":"Gants de travail avec protection anti-coupure ECHO | SAIGA","isPartOf":{"@id":"https:\/\/saiga.es\/fr\/#website"},"primaryImageOfPage":{"@id":"https:\/\/saiga.es\/fr\/produit\/gants-de-travail-avec-protection-anti-coupure-echo\/#primaryimage"},"image":{"@id":"https:\/\/saiga.es\/fr\/produit\/gants-de-travail-avec-protection-anti-coupure-echo\/#primaryimage"},"thumbnailUrl":"https:\/\/saiga.es\/wp-content\/uploads\/2024\/12\/Guants-antitall.jpg","datePublished":"2024-12-05T09:15:24+00:00","description":"Gants de travail avec protection anti-coupure ECHO : r\u00e9sistance, confort et durabilit\u00e9","breadcrumb":{"@id":"https:\/\/saiga.es\/fr\/produit\/gants-de-travail-avec-protection-anti-coupure-echo\/#breadcrumb"},"inLanguage":"fr-FR","potentialAction":[{"@type":"ReadAction","target":["https:\/\/saiga.es\/fr\/produit\/gants-de-travail-avec-protection-anti-coupure-echo\/"]}]},{"@type":"ImageObject","inLanguage":"fr-FR","@id":"https:\/\/saiga.es\/fr\/produit\/gants-de-travail-avec-protection-anti-coupure-echo\/#primaryimage","url":"https:\/\/saiga.es\/wp-content\/uploads\/2024\/12\/Guants-antitall.jpg","contentUrl":"https:\/\/saiga.es\/wp-content\/uploads\/2024\/12\/Guants-antitall.jpg","width":1080,"height":1080,"caption":"Gants anti-coupure Echo"},{"@type":"BreadcrumbList","@id":"https:\/\/saiga.es\/fr\/produit\/gants-de-travail-avec-protection-anti-coupure-echo\/#breadcrumb","itemListElement":[{"@type":"ListItem","position":1,"name":"Inici","item":"https:\/\/saiga.es\/fr\/"},{"@type":"ListItem","position":2,"name":"boutique","item":"https:\/\/saiga.es\/fr\/boutique\/"},{"@type":"ListItem","position":3,"name":"Gants de travail avec protection anti-coupure ECHO"}]},{"@type":"WebSite","@id":"https:\/\/saiga.es\/fr\/#website","url":"https:\/\/saiga.es\/fr\/","name":"SAIGA","description":"M\u00e9s de 50 anys al servei de la terra i treballant per a un \u00fas eficient de l\u2019aigua!","publisher":{"@id":"https:\/\/saiga.es\/fr\/#organization"},"potentialAction":[{"@type":"SearchAction","target":{"@type":"EntryPoint","urlTemplate":"https:\/\/saiga.es\/fr\/?s={search_term_string}"},"query-input":{"@type":"PropertyValueSpecification","valueRequired":true,"valueName":"search_term_string"}}],"inLanguage":"fr-FR"},{"@type":"Organization","@id":"https:\/\/saiga.es\/fr\/#organization","name":"SAIGA","url":"https:\/\/saiga.es\/fr\/","logo":{"@type":"ImageObject","inLanguage":"fr-FR","@id":"https:\/\/saiga.es\/fr\/#\/schema\/logo\/image\/","url":"https:\/\/saiga.es\/wp-content\/uploads\/2025\/07\/logo_saiga_baseline_optimitzat.svg","contentUrl":"https:\/\/saiga.es\/wp-content\/uploads\/2025\/07\/logo_saiga_baseline_optimitzat.svg","caption":"SAIGA"},"image":{"@id":"https:\/\/saiga.es\/fr\/#\/schema\/logo\/image\/"},"sameAs":["https:\/\/x.com\/saiga_agro","https:\/\/www.instagram.com\/saiga_agro\/"]}]}},"_links":{"self":[{"href":"https:\/\/saiga.es\/fr\/wp-json\/wp\/v2\/product\/13194","targetHints":{"allow":["GET"]}}],"collection":[{"href":"https:\/\/saiga.es\/fr\/wp-json\/wp\/v2\/product"}],"about":[{"href":"https:\/\/saiga.es\/fr\/wp-json\/wp\/v2\/types\/product"}],"replies":[{"embeddable":true,"href":"https:\/\/saiga.es\/fr\/wp-json\/wp\/v2\/comments?post=13194"}],"wp:featuredmedia":[{"embeddable":true,"href":"https:\/\/saiga.es\/fr\/wp-json\/wp\/v2\/media\/13189"}],"wp:attachment":[{"href":"https:\/\/saiga.es\/fr\/wp-json\/wp\/v2\/media?parent=13194"}],"wp:term":[{"taxonomy":"product_brand","embeddable":true,"href":"https:\/\/saiga.es\/fr\/wp-json\/wp\/v2\/product_brand?post=13194"},{"taxonomy":"product_cat","embeddable":true,"href":"https:\/\/saiga.es\/fr\/wp-json\/wp\/v2\/product_cat?post=13194"},{"taxonomy":"product_tag","embeddable":true,"href":"https:\/\/saiga.es\/fr\/wp-json\/wp\/v2\/product_tag?post=13194"}],"curies":[{"name":"wp","href":"https:\/\/api.w.org\/{rel}","templated":true}]}}