{"id":13206,"date":"2024-12-05T11:21:29","date_gmt":"2024-12-05T11:21:29","guid":{"rendered":"https:\/\/botiga.saiga.es\/producte\/fut-combine-pour-carburant-et-huile\/"},"modified":"2024-12-05T11:21:29","modified_gmt":"2024-12-05T11:21:29","slug":"fut-combine-pour-carburant-et-huile","status":"publish","type":"product","link":"https:\/\/saiga.es\/fr\/produit\/fut-combine-pour-carburant-et-huile\/","title":{"rendered":"F\u00fbt combin\u00e9 pour carburant et huile"},"content":{"rendered":"<p>Bidon combin\u00e9 Hunersdorff PROFI Doppelkanister &#8211; robuste et approuv\u00e9 Le bidon combin\u00e9 Hunersdorff PROFI Doppelkanister est une solution s\u00fbre et pratique pour le transport de carburant et de m\u00e9lange de carburant, id\u00e9al pour les tron\u00e7onneuses et autres outils \u00e9lectriques. Fabriqu\u00e9 en poly\u00e9thyl\u00e8ne incassable (HD-PE), ce f\u00fbt est homologu\u00e9 UN pour le transport de marchandises dangereuses (selon ADR\/GGVSEB) et est compatible E10.<\/p>\n<ul>\n<li>Capacit\u00e9 : 3 + 1,5 litres.<\/li>\n<li>Dimensions compactes : 145 x 308 x 254 mm.<\/li>\n<li>Comprend des tubes de drainage, un bouchon de s\u00e9curit\u00e9 pour enfants et des accessoires en option (syst\u00e8me de recharge s\u00e9curis\u00e9, \u00e9tiquettes de danger, etc.).<\/li>\n<\/ul>\n<p>&nbsp;<\/p>\n","protected":false},"excerpt":{"rendered":"<p>Le tambour combin\u00e9 PROFI Doppelkanister de Hunersdorff est une solution s\u00fbre et pratique pour le transport de carburant et de m\u00e9lange de carburant, id\u00e9al pour les tron\u00e7onneuses et autres outils \u00e9lectriques.<\/p>\n","protected":false},"featured_media":13204,"comment_status":"closed","ping_status":"closed","template":"","meta":[],"product_brand":[],"product_cat":[1754],"product_tag":[1776,1777],"class_list":{"0":"post-13206","1":"product","2":"type-product","3":"status-publish","4":"has-post-thumbnail","6":"product_cat-lubricants-fr","7":"product_tag-depot","8":"product_tag-depot-combine","10":"first","11":"instock","12":"taxable","13":"shipping-taxable","14":"purchasable","15":"product-type-simple"},"yoast_head":"<!-- This site is optimized with the Yoast SEO plugin v27.4 - https:\/\/yoast.com\/product\/yoast-seo-wordpress\/ -->\n<title>F\u00fbt combin\u00e9 pour carburant et huile | SAIGA<\/title>\n<meta name=\"description\" content=\"Bidon combin\u00e9 incassable PROFI Doppelkanister de Hunersdorff : r\u00e9sistant et approuv\u00e9\" \/>\n<meta name=\"robots\" content=\"index, follow, max-snippet:-1, max-image-preview:large, max-video-preview:-1\" \/>\n<link rel=\"canonical\" href=\"https:\/\/saiga.es\/fr\/produit\/fut-combine-pour-carburant-et-huile\/\" \/>\n<meta property=\"og:locale\" content=\"fr_FR\" \/>\n<meta property=\"og:type\" content=\"article\" \/>\n<meta property=\"og:title\" content=\"F\u00fbt combin\u00e9 pour carburant et huile | SAIGA\" \/>\n<meta property=\"og:description\" content=\"Bidon combin\u00e9 incassable PROFI Doppelkanister de Hunersdorff : r\u00e9sistant et approuv\u00e9\" \/>\n<meta property=\"og:url\" content=\"https:\/\/saiga.es\/fr\/produit\/fut-combine-pour-carburant-et-huile\/\" \/>\n<meta property=\"og:site_name\" content=\"SAIGA\" \/>\n<meta property=\"og:image\" content=\"https:\/\/saiga.es\/wp-content\/uploads\/2024\/12\/Diposit-PROFI-Doppelkanister.jpg\" \/>\n\t<meta property=\"og:image:width\" content=\"1080\" \/>\n\t<meta property=\"og:image:height\" content=\"1080\" \/>\n\t<meta property=\"og:image:type\" content=\"image\/jpeg\" \/>\n<meta name=\"twitter:card\" content=\"summary_large_image\" \/>\n<meta name=\"twitter:site\" content=\"@saiga_agro\" \/>\n<meta name=\"twitter:label1\" content=\"Dur\u00e9e de lecture estim\u00e9e\" \/>\n\t<meta name=\"twitter:data1\" content=\"1 minute\" \/>\n<script type=\"application\/ld+json\" class=\"yoast-schema-graph\">{\"@context\":\"https:\\\/\\\/schema.org\",\"@graph\":[{\"@type\":\"WebPage\",\"@id\":\"https:\\\/\\\/saiga.es\\\/fr\\\/produit\\\/fut-combine-pour-carburant-et-huile\\\/\",\"url\":\"https:\\\/\\\/saiga.es\\\/fr\\\/produit\\\/fut-combine-pour-carburant-et-huile\\\/\",\"name\":\"F\u00fbt combin\u00e9 pour carburant et huile | SAIGA\",\"isPartOf\":{\"@id\":\"https:\\\/\\\/saiga.es\\\/fr\\\/#website\"},\"primaryImageOfPage\":{\"@id\":\"https:\\\/\\\/saiga.es\\\/fr\\\/produit\\\/fut-combine-pour-carburant-et-huile\\\/#primaryimage\"},\"image\":{\"@id\":\"https:\\\/\\\/saiga.es\\\/fr\\\/produit\\\/fut-combine-pour-carburant-et-huile\\\/#primaryimage\"},\"thumbnailUrl\":\"https:\\\/\\\/saiga.es\\\/wp-content\\\/uploads\\\/2024\\\/12\\\/Diposit-PROFI-Doppelkanister.jpg\",\"datePublished\":\"2024-12-05T11:21:29+00:00\",\"description\":\"Bidon combin\u00e9 incassable PROFI Doppelkanister de Hunersdorff : r\u00e9sistant et approuv\u00e9\",\"breadcrumb\":{\"@id\":\"https:\\\/\\\/saiga.es\\\/fr\\\/produit\\\/fut-combine-pour-carburant-et-huile\\\/#breadcrumb\"},\"inLanguage\":\"fr-FR\",\"potentialAction\":[{\"@type\":\"ReadAction\",\"target\":[\"https:\\\/\\\/saiga.es\\\/fr\\\/produit\\\/fut-combine-pour-carburant-et-huile\\\/\"]}]},{\"@type\":\"ImageObject\",\"inLanguage\":\"fr-FR\",\"@id\":\"https:\\\/\\\/saiga.es\\\/fr\\\/produit\\\/fut-combine-pour-carburant-et-huile\\\/#primaryimage\",\"url\":\"https:\\\/\\\/saiga.es\\\/wp-content\\\/uploads\\\/2024\\\/12\\\/Diposit-PROFI-Doppelkanister.jpg\",\"contentUrl\":\"https:\\\/\\\/saiga.es\\\/wp-content\\\/uploads\\\/2024\\\/12\\\/Diposit-PROFI-Doppelkanister.jpg\",\"width\":1080,\"height\":1080,\"caption\":\"D\u00e9p\u00f4t PROFI Doppelkanister\"},{\"@type\":\"BreadcrumbList\",\"@id\":\"https:\\\/\\\/saiga.es\\\/fr\\\/produit\\\/fut-combine-pour-carburant-et-huile\\\/#breadcrumb\",\"itemListElement\":[{\"@type\":\"ListItem\",\"position\":1,\"name\":\"Inici\",\"item\":\"https:\\\/\\\/saiga.es\\\/fr\\\/\"},{\"@type\":\"ListItem\",\"position\":2,\"name\":\"boutique\",\"item\":\"https:\\\/\\\/saiga.es\\\/fr\\\/boutique\\\/\"},{\"@type\":\"ListItem\",\"position\":3,\"name\":\"F\u00fbt combin\u00e9 pour carburant et huile\"}]},{\"@type\":\"WebSite\",\"@id\":\"https:\\\/\\\/saiga.es\\\/fr\\\/#website\",\"url\":\"https:\\\/\\\/saiga.es\\\/fr\\\/\",\"name\":\"SAIGA\",\"description\":\"M\u00e9s de 50 anys al servei de la terra i treballant per a un \u00fas eficient de l\u2019aigua!\",\"publisher\":{\"@id\":\"https:\\\/\\\/saiga.es\\\/fr\\\/#organization\"},\"potentialAction\":[{\"@type\":\"SearchAction\",\"target\":{\"@type\":\"EntryPoint\",\"urlTemplate\":\"https:\\\/\\\/saiga.es\\\/fr\\\/?s={search_term_string}\"},\"query-input\":{\"@type\":\"PropertyValueSpecification\",\"valueRequired\":true,\"valueName\":\"search_term_string\"}}],\"inLanguage\":\"fr-FR\"},{\"@type\":\"Organization\",\"@id\":\"https:\\\/\\\/saiga.es\\\/fr\\\/#organization\",\"name\":\"SAIGA\",\"url\":\"https:\\\/\\\/saiga.es\\\/fr\\\/\",\"logo\":{\"@type\":\"ImageObject\",\"inLanguage\":\"fr-FR\",\"@id\":\"https:\\\/\\\/saiga.es\\\/fr\\\/#\\\/schema\\\/logo\\\/image\\\/\",\"url\":\"https:\\\/\\\/saiga.es\\\/wp-content\\\/uploads\\\/2025\\\/07\\\/logo_saiga_baseline_optimitzat.svg\",\"contentUrl\":\"https:\\\/\\\/saiga.es\\\/wp-content\\\/uploads\\\/2025\\\/07\\\/logo_saiga_baseline_optimitzat.svg\",\"caption\":\"SAIGA\"},\"image\":{\"@id\":\"https:\\\/\\\/saiga.es\\\/fr\\\/#\\\/schema\\\/logo\\\/image\\\/\"},\"sameAs\":[\"https:\\\/\\\/x.com\\\/saiga_agro\",\"https:\\\/\\\/www.instagram.com\\\/saiga_agro\\\/\"]}]}<\/script>\n<!-- \/ Yoast SEO plugin. -->","yoast_head_json":{"title":"F\u00fbt combin\u00e9 pour carburant et huile | SAIGA","description":"Bidon combin\u00e9 incassable PROFI Doppelkanister de Hunersdorff : r\u00e9sistant et approuv\u00e9","robots":{"index":"index","follow":"follow","max-snippet":"max-snippet:-1","max-image-preview":"max-image-preview:large","max-video-preview":"max-video-preview:-1"},"canonical":"https:\/\/saiga.es\/fr\/produit\/fut-combine-pour-carburant-et-huile\/","og_locale":"fr_FR","og_type":"article","og_title":"F\u00fbt combin\u00e9 pour carburant et huile | SAIGA","og_description":"Bidon combin\u00e9 incassable PROFI Doppelkanister de Hunersdorff : r\u00e9sistant et approuv\u00e9","og_url":"https:\/\/saiga.es\/fr\/produit\/fut-combine-pour-carburant-et-huile\/","og_site_name":"SAIGA","og_image":[{"width":1080,"height":1080,"url":"https:\/\/saiga.es\/wp-content\/uploads\/2024\/12\/Diposit-PROFI-Doppelkanister.jpg","type":"image\/jpeg"}],"twitter_card":"summary_large_image","twitter_site":"@saiga_agro","twitter_misc":{"Dur\u00e9e de lecture estim\u00e9e":"1 minute"},"schema":{"@context":"https:\/\/schema.org","@graph":[{"@type":"WebPage","@id":"https:\/\/saiga.es\/fr\/produit\/fut-combine-pour-carburant-et-huile\/","url":"https:\/\/saiga.es\/fr\/produit\/fut-combine-pour-carburant-et-huile\/","name":"F\u00fbt combin\u00e9 pour carburant et huile | SAIGA","isPartOf":{"@id":"https:\/\/saiga.es\/fr\/#website"},"primaryImageOfPage":{"@id":"https:\/\/saiga.es\/fr\/produit\/fut-combine-pour-carburant-et-huile\/#primaryimage"},"image":{"@id":"https:\/\/saiga.es\/fr\/produit\/fut-combine-pour-carburant-et-huile\/#primaryimage"},"thumbnailUrl":"https:\/\/saiga.es\/wp-content\/uploads\/2024\/12\/Diposit-PROFI-Doppelkanister.jpg","datePublished":"2024-12-05T11:21:29+00:00","description":"Bidon combin\u00e9 incassable PROFI Doppelkanister de Hunersdorff : r\u00e9sistant et approuv\u00e9","breadcrumb":{"@id":"https:\/\/saiga.es\/fr\/produit\/fut-combine-pour-carburant-et-huile\/#breadcrumb"},"inLanguage":"fr-FR","potentialAction":[{"@type":"ReadAction","target":["https:\/\/saiga.es\/fr\/produit\/fut-combine-pour-carburant-et-huile\/"]}]},{"@type":"ImageObject","inLanguage":"fr-FR","@id":"https:\/\/saiga.es\/fr\/produit\/fut-combine-pour-carburant-et-huile\/#primaryimage","url":"https:\/\/saiga.es\/wp-content\/uploads\/2024\/12\/Diposit-PROFI-Doppelkanister.jpg","contentUrl":"https:\/\/saiga.es\/wp-content\/uploads\/2024\/12\/Diposit-PROFI-Doppelkanister.jpg","width":1080,"height":1080,"caption":"D\u00e9p\u00f4t PROFI Doppelkanister"},{"@type":"BreadcrumbList","@id":"https:\/\/saiga.es\/fr\/produit\/fut-combine-pour-carburant-et-huile\/#breadcrumb","itemListElement":[{"@type":"ListItem","position":1,"name":"Inici","item":"https:\/\/saiga.es\/fr\/"},{"@type":"ListItem","position":2,"name":"boutique","item":"https:\/\/saiga.es\/fr\/boutique\/"},{"@type":"ListItem","position":3,"name":"F\u00fbt combin\u00e9 pour carburant et huile"}]},{"@type":"WebSite","@id":"https:\/\/saiga.es\/fr\/#website","url":"https:\/\/saiga.es\/fr\/","name":"SAIGA","description":"M\u00e9s de 50 anys al servei de la terra i treballant per a un \u00fas eficient de l\u2019aigua!","publisher":{"@id":"https:\/\/saiga.es\/fr\/#organization"},"potentialAction":[{"@type":"SearchAction","target":{"@type":"EntryPoint","urlTemplate":"https:\/\/saiga.es\/fr\/?s={search_term_string}"},"query-input":{"@type":"PropertyValueSpecification","valueRequired":true,"valueName":"search_term_string"}}],"inLanguage":"fr-FR"},{"@type":"Organization","@id":"https:\/\/saiga.es\/fr\/#organization","name":"SAIGA","url":"https:\/\/saiga.es\/fr\/","logo":{"@type":"ImageObject","inLanguage":"fr-FR","@id":"https:\/\/saiga.es\/fr\/#\/schema\/logo\/image\/","url":"https:\/\/saiga.es\/wp-content\/uploads\/2025\/07\/logo_saiga_baseline_optimitzat.svg","contentUrl":"https:\/\/saiga.es\/wp-content\/uploads\/2025\/07\/logo_saiga_baseline_optimitzat.svg","caption":"SAIGA"},"image":{"@id":"https:\/\/saiga.es\/fr\/#\/schema\/logo\/image\/"},"sameAs":["https:\/\/x.com\/saiga_agro","https:\/\/www.instagram.com\/saiga_agro\/"]}]}},"_links":{"self":[{"href":"https:\/\/saiga.es\/fr\/wp-json\/wp\/v2\/product\/13206","targetHints":{"allow":["GET"]}}],"collection":[{"href":"https:\/\/saiga.es\/fr\/wp-json\/wp\/v2\/product"}],"about":[{"href":"https:\/\/saiga.es\/fr\/wp-json\/wp\/v2\/types\/product"}],"replies":[{"embeddable":true,"href":"https:\/\/saiga.es\/fr\/wp-json\/wp\/v2\/comments?post=13206"}],"wp:featuredmedia":[{"embeddable":true,"href":"https:\/\/saiga.es\/fr\/wp-json\/wp\/v2\/media\/13204"}],"wp:attachment":[{"href":"https:\/\/saiga.es\/fr\/wp-json\/wp\/v2\/media?parent=13206"}],"wp:term":[{"taxonomy":"product_brand","embeddable":true,"href":"https:\/\/saiga.es\/fr\/wp-json\/wp\/v2\/product_brand?post=13206"},{"taxonomy":"product_cat","embeddable":true,"href":"https:\/\/saiga.es\/fr\/wp-json\/wp\/v2\/product_cat?post=13206"},{"taxonomy":"product_tag","embeddable":true,"href":"https:\/\/saiga.es\/fr\/wp-json\/wp\/v2\/product_tag?post=13206"}],"curies":[{"name":"wp","href":"https:\/\/api.w.org\/{rel}","templated":true}]}}