{"id":13214,"date":"2024-12-05T11:50:21","date_gmt":"2024-12-05T11:50:21","guid":{"rendered":"https:\/\/botiga.saiga.es\/producte\/bidon-de-carburant-homologue-5-l\/"},"modified":"2025-12-11T09:35:18","modified_gmt":"2025-12-11T09:35:18","slug":"bidon-de-carburant-homologue-5-l","status":"publish","type":"product","link":"https:\/\/saiga.es\/fr\/produit\/bidon-de-carburant-homologue-5-l\/","title":{"rendered":"Bidon de carburant homologu\u00e9 5 L"},"content":{"rendered":"<p>F\u00fbt en polypropyl\u00e8ne renforc\u00e9 homologu\u00e9 : s\u00e9curit\u00e9 et qualit\u00e9 garanties<\/p>\n<p>Les jerricanes homologu\u00e9es en polypropyl\u00e8ne renforc\u00e9 sont l&rsquo;option id\u00e9ale pour le transport s\u00e9curis\u00e9 de combustibles. Con\u00e7ues avec une structure robuste, elles incorporent un bec flexible avec filetage et joint pour garantir un versement pr\u00e9cis et sans fuites. Le bouchon avec joint en EPDM anticorrosif emp\u00eache le d\u00e9versement et prot\u00e8ge le contenu. Gr\u00e2ce \u00e0 leur conception stable, les jerricanes ne se renversent pas pendant le transport, assurant une manipulation simple et fiable.<\/p>\n<ul>\n<li>Mat\u00e9riaux de haute qualit\u00e9 pour une longue dur\u00e9e de vie.<\/li>\n<li>Id\u00e9al pour un usage professionnel et personnel.<\/li>\n<li>Respect des r\u00e8gles de s\u00e9curit\u00e9.<\/li>\n<\/ul>\n<p>Optimisez le transport des carburants avec ces f\u00fbts r\u00e9sistants et homologu\u00e9s.<\/p>\n","protected":false},"excerpt":{"rendered":"<p>F\u00fbt en polypropyl\u00e8ne renforc\u00e9 homologu\u00e9 : s\u00e9curit\u00e9 et qualit\u00e9 garanties.<\/p>\n","protected":false},"featured_media":13212,"comment_status":"closed","ping_status":"closed","template":"","meta":[],"product_brand":[],"product_cat":[1754],"product_tag":[1783,1776,1784],"class_list":{"0":"post-13214","1":"product","2":"type-product","3":"status-publish","4":"has-post-thumbnail","6":"product_cat-lubricants-fr","7":"product_tag-carburant","8":"product_tag-depot","9":"product_tag-tambour","11":"first","12":"instock","13":"taxable","14":"shipping-taxable","15":"purchasable","16":"product-type-simple"},"yoast_head":"<!-- This site is optimized with the Yoast SEO plugin v27.4 - https:\/\/yoast.com\/product\/yoast-seo-wordpress\/ -->\n<title>Bidon de carburant homologu\u00e9 5 L | SAIGA<\/title>\n<meta name=\"description\" content=\"F\u00fbt en polypropyl\u00e8ne renforc\u00e9 homologu\u00e9 : s\u00e9curit\u00e9 et qualit\u00e9 garanties\" \/>\n<meta name=\"robots\" content=\"index, follow, max-snippet:-1, max-image-preview:large, max-video-preview:-1\" \/>\n<link rel=\"canonical\" href=\"https:\/\/saiga.es\/fr\/produit\/bidon-de-carburant-homologue-5-l\/\" \/>\n<meta property=\"og:locale\" content=\"fr_FR\" \/>\n<meta property=\"og:type\" content=\"article\" \/>\n<meta property=\"og:title\" content=\"Bidon de carburant homologu\u00e9 5 L | SAIGA\" \/>\n<meta property=\"og:description\" content=\"F\u00fbt en polypropyl\u00e8ne renforc\u00e9 homologu\u00e9 : s\u00e9curit\u00e9 et qualit\u00e9 garanties\" \/>\n<meta property=\"og:url\" content=\"https:\/\/saiga.es\/fr\/produit\/bidon-de-carburant-homologue-5-l\/\" \/>\n<meta property=\"og:site_name\" content=\"SAIGA\" \/>\n<meta property=\"article:modified_time\" content=\"2025-12-11T09:35:18+00:00\" \/>\n<meta property=\"og:image\" content=\"https:\/\/saiga.es\/wp-content\/uploads\/2024\/12\/Diposit-maiol-5-L.jpg\" \/>\n\t<meta property=\"og:image:width\" content=\"1080\" \/>\n\t<meta property=\"og:image:height\" content=\"1080\" \/>\n\t<meta property=\"og:image:type\" content=\"image\/jpeg\" \/>\n<meta name=\"twitter:card\" content=\"summary_large_image\" \/>\n<meta name=\"twitter:site\" content=\"@saiga_agro\" \/>\n<meta name=\"twitter:label1\" content=\"Dur\u00e9e de lecture estim\u00e9e\" \/>\n\t<meta name=\"twitter:data1\" content=\"1 minute\" \/>\n<script type=\"application\/ld+json\" class=\"yoast-schema-graph\">{\"@context\":\"https:\\\/\\\/schema.org\",\"@graph\":[{\"@type\":\"WebPage\",\"@id\":\"https:\\\/\\\/saiga.es\\\/fr\\\/produit\\\/bidon-de-carburant-homologue-5-l\\\/\",\"url\":\"https:\\\/\\\/saiga.es\\\/fr\\\/produit\\\/bidon-de-carburant-homologue-5-l\\\/\",\"name\":\"Bidon de carburant homologu\u00e9 5 L | SAIGA\",\"isPartOf\":{\"@id\":\"https:\\\/\\\/saiga.es\\\/fr\\\/#website\"},\"primaryImageOfPage\":{\"@id\":\"https:\\\/\\\/saiga.es\\\/fr\\\/produit\\\/bidon-de-carburant-homologue-5-l\\\/#primaryimage\"},\"image\":{\"@id\":\"https:\\\/\\\/saiga.es\\\/fr\\\/produit\\\/bidon-de-carburant-homologue-5-l\\\/#primaryimage\"},\"thumbnailUrl\":\"https:\\\/\\\/saiga.es\\\/wp-content\\\/uploads\\\/2024\\\/12\\\/Diposit-maiol-5-L.jpg\",\"datePublished\":\"2024-12-05T11:50:21+00:00\",\"dateModified\":\"2025-12-11T09:35:18+00:00\",\"description\":\"F\u00fbt en polypropyl\u00e8ne renforc\u00e9 homologu\u00e9 : s\u00e9curit\u00e9 et qualit\u00e9 garanties\",\"breadcrumb\":{\"@id\":\"https:\\\/\\\/saiga.es\\\/fr\\\/produit\\\/bidon-de-carburant-homologue-5-l\\\/#breadcrumb\"},\"inLanguage\":\"fr-FR\",\"potentialAction\":[{\"@type\":\"ReadAction\",\"target\":[\"https:\\\/\\\/saiga.es\\\/fr\\\/produit\\\/bidon-de-carburant-homologue-5-l\\\/\"]}]},{\"@type\":\"ImageObject\",\"inLanguage\":\"fr-FR\",\"@id\":\"https:\\\/\\\/saiga.es\\\/fr\\\/produit\\\/bidon-de-carburant-homologue-5-l\\\/#primaryimage\",\"url\":\"https:\\\/\\\/saiga.es\\\/wp-content\\\/uploads\\\/2024\\\/12\\\/Diposit-maiol-5-L.jpg\",\"contentUrl\":\"https:\\\/\\\/saiga.es\\\/wp-content\\\/uploads\\\/2024\\\/12\\\/Diposit-maiol-5-L.jpg\",\"width\":1080,\"height\":1080,\"caption\":\"R\u00e9servoir 5 L\"},{\"@type\":\"BreadcrumbList\",\"@id\":\"https:\\\/\\\/saiga.es\\\/fr\\\/produit\\\/bidon-de-carburant-homologue-5-l\\\/#breadcrumb\",\"itemListElement\":[{\"@type\":\"ListItem\",\"position\":1,\"name\":\"Inici\",\"item\":\"https:\\\/\\\/saiga.es\\\/fr\\\/\"},{\"@type\":\"ListItem\",\"position\":2,\"name\":\"boutique\",\"item\":\"https:\\\/\\\/saiga.es\\\/fr\\\/boutique\\\/\"},{\"@type\":\"ListItem\",\"position\":3,\"name\":\"Bidon de carburant homologu\u00e9 5 L\"}]},{\"@type\":\"WebSite\",\"@id\":\"https:\\\/\\\/saiga.es\\\/fr\\\/#website\",\"url\":\"https:\\\/\\\/saiga.es\\\/fr\\\/\",\"name\":\"SAIGA\",\"description\":\"M\u00e9s de 50 anys al servei de la terra i treballant per a un \u00fas eficient de l\u2019aigua!\",\"publisher\":{\"@id\":\"https:\\\/\\\/saiga.es\\\/fr\\\/#organization\"},\"potentialAction\":[{\"@type\":\"SearchAction\",\"target\":{\"@type\":\"EntryPoint\",\"urlTemplate\":\"https:\\\/\\\/saiga.es\\\/fr\\\/?s={search_term_string}\"},\"query-input\":{\"@type\":\"PropertyValueSpecification\",\"valueRequired\":true,\"valueName\":\"search_term_string\"}}],\"inLanguage\":\"fr-FR\"},{\"@type\":\"Organization\",\"@id\":\"https:\\\/\\\/saiga.es\\\/fr\\\/#organization\",\"name\":\"SAIGA\",\"url\":\"https:\\\/\\\/saiga.es\\\/fr\\\/\",\"logo\":{\"@type\":\"ImageObject\",\"inLanguage\":\"fr-FR\",\"@id\":\"https:\\\/\\\/saiga.es\\\/fr\\\/#\\\/schema\\\/logo\\\/image\\\/\",\"url\":\"https:\\\/\\\/saiga.es\\\/wp-content\\\/uploads\\\/2025\\\/07\\\/logo_saiga_baseline_optimitzat.svg\",\"contentUrl\":\"https:\\\/\\\/saiga.es\\\/wp-content\\\/uploads\\\/2025\\\/07\\\/logo_saiga_baseline_optimitzat.svg\",\"caption\":\"SAIGA\"},\"image\":{\"@id\":\"https:\\\/\\\/saiga.es\\\/fr\\\/#\\\/schema\\\/logo\\\/image\\\/\"},\"sameAs\":[\"https:\\\/\\\/x.com\\\/saiga_agro\",\"https:\\\/\\\/www.instagram.com\\\/saiga_agro\\\/\"]}]}<\/script>\n<!-- \/ Yoast SEO plugin. -->","yoast_head_json":{"title":"Bidon de carburant homologu\u00e9 5 L | SAIGA","description":"F\u00fbt en polypropyl\u00e8ne renforc\u00e9 homologu\u00e9 : s\u00e9curit\u00e9 et qualit\u00e9 garanties","robots":{"index":"index","follow":"follow","max-snippet":"max-snippet:-1","max-image-preview":"max-image-preview:large","max-video-preview":"max-video-preview:-1"},"canonical":"https:\/\/saiga.es\/fr\/produit\/bidon-de-carburant-homologue-5-l\/","og_locale":"fr_FR","og_type":"article","og_title":"Bidon de carburant homologu\u00e9 5 L | SAIGA","og_description":"F\u00fbt en polypropyl\u00e8ne renforc\u00e9 homologu\u00e9 : s\u00e9curit\u00e9 et qualit\u00e9 garanties","og_url":"https:\/\/saiga.es\/fr\/produit\/bidon-de-carburant-homologue-5-l\/","og_site_name":"SAIGA","article_modified_time":"2025-12-11T09:35:18+00:00","og_image":[{"width":1080,"height":1080,"url":"https:\/\/saiga.es\/wp-content\/uploads\/2024\/12\/Diposit-maiol-5-L.jpg","type":"image\/jpeg"}],"twitter_card":"summary_large_image","twitter_site":"@saiga_agro","twitter_misc":{"Dur\u00e9e de lecture estim\u00e9e":"1 minute"},"schema":{"@context":"https:\/\/schema.org","@graph":[{"@type":"WebPage","@id":"https:\/\/saiga.es\/fr\/produit\/bidon-de-carburant-homologue-5-l\/","url":"https:\/\/saiga.es\/fr\/produit\/bidon-de-carburant-homologue-5-l\/","name":"Bidon de carburant homologu\u00e9 5 L | SAIGA","isPartOf":{"@id":"https:\/\/saiga.es\/fr\/#website"},"primaryImageOfPage":{"@id":"https:\/\/saiga.es\/fr\/produit\/bidon-de-carburant-homologue-5-l\/#primaryimage"},"image":{"@id":"https:\/\/saiga.es\/fr\/produit\/bidon-de-carburant-homologue-5-l\/#primaryimage"},"thumbnailUrl":"https:\/\/saiga.es\/wp-content\/uploads\/2024\/12\/Diposit-maiol-5-L.jpg","datePublished":"2024-12-05T11:50:21+00:00","dateModified":"2025-12-11T09:35:18+00:00","description":"F\u00fbt en polypropyl\u00e8ne renforc\u00e9 homologu\u00e9 : s\u00e9curit\u00e9 et qualit\u00e9 garanties","breadcrumb":{"@id":"https:\/\/saiga.es\/fr\/produit\/bidon-de-carburant-homologue-5-l\/#breadcrumb"},"inLanguage":"fr-FR","potentialAction":[{"@type":"ReadAction","target":["https:\/\/saiga.es\/fr\/produit\/bidon-de-carburant-homologue-5-l\/"]}]},{"@type":"ImageObject","inLanguage":"fr-FR","@id":"https:\/\/saiga.es\/fr\/produit\/bidon-de-carburant-homologue-5-l\/#primaryimage","url":"https:\/\/saiga.es\/wp-content\/uploads\/2024\/12\/Diposit-maiol-5-L.jpg","contentUrl":"https:\/\/saiga.es\/wp-content\/uploads\/2024\/12\/Diposit-maiol-5-L.jpg","width":1080,"height":1080,"caption":"R\u00e9servoir 5 L"},{"@type":"BreadcrumbList","@id":"https:\/\/saiga.es\/fr\/produit\/bidon-de-carburant-homologue-5-l\/#breadcrumb","itemListElement":[{"@type":"ListItem","position":1,"name":"Inici","item":"https:\/\/saiga.es\/fr\/"},{"@type":"ListItem","position":2,"name":"boutique","item":"https:\/\/saiga.es\/fr\/boutique\/"},{"@type":"ListItem","position":3,"name":"Bidon de carburant homologu\u00e9 5 L"}]},{"@type":"WebSite","@id":"https:\/\/saiga.es\/fr\/#website","url":"https:\/\/saiga.es\/fr\/","name":"SAIGA","description":"M\u00e9s de 50 anys al servei de la terra i treballant per a un \u00fas eficient de l\u2019aigua!","publisher":{"@id":"https:\/\/saiga.es\/fr\/#organization"},"potentialAction":[{"@type":"SearchAction","target":{"@type":"EntryPoint","urlTemplate":"https:\/\/saiga.es\/fr\/?s={search_term_string}"},"query-input":{"@type":"PropertyValueSpecification","valueRequired":true,"valueName":"search_term_string"}}],"inLanguage":"fr-FR"},{"@type":"Organization","@id":"https:\/\/saiga.es\/fr\/#organization","name":"SAIGA","url":"https:\/\/saiga.es\/fr\/","logo":{"@type":"ImageObject","inLanguage":"fr-FR","@id":"https:\/\/saiga.es\/fr\/#\/schema\/logo\/image\/","url":"https:\/\/saiga.es\/wp-content\/uploads\/2025\/07\/logo_saiga_baseline_optimitzat.svg","contentUrl":"https:\/\/saiga.es\/wp-content\/uploads\/2025\/07\/logo_saiga_baseline_optimitzat.svg","caption":"SAIGA"},"image":{"@id":"https:\/\/saiga.es\/fr\/#\/schema\/logo\/image\/"},"sameAs":["https:\/\/x.com\/saiga_agro","https:\/\/www.instagram.com\/saiga_agro\/"]}]}},"_links":{"self":[{"href":"https:\/\/saiga.es\/fr\/wp-json\/wp\/v2\/product\/13214","targetHints":{"allow":["GET"]}}],"collection":[{"href":"https:\/\/saiga.es\/fr\/wp-json\/wp\/v2\/product"}],"about":[{"href":"https:\/\/saiga.es\/fr\/wp-json\/wp\/v2\/types\/product"}],"replies":[{"embeddable":true,"href":"https:\/\/saiga.es\/fr\/wp-json\/wp\/v2\/comments?post=13214"}],"wp:featuredmedia":[{"embeddable":true,"href":"https:\/\/saiga.es\/fr\/wp-json\/wp\/v2\/media\/13212"}],"wp:attachment":[{"href":"https:\/\/saiga.es\/fr\/wp-json\/wp\/v2\/media?parent=13214"}],"wp:term":[{"taxonomy":"product_brand","embeddable":true,"href":"https:\/\/saiga.es\/fr\/wp-json\/wp\/v2\/product_brand?post=13214"},{"taxonomy":"product_cat","embeddable":true,"href":"https:\/\/saiga.es\/fr\/wp-json\/wp\/v2\/product_cat?post=13214"},{"taxonomy":"product_tag","embeddable":true,"href":"https:\/\/saiga.es\/fr\/wp-json\/wp\/v2\/product_tag?post=13214"}],"curies":[{"name":"wp","href":"https:\/\/api.w.org\/{rel}","templated":true}]}}