{"id":13739,"date":"2024-10-10T10:36:13","date_gmt":"2024-10-10T10:36:13","guid":{"rendered":"https:\/\/botiga.saiga.es\/producte\/programmeur-facile\/"},"modified":"2024-10-10T10:36:13","modified_gmt":"2024-10-10T10:36:13","slug":"programmeur-facile","status":"publish","type":"product","link":"https:\/\/saiga.es\/fr\/produit\/programmeur-facile\/","title":{"rendered":"Programmeur facile"},"content":{"rendered":"<p>Programmateur facile La minuterie GARDENA est connect\u00e9e au syst\u00e8me d&rsquo;irrigation et se charge de l&rsquo;\u00e9teindre automatiquement, soit pour les arroseurs, soit pour les syst\u00e8mes d&rsquo;irrigation goutte \u00e0 goutte tels que le Micro Drip. Il d\u00e9marre l&rsquo;arrosage au moment m\u00eame et coupe l&rsquo;eau automatiquement \u00e0 l&rsquo;heure configur\u00e9e. Cela fonctionne sans avoir besoin de piles.<\/p>\n","protected":false},"excerpt":{"rendered":"<p>Programmateur facile La minuterie GARDENA est connect\u00e9e au syst\u00e8me d&rsquo;irrigation et se charge de l&rsquo;\u00e9teindre automatiquement, soit pour les arroseurs, soit pour les syst\u00e8mes d&rsquo;irrigation goutte \u00e0 goutte tels que le Micro Drip. Il d\u00e9marre l&rsquo;arrosage au moment m\u00eame et coupe l&rsquo;eau automatiquement \u00e0 l&rsquo;heure configur\u00e9e. Cela fonctionne sans avoir besoin de piles.<\/p>\n","protected":false},"featured_media":14802,"comment_status":"closed","ping_status":"closed","template":"","meta":[],"product_brand":[1887],"product_cat":[475],"product_tag":[],"class_list":{"0":"post-13739","1":"product","2":"type-product","3":"status-publish","4":"has-post-thumbnail","6":"product_brand-gardena","7":"product_cat-programmeurs","9":"first","10":"instock","11":"taxable","12":"shipping-taxable","13":"purchasable","14":"product-type-simple"},"yoast_head":"<!-- This site is optimized with the Yoast SEO plugin v27.4 - https:\/\/yoast.com\/product\/yoast-seo-wordpress\/ -->\n<title>Programmeur facile | SAIGA<\/title>\n<meta name=\"description\" content=\"La minuterie GARDENA contr\u00f4le automatiquement l&#039;arrosage du jardin et coupe le d\u00e9bit d&#039;eau \u00e0 l&#039;heure programm\u00e9e, sans avoir besoin de piles.\" \/>\n<meta name=\"robots\" content=\"index, follow, max-snippet:-1, max-image-preview:large, max-video-preview:-1\" \/>\n<link rel=\"canonical\" href=\"https:\/\/saiga.es\/fr\/produit\/programmeur-facile\/\" \/>\n<meta property=\"og:locale\" content=\"fr_FR\" \/>\n<meta property=\"og:type\" content=\"article\" \/>\n<meta property=\"og:title\" content=\"Programmeur facile | SAIGA\" \/>\n<meta property=\"og:description\" content=\"La minuterie GARDENA contr\u00f4le automatiquement l&#039;arrosage du jardin et coupe le d\u00e9bit d&#039;eau \u00e0 l&#039;heure programm\u00e9e, sans avoir besoin de piles.\" \/>\n<meta property=\"og:url\" content=\"https:\/\/saiga.es\/fr\/produit\/programmeur-facile\/\" \/>\n<meta property=\"og:site_name\" content=\"SAIGA\" \/>\n<meta property=\"og:image\" content=\"https:\/\/saiga.es\/wp-content\/uploads\/2024\/10\/Programador-Easy-Gardena.jpg\" \/>\n\t<meta property=\"og:image:width\" content=\"1080\" \/>\n\t<meta property=\"og:image:height\" content=\"1080\" \/>\n\t<meta property=\"og:image:type\" content=\"image\/jpeg\" \/>\n<meta name=\"twitter:card\" content=\"summary_large_image\" \/>\n<meta name=\"twitter:site\" content=\"@saiga_agro\" \/>\n<script type=\"application\/ld+json\" class=\"yoast-schema-graph\">{\"@context\":\"https:\\\/\\\/schema.org\",\"@graph\":[{\"@type\":\"WebPage\",\"@id\":\"https:\\\/\\\/saiga.es\\\/fr\\\/produit\\\/programmeur-facile\\\/\",\"url\":\"https:\\\/\\\/saiga.es\\\/fr\\\/produit\\\/programmeur-facile\\\/\",\"name\":\"Programmeur facile | SAIGA\",\"isPartOf\":{\"@id\":\"https:\\\/\\\/saiga.es\\\/fr\\\/#website\"},\"primaryImageOfPage\":{\"@id\":\"https:\\\/\\\/saiga.es\\\/fr\\\/produit\\\/programmeur-facile\\\/#primaryimage\"},\"image\":{\"@id\":\"https:\\\/\\\/saiga.es\\\/fr\\\/produit\\\/programmeur-facile\\\/#primaryimage\"},\"thumbnailUrl\":\"https:\\\/\\\/saiga.es\\\/wp-content\\\/uploads\\\/2024\\\/10\\\/Programador-Easy-Gardena.jpg\",\"datePublished\":\"2024-10-10T10:36:13+00:00\",\"description\":\"La minuterie GARDENA contr\u00f4le automatiquement l'arrosage du jardin et coupe le d\u00e9bit d'eau \u00e0 l'heure programm\u00e9e, sans avoir besoin de piles.\",\"breadcrumb\":{\"@id\":\"https:\\\/\\\/saiga.es\\\/fr\\\/produit\\\/programmeur-facile\\\/#breadcrumb\"},\"inLanguage\":\"fr-FR\",\"potentialAction\":[{\"@type\":\"ReadAction\",\"target\":[\"https:\\\/\\\/saiga.es\\\/fr\\\/produit\\\/programmeur-facile\\\/\"]}]},{\"@type\":\"ImageObject\",\"inLanguage\":\"fr-FR\",\"@id\":\"https:\\\/\\\/saiga.es\\\/fr\\\/produit\\\/programmeur-facile\\\/#primaryimage\",\"url\":\"https:\\\/\\\/saiga.es\\\/wp-content\\\/uploads\\\/2024\\\/10\\\/Programador-Easy-Gardena.jpg\",\"contentUrl\":\"https:\\\/\\\/saiga.es\\\/wp-content\\\/uploads\\\/2024\\\/10\\\/Programador-Easy-Gardena.jpg\",\"width\":1080,\"height\":1080,\"caption\":\"Programador easy de Gardena\"},{\"@type\":\"BreadcrumbList\",\"@id\":\"https:\\\/\\\/saiga.es\\\/fr\\\/produit\\\/programmeur-facile\\\/#breadcrumb\",\"itemListElement\":[{\"@type\":\"ListItem\",\"position\":1,\"name\":\"Inici\",\"item\":\"https:\\\/\\\/saiga.es\\\/fr\\\/\"},{\"@type\":\"ListItem\",\"position\":2,\"name\":\"boutique\",\"item\":\"https:\\\/\\\/saiga.es\\\/fr\\\/boutique\\\/\"},{\"@type\":\"ListItem\",\"position\":3,\"name\":\"Programmeur facile\"}]},{\"@type\":\"WebSite\",\"@id\":\"https:\\\/\\\/saiga.es\\\/fr\\\/#website\",\"url\":\"https:\\\/\\\/saiga.es\\\/fr\\\/\",\"name\":\"SAIGA\",\"description\":\"M\u00e9s de 50 anys al servei de la terra i treballant per a un \u00fas eficient de l\u2019aigua!\",\"publisher\":{\"@id\":\"https:\\\/\\\/saiga.es\\\/fr\\\/#organization\"},\"potentialAction\":[{\"@type\":\"SearchAction\",\"target\":{\"@type\":\"EntryPoint\",\"urlTemplate\":\"https:\\\/\\\/saiga.es\\\/fr\\\/?s={search_term_string}\"},\"query-input\":{\"@type\":\"PropertyValueSpecification\",\"valueRequired\":true,\"valueName\":\"search_term_string\"}}],\"inLanguage\":\"fr-FR\"},{\"@type\":\"Organization\",\"@id\":\"https:\\\/\\\/saiga.es\\\/fr\\\/#organization\",\"name\":\"SAIGA\",\"url\":\"https:\\\/\\\/saiga.es\\\/fr\\\/\",\"logo\":{\"@type\":\"ImageObject\",\"inLanguage\":\"fr-FR\",\"@id\":\"https:\\\/\\\/saiga.es\\\/fr\\\/#\\\/schema\\\/logo\\\/image\\\/\",\"url\":\"https:\\\/\\\/saiga.es\\\/wp-content\\\/uploads\\\/2025\\\/07\\\/logo_saiga_baseline_optimitzat.svg\",\"contentUrl\":\"https:\\\/\\\/saiga.es\\\/wp-content\\\/uploads\\\/2025\\\/07\\\/logo_saiga_baseline_optimitzat.svg\",\"caption\":\"SAIGA\"},\"image\":{\"@id\":\"https:\\\/\\\/saiga.es\\\/fr\\\/#\\\/schema\\\/logo\\\/image\\\/\"},\"sameAs\":[\"https:\\\/\\\/x.com\\\/saiga_agro\",\"https:\\\/\\\/www.instagram.com\\\/saiga_agro\\\/\"]}]}<\/script>\n<!-- \/ Yoast SEO plugin. -->","yoast_head_json":{"title":"Programmeur facile | SAIGA","description":"La minuterie GARDENA contr\u00f4le automatiquement l'arrosage du jardin et coupe le d\u00e9bit d'eau \u00e0 l'heure programm\u00e9e, sans avoir besoin de piles.","robots":{"index":"index","follow":"follow","max-snippet":"max-snippet:-1","max-image-preview":"max-image-preview:large","max-video-preview":"max-video-preview:-1"},"canonical":"https:\/\/saiga.es\/fr\/produit\/programmeur-facile\/","og_locale":"fr_FR","og_type":"article","og_title":"Programmeur facile | SAIGA","og_description":"La minuterie GARDENA contr\u00f4le automatiquement l'arrosage du jardin et coupe le d\u00e9bit d'eau \u00e0 l'heure programm\u00e9e, sans avoir besoin de piles.","og_url":"https:\/\/saiga.es\/fr\/produit\/programmeur-facile\/","og_site_name":"SAIGA","og_image":[{"width":1080,"height":1080,"url":"https:\/\/saiga.es\/wp-content\/uploads\/2024\/10\/Programador-Easy-Gardena.jpg","type":"image\/jpeg"}],"twitter_card":"summary_large_image","twitter_site":"@saiga_agro","schema":{"@context":"https:\/\/schema.org","@graph":[{"@type":"WebPage","@id":"https:\/\/saiga.es\/fr\/produit\/programmeur-facile\/","url":"https:\/\/saiga.es\/fr\/produit\/programmeur-facile\/","name":"Programmeur facile | SAIGA","isPartOf":{"@id":"https:\/\/saiga.es\/fr\/#website"},"primaryImageOfPage":{"@id":"https:\/\/saiga.es\/fr\/produit\/programmeur-facile\/#primaryimage"},"image":{"@id":"https:\/\/saiga.es\/fr\/produit\/programmeur-facile\/#primaryimage"},"thumbnailUrl":"https:\/\/saiga.es\/wp-content\/uploads\/2024\/10\/Programador-Easy-Gardena.jpg","datePublished":"2024-10-10T10:36:13+00:00","description":"La minuterie GARDENA contr\u00f4le automatiquement l'arrosage du jardin et coupe le d\u00e9bit d'eau \u00e0 l'heure programm\u00e9e, sans avoir besoin de piles.","breadcrumb":{"@id":"https:\/\/saiga.es\/fr\/produit\/programmeur-facile\/#breadcrumb"},"inLanguage":"fr-FR","potentialAction":[{"@type":"ReadAction","target":["https:\/\/saiga.es\/fr\/produit\/programmeur-facile\/"]}]},{"@type":"ImageObject","inLanguage":"fr-FR","@id":"https:\/\/saiga.es\/fr\/produit\/programmeur-facile\/#primaryimage","url":"https:\/\/saiga.es\/wp-content\/uploads\/2024\/10\/Programador-Easy-Gardena.jpg","contentUrl":"https:\/\/saiga.es\/wp-content\/uploads\/2024\/10\/Programador-Easy-Gardena.jpg","width":1080,"height":1080,"caption":"Programador easy de Gardena"},{"@type":"BreadcrumbList","@id":"https:\/\/saiga.es\/fr\/produit\/programmeur-facile\/#breadcrumb","itemListElement":[{"@type":"ListItem","position":1,"name":"Inici","item":"https:\/\/saiga.es\/fr\/"},{"@type":"ListItem","position":2,"name":"boutique","item":"https:\/\/saiga.es\/fr\/boutique\/"},{"@type":"ListItem","position":3,"name":"Programmeur facile"}]},{"@type":"WebSite","@id":"https:\/\/saiga.es\/fr\/#website","url":"https:\/\/saiga.es\/fr\/","name":"SAIGA","description":"M\u00e9s de 50 anys al servei de la terra i treballant per a un \u00fas eficient de l\u2019aigua!","publisher":{"@id":"https:\/\/saiga.es\/fr\/#organization"},"potentialAction":[{"@type":"SearchAction","target":{"@type":"EntryPoint","urlTemplate":"https:\/\/saiga.es\/fr\/?s={search_term_string}"},"query-input":{"@type":"PropertyValueSpecification","valueRequired":true,"valueName":"search_term_string"}}],"inLanguage":"fr-FR"},{"@type":"Organization","@id":"https:\/\/saiga.es\/fr\/#organization","name":"SAIGA","url":"https:\/\/saiga.es\/fr\/","logo":{"@type":"ImageObject","inLanguage":"fr-FR","@id":"https:\/\/saiga.es\/fr\/#\/schema\/logo\/image\/","url":"https:\/\/saiga.es\/wp-content\/uploads\/2025\/07\/logo_saiga_baseline_optimitzat.svg","contentUrl":"https:\/\/saiga.es\/wp-content\/uploads\/2025\/07\/logo_saiga_baseline_optimitzat.svg","caption":"SAIGA"},"image":{"@id":"https:\/\/saiga.es\/fr\/#\/schema\/logo\/image\/"},"sameAs":["https:\/\/x.com\/saiga_agro","https:\/\/www.instagram.com\/saiga_agro\/"]}]}},"_links":{"self":[{"href":"https:\/\/saiga.es\/fr\/wp-json\/wp\/v2\/product\/13739","targetHints":{"allow":["GET"]}}],"collection":[{"href":"https:\/\/saiga.es\/fr\/wp-json\/wp\/v2\/product"}],"about":[{"href":"https:\/\/saiga.es\/fr\/wp-json\/wp\/v2\/types\/product"}],"replies":[{"embeddable":true,"href":"https:\/\/saiga.es\/fr\/wp-json\/wp\/v2\/comments?post=13739"}],"wp:featuredmedia":[{"embeddable":true,"href":"https:\/\/saiga.es\/fr\/wp-json\/wp\/v2\/media\/14802"}],"wp:attachment":[{"href":"https:\/\/saiga.es\/fr\/wp-json\/wp\/v2\/media?parent=13739"}],"wp:term":[{"taxonomy":"product_brand","embeddable":true,"href":"https:\/\/saiga.es\/fr\/wp-json\/wp\/v2\/product_brand?post=13739"},{"taxonomy":"product_cat","embeddable":true,"href":"https:\/\/saiga.es\/fr\/wp-json\/wp\/v2\/product_cat?post=13739"},{"taxonomy":"product_tag","embeddable":true,"href":"https:\/\/saiga.es\/fr\/wp-json\/wp\/v2\/product_tag?post=13739"}],"curies":[{"name":"wp","href":"https:\/\/api.w.org\/{rel}","templated":true}]}}