{"id":13741,"date":"2024-07-04T13:03:07","date_gmt":"2024-07-04T13:03:07","guid":{"rendered":"https:\/\/botiga.saiga.es\/producte\/raccord-filete-femelle-plasson\/"},"modified":"2024-07-04T13:03:07","modified_gmt":"2024-07-04T13:03:07","slug":"raccord-filete-femelle-plasson","status":"publish","type":"product","link":"https:\/\/saiga.es\/fr\/produit\/raccord-filete-femelle-plasson\/","title":{"rendered":"Raccord filet\u00e9 femelle Plasson"},"content":{"rendered":"<p>Les t\u00e9s filet\u00e9s femelles de marque Plasson sont des composants utilis\u00e9s dans les syst\u00e8mes de tuyauterie pour relier trois tuyaux dans une configuration en t\u00e9, avec un ou plusieurs raccords filet\u00e9s femelles. Ce type de raccord est particuli\u00e8rement utile dans les applications o\u00f9 une connexion filet\u00e9e s\u00e9curis\u00e9e et fiable est requise. <\/p>\n","protected":false},"excerpt":{"rendered":"<p>Les t\u00e9s filet\u00e9s femelles de marque Plasson sont des composants utilis\u00e9s dans les syst\u00e8mes de tuyauterie pour relier trois tuyaux dans une configuration en t\u00e9, avec un ou plusieurs raccords filet\u00e9s femelles. Ce type de raccord est particuli\u00e8rement utile dans les applications o\u00f9 une connexion filet\u00e9e s\u00e9curis\u00e9e et fiable est requise. <\/p>\n","protected":false},"featured_media":11044,"comment_status":"closed","ping_status":"closed","template":"","meta":[],"product_brand":[],"product_cat":[1471],"product_tag":[837,839,1054,843],"class_list":{"0":"post-13741","1":"product","2":"type-product","3":"status-publish","4":"has-post-thumbnail","6":"product_cat-plasson-fr","7":"product_tag-polyethylene","8":"product_tag-raccord","9":"product_tag-raccord-fr","10":"product_tag-t","12":"first","13":"instock","14":"taxable","15":"shipping-taxable","16":"purchasable","17":"product-type-variable"},"yoast_head":"<!-- This site is optimized with the Yoast SEO plugin v27.4 - https:\/\/yoast.com\/product\/yoast-seo-wordpress\/ -->\n<title>Raccord filet\u00e9 femelle Plasson | SAIGA<\/title>\n<meta name=\"description\" content=\"Les t\u00e9s filet\u00e9s femelles de marque Plasson sont des composants utilis\u00e9s dans les syst\u00e8mes de tuyauterie pour relier trois tuyaux dans une configuration en t\u00e9, avec un ou plusieurs raccords filet\u00e9s femelles.\" \/>\n<meta name=\"robots\" content=\"index, follow, max-snippet:-1, max-image-preview:large, max-video-preview:-1\" \/>\n<link rel=\"canonical\" href=\"https:\/\/saiga.es\/fr\/produit\/raccord-filete-femelle-plasson\/\" \/>\n<meta property=\"og:locale\" content=\"fr_FR\" \/>\n<meta property=\"og:type\" content=\"article\" \/>\n<meta property=\"og:title\" content=\"Raccord filet\u00e9 femelle Plasson | SAIGA\" \/>\n<meta property=\"og:description\" content=\"Les t\u00e9s filet\u00e9s femelles de marque Plasson sont des composants utilis\u00e9s dans les syst\u00e8mes de tuyauterie pour relier trois tuyaux dans une configuration en t\u00e9, avec un ou plusieurs raccords filet\u00e9s femelles.\" \/>\n<meta property=\"og:url\" content=\"https:\/\/saiga.es\/fr\/produit\/raccord-filete-femelle-plasson\/\" \/>\n<meta property=\"og:site_name\" content=\"SAIGA\" \/>\n<meta property=\"og:image\" content=\"https:\/\/saiga.es\/wp-content\/uploads\/2024\/07\/Te-reduccio.jpg\" \/>\n\t<meta property=\"og:image:width\" content=\"1080\" \/>\n\t<meta property=\"og:image:height\" content=\"1080\" \/>\n\t<meta property=\"og:image:type\" content=\"image\/jpeg\" \/>\n<meta name=\"twitter:card\" content=\"summary_large_image\" \/>\n<meta name=\"twitter:site\" content=\"@saiga_agro\" \/>\n<script type=\"application\/ld+json\" class=\"yoast-schema-graph\">{\"@context\":\"https:\\\/\\\/schema.org\",\"@graph\":[{\"@type\":\"WebPage\",\"@id\":\"https:\\\/\\\/saiga.es\\\/fr\\\/produit\\\/raccord-filete-femelle-plasson\\\/\",\"url\":\"https:\\\/\\\/saiga.es\\\/fr\\\/produit\\\/raccord-filete-femelle-plasson\\\/\",\"name\":\"Raccord filet\u00e9 femelle Plasson | SAIGA\",\"isPartOf\":{\"@id\":\"https:\\\/\\\/saiga.es\\\/fr\\\/#website\"},\"primaryImageOfPage\":{\"@id\":\"https:\\\/\\\/saiga.es\\\/fr\\\/produit\\\/raccord-filete-femelle-plasson\\\/#primaryimage\"},\"image\":{\"@id\":\"https:\\\/\\\/saiga.es\\\/fr\\\/produit\\\/raccord-filete-femelle-plasson\\\/#primaryimage\"},\"thumbnailUrl\":\"https:\\\/\\\/saiga.es\\\/wp-content\\\/uploads\\\/2024\\\/07\\\/Te-reduccio.jpg\",\"datePublished\":\"2024-07-04T13:03:07+00:00\",\"description\":\"Les t\u00e9s filet\u00e9s femelles de marque Plasson sont des composants utilis\u00e9s dans les syst\u00e8mes de tuyauterie pour relier trois tuyaux dans une configuration en t\u00e9, avec un ou plusieurs raccords filet\u00e9s femelles.\",\"breadcrumb\":{\"@id\":\"https:\\\/\\\/saiga.es\\\/fr\\\/produit\\\/raccord-filete-femelle-plasson\\\/#breadcrumb\"},\"inLanguage\":\"fr-FR\",\"potentialAction\":[{\"@type\":\"ReadAction\",\"target\":[\"https:\\\/\\\/saiga.es\\\/fr\\\/produit\\\/raccord-filete-femelle-plasson\\\/\"]}]},{\"@type\":\"ImageObject\",\"inLanguage\":\"fr-FR\",\"@id\":\"https:\\\/\\\/saiga.es\\\/fr\\\/produit\\\/raccord-filete-femelle-plasson\\\/#primaryimage\",\"url\":\"https:\\\/\\\/saiga.es\\\/wp-content\\\/uploads\\\/2024\\\/07\\\/Te-reduccio.jpg\",\"contentUrl\":\"https:\\\/\\\/saiga.es\\\/wp-content\\\/uploads\\\/2024\\\/07\\\/Te-reduccio.jpg\",\"width\":1080,\"height\":1080,\"caption\":\"Te reducci\u00f3\"},{\"@type\":\"BreadcrumbList\",\"@id\":\"https:\\\/\\\/saiga.es\\\/fr\\\/produit\\\/raccord-filete-femelle-plasson\\\/#breadcrumb\",\"itemListElement\":[{\"@type\":\"ListItem\",\"position\":1,\"name\":\"Inici\",\"item\":\"https:\\\/\\\/saiga.es\\\/fr\\\/\"},{\"@type\":\"ListItem\",\"position\":2,\"name\":\"boutique\",\"item\":\"https:\\\/\\\/saiga.es\\\/fr\\\/boutique\\\/\"},{\"@type\":\"ListItem\",\"position\":3,\"name\":\"Raccord filet\u00e9 femelle Plasson\"}]},{\"@type\":\"WebSite\",\"@id\":\"https:\\\/\\\/saiga.es\\\/fr\\\/#website\",\"url\":\"https:\\\/\\\/saiga.es\\\/fr\\\/\",\"name\":\"SAIGA\",\"description\":\"M\u00e9s de 50 anys al servei de la terra i treballant per a un \u00fas eficient de l\u2019aigua!\",\"publisher\":{\"@id\":\"https:\\\/\\\/saiga.es\\\/fr\\\/#organization\"},\"potentialAction\":[{\"@type\":\"SearchAction\",\"target\":{\"@type\":\"EntryPoint\",\"urlTemplate\":\"https:\\\/\\\/saiga.es\\\/fr\\\/?s={search_term_string}\"},\"query-input\":{\"@type\":\"PropertyValueSpecification\",\"valueRequired\":true,\"valueName\":\"search_term_string\"}}],\"inLanguage\":\"fr-FR\"},{\"@type\":\"Organization\",\"@id\":\"https:\\\/\\\/saiga.es\\\/fr\\\/#organization\",\"name\":\"SAIGA\",\"url\":\"https:\\\/\\\/saiga.es\\\/fr\\\/\",\"logo\":{\"@type\":\"ImageObject\",\"inLanguage\":\"fr-FR\",\"@id\":\"https:\\\/\\\/saiga.es\\\/fr\\\/#\\\/schema\\\/logo\\\/image\\\/\",\"url\":\"https:\\\/\\\/saiga.es\\\/wp-content\\\/uploads\\\/2025\\\/07\\\/logo_saiga_baseline_optimitzat.svg\",\"contentUrl\":\"https:\\\/\\\/saiga.es\\\/wp-content\\\/uploads\\\/2025\\\/07\\\/logo_saiga_baseline_optimitzat.svg\",\"caption\":\"SAIGA\"},\"image\":{\"@id\":\"https:\\\/\\\/saiga.es\\\/fr\\\/#\\\/schema\\\/logo\\\/image\\\/\"},\"sameAs\":[\"https:\\\/\\\/x.com\\\/saiga_agro\",\"https:\\\/\\\/www.instagram.com\\\/saiga_agro\\\/\"]}]}<\/script>\n<!-- \/ Yoast SEO plugin. -->","yoast_head_json":{"title":"Raccord filet\u00e9 femelle Plasson | SAIGA","description":"Les t\u00e9s filet\u00e9s femelles de marque Plasson sont des composants utilis\u00e9s dans les syst\u00e8mes de tuyauterie pour relier trois tuyaux dans une configuration en t\u00e9, avec un ou plusieurs raccords filet\u00e9s femelles.","robots":{"index":"index","follow":"follow","max-snippet":"max-snippet:-1","max-image-preview":"max-image-preview:large","max-video-preview":"max-video-preview:-1"},"canonical":"https:\/\/saiga.es\/fr\/produit\/raccord-filete-femelle-plasson\/","og_locale":"fr_FR","og_type":"article","og_title":"Raccord filet\u00e9 femelle Plasson | SAIGA","og_description":"Les t\u00e9s filet\u00e9s femelles de marque Plasson sont des composants utilis\u00e9s dans les syst\u00e8mes de tuyauterie pour relier trois tuyaux dans une configuration en t\u00e9, avec un ou plusieurs raccords filet\u00e9s femelles.","og_url":"https:\/\/saiga.es\/fr\/produit\/raccord-filete-femelle-plasson\/","og_site_name":"SAIGA","og_image":[{"width":1080,"height":1080,"url":"https:\/\/saiga.es\/wp-content\/uploads\/2024\/07\/Te-reduccio.jpg","type":"image\/jpeg"}],"twitter_card":"summary_large_image","twitter_site":"@saiga_agro","schema":{"@context":"https:\/\/schema.org","@graph":[{"@type":"WebPage","@id":"https:\/\/saiga.es\/fr\/produit\/raccord-filete-femelle-plasson\/","url":"https:\/\/saiga.es\/fr\/produit\/raccord-filete-femelle-plasson\/","name":"Raccord filet\u00e9 femelle Plasson | SAIGA","isPartOf":{"@id":"https:\/\/saiga.es\/fr\/#website"},"primaryImageOfPage":{"@id":"https:\/\/saiga.es\/fr\/produit\/raccord-filete-femelle-plasson\/#primaryimage"},"image":{"@id":"https:\/\/saiga.es\/fr\/produit\/raccord-filete-femelle-plasson\/#primaryimage"},"thumbnailUrl":"https:\/\/saiga.es\/wp-content\/uploads\/2024\/07\/Te-reduccio.jpg","datePublished":"2024-07-04T13:03:07+00:00","description":"Les t\u00e9s filet\u00e9s femelles de marque Plasson sont des composants utilis\u00e9s dans les syst\u00e8mes de tuyauterie pour relier trois tuyaux dans une configuration en t\u00e9, avec un ou plusieurs raccords filet\u00e9s femelles.","breadcrumb":{"@id":"https:\/\/saiga.es\/fr\/produit\/raccord-filete-femelle-plasson\/#breadcrumb"},"inLanguage":"fr-FR","potentialAction":[{"@type":"ReadAction","target":["https:\/\/saiga.es\/fr\/produit\/raccord-filete-femelle-plasson\/"]}]},{"@type":"ImageObject","inLanguage":"fr-FR","@id":"https:\/\/saiga.es\/fr\/produit\/raccord-filete-femelle-plasson\/#primaryimage","url":"https:\/\/saiga.es\/wp-content\/uploads\/2024\/07\/Te-reduccio.jpg","contentUrl":"https:\/\/saiga.es\/wp-content\/uploads\/2024\/07\/Te-reduccio.jpg","width":1080,"height":1080,"caption":"Te reducci\u00f3"},{"@type":"BreadcrumbList","@id":"https:\/\/saiga.es\/fr\/produit\/raccord-filete-femelle-plasson\/#breadcrumb","itemListElement":[{"@type":"ListItem","position":1,"name":"Inici","item":"https:\/\/saiga.es\/fr\/"},{"@type":"ListItem","position":2,"name":"boutique","item":"https:\/\/saiga.es\/fr\/boutique\/"},{"@type":"ListItem","position":3,"name":"Raccord filet\u00e9 femelle Plasson"}]},{"@type":"WebSite","@id":"https:\/\/saiga.es\/fr\/#website","url":"https:\/\/saiga.es\/fr\/","name":"SAIGA","description":"M\u00e9s de 50 anys al servei de la terra i treballant per a un \u00fas eficient de l\u2019aigua!","publisher":{"@id":"https:\/\/saiga.es\/fr\/#organization"},"potentialAction":[{"@type":"SearchAction","target":{"@type":"EntryPoint","urlTemplate":"https:\/\/saiga.es\/fr\/?s={search_term_string}"},"query-input":{"@type":"PropertyValueSpecification","valueRequired":true,"valueName":"search_term_string"}}],"inLanguage":"fr-FR"},{"@type":"Organization","@id":"https:\/\/saiga.es\/fr\/#organization","name":"SAIGA","url":"https:\/\/saiga.es\/fr\/","logo":{"@type":"ImageObject","inLanguage":"fr-FR","@id":"https:\/\/saiga.es\/fr\/#\/schema\/logo\/image\/","url":"https:\/\/saiga.es\/wp-content\/uploads\/2025\/07\/logo_saiga_baseline_optimitzat.svg","contentUrl":"https:\/\/saiga.es\/wp-content\/uploads\/2025\/07\/logo_saiga_baseline_optimitzat.svg","caption":"SAIGA"},"image":{"@id":"https:\/\/saiga.es\/fr\/#\/schema\/logo\/image\/"},"sameAs":["https:\/\/x.com\/saiga_agro","https:\/\/www.instagram.com\/saiga_agro\/"]}]}},"_links":{"self":[{"href":"https:\/\/saiga.es\/fr\/wp-json\/wp\/v2\/product\/13741","targetHints":{"allow":["GET"]}}],"collection":[{"href":"https:\/\/saiga.es\/fr\/wp-json\/wp\/v2\/product"}],"about":[{"href":"https:\/\/saiga.es\/fr\/wp-json\/wp\/v2\/types\/product"}],"replies":[{"embeddable":true,"href":"https:\/\/saiga.es\/fr\/wp-json\/wp\/v2\/comments?post=13741"}],"wp:featuredmedia":[{"embeddable":true,"href":"https:\/\/saiga.es\/fr\/wp-json\/wp\/v2\/media\/11044"}],"wp:attachment":[{"href":"https:\/\/saiga.es\/fr\/wp-json\/wp\/v2\/media?parent=13741"}],"wp:term":[{"taxonomy":"product_brand","embeddable":true,"href":"https:\/\/saiga.es\/fr\/wp-json\/wp\/v2\/product_brand?post=13741"},{"taxonomy":"product_cat","embeddable":true,"href":"https:\/\/saiga.es\/fr\/wp-json\/wp\/v2\/product_cat?post=13741"},{"taxonomy":"product_tag","embeddable":true,"href":"https:\/\/saiga.es\/fr\/wp-json\/wp\/v2\/product_tag?post=13741"}],"curies":[{"name":"wp","href":"https:\/\/api.w.org\/{rel}","templated":true}]}}