{"id":13760,"date":"2024-09-30T10:50:17","date_gmt":"2024-09-30T10:50:17","guid":{"rendered":"https:\/\/botiga.saiga.es\/producte\/bineuse-7cm-combisystem\/"},"modified":"2025-01-08T14:59:52","modified_gmt":"2025-01-08T14:59:52","slug":"bineuse-7cm-combisystem","status":"publish","type":"product","link":"https:\/\/saiga.es\/fr\/produit\/bineuse-7cm-combisystem\/","title":{"rendered":"Bineuse 7cm combisystem"},"content":{"rendered":"<p>Houe combisystem 7 cm La houe combisystem de GARDENA, d&rsquo;une largeur de 7 cm, est con\u00e7ue pour entretenir les zones \u00e9troites du jardin, telles que les rang\u00e9es de plantes et les plates-bandes compactes. Avec une pelle en forme de c\u0153ur d&rsquo;un c\u00f4t\u00e9 et deux dents de l&rsquo;autre, c&rsquo;est un outil polyvalent qui creuse, nettoie, a\u00e8re, borde et aplatit. Il est compatible avec toutes les poign\u00e9es du syst\u00e8me combisystem, une poign\u00e9e de 130 cm est recommand\u00e9e en fonction de la taille de l&rsquo;utilisateur.<\/p>\n","protected":false},"excerpt":{"rendered":"<p>Houe combisystem 7 cm La houe combisystem de GARDENA, d&rsquo;une largeur de 7 cm, est con\u00e7ue pour entretenir les zones \u00e9troites du jardin, telles que les rang\u00e9es de plantes et les plates-bandes compactes. Avec une pelle en forme de c\u0153ur d&rsquo;un c\u00f4t\u00e9 et deux dents de l&rsquo;autre, c&rsquo;est un outil polyvalent qui creuse, nettoie, a\u00e8re, borde et aplatit. Il est compatible avec toutes les poign\u00e9es du syst\u00e8me combisystem, une poign\u00e9e de 130 cm est recommand\u00e9e en fonction de la taille de l&rsquo;utilisateur.<\/p>\n","protected":false},"featured_media":14727,"comment_status":"open","ping_status":"closed","template":"","meta":[],"product_brand":[],"product_cat":[1635,452],"product_tag":[],"class_list":{"0":"post-13760","1":"product","2":"type-product","3":"status-publish","4":"has-post-thumbnail","6":"product_cat-autres","7":"product_cat-jardinage-domestique-fr","9":"first","10":"instock","11":"taxable","12":"shipping-taxable","13":"purchasable","14":"product-type-simple"},"yoast_head":"<!-- This site is optimized with the Yoast SEO plugin v27.3 - https:\/\/yoast.com\/product\/yoast-seo-wordpress\/ -->\n<title>Bineuse 7cm combisystem | SAIGA<\/title>\n<meta name=\"description\" content=\"La binette combisystem de GARDENA, d&#039;une largeur de 7 cm, est id\u00e9ale pour l&#039;entretien des rang\u00e9es \u00e9troites de plantes et des plates-bandes compactes.\" \/>\n<meta name=\"robots\" content=\"index, follow, max-snippet:-1, max-image-preview:large, max-video-preview:-1\" \/>\n<link rel=\"canonical\" href=\"https:\/\/saiga.es\/fr\/produit\/bineuse-7cm-combisystem\/\" \/>\n<meta property=\"og:locale\" content=\"fr_FR\" \/>\n<meta property=\"og:type\" content=\"article\" \/>\n<meta property=\"og:title\" content=\"Bineuse 7cm combisystem | SAIGA\" \/>\n<meta property=\"og:description\" content=\"La binette combisystem de GARDENA, d&#039;une largeur de 7 cm, est id\u00e9ale pour l&#039;entretien des rang\u00e9es \u00e9troites de plantes et des plates-bandes compactes.\" \/>\n<meta property=\"og:url\" content=\"https:\/\/saiga.es\/fr\/produit\/bineuse-7cm-combisystem\/\" \/>\n<meta property=\"og:site_name\" content=\"SAIGA\" \/>\n<meta property=\"article:modified_time\" content=\"2025-01-08T14:59:52+00:00\" \/>\n<meta property=\"og:image\" content=\"https:\/\/saiga.es\/wp-content\/uploads\/2024\/09\/Azada-binadora-7-cm.jpg\" \/>\n\t<meta property=\"og:image:width\" content=\"1080\" \/>\n\t<meta property=\"og:image:height\" content=\"1080\" \/>\n\t<meta property=\"og:image:type\" content=\"image\/jpeg\" \/>\n<meta name=\"twitter:card\" content=\"summary_large_image\" \/>\n<meta name=\"twitter:site\" content=\"@saiga_agro\" \/>\n<script type=\"application\/ld+json\" class=\"yoast-schema-graph\">{\"@context\":\"https:\\\/\\\/schema.org\",\"@graph\":[{\"@type\":\"WebPage\",\"@id\":\"https:\\\/\\\/saiga.es\\\/fr\\\/produit\\\/bineuse-7cm-combisystem\\\/\",\"url\":\"https:\\\/\\\/saiga.es\\\/fr\\\/produit\\\/bineuse-7cm-combisystem\\\/\",\"name\":\"Bineuse 7cm combisystem | SAIGA\",\"isPartOf\":{\"@id\":\"https:\\\/\\\/saiga.es\\\/fr\\\/#website\"},\"primaryImageOfPage\":{\"@id\":\"https:\\\/\\\/saiga.es\\\/fr\\\/produit\\\/bineuse-7cm-combisystem\\\/#primaryimage\"},\"image\":{\"@id\":\"https:\\\/\\\/saiga.es\\\/fr\\\/produit\\\/bineuse-7cm-combisystem\\\/#primaryimage\"},\"thumbnailUrl\":\"https:\\\/\\\/saiga.es\\\/wp-content\\\/uploads\\\/2024\\\/09\\\/Azada-binadora-7-cm.jpg\",\"datePublished\":\"2024-09-30T10:50:17+00:00\",\"dateModified\":\"2025-01-08T14:59:52+00:00\",\"description\":\"La binette combisystem de GARDENA, d'une largeur de 7 cm, est id\u00e9ale pour l'entretien des rang\u00e9es \u00e9troites de plantes et des plates-bandes compactes.\",\"breadcrumb\":{\"@id\":\"https:\\\/\\\/saiga.es\\\/fr\\\/produit\\\/bineuse-7cm-combisystem\\\/#breadcrumb\"},\"inLanguage\":\"fr-FR\",\"potentialAction\":[{\"@type\":\"ReadAction\",\"target\":[\"https:\\\/\\\/saiga.es\\\/fr\\\/produit\\\/bineuse-7cm-combisystem\\\/\"]}]},{\"@type\":\"ImageObject\",\"inLanguage\":\"fr-FR\",\"@id\":\"https:\\\/\\\/saiga.es\\\/fr\\\/produit\\\/bineuse-7cm-combisystem\\\/#primaryimage\",\"url\":\"https:\\\/\\\/saiga.es\\\/wp-content\\\/uploads\\\/2024\\\/09\\\/Azada-binadora-7-cm.jpg\",\"contentUrl\":\"https:\\\/\\\/saiga.es\\\/wp-content\\\/uploads\\\/2024\\\/09\\\/Azada-binadora-7-cm.jpg\",\"width\":1080,\"height\":1080,\"caption\":\"Azada binadora 7 cm\"},{\"@type\":\"BreadcrumbList\",\"@id\":\"https:\\\/\\\/saiga.es\\\/fr\\\/produit\\\/bineuse-7cm-combisystem\\\/#breadcrumb\",\"itemListElement\":[{\"@type\":\"ListItem\",\"position\":1,\"name\":\"Inici\",\"item\":\"https:\\\/\\\/saiga.es\\\/fr\\\/\"},{\"@type\":\"ListItem\",\"position\":2,\"name\":\"boutique\",\"item\":\"https:\\\/\\\/saiga.es\\\/fr\\\/boutique\\\/\"},{\"@type\":\"ListItem\",\"position\":3,\"name\":\"Bineuse 7cm combisystem\"}]},{\"@type\":\"WebSite\",\"@id\":\"https:\\\/\\\/saiga.es\\\/fr\\\/#website\",\"url\":\"https:\\\/\\\/saiga.es\\\/fr\\\/\",\"name\":\"SAIGA\",\"description\":\"M\u00e9s de 50 anys al servei de la terra i treballant per a un \u00fas eficient de l\u2019aigua!\",\"publisher\":{\"@id\":\"https:\\\/\\\/saiga.es\\\/fr\\\/#organization\"},\"potentialAction\":[{\"@type\":\"SearchAction\",\"target\":{\"@type\":\"EntryPoint\",\"urlTemplate\":\"https:\\\/\\\/saiga.es\\\/fr\\\/?s={search_term_string}\"},\"query-input\":{\"@type\":\"PropertyValueSpecification\",\"valueRequired\":true,\"valueName\":\"search_term_string\"}}],\"inLanguage\":\"fr-FR\"},{\"@type\":\"Organization\",\"@id\":\"https:\\\/\\\/saiga.es\\\/fr\\\/#organization\",\"name\":\"SAIGA\",\"url\":\"https:\\\/\\\/saiga.es\\\/fr\\\/\",\"logo\":{\"@type\":\"ImageObject\",\"inLanguage\":\"fr-FR\",\"@id\":\"https:\\\/\\\/saiga.es\\\/fr\\\/#\\\/schema\\\/logo\\\/image\\\/\",\"url\":\"https:\\\/\\\/saiga.es\\\/wp-content\\\/uploads\\\/2025\\\/07\\\/logo_saiga_baseline_optimitzat.svg\",\"contentUrl\":\"https:\\\/\\\/saiga.es\\\/wp-content\\\/uploads\\\/2025\\\/07\\\/logo_saiga_baseline_optimitzat.svg\",\"caption\":\"SAIGA\"},\"image\":{\"@id\":\"https:\\\/\\\/saiga.es\\\/fr\\\/#\\\/schema\\\/logo\\\/image\\\/\"},\"sameAs\":[\"https:\\\/\\\/x.com\\\/saiga_agro\",\"https:\\\/\\\/www.instagram.com\\\/saiga_agro\\\/\"]}]}<\/script>\n<!-- \/ Yoast SEO plugin. -->","yoast_head_json":{"title":"Bineuse 7cm combisystem | SAIGA","description":"La binette combisystem de GARDENA, d'une largeur de 7 cm, est id\u00e9ale pour l'entretien des rang\u00e9es \u00e9troites de plantes et des plates-bandes compactes.","robots":{"index":"index","follow":"follow","max-snippet":"max-snippet:-1","max-image-preview":"max-image-preview:large","max-video-preview":"max-video-preview:-1"},"canonical":"https:\/\/saiga.es\/fr\/produit\/bineuse-7cm-combisystem\/","og_locale":"fr_FR","og_type":"article","og_title":"Bineuse 7cm combisystem | SAIGA","og_description":"La binette combisystem de GARDENA, d'une largeur de 7 cm, est id\u00e9ale pour l'entretien des rang\u00e9es \u00e9troites de plantes et des plates-bandes compactes.","og_url":"https:\/\/saiga.es\/fr\/produit\/bineuse-7cm-combisystem\/","og_site_name":"SAIGA","article_modified_time":"2025-01-08T14:59:52+00:00","og_image":[{"width":1080,"height":1080,"url":"https:\/\/saiga.es\/wp-content\/uploads\/2024\/09\/Azada-binadora-7-cm.jpg","type":"image\/jpeg"}],"twitter_card":"summary_large_image","twitter_site":"@saiga_agro","schema":{"@context":"https:\/\/schema.org","@graph":[{"@type":"WebPage","@id":"https:\/\/saiga.es\/fr\/produit\/bineuse-7cm-combisystem\/","url":"https:\/\/saiga.es\/fr\/produit\/bineuse-7cm-combisystem\/","name":"Bineuse 7cm combisystem | SAIGA","isPartOf":{"@id":"https:\/\/saiga.es\/fr\/#website"},"primaryImageOfPage":{"@id":"https:\/\/saiga.es\/fr\/produit\/bineuse-7cm-combisystem\/#primaryimage"},"image":{"@id":"https:\/\/saiga.es\/fr\/produit\/bineuse-7cm-combisystem\/#primaryimage"},"thumbnailUrl":"https:\/\/saiga.es\/wp-content\/uploads\/2024\/09\/Azada-binadora-7-cm.jpg","datePublished":"2024-09-30T10:50:17+00:00","dateModified":"2025-01-08T14:59:52+00:00","description":"La binette combisystem de GARDENA, d'une largeur de 7 cm, est id\u00e9ale pour l'entretien des rang\u00e9es \u00e9troites de plantes et des plates-bandes compactes.","breadcrumb":{"@id":"https:\/\/saiga.es\/fr\/produit\/bineuse-7cm-combisystem\/#breadcrumb"},"inLanguage":"fr-FR","potentialAction":[{"@type":"ReadAction","target":["https:\/\/saiga.es\/fr\/produit\/bineuse-7cm-combisystem\/"]}]},{"@type":"ImageObject","inLanguage":"fr-FR","@id":"https:\/\/saiga.es\/fr\/produit\/bineuse-7cm-combisystem\/#primaryimage","url":"https:\/\/saiga.es\/wp-content\/uploads\/2024\/09\/Azada-binadora-7-cm.jpg","contentUrl":"https:\/\/saiga.es\/wp-content\/uploads\/2024\/09\/Azada-binadora-7-cm.jpg","width":1080,"height":1080,"caption":"Azada binadora 7 cm"},{"@type":"BreadcrumbList","@id":"https:\/\/saiga.es\/fr\/produit\/bineuse-7cm-combisystem\/#breadcrumb","itemListElement":[{"@type":"ListItem","position":1,"name":"Inici","item":"https:\/\/saiga.es\/fr\/"},{"@type":"ListItem","position":2,"name":"boutique","item":"https:\/\/saiga.es\/fr\/boutique\/"},{"@type":"ListItem","position":3,"name":"Bineuse 7cm combisystem"}]},{"@type":"WebSite","@id":"https:\/\/saiga.es\/fr\/#website","url":"https:\/\/saiga.es\/fr\/","name":"SAIGA","description":"M\u00e9s de 50 anys al servei de la terra i treballant per a un \u00fas eficient de l\u2019aigua!","publisher":{"@id":"https:\/\/saiga.es\/fr\/#organization"},"potentialAction":[{"@type":"SearchAction","target":{"@type":"EntryPoint","urlTemplate":"https:\/\/saiga.es\/fr\/?s={search_term_string}"},"query-input":{"@type":"PropertyValueSpecification","valueRequired":true,"valueName":"search_term_string"}}],"inLanguage":"fr-FR"},{"@type":"Organization","@id":"https:\/\/saiga.es\/fr\/#organization","name":"SAIGA","url":"https:\/\/saiga.es\/fr\/","logo":{"@type":"ImageObject","inLanguage":"fr-FR","@id":"https:\/\/saiga.es\/fr\/#\/schema\/logo\/image\/","url":"https:\/\/saiga.es\/wp-content\/uploads\/2025\/07\/logo_saiga_baseline_optimitzat.svg","contentUrl":"https:\/\/saiga.es\/wp-content\/uploads\/2025\/07\/logo_saiga_baseline_optimitzat.svg","caption":"SAIGA"},"image":{"@id":"https:\/\/saiga.es\/fr\/#\/schema\/logo\/image\/"},"sameAs":["https:\/\/x.com\/saiga_agro","https:\/\/www.instagram.com\/saiga_agro\/"]}]}},"_links":{"self":[{"href":"https:\/\/saiga.es\/fr\/wp-json\/wp\/v2\/product\/13760","targetHints":{"allow":["GET"]}}],"collection":[{"href":"https:\/\/saiga.es\/fr\/wp-json\/wp\/v2\/product"}],"about":[{"href":"https:\/\/saiga.es\/fr\/wp-json\/wp\/v2\/types\/product"}],"replies":[{"embeddable":true,"href":"https:\/\/saiga.es\/fr\/wp-json\/wp\/v2\/comments?post=13760"}],"wp:featuredmedia":[{"embeddable":true,"href":"https:\/\/saiga.es\/fr\/wp-json\/wp\/v2\/media\/14727"}],"wp:attachment":[{"href":"https:\/\/saiga.es\/fr\/wp-json\/wp\/v2\/media?parent=13760"}],"wp:term":[{"taxonomy":"product_brand","embeddable":true,"href":"https:\/\/saiga.es\/fr\/wp-json\/wp\/v2\/product_brand?post=13760"},{"taxonomy":"product_cat","embeddable":true,"href":"https:\/\/saiga.es\/fr\/wp-json\/wp\/v2\/product_cat?post=13760"},{"taxonomy":"product_tag","embeddable":true,"href":"https:\/\/saiga.es\/fr\/wp-json\/wp\/v2\/product_tag?post=13760"}],"curies":[{"name":"wp","href":"https:\/\/api.w.org\/{rel}","templated":true}]}}