{"id":13763,"date":"2025-01-09T10:08:38","date_gmt":"2025-01-09T10:08:38","guid":{"rendered":"https:\/\/botiga.saiga.es\/?post_type=product&#038;p=13763"},"modified":"2025-01-09T10:25:27","modified_gmt":"2025-01-09T10:25:27","slug":"motoserra-hs37-pro-extensible-arvipo","status":"publish","type":"product","link":"https:\/\/saiga.es\/fr\/produit\/motoserra-hs37-pro-extensible-arvipo\/","title":{"rendered":"Motoserra HS37 PRO extensible Arvipo (3 bateries)"},"content":{"rendered":"<p>La serra el\u00e8ctrica ARVIPO HS37 PRO \u00e9s una soluci\u00f3 \u00f2ptima per a treballs de poda en al\u00e7ada exigents. La perxa telesc\u00f2pica permet adaptar l&rsquo;al\u00e7ada i l&rsquo;abast, conservant l&rsquo;equilibri. El preu inclou 3 bateries.<\/p>\n<p>Destaca la seva lleugeresa, manejabilitat i velocitat de tall. Tot sumat resulta en una eina que ens permet treballar amb comoditat i rapidesa en treballs de poda que altrament resulten lents i perillosos. Presenta un tall excel\u00b7lent tant en branques fines com de gran di\u00e0metre. Permet completar al 100% la poda de qualsevol arbre.<\/p>\n<p>A m\u00e9s, com el seu nom indica, passa a augmentar la fam\u00edlia ARVIPO 37 donant m\u00e9s versatilitat a les seves bateries i creant un conjunt d&rsquo;eines per a la poda molt potent per les seves qualitats d&rsquo;alt rendiment a la feina.<\/p>\n<p>La nova ARVIPO HS37 PRO incorpora el sistema de lubricaci\u00f3 autom\u00e0tic que evita les parades innecess\u00e0ries a la jornada de poda, convertint-la en una eina m\u00e9s eficient.<\/p>\n","protected":false},"excerpt":{"rendered":"<p>La serra el\u00e8ctrica ARVIPO HS37 PRO \u00e9s una soluci\u00f3 \u00f2ptima per a treballs de poda en al\u00e7ada exigents. La perxa telesc\u00f2pica permet adaptar l&rsquo;al\u00e7ada i l&rsquo;abast, conservant l&rsquo;equilibri. El preu inclou 3 bateries.<\/p>\n","protected":false},"featured_media":13764,"comment_status":"closed","ping_status":"closed","template":"","meta":[],"product_brand":[],"product_cat":[1679,1685],"product_tag":[272,1666,293],"class_list":{"0":"post-13763","1":"product","2":"type-product","3":"status-publish","4":"has-post-thumbnail","6":"product_cat-motoserres-maquinaria","7":"product_cat-serres-electriques","8":"product_tag-arvipo","9":"product_tag-motoserra","10":"product_tag-poda","12":"first","13":"instock","14":"taxable","15":"shipping-taxable","16":"purchasable","17":"product-type-simple"},"yoast_head":"<!-- This site is optimized with the Yoast SEO plugin v27.3 - https:\/\/yoast.com\/product\/yoast-seo-wordpress\/ -->\n<title>Motoserra HS37 PRO extensible Arvipo (3 bateries) | SAIGA<\/title>\n<meta name=\"description\" content=\"La serra el\u00e8ctrica ARVIPO HS37 PRO \u00e9s una soluci\u00f3 \u00f2ptima per a treballs de poda en al\u00e7ada exigents. La perxa telesc\u00f2pica permet adaptar l&#039;al\u00e7ada i l&#039;abast, conservant l&#039;equilibri.\" \/>\n<meta name=\"robots\" content=\"index, follow, max-snippet:-1, max-image-preview:large, max-video-preview:-1\" \/>\n<link rel=\"canonical\" href=\"https:\/\/saiga.es\/fr\/produit\/motoserra-hs37-pro-extensible-arvipo\/\" \/>\n<meta property=\"og:locale\" content=\"fr_FR\" \/>\n<meta property=\"og:type\" content=\"article\" \/>\n<meta property=\"og:title\" content=\"Motoserra HS37 PRO extensible Arvipo (3 bateries) | SAIGA\" \/>\n<meta property=\"og:description\" content=\"La serra el\u00e8ctrica ARVIPO HS37 PRO \u00e9s una soluci\u00f3 \u00f2ptima per a treballs de poda en al\u00e7ada exigents. La perxa telesc\u00f2pica permet adaptar l&#039;al\u00e7ada i l&#039;abast, conservant l&#039;equilibri.\" \/>\n<meta property=\"og:url\" content=\"https:\/\/saiga.es\/fr\/produit\/motoserra-hs37-pro-extensible-arvipo\/\" \/>\n<meta property=\"og:site_name\" content=\"SAIGA\" \/>\n<meta property=\"article:modified_time\" content=\"2025-01-09T10:25:27+00:00\" \/>\n<meta property=\"og:image\" content=\"https:\/\/saiga.es\/wp-content\/uploads\/2025\/01\/HS-37-PRO.jpg\" \/>\n\t<meta property=\"og:image:width\" content=\"1080\" \/>\n\t<meta property=\"og:image:height\" content=\"1080\" \/>\n\t<meta property=\"og:image:type\" content=\"image\/jpeg\" \/>\n<meta name=\"twitter:card\" content=\"summary_large_image\" \/>\n<meta name=\"twitter:site\" content=\"@saiga_agro\" \/>\n<meta name=\"twitter:label1\" content=\"Dur\u00e9e de lecture estim\u00e9e\" \/>\n\t<meta name=\"twitter:data1\" content=\"2 minutes\" \/>\n<script type=\"application\/ld+json\" class=\"yoast-schema-graph\">{\"@context\":\"https:\\\/\\\/schema.org\",\"@graph\":[{\"@type\":\"WebPage\",\"@id\":\"https:\\\/\\\/saiga.es\\\/fr\\\/produit\\\/motoserra-hs37-pro-extensible-arvipo\\\/\",\"url\":\"https:\\\/\\\/saiga.es\\\/fr\\\/produit\\\/motoserra-hs37-pro-extensible-arvipo\\\/\",\"name\":\"Motoserra HS37 PRO extensible Arvipo (3 bateries) | SAIGA\",\"isPartOf\":{\"@id\":\"https:\\\/\\\/saiga.es\\\/fr\\\/#website\"},\"primaryImageOfPage\":{\"@id\":\"https:\\\/\\\/saiga.es\\\/fr\\\/produit\\\/motoserra-hs37-pro-extensible-arvipo\\\/#primaryimage\"},\"image\":{\"@id\":\"https:\\\/\\\/saiga.es\\\/fr\\\/produit\\\/motoserra-hs37-pro-extensible-arvipo\\\/#primaryimage\"},\"thumbnailUrl\":\"https:\\\/\\\/saiga.es\\\/wp-content\\\/uploads\\\/2025\\\/01\\\/HS-37-PRO.jpg\",\"datePublished\":\"2025-01-09T10:08:38+00:00\",\"dateModified\":\"2025-01-09T10:25:27+00:00\",\"description\":\"La serra el\u00e8ctrica ARVIPO HS37 PRO \u00e9s una soluci\u00f3 \u00f2ptima per a treballs de poda en al\u00e7ada exigents. La perxa telesc\u00f2pica permet adaptar l'al\u00e7ada i l'abast, conservant l'equilibri.\",\"breadcrumb\":{\"@id\":\"https:\\\/\\\/saiga.es\\\/fr\\\/produit\\\/motoserra-hs37-pro-extensible-arvipo\\\/#breadcrumb\"},\"inLanguage\":\"fr-FR\",\"potentialAction\":[{\"@type\":\"ReadAction\",\"target\":[\"https:\\\/\\\/saiga.es\\\/fr\\\/produit\\\/motoserra-hs37-pro-extensible-arvipo\\\/\"]}]},{\"@type\":\"ImageObject\",\"inLanguage\":\"fr-FR\",\"@id\":\"https:\\\/\\\/saiga.es\\\/fr\\\/produit\\\/motoserra-hs37-pro-extensible-arvipo\\\/#primaryimage\",\"url\":\"https:\\\/\\\/saiga.es\\\/wp-content\\\/uploads\\\/2025\\\/01\\\/HS-37-PRO.jpg\",\"contentUrl\":\"https:\\\/\\\/saiga.es\\\/wp-content\\\/uploads\\\/2025\\\/01\\\/HS-37-PRO.jpg\",\"width\":1080,\"height\":1080,\"caption\":\"HS 31 PRO\"},{\"@type\":\"BreadcrumbList\",\"@id\":\"https:\\\/\\\/saiga.es\\\/fr\\\/produit\\\/motoserra-hs37-pro-extensible-arvipo\\\/#breadcrumb\",\"itemListElement\":[{\"@type\":\"ListItem\",\"position\":1,\"name\":\"Inici\",\"item\":\"https:\\\/\\\/saiga.es\\\/fr\\\/\"},{\"@type\":\"ListItem\",\"position\":2,\"name\":\"boutique\",\"item\":\"https:\\\/\\\/saiga.es\\\/fr\\\/boutique\\\/\"},{\"@type\":\"ListItem\",\"position\":3,\"name\":\"Motoserra HS37 PRO extensible Arvipo (3 bateries)\"}]},{\"@type\":\"WebSite\",\"@id\":\"https:\\\/\\\/saiga.es\\\/fr\\\/#website\",\"url\":\"https:\\\/\\\/saiga.es\\\/fr\\\/\",\"name\":\"SAIGA\",\"description\":\"M\u00e9s de 50 anys al servei de la terra i treballant per a un \u00fas eficient de l\u2019aigua!\",\"publisher\":{\"@id\":\"https:\\\/\\\/saiga.es\\\/fr\\\/#organization\"},\"potentialAction\":[{\"@type\":\"SearchAction\",\"target\":{\"@type\":\"EntryPoint\",\"urlTemplate\":\"https:\\\/\\\/saiga.es\\\/fr\\\/?s={search_term_string}\"},\"query-input\":{\"@type\":\"PropertyValueSpecification\",\"valueRequired\":true,\"valueName\":\"search_term_string\"}}],\"inLanguage\":\"fr-FR\"},{\"@type\":\"Organization\",\"@id\":\"https:\\\/\\\/saiga.es\\\/fr\\\/#organization\",\"name\":\"SAIGA\",\"url\":\"https:\\\/\\\/saiga.es\\\/fr\\\/\",\"logo\":{\"@type\":\"ImageObject\",\"inLanguage\":\"fr-FR\",\"@id\":\"https:\\\/\\\/saiga.es\\\/fr\\\/#\\\/schema\\\/logo\\\/image\\\/\",\"url\":\"https:\\\/\\\/saiga.es\\\/wp-content\\\/uploads\\\/2025\\\/07\\\/logo_saiga_baseline_optimitzat.svg\",\"contentUrl\":\"https:\\\/\\\/saiga.es\\\/wp-content\\\/uploads\\\/2025\\\/07\\\/logo_saiga_baseline_optimitzat.svg\",\"caption\":\"SAIGA\"},\"image\":{\"@id\":\"https:\\\/\\\/saiga.es\\\/fr\\\/#\\\/schema\\\/logo\\\/image\\\/\"},\"sameAs\":[\"https:\\\/\\\/x.com\\\/saiga_agro\",\"https:\\\/\\\/www.instagram.com\\\/saiga_agro\\\/\"]}]}<\/script>\n<!-- \/ Yoast SEO plugin. -->","yoast_head_json":{"title":"Motoserra HS37 PRO extensible Arvipo (3 bateries) | SAIGA","description":"La serra el\u00e8ctrica ARVIPO HS37 PRO \u00e9s una soluci\u00f3 \u00f2ptima per a treballs de poda en al\u00e7ada exigents. La perxa telesc\u00f2pica permet adaptar l'al\u00e7ada i l'abast, conservant l'equilibri.","robots":{"index":"index","follow":"follow","max-snippet":"max-snippet:-1","max-image-preview":"max-image-preview:large","max-video-preview":"max-video-preview:-1"},"canonical":"https:\/\/saiga.es\/fr\/produit\/motoserra-hs37-pro-extensible-arvipo\/","og_locale":"fr_FR","og_type":"article","og_title":"Motoserra HS37 PRO extensible Arvipo (3 bateries) | SAIGA","og_description":"La serra el\u00e8ctrica ARVIPO HS37 PRO \u00e9s una soluci\u00f3 \u00f2ptima per a treballs de poda en al\u00e7ada exigents. La perxa telesc\u00f2pica permet adaptar l'al\u00e7ada i l'abast, conservant l'equilibri.","og_url":"https:\/\/saiga.es\/fr\/produit\/motoserra-hs37-pro-extensible-arvipo\/","og_site_name":"SAIGA","article_modified_time":"2025-01-09T10:25:27+00:00","og_image":[{"width":1080,"height":1080,"url":"https:\/\/saiga.es\/wp-content\/uploads\/2025\/01\/HS-37-PRO.jpg","type":"image\/jpeg"}],"twitter_card":"summary_large_image","twitter_site":"@saiga_agro","twitter_misc":{"Dur\u00e9e de lecture estim\u00e9e":"2 minutes"},"schema":{"@context":"https:\/\/schema.org","@graph":[{"@type":"WebPage","@id":"https:\/\/saiga.es\/fr\/produit\/motoserra-hs37-pro-extensible-arvipo\/","url":"https:\/\/saiga.es\/fr\/produit\/motoserra-hs37-pro-extensible-arvipo\/","name":"Motoserra HS37 PRO extensible Arvipo (3 bateries) | SAIGA","isPartOf":{"@id":"https:\/\/saiga.es\/fr\/#website"},"primaryImageOfPage":{"@id":"https:\/\/saiga.es\/fr\/produit\/motoserra-hs37-pro-extensible-arvipo\/#primaryimage"},"image":{"@id":"https:\/\/saiga.es\/fr\/produit\/motoserra-hs37-pro-extensible-arvipo\/#primaryimage"},"thumbnailUrl":"https:\/\/saiga.es\/wp-content\/uploads\/2025\/01\/HS-37-PRO.jpg","datePublished":"2025-01-09T10:08:38+00:00","dateModified":"2025-01-09T10:25:27+00:00","description":"La serra el\u00e8ctrica ARVIPO HS37 PRO \u00e9s una soluci\u00f3 \u00f2ptima per a treballs de poda en al\u00e7ada exigents. La perxa telesc\u00f2pica permet adaptar l'al\u00e7ada i l'abast, conservant l'equilibri.","breadcrumb":{"@id":"https:\/\/saiga.es\/fr\/produit\/motoserra-hs37-pro-extensible-arvipo\/#breadcrumb"},"inLanguage":"fr-FR","potentialAction":[{"@type":"ReadAction","target":["https:\/\/saiga.es\/fr\/produit\/motoserra-hs37-pro-extensible-arvipo\/"]}]},{"@type":"ImageObject","inLanguage":"fr-FR","@id":"https:\/\/saiga.es\/fr\/produit\/motoserra-hs37-pro-extensible-arvipo\/#primaryimage","url":"https:\/\/saiga.es\/wp-content\/uploads\/2025\/01\/HS-37-PRO.jpg","contentUrl":"https:\/\/saiga.es\/wp-content\/uploads\/2025\/01\/HS-37-PRO.jpg","width":1080,"height":1080,"caption":"HS 31 PRO"},{"@type":"BreadcrumbList","@id":"https:\/\/saiga.es\/fr\/produit\/motoserra-hs37-pro-extensible-arvipo\/#breadcrumb","itemListElement":[{"@type":"ListItem","position":1,"name":"Inici","item":"https:\/\/saiga.es\/fr\/"},{"@type":"ListItem","position":2,"name":"boutique","item":"https:\/\/saiga.es\/fr\/boutique\/"},{"@type":"ListItem","position":3,"name":"Motoserra HS37 PRO extensible Arvipo (3 bateries)"}]},{"@type":"WebSite","@id":"https:\/\/saiga.es\/fr\/#website","url":"https:\/\/saiga.es\/fr\/","name":"SAIGA","description":"M\u00e9s de 50 anys al servei de la terra i treballant per a un \u00fas eficient de l\u2019aigua!","publisher":{"@id":"https:\/\/saiga.es\/fr\/#organization"},"potentialAction":[{"@type":"SearchAction","target":{"@type":"EntryPoint","urlTemplate":"https:\/\/saiga.es\/fr\/?s={search_term_string}"},"query-input":{"@type":"PropertyValueSpecification","valueRequired":true,"valueName":"search_term_string"}}],"inLanguage":"fr-FR"},{"@type":"Organization","@id":"https:\/\/saiga.es\/fr\/#organization","name":"SAIGA","url":"https:\/\/saiga.es\/fr\/","logo":{"@type":"ImageObject","inLanguage":"fr-FR","@id":"https:\/\/saiga.es\/fr\/#\/schema\/logo\/image\/","url":"https:\/\/saiga.es\/wp-content\/uploads\/2025\/07\/logo_saiga_baseline_optimitzat.svg","contentUrl":"https:\/\/saiga.es\/wp-content\/uploads\/2025\/07\/logo_saiga_baseline_optimitzat.svg","caption":"SAIGA"},"image":{"@id":"https:\/\/saiga.es\/fr\/#\/schema\/logo\/image\/"},"sameAs":["https:\/\/x.com\/saiga_agro","https:\/\/www.instagram.com\/saiga_agro\/"]}]}},"_links":{"self":[{"href":"https:\/\/saiga.es\/fr\/wp-json\/wp\/v2\/product\/13763","targetHints":{"allow":["GET"]}}],"collection":[{"href":"https:\/\/saiga.es\/fr\/wp-json\/wp\/v2\/product"}],"about":[{"href":"https:\/\/saiga.es\/fr\/wp-json\/wp\/v2\/types\/product"}],"replies":[{"embeddable":true,"href":"https:\/\/saiga.es\/fr\/wp-json\/wp\/v2\/comments?post=13763"}],"wp:featuredmedia":[{"embeddable":true,"href":"https:\/\/saiga.es\/fr\/wp-json\/wp\/v2\/media\/13764"}],"wp:attachment":[{"href":"https:\/\/saiga.es\/fr\/wp-json\/wp\/v2\/media?parent=13763"}],"wp:term":[{"taxonomy":"product_brand","embeddable":true,"href":"https:\/\/saiga.es\/fr\/wp-json\/wp\/v2\/product_brand?post=13763"},{"taxonomy":"product_cat","embeddable":true,"href":"https:\/\/saiga.es\/fr\/wp-json\/wp\/v2\/product_cat?post=13763"},{"taxonomy":"product_tag","embeddable":true,"href":"https:\/\/saiga.es\/fr\/wp-json\/wp\/v2\/product_tag?post=13763"}],"curies":[{"name":"wp","href":"https:\/\/api.w.org\/{rel}","templated":true}]}}