{"id":13777,"date":"2024-09-30T13:37:05","date_gmt":"2024-09-30T13:37:05","guid":{"rendered":"https:\/\/botiga.saiga.es\/producte\/rascacor-16cm-combisystem\/"},"modified":"2025-01-09T12:16:53","modified_gmt":"2025-01-09T12:16:53","slug":"rascacor-16cm-combisystem","status":"publish","type":"product","link":"https:\/\/saiga.es\/fr\/produit\/rascacor-16cm-combisystem\/","title":{"rendered":"Grattoir 16cm combisystem"},"content":{"rendered":"<p>Grattoir 16 cm combisystem. L&rsquo;outil de d\u00e9sherbage \u00e0 arc combisystem GARDENA est id\u00e9al pour les travaux de nettoyage et de pr\u00e9paration du sol. Avec un design ergonomique comprenant un support en forme de D et une lame r\u00e9sistante en acier inoxydable de 16 cm de large, il facilite les t\u00e2ches les plus exigeantes. Il peut \u00eatre utilis\u00e9 avec n&rsquo;importe quelle poign\u00e9e combisystem, et GARDENA recommande une poign\u00e9e de 150 cm en fonction de votre taille.   <\/p>\n","protected":false},"excerpt":{"rendered":"<p>Syst\u00e8me combi Scratcher 16 cm. La d\u00e9broussailleuse \u00e0 arc combisystem GARDENA est id\u00e9ale pour les travaux de nettoyage et de pr\u00e9paration du sol. Avec un design ergonomique comprenant un support en forme de D et une lame robuste en acier inoxydable de 16 cm de large, il facilite les t\u00e2ches les plus exigeantes. Il peut \u00eatre utilis\u00e9 avec n&rsquo;importe quelle poign\u00e9e combisystem, et GARDENA recommande une poign\u00e9e de 150 cm en fonction de votre taille.   <\/p>\n","protected":false},"featured_media":12158,"comment_status":"open","ping_status":"closed","template":"","meta":[],"product_brand":[],"product_cat":[1635,452],"product_tag":[],"class_list":{"0":"post-13777","1":"product","2":"type-product","3":"status-publish","4":"has-post-thumbnail","6":"product_cat-autres","7":"product_cat-jardinage-domestique-fr","9":"first","10":"instock","11":"taxable","12":"shipping-taxable","13":"purchasable","14":"product-type-simple"},"yoast_head":"<!-- This site is optimized with the Yoast SEO plugin v27.3 - https:\/\/yoast.com\/product\/yoast-seo-wordpress\/ -->\n<title>Grattoir 16cm combisystem | SAIGA<\/title>\n<meta name=\"description\" content=\"La tranch\u00e9e pont combisystem de GARDENA est id\u00e9ale pour d\u00e9blayer et \u00e9mietter le sol en toute simplicit\u00e9 gr\u00e2ce \u00e0 sa lame robuste en acier inoxydable.\" \/>\n<meta name=\"robots\" content=\"index, follow, max-snippet:-1, max-image-preview:large, max-video-preview:-1\" \/>\n<link rel=\"canonical\" href=\"https:\/\/saiga.es\/fr\/produit\/rascacor-16cm-combisystem\/\" \/>\n<meta property=\"og:locale\" content=\"fr_FR\" \/>\n<meta property=\"og:type\" content=\"article\" \/>\n<meta property=\"og:title\" content=\"Grattoir 16cm combisystem | SAIGA\" \/>\n<meta property=\"og:description\" content=\"La tranch\u00e9e pont combisystem de GARDENA est id\u00e9ale pour d\u00e9blayer et \u00e9mietter le sol en toute simplicit\u00e9 gr\u00e2ce \u00e0 sa lame robuste en acier inoxydable.\" \/>\n<meta property=\"og:url\" content=\"https:\/\/saiga.es\/fr\/produit\/rascacor-16cm-combisystem\/\" \/>\n<meta property=\"og:site_name\" content=\"SAIGA\" \/>\n<meta property=\"article:modified_time\" content=\"2025-01-09T12:16:53+00:00\" \/>\n<meta property=\"og:image\" content=\"https:\/\/saiga.es\/wp-content\/uploads\/2024\/09\/GA410-0130_HighResPng.webp\" \/>\n\t<meta property=\"og:image:width\" content=\"530\" \/>\n\t<meta property=\"og:image:height\" content=\"530\" \/>\n\t<meta property=\"og:image:type\" content=\"image\/webp\" \/>\n<meta name=\"twitter:card\" content=\"summary_large_image\" \/>\n<meta name=\"twitter:site\" content=\"@saiga_agro\" \/>\n<script type=\"application\/ld+json\" class=\"yoast-schema-graph\">{\"@context\":\"https:\\\/\\\/schema.org\",\"@graph\":[{\"@type\":\"WebPage\",\"@id\":\"https:\\\/\\\/saiga.es\\\/fr\\\/produit\\\/rascacor-16cm-combisystem\\\/\",\"url\":\"https:\\\/\\\/saiga.es\\\/fr\\\/produit\\\/rascacor-16cm-combisystem\\\/\",\"name\":\"Grattoir 16cm combisystem | SAIGA\",\"isPartOf\":{\"@id\":\"https:\\\/\\\/saiga.es\\\/fr\\\/#website\"},\"primaryImageOfPage\":{\"@id\":\"https:\\\/\\\/saiga.es\\\/fr\\\/produit\\\/rascacor-16cm-combisystem\\\/#primaryimage\"},\"image\":{\"@id\":\"https:\\\/\\\/saiga.es\\\/fr\\\/produit\\\/rascacor-16cm-combisystem\\\/#primaryimage\"},\"thumbnailUrl\":\"https:\\\/\\\/saiga.es\\\/wp-content\\\/uploads\\\/2024\\\/09\\\/GA410-0130_HighResPng.webp\",\"datePublished\":\"2024-09-30T13:37:05+00:00\",\"dateModified\":\"2025-01-09T12:16:53+00:00\",\"description\":\"La tranch\u00e9e pont combisystem de GARDENA est id\u00e9ale pour d\u00e9blayer et \u00e9mietter le sol en toute simplicit\u00e9 gr\u00e2ce \u00e0 sa lame robuste en acier inoxydable.\",\"breadcrumb\":{\"@id\":\"https:\\\/\\\/saiga.es\\\/fr\\\/produit\\\/rascacor-16cm-combisystem\\\/#breadcrumb\"},\"inLanguage\":\"fr-FR\",\"potentialAction\":[{\"@type\":\"ReadAction\",\"target\":[\"https:\\\/\\\/saiga.es\\\/fr\\\/produit\\\/rascacor-16cm-combisystem\\\/\"]}]},{\"@type\":\"ImageObject\",\"inLanguage\":\"fr-FR\",\"@id\":\"https:\\\/\\\/saiga.es\\\/fr\\\/produit\\\/rascacor-16cm-combisystem\\\/#primaryimage\",\"url\":\"https:\\\/\\\/saiga.es\\\/wp-content\\\/uploads\\\/2024\\\/09\\\/GA410-0130_HighResPng.webp\",\"contentUrl\":\"https:\\\/\\\/saiga.es\\\/wp-content\\\/uploads\\\/2024\\\/09\\\/GA410-0130_HighResPng.webp\",\"width\":530,\"height\":530},{\"@type\":\"BreadcrumbList\",\"@id\":\"https:\\\/\\\/saiga.es\\\/fr\\\/produit\\\/rascacor-16cm-combisystem\\\/#breadcrumb\",\"itemListElement\":[{\"@type\":\"ListItem\",\"position\":1,\"name\":\"Inici\",\"item\":\"https:\\\/\\\/saiga.es\\\/fr\\\/\"},{\"@type\":\"ListItem\",\"position\":2,\"name\":\"boutique\",\"item\":\"https:\\\/\\\/saiga.es\\\/fr\\\/boutique\\\/\"},{\"@type\":\"ListItem\",\"position\":3,\"name\":\"Grattoir 16cm combisystem\"}]},{\"@type\":\"WebSite\",\"@id\":\"https:\\\/\\\/saiga.es\\\/fr\\\/#website\",\"url\":\"https:\\\/\\\/saiga.es\\\/fr\\\/\",\"name\":\"SAIGA\",\"description\":\"M\u00e9s de 50 anys al servei de la terra i treballant per a un \u00fas eficient de l\u2019aigua!\",\"publisher\":{\"@id\":\"https:\\\/\\\/saiga.es\\\/fr\\\/#organization\"},\"potentialAction\":[{\"@type\":\"SearchAction\",\"target\":{\"@type\":\"EntryPoint\",\"urlTemplate\":\"https:\\\/\\\/saiga.es\\\/fr\\\/?s={search_term_string}\"},\"query-input\":{\"@type\":\"PropertyValueSpecification\",\"valueRequired\":true,\"valueName\":\"search_term_string\"}}],\"inLanguage\":\"fr-FR\"},{\"@type\":\"Organization\",\"@id\":\"https:\\\/\\\/saiga.es\\\/fr\\\/#organization\",\"name\":\"SAIGA\",\"url\":\"https:\\\/\\\/saiga.es\\\/fr\\\/\",\"logo\":{\"@type\":\"ImageObject\",\"inLanguage\":\"fr-FR\",\"@id\":\"https:\\\/\\\/saiga.es\\\/fr\\\/#\\\/schema\\\/logo\\\/image\\\/\",\"url\":\"https:\\\/\\\/saiga.es\\\/wp-content\\\/uploads\\\/2025\\\/07\\\/logo_saiga_baseline_optimitzat.svg\",\"contentUrl\":\"https:\\\/\\\/saiga.es\\\/wp-content\\\/uploads\\\/2025\\\/07\\\/logo_saiga_baseline_optimitzat.svg\",\"caption\":\"SAIGA\"},\"image\":{\"@id\":\"https:\\\/\\\/saiga.es\\\/fr\\\/#\\\/schema\\\/logo\\\/image\\\/\"},\"sameAs\":[\"https:\\\/\\\/x.com\\\/saiga_agro\",\"https:\\\/\\\/www.instagram.com\\\/saiga_agro\\\/\"]}]}<\/script>\n<!-- \/ Yoast SEO plugin. -->","yoast_head_json":{"title":"Grattoir 16cm combisystem | SAIGA","description":"La tranch\u00e9e pont combisystem de GARDENA est id\u00e9ale pour d\u00e9blayer et \u00e9mietter le sol en toute simplicit\u00e9 gr\u00e2ce \u00e0 sa lame robuste en acier inoxydable.","robots":{"index":"index","follow":"follow","max-snippet":"max-snippet:-1","max-image-preview":"max-image-preview:large","max-video-preview":"max-video-preview:-1"},"canonical":"https:\/\/saiga.es\/fr\/produit\/rascacor-16cm-combisystem\/","og_locale":"fr_FR","og_type":"article","og_title":"Grattoir 16cm combisystem | SAIGA","og_description":"La tranch\u00e9e pont combisystem de GARDENA est id\u00e9ale pour d\u00e9blayer et \u00e9mietter le sol en toute simplicit\u00e9 gr\u00e2ce \u00e0 sa lame robuste en acier inoxydable.","og_url":"https:\/\/saiga.es\/fr\/produit\/rascacor-16cm-combisystem\/","og_site_name":"SAIGA","article_modified_time":"2025-01-09T12:16:53+00:00","og_image":[{"width":530,"height":530,"url":"https:\/\/saiga.es\/wp-content\/uploads\/2024\/09\/GA410-0130_HighResPng.webp","type":"image\/webp"}],"twitter_card":"summary_large_image","twitter_site":"@saiga_agro","schema":{"@context":"https:\/\/schema.org","@graph":[{"@type":"WebPage","@id":"https:\/\/saiga.es\/fr\/produit\/rascacor-16cm-combisystem\/","url":"https:\/\/saiga.es\/fr\/produit\/rascacor-16cm-combisystem\/","name":"Grattoir 16cm combisystem | SAIGA","isPartOf":{"@id":"https:\/\/saiga.es\/fr\/#website"},"primaryImageOfPage":{"@id":"https:\/\/saiga.es\/fr\/produit\/rascacor-16cm-combisystem\/#primaryimage"},"image":{"@id":"https:\/\/saiga.es\/fr\/produit\/rascacor-16cm-combisystem\/#primaryimage"},"thumbnailUrl":"https:\/\/saiga.es\/wp-content\/uploads\/2024\/09\/GA410-0130_HighResPng.webp","datePublished":"2024-09-30T13:37:05+00:00","dateModified":"2025-01-09T12:16:53+00:00","description":"La tranch\u00e9e pont combisystem de GARDENA est id\u00e9ale pour d\u00e9blayer et \u00e9mietter le sol en toute simplicit\u00e9 gr\u00e2ce \u00e0 sa lame robuste en acier inoxydable.","breadcrumb":{"@id":"https:\/\/saiga.es\/fr\/produit\/rascacor-16cm-combisystem\/#breadcrumb"},"inLanguage":"fr-FR","potentialAction":[{"@type":"ReadAction","target":["https:\/\/saiga.es\/fr\/produit\/rascacor-16cm-combisystem\/"]}]},{"@type":"ImageObject","inLanguage":"fr-FR","@id":"https:\/\/saiga.es\/fr\/produit\/rascacor-16cm-combisystem\/#primaryimage","url":"https:\/\/saiga.es\/wp-content\/uploads\/2024\/09\/GA410-0130_HighResPng.webp","contentUrl":"https:\/\/saiga.es\/wp-content\/uploads\/2024\/09\/GA410-0130_HighResPng.webp","width":530,"height":530},{"@type":"BreadcrumbList","@id":"https:\/\/saiga.es\/fr\/produit\/rascacor-16cm-combisystem\/#breadcrumb","itemListElement":[{"@type":"ListItem","position":1,"name":"Inici","item":"https:\/\/saiga.es\/fr\/"},{"@type":"ListItem","position":2,"name":"boutique","item":"https:\/\/saiga.es\/fr\/boutique\/"},{"@type":"ListItem","position":3,"name":"Grattoir 16cm combisystem"}]},{"@type":"WebSite","@id":"https:\/\/saiga.es\/fr\/#website","url":"https:\/\/saiga.es\/fr\/","name":"SAIGA","description":"M\u00e9s de 50 anys al servei de la terra i treballant per a un \u00fas eficient de l\u2019aigua!","publisher":{"@id":"https:\/\/saiga.es\/fr\/#organization"},"potentialAction":[{"@type":"SearchAction","target":{"@type":"EntryPoint","urlTemplate":"https:\/\/saiga.es\/fr\/?s={search_term_string}"},"query-input":{"@type":"PropertyValueSpecification","valueRequired":true,"valueName":"search_term_string"}}],"inLanguage":"fr-FR"},{"@type":"Organization","@id":"https:\/\/saiga.es\/fr\/#organization","name":"SAIGA","url":"https:\/\/saiga.es\/fr\/","logo":{"@type":"ImageObject","inLanguage":"fr-FR","@id":"https:\/\/saiga.es\/fr\/#\/schema\/logo\/image\/","url":"https:\/\/saiga.es\/wp-content\/uploads\/2025\/07\/logo_saiga_baseline_optimitzat.svg","contentUrl":"https:\/\/saiga.es\/wp-content\/uploads\/2025\/07\/logo_saiga_baseline_optimitzat.svg","caption":"SAIGA"},"image":{"@id":"https:\/\/saiga.es\/fr\/#\/schema\/logo\/image\/"},"sameAs":["https:\/\/x.com\/saiga_agro","https:\/\/www.instagram.com\/saiga_agro\/"]}]}},"_links":{"self":[{"href":"https:\/\/saiga.es\/fr\/wp-json\/wp\/v2\/product\/13777","targetHints":{"allow":["GET"]}}],"collection":[{"href":"https:\/\/saiga.es\/fr\/wp-json\/wp\/v2\/product"}],"about":[{"href":"https:\/\/saiga.es\/fr\/wp-json\/wp\/v2\/types\/product"}],"replies":[{"embeddable":true,"href":"https:\/\/saiga.es\/fr\/wp-json\/wp\/v2\/comments?post=13777"}],"wp:featuredmedia":[{"embeddable":true,"href":"https:\/\/saiga.es\/fr\/wp-json\/wp\/v2\/media\/12158"}],"wp:attachment":[{"href":"https:\/\/saiga.es\/fr\/wp-json\/wp\/v2\/media?parent=13777"}],"wp:term":[{"taxonomy":"product_brand","embeddable":true,"href":"https:\/\/saiga.es\/fr\/wp-json\/wp\/v2\/product_brand?post=13777"},{"taxonomy":"product_cat","embeddable":true,"href":"https:\/\/saiga.es\/fr\/wp-json\/wp\/v2\/product_cat?post=13777"},{"taxonomy":"product_tag","embeddable":true,"href":"https:\/\/saiga.es\/fr\/wp-json\/wp\/v2\/product_tag?post=13777"}],"curies":[{"name":"wp","href":"https:\/\/api.w.org\/{rel}","templated":true}]}}