{"id":13779,"date":"2024-10-07T13:40:10","date_gmt":"2024-10-07T13:40:10","guid":{"rendered":"https:\/\/botiga.saiga.es\/producte\/rateau-36cm-combisystem\/"},"modified":"2024-10-07T13:40:10","modified_gmt":"2024-10-07T13:40:10","slug":"rateau-36cm-combisystem","status":"publish","type":"product","link":"https:\/\/saiga.es\/fr\/produit\/rateau-36cm-combisystem\/","title":{"rendered":"R\u00e2teau 36cm combisystem"},"content":{"rendered":"<p>R\u00e2teau 36 cm combisystem. Le r\u00e2teau support Combisystem GARDENA est un outil polyvalent id\u00e9al pour ratisser, niveler et pr\u00e9parer le sol. Avec une conception comprenant un support en forme de D et une largeur de 36 cm avec 14 dents, il assure un guidage stable m\u00eame dans les t\u00e2ches les plus difficiles. Il est compatible avec tous les manches combisystem, et GARDENA recommande un manche de 150 cm de long selon votre taille pour travailler confortablement.   <\/p>\n","protected":false},"excerpt":{"rendered":"<p>R\u00e2teau 36 cm combisystem. Le r\u00e2teau support Combisystem GARDENA est un outil polyvalent id\u00e9al pour ratisser, niveler et pr\u00e9parer le sol. Avec une conception comprenant un support en forme de D et une largeur de 36 cm avec 14 dents, il assure un guidage stable m\u00eame dans les t\u00e2ches les plus difficiles. Il est compatible avec tous les manches combisystem, et GARDENA recommande un manche de 150 cm de long selon votre taille pour travailler confortablement.   <\/p>\n","protected":false},"featured_media":12291,"comment_status":"open","ping_status":"closed","template":"","meta":[],"product_brand":[],"product_cat":[1635,452],"product_tag":[],"class_list":{"0":"post-13779","1":"product","2":"type-product","3":"status-publish","4":"has-post-thumbnail","6":"product_cat-autres","7":"product_cat-jardinage-domestique-fr","9":"first","10":"instock","11":"taxable","12":"shipping-taxable","13":"purchasable","14":"product-type-simple"},"yoast_head":"<!-- This site is optimized with the Yoast SEO plugin v27.3 - https:\/\/yoast.com\/product\/yoast-seo-wordpress\/ -->\n<title>R\u00e2teau 36cm combisystem | SAIGA<\/title>\n<meta name=\"description\" content=\"Le r\u00e2teau \u00e0 pont GARDENA est un outil multifonctionnel pour ratisser et niveler la terre, dot\u00e9 de 14 dents et d&#039;un support en D qui facilite les travaux difficiles.\" \/>\n<meta name=\"robots\" content=\"index, follow, max-snippet:-1, max-image-preview:large, max-video-preview:-1\" \/>\n<link rel=\"canonical\" href=\"https:\/\/saiga.es\/fr\/produit\/rateau-36cm-combisystem\/\" \/>\n<meta property=\"og:locale\" content=\"fr_FR\" \/>\n<meta property=\"og:type\" content=\"article\" \/>\n<meta property=\"og:title\" content=\"R\u00e2teau 36cm combisystem | SAIGA\" \/>\n<meta property=\"og:description\" content=\"Le r\u00e2teau \u00e0 pont GARDENA est un outil multifonctionnel pour ratisser et niveler la terre, dot\u00e9 de 14 dents et d&#039;un support en D qui facilite les travaux difficiles.\" \/>\n<meta property=\"og:url\" content=\"https:\/\/saiga.es\/fr\/produit\/rateau-36cm-combisystem\/\" \/>\n<meta property=\"og:site_name\" content=\"SAIGA\" \/>\n<meta property=\"og:image\" content=\"https:\/\/saiga.es\/wp-content\/uploads\/2024\/10\/GA410-0108_HighResPng.webp\" \/>\n\t<meta property=\"og:image:width\" content=\"530\" \/>\n\t<meta property=\"og:image:height\" content=\"530\" \/>\n\t<meta property=\"og:image:type\" content=\"image\/webp\" \/>\n<meta name=\"twitter:card\" content=\"summary_large_image\" \/>\n<meta name=\"twitter:site\" content=\"@saiga_agro\" \/>\n<script type=\"application\/ld+json\" class=\"yoast-schema-graph\">{\"@context\":\"https:\\\/\\\/schema.org\",\"@graph\":[{\"@type\":\"WebPage\",\"@id\":\"https:\\\/\\\/saiga.es\\\/fr\\\/produit\\\/rateau-36cm-combisystem\\\/\",\"url\":\"https:\\\/\\\/saiga.es\\\/fr\\\/produit\\\/rateau-36cm-combisystem\\\/\",\"name\":\"R\u00e2teau 36cm combisystem | SAIGA\",\"isPartOf\":{\"@id\":\"https:\\\/\\\/saiga.es\\\/fr\\\/#website\"},\"primaryImageOfPage\":{\"@id\":\"https:\\\/\\\/saiga.es\\\/fr\\\/produit\\\/rateau-36cm-combisystem\\\/#primaryimage\"},\"image\":{\"@id\":\"https:\\\/\\\/saiga.es\\\/fr\\\/produit\\\/rateau-36cm-combisystem\\\/#primaryimage\"},\"thumbnailUrl\":\"https:\\\/\\\/saiga.es\\\/wp-content\\\/uploads\\\/2024\\\/10\\\/GA410-0108_HighResPng.webp\",\"datePublished\":\"2024-10-07T13:40:10+00:00\",\"description\":\"Le r\u00e2teau \u00e0 pont GARDENA est un outil multifonctionnel pour ratisser et niveler la terre, dot\u00e9 de 14 dents et d'un support en D qui facilite les travaux difficiles.\",\"breadcrumb\":{\"@id\":\"https:\\\/\\\/saiga.es\\\/fr\\\/produit\\\/rateau-36cm-combisystem\\\/#breadcrumb\"},\"inLanguage\":\"fr-FR\",\"potentialAction\":[{\"@type\":\"ReadAction\",\"target\":[\"https:\\\/\\\/saiga.es\\\/fr\\\/produit\\\/rateau-36cm-combisystem\\\/\"]}]},{\"@type\":\"ImageObject\",\"inLanguage\":\"fr-FR\",\"@id\":\"https:\\\/\\\/saiga.es\\\/fr\\\/produit\\\/rateau-36cm-combisystem\\\/#primaryimage\",\"url\":\"https:\\\/\\\/saiga.es\\\/wp-content\\\/uploads\\\/2024\\\/10\\\/GA410-0108_HighResPng.webp\",\"contentUrl\":\"https:\\\/\\\/saiga.es\\\/wp-content\\\/uploads\\\/2024\\\/10\\\/GA410-0108_HighResPng.webp\",\"width\":530,\"height\":530,\"caption\":\"Rasclet\"},{\"@type\":\"BreadcrumbList\",\"@id\":\"https:\\\/\\\/saiga.es\\\/fr\\\/produit\\\/rateau-36cm-combisystem\\\/#breadcrumb\",\"itemListElement\":[{\"@type\":\"ListItem\",\"position\":1,\"name\":\"Inici\",\"item\":\"https:\\\/\\\/saiga.es\\\/fr\\\/\"},{\"@type\":\"ListItem\",\"position\":2,\"name\":\"boutique\",\"item\":\"https:\\\/\\\/saiga.es\\\/fr\\\/boutique\\\/\"},{\"@type\":\"ListItem\",\"position\":3,\"name\":\"R\u00e2teau 36cm combisystem\"}]},{\"@type\":\"WebSite\",\"@id\":\"https:\\\/\\\/saiga.es\\\/fr\\\/#website\",\"url\":\"https:\\\/\\\/saiga.es\\\/fr\\\/\",\"name\":\"SAIGA\",\"description\":\"M\u00e9s de 50 anys al servei de la terra i treballant per a un \u00fas eficient de l\u2019aigua!\",\"publisher\":{\"@id\":\"https:\\\/\\\/saiga.es\\\/fr\\\/#organization\"},\"potentialAction\":[{\"@type\":\"SearchAction\",\"target\":{\"@type\":\"EntryPoint\",\"urlTemplate\":\"https:\\\/\\\/saiga.es\\\/fr\\\/?s={search_term_string}\"},\"query-input\":{\"@type\":\"PropertyValueSpecification\",\"valueRequired\":true,\"valueName\":\"search_term_string\"}}],\"inLanguage\":\"fr-FR\"},{\"@type\":\"Organization\",\"@id\":\"https:\\\/\\\/saiga.es\\\/fr\\\/#organization\",\"name\":\"SAIGA\",\"url\":\"https:\\\/\\\/saiga.es\\\/fr\\\/\",\"logo\":{\"@type\":\"ImageObject\",\"inLanguage\":\"fr-FR\",\"@id\":\"https:\\\/\\\/saiga.es\\\/fr\\\/#\\\/schema\\\/logo\\\/image\\\/\",\"url\":\"https:\\\/\\\/saiga.es\\\/wp-content\\\/uploads\\\/2025\\\/07\\\/logo_saiga_baseline_optimitzat.svg\",\"contentUrl\":\"https:\\\/\\\/saiga.es\\\/wp-content\\\/uploads\\\/2025\\\/07\\\/logo_saiga_baseline_optimitzat.svg\",\"caption\":\"SAIGA\"},\"image\":{\"@id\":\"https:\\\/\\\/saiga.es\\\/fr\\\/#\\\/schema\\\/logo\\\/image\\\/\"},\"sameAs\":[\"https:\\\/\\\/x.com\\\/saiga_agro\",\"https:\\\/\\\/www.instagram.com\\\/saiga_agro\\\/\"]}]}<\/script>\n<!-- \/ Yoast SEO plugin. -->","yoast_head_json":{"title":"R\u00e2teau 36cm combisystem | SAIGA","description":"Le r\u00e2teau \u00e0 pont GARDENA est un outil multifonctionnel pour ratisser et niveler la terre, dot\u00e9 de 14 dents et d'un support en D qui facilite les travaux difficiles.","robots":{"index":"index","follow":"follow","max-snippet":"max-snippet:-1","max-image-preview":"max-image-preview:large","max-video-preview":"max-video-preview:-1"},"canonical":"https:\/\/saiga.es\/fr\/produit\/rateau-36cm-combisystem\/","og_locale":"fr_FR","og_type":"article","og_title":"R\u00e2teau 36cm combisystem | SAIGA","og_description":"Le r\u00e2teau \u00e0 pont GARDENA est un outil multifonctionnel pour ratisser et niveler la terre, dot\u00e9 de 14 dents et d'un support en D qui facilite les travaux difficiles.","og_url":"https:\/\/saiga.es\/fr\/produit\/rateau-36cm-combisystem\/","og_site_name":"SAIGA","og_image":[{"width":530,"height":530,"url":"https:\/\/saiga.es\/wp-content\/uploads\/2024\/10\/GA410-0108_HighResPng.webp","type":"image\/webp"}],"twitter_card":"summary_large_image","twitter_site":"@saiga_agro","schema":{"@context":"https:\/\/schema.org","@graph":[{"@type":"WebPage","@id":"https:\/\/saiga.es\/fr\/produit\/rateau-36cm-combisystem\/","url":"https:\/\/saiga.es\/fr\/produit\/rateau-36cm-combisystem\/","name":"R\u00e2teau 36cm combisystem | SAIGA","isPartOf":{"@id":"https:\/\/saiga.es\/fr\/#website"},"primaryImageOfPage":{"@id":"https:\/\/saiga.es\/fr\/produit\/rateau-36cm-combisystem\/#primaryimage"},"image":{"@id":"https:\/\/saiga.es\/fr\/produit\/rateau-36cm-combisystem\/#primaryimage"},"thumbnailUrl":"https:\/\/saiga.es\/wp-content\/uploads\/2024\/10\/GA410-0108_HighResPng.webp","datePublished":"2024-10-07T13:40:10+00:00","description":"Le r\u00e2teau \u00e0 pont GARDENA est un outil multifonctionnel pour ratisser et niveler la terre, dot\u00e9 de 14 dents et d'un support en D qui facilite les travaux difficiles.","breadcrumb":{"@id":"https:\/\/saiga.es\/fr\/produit\/rateau-36cm-combisystem\/#breadcrumb"},"inLanguage":"fr-FR","potentialAction":[{"@type":"ReadAction","target":["https:\/\/saiga.es\/fr\/produit\/rateau-36cm-combisystem\/"]}]},{"@type":"ImageObject","inLanguage":"fr-FR","@id":"https:\/\/saiga.es\/fr\/produit\/rateau-36cm-combisystem\/#primaryimage","url":"https:\/\/saiga.es\/wp-content\/uploads\/2024\/10\/GA410-0108_HighResPng.webp","contentUrl":"https:\/\/saiga.es\/wp-content\/uploads\/2024\/10\/GA410-0108_HighResPng.webp","width":530,"height":530,"caption":"Rasclet"},{"@type":"BreadcrumbList","@id":"https:\/\/saiga.es\/fr\/produit\/rateau-36cm-combisystem\/#breadcrumb","itemListElement":[{"@type":"ListItem","position":1,"name":"Inici","item":"https:\/\/saiga.es\/fr\/"},{"@type":"ListItem","position":2,"name":"boutique","item":"https:\/\/saiga.es\/fr\/boutique\/"},{"@type":"ListItem","position":3,"name":"R\u00e2teau 36cm combisystem"}]},{"@type":"WebSite","@id":"https:\/\/saiga.es\/fr\/#website","url":"https:\/\/saiga.es\/fr\/","name":"SAIGA","description":"M\u00e9s de 50 anys al servei de la terra i treballant per a un \u00fas eficient de l\u2019aigua!","publisher":{"@id":"https:\/\/saiga.es\/fr\/#organization"},"potentialAction":[{"@type":"SearchAction","target":{"@type":"EntryPoint","urlTemplate":"https:\/\/saiga.es\/fr\/?s={search_term_string}"},"query-input":{"@type":"PropertyValueSpecification","valueRequired":true,"valueName":"search_term_string"}}],"inLanguage":"fr-FR"},{"@type":"Organization","@id":"https:\/\/saiga.es\/fr\/#organization","name":"SAIGA","url":"https:\/\/saiga.es\/fr\/","logo":{"@type":"ImageObject","inLanguage":"fr-FR","@id":"https:\/\/saiga.es\/fr\/#\/schema\/logo\/image\/","url":"https:\/\/saiga.es\/wp-content\/uploads\/2025\/07\/logo_saiga_baseline_optimitzat.svg","contentUrl":"https:\/\/saiga.es\/wp-content\/uploads\/2025\/07\/logo_saiga_baseline_optimitzat.svg","caption":"SAIGA"},"image":{"@id":"https:\/\/saiga.es\/fr\/#\/schema\/logo\/image\/"},"sameAs":["https:\/\/x.com\/saiga_agro","https:\/\/www.instagram.com\/saiga_agro\/"]}]}},"_links":{"self":[{"href":"https:\/\/saiga.es\/fr\/wp-json\/wp\/v2\/product\/13779","targetHints":{"allow":["GET"]}}],"collection":[{"href":"https:\/\/saiga.es\/fr\/wp-json\/wp\/v2\/product"}],"about":[{"href":"https:\/\/saiga.es\/fr\/wp-json\/wp\/v2\/types\/product"}],"replies":[{"embeddable":true,"href":"https:\/\/saiga.es\/fr\/wp-json\/wp\/v2\/comments?post=13779"}],"wp:featuredmedia":[{"embeddable":true,"href":"https:\/\/saiga.es\/fr\/wp-json\/wp\/v2\/media\/12291"}],"wp:attachment":[{"href":"https:\/\/saiga.es\/fr\/wp-json\/wp\/v2\/media?parent=13779"}],"wp:term":[{"taxonomy":"product_brand","embeddable":true,"href":"https:\/\/saiga.es\/fr\/wp-json\/wp\/v2\/product_brand?post=13779"},{"taxonomy":"product_cat","embeddable":true,"href":"https:\/\/saiga.es\/fr\/wp-json\/wp\/v2\/product_cat?post=13779"},{"taxonomy":"product_tag","embeddable":true,"href":"https:\/\/saiga.es\/fr\/wp-json\/wp\/v2\/product_tag?post=13779"}],"curies":[{"name":"wp","href":"https:\/\/api.w.org\/{rel}","templated":true}]}}