{"id":13781,"date":"2024-10-01T14:16:48","date_gmt":"2024-10-01T14:16:48","guid":{"rendered":"https:\/\/botiga.saiga.es\/producte\/rateau-41cm-comisystem\/"},"modified":"2024-10-01T14:16:48","modified_gmt":"2024-10-01T14:16:48","slug":"rateau-41cm-comisystem","status":"publish","type":"product","link":"https:\/\/saiga.es\/fr\/produit\/rateau-41cm-comisystem\/","title":{"rendered":"R\u00e2teau 41cm comisystem"},"content":{"rendered":"<p>R\u00e2teau 41 cm comisystem Le r\u00e2teau combisystem GARDENA est un r\u00e2teau polyvalent pratique, id\u00e9al pour balayer, niveler ou travailler le sol. Le combisystem GARDENA permet une utilisation flexible gr\u00e2ce \u00e0 des accessoires interchangeables. Le r\u00e2teau est compatible avec toutes les poign\u00e9es du syst\u00e8me combin\u00e9 GARDENA et peut \u00eatre facilement assembl\u00e9 et fix\u00e9. GARDENA recommande un manche de 150 cm de long, en fonction des conditions de travail et de la taille de la personne. La connexion s\u00e9curis\u00e9e entre le r\u00e2teau et le manche garantit un travail confortable \u00e0 tout moment. Avec 16 dents et une largeur de travail de 41 cm, le r\u00e2teau est fabriqu\u00e9 en acier de haute qualit\u00e9 et poss\u00e8de un rev\u00eatement Duroplast pour offrir protection contre la corrosion et durabilit\u00e9. Laissez votre collection d\u2019outils s\u2019agrandir. Syst\u00e8me combin\u00e9 GARDENA. interchangeable durable Pour toute t\u00e2che de jardinage.<\/p>\n","protected":false},"excerpt":{"rendered":"<p>R\u00e2teau 41 cm comisystem Le r\u00e2teau combisystem GARDENA est un r\u00e2teau polyvalent pratique, id\u00e9al pour balayer, niveler ou travailler le sol. Le combisystem GARDENA permet une utilisation flexible gr\u00e2ce \u00e0 des accessoires interchangeables. Le r\u00e2teau est compatible avec toutes les poign\u00e9es du syst\u00e8me combin\u00e9 GARDENA et peut \u00eatre facilement assembl\u00e9 et fix\u00e9. GARDENA recommande un manche de 150 cm de long, en fonction des conditions de travail et de la taille de la personne. La connexion s\u00e9curis\u00e9e entre le r\u00e2teau et le manche garantit un travail confortable \u00e0 tout moment. Avec 16 dents et une largeur de travail de 41 cm, le r\u00e2teau est fabriqu\u00e9 en acier de haute qualit\u00e9 et poss\u00e8de un rev\u00eatement Duroplast pour offrir protection contre la corrosion et durabilit\u00e9. Laissez votre collection d\u2019outils s\u2019agrandir. Syst\u00e8me combin\u00e9 GARDENA. interchangeable durable Pour toute t\u00e2che de jardinage.<\/p>\n","protected":false},"featured_media":12201,"comment_status":"open","ping_status":"closed","template":"","meta":[],"product_brand":[],"product_cat":[1635],"product_tag":[],"class_list":{"0":"post-13781","1":"product","2":"type-product","3":"status-publish","4":"has-post-thumbnail","6":"product_cat-autres","8":"first","9":"instock","10":"taxable","11":"shipping-taxable","12":"purchasable","13":"product-type-simple"},"yoast_head":"<!-- This site is optimized with the Yoast SEO plugin v27.3 - https:\/\/yoast.com\/product\/yoast-seo-wordpress\/ -->\n<title>R\u00e2teau 41cm comisystem | SAIGA<\/title>\n<meta name=\"description\" content=\"Le r\u00e2teau combisystem GARDENA est id\u00e9al pour balayer, lisser et travailler le sol en toute flexibilit\u00e9 gr\u00e2ce \u00e0 ses accessoires interchangeables.\" \/>\n<meta name=\"robots\" content=\"index, follow, max-snippet:-1, max-image-preview:large, max-video-preview:-1\" \/>\n<link rel=\"canonical\" href=\"https:\/\/saiga.es\/fr\/produit\/rateau-41cm-comisystem\/\" \/>\n<meta property=\"og:locale\" content=\"fr_FR\" \/>\n<meta property=\"og:type\" content=\"article\" \/>\n<meta property=\"og:title\" content=\"R\u00e2teau 41cm comisystem | SAIGA\" \/>\n<meta property=\"og:description\" content=\"Le r\u00e2teau combisystem GARDENA est id\u00e9al pour balayer, lisser et travailler le sol en toute flexibilit\u00e9 gr\u00e2ce \u00e0 ses accessoires interchangeables.\" \/>\n<meta property=\"og:url\" content=\"https:\/\/saiga.es\/fr\/produit\/rateau-41cm-comisystem\/\" \/>\n<meta property=\"og:site_name\" content=\"SAIGA\" \/>\n<meta property=\"og:image\" content=\"https:\/\/saiga.es\/wp-content\/uploads\/2024\/10\/GA410-0120_HighResPng.webp\" \/>\n\t<meta property=\"og:image:width\" content=\"530\" \/>\n\t<meta property=\"og:image:height\" content=\"530\" \/>\n\t<meta property=\"og:image:type\" content=\"image\/webp\" \/>\n<meta name=\"twitter:card\" content=\"summary_large_image\" \/>\n<meta name=\"twitter:site\" content=\"@saiga_agro\" \/>\n<meta name=\"twitter:label1\" content=\"Dur\u00e9e de lecture estim\u00e9e\" \/>\n\t<meta name=\"twitter:data1\" content=\"1 minute\" \/>\n<script type=\"application\/ld+json\" class=\"yoast-schema-graph\">{\"@context\":\"https:\\\/\\\/schema.org\",\"@graph\":[{\"@type\":\"WebPage\",\"@id\":\"https:\\\/\\\/saiga.es\\\/fr\\\/produit\\\/rateau-41cm-comisystem\\\/\",\"url\":\"https:\\\/\\\/saiga.es\\\/fr\\\/produit\\\/rateau-41cm-comisystem\\\/\",\"name\":\"R\u00e2teau 41cm comisystem | SAIGA\",\"isPartOf\":{\"@id\":\"https:\\\/\\\/saiga.es\\\/fr\\\/#website\"},\"primaryImageOfPage\":{\"@id\":\"https:\\\/\\\/saiga.es\\\/fr\\\/produit\\\/rateau-41cm-comisystem\\\/#primaryimage\"},\"image\":{\"@id\":\"https:\\\/\\\/saiga.es\\\/fr\\\/produit\\\/rateau-41cm-comisystem\\\/#primaryimage\"},\"thumbnailUrl\":\"https:\\\/\\\/saiga.es\\\/wp-content\\\/uploads\\\/2024\\\/10\\\/GA410-0120_HighResPng.webp\",\"datePublished\":\"2024-10-01T14:16:48+00:00\",\"description\":\"Le r\u00e2teau combisystem GARDENA est id\u00e9al pour balayer, lisser et travailler le sol en toute flexibilit\u00e9 gr\u00e2ce \u00e0 ses accessoires interchangeables.\",\"breadcrumb\":{\"@id\":\"https:\\\/\\\/saiga.es\\\/fr\\\/produit\\\/rateau-41cm-comisystem\\\/#breadcrumb\"},\"inLanguage\":\"fr-FR\",\"potentialAction\":[{\"@type\":\"ReadAction\",\"target\":[\"https:\\\/\\\/saiga.es\\\/fr\\\/produit\\\/rateau-41cm-comisystem\\\/\"]}]},{\"@type\":\"ImageObject\",\"inLanguage\":\"fr-FR\",\"@id\":\"https:\\\/\\\/saiga.es\\\/fr\\\/produit\\\/rateau-41cm-comisystem\\\/#primaryimage\",\"url\":\"https:\\\/\\\/saiga.es\\\/wp-content\\\/uploads\\\/2024\\\/10\\\/GA410-0120_HighResPng.webp\",\"contentUrl\":\"https:\\\/\\\/saiga.es\\\/wp-content\\\/uploads\\\/2024\\\/10\\\/GA410-0120_HighResPng.webp\",\"width\":530,\"height\":530},{\"@type\":\"BreadcrumbList\",\"@id\":\"https:\\\/\\\/saiga.es\\\/fr\\\/produit\\\/rateau-41cm-comisystem\\\/#breadcrumb\",\"itemListElement\":[{\"@type\":\"ListItem\",\"position\":1,\"name\":\"Inici\",\"item\":\"https:\\\/\\\/saiga.es\\\/fr\\\/\"},{\"@type\":\"ListItem\",\"position\":2,\"name\":\"boutique\",\"item\":\"https:\\\/\\\/saiga.es\\\/fr\\\/boutique\\\/\"},{\"@type\":\"ListItem\",\"position\":3,\"name\":\"R\u00e2teau 41cm comisystem\"}]},{\"@type\":\"WebSite\",\"@id\":\"https:\\\/\\\/saiga.es\\\/fr\\\/#website\",\"url\":\"https:\\\/\\\/saiga.es\\\/fr\\\/\",\"name\":\"SAIGA\",\"description\":\"M\u00e9s de 50 anys al servei de la terra i treballant per a un \u00fas eficient de l\u2019aigua!\",\"publisher\":{\"@id\":\"https:\\\/\\\/saiga.es\\\/fr\\\/#organization\"},\"potentialAction\":[{\"@type\":\"SearchAction\",\"target\":{\"@type\":\"EntryPoint\",\"urlTemplate\":\"https:\\\/\\\/saiga.es\\\/fr\\\/?s={search_term_string}\"},\"query-input\":{\"@type\":\"PropertyValueSpecification\",\"valueRequired\":true,\"valueName\":\"search_term_string\"}}],\"inLanguage\":\"fr-FR\"},{\"@type\":\"Organization\",\"@id\":\"https:\\\/\\\/saiga.es\\\/fr\\\/#organization\",\"name\":\"SAIGA\",\"url\":\"https:\\\/\\\/saiga.es\\\/fr\\\/\",\"logo\":{\"@type\":\"ImageObject\",\"inLanguage\":\"fr-FR\",\"@id\":\"https:\\\/\\\/saiga.es\\\/fr\\\/#\\\/schema\\\/logo\\\/image\\\/\",\"url\":\"https:\\\/\\\/saiga.es\\\/wp-content\\\/uploads\\\/2025\\\/07\\\/logo_saiga_baseline_optimitzat.svg\",\"contentUrl\":\"https:\\\/\\\/saiga.es\\\/wp-content\\\/uploads\\\/2025\\\/07\\\/logo_saiga_baseline_optimitzat.svg\",\"caption\":\"SAIGA\"},\"image\":{\"@id\":\"https:\\\/\\\/saiga.es\\\/fr\\\/#\\\/schema\\\/logo\\\/image\\\/\"},\"sameAs\":[\"https:\\\/\\\/x.com\\\/saiga_agro\",\"https:\\\/\\\/www.instagram.com\\\/saiga_agro\\\/\"]}]}<\/script>\n<!-- \/ Yoast SEO plugin. -->","yoast_head_json":{"title":"R\u00e2teau 41cm comisystem | SAIGA","description":"Le r\u00e2teau combisystem GARDENA est id\u00e9al pour balayer, lisser et travailler le sol en toute flexibilit\u00e9 gr\u00e2ce \u00e0 ses accessoires interchangeables.","robots":{"index":"index","follow":"follow","max-snippet":"max-snippet:-1","max-image-preview":"max-image-preview:large","max-video-preview":"max-video-preview:-1"},"canonical":"https:\/\/saiga.es\/fr\/produit\/rateau-41cm-comisystem\/","og_locale":"fr_FR","og_type":"article","og_title":"R\u00e2teau 41cm comisystem | SAIGA","og_description":"Le r\u00e2teau combisystem GARDENA est id\u00e9al pour balayer, lisser et travailler le sol en toute flexibilit\u00e9 gr\u00e2ce \u00e0 ses accessoires interchangeables.","og_url":"https:\/\/saiga.es\/fr\/produit\/rateau-41cm-comisystem\/","og_site_name":"SAIGA","og_image":[{"width":530,"height":530,"url":"https:\/\/saiga.es\/wp-content\/uploads\/2024\/10\/GA410-0120_HighResPng.webp","type":"image\/webp"}],"twitter_card":"summary_large_image","twitter_site":"@saiga_agro","twitter_misc":{"Dur\u00e9e de lecture estim\u00e9e":"1 minute"},"schema":{"@context":"https:\/\/schema.org","@graph":[{"@type":"WebPage","@id":"https:\/\/saiga.es\/fr\/produit\/rateau-41cm-comisystem\/","url":"https:\/\/saiga.es\/fr\/produit\/rateau-41cm-comisystem\/","name":"R\u00e2teau 41cm comisystem | SAIGA","isPartOf":{"@id":"https:\/\/saiga.es\/fr\/#website"},"primaryImageOfPage":{"@id":"https:\/\/saiga.es\/fr\/produit\/rateau-41cm-comisystem\/#primaryimage"},"image":{"@id":"https:\/\/saiga.es\/fr\/produit\/rateau-41cm-comisystem\/#primaryimage"},"thumbnailUrl":"https:\/\/saiga.es\/wp-content\/uploads\/2024\/10\/GA410-0120_HighResPng.webp","datePublished":"2024-10-01T14:16:48+00:00","description":"Le r\u00e2teau combisystem GARDENA est id\u00e9al pour balayer, lisser et travailler le sol en toute flexibilit\u00e9 gr\u00e2ce \u00e0 ses accessoires interchangeables.","breadcrumb":{"@id":"https:\/\/saiga.es\/fr\/produit\/rateau-41cm-comisystem\/#breadcrumb"},"inLanguage":"fr-FR","potentialAction":[{"@type":"ReadAction","target":["https:\/\/saiga.es\/fr\/produit\/rateau-41cm-comisystem\/"]}]},{"@type":"ImageObject","inLanguage":"fr-FR","@id":"https:\/\/saiga.es\/fr\/produit\/rateau-41cm-comisystem\/#primaryimage","url":"https:\/\/saiga.es\/wp-content\/uploads\/2024\/10\/GA410-0120_HighResPng.webp","contentUrl":"https:\/\/saiga.es\/wp-content\/uploads\/2024\/10\/GA410-0120_HighResPng.webp","width":530,"height":530},{"@type":"BreadcrumbList","@id":"https:\/\/saiga.es\/fr\/produit\/rateau-41cm-comisystem\/#breadcrumb","itemListElement":[{"@type":"ListItem","position":1,"name":"Inici","item":"https:\/\/saiga.es\/fr\/"},{"@type":"ListItem","position":2,"name":"boutique","item":"https:\/\/saiga.es\/fr\/boutique\/"},{"@type":"ListItem","position":3,"name":"R\u00e2teau 41cm comisystem"}]},{"@type":"WebSite","@id":"https:\/\/saiga.es\/fr\/#website","url":"https:\/\/saiga.es\/fr\/","name":"SAIGA","description":"M\u00e9s de 50 anys al servei de la terra i treballant per a un \u00fas eficient de l\u2019aigua!","publisher":{"@id":"https:\/\/saiga.es\/fr\/#organization"},"potentialAction":[{"@type":"SearchAction","target":{"@type":"EntryPoint","urlTemplate":"https:\/\/saiga.es\/fr\/?s={search_term_string}"},"query-input":{"@type":"PropertyValueSpecification","valueRequired":true,"valueName":"search_term_string"}}],"inLanguage":"fr-FR"},{"@type":"Organization","@id":"https:\/\/saiga.es\/fr\/#organization","name":"SAIGA","url":"https:\/\/saiga.es\/fr\/","logo":{"@type":"ImageObject","inLanguage":"fr-FR","@id":"https:\/\/saiga.es\/fr\/#\/schema\/logo\/image\/","url":"https:\/\/saiga.es\/wp-content\/uploads\/2025\/07\/logo_saiga_baseline_optimitzat.svg","contentUrl":"https:\/\/saiga.es\/wp-content\/uploads\/2025\/07\/logo_saiga_baseline_optimitzat.svg","caption":"SAIGA"},"image":{"@id":"https:\/\/saiga.es\/fr\/#\/schema\/logo\/image\/"},"sameAs":["https:\/\/x.com\/saiga_agro","https:\/\/www.instagram.com\/saiga_agro\/"]}]}},"_links":{"self":[{"href":"https:\/\/saiga.es\/fr\/wp-json\/wp\/v2\/product\/13781","targetHints":{"allow":["GET"]}}],"collection":[{"href":"https:\/\/saiga.es\/fr\/wp-json\/wp\/v2\/product"}],"about":[{"href":"https:\/\/saiga.es\/fr\/wp-json\/wp\/v2\/types\/product"}],"replies":[{"embeddable":true,"href":"https:\/\/saiga.es\/fr\/wp-json\/wp\/v2\/comments?post=13781"}],"wp:featuredmedia":[{"embeddable":true,"href":"https:\/\/saiga.es\/fr\/wp-json\/wp\/v2\/media\/12201"}],"wp:attachment":[{"href":"https:\/\/saiga.es\/fr\/wp-json\/wp\/v2\/media?parent=13781"}],"wp:term":[{"taxonomy":"product_brand","embeddable":true,"href":"https:\/\/saiga.es\/fr\/wp-json\/wp\/v2\/product_brand?post=13781"},{"taxonomy":"product_cat","embeddable":true,"href":"https:\/\/saiga.es\/fr\/wp-json\/wp\/v2\/product_cat?post=13781"},{"taxonomy":"product_tag","embeddable":true,"href":"https:\/\/saiga.es\/fr\/wp-json\/wp\/v2\/product_tag?post=13781"}],"curies":[{"name":"wp","href":"https:\/\/api.w.org\/{rel}","templated":true}]}}