{"id":13783,"date":"2024-10-03T08:53:25","date_gmt":"2024-10-03T08:53:25","guid":{"rendered":"https:\/\/botiga.saiga.es\/producte\/couteau-multifonction-bahco\/"},"modified":"2024-10-03T08:53:25","modified_gmt":"2024-10-03T08:53:25","slug":"couteau-multifonction-bahco","status":"publish","type":"product","link":"https:\/\/saiga.es\/fr\/produit\/couteau-multifonction-bahco\/","title":{"rendered":"Couteau multifonction Bahco"},"content":{"rendered":"<p>Le couteau utilitaire Bahco 2446 est un outil robuste et polyvalent, id\u00e9al pour de multiples usages. Il est dot\u00e9 d&rsquo;une poign\u00e9e bi-composant confortable, qui offre une excellente prise en main pour une utilisation s\u00fbre et efficace. La lame de 100 mm de long, en acier inoxydable r\u00e9sistant, garantit durabilit\u00e9 et pr\u00e9cision \u00e0 chaque coupe. D&rsquo;une longueur totale de 220 mm, ce couteau offre un \u00e9quilibre parfait entre taille et maniabilit\u00e9. Un \u00e9tui pratique avec double bouton est inclus pour le porter confortablement \u00e0 la ceinture, garantissant un acc\u00e8s rapide et s\u00fbr pendant l&rsquo;utilisation.    <\/p>\n","protected":false},"excerpt":{"rendered":"<p>Le couteau tout usage Bahco 2446 est un outil robuste et polyvalent, id\u00e9al pour de multiples usages.<\/p>\n","protected":false},"featured_media":12207,"comment_status":"closed","ping_status":"closed","template":"","meta":[],"product_brand":[],"product_cat":[1794,437,433],"product_tag":[1793,1791,1792],"class_list":{"0":"post-13783","1":"product","2":"type-product","3":"status-publish","4":"has-post-thumbnail","6":"product_cat-bahco-fr","7":"product_cat-scies","8":"product_cat-secateurs","9":"product_tag-bhco-fr","10":"product_tag-couteau","11":"product_tag-couteau-multifonction","13":"first","14":"instock","15":"taxable","16":"shipping-taxable","17":"purchasable","18":"product-type-simple"},"yoast_head":"<!-- This site is optimized with the Yoast SEO plugin v27.4 - https:\/\/yoast.com\/product\/yoast-seo-wordpress\/ -->\n<title>Couteau multifonction Bahco | SAIGA<\/title>\n<meta name=\"description\" content=\"Le couteau utilitaire Bahco 2446 est un outil robuste et polyvalent, id\u00e9al pour de multiples usages.\" \/>\n<meta name=\"robots\" content=\"index, follow, max-snippet:-1, max-image-preview:large, max-video-preview:-1\" \/>\n<link rel=\"canonical\" href=\"https:\/\/saiga.es\/fr\/produit\/couteau-multifonction-bahco\/\" \/>\n<meta property=\"og:locale\" content=\"fr_FR\" \/>\n<meta property=\"og:type\" content=\"article\" \/>\n<meta property=\"og:title\" content=\"Couteau multifonction Bahco | SAIGA\" \/>\n<meta property=\"og:description\" content=\"Le couteau utilitaire Bahco 2446 est un outil robuste et polyvalent, id\u00e9al pour de multiples usages.\" \/>\n<meta property=\"og:url\" content=\"https:\/\/saiga.es\/fr\/produit\/couteau-multifonction-bahco\/\" \/>\n<meta property=\"og:site_name\" content=\"SAIGA\" \/>\n<meta property=\"og:image\" content=\"https:\/\/saiga.es\/wp-content\/uploads\/2024\/10\/ganivet-multifuncio.jpg\" \/>\n\t<meta property=\"og:image:width\" content=\"1080\" \/>\n\t<meta property=\"og:image:height\" content=\"1080\" \/>\n\t<meta property=\"og:image:type\" content=\"image\/jpeg\" \/>\n<meta name=\"twitter:card\" content=\"summary_large_image\" \/>\n<meta name=\"twitter:site\" content=\"@saiga_agro\" \/>\n<script type=\"application\/ld+json\" class=\"yoast-schema-graph\">{\"@context\":\"https:\\\/\\\/schema.org\",\"@graph\":[{\"@type\":\"WebPage\",\"@id\":\"https:\\\/\\\/saiga.es\\\/fr\\\/produit\\\/couteau-multifonction-bahco\\\/\",\"url\":\"https:\\\/\\\/saiga.es\\\/fr\\\/produit\\\/couteau-multifonction-bahco\\\/\",\"name\":\"Couteau multifonction Bahco | SAIGA\",\"isPartOf\":{\"@id\":\"https:\\\/\\\/saiga.es\\\/fr\\\/#website\"},\"primaryImageOfPage\":{\"@id\":\"https:\\\/\\\/saiga.es\\\/fr\\\/produit\\\/couteau-multifonction-bahco\\\/#primaryimage\"},\"image\":{\"@id\":\"https:\\\/\\\/saiga.es\\\/fr\\\/produit\\\/couteau-multifonction-bahco\\\/#primaryimage\"},\"thumbnailUrl\":\"https:\\\/\\\/saiga.es\\\/wp-content\\\/uploads\\\/2024\\\/10\\\/ganivet-multifuncio.jpg\",\"datePublished\":\"2024-10-03T08:53:25+00:00\",\"description\":\"Le couteau utilitaire Bahco 2446 est un outil robuste et polyvalent, id\u00e9al pour de multiples usages.\",\"breadcrumb\":{\"@id\":\"https:\\\/\\\/saiga.es\\\/fr\\\/produit\\\/couteau-multifonction-bahco\\\/#breadcrumb\"},\"inLanguage\":\"fr-FR\",\"potentialAction\":[{\"@type\":\"ReadAction\",\"target\":[\"https:\\\/\\\/saiga.es\\\/fr\\\/produit\\\/couteau-multifonction-bahco\\\/\"]}]},{\"@type\":\"ImageObject\",\"inLanguage\":\"fr-FR\",\"@id\":\"https:\\\/\\\/saiga.es\\\/fr\\\/produit\\\/couteau-multifonction-bahco\\\/#primaryimage\",\"url\":\"https:\\\/\\\/saiga.es\\\/wp-content\\\/uploads\\\/2024\\\/10\\\/ganivet-multifuncio.jpg\",\"contentUrl\":\"https:\\\/\\\/saiga.es\\\/wp-content\\\/uploads\\\/2024\\\/10\\\/ganivet-multifuncio.jpg\",\"width\":1080,\"height\":1080,\"caption\":\"Couteau multifonction Bahco\"},{\"@type\":\"BreadcrumbList\",\"@id\":\"https:\\\/\\\/saiga.es\\\/fr\\\/produit\\\/couteau-multifonction-bahco\\\/#breadcrumb\",\"itemListElement\":[{\"@type\":\"ListItem\",\"position\":1,\"name\":\"Inici\",\"item\":\"https:\\\/\\\/saiga.es\\\/fr\\\/\"},{\"@type\":\"ListItem\",\"position\":2,\"name\":\"boutique\",\"item\":\"https:\\\/\\\/saiga.es\\\/fr\\\/boutique\\\/\"},{\"@type\":\"ListItem\",\"position\":3,\"name\":\"Couteau multifonction Bahco\"}]},{\"@type\":\"WebSite\",\"@id\":\"https:\\\/\\\/saiga.es\\\/fr\\\/#website\",\"url\":\"https:\\\/\\\/saiga.es\\\/fr\\\/\",\"name\":\"SAIGA\",\"description\":\"M\u00e9s de 50 anys al servei de la terra i treballant per a un \u00fas eficient de l\u2019aigua!\",\"publisher\":{\"@id\":\"https:\\\/\\\/saiga.es\\\/fr\\\/#organization\"},\"potentialAction\":[{\"@type\":\"SearchAction\",\"target\":{\"@type\":\"EntryPoint\",\"urlTemplate\":\"https:\\\/\\\/saiga.es\\\/fr\\\/?s={search_term_string}\"},\"query-input\":{\"@type\":\"PropertyValueSpecification\",\"valueRequired\":true,\"valueName\":\"search_term_string\"}}],\"inLanguage\":\"fr-FR\"},{\"@type\":\"Organization\",\"@id\":\"https:\\\/\\\/saiga.es\\\/fr\\\/#organization\",\"name\":\"SAIGA\",\"url\":\"https:\\\/\\\/saiga.es\\\/fr\\\/\",\"logo\":{\"@type\":\"ImageObject\",\"inLanguage\":\"fr-FR\",\"@id\":\"https:\\\/\\\/saiga.es\\\/fr\\\/#\\\/schema\\\/logo\\\/image\\\/\",\"url\":\"https:\\\/\\\/saiga.es\\\/wp-content\\\/uploads\\\/2025\\\/07\\\/logo_saiga_baseline_optimitzat.svg\",\"contentUrl\":\"https:\\\/\\\/saiga.es\\\/wp-content\\\/uploads\\\/2025\\\/07\\\/logo_saiga_baseline_optimitzat.svg\",\"caption\":\"SAIGA\"},\"image\":{\"@id\":\"https:\\\/\\\/saiga.es\\\/fr\\\/#\\\/schema\\\/logo\\\/image\\\/\"},\"sameAs\":[\"https:\\\/\\\/x.com\\\/saiga_agro\",\"https:\\\/\\\/www.instagram.com\\\/saiga_agro\\\/\"]}]}<\/script>\n<!-- \/ Yoast SEO plugin. -->","yoast_head_json":{"title":"Couteau multifonction Bahco | SAIGA","description":"Le couteau utilitaire Bahco 2446 est un outil robuste et polyvalent, id\u00e9al pour de multiples usages.","robots":{"index":"index","follow":"follow","max-snippet":"max-snippet:-1","max-image-preview":"max-image-preview:large","max-video-preview":"max-video-preview:-1"},"canonical":"https:\/\/saiga.es\/fr\/produit\/couteau-multifonction-bahco\/","og_locale":"fr_FR","og_type":"article","og_title":"Couteau multifonction Bahco | SAIGA","og_description":"Le couteau utilitaire Bahco 2446 est un outil robuste et polyvalent, id\u00e9al pour de multiples usages.","og_url":"https:\/\/saiga.es\/fr\/produit\/couteau-multifonction-bahco\/","og_site_name":"SAIGA","og_image":[{"width":1080,"height":1080,"url":"https:\/\/saiga.es\/wp-content\/uploads\/2024\/10\/ganivet-multifuncio.jpg","type":"image\/jpeg"}],"twitter_card":"summary_large_image","twitter_site":"@saiga_agro","schema":{"@context":"https:\/\/schema.org","@graph":[{"@type":"WebPage","@id":"https:\/\/saiga.es\/fr\/produit\/couteau-multifonction-bahco\/","url":"https:\/\/saiga.es\/fr\/produit\/couteau-multifonction-bahco\/","name":"Couteau multifonction Bahco | SAIGA","isPartOf":{"@id":"https:\/\/saiga.es\/fr\/#website"},"primaryImageOfPage":{"@id":"https:\/\/saiga.es\/fr\/produit\/couteau-multifonction-bahco\/#primaryimage"},"image":{"@id":"https:\/\/saiga.es\/fr\/produit\/couteau-multifonction-bahco\/#primaryimage"},"thumbnailUrl":"https:\/\/saiga.es\/wp-content\/uploads\/2024\/10\/ganivet-multifuncio.jpg","datePublished":"2024-10-03T08:53:25+00:00","description":"Le couteau utilitaire Bahco 2446 est un outil robuste et polyvalent, id\u00e9al pour de multiples usages.","breadcrumb":{"@id":"https:\/\/saiga.es\/fr\/produit\/couteau-multifonction-bahco\/#breadcrumb"},"inLanguage":"fr-FR","potentialAction":[{"@type":"ReadAction","target":["https:\/\/saiga.es\/fr\/produit\/couteau-multifonction-bahco\/"]}]},{"@type":"ImageObject","inLanguage":"fr-FR","@id":"https:\/\/saiga.es\/fr\/produit\/couteau-multifonction-bahco\/#primaryimage","url":"https:\/\/saiga.es\/wp-content\/uploads\/2024\/10\/ganivet-multifuncio.jpg","contentUrl":"https:\/\/saiga.es\/wp-content\/uploads\/2024\/10\/ganivet-multifuncio.jpg","width":1080,"height":1080,"caption":"Couteau multifonction Bahco"},{"@type":"BreadcrumbList","@id":"https:\/\/saiga.es\/fr\/produit\/couteau-multifonction-bahco\/#breadcrumb","itemListElement":[{"@type":"ListItem","position":1,"name":"Inici","item":"https:\/\/saiga.es\/fr\/"},{"@type":"ListItem","position":2,"name":"boutique","item":"https:\/\/saiga.es\/fr\/boutique\/"},{"@type":"ListItem","position":3,"name":"Couteau multifonction Bahco"}]},{"@type":"WebSite","@id":"https:\/\/saiga.es\/fr\/#website","url":"https:\/\/saiga.es\/fr\/","name":"SAIGA","description":"M\u00e9s de 50 anys al servei de la terra i treballant per a un \u00fas eficient de l\u2019aigua!","publisher":{"@id":"https:\/\/saiga.es\/fr\/#organization"},"potentialAction":[{"@type":"SearchAction","target":{"@type":"EntryPoint","urlTemplate":"https:\/\/saiga.es\/fr\/?s={search_term_string}"},"query-input":{"@type":"PropertyValueSpecification","valueRequired":true,"valueName":"search_term_string"}}],"inLanguage":"fr-FR"},{"@type":"Organization","@id":"https:\/\/saiga.es\/fr\/#organization","name":"SAIGA","url":"https:\/\/saiga.es\/fr\/","logo":{"@type":"ImageObject","inLanguage":"fr-FR","@id":"https:\/\/saiga.es\/fr\/#\/schema\/logo\/image\/","url":"https:\/\/saiga.es\/wp-content\/uploads\/2025\/07\/logo_saiga_baseline_optimitzat.svg","contentUrl":"https:\/\/saiga.es\/wp-content\/uploads\/2025\/07\/logo_saiga_baseline_optimitzat.svg","caption":"SAIGA"},"image":{"@id":"https:\/\/saiga.es\/fr\/#\/schema\/logo\/image\/"},"sameAs":["https:\/\/x.com\/saiga_agro","https:\/\/www.instagram.com\/saiga_agro\/"]}]}},"_links":{"self":[{"href":"https:\/\/saiga.es\/fr\/wp-json\/wp\/v2\/product\/13783","targetHints":{"allow":["GET"]}}],"collection":[{"href":"https:\/\/saiga.es\/fr\/wp-json\/wp\/v2\/product"}],"about":[{"href":"https:\/\/saiga.es\/fr\/wp-json\/wp\/v2\/types\/product"}],"replies":[{"embeddable":true,"href":"https:\/\/saiga.es\/fr\/wp-json\/wp\/v2\/comments?post=13783"}],"wp:featuredmedia":[{"embeddable":true,"href":"https:\/\/saiga.es\/fr\/wp-json\/wp\/v2\/media\/12207"}],"wp:attachment":[{"href":"https:\/\/saiga.es\/fr\/wp-json\/wp\/v2\/media?parent=13783"}],"wp:term":[{"taxonomy":"product_brand","embeddable":true,"href":"https:\/\/saiga.es\/fr\/wp-json\/wp\/v2\/product_brand?post=13783"},{"taxonomy":"product_cat","embeddable":true,"href":"https:\/\/saiga.es\/fr\/wp-json\/wp\/v2\/product_cat?post=13783"},{"taxonomy":"product_tag","embeddable":true,"href":"https:\/\/saiga.es\/fr\/wp-json\/wp\/v2\/product_tag?post=13783"}],"curies":[{"name":"wp","href":"https:\/\/api.w.org\/{rel}","templated":true}]}}