{"id":13786,"date":"2023-12-07T14:52:17","date_gmt":"2023-12-07T14:52:17","guid":{"rendered":"https:\/\/botiga.saiga.es\/producte\/fil-de-coupe-silencieux-pour-debroussailleuse-spirale-20-mm\/"},"modified":"2023-12-07T14:52:17","modified_gmt":"2023-12-07T14:52:17","slug":"fil-de-coupe-silencieux-pour-debroussailleuse-spirale-20-mm","status":"publish","type":"product","link":"https:\/\/saiga.es\/fr\/produit\/fil-de-coupe-silencieux-pour-debroussailleuse-spirale-20-mm\/","title":{"rendered":"Fil de coupe silencieux pour d\u00e9broussailleuse spirale 2,0 mm"},"content":{"rendered":"<p>La ligne de coupe pour d\u00e9broussailleuse TRBL Silent est une ligne caract\u00e9ris\u00e9e par une forme en spirale unique, qui offre un travail silencieux et une efficacit\u00e9 \u00e9nerg\u00e9tique avec une faible r\u00e9sistance. Le fil de grand diam\u00e8tre de 2,0 mm produit jusqu&rsquo;\u00e0 50 % de r\u00e9duction du bruit tandis que la forme en spirale \u00e0 faible r\u00e9sistance augmente la vitesse de la t\u00eate de brosse, permettant souvent l&rsquo;utilisation de fils de plus grand diam\u00e8tre et d&rsquo;une plus grande puissance d&rsquo;impact. <\/p>\n","protected":false},"excerpt":{"rendered":"<p>La ligne de coupe pour d\u00e9broussailleuse TRBL Silent est une ligne caract\u00e9ris\u00e9e par une forme en spirale unique, qui offre un travail silencieux et une efficacit\u00e9 \u00e9nerg\u00e9tique avec une faible r\u00e9sistance.<\/p>\n","protected":false},"featured_media":13787,"comment_status":"closed","ping_status":"closed","template":"","meta":[],"product_brand":[],"product_cat":[434],"product_tag":[1795,940,942,1798,1797,1796,1799],"class_list":{"0":"post-13786","1":"product","2":"type-product","3":"status-publish","4":"has-post-thumbnail","6":"product_cat-des-pieces-de-rechange","7":"product_tag-debroussailleuse","8":"product_tag-debroussailleuse-metallique","9":"product_tag-fil-de-coupe","10":"product_tag-fil-de-coupe-en-spirale","11":"product_tag-fil-silencieux","12":"product_tag-piece-de-rechange","13":"product_tag-spirale","15":"first","16":"instock","17":"sale","18":"taxable","19":"shipping-taxable","20":"purchasable","21":"product-type-simple"},"yoast_head":"<!-- This site is optimized with the Yoast SEO plugin v27.4 - https:\/\/yoast.com\/product\/yoast-seo-wordpress\/ -->\n<title>Fil de coupe silencieux pour d\u00e9broussailleuse spirale 2,0 mm | SAIGA<\/title>\n<meta name=\"description\" content=\"Ligne de coupe silencieuse pour d\u00e9broussailleuse\" \/>\n<meta name=\"robots\" content=\"index, follow, max-snippet:-1, max-image-preview:large, max-video-preview:-1\" \/>\n<link rel=\"canonical\" href=\"https:\/\/saiga.es\/fr\/produit\/fil-de-coupe-silencieux-pour-debroussailleuse-spirale-20-mm\/\" \/>\n<meta property=\"og:locale\" content=\"fr_FR\" \/>\n<meta property=\"og:type\" content=\"article\" \/>\n<meta property=\"og:title\" content=\"Fil de coupe silencieux pour d\u00e9broussailleuse spirale 2,0 mm | SAIGA\" \/>\n<meta property=\"og:description\" content=\"Ligne de coupe silencieuse pour d\u00e9broussailleuse\" \/>\n<meta property=\"og:url\" content=\"https:\/\/saiga.es\/fr\/produit\/fil-de-coupe-silencieux-pour-debroussailleuse-spirale-20-mm\/\" \/>\n<meta property=\"og:site_name\" content=\"SAIGA\" \/>\n<meta property=\"og:image\" content=\"https:\/\/saiga.es\/wp-content\/uploads\/2023\/12\/espiral.jpg\" \/>\n\t<meta property=\"og:image:width\" content=\"1435\" \/>\n\t<meta property=\"og:image:height\" content=\"2009\" \/>\n\t<meta property=\"og:image:type\" content=\"image\/jpeg\" \/>\n<meta name=\"twitter:card\" content=\"summary_large_image\" \/>\n<meta name=\"twitter:site\" content=\"@saiga_agro\" \/>\n<script type=\"application\/ld+json\" class=\"yoast-schema-graph\">{\"@context\":\"https:\\\/\\\/schema.org\",\"@graph\":[{\"@type\":\"WebPage\",\"@id\":\"https:\\\/\\\/saiga.es\\\/fr\\\/produit\\\/fil-de-coupe-silencieux-pour-debroussailleuse-spirale-20-mm\\\/\",\"url\":\"https:\\\/\\\/saiga.es\\\/fr\\\/produit\\\/fil-de-coupe-silencieux-pour-debroussailleuse-spirale-20-mm\\\/\",\"name\":\"Fil de coupe silencieux pour d\u00e9broussailleuse spirale 2,0 mm | SAIGA\",\"isPartOf\":{\"@id\":\"https:\\\/\\\/saiga.es\\\/fr\\\/#website\"},\"primaryImageOfPage\":{\"@id\":\"https:\\\/\\\/saiga.es\\\/fr\\\/produit\\\/fil-de-coupe-silencieux-pour-debroussailleuse-spirale-20-mm\\\/#primaryimage\"},\"image\":{\"@id\":\"https:\\\/\\\/saiga.es\\\/fr\\\/produit\\\/fil-de-coupe-silencieux-pour-debroussailleuse-spirale-20-mm\\\/#primaryimage\"},\"thumbnailUrl\":\"https:\\\/\\\/saiga.es\\\/wp-content\\\/uploads\\\/2023\\\/12\\\/espiral.jpg\",\"datePublished\":\"2023-12-07T14:52:17+00:00\",\"description\":\"Ligne de coupe silencieuse pour d\u00e9broussailleuse\",\"breadcrumb\":{\"@id\":\"https:\\\/\\\/saiga.es\\\/fr\\\/produit\\\/fil-de-coupe-silencieux-pour-debroussailleuse-spirale-20-mm\\\/#breadcrumb\"},\"inLanguage\":\"fr-FR\",\"potentialAction\":[{\"@type\":\"ReadAction\",\"target\":[\"https:\\\/\\\/saiga.es\\\/fr\\\/produit\\\/fil-de-coupe-silencieux-pour-debroussailleuse-spirale-20-mm\\\/\"]}]},{\"@type\":\"ImageObject\",\"inLanguage\":\"fr-FR\",\"@id\":\"https:\\\/\\\/saiga.es\\\/fr\\\/produit\\\/fil-de-coupe-silencieux-pour-debroussailleuse-spirale-20-mm\\\/#primaryimage\",\"url\":\"https:\\\/\\\/saiga.es\\\/wp-content\\\/uploads\\\/2023\\\/12\\\/espiral.jpg\",\"contentUrl\":\"https:\\\/\\\/saiga.es\\\/wp-content\\\/uploads\\\/2023\\\/12\\\/espiral.jpg\",\"width\":1435,\"height\":2009},{\"@type\":\"BreadcrumbList\",\"@id\":\"https:\\\/\\\/saiga.es\\\/fr\\\/produit\\\/fil-de-coupe-silencieux-pour-debroussailleuse-spirale-20-mm\\\/#breadcrumb\",\"itemListElement\":[{\"@type\":\"ListItem\",\"position\":1,\"name\":\"Inici\",\"item\":\"https:\\\/\\\/saiga.es\\\/fr\\\/\"},{\"@type\":\"ListItem\",\"position\":2,\"name\":\"boutique\",\"item\":\"https:\\\/\\\/saiga.es\\\/fr\\\/boutique\\\/\"},{\"@type\":\"ListItem\",\"position\":3,\"name\":\"Fil de coupe silencieux pour d\u00e9broussailleuse spirale 2,0 mm\"}]},{\"@type\":\"WebSite\",\"@id\":\"https:\\\/\\\/saiga.es\\\/fr\\\/#website\",\"url\":\"https:\\\/\\\/saiga.es\\\/fr\\\/\",\"name\":\"SAIGA\",\"description\":\"M\u00e9s de 50 anys al servei de la terra i treballant per a un \u00fas eficient de l\u2019aigua!\",\"publisher\":{\"@id\":\"https:\\\/\\\/saiga.es\\\/fr\\\/#organization\"},\"potentialAction\":[{\"@type\":\"SearchAction\",\"target\":{\"@type\":\"EntryPoint\",\"urlTemplate\":\"https:\\\/\\\/saiga.es\\\/fr\\\/?s={search_term_string}\"},\"query-input\":{\"@type\":\"PropertyValueSpecification\",\"valueRequired\":true,\"valueName\":\"search_term_string\"}}],\"inLanguage\":\"fr-FR\"},{\"@type\":\"Organization\",\"@id\":\"https:\\\/\\\/saiga.es\\\/fr\\\/#organization\",\"name\":\"SAIGA\",\"url\":\"https:\\\/\\\/saiga.es\\\/fr\\\/\",\"logo\":{\"@type\":\"ImageObject\",\"inLanguage\":\"fr-FR\",\"@id\":\"https:\\\/\\\/saiga.es\\\/fr\\\/#\\\/schema\\\/logo\\\/image\\\/\",\"url\":\"https:\\\/\\\/saiga.es\\\/wp-content\\\/uploads\\\/2025\\\/07\\\/logo_saiga_baseline_optimitzat.svg\",\"contentUrl\":\"https:\\\/\\\/saiga.es\\\/wp-content\\\/uploads\\\/2025\\\/07\\\/logo_saiga_baseline_optimitzat.svg\",\"caption\":\"SAIGA\"},\"image\":{\"@id\":\"https:\\\/\\\/saiga.es\\\/fr\\\/#\\\/schema\\\/logo\\\/image\\\/\"},\"sameAs\":[\"https:\\\/\\\/x.com\\\/saiga_agro\",\"https:\\\/\\\/www.instagram.com\\\/saiga_agro\\\/\"]}]}<\/script>\n<!-- \/ Yoast SEO plugin. -->","yoast_head_json":{"title":"Fil de coupe silencieux pour d\u00e9broussailleuse spirale 2,0 mm | SAIGA","description":"Ligne de coupe silencieuse pour d\u00e9broussailleuse","robots":{"index":"index","follow":"follow","max-snippet":"max-snippet:-1","max-image-preview":"max-image-preview:large","max-video-preview":"max-video-preview:-1"},"canonical":"https:\/\/saiga.es\/fr\/produit\/fil-de-coupe-silencieux-pour-debroussailleuse-spirale-20-mm\/","og_locale":"fr_FR","og_type":"article","og_title":"Fil de coupe silencieux pour d\u00e9broussailleuse spirale 2,0 mm | SAIGA","og_description":"Ligne de coupe silencieuse pour d\u00e9broussailleuse","og_url":"https:\/\/saiga.es\/fr\/produit\/fil-de-coupe-silencieux-pour-debroussailleuse-spirale-20-mm\/","og_site_name":"SAIGA","og_image":[{"width":1435,"height":2009,"url":"https:\/\/saiga.es\/wp-content\/uploads\/2023\/12\/espiral.jpg","type":"image\/jpeg"}],"twitter_card":"summary_large_image","twitter_site":"@saiga_agro","schema":{"@context":"https:\/\/schema.org","@graph":[{"@type":"WebPage","@id":"https:\/\/saiga.es\/fr\/produit\/fil-de-coupe-silencieux-pour-debroussailleuse-spirale-20-mm\/","url":"https:\/\/saiga.es\/fr\/produit\/fil-de-coupe-silencieux-pour-debroussailleuse-spirale-20-mm\/","name":"Fil de coupe silencieux pour d\u00e9broussailleuse spirale 2,0 mm | SAIGA","isPartOf":{"@id":"https:\/\/saiga.es\/fr\/#website"},"primaryImageOfPage":{"@id":"https:\/\/saiga.es\/fr\/produit\/fil-de-coupe-silencieux-pour-debroussailleuse-spirale-20-mm\/#primaryimage"},"image":{"@id":"https:\/\/saiga.es\/fr\/produit\/fil-de-coupe-silencieux-pour-debroussailleuse-spirale-20-mm\/#primaryimage"},"thumbnailUrl":"https:\/\/saiga.es\/wp-content\/uploads\/2023\/12\/espiral.jpg","datePublished":"2023-12-07T14:52:17+00:00","description":"Ligne de coupe silencieuse pour d\u00e9broussailleuse","breadcrumb":{"@id":"https:\/\/saiga.es\/fr\/produit\/fil-de-coupe-silencieux-pour-debroussailleuse-spirale-20-mm\/#breadcrumb"},"inLanguage":"fr-FR","potentialAction":[{"@type":"ReadAction","target":["https:\/\/saiga.es\/fr\/produit\/fil-de-coupe-silencieux-pour-debroussailleuse-spirale-20-mm\/"]}]},{"@type":"ImageObject","inLanguage":"fr-FR","@id":"https:\/\/saiga.es\/fr\/produit\/fil-de-coupe-silencieux-pour-debroussailleuse-spirale-20-mm\/#primaryimage","url":"https:\/\/saiga.es\/wp-content\/uploads\/2023\/12\/espiral.jpg","contentUrl":"https:\/\/saiga.es\/wp-content\/uploads\/2023\/12\/espiral.jpg","width":1435,"height":2009},{"@type":"BreadcrumbList","@id":"https:\/\/saiga.es\/fr\/produit\/fil-de-coupe-silencieux-pour-debroussailleuse-spirale-20-mm\/#breadcrumb","itemListElement":[{"@type":"ListItem","position":1,"name":"Inici","item":"https:\/\/saiga.es\/fr\/"},{"@type":"ListItem","position":2,"name":"boutique","item":"https:\/\/saiga.es\/fr\/boutique\/"},{"@type":"ListItem","position":3,"name":"Fil de coupe silencieux pour d\u00e9broussailleuse spirale 2,0 mm"}]},{"@type":"WebSite","@id":"https:\/\/saiga.es\/fr\/#website","url":"https:\/\/saiga.es\/fr\/","name":"SAIGA","description":"M\u00e9s de 50 anys al servei de la terra i treballant per a un \u00fas eficient de l\u2019aigua!","publisher":{"@id":"https:\/\/saiga.es\/fr\/#organization"},"potentialAction":[{"@type":"SearchAction","target":{"@type":"EntryPoint","urlTemplate":"https:\/\/saiga.es\/fr\/?s={search_term_string}"},"query-input":{"@type":"PropertyValueSpecification","valueRequired":true,"valueName":"search_term_string"}}],"inLanguage":"fr-FR"},{"@type":"Organization","@id":"https:\/\/saiga.es\/fr\/#organization","name":"SAIGA","url":"https:\/\/saiga.es\/fr\/","logo":{"@type":"ImageObject","inLanguage":"fr-FR","@id":"https:\/\/saiga.es\/fr\/#\/schema\/logo\/image\/","url":"https:\/\/saiga.es\/wp-content\/uploads\/2025\/07\/logo_saiga_baseline_optimitzat.svg","contentUrl":"https:\/\/saiga.es\/wp-content\/uploads\/2025\/07\/logo_saiga_baseline_optimitzat.svg","caption":"SAIGA"},"image":{"@id":"https:\/\/saiga.es\/fr\/#\/schema\/logo\/image\/"},"sameAs":["https:\/\/x.com\/saiga_agro","https:\/\/www.instagram.com\/saiga_agro\/"]}]}},"_links":{"self":[{"href":"https:\/\/saiga.es\/fr\/wp-json\/wp\/v2\/product\/13786","targetHints":{"allow":["GET"]}}],"collection":[{"href":"https:\/\/saiga.es\/fr\/wp-json\/wp\/v2\/product"}],"about":[{"href":"https:\/\/saiga.es\/fr\/wp-json\/wp\/v2\/types\/product"}],"replies":[{"embeddable":true,"href":"https:\/\/saiga.es\/fr\/wp-json\/wp\/v2\/comments?post=13786"}],"wp:featuredmedia":[{"embeddable":true,"href":"https:\/\/saiga.es\/fr\/wp-json\/wp\/v2\/media\/13787"}],"wp:attachment":[{"href":"https:\/\/saiga.es\/fr\/wp-json\/wp\/v2\/media?parent=13786"}],"wp:term":[{"taxonomy":"product_brand","embeddable":true,"href":"https:\/\/saiga.es\/fr\/wp-json\/wp\/v2\/product_brand?post=13786"},{"taxonomy":"product_cat","embeddable":true,"href":"https:\/\/saiga.es\/fr\/wp-json\/wp\/v2\/product_cat?post=13786"},{"taxonomy":"product_tag","embeddable":true,"href":"https:\/\/saiga.es\/fr\/wp-json\/wp\/v2\/product_tag?post=13786"}],"curies":[{"name":"wp","href":"https:\/\/api.w.org\/{rel}","templated":true}]}}