{"id":13802,"date":"2025-01-10T14:44:49","date_gmt":"2025-01-10T14:44:49","guid":{"rendered":"https:\/\/botiga.saiga.es\/producte\/insecticide-killer-paint-contre-les-mouches\/"},"modified":"2025-06-15T18:07:53","modified_gmt":"2025-06-15T18:07:53","slug":"insecticide-killer-paint-contre-les-mouches","status":"publish","type":"product","link":"https:\/\/saiga.es\/fr\/produit\/insecticide-killer-paint-contre-les-mouches\/","title":{"rendered":"Insecticide Killer Paint contre les mouches"},"content":{"rendered":"<p>Killer Paint est un insecticide contre les mouches sous forme de granul\u00e9s \u00e0 m\u00e9langer avec de l&rsquo;eau id\u00e9al pour peindre au pinceau ou au pinceau ainsi que pour pulv\u00e9riser \u00e0 l&rsquo;aide d&rsquo;un sac \u00e0 dos sulfat\u00e9 ou d&rsquo;un pulv\u00e9risateur. Sa composition \u00e0 base d&rsquo;ac\u00e9tamipride \u00e0 10% p\/p s&rsquo;associe \u00e0 un attractif sexuel (Cis-9-tricos\u00e8ne) et \u00e0 des app\u00e2ts alimentaires tels que le saccharose et le lactose pour lutter contre les mouches nuisibles. Son utilisation est destin\u00e9e aux environnements d&rsquo;\u00e9levage, aux fermes, aux \u00e9curies ou aux \u00e9curies pour prot\u00e9ger les animaux domestiques des mouches.  <\/p>\n","protected":false},"excerpt":{"rendered":"<p>Killer Paint est un insecticide contre les mouches sous forme de granul\u00e9s \u00e0 m\u00e9langer avec de l&rsquo;eau, id\u00e9al pour peindre au pinceau ou au pinceau, ainsi que pour pulv\u00e9riser avec un sac sulfat\u00e9 ou un pulv\u00e9risateur.<\/p>\n","protected":false},"featured_media":13800,"comment_status":"open","ping_status":"closed","template":"","meta":[],"product_brand":[],"product_cat":[442],"product_tag":[891,1540],"class_list":{"0":"post-13802","1":"product","2":"type-product","3":"status-publish","4":"has-post-thumbnail","6":"product_cat-non-classe","7":"product_tag-insecticide","8":"product_tag-tapette-a-mouche","10":"first","11":"outofstock","12":"taxable","13":"shipping-taxable","14":"purchasable","15":"product-type-simple"},"yoast_head":"<!-- This site is optimized with the Yoast SEO plugin v27.4 - https:\/\/yoast.com\/product\/yoast-seo-wordpress\/ -->\n<title>Insecticide Killer Paint contre les mouches | SAIGA<\/title>\n<meta name=\"description\" content=\"Killer Paint est un insecticide contre les mouches sous forme de granul\u00e9s \u00e0 m\u00e9langer avec de l&#039;eau id\u00e9al pour peindre au pinceau ou au pinceau ainsi que pour pulv\u00e9riser \u00e0 l&#039;aide d&#039;un sac \u00e0 dos sulfat\u00e9 ou d&#039;un pulv\u00e9risateur.\" \/>\n<meta name=\"robots\" content=\"index, follow, max-snippet:-1, max-image-preview:large, max-video-preview:-1\" \/>\n<link rel=\"canonical\" href=\"https:\/\/saiga.es\/fr\/produit\/insecticide-killer-paint-contre-les-mouches\/\" \/>\n<meta property=\"og:locale\" content=\"fr_FR\" \/>\n<meta property=\"og:type\" content=\"article\" \/>\n<meta property=\"og:title\" content=\"Insecticide Killer Paint contre les mouches | SAIGA\" \/>\n<meta property=\"og:description\" content=\"Killer Paint est un insecticide contre les mouches sous forme de granul\u00e9s \u00e0 m\u00e9langer avec de l&#039;eau id\u00e9al pour peindre au pinceau ou au pinceau ainsi que pour pulv\u00e9riser \u00e0 l&#039;aide d&#039;un sac \u00e0 dos sulfat\u00e9 ou d&#039;un pulv\u00e9risateur.\" \/>\n<meta property=\"og:url\" content=\"https:\/\/saiga.es\/fr\/produit\/insecticide-killer-paint-contre-les-mouches\/\" \/>\n<meta property=\"og:site_name\" content=\"SAIGA\" \/>\n<meta property=\"article:modified_time\" content=\"2025-06-15T18:07:53+00:00\" \/>\n<meta property=\"og:image\" content=\"https:\/\/saiga.es\/wp-content\/uploads\/2025\/01\/Killer-Paint.jpg\" \/>\n\t<meta property=\"og:image:width\" content=\"1080\" \/>\n\t<meta property=\"og:image:height\" content=\"1080\" \/>\n\t<meta property=\"og:image:type\" content=\"image\/jpeg\" \/>\n<meta name=\"twitter:card\" content=\"summary_large_image\" \/>\n<meta name=\"twitter:site\" content=\"@saiga_agro\" \/>\n<script type=\"application\/ld+json\" class=\"yoast-schema-graph\">{\"@context\":\"https:\\\/\\\/schema.org\",\"@graph\":[{\"@type\":\"WebPage\",\"@id\":\"https:\\\/\\\/saiga.es\\\/fr\\\/produit\\\/insecticide-killer-paint-contre-les-mouches\\\/\",\"url\":\"https:\\\/\\\/saiga.es\\\/fr\\\/produit\\\/insecticide-killer-paint-contre-les-mouches\\\/\",\"name\":\"Insecticide Killer Paint contre les mouches | SAIGA\",\"isPartOf\":{\"@id\":\"https:\\\/\\\/saiga.es\\\/fr\\\/#website\"},\"primaryImageOfPage\":{\"@id\":\"https:\\\/\\\/saiga.es\\\/fr\\\/produit\\\/insecticide-killer-paint-contre-les-mouches\\\/#primaryimage\"},\"image\":{\"@id\":\"https:\\\/\\\/saiga.es\\\/fr\\\/produit\\\/insecticide-killer-paint-contre-les-mouches\\\/#primaryimage\"},\"thumbnailUrl\":\"https:\\\/\\\/saiga.es\\\/wp-content\\\/uploads\\\/2025\\\/01\\\/Killer-Paint.jpg\",\"datePublished\":\"2025-01-10T14:44:49+00:00\",\"dateModified\":\"2025-06-15T18:07:53+00:00\",\"description\":\"Killer Paint est un insecticide contre les mouches sous forme de granul\u00e9s \u00e0 m\u00e9langer avec de l'eau id\u00e9al pour peindre au pinceau ou au pinceau ainsi que pour pulv\u00e9riser \u00e0 l'aide d'un sac \u00e0 dos sulfat\u00e9 ou d'un pulv\u00e9risateur.\",\"breadcrumb\":{\"@id\":\"https:\\\/\\\/saiga.es\\\/fr\\\/produit\\\/insecticide-killer-paint-contre-les-mouches\\\/#breadcrumb\"},\"inLanguage\":\"fr-FR\",\"potentialAction\":[{\"@type\":\"ReadAction\",\"target\":[\"https:\\\/\\\/saiga.es\\\/fr\\\/produit\\\/insecticide-killer-paint-contre-les-mouches\\\/\"]}]},{\"@type\":\"ImageObject\",\"inLanguage\":\"fr-FR\",\"@id\":\"https:\\\/\\\/saiga.es\\\/fr\\\/produit\\\/insecticide-killer-paint-contre-les-mouches\\\/#primaryimage\",\"url\":\"https:\\\/\\\/saiga.es\\\/wp-content\\\/uploads\\\/2025\\\/01\\\/Killer-Paint.jpg\",\"contentUrl\":\"https:\\\/\\\/saiga.es\\\/wp-content\\\/uploads\\\/2025\\\/01\\\/Killer-Paint.jpg\",\"width\":1080,\"height\":1080,\"caption\":\"Killer Paint\"},{\"@type\":\"BreadcrumbList\",\"@id\":\"https:\\\/\\\/saiga.es\\\/fr\\\/produit\\\/insecticide-killer-paint-contre-les-mouches\\\/#breadcrumb\",\"itemListElement\":[{\"@type\":\"ListItem\",\"position\":1,\"name\":\"Inici\",\"item\":\"https:\\\/\\\/saiga.es\\\/fr\\\/\"},{\"@type\":\"ListItem\",\"position\":2,\"name\":\"boutique\",\"item\":\"https:\\\/\\\/saiga.es\\\/fr\\\/boutique\\\/\"},{\"@type\":\"ListItem\",\"position\":3,\"name\":\"Insecticide Killer Paint contre les mouches\"}]},{\"@type\":\"WebSite\",\"@id\":\"https:\\\/\\\/saiga.es\\\/fr\\\/#website\",\"url\":\"https:\\\/\\\/saiga.es\\\/fr\\\/\",\"name\":\"SAIGA\",\"description\":\"M\u00e9s de 50 anys al servei de la terra i treballant per a un \u00fas eficient de l\u2019aigua!\",\"publisher\":{\"@id\":\"https:\\\/\\\/saiga.es\\\/fr\\\/#organization\"},\"potentialAction\":[{\"@type\":\"SearchAction\",\"target\":{\"@type\":\"EntryPoint\",\"urlTemplate\":\"https:\\\/\\\/saiga.es\\\/fr\\\/?s={search_term_string}\"},\"query-input\":{\"@type\":\"PropertyValueSpecification\",\"valueRequired\":true,\"valueName\":\"search_term_string\"}}],\"inLanguage\":\"fr-FR\"},{\"@type\":\"Organization\",\"@id\":\"https:\\\/\\\/saiga.es\\\/fr\\\/#organization\",\"name\":\"SAIGA\",\"url\":\"https:\\\/\\\/saiga.es\\\/fr\\\/\",\"logo\":{\"@type\":\"ImageObject\",\"inLanguage\":\"fr-FR\",\"@id\":\"https:\\\/\\\/saiga.es\\\/fr\\\/#\\\/schema\\\/logo\\\/image\\\/\",\"url\":\"https:\\\/\\\/saiga.es\\\/wp-content\\\/uploads\\\/2025\\\/07\\\/logo_saiga_baseline_optimitzat.svg\",\"contentUrl\":\"https:\\\/\\\/saiga.es\\\/wp-content\\\/uploads\\\/2025\\\/07\\\/logo_saiga_baseline_optimitzat.svg\",\"caption\":\"SAIGA\"},\"image\":{\"@id\":\"https:\\\/\\\/saiga.es\\\/fr\\\/#\\\/schema\\\/logo\\\/image\\\/\"},\"sameAs\":[\"https:\\\/\\\/x.com\\\/saiga_agro\",\"https:\\\/\\\/www.instagram.com\\\/saiga_agro\\\/\"]}]}<\/script>\n<!-- \/ Yoast SEO plugin. -->","yoast_head_json":{"title":"Insecticide Killer Paint contre les mouches | SAIGA","description":"Killer Paint est un insecticide contre les mouches sous forme de granul\u00e9s \u00e0 m\u00e9langer avec de l'eau id\u00e9al pour peindre au pinceau ou au pinceau ainsi que pour pulv\u00e9riser \u00e0 l'aide d'un sac \u00e0 dos sulfat\u00e9 ou d'un pulv\u00e9risateur.","robots":{"index":"index","follow":"follow","max-snippet":"max-snippet:-1","max-image-preview":"max-image-preview:large","max-video-preview":"max-video-preview:-1"},"canonical":"https:\/\/saiga.es\/fr\/produit\/insecticide-killer-paint-contre-les-mouches\/","og_locale":"fr_FR","og_type":"article","og_title":"Insecticide Killer Paint contre les mouches | SAIGA","og_description":"Killer Paint est un insecticide contre les mouches sous forme de granul\u00e9s \u00e0 m\u00e9langer avec de l'eau id\u00e9al pour peindre au pinceau ou au pinceau ainsi que pour pulv\u00e9riser \u00e0 l'aide d'un sac \u00e0 dos sulfat\u00e9 ou d'un pulv\u00e9risateur.","og_url":"https:\/\/saiga.es\/fr\/produit\/insecticide-killer-paint-contre-les-mouches\/","og_site_name":"SAIGA","article_modified_time":"2025-06-15T18:07:53+00:00","og_image":[{"width":1080,"height":1080,"url":"https:\/\/saiga.es\/wp-content\/uploads\/2025\/01\/Killer-Paint.jpg","type":"image\/jpeg"}],"twitter_card":"summary_large_image","twitter_site":"@saiga_agro","schema":{"@context":"https:\/\/schema.org","@graph":[{"@type":"WebPage","@id":"https:\/\/saiga.es\/fr\/produit\/insecticide-killer-paint-contre-les-mouches\/","url":"https:\/\/saiga.es\/fr\/produit\/insecticide-killer-paint-contre-les-mouches\/","name":"Insecticide Killer Paint contre les mouches | SAIGA","isPartOf":{"@id":"https:\/\/saiga.es\/fr\/#website"},"primaryImageOfPage":{"@id":"https:\/\/saiga.es\/fr\/produit\/insecticide-killer-paint-contre-les-mouches\/#primaryimage"},"image":{"@id":"https:\/\/saiga.es\/fr\/produit\/insecticide-killer-paint-contre-les-mouches\/#primaryimage"},"thumbnailUrl":"https:\/\/saiga.es\/wp-content\/uploads\/2025\/01\/Killer-Paint.jpg","datePublished":"2025-01-10T14:44:49+00:00","dateModified":"2025-06-15T18:07:53+00:00","description":"Killer Paint est un insecticide contre les mouches sous forme de granul\u00e9s \u00e0 m\u00e9langer avec de l'eau id\u00e9al pour peindre au pinceau ou au pinceau ainsi que pour pulv\u00e9riser \u00e0 l'aide d'un sac \u00e0 dos sulfat\u00e9 ou d'un pulv\u00e9risateur.","breadcrumb":{"@id":"https:\/\/saiga.es\/fr\/produit\/insecticide-killer-paint-contre-les-mouches\/#breadcrumb"},"inLanguage":"fr-FR","potentialAction":[{"@type":"ReadAction","target":["https:\/\/saiga.es\/fr\/produit\/insecticide-killer-paint-contre-les-mouches\/"]}]},{"@type":"ImageObject","inLanguage":"fr-FR","@id":"https:\/\/saiga.es\/fr\/produit\/insecticide-killer-paint-contre-les-mouches\/#primaryimage","url":"https:\/\/saiga.es\/wp-content\/uploads\/2025\/01\/Killer-Paint.jpg","contentUrl":"https:\/\/saiga.es\/wp-content\/uploads\/2025\/01\/Killer-Paint.jpg","width":1080,"height":1080,"caption":"Killer Paint"},{"@type":"BreadcrumbList","@id":"https:\/\/saiga.es\/fr\/produit\/insecticide-killer-paint-contre-les-mouches\/#breadcrumb","itemListElement":[{"@type":"ListItem","position":1,"name":"Inici","item":"https:\/\/saiga.es\/fr\/"},{"@type":"ListItem","position":2,"name":"boutique","item":"https:\/\/saiga.es\/fr\/boutique\/"},{"@type":"ListItem","position":3,"name":"Insecticide Killer Paint contre les mouches"}]},{"@type":"WebSite","@id":"https:\/\/saiga.es\/fr\/#website","url":"https:\/\/saiga.es\/fr\/","name":"SAIGA","description":"M\u00e9s de 50 anys al servei de la terra i treballant per a un \u00fas eficient de l\u2019aigua!","publisher":{"@id":"https:\/\/saiga.es\/fr\/#organization"},"potentialAction":[{"@type":"SearchAction","target":{"@type":"EntryPoint","urlTemplate":"https:\/\/saiga.es\/fr\/?s={search_term_string}"},"query-input":{"@type":"PropertyValueSpecification","valueRequired":true,"valueName":"search_term_string"}}],"inLanguage":"fr-FR"},{"@type":"Organization","@id":"https:\/\/saiga.es\/fr\/#organization","name":"SAIGA","url":"https:\/\/saiga.es\/fr\/","logo":{"@type":"ImageObject","inLanguage":"fr-FR","@id":"https:\/\/saiga.es\/fr\/#\/schema\/logo\/image\/","url":"https:\/\/saiga.es\/wp-content\/uploads\/2025\/07\/logo_saiga_baseline_optimitzat.svg","contentUrl":"https:\/\/saiga.es\/wp-content\/uploads\/2025\/07\/logo_saiga_baseline_optimitzat.svg","caption":"SAIGA"},"image":{"@id":"https:\/\/saiga.es\/fr\/#\/schema\/logo\/image\/"},"sameAs":["https:\/\/x.com\/saiga_agro","https:\/\/www.instagram.com\/saiga_agro\/"]}]}},"_links":{"self":[{"href":"https:\/\/saiga.es\/fr\/wp-json\/wp\/v2\/product\/13802","targetHints":{"allow":["GET"]}}],"collection":[{"href":"https:\/\/saiga.es\/fr\/wp-json\/wp\/v2\/product"}],"about":[{"href":"https:\/\/saiga.es\/fr\/wp-json\/wp\/v2\/types\/product"}],"replies":[{"embeddable":true,"href":"https:\/\/saiga.es\/fr\/wp-json\/wp\/v2\/comments?post=13802"}],"wp:featuredmedia":[{"embeddable":true,"href":"https:\/\/saiga.es\/fr\/wp-json\/wp\/v2\/media\/13800"}],"wp:attachment":[{"href":"https:\/\/saiga.es\/fr\/wp-json\/wp\/v2\/media?parent=13802"}],"wp:term":[{"taxonomy":"product_brand","embeddable":true,"href":"https:\/\/saiga.es\/fr\/wp-json\/wp\/v2\/product_brand?post=13802"},{"taxonomy":"product_cat","embeddable":true,"href":"https:\/\/saiga.es\/fr\/wp-json\/wp\/v2\/product_cat?post=13802"},{"taxonomy":"product_tag","embeddable":true,"href":"https:\/\/saiga.es\/fr\/wp-json\/wp\/v2\/product_tag?post=13802"}],"curies":[{"name":"wp","href":"https:\/\/api.w.org\/{rel}","templated":true}]}}