{"id":13832,"date":"2024-03-07T11:36:42","date_gmt":"2024-03-07T11:36:42","guid":{"rendered":"https:\/\/botiga.saiga.es\/producte\/sur-les-vertus-du-chou\/"},"modified":"2024-03-07T11:36:42","modified_gmt":"2024-03-07T11:36:42","slug":"sur-les-vertus-du-chou","status":"publish","type":"product","link":"https:\/\/saiga.es\/fr\/produit\/sur-les-vertus-du-chou\/","title":{"rendered":"Sur les vertus du chou"},"content":{"rendered":"<p>\u00c0 propos des vertus de la choucroute Vari\u00e9t\u00e9 de taille moyenne. Grandes feuilles \u00e0 grosse ondulation, vert bleu\u00e2tre fonc\u00e9. Chou volumineux, compact, de forme l\u00e9g\u00e8rement ovale. La plante pr\u00e9sente une bonne r\u00e9sistance au froid.<\/p>\n","protected":false},"excerpt":{"rendered":"<p>\u00c0 propos des vertus de la choucroute Vari\u00e9t\u00e9 de taille moyenne. Grandes feuilles \u00e0 grosse ondulation, vert bleu\u00e2tre fonc\u00e9. Chou volumineux, compact, de forme l\u00e9g\u00e8rement ovale. La plante pr\u00e9sente une bonne r\u00e9sistance au froid.<\/p>\n","protected":false},"featured_media":8756,"comment_status":"open","ping_status":"closed","template":"","meta":[],"product_brand":[],"product_cat":[458],"product_tag":[],"class_list":{"0":"post-13832","1":"product","2":"type-product","3":"status-publish","4":"has-post-thumbnail","6":"product_cat-horticole","8":"first","9":"instock","10":"taxable","11":"shipping-taxable","12":"purchasable","13":"product-type-simple"},"yoast_head":"<!-- This site is optimized with the Yoast SEO plugin v27.4 - https:\/\/yoast.com\/product\/yoast-seo-wordpress\/ -->\n<title>Sur les vertus du chou | SAIGA<\/title>\n<meta name=\"description\" content=\"Vari\u00e9t\u00e9 de taille moyenne. Grandes feuilles \u00e0 grosse ondulation, vert bleu\u00e2tre fonc\u00e9. La plante pr\u00e9sente une bonne r\u00e9sistance au froid.\" \/>\n<meta name=\"robots\" content=\"index, follow, max-snippet:-1, max-image-preview:large, max-video-preview:-1\" \/>\n<link rel=\"canonical\" href=\"https:\/\/saiga.es\/fr\/produit\/sur-les-vertus-du-chou\/\" \/>\n<meta property=\"og:locale\" content=\"fr_FR\" \/>\n<meta property=\"og:type\" content=\"article\" \/>\n<meta property=\"og:title\" content=\"Sur les vertus du chou | SAIGA\" \/>\n<meta property=\"og:description\" content=\"Vari\u00e9t\u00e9 de taille moyenne. Grandes feuilles \u00e0 grosse ondulation, vert bleu\u00e2tre fonc\u00e9. La plante pr\u00e9sente une bonne r\u00e9sistance au froid.\" \/>\n<meta property=\"og:url\" content=\"https:\/\/saiga.es\/fr\/produit\/sur-les-vertus-du-chou\/\" \/>\n<meta property=\"og:site_name\" content=\"SAIGA\" \/>\n<meta property=\"og:image\" content=\"https:\/\/saiga.es\/wp-content\/uploads\/2024\/03\/col-milan-virtudes-3.jpg\" \/>\n\t<meta property=\"og:image:width\" content=\"500\" \/>\n\t<meta property=\"og:image:height\" content=\"720\" \/>\n\t<meta property=\"og:image:type\" content=\"image\/jpeg\" \/>\n<meta name=\"twitter:card\" content=\"summary_large_image\" \/>\n<meta name=\"twitter:site\" content=\"@saiga_agro\" \/>\n<script type=\"application\/ld+json\" class=\"yoast-schema-graph\">{\"@context\":\"https:\\\/\\\/schema.org\",\"@graph\":[{\"@type\":\"WebPage\",\"@id\":\"https:\\\/\\\/saiga.es\\\/fr\\\/produit\\\/sur-les-vertus-du-chou\\\/\",\"url\":\"https:\\\/\\\/saiga.es\\\/fr\\\/produit\\\/sur-les-vertus-du-chou\\\/\",\"name\":\"Sur les vertus du chou | SAIGA\",\"isPartOf\":{\"@id\":\"https:\\\/\\\/saiga.es\\\/fr\\\/#website\"},\"primaryImageOfPage\":{\"@id\":\"https:\\\/\\\/saiga.es\\\/fr\\\/produit\\\/sur-les-vertus-du-chou\\\/#primaryimage\"},\"image\":{\"@id\":\"https:\\\/\\\/saiga.es\\\/fr\\\/produit\\\/sur-les-vertus-du-chou\\\/#primaryimage\"},\"thumbnailUrl\":\"https:\\\/\\\/saiga.es\\\/wp-content\\\/uploads\\\/2024\\\/03\\\/col-milan-virtudes-3.jpg\",\"datePublished\":\"2024-03-07T11:36:42+00:00\",\"description\":\"Vari\u00e9t\u00e9 de taille moyenne. Grandes feuilles \u00e0 grosse ondulation, vert bleu\u00e2tre fonc\u00e9. La plante pr\u00e9sente une bonne r\u00e9sistance au froid.\",\"breadcrumb\":{\"@id\":\"https:\\\/\\\/saiga.es\\\/fr\\\/produit\\\/sur-les-vertus-du-chou\\\/#breadcrumb\"},\"inLanguage\":\"fr-FR\",\"potentialAction\":[{\"@type\":\"ReadAction\",\"target\":[\"https:\\\/\\\/saiga.es\\\/fr\\\/produit\\\/sur-les-vertus-du-chou\\\/\"]}]},{\"@type\":\"ImageObject\",\"inLanguage\":\"fr-FR\",\"@id\":\"https:\\\/\\\/saiga.es\\\/fr\\\/produit\\\/sur-les-vertus-du-chou\\\/#primaryimage\",\"url\":\"https:\\\/\\\/saiga.es\\\/wp-content\\\/uploads\\\/2024\\\/03\\\/col-milan-virtudes-3.jpg\",\"contentUrl\":\"https:\\\/\\\/saiga.es\\\/wp-content\\\/uploads\\\/2024\\\/03\\\/col-milan-virtudes-3.jpg\",\"width\":500,\"height\":720},{\"@type\":\"BreadcrumbList\",\"@id\":\"https:\\\/\\\/saiga.es\\\/fr\\\/produit\\\/sur-les-vertus-du-chou\\\/#breadcrumb\",\"itemListElement\":[{\"@type\":\"ListItem\",\"position\":1,\"name\":\"Inici\",\"item\":\"https:\\\/\\\/saiga.es\\\/fr\\\/\"},{\"@type\":\"ListItem\",\"position\":2,\"name\":\"boutique\",\"item\":\"https:\\\/\\\/saiga.es\\\/fr\\\/boutique\\\/\"},{\"@type\":\"ListItem\",\"position\":3,\"name\":\"Sur les vertus du chou\"}]},{\"@type\":\"WebSite\",\"@id\":\"https:\\\/\\\/saiga.es\\\/fr\\\/#website\",\"url\":\"https:\\\/\\\/saiga.es\\\/fr\\\/\",\"name\":\"SAIGA\",\"description\":\"M\u00e9s de 50 anys al servei de la terra i treballant per a un \u00fas eficient de l\u2019aigua!\",\"publisher\":{\"@id\":\"https:\\\/\\\/saiga.es\\\/fr\\\/#organization\"},\"potentialAction\":[{\"@type\":\"SearchAction\",\"target\":{\"@type\":\"EntryPoint\",\"urlTemplate\":\"https:\\\/\\\/saiga.es\\\/fr\\\/?s={search_term_string}\"},\"query-input\":{\"@type\":\"PropertyValueSpecification\",\"valueRequired\":true,\"valueName\":\"search_term_string\"}}],\"inLanguage\":\"fr-FR\"},{\"@type\":\"Organization\",\"@id\":\"https:\\\/\\\/saiga.es\\\/fr\\\/#organization\",\"name\":\"SAIGA\",\"url\":\"https:\\\/\\\/saiga.es\\\/fr\\\/\",\"logo\":{\"@type\":\"ImageObject\",\"inLanguage\":\"fr-FR\",\"@id\":\"https:\\\/\\\/saiga.es\\\/fr\\\/#\\\/schema\\\/logo\\\/image\\\/\",\"url\":\"https:\\\/\\\/saiga.es\\\/wp-content\\\/uploads\\\/2025\\\/07\\\/logo_saiga_baseline_optimitzat.svg\",\"contentUrl\":\"https:\\\/\\\/saiga.es\\\/wp-content\\\/uploads\\\/2025\\\/07\\\/logo_saiga_baseline_optimitzat.svg\",\"caption\":\"SAIGA\"},\"image\":{\"@id\":\"https:\\\/\\\/saiga.es\\\/fr\\\/#\\\/schema\\\/logo\\\/image\\\/\"},\"sameAs\":[\"https:\\\/\\\/x.com\\\/saiga_agro\",\"https:\\\/\\\/www.instagram.com\\\/saiga_agro\\\/\"]}]}<\/script>\n<!-- \/ Yoast SEO plugin. -->","yoast_head_json":{"title":"Sur les vertus du chou | SAIGA","description":"Vari\u00e9t\u00e9 de taille moyenne. Grandes feuilles \u00e0 grosse ondulation, vert bleu\u00e2tre fonc\u00e9. La plante pr\u00e9sente une bonne r\u00e9sistance au froid.","robots":{"index":"index","follow":"follow","max-snippet":"max-snippet:-1","max-image-preview":"max-image-preview:large","max-video-preview":"max-video-preview:-1"},"canonical":"https:\/\/saiga.es\/fr\/produit\/sur-les-vertus-du-chou\/","og_locale":"fr_FR","og_type":"article","og_title":"Sur les vertus du chou | SAIGA","og_description":"Vari\u00e9t\u00e9 de taille moyenne. Grandes feuilles \u00e0 grosse ondulation, vert bleu\u00e2tre fonc\u00e9. La plante pr\u00e9sente une bonne r\u00e9sistance au froid.","og_url":"https:\/\/saiga.es\/fr\/produit\/sur-les-vertus-du-chou\/","og_site_name":"SAIGA","og_image":[{"width":500,"height":720,"url":"https:\/\/saiga.es\/wp-content\/uploads\/2024\/03\/col-milan-virtudes-3.jpg","type":"image\/jpeg"}],"twitter_card":"summary_large_image","twitter_site":"@saiga_agro","schema":{"@context":"https:\/\/schema.org","@graph":[{"@type":"WebPage","@id":"https:\/\/saiga.es\/fr\/produit\/sur-les-vertus-du-chou\/","url":"https:\/\/saiga.es\/fr\/produit\/sur-les-vertus-du-chou\/","name":"Sur les vertus du chou | SAIGA","isPartOf":{"@id":"https:\/\/saiga.es\/fr\/#website"},"primaryImageOfPage":{"@id":"https:\/\/saiga.es\/fr\/produit\/sur-les-vertus-du-chou\/#primaryimage"},"image":{"@id":"https:\/\/saiga.es\/fr\/produit\/sur-les-vertus-du-chou\/#primaryimage"},"thumbnailUrl":"https:\/\/saiga.es\/wp-content\/uploads\/2024\/03\/col-milan-virtudes-3.jpg","datePublished":"2024-03-07T11:36:42+00:00","description":"Vari\u00e9t\u00e9 de taille moyenne. Grandes feuilles \u00e0 grosse ondulation, vert bleu\u00e2tre fonc\u00e9. La plante pr\u00e9sente une bonne r\u00e9sistance au froid.","breadcrumb":{"@id":"https:\/\/saiga.es\/fr\/produit\/sur-les-vertus-du-chou\/#breadcrumb"},"inLanguage":"fr-FR","potentialAction":[{"@type":"ReadAction","target":["https:\/\/saiga.es\/fr\/produit\/sur-les-vertus-du-chou\/"]}]},{"@type":"ImageObject","inLanguage":"fr-FR","@id":"https:\/\/saiga.es\/fr\/produit\/sur-les-vertus-du-chou\/#primaryimage","url":"https:\/\/saiga.es\/wp-content\/uploads\/2024\/03\/col-milan-virtudes-3.jpg","contentUrl":"https:\/\/saiga.es\/wp-content\/uploads\/2024\/03\/col-milan-virtudes-3.jpg","width":500,"height":720},{"@type":"BreadcrumbList","@id":"https:\/\/saiga.es\/fr\/produit\/sur-les-vertus-du-chou\/#breadcrumb","itemListElement":[{"@type":"ListItem","position":1,"name":"Inici","item":"https:\/\/saiga.es\/fr\/"},{"@type":"ListItem","position":2,"name":"boutique","item":"https:\/\/saiga.es\/fr\/boutique\/"},{"@type":"ListItem","position":3,"name":"Sur les vertus du chou"}]},{"@type":"WebSite","@id":"https:\/\/saiga.es\/fr\/#website","url":"https:\/\/saiga.es\/fr\/","name":"SAIGA","description":"M\u00e9s de 50 anys al servei de la terra i treballant per a un \u00fas eficient de l\u2019aigua!","publisher":{"@id":"https:\/\/saiga.es\/fr\/#organization"},"potentialAction":[{"@type":"SearchAction","target":{"@type":"EntryPoint","urlTemplate":"https:\/\/saiga.es\/fr\/?s={search_term_string}"},"query-input":{"@type":"PropertyValueSpecification","valueRequired":true,"valueName":"search_term_string"}}],"inLanguage":"fr-FR"},{"@type":"Organization","@id":"https:\/\/saiga.es\/fr\/#organization","name":"SAIGA","url":"https:\/\/saiga.es\/fr\/","logo":{"@type":"ImageObject","inLanguage":"fr-FR","@id":"https:\/\/saiga.es\/fr\/#\/schema\/logo\/image\/","url":"https:\/\/saiga.es\/wp-content\/uploads\/2025\/07\/logo_saiga_baseline_optimitzat.svg","contentUrl":"https:\/\/saiga.es\/wp-content\/uploads\/2025\/07\/logo_saiga_baseline_optimitzat.svg","caption":"SAIGA"},"image":{"@id":"https:\/\/saiga.es\/fr\/#\/schema\/logo\/image\/"},"sameAs":["https:\/\/x.com\/saiga_agro","https:\/\/www.instagram.com\/saiga_agro\/"]}]}},"_links":{"self":[{"href":"https:\/\/saiga.es\/fr\/wp-json\/wp\/v2\/product\/13832","targetHints":{"allow":["GET"]}}],"collection":[{"href":"https:\/\/saiga.es\/fr\/wp-json\/wp\/v2\/product"}],"about":[{"href":"https:\/\/saiga.es\/fr\/wp-json\/wp\/v2\/types\/product"}],"replies":[{"embeddable":true,"href":"https:\/\/saiga.es\/fr\/wp-json\/wp\/v2\/comments?post=13832"}],"wp:featuredmedia":[{"embeddable":true,"href":"https:\/\/saiga.es\/fr\/wp-json\/wp\/v2\/media\/8756"}],"wp:attachment":[{"href":"https:\/\/saiga.es\/fr\/wp-json\/wp\/v2\/media?parent=13832"}],"wp:term":[{"taxonomy":"product_brand","embeddable":true,"href":"https:\/\/saiga.es\/fr\/wp-json\/wp\/v2\/product_brand?post=13832"},{"taxonomy":"product_cat","embeddable":true,"href":"https:\/\/saiga.es\/fr\/wp-json\/wp\/v2\/product_cat?post=13832"},{"taxonomy":"product_tag","embeddable":true,"href":"https:\/\/saiga.es\/fr\/wp-json\/wp\/v2\/product_tag?post=13832"}],"curies":[{"name":"wp","href":"https:\/\/api.w.org\/{rel}","templated":true}]}}